{"id":8405,"date":"2023-11-01T20:22:49","date_gmt":"2023-11-01T20:22:49","guid":{"rendered":"https:\/\/abaa.mx\/tienda\/?post_type=product&#038;p=8405"},"modified":"2023-11-01T20:22:49","modified_gmt":"2023-11-01T20:22:49","slug":"micrometro-electronico-0-1-548150012","status":"publish","type":"product","link":"https:\/\/abaa.mx\/tienda\/micrometro-electronico-0-1-548150012\/","title":{"rendered":"Micr\u00f3metro Electr\u00f3nico 0-1&#8243; &#8211; 548150012"},"content":{"rendered":"<p>Micr\u00f3metro Electr\u00f3nico 0-1&#8243; &#8211; 548150012<\/p>\n","protected":false},"excerpt":{"rendered":"<h3>Caracter\u00edsticas:<\/h3>\n<ul>\n<li>Resoluci\u00f3n: 0.00005 &#8220;\/. 001mm<\/li>\n<li>Protegido seg\u00fan las especificaciones IP54<\/li>\n<li>Precisi\u00f3n: \u00b1 0.00016<\/li>\n<li>Resoluci\u00f3n: .00005 &#8220;\/ .001mm<\/li>\n<li>Gran pantalla LCD<\/li>\n<li>Los tama\u00f1os de m\u00e1s de 1 &#8220;\/ 25 mm incluyen est\u00e1ndar<\/li>\n<li>Rango: 0-1 &#8220;\/ 0-25 mm<\/li>\n<li>caras de medici\u00f3n de carburo<\/li>\n<li>modos absolutos y incrementales<\/li>\n<li>Salida RS232 directa<\/li>\n<li>Dise\u00f1o de acero resistente<\/li>\n<li>Apagado autom\u00e1tico<\/li>\n<\/ul>\n","protected":false},"featured_media":8406,"comment_status":"open","ping_status":"closed","template":"","meta":{"_joinchat":[]},"product_brand":[],"product_cat":[101],"product_tag":[],"class_list":{"0":"post-8405","1":"product","2":"type-product","3":"status-publish","4":"has-post-thumbnail","6":"product_cat-micrometros","8":"first","9":"instock","10":"shipping-taxable","11":"product-type-simple"},"yoast_head":"<!-- This site is optimized with the Yoast SEO plugin v26.4 - https:\/\/yoast.com\/wordpress\/plugins\/seo\/ -->\n<title>Micr\u00f3metro Electr\u00f3nico 0-1&quot; - 548150012 - Abaa tienda online<\/title>\n<meta name=\"robots\" content=\"index, follow, max-snippet:-1, max-image-preview:large, max-video-preview:-1\" \/>\n<link rel=\"canonical\" href=\"https:\/\/abaa.mx\/tienda\/micrometro-electronico-0-1-548150012\/\" \/>\n<meta property=\"og:locale\" content=\"es_MX\" \/>\n<meta property=\"og:type\" content=\"article\" \/>\n<meta property=\"og:title\" content=\"Micr\u00f3metro Electr\u00f3nico 0-1&quot; - 548150012 - Abaa tienda online\" \/>\n<meta property=\"og:description\" content=\"Caracter\u00edsticas:   Resoluci\u00f3n: 0.00005 &quot;\/. 001mm  Protegido seg\u00fan las especificaciones IP54  Precisi\u00f3n: \u00b1 0.00016  Resoluci\u00f3n: .00005 &quot;\/ .001mm  Gran pantalla LCD  Los tama\u00f1os de m\u00e1s de 1 &quot;\/ 25 mm incluyen est\u00e1ndar  Rango: 0-1 &quot;\/ 0-25 mm  caras de medici\u00f3n de carburo  modos absolutos y incrementales  Salida RS232 directa  Dise\u00f1o de acero resistente  Apagado autom\u00e1tico\" \/>\n<meta property=\"og:url\" content=\"https:\/\/abaa.mx\/tienda\/micrometro-electronico-0-1-548150012\/\" \/>\n<meta property=\"og:site_name\" content=\"Abaa tienda online\" \/>\n<meta property=\"og:image\" content=\"https:\/\/abaa.mx\/tienda\/wp-content\/uploads\/2023\/11\/FLOWER-548150012.jpg\" \/>\n\t<meta property=\"og:image:width\" content=\"632\" \/>\n\t<meta property=\"og:image:height\" content=\"314\" \/>\n\t<meta property=\"og:image:type\" content=\"image\/jpeg\" \/>\n<meta name=\"twitter:card\" content=\"summary_large_image\" \/>\n<meta name=\"twitter:label1\" content=\"Tiempo de lectura\" \/>\n\t<meta name=\"twitter:data1\" content=\"1 minuto\" \/>\n<script type=\"application\/ld+json\" class=\"yoast-schema-graph\">{\"@context\":\"https:\/\/schema.org\",\"@graph\":[{\"@type\":\"WebPage\",\"@id\":\"https:\/\/abaa.mx\/tienda\/micrometro-electronico-0-1-548150012\/\",\"url\":\"https:\/\/abaa.mx\/tienda\/micrometro-electronico-0-1-548150012\/\",\"name\":\"Micr\u00f3metro Electr\u00f3nico 0-1\\\" - 548150012 - Abaa tienda online\",\"isPartOf\":{\"@id\":\"https:\/\/abaa.mx\/tienda\/#website\"},\"primaryImageOfPage\":{\"@id\":\"https:\/\/abaa.mx\/tienda\/micrometro-electronico-0-1-548150012\/#primaryimage\"},\"image\":{\"@id\":\"https:\/\/abaa.mx\/tienda\/micrometro-electronico-0-1-548150012\/#primaryimage\"},\"thumbnailUrl\":\"https:\/\/abaa.mx\/tienda\/wp-content\/uploads\/2023\/11\/FLOWER-548150012.jpg\",\"datePublished\":\"2023-11-01T20:22:49+00:00\",\"breadcrumb\":{\"@id\":\"https:\/\/abaa.mx\/tienda\/micrometro-electronico-0-1-548150012\/#breadcrumb\"},\"inLanguage\":\"es\",\"potentialAction\":[{\"@type\":\"ReadAction\",\"target\":[\"https:\/\/abaa.mx\/tienda\/micrometro-electronico-0-1-548150012\/\"]}]},{\"@type\":\"ImageObject\",\"inLanguage\":\"es\",\"@id\":\"https:\/\/abaa.mx\/tienda\/micrometro-electronico-0-1-548150012\/#primaryimage\",\"url\":\"https:\/\/abaa.mx\/tienda\/wp-content\/uploads\/2023\/11\/FLOWER-548150012.jpg\",\"contentUrl\":\"https:\/\/abaa.mx\/tienda\/wp-content\/uploads\/2023\/11\/FLOWER-548150012.jpg\",\"width\":632,\"height\":314,\"caption\":\"FLOWER-548150012\"},{\"@type\":\"BreadcrumbList\",\"@id\":\"https:\/\/abaa.mx\/tienda\/micrometro-electronico-0-1-548150012\/#breadcrumb\",\"itemListElement\":[{\"@type\":\"ListItem\",\"position\":1,\"name\":\"Inicio\",\"item\":\"https:\/\/abaa.mx\/tienda\/\"},{\"@type\":\"ListItem\",\"position\":2,\"name\":\"Tienda\",\"item\":\"https:\/\/abaa.mx\/tienda\/\"},{\"@type\":\"ListItem\",\"position\":3,\"name\":\"Micr\u00f3metro Electr\u00f3nico 0-1&#8243; &#8211; 548150012\"}]},{\"@type\":\"WebSite\",\"@id\":\"https:\/\/abaa.mx\/tienda\/#website\",\"url\":\"https:\/\/abaa.mx\/tienda\/\",\"name\":\"Abaa tienda online\",\"description\":\"Instrumentos de medici\u00f3n\",\"publisher\":{\"@id\":\"https:\/\/abaa.mx\/tienda\/#organization\"},\"potentialAction\":[{\"@type\":\"SearchAction\",\"target\":{\"@type\":\"EntryPoint\",\"urlTemplate\":\"https:\/\/abaa.mx\/tienda\/?s={search_term_string}\"},\"query-input\":{\"@type\":\"PropertyValueSpecification\",\"valueRequired\":true,\"valueName\":\"search_term_string\"}}],\"inLanguage\":\"es\"},{\"@type\":\"Organization\",\"@id\":\"https:\/\/abaa.mx\/tienda\/#organization\",\"name\":\"Abaa tienda online\",\"url\":\"https:\/\/abaa.mx\/tienda\/\",\"logo\":{\"@type\":\"ImageObject\",\"inLanguage\":\"es\",\"@id\":\"https:\/\/abaa.mx\/tienda\/#\/schema\/logo\/image\/\",\"url\":\"https:\/\/abaa.mx\/tienda\/wp-content\/uploads\/2024\/01\/abaa-metrologia-tienda.png\",\"contentUrl\":\"https:\/\/abaa.mx\/tienda\/wp-content\/uploads\/2024\/01\/abaa-metrologia-tienda.png\",\"width\":300,\"height\":141,\"caption\":\"Abaa tienda online\"},\"image\":{\"@id\":\"https:\/\/abaa.mx\/tienda\/#\/schema\/logo\/image\/\"}}]}<\/script>\n<!-- \/ Yoast SEO plugin. -->","yoast_head_json":{"title":"Micr\u00f3metro Electr\u00f3nico 0-1\" - 548150012 - Abaa tienda online","robots":{"index":"index","follow":"follow","max-snippet":"max-snippet:-1","max-image-preview":"max-image-preview:large","max-video-preview":"max-video-preview:-1"},"canonical":"https:\/\/abaa.mx\/tienda\/micrometro-electronico-0-1-548150012\/","og_locale":"es_MX","og_type":"article","og_title":"Micr\u00f3metro Electr\u00f3nico 0-1\" - 548150012 - Abaa tienda online","og_description":"Caracter\u00edsticas:   Resoluci\u00f3n: 0.00005 \"\/. 001mm  Protegido seg\u00fan las especificaciones IP54  Precisi\u00f3n: \u00b1 0.00016  Resoluci\u00f3n: .00005 \"\/ .001mm  Gran pantalla LCD  Los tama\u00f1os de m\u00e1s de 1 \"\/ 25 mm incluyen est\u00e1ndar  Rango: 0-1 \"\/ 0-25 mm  caras de medici\u00f3n de carburo  modos absolutos y incrementales  Salida RS232 directa  Dise\u00f1o de acero resistente  Apagado autom\u00e1tico","og_url":"https:\/\/abaa.mx\/tienda\/micrometro-electronico-0-1-548150012\/","og_site_name":"Abaa tienda online","og_image":[{"width":632,"height":314,"url":"https:\/\/abaa.mx\/tienda\/wp-content\/uploads\/2023\/11\/FLOWER-548150012.jpg","type":"image\/jpeg"}],"twitter_card":"summary_large_image","twitter_misc":{"Tiempo de lectura":"1 minuto"},"schema":{"@context":"https:\/\/schema.org","@graph":[{"@type":"WebPage","@id":"https:\/\/abaa.mx\/tienda\/micrometro-electronico-0-1-548150012\/","url":"https:\/\/abaa.mx\/tienda\/micrometro-electronico-0-1-548150012\/","name":"Micr\u00f3metro Electr\u00f3nico 0-1\" - 548150012 - Abaa tienda online","isPartOf":{"@id":"https:\/\/abaa.mx\/tienda\/#website"},"primaryImageOfPage":{"@id":"https:\/\/abaa.mx\/tienda\/micrometro-electronico-0-1-548150012\/#primaryimage"},"image":{"@id":"https:\/\/abaa.mx\/tienda\/micrometro-electronico-0-1-548150012\/#primaryimage"},"thumbnailUrl":"https:\/\/abaa.mx\/tienda\/wp-content\/uploads\/2023\/11\/FLOWER-548150012.jpg","datePublished":"2023-11-01T20:22:49+00:00","breadcrumb":{"@id":"https:\/\/abaa.mx\/tienda\/micrometro-electronico-0-1-548150012\/#breadcrumb"},"inLanguage":"es","potentialAction":[{"@type":"ReadAction","target":["https:\/\/abaa.mx\/tienda\/micrometro-electronico-0-1-548150012\/"]}]},{"@type":"ImageObject","inLanguage":"es","@id":"https:\/\/abaa.mx\/tienda\/micrometro-electronico-0-1-548150012\/#primaryimage","url":"https:\/\/abaa.mx\/tienda\/wp-content\/uploads\/2023\/11\/FLOWER-548150012.jpg","contentUrl":"https:\/\/abaa.mx\/tienda\/wp-content\/uploads\/2023\/11\/FLOWER-548150012.jpg","width":632,"height":314,"caption":"FLOWER-548150012"},{"@type":"BreadcrumbList","@id":"https:\/\/abaa.mx\/tienda\/micrometro-electronico-0-1-548150012\/#breadcrumb","itemListElement":[{"@type":"ListItem","position":1,"name":"Inicio","item":"https:\/\/abaa.mx\/tienda\/"},{"@type":"ListItem","position":2,"name":"Tienda","item":"https:\/\/abaa.mx\/tienda\/"},{"@type":"ListItem","position":3,"name":"Micr\u00f3metro Electr\u00f3nico 0-1&#8243; &#8211; 548150012"}]},{"@type":"WebSite","@id":"https:\/\/abaa.mx\/tienda\/#website","url":"https:\/\/abaa.mx\/tienda\/","name":"Abaa tienda online","description":"Instrumentos de medici\u00f3n","publisher":{"@id":"https:\/\/abaa.mx\/tienda\/#organization"},"potentialAction":[{"@type":"SearchAction","target":{"@type":"EntryPoint","urlTemplate":"https:\/\/abaa.mx\/tienda\/?s={search_term_string}"},"query-input":{"@type":"PropertyValueSpecification","valueRequired":true,"valueName":"search_term_string"}}],"inLanguage":"es"},{"@type":"Organization","@id":"https:\/\/abaa.mx\/tienda\/#organization","name":"Abaa tienda online","url":"https:\/\/abaa.mx\/tienda\/","logo":{"@type":"ImageObject","inLanguage":"es","@id":"https:\/\/abaa.mx\/tienda\/#\/schema\/logo\/image\/","url":"https:\/\/abaa.mx\/tienda\/wp-content\/uploads\/2024\/01\/abaa-metrologia-tienda.png","contentUrl":"https:\/\/abaa.mx\/tienda\/wp-content\/uploads\/2024\/01\/abaa-metrologia-tienda.png","width":300,"height":141,"caption":"Abaa tienda online"},"image":{"@id":"https:\/\/abaa.mx\/tienda\/#\/schema\/logo\/image\/"}}]}},"_links":{"self":[{"href":"https:\/\/abaa.mx\/tienda\/wp-json\/wp\/v2\/product\/8405","targetHints":{"allow":["GET"]}}],"collection":[{"href":"https:\/\/abaa.mx\/tienda\/wp-json\/wp\/v2\/product"}],"about":[{"href":"https:\/\/abaa.mx\/tienda\/wp-json\/wp\/v2\/types\/product"}],"replies":[{"embeddable":true,"href":"https:\/\/abaa.mx\/tienda\/wp-json\/wp\/v2\/comments?post=8405"}],"wp:featuredmedia":[{"embeddable":true,"href":"https:\/\/abaa.mx\/tienda\/wp-json\/wp\/v2\/media\/8406"}],"wp:attachment":[{"href":"https:\/\/abaa.mx\/tienda\/wp-json\/wp\/v2\/media?parent=8405"}],"wp:term":[{"taxonomy":"product_brand","embeddable":true,"href":"https:\/\/abaa.mx\/tienda\/wp-json\/wp\/v2\/product_brand?post=8405"},{"taxonomy":"product_cat","embeddable":true,"href":"https:\/\/abaa.mx\/tienda\/wp-json\/wp\/v2\/product_cat?post=8405"},{"taxonomy":"product_tag","embeddable":true,"href":"https:\/\/abaa.mx\/tienda\/wp-json\/wp\/v2\/product_tag?post=8405"}],"curies":[{"name":"wp","href":"https:\/\/api.w.org\/{rel}","templated":true}]}}