{"id":8401,"date":"2023-12-12T16:22:33","date_gmt":"2023-12-12T16:22:33","guid":{"rendered":"https:\/\/abaa.mx\/tienda\/?post_type=product&#038;p=8401"},"modified":"2023-12-12T16:22:33","modified_gmt":"2023-12-12T16:22:33","slug":"uv505-luxometro-de-bolsillo-de-luz-uv-naturaly-artificial","status":"publish","type":"product","link":"https:\/\/abaa.mx\/tienda\/uv505-luxometro-de-bolsillo-de-luz-uv-naturaly-artificial\/","title":{"rendered":"Uv505 \u2014 luxometro de bolsillo de luz uv naturaly artificial"},"content":{"rendered":"<p>&nbsp;<\/p>\n<p>Uv505 \u2014 luxometro de bolsillo de luz uv naturaly artificial<\/p>\n","protected":false},"excerpt":{"rendered":"<h4><\/h4>\n<p><strong>Caracter\u00edsticas<\/strong>:<\/p>\n<ul id=\"features\">\n<li><span>Rango de longitud de onda del sensor 290 a 390nm.<\/span><\/li>\n<li><span>El sensor UV con correcci\u00f3n de coseno mide la irradiancia de fuentes. de luz UV-AB de hasta 40,00 mW\/cm\u00b2.<\/span><\/li>\n<li><span>LCD retroiluminado para una f\u00e1cil visualizaci\u00f3n.<\/span><\/li>\n<li><span>Funci\u00f3n cero.<\/span><\/li>\n<li><span>La retenci\u00f3n de datos congela la lectura actual en la pantalla.<\/span><\/li>\n<li><span>Montura de tr\u00edpode (el tr\u00edpode TR100 opcional se vende por separado).<\/span><\/li>\n<li><span>Completo con dos pilas AAA y una bolsa.<\/span><\/li>\n<\/ul>\n","protected":false},"featured_media":9753,"comment_status":"open","ping_status":"closed","template":"","meta":{"_joinchat":[]},"product_brand":[],"product_cat":[15],"product_tag":[],"class_list":{"0":"post-8401","1":"product","2":"type-product","3":"status-publish","4":"has-post-thumbnail","6":"product_cat-sin-categorizar","8":"first","9":"instock","10":"shipping-taxable","11":"product-type-simple"},"yoast_head":"<!-- This site is optimized with the Yoast SEO plugin v26.4 - https:\/\/yoast.com\/wordpress\/plugins\/seo\/ -->\n<title>Uv505 \u2014 luxometro de bolsillo de luz uv naturaly artificial - Abaa tienda online<\/title>\n<meta name=\"robots\" content=\"index, follow, max-snippet:-1, max-image-preview:large, max-video-preview:-1\" \/>\n<link rel=\"canonical\" href=\"https:\/\/abaa.mx\/tienda\/uv505-luxometro-de-bolsillo-de-luz-uv-naturaly-artificial\/\" \/>\n<meta property=\"og:locale\" content=\"es_MX\" \/>\n<meta property=\"og:type\" content=\"article\" \/>\n<meta property=\"og:title\" content=\"Uv505 \u2014 luxometro de bolsillo de luz uv naturaly artificial - Abaa tienda online\" \/>\n<meta property=\"og:description\" content=\"Caracter\u00edsticas:   Rango de longitud de onda del sensor 290 a 390nm.  El sensor UV con correcci\u00f3n de coseno mide la irradiancia de fuentes. de luz UV-AB de hasta 40,00 mW\/cm\u00b2.  LCD retroiluminado para una f\u00e1cil visualizaci\u00f3n.  Funci\u00f3n cero.  La retenci\u00f3n de datos congela la lectura actual en la pantalla.  Montura de tr\u00edpode (el tr\u00edpode TR100 opcional se vende por separado).  Completo con dos pilas AAA y una bolsa.\" \/>\n<meta property=\"og:url\" content=\"https:\/\/abaa.mx\/tienda\/uv505-luxometro-de-bolsillo-de-luz-uv-naturaly-artificial\/\" \/>\n<meta property=\"og:site_name\" content=\"Abaa tienda online\" \/>\n<meta property=\"og:image\" content=\"https:\/\/abaa.mx\/tienda\/wp-content\/uploads\/2023\/12\/Uv505-\u2014-luxometro.jpg\" \/>\n\t<meta property=\"og:image:width\" content=\"1024\" \/>\n\t<meta property=\"og:image:height\" content=\"1024\" \/>\n\t<meta property=\"og:image:type\" content=\"image\/jpeg\" \/>\n<meta name=\"twitter:card\" content=\"summary_large_image\" \/>\n<meta name=\"twitter:label1\" content=\"Tiempo de lectura\" \/>\n\t<meta name=\"twitter:data1\" content=\"1 minuto\" \/>\n<script type=\"application\/ld+json\" class=\"yoast-schema-graph\">{\"@context\":\"https:\/\/schema.org\",\"@graph\":[{\"@type\":\"WebPage\",\"@id\":\"https:\/\/abaa.mx\/tienda\/uv505-luxometro-de-bolsillo-de-luz-uv-naturaly-artificial\/\",\"url\":\"https:\/\/abaa.mx\/tienda\/uv505-luxometro-de-bolsillo-de-luz-uv-naturaly-artificial\/\",\"name\":\"Uv505 \u2014 luxometro de bolsillo de luz uv naturaly artificial - Abaa tienda online\",\"isPartOf\":{\"@id\":\"https:\/\/abaa.mx\/tienda\/#website\"},\"primaryImageOfPage\":{\"@id\":\"https:\/\/abaa.mx\/tienda\/uv505-luxometro-de-bolsillo-de-luz-uv-naturaly-artificial\/#primaryimage\"},\"image\":{\"@id\":\"https:\/\/abaa.mx\/tienda\/uv505-luxometro-de-bolsillo-de-luz-uv-naturaly-artificial\/#primaryimage\"},\"thumbnailUrl\":\"https:\/\/abaa.mx\/tienda\/wp-content\/uploads\/2023\/12\/Uv505-\u2014-luxometro.jpg\",\"datePublished\":\"2023-12-12T16:22:33+00:00\",\"breadcrumb\":{\"@id\":\"https:\/\/abaa.mx\/tienda\/uv505-luxometro-de-bolsillo-de-luz-uv-naturaly-artificial\/#breadcrumb\"},\"inLanguage\":\"es\",\"potentialAction\":[{\"@type\":\"ReadAction\",\"target\":[\"https:\/\/abaa.mx\/tienda\/uv505-luxometro-de-bolsillo-de-luz-uv-naturaly-artificial\/\"]}]},{\"@type\":\"ImageObject\",\"inLanguage\":\"es\",\"@id\":\"https:\/\/abaa.mx\/tienda\/uv505-luxometro-de-bolsillo-de-luz-uv-naturaly-artificial\/#primaryimage\",\"url\":\"https:\/\/abaa.mx\/tienda\/wp-content\/uploads\/2023\/12\/Uv505-\u2014-luxometro.jpg\",\"contentUrl\":\"https:\/\/abaa.mx\/tienda\/wp-content\/uploads\/2023\/12\/Uv505-\u2014-luxometro.jpg\",\"width\":1024,\"height\":1024,\"caption\":\"Uv505 \u2014 lux\u00f3metro\"},{\"@type\":\"BreadcrumbList\",\"@id\":\"https:\/\/abaa.mx\/tienda\/uv505-luxometro-de-bolsillo-de-luz-uv-naturaly-artificial\/#breadcrumb\",\"itemListElement\":[{\"@type\":\"ListItem\",\"position\":1,\"name\":\"Inicio\",\"item\":\"https:\/\/abaa.mx\/tienda\/\"},{\"@type\":\"ListItem\",\"position\":2,\"name\":\"Tienda\",\"item\":\"https:\/\/abaa.mx\/tienda\/\"},{\"@type\":\"ListItem\",\"position\":3,\"name\":\"Uv505 \u2014 luxometro de bolsillo de luz uv naturaly artificial\"}]},{\"@type\":\"WebSite\",\"@id\":\"https:\/\/abaa.mx\/tienda\/#website\",\"url\":\"https:\/\/abaa.mx\/tienda\/\",\"name\":\"Abaa tienda online\",\"description\":\"Instrumentos de medici\u00f3n\",\"publisher\":{\"@id\":\"https:\/\/abaa.mx\/tienda\/#organization\"},\"potentialAction\":[{\"@type\":\"SearchAction\",\"target\":{\"@type\":\"EntryPoint\",\"urlTemplate\":\"https:\/\/abaa.mx\/tienda\/?s={search_term_string}\"},\"query-input\":{\"@type\":\"PropertyValueSpecification\",\"valueRequired\":true,\"valueName\":\"search_term_string\"}}],\"inLanguage\":\"es\"},{\"@type\":\"Organization\",\"@id\":\"https:\/\/abaa.mx\/tienda\/#organization\",\"name\":\"Abaa tienda online\",\"url\":\"https:\/\/abaa.mx\/tienda\/\",\"logo\":{\"@type\":\"ImageObject\",\"inLanguage\":\"es\",\"@id\":\"https:\/\/abaa.mx\/tienda\/#\/schema\/logo\/image\/\",\"url\":\"https:\/\/abaa.mx\/tienda\/wp-content\/uploads\/2024\/01\/abaa-metrologia-tienda.png\",\"contentUrl\":\"https:\/\/abaa.mx\/tienda\/wp-content\/uploads\/2024\/01\/abaa-metrologia-tienda.png\",\"width\":300,\"height\":141,\"caption\":\"Abaa tienda online\"},\"image\":{\"@id\":\"https:\/\/abaa.mx\/tienda\/#\/schema\/logo\/image\/\"}}]}<\/script>\n<!-- \/ Yoast SEO plugin. -->","yoast_head_json":{"title":"Uv505 \u2014 luxometro de bolsillo de luz uv naturaly artificial - Abaa tienda online","robots":{"index":"index","follow":"follow","max-snippet":"max-snippet:-1","max-image-preview":"max-image-preview:large","max-video-preview":"max-video-preview:-1"},"canonical":"https:\/\/abaa.mx\/tienda\/uv505-luxometro-de-bolsillo-de-luz-uv-naturaly-artificial\/","og_locale":"es_MX","og_type":"article","og_title":"Uv505 \u2014 luxometro de bolsillo de luz uv naturaly artificial - Abaa tienda online","og_description":"Caracter\u00edsticas:   Rango de longitud de onda del sensor 290 a 390nm.  El sensor UV con correcci\u00f3n de coseno mide la irradiancia de fuentes. de luz UV-AB de hasta 40,00 mW\/cm\u00b2.  LCD retroiluminado para una f\u00e1cil visualizaci\u00f3n.  Funci\u00f3n cero.  La retenci\u00f3n de datos congela la lectura actual en la pantalla.  Montura de tr\u00edpode (el tr\u00edpode TR100 opcional se vende por separado).  Completo con dos pilas AAA y una bolsa.","og_url":"https:\/\/abaa.mx\/tienda\/uv505-luxometro-de-bolsillo-de-luz-uv-naturaly-artificial\/","og_site_name":"Abaa tienda online","og_image":[{"width":1024,"height":1024,"url":"https:\/\/abaa.mx\/tienda\/wp-content\/uploads\/2023\/12\/Uv505-\u2014-luxometro.jpg","type":"image\/jpeg"}],"twitter_card":"summary_large_image","twitter_misc":{"Tiempo de lectura":"1 minuto"},"schema":{"@context":"https:\/\/schema.org","@graph":[{"@type":"WebPage","@id":"https:\/\/abaa.mx\/tienda\/uv505-luxometro-de-bolsillo-de-luz-uv-naturaly-artificial\/","url":"https:\/\/abaa.mx\/tienda\/uv505-luxometro-de-bolsillo-de-luz-uv-naturaly-artificial\/","name":"Uv505 \u2014 luxometro de bolsillo de luz uv naturaly artificial - Abaa tienda online","isPartOf":{"@id":"https:\/\/abaa.mx\/tienda\/#website"},"primaryImageOfPage":{"@id":"https:\/\/abaa.mx\/tienda\/uv505-luxometro-de-bolsillo-de-luz-uv-naturaly-artificial\/#primaryimage"},"image":{"@id":"https:\/\/abaa.mx\/tienda\/uv505-luxometro-de-bolsillo-de-luz-uv-naturaly-artificial\/#primaryimage"},"thumbnailUrl":"https:\/\/abaa.mx\/tienda\/wp-content\/uploads\/2023\/12\/Uv505-\u2014-luxometro.jpg","datePublished":"2023-12-12T16:22:33+00:00","breadcrumb":{"@id":"https:\/\/abaa.mx\/tienda\/uv505-luxometro-de-bolsillo-de-luz-uv-naturaly-artificial\/#breadcrumb"},"inLanguage":"es","potentialAction":[{"@type":"ReadAction","target":["https:\/\/abaa.mx\/tienda\/uv505-luxometro-de-bolsillo-de-luz-uv-naturaly-artificial\/"]}]},{"@type":"ImageObject","inLanguage":"es","@id":"https:\/\/abaa.mx\/tienda\/uv505-luxometro-de-bolsillo-de-luz-uv-naturaly-artificial\/#primaryimage","url":"https:\/\/abaa.mx\/tienda\/wp-content\/uploads\/2023\/12\/Uv505-\u2014-luxometro.jpg","contentUrl":"https:\/\/abaa.mx\/tienda\/wp-content\/uploads\/2023\/12\/Uv505-\u2014-luxometro.jpg","width":1024,"height":1024,"caption":"Uv505 \u2014 lux\u00f3metro"},{"@type":"BreadcrumbList","@id":"https:\/\/abaa.mx\/tienda\/uv505-luxometro-de-bolsillo-de-luz-uv-naturaly-artificial\/#breadcrumb","itemListElement":[{"@type":"ListItem","position":1,"name":"Inicio","item":"https:\/\/abaa.mx\/tienda\/"},{"@type":"ListItem","position":2,"name":"Tienda","item":"https:\/\/abaa.mx\/tienda\/"},{"@type":"ListItem","position":3,"name":"Uv505 \u2014 luxometro de bolsillo de luz uv naturaly artificial"}]},{"@type":"WebSite","@id":"https:\/\/abaa.mx\/tienda\/#website","url":"https:\/\/abaa.mx\/tienda\/","name":"Abaa tienda online","description":"Instrumentos de medici\u00f3n","publisher":{"@id":"https:\/\/abaa.mx\/tienda\/#organization"},"potentialAction":[{"@type":"SearchAction","target":{"@type":"EntryPoint","urlTemplate":"https:\/\/abaa.mx\/tienda\/?s={search_term_string}"},"query-input":{"@type":"PropertyValueSpecification","valueRequired":true,"valueName":"search_term_string"}}],"inLanguage":"es"},{"@type":"Organization","@id":"https:\/\/abaa.mx\/tienda\/#organization","name":"Abaa tienda online","url":"https:\/\/abaa.mx\/tienda\/","logo":{"@type":"ImageObject","inLanguage":"es","@id":"https:\/\/abaa.mx\/tienda\/#\/schema\/logo\/image\/","url":"https:\/\/abaa.mx\/tienda\/wp-content\/uploads\/2024\/01\/abaa-metrologia-tienda.png","contentUrl":"https:\/\/abaa.mx\/tienda\/wp-content\/uploads\/2024\/01\/abaa-metrologia-tienda.png","width":300,"height":141,"caption":"Abaa tienda online"},"image":{"@id":"https:\/\/abaa.mx\/tienda\/#\/schema\/logo\/image\/"}}]}},"_links":{"self":[{"href":"https:\/\/abaa.mx\/tienda\/wp-json\/wp\/v2\/product\/8401","targetHints":{"allow":["GET"]}}],"collection":[{"href":"https:\/\/abaa.mx\/tienda\/wp-json\/wp\/v2\/product"}],"about":[{"href":"https:\/\/abaa.mx\/tienda\/wp-json\/wp\/v2\/types\/product"}],"replies":[{"embeddable":true,"href":"https:\/\/abaa.mx\/tienda\/wp-json\/wp\/v2\/comments?post=8401"}],"wp:featuredmedia":[{"embeddable":true,"href":"https:\/\/abaa.mx\/tienda\/wp-json\/wp\/v2\/media\/9753"}],"wp:attachment":[{"href":"https:\/\/abaa.mx\/tienda\/wp-json\/wp\/v2\/media?parent=8401"}],"wp:term":[{"taxonomy":"product_brand","embeddable":true,"href":"https:\/\/abaa.mx\/tienda\/wp-json\/wp\/v2\/product_brand?post=8401"},{"taxonomy":"product_cat","embeddable":true,"href":"https:\/\/abaa.mx\/tienda\/wp-json\/wp\/v2\/product_cat?post=8401"},{"taxonomy":"product_tag","embeddable":true,"href":"https:\/\/abaa.mx\/tienda\/wp-json\/wp\/v2\/product_tag?post=8401"}],"curies":[{"name":"wp","href":"https:\/\/api.w.org\/{rel}","templated":true}]}}