{"id":8397,"date":"2023-11-01T19:52:04","date_gmt":"2023-11-01T19:52:04","guid":{"rendered":"https:\/\/abaa.mx\/tienda\/?post_type=product&#038;p=8397"},"modified":"2023-11-10T20:01:33","modified_gmt":"2023-11-10T20:01:33","slug":"elitech-glog-2","status":"publish","type":"product","link":"https:\/\/abaa.mx\/tienda\/elitech-glog-2\/","title":{"rendered":"Elitech Glog-2"},"content":{"rendered":"<p>El registrador de datos de temperatura Elitech Glog-2 es un registrador de datos de un solo uso para registrar la temperatura, la posici\u00f3n y la iluminaci\u00f3n en tiempo real. Despu\u00e9s de un inicio r\u00e1pido extrayendo la tira aislante, el registrador puede monitorear de manera eficiente la eficacia y la calidad de la log\u00edstica.Puede transmitir de forma inal\u00e1mbrica los datos grabados a Elitech Cloud, lo que permite a los usuarios ver datos, pistas y posici\u00f3n, informaci\u00f3n de alarma, etc. en cualquier momento.El registrador cuenta con un sensor de temperatura integrado de alta precisi\u00f3n para recopilar datos de temperatura. Alimentado por una bater\u00eda de litio de temperatura amplia 103450, se aplica a varios entornos de trabajo. Su grado de impermeabilidad es IP65.<\/p>\n<p>&nbsp;<\/p>\n<p><strong>Especificaciones<\/strong><\/p>\n<ul>\n<li>Rango de medici\u00f3n de temperatura: -30 \u2103 ~ 55 \u2103 Resoluci\u00f3n: 0,1 \u2103<\/li>\n<li>Precisi\u00f3n: 0,5 \u2103 \/ 0,9 \u2109 (-20 \u2103 ~ 40 \u2103); 1 \u2103 \/ 1.8 \u2109 (otros)<\/li>\n<li>Sensor: sensor de temperatura interno NTC y sensor de luz<\/li>\n<li>Rango de lux: 0 ~ 200<\/li>\n<li>Tiempo en uso: 20 d\u00edas (a un intervalo de registro de 5 minutos y un intervalo de carga de 60 minutos)<\/li>\n<li>Retraso de inicio: 30 minutos (personalizable)<\/li>\n<li>Intervalo de registro: 5 minutos (personalizable)<\/li>\n<li>Intervalo de carga: 60 minutos (personalizable)<\/li>\n<li>Duraci\u00f3n de la bater\u00eda: 1 a\u00f1o almacenado a temperatura ambiente<\/li>\n<li>Temperatura de almacenamiento: + 15 \u2103 ~ 30 \u2103<\/li>\n<li>Grado de protecci\u00f3n: IP65<\/li>\n<\/ul>\n<p>&nbsp;<\/p>\n<p><strong>Caracter\u00edsticas:<\/strong><\/p>\n<ul>\n<li>F\u00e1cil de activar, cree r\u00e1pidamente env\u00edos para su seguimiento.<\/li>\n<li>Verifique la temperatura y la posici\u00f3n en tiempo real a trav\u00e9s de S \/ N<\/li>\n<li>Sensor de luz para determinar las operaciones de apertura de la puerta de infracci\u00f3n durante el transporte<\/li>\n<li>Alerta autom\u00e1tica por correo electr\u00f3nico en caso de l\u00edmite de temperatura excesiva<\/li>\n<li>Descargue el informe en PDF y Excel de Elitech Cloud<\/li>\n<\/ul>\n<p>&nbsp;<\/p>\n","protected":false},"excerpt":{"rendered":"<p>El registrador de datos de temperatura Elitech Glog-2 es un registrador de datos de un solo uso para registrar la temperatura, la posici\u00f3n y la iluminaci\u00f3n en tiempo real.<\/p>\n","protected":false},"featured_media":8398,"comment_status":"open","ping_status":"closed","template":"","meta":{"_joinchat":[]},"product_brand":[],"product_cat":[15],"product_tag":[],"class_list":{"0":"post-8397","1":"product","2":"type-product","3":"status-publish","4":"has-post-thumbnail","6":"product_cat-sin-categorizar","8":"first","9":"instock","10":"shipping-taxable","11":"product-type-simple"},"yoast_head":"<!-- This site is optimized with the Yoast SEO plugin v26.4 - https:\/\/yoast.com\/wordpress\/plugins\/seo\/ -->\n<title>Elitech Glog-2 - Abaa tienda online<\/title>\n<meta name=\"robots\" content=\"index, follow, max-snippet:-1, max-image-preview:large, max-video-preview:-1\" \/>\n<link rel=\"canonical\" href=\"https:\/\/abaa.mx\/tienda\/elitech-glog-2\/\" \/>\n<meta property=\"og:locale\" content=\"es_MX\" \/>\n<meta property=\"og:type\" content=\"article\" \/>\n<meta property=\"og:title\" content=\"Elitech Glog-2 - Abaa tienda online\" \/>\n<meta property=\"og:description\" content=\"El registrador de datos de temperatura Elitech Glog-2 es un registrador de datos de un solo uso para registrar la temperatura, la posici\u00f3n y la iluminaci\u00f3n en tiempo real.\" \/>\n<meta property=\"og:url\" content=\"https:\/\/abaa.mx\/tienda\/elitech-glog-2\/\" \/>\n<meta property=\"og:site_name\" content=\"Abaa tienda online\" \/>\n<meta property=\"article:modified_time\" content=\"2023-11-10T20:01:33+00:00\" \/>\n<meta property=\"og:image\" content=\"https:\/\/abaa.mx\/tienda\/wp-content\/uploads\/2023\/11\/Elitech-Glog-2.jpg\" \/>\n\t<meta property=\"og:image:width\" content=\"500\" \/>\n\t<meta property=\"og:image:height\" content=\"500\" \/>\n\t<meta property=\"og:image:type\" content=\"image\/jpeg\" \/>\n<meta name=\"twitter:card\" content=\"summary_large_image\" \/>\n<meta name=\"twitter:label1\" content=\"Tiempo de lectura\" \/>\n\t<meta name=\"twitter:data1\" content=\"2 minutos\" \/>\n<script type=\"application\/ld+json\" class=\"yoast-schema-graph\">{\"@context\":\"https:\/\/schema.org\",\"@graph\":[{\"@type\":\"WebPage\",\"@id\":\"https:\/\/abaa.mx\/tienda\/elitech-glog-2\/\",\"url\":\"https:\/\/abaa.mx\/tienda\/elitech-glog-2\/\",\"name\":\"Elitech Glog-2 - Abaa tienda online\",\"isPartOf\":{\"@id\":\"https:\/\/abaa.mx\/tienda\/#website\"},\"primaryImageOfPage\":{\"@id\":\"https:\/\/abaa.mx\/tienda\/elitech-glog-2\/#primaryimage\"},\"image\":{\"@id\":\"https:\/\/abaa.mx\/tienda\/elitech-glog-2\/#primaryimage\"},\"thumbnailUrl\":\"https:\/\/abaa.mx\/tienda\/wp-content\/uploads\/2023\/11\/Elitech-Glog-2.jpg\",\"datePublished\":\"2023-11-01T19:52:04+00:00\",\"dateModified\":\"2023-11-10T20:01:33+00:00\",\"breadcrumb\":{\"@id\":\"https:\/\/abaa.mx\/tienda\/elitech-glog-2\/#breadcrumb\"},\"inLanguage\":\"es\",\"potentialAction\":[{\"@type\":\"ReadAction\",\"target\":[\"https:\/\/abaa.mx\/tienda\/elitech-glog-2\/\"]}]},{\"@type\":\"ImageObject\",\"inLanguage\":\"es\",\"@id\":\"https:\/\/abaa.mx\/tienda\/elitech-glog-2\/#primaryimage\",\"url\":\"https:\/\/abaa.mx\/tienda\/wp-content\/uploads\/2023\/11\/Elitech-Glog-2.jpg\",\"contentUrl\":\"https:\/\/abaa.mx\/tienda\/wp-content\/uploads\/2023\/11\/Elitech-Glog-2.jpg\",\"width\":500,\"height\":500,\"caption\":\"Elitech Glog-2\"},{\"@type\":\"BreadcrumbList\",\"@id\":\"https:\/\/abaa.mx\/tienda\/elitech-glog-2\/#breadcrumb\",\"itemListElement\":[{\"@type\":\"ListItem\",\"position\":1,\"name\":\"Inicio\",\"item\":\"https:\/\/abaa.mx\/tienda\/\"},{\"@type\":\"ListItem\",\"position\":2,\"name\":\"Tienda\",\"item\":\"https:\/\/abaa.mx\/tienda\/\"},{\"@type\":\"ListItem\",\"position\":3,\"name\":\"Elitech Glog-2\"}]},{\"@type\":\"WebSite\",\"@id\":\"https:\/\/abaa.mx\/tienda\/#website\",\"url\":\"https:\/\/abaa.mx\/tienda\/\",\"name\":\"Abaa tienda online\",\"description\":\"Instrumentos de medici\u00f3n\",\"publisher\":{\"@id\":\"https:\/\/abaa.mx\/tienda\/#organization\"},\"potentialAction\":[{\"@type\":\"SearchAction\",\"target\":{\"@type\":\"EntryPoint\",\"urlTemplate\":\"https:\/\/abaa.mx\/tienda\/?s={search_term_string}\"},\"query-input\":{\"@type\":\"PropertyValueSpecification\",\"valueRequired\":true,\"valueName\":\"search_term_string\"}}],\"inLanguage\":\"es\"},{\"@type\":\"Organization\",\"@id\":\"https:\/\/abaa.mx\/tienda\/#organization\",\"name\":\"Abaa tienda online\",\"url\":\"https:\/\/abaa.mx\/tienda\/\",\"logo\":{\"@type\":\"ImageObject\",\"inLanguage\":\"es\",\"@id\":\"https:\/\/abaa.mx\/tienda\/#\/schema\/logo\/image\/\",\"url\":\"https:\/\/abaa.mx\/tienda\/wp-content\/uploads\/2024\/01\/abaa-metrologia-tienda.png\",\"contentUrl\":\"https:\/\/abaa.mx\/tienda\/wp-content\/uploads\/2024\/01\/abaa-metrologia-tienda.png\",\"width\":300,\"height\":141,\"caption\":\"Abaa tienda online\"},\"image\":{\"@id\":\"https:\/\/abaa.mx\/tienda\/#\/schema\/logo\/image\/\"}}]}<\/script>\n<!-- \/ Yoast SEO plugin. -->","yoast_head_json":{"title":"Elitech Glog-2 - Abaa tienda online","robots":{"index":"index","follow":"follow","max-snippet":"max-snippet:-1","max-image-preview":"max-image-preview:large","max-video-preview":"max-video-preview:-1"},"canonical":"https:\/\/abaa.mx\/tienda\/elitech-glog-2\/","og_locale":"es_MX","og_type":"article","og_title":"Elitech Glog-2 - Abaa tienda online","og_description":"El registrador de datos de temperatura Elitech Glog-2 es un registrador de datos de un solo uso para registrar la temperatura, la posici\u00f3n y la iluminaci\u00f3n en tiempo real.","og_url":"https:\/\/abaa.mx\/tienda\/elitech-glog-2\/","og_site_name":"Abaa tienda online","article_modified_time":"2023-11-10T20:01:33+00:00","og_image":[{"width":500,"height":500,"url":"https:\/\/abaa.mx\/tienda\/wp-content\/uploads\/2023\/11\/Elitech-Glog-2.jpg","type":"image\/jpeg"}],"twitter_card":"summary_large_image","twitter_misc":{"Tiempo de lectura":"2 minutos"},"schema":{"@context":"https:\/\/schema.org","@graph":[{"@type":"WebPage","@id":"https:\/\/abaa.mx\/tienda\/elitech-glog-2\/","url":"https:\/\/abaa.mx\/tienda\/elitech-glog-2\/","name":"Elitech Glog-2 - Abaa tienda online","isPartOf":{"@id":"https:\/\/abaa.mx\/tienda\/#website"},"primaryImageOfPage":{"@id":"https:\/\/abaa.mx\/tienda\/elitech-glog-2\/#primaryimage"},"image":{"@id":"https:\/\/abaa.mx\/tienda\/elitech-glog-2\/#primaryimage"},"thumbnailUrl":"https:\/\/abaa.mx\/tienda\/wp-content\/uploads\/2023\/11\/Elitech-Glog-2.jpg","datePublished":"2023-11-01T19:52:04+00:00","dateModified":"2023-11-10T20:01:33+00:00","breadcrumb":{"@id":"https:\/\/abaa.mx\/tienda\/elitech-glog-2\/#breadcrumb"},"inLanguage":"es","potentialAction":[{"@type":"ReadAction","target":["https:\/\/abaa.mx\/tienda\/elitech-glog-2\/"]}]},{"@type":"ImageObject","inLanguage":"es","@id":"https:\/\/abaa.mx\/tienda\/elitech-glog-2\/#primaryimage","url":"https:\/\/abaa.mx\/tienda\/wp-content\/uploads\/2023\/11\/Elitech-Glog-2.jpg","contentUrl":"https:\/\/abaa.mx\/tienda\/wp-content\/uploads\/2023\/11\/Elitech-Glog-2.jpg","width":500,"height":500,"caption":"Elitech Glog-2"},{"@type":"BreadcrumbList","@id":"https:\/\/abaa.mx\/tienda\/elitech-glog-2\/#breadcrumb","itemListElement":[{"@type":"ListItem","position":1,"name":"Inicio","item":"https:\/\/abaa.mx\/tienda\/"},{"@type":"ListItem","position":2,"name":"Tienda","item":"https:\/\/abaa.mx\/tienda\/"},{"@type":"ListItem","position":3,"name":"Elitech Glog-2"}]},{"@type":"WebSite","@id":"https:\/\/abaa.mx\/tienda\/#website","url":"https:\/\/abaa.mx\/tienda\/","name":"Abaa tienda online","description":"Instrumentos de medici\u00f3n","publisher":{"@id":"https:\/\/abaa.mx\/tienda\/#organization"},"potentialAction":[{"@type":"SearchAction","target":{"@type":"EntryPoint","urlTemplate":"https:\/\/abaa.mx\/tienda\/?s={search_term_string}"},"query-input":{"@type":"PropertyValueSpecification","valueRequired":true,"valueName":"search_term_string"}}],"inLanguage":"es"},{"@type":"Organization","@id":"https:\/\/abaa.mx\/tienda\/#organization","name":"Abaa tienda online","url":"https:\/\/abaa.mx\/tienda\/","logo":{"@type":"ImageObject","inLanguage":"es","@id":"https:\/\/abaa.mx\/tienda\/#\/schema\/logo\/image\/","url":"https:\/\/abaa.mx\/tienda\/wp-content\/uploads\/2024\/01\/abaa-metrologia-tienda.png","contentUrl":"https:\/\/abaa.mx\/tienda\/wp-content\/uploads\/2024\/01\/abaa-metrologia-tienda.png","width":300,"height":141,"caption":"Abaa tienda online"},"image":{"@id":"https:\/\/abaa.mx\/tienda\/#\/schema\/logo\/image\/"}}]}},"_links":{"self":[{"href":"https:\/\/abaa.mx\/tienda\/wp-json\/wp\/v2\/product\/8397","targetHints":{"allow":["GET"]}}],"collection":[{"href":"https:\/\/abaa.mx\/tienda\/wp-json\/wp\/v2\/product"}],"about":[{"href":"https:\/\/abaa.mx\/tienda\/wp-json\/wp\/v2\/types\/product"}],"replies":[{"embeddable":true,"href":"https:\/\/abaa.mx\/tienda\/wp-json\/wp\/v2\/comments?post=8397"}],"wp:featuredmedia":[{"embeddable":true,"href":"https:\/\/abaa.mx\/tienda\/wp-json\/wp\/v2\/media\/8398"}],"wp:attachment":[{"href":"https:\/\/abaa.mx\/tienda\/wp-json\/wp\/v2\/media?parent=8397"}],"wp:term":[{"taxonomy":"product_brand","embeddable":true,"href":"https:\/\/abaa.mx\/tienda\/wp-json\/wp\/v2\/product_brand?post=8397"},{"taxonomy":"product_cat","embeddable":true,"href":"https:\/\/abaa.mx\/tienda\/wp-json\/wp\/v2\/product_cat?post=8397"},{"taxonomy":"product_tag","embeddable":true,"href":"https:\/\/abaa.mx\/tienda\/wp-json\/wp\/v2\/product_tag?post=8397"}],"curies":[{"name":"wp","href":"https:\/\/api.w.org\/{rel}","templated":true}]}}