{"id":8396,"date":"2023-11-02T15:11:39","date_gmt":"2023-11-02T15:11:39","guid":{"rendered":"https:\/\/abaa.mx\/tienda\/?post_type=product&#038;p=8396"},"modified":"2023-11-02T15:11:40","modified_gmt":"2023-11-02T15:11:40","slug":"detector-ultrasonico-de-fallas-rango-avanzado-0-a-10000-0-mm-dfd20","status":"publish","type":"product","link":"https:\/\/abaa.mx\/tienda\/detector-ultrasonico-de-fallas-rango-avanzado-0-a-10000-0-mm-dfd20\/","title":{"rendered":"Detector Ultras\u00f3nico de Fallas Rango Avanzado 0 a 10000 0 mm &#8211; DFD20"},"content":{"rendered":"<p>Detector Ultras\u00f3nico de Fallas Rango Avanzado 0 a 10000 0 mm &#8211; DFD20.<\/p>\n","protected":false},"excerpt":{"rendered":"<p><b>Detector de defectos ultras\u00f3nico DFD20\u00a0<\/b><b>Caracter\u00edsticas:<\/b><\/p>\n<ul>\n<li>Potente software e informes de PC pueden exportarse a Excel<\/li>\n<li>Gran memoria: 500 informe de prueba con un gr\u00e1fico<\/li>\n<li>Carcasa de metal s\u00f3lido<\/li>\n<li>Calibraci\u00f3n autom\u00e1tica del transductor Zero-point, Angles, Front edge y material de velocidad.<\/li>\n<li>El software integrado se puede actualizar en l\u00ednea<\/li>\n<li>Calibraci\u00f3n autom\u00e1tica<\/li>\n<li>DAC, AVG<\/li>\n<li>Memoria de pico y retenci\u00f3n<\/li>\n<li>Interruptor autom\u00e1tico de tres medidores de personal (Profundidad d, nivel p, distancia s)<\/li>\n<li>Captura de alta velocidad y muy bajo nivel de ruido<\/li>\n<li>Bater\u00eda de Li, contin\u00fae el tiempo de trabajo hasta 7 horas<\/li>\n<li>Conveniente para hacer y utilizar DAC y AVG para evaluar la curva, la curva se puede modificar y compensar.<\/li>\n<li>Hacer video autom\u00e1tico del proceso de prueba<\/li>\n<li>La pantalla autom\u00e1tica necesita una ubicaci\u00f3n de falla Profundidad d, nivel p, distancia s, sz dB, amplitud, \u00d8.<\/li>\n<li>Visualizaci\u00f3n de alto contraste de la forma de onda de brillante<\/li>\n<li>B Scan<\/li>\n<li>100 configuraci\u00f3n de independencia, cualquier criterio se puede ingresar libremente, puede trabajar en la escena sin bloque de prueba<\/li>\n<\/ul>\n","protected":false},"featured_media":8425,"comment_status":"open","ping_status":"closed","template":"","meta":{"_joinchat":[]},"product_brand":[],"product_cat":[103],"product_tag":[],"class_list":{"0":"post-8396","1":"product","2":"type-product","3":"status-publish","4":"has-post-thumbnail","6":"product_cat-medidor-de-fallas-ultrasonicas","8":"first","9":"instock","10":"shipping-taxable","11":"product-type-simple"},"yoast_head":"<!-- This site is optimized with the Yoast SEO plugin v26.4 - https:\/\/yoast.com\/wordpress\/plugins\/seo\/ -->\n<title>Detector Ultras\u00f3nico de Fallas Rango Avanzado 0 a 10000 0 mm - DFD20 - Abaa tienda online<\/title>\n<meta name=\"robots\" content=\"index, follow, max-snippet:-1, max-image-preview:large, max-video-preview:-1\" \/>\n<link rel=\"canonical\" href=\"https:\/\/abaa.mx\/tienda\/detector-ultrasonico-de-fallas-rango-avanzado-0-a-10000-0-mm-dfd20\/\" \/>\n<meta property=\"og:locale\" content=\"es_MX\" \/>\n<meta property=\"og:type\" content=\"article\" \/>\n<meta property=\"og:title\" content=\"Detector Ultras\u00f3nico de Fallas Rango Avanzado 0 a 10000 0 mm - DFD20 - Abaa tienda online\" \/>\n<meta property=\"og:description\" content=\"Detector de defectos ultras\u00f3nico DFD20\u00a0Caracter\u00edsticas:   Potente software e informes de PC pueden exportarse a Excel  Gran memoria: 500 informe de prueba con un gr\u00e1fico  Carcasa de metal s\u00f3lido  Calibraci\u00f3n autom\u00e1tica del transductor Zero-point, Angles, Front edge y material de velocidad.  El software integrado se puede actualizar en l\u00ednea  Calibraci\u00f3n autom\u00e1tica  DAC, AVG  Memoria de pico y retenci\u00f3n  Interruptor autom\u00e1tico de tres medidores de personal (Profundidad d, nivel p, distancia s)  Captura de alta velocidad y muy bajo nivel de ruido  Bater\u00eda de Li, contin\u00fae el tiempo de trabajo hasta 7 horas  Conveniente para hacer y utilizar DAC y AVG para evaluar la curva, la curva se puede modificar y compensar.  Hacer video autom\u00e1tico del proceso de prueba  La pantalla autom\u00e1tica necesita una ubicaci\u00f3n de falla Profundidad d, nivel p, distancia s, sz dB, amplitud, \u00d8.  Visualizaci\u00f3n de alto contraste de la forma de onda de brillante  B Scan  100 configuraci\u00f3n de independencia, cualquier criterio se puede ingresar libremente, puede trabajar en la escena sin bloque de prueba\" \/>\n<meta property=\"og:url\" content=\"https:\/\/abaa.mx\/tienda\/detector-ultrasonico-de-fallas-rango-avanzado-0-a-10000-0-mm-dfd20\/\" \/>\n<meta property=\"og:site_name\" content=\"Abaa tienda online\" \/>\n<meta property=\"article:modified_time\" content=\"2023-11-02T15:11:40+00:00\" \/>\n<meta property=\"og:image\" content=\"https:\/\/abaa.mx\/tienda\/wp-content\/uploads\/2023\/11\/DRAGON-ELECTRONICS-DFD20.jpg\" \/>\n\t<meta property=\"og:image:width\" content=\"576\" \/>\n\t<meta property=\"og:image:height\" content=\"449\" \/>\n\t<meta property=\"og:image:type\" content=\"image\/jpeg\" \/>\n<meta name=\"twitter:card\" content=\"summary_large_image\" \/>\n<meta name=\"twitter:label1\" content=\"Tiempo de lectura\" \/>\n\t<meta name=\"twitter:data1\" content=\"1 minuto\" \/>\n<script type=\"application\/ld+json\" class=\"yoast-schema-graph\">{\"@context\":\"https:\/\/schema.org\",\"@graph\":[{\"@type\":\"WebPage\",\"@id\":\"https:\/\/abaa.mx\/tienda\/detector-ultrasonico-de-fallas-rango-avanzado-0-a-10000-0-mm-dfd20\/\",\"url\":\"https:\/\/abaa.mx\/tienda\/detector-ultrasonico-de-fallas-rango-avanzado-0-a-10000-0-mm-dfd20\/\",\"name\":\"Detector Ultras\u00f3nico de Fallas Rango Avanzado 0 a 10000 0 mm - DFD20 - Abaa tienda online\",\"isPartOf\":{\"@id\":\"https:\/\/abaa.mx\/tienda\/#website\"},\"primaryImageOfPage\":{\"@id\":\"https:\/\/abaa.mx\/tienda\/detector-ultrasonico-de-fallas-rango-avanzado-0-a-10000-0-mm-dfd20\/#primaryimage\"},\"image\":{\"@id\":\"https:\/\/abaa.mx\/tienda\/detector-ultrasonico-de-fallas-rango-avanzado-0-a-10000-0-mm-dfd20\/#primaryimage\"},\"thumbnailUrl\":\"https:\/\/abaa.mx\/tienda\/wp-content\/uploads\/2023\/11\/DRAGON-ELECTRONICS-DFD20.jpg\",\"datePublished\":\"2023-11-02T15:11:39+00:00\",\"dateModified\":\"2023-11-02T15:11:40+00:00\",\"breadcrumb\":{\"@id\":\"https:\/\/abaa.mx\/tienda\/detector-ultrasonico-de-fallas-rango-avanzado-0-a-10000-0-mm-dfd20\/#breadcrumb\"},\"inLanguage\":\"es\",\"potentialAction\":[{\"@type\":\"ReadAction\",\"target\":[\"https:\/\/abaa.mx\/tienda\/detector-ultrasonico-de-fallas-rango-avanzado-0-a-10000-0-mm-dfd20\/\"]}]},{\"@type\":\"ImageObject\",\"inLanguage\":\"es\",\"@id\":\"https:\/\/abaa.mx\/tienda\/detector-ultrasonico-de-fallas-rango-avanzado-0-a-10000-0-mm-dfd20\/#primaryimage\",\"url\":\"https:\/\/abaa.mx\/tienda\/wp-content\/uploads\/2023\/11\/DRAGON-ELECTRONICS-DFD20.jpg\",\"contentUrl\":\"https:\/\/abaa.mx\/tienda\/wp-content\/uploads\/2023\/11\/DRAGON-ELECTRONICS-DFD20.jpg\",\"width\":576,\"height\":449,\"caption\":\"DRAGON ELECTRONICS-DFD20\"},{\"@type\":\"BreadcrumbList\",\"@id\":\"https:\/\/abaa.mx\/tienda\/detector-ultrasonico-de-fallas-rango-avanzado-0-a-10000-0-mm-dfd20\/#breadcrumb\",\"itemListElement\":[{\"@type\":\"ListItem\",\"position\":1,\"name\":\"Inicio\",\"item\":\"https:\/\/abaa.mx\/tienda\/\"},{\"@type\":\"ListItem\",\"position\":2,\"name\":\"Tienda\",\"item\":\"https:\/\/abaa.mx\/tienda\/\"},{\"@type\":\"ListItem\",\"position\":3,\"name\":\"Detector Ultras\u00f3nico de Fallas Rango Avanzado 0 a 10000 0 mm &#8211; DFD20\"}]},{\"@type\":\"WebSite\",\"@id\":\"https:\/\/abaa.mx\/tienda\/#website\",\"url\":\"https:\/\/abaa.mx\/tienda\/\",\"name\":\"Abaa tienda online\",\"description\":\"Instrumentos de medici\u00f3n\",\"publisher\":{\"@id\":\"https:\/\/abaa.mx\/tienda\/#organization\"},\"potentialAction\":[{\"@type\":\"SearchAction\",\"target\":{\"@type\":\"EntryPoint\",\"urlTemplate\":\"https:\/\/abaa.mx\/tienda\/?s={search_term_string}\"},\"query-input\":{\"@type\":\"PropertyValueSpecification\",\"valueRequired\":true,\"valueName\":\"search_term_string\"}}],\"inLanguage\":\"es\"},{\"@type\":\"Organization\",\"@id\":\"https:\/\/abaa.mx\/tienda\/#organization\",\"name\":\"Abaa tienda online\",\"url\":\"https:\/\/abaa.mx\/tienda\/\",\"logo\":{\"@type\":\"ImageObject\",\"inLanguage\":\"es\",\"@id\":\"https:\/\/abaa.mx\/tienda\/#\/schema\/logo\/image\/\",\"url\":\"https:\/\/abaa.mx\/tienda\/wp-content\/uploads\/2024\/01\/abaa-metrologia-tienda.png\",\"contentUrl\":\"https:\/\/abaa.mx\/tienda\/wp-content\/uploads\/2024\/01\/abaa-metrologia-tienda.png\",\"width\":300,\"height\":141,\"caption\":\"Abaa tienda online\"},\"image\":{\"@id\":\"https:\/\/abaa.mx\/tienda\/#\/schema\/logo\/image\/\"}}]}<\/script>\n<!-- \/ Yoast SEO plugin. -->","yoast_head_json":{"title":"Detector Ultras\u00f3nico de Fallas Rango Avanzado 0 a 10000 0 mm - DFD20 - Abaa tienda online","robots":{"index":"index","follow":"follow","max-snippet":"max-snippet:-1","max-image-preview":"max-image-preview:large","max-video-preview":"max-video-preview:-1"},"canonical":"https:\/\/abaa.mx\/tienda\/detector-ultrasonico-de-fallas-rango-avanzado-0-a-10000-0-mm-dfd20\/","og_locale":"es_MX","og_type":"article","og_title":"Detector Ultras\u00f3nico de Fallas Rango Avanzado 0 a 10000 0 mm - DFD20 - Abaa tienda online","og_description":"Detector de defectos ultras\u00f3nico DFD20\u00a0Caracter\u00edsticas:   Potente software e informes de PC pueden exportarse a Excel  Gran memoria: 500 informe de prueba con un gr\u00e1fico  Carcasa de metal s\u00f3lido  Calibraci\u00f3n autom\u00e1tica del transductor Zero-point, Angles, Front edge y material de velocidad.  El software integrado se puede actualizar en l\u00ednea  Calibraci\u00f3n autom\u00e1tica  DAC, AVG  Memoria de pico y retenci\u00f3n  Interruptor autom\u00e1tico de tres medidores de personal (Profundidad d, nivel p, distancia s)  Captura de alta velocidad y muy bajo nivel de ruido  Bater\u00eda de Li, contin\u00fae el tiempo de trabajo hasta 7 horas  Conveniente para hacer y utilizar DAC y AVG para evaluar la curva, la curva se puede modificar y compensar.  Hacer video autom\u00e1tico del proceso de prueba  La pantalla autom\u00e1tica necesita una ubicaci\u00f3n de falla Profundidad d, nivel p, distancia s, sz dB, amplitud, \u00d8.  Visualizaci\u00f3n de alto contraste de la forma de onda de brillante  B Scan  100 configuraci\u00f3n de independencia, cualquier criterio se puede ingresar libremente, puede trabajar en la escena sin bloque de prueba","og_url":"https:\/\/abaa.mx\/tienda\/detector-ultrasonico-de-fallas-rango-avanzado-0-a-10000-0-mm-dfd20\/","og_site_name":"Abaa tienda online","article_modified_time":"2023-11-02T15:11:40+00:00","og_image":[{"width":576,"height":449,"url":"https:\/\/abaa.mx\/tienda\/wp-content\/uploads\/2023\/11\/DRAGON-ELECTRONICS-DFD20.jpg","type":"image\/jpeg"}],"twitter_card":"summary_large_image","twitter_misc":{"Tiempo de lectura":"1 minuto"},"schema":{"@context":"https:\/\/schema.org","@graph":[{"@type":"WebPage","@id":"https:\/\/abaa.mx\/tienda\/detector-ultrasonico-de-fallas-rango-avanzado-0-a-10000-0-mm-dfd20\/","url":"https:\/\/abaa.mx\/tienda\/detector-ultrasonico-de-fallas-rango-avanzado-0-a-10000-0-mm-dfd20\/","name":"Detector Ultras\u00f3nico de Fallas Rango Avanzado 0 a 10000 0 mm - DFD20 - Abaa tienda online","isPartOf":{"@id":"https:\/\/abaa.mx\/tienda\/#website"},"primaryImageOfPage":{"@id":"https:\/\/abaa.mx\/tienda\/detector-ultrasonico-de-fallas-rango-avanzado-0-a-10000-0-mm-dfd20\/#primaryimage"},"image":{"@id":"https:\/\/abaa.mx\/tienda\/detector-ultrasonico-de-fallas-rango-avanzado-0-a-10000-0-mm-dfd20\/#primaryimage"},"thumbnailUrl":"https:\/\/abaa.mx\/tienda\/wp-content\/uploads\/2023\/11\/DRAGON-ELECTRONICS-DFD20.jpg","datePublished":"2023-11-02T15:11:39+00:00","dateModified":"2023-11-02T15:11:40+00:00","breadcrumb":{"@id":"https:\/\/abaa.mx\/tienda\/detector-ultrasonico-de-fallas-rango-avanzado-0-a-10000-0-mm-dfd20\/#breadcrumb"},"inLanguage":"es","potentialAction":[{"@type":"ReadAction","target":["https:\/\/abaa.mx\/tienda\/detector-ultrasonico-de-fallas-rango-avanzado-0-a-10000-0-mm-dfd20\/"]}]},{"@type":"ImageObject","inLanguage":"es","@id":"https:\/\/abaa.mx\/tienda\/detector-ultrasonico-de-fallas-rango-avanzado-0-a-10000-0-mm-dfd20\/#primaryimage","url":"https:\/\/abaa.mx\/tienda\/wp-content\/uploads\/2023\/11\/DRAGON-ELECTRONICS-DFD20.jpg","contentUrl":"https:\/\/abaa.mx\/tienda\/wp-content\/uploads\/2023\/11\/DRAGON-ELECTRONICS-DFD20.jpg","width":576,"height":449,"caption":"DRAGON ELECTRONICS-DFD20"},{"@type":"BreadcrumbList","@id":"https:\/\/abaa.mx\/tienda\/detector-ultrasonico-de-fallas-rango-avanzado-0-a-10000-0-mm-dfd20\/#breadcrumb","itemListElement":[{"@type":"ListItem","position":1,"name":"Inicio","item":"https:\/\/abaa.mx\/tienda\/"},{"@type":"ListItem","position":2,"name":"Tienda","item":"https:\/\/abaa.mx\/tienda\/"},{"@type":"ListItem","position":3,"name":"Detector Ultras\u00f3nico de Fallas Rango Avanzado 0 a 10000 0 mm &#8211; DFD20"}]},{"@type":"WebSite","@id":"https:\/\/abaa.mx\/tienda\/#website","url":"https:\/\/abaa.mx\/tienda\/","name":"Abaa tienda online","description":"Instrumentos de medici\u00f3n","publisher":{"@id":"https:\/\/abaa.mx\/tienda\/#organization"},"potentialAction":[{"@type":"SearchAction","target":{"@type":"EntryPoint","urlTemplate":"https:\/\/abaa.mx\/tienda\/?s={search_term_string}"},"query-input":{"@type":"PropertyValueSpecification","valueRequired":true,"valueName":"search_term_string"}}],"inLanguage":"es"},{"@type":"Organization","@id":"https:\/\/abaa.mx\/tienda\/#organization","name":"Abaa tienda online","url":"https:\/\/abaa.mx\/tienda\/","logo":{"@type":"ImageObject","inLanguage":"es","@id":"https:\/\/abaa.mx\/tienda\/#\/schema\/logo\/image\/","url":"https:\/\/abaa.mx\/tienda\/wp-content\/uploads\/2024\/01\/abaa-metrologia-tienda.png","contentUrl":"https:\/\/abaa.mx\/tienda\/wp-content\/uploads\/2024\/01\/abaa-metrologia-tienda.png","width":300,"height":141,"caption":"Abaa tienda online"},"image":{"@id":"https:\/\/abaa.mx\/tienda\/#\/schema\/logo\/image\/"}}]}},"_links":{"self":[{"href":"https:\/\/abaa.mx\/tienda\/wp-json\/wp\/v2\/product\/8396","targetHints":{"allow":["GET"]}}],"collection":[{"href":"https:\/\/abaa.mx\/tienda\/wp-json\/wp\/v2\/product"}],"about":[{"href":"https:\/\/abaa.mx\/tienda\/wp-json\/wp\/v2\/types\/product"}],"replies":[{"embeddable":true,"href":"https:\/\/abaa.mx\/tienda\/wp-json\/wp\/v2\/comments?post=8396"}],"wp:featuredmedia":[{"embeddable":true,"href":"https:\/\/abaa.mx\/tienda\/wp-json\/wp\/v2\/media\/8425"}],"wp:attachment":[{"href":"https:\/\/abaa.mx\/tienda\/wp-json\/wp\/v2\/media?parent=8396"}],"wp:term":[{"taxonomy":"product_brand","embeddable":true,"href":"https:\/\/abaa.mx\/tienda\/wp-json\/wp\/v2\/product_brand?post=8396"},{"taxonomy":"product_cat","embeddable":true,"href":"https:\/\/abaa.mx\/tienda\/wp-json\/wp\/v2\/product_cat?post=8396"},{"taxonomy":"product_tag","embeddable":true,"href":"https:\/\/abaa.mx\/tienda\/wp-json\/wp\/v2\/product_tag?post=8396"}],"curies":[{"name":"wp","href":"https:\/\/api.w.org\/{rel}","templated":true}]}}