{"id":839,"date":"2020-10-06T23:57:10","date_gmt":"2020-10-06T23:57:10","guid":{"rendered":"https:\/\/abaa.mx\/tienda\/?post_type=product&#038;p=839"},"modified":"2021-04-08T14:32:38","modified_gmt":"2021-04-08T14:32:38","slug":"cronometro-taylor-5839","status":"publish","type":"product","link":"https:\/\/abaa.mx\/tienda\/cronometro-taylor-5839\/","title":{"rendered":"Cron\u00f3metro Taylor 5839"},"content":{"rendered":"<p>Caracter\u00edsticas de cron\u00f3metro Taylor 5839<\/p>\n<table>\n<tbody>\n<tr>\n<td width=\"599\">Funci\u00f3n.<\/td>\n<\/tr>\n<tr>\n<td width=\"599\">Medidores de tiempo.<\/td>\n<\/tr>\n<tr>\n<td width=\"599\">Registro.<\/td>\n<\/tr>\n<tr>\n<td width=\"599\">Horas, minutos y segundos.<\/td>\n<\/tr>\n<tr>\n<td width=\"599\">Rango Tiempo.<\/td>\n<\/tr>\n<tr>\n<td width=\"599\">9 Horas 59 minutos y 59 segundos.<\/td>\n<\/tr>\n<tr>\n<td width=\"599\">Lectura.<\/td>\n<\/tr>\n<tr>\n<td width=\"599\">Digital.<\/td>\n<\/tr>\n<tr>\n<td width=\"599\">Montaje.<\/td>\n<\/tr>\n<tr>\n<td width=\"599\">Soporte.<\/td>\n<\/tr>\n<tr>\n<td width=\"599\">Pantalla.<\/td>\n<\/tr>\n<tr>\n<td width=\"599\">LCD.<\/td>\n<\/tr>\n<tr>\n<td width=\"599\">Bater\u00eda.<\/td>\n<\/tr>\n<tr>\n<td width=\"599\">4 bater\u00edas AA (incluidas).<\/td>\n<\/tr>\n<tr>\n<td width=\"599\">Dimensiones.<\/td>\n<\/tr>\n<tr>\n<td width=\"599\">4.5 x 6.5 x 4.75 in.<\/td>\n<\/tr>\n<tr>\n<td width=\"599\">Material.<\/td>\n<\/tr>\n<tr>\n<td width=\"599\">Pl\u00e1stico.<\/td>\n<\/tr>\n<tr>\n<td width=\"599\">Uso.<\/td>\n<\/tr>\n<tr>\n<td width=\"599\">Cocina.<\/td>\n<\/tr>\n<\/tbody>\n<\/table>\n","protected":false},"excerpt":{"rendered":"<p>El cron\u00f3metro es resistente al agua registra las horas, minutos y segundos, es ideal para usarlo.<\/p>\n<table>\n<tbody>\n<tr>\n<td width=\"599\">Mide el tiempo de hasta cuatro eventos simult\u00e1neamente.<\/td>\n<\/tr>\n<tr>\n<td width=\"599\">Registro de hasta 9 horas, 59 minutos y 59 segundos en cada evento.<\/td>\n<\/tr>\n<tr>\n<td width=\"599\">Alarma de 100 decibeles con sonidos diferentes para cada tiempo.<\/td>\n<\/tr>\n<tr>\n<td width=\"599\">Resistente al agua.<\/td>\n<\/tr>\n<tr>\n<td width=\"599\">Cubierta antimicrobiana inhibe el crecimiento pat\u00f3geno.<\/td>\n<\/tr>\n<tr>\n<td width=\"599\">Posicionamiento con stand o montado en pared.<\/td>\n<\/tr>\n<\/tbody>\n<\/table>\n","protected":false},"featured_media":1129,"comment_status":"open","ping_status":"closed","template":"","meta":{"_joinchat":[]},"product_brand":[],"product_cat":[64],"product_tag":[],"class_list":{"0":"post-839","1":"product","2":"type-product","3":"status-publish","4":"has-post-thumbnail","6":"product_cat-cronometros","8":"first","9":"instock","10":"shipping-taxable","11":"product-type-simple"},"yoast_head":"<!-- This site is optimized with the Yoast SEO plugin v26.4 - https:\/\/yoast.com\/wordpress\/plugins\/seo\/ -->\n<title>Cron\u00f3metro Taylor 5839 - Abaa tienda online<\/title>\n<meta name=\"robots\" content=\"index, follow, max-snippet:-1, max-image-preview:large, max-video-preview:-1\" \/>\n<link rel=\"canonical\" href=\"https:\/\/abaa.mx\/tienda\/cronometro-taylor-5839\/\" \/>\n<meta property=\"og:locale\" content=\"es_MX\" \/>\n<meta property=\"og:type\" content=\"article\" \/>\n<meta property=\"og:title\" content=\"Cron\u00f3metro Taylor 5839 - Abaa tienda online\" \/>\n<meta property=\"og:description\" content=\"El cron\u00f3metro es resistente al agua registra las horas, minutos y segundos, es ideal para usarlo.    Mide el tiempo de hasta cuatro eventos simult\u00e1neamente.   Registro de hasta 9 horas, 59 minutos y 59 segundos en cada evento.   Alarma de 100 decibeles con sonidos diferentes para cada tiempo.   Resistente al agua.   Cubierta antimicrobiana inhibe el crecimiento pat\u00f3geno.   Posicionamiento con stand o montado en pared.\" \/>\n<meta property=\"og:url\" content=\"https:\/\/abaa.mx\/tienda\/cronometro-taylor-5839\/\" \/>\n<meta property=\"og:site_name\" content=\"Abaa tienda online\" \/>\n<meta property=\"article:modified_time\" content=\"2021-04-08T14:32:38+00:00\" \/>\n<meta property=\"og:image\" content=\"https:\/\/abaa.mx\/tienda\/wp-content\/uploads\/2020\/10\/Cronometro-Taylor-5839.jpg\" \/>\n\t<meta property=\"og:image:width\" content=\"800\" \/>\n\t<meta property=\"og:image:height\" content=\"800\" \/>\n\t<meta property=\"og:image:type\" content=\"image\/jpeg\" \/>\n<meta name=\"twitter:card\" content=\"summary_large_image\" \/>\n<script type=\"application\/ld+json\" class=\"yoast-schema-graph\">{\"@context\":\"https:\/\/schema.org\",\"@graph\":[{\"@type\":\"WebPage\",\"@id\":\"https:\/\/abaa.mx\/tienda\/cronometro-taylor-5839\/\",\"url\":\"https:\/\/abaa.mx\/tienda\/cronometro-taylor-5839\/\",\"name\":\"Cron\u00f3metro Taylor 5839 - Abaa tienda online\",\"isPartOf\":{\"@id\":\"https:\/\/abaa.mx\/tienda\/#website\"},\"primaryImageOfPage\":{\"@id\":\"https:\/\/abaa.mx\/tienda\/cronometro-taylor-5839\/#primaryimage\"},\"image\":{\"@id\":\"https:\/\/abaa.mx\/tienda\/cronometro-taylor-5839\/#primaryimage\"},\"thumbnailUrl\":\"https:\/\/abaa.mx\/tienda\/wp-content\/uploads\/2020\/10\/Cronometro-Taylor-5839.jpg\",\"datePublished\":\"2020-10-06T23:57:10+00:00\",\"dateModified\":\"2021-04-08T14:32:38+00:00\",\"breadcrumb\":{\"@id\":\"https:\/\/abaa.mx\/tienda\/cronometro-taylor-5839\/#breadcrumb\"},\"inLanguage\":\"es\",\"potentialAction\":[{\"@type\":\"ReadAction\",\"target\":[\"https:\/\/abaa.mx\/tienda\/cronometro-taylor-5839\/\"]}]},{\"@type\":\"ImageObject\",\"inLanguage\":\"es\",\"@id\":\"https:\/\/abaa.mx\/tienda\/cronometro-taylor-5839\/#primaryimage\",\"url\":\"https:\/\/abaa.mx\/tienda\/wp-content\/uploads\/2020\/10\/Cronometro-Taylor-5839.jpg\",\"contentUrl\":\"https:\/\/abaa.mx\/tienda\/wp-content\/uploads\/2020\/10\/Cronometro-Taylor-5839.jpg\",\"width\":800,\"height\":800,\"caption\":\"Cron\u00f3metro Taylor 5839\"},{\"@type\":\"BreadcrumbList\",\"@id\":\"https:\/\/abaa.mx\/tienda\/cronometro-taylor-5839\/#breadcrumb\",\"itemListElement\":[{\"@type\":\"ListItem\",\"position\":1,\"name\":\"Inicio\",\"item\":\"https:\/\/abaa.mx\/tienda\/\"},{\"@type\":\"ListItem\",\"position\":2,\"name\":\"Tienda\",\"item\":\"https:\/\/abaa.mx\/tienda\/\"},{\"@type\":\"ListItem\",\"position\":3,\"name\":\"Cron\u00f3metro Taylor 5839\"}]},{\"@type\":\"WebSite\",\"@id\":\"https:\/\/abaa.mx\/tienda\/#website\",\"url\":\"https:\/\/abaa.mx\/tienda\/\",\"name\":\"Abaa tienda online\",\"description\":\"Instrumentos de medici\u00f3n\",\"publisher\":{\"@id\":\"https:\/\/abaa.mx\/tienda\/#organization\"},\"potentialAction\":[{\"@type\":\"SearchAction\",\"target\":{\"@type\":\"EntryPoint\",\"urlTemplate\":\"https:\/\/abaa.mx\/tienda\/?s={search_term_string}\"},\"query-input\":{\"@type\":\"PropertyValueSpecification\",\"valueRequired\":true,\"valueName\":\"search_term_string\"}}],\"inLanguage\":\"es\"},{\"@type\":\"Organization\",\"@id\":\"https:\/\/abaa.mx\/tienda\/#organization\",\"name\":\"Abaa tienda online\",\"url\":\"https:\/\/abaa.mx\/tienda\/\",\"logo\":{\"@type\":\"ImageObject\",\"inLanguage\":\"es\",\"@id\":\"https:\/\/abaa.mx\/tienda\/#\/schema\/logo\/image\/\",\"url\":\"https:\/\/abaa.mx\/tienda\/wp-content\/uploads\/2024\/01\/abaa-metrologia-tienda.png\",\"contentUrl\":\"https:\/\/abaa.mx\/tienda\/wp-content\/uploads\/2024\/01\/abaa-metrologia-tienda.png\",\"width\":300,\"height\":141,\"caption\":\"Abaa tienda online\"},\"image\":{\"@id\":\"https:\/\/abaa.mx\/tienda\/#\/schema\/logo\/image\/\"}}]}<\/script>\n<!-- \/ Yoast SEO plugin. -->","yoast_head_json":{"title":"Cron\u00f3metro Taylor 5839 - Abaa tienda online","robots":{"index":"index","follow":"follow","max-snippet":"max-snippet:-1","max-image-preview":"max-image-preview:large","max-video-preview":"max-video-preview:-1"},"canonical":"https:\/\/abaa.mx\/tienda\/cronometro-taylor-5839\/","og_locale":"es_MX","og_type":"article","og_title":"Cron\u00f3metro Taylor 5839 - Abaa tienda online","og_description":"El cron\u00f3metro es resistente al agua registra las horas, minutos y segundos, es ideal para usarlo.    Mide el tiempo de hasta cuatro eventos simult\u00e1neamente.   Registro de hasta 9 horas, 59 minutos y 59 segundos en cada evento.   Alarma de 100 decibeles con sonidos diferentes para cada tiempo.   Resistente al agua.   Cubierta antimicrobiana inhibe el crecimiento pat\u00f3geno.   Posicionamiento con stand o montado en pared.","og_url":"https:\/\/abaa.mx\/tienda\/cronometro-taylor-5839\/","og_site_name":"Abaa tienda online","article_modified_time":"2021-04-08T14:32:38+00:00","og_image":[{"width":800,"height":800,"url":"https:\/\/abaa.mx\/tienda\/wp-content\/uploads\/2020\/10\/Cronometro-Taylor-5839.jpg","type":"image\/jpeg"}],"twitter_card":"summary_large_image","schema":{"@context":"https:\/\/schema.org","@graph":[{"@type":"WebPage","@id":"https:\/\/abaa.mx\/tienda\/cronometro-taylor-5839\/","url":"https:\/\/abaa.mx\/tienda\/cronometro-taylor-5839\/","name":"Cron\u00f3metro Taylor 5839 - Abaa tienda online","isPartOf":{"@id":"https:\/\/abaa.mx\/tienda\/#website"},"primaryImageOfPage":{"@id":"https:\/\/abaa.mx\/tienda\/cronometro-taylor-5839\/#primaryimage"},"image":{"@id":"https:\/\/abaa.mx\/tienda\/cronometro-taylor-5839\/#primaryimage"},"thumbnailUrl":"https:\/\/abaa.mx\/tienda\/wp-content\/uploads\/2020\/10\/Cronometro-Taylor-5839.jpg","datePublished":"2020-10-06T23:57:10+00:00","dateModified":"2021-04-08T14:32:38+00:00","breadcrumb":{"@id":"https:\/\/abaa.mx\/tienda\/cronometro-taylor-5839\/#breadcrumb"},"inLanguage":"es","potentialAction":[{"@type":"ReadAction","target":["https:\/\/abaa.mx\/tienda\/cronometro-taylor-5839\/"]}]},{"@type":"ImageObject","inLanguage":"es","@id":"https:\/\/abaa.mx\/tienda\/cronometro-taylor-5839\/#primaryimage","url":"https:\/\/abaa.mx\/tienda\/wp-content\/uploads\/2020\/10\/Cronometro-Taylor-5839.jpg","contentUrl":"https:\/\/abaa.mx\/tienda\/wp-content\/uploads\/2020\/10\/Cronometro-Taylor-5839.jpg","width":800,"height":800,"caption":"Cron\u00f3metro Taylor 5839"},{"@type":"BreadcrumbList","@id":"https:\/\/abaa.mx\/tienda\/cronometro-taylor-5839\/#breadcrumb","itemListElement":[{"@type":"ListItem","position":1,"name":"Inicio","item":"https:\/\/abaa.mx\/tienda\/"},{"@type":"ListItem","position":2,"name":"Tienda","item":"https:\/\/abaa.mx\/tienda\/"},{"@type":"ListItem","position":3,"name":"Cron\u00f3metro Taylor 5839"}]},{"@type":"WebSite","@id":"https:\/\/abaa.mx\/tienda\/#website","url":"https:\/\/abaa.mx\/tienda\/","name":"Abaa tienda online","description":"Instrumentos de medici\u00f3n","publisher":{"@id":"https:\/\/abaa.mx\/tienda\/#organization"},"potentialAction":[{"@type":"SearchAction","target":{"@type":"EntryPoint","urlTemplate":"https:\/\/abaa.mx\/tienda\/?s={search_term_string}"},"query-input":{"@type":"PropertyValueSpecification","valueRequired":true,"valueName":"search_term_string"}}],"inLanguage":"es"},{"@type":"Organization","@id":"https:\/\/abaa.mx\/tienda\/#organization","name":"Abaa tienda online","url":"https:\/\/abaa.mx\/tienda\/","logo":{"@type":"ImageObject","inLanguage":"es","@id":"https:\/\/abaa.mx\/tienda\/#\/schema\/logo\/image\/","url":"https:\/\/abaa.mx\/tienda\/wp-content\/uploads\/2024\/01\/abaa-metrologia-tienda.png","contentUrl":"https:\/\/abaa.mx\/tienda\/wp-content\/uploads\/2024\/01\/abaa-metrologia-tienda.png","width":300,"height":141,"caption":"Abaa tienda online"},"image":{"@id":"https:\/\/abaa.mx\/tienda\/#\/schema\/logo\/image\/"}}]}},"_links":{"self":[{"href":"https:\/\/abaa.mx\/tienda\/wp-json\/wp\/v2\/product\/839","targetHints":{"allow":["GET"]}}],"collection":[{"href":"https:\/\/abaa.mx\/tienda\/wp-json\/wp\/v2\/product"}],"about":[{"href":"https:\/\/abaa.mx\/tienda\/wp-json\/wp\/v2\/types\/product"}],"replies":[{"embeddable":true,"href":"https:\/\/abaa.mx\/tienda\/wp-json\/wp\/v2\/comments?post=839"}],"wp:featuredmedia":[{"embeddable":true,"href":"https:\/\/abaa.mx\/tienda\/wp-json\/wp\/v2\/media\/1129"}],"wp:attachment":[{"href":"https:\/\/abaa.mx\/tienda\/wp-json\/wp\/v2\/media?parent=839"}],"wp:term":[{"taxonomy":"product_brand","embeddable":true,"href":"https:\/\/abaa.mx\/tienda\/wp-json\/wp\/v2\/product_brand?post=839"},{"taxonomy":"product_cat","embeddable":true,"href":"https:\/\/abaa.mx\/tienda\/wp-json\/wp\/v2\/product_cat?post=839"},{"taxonomy":"product_tag","embeddable":true,"href":"https:\/\/abaa.mx\/tienda\/wp-json\/wp\/v2\/product_tag?post=839"}],"curies":[{"name":"wp","href":"https:\/\/api.w.org\/{rel}","templated":true}]}}