{"id":8387,"date":"2023-11-01T17:42:16","date_gmt":"2023-11-01T17:42:16","guid":{"rendered":"https:\/\/abaa.mx\/tienda\/?post_type=product&#038;p=8387"},"modified":"2023-11-01T17:42:17","modified_gmt":"2023-11-01T17:42:17","slug":"medidor-de-radiacion-solar-tenmars-tm206","status":"publish","type":"product","link":"https:\/\/abaa.mx\/tienda\/medidor-de-radiacion-solar-tenmars-tm206\/","title":{"rendered":"Medidor de Radiaci\u00f3n Solar, Tenmars &#8211; TM206"},"content":{"rendered":"<p>Medidor de Radiaci\u00f3n Solar, Tenmars &#8211; TM206<\/p>\n","protected":false},"excerpt":{"rendered":"<p><strong>TM-206 Medidor de energ\u00eda solar<\/strong><\/p>\n<ul>\n<li>Medici\u00f3n de la radiaci\u00f3n solar emitida por el sol.<\/li>\n<li>Pantalla LCD de 3\u00bd d\u00edgitos con lectura m\u00e1xima de 2000.<\/li>\n<li>Funciones Data Hold \/ MAX \/ MIN.<\/li>\n<li>Unidades de visualizaci\u00f3n: W \/ m2 (Watts por metro cuadrado) o BTU.<\/li>\n<\/ul>\n<p><strong>Car\u00e1cter del producto<\/strong>: El medidor de energ\u00eda solar TM-206 es ideal para medir la radiaci\u00f3n solar que emite el sol a partir de una reacci\u00f3n de fusi\u00f3n nuclear que crea energ\u00eda electromagn\u00e9tica. El fantasma de radiaci\u00f3n del sol es pr\u00f3ximo al de un cuerpo negro con una temperatura de precisamente 5800 K. Aproximadamente la mitad de la radiaci\u00f3n est\u00e1 en la parte aparente de onda corta del fantasma electromagn\u00e9tico. La otra mitad se encuentra principalmente en la una parte del infrarrojo pr\u00f3ximo , con algo en la parte ultravioleta del espectro.<\/p>\n","protected":false},"featured_media":8388,"comment_status":"open","ping_status":"closed","template":"","meta":{"_joinchat":[]},"product_brand":[],"product_cat":[99],"product_tag":[],"class_list":{"0":"post-8387","1":"product","2":"type-product","3":"status-publish","4":"has-post-thumbnail","6":"product_cat-luxometros","8":"first","9":"instock","10":"shipping-taxable","11":"product-type-simple"},"yoast_head":"<!-- This site is optimized with the Yoast SEO plugin v26.4 - https:\/\/yoast.com\/wordpress\/plugins\/seo\/ -->\n<title>Medidor de Radiaci\u00f3n Solar, Tenmars - TM206 - Abaa tienda online<\/title>\n<meta name=\"robots\" content=\"index, follow, max-snippet:-1, max-image-preview:large, max-video-preview:-1\" \/>\n<link rel=\"canonical\" href=\"https:\/\/abaa.mx\/tienda\/medidor-de-radiacion-solar-tenmars-tm206\/\" \/>\n<meta property=\"og:locale\" content=\"es_MX\" \/>\n<meta property=\"og:type\" content=\"article\" \/>\n<meta property=\"og:title\" content=\"Medidor de Radiaci\u00f3n Solar, Tenmars - TM206 - Abaa tienda online\" \/>\n<meta property=\"og:description\" content=\"TM-206 Medidor de energ\u00eda solar   Medici\u00f3n de la radiaci\u00f3n solar emitida por el sol.  Pantalla LCD de 3\u00bd d\u00edgitos con lectura m\u00e1xima de 2000.  Funciones Data Hold \/ MAX \/ MIN.  Unidades de visualizaci\u00f3n: W \/ m2 (Watts por metro cuadrado) o BTU.  Car\u00e1cter del producto: El medidor de energ\u00eda solar TM-206 es ideal para medir la radiaci\u00f3n solar que emite el sol a partir de una reacci\u00f3n de fusi\u00f3n nuclear que crea energ\u00eda electromagn\u00e9tica. El fantasma de radiaci\u00f3n del sol es pr\u00f3ximo al de un cuerpo negro con una temperatura de precisamente 5800 K. Aproximadamente la mitad de la radiaci\u00f3n est\u00e1 en la parte aparente de onda corta del fantasma electromagn\u00e9tico. La otra mitad se encuentra principalmente en la una parte del infrarrojo pr\u00f3ximo , con algo en la parte ultravioleta del espectro.\" \/>\n<meta property=\"og:url\" content=\"https:\/\/abaa.mx\/tienda\/medidor-de-radiacion-solar-tenmars-tm206\/\" \/>\n<meta property=\"og:site_name\" content=\"Abaa tienda online\" \/>\n<meta property=\"article:modified_time\" content=\"2023-11-01T17:42:17+00:00\" \/>\n<meta property=\"og:image\" content=\"https:\/\/abaa.mx\/tienda\/wp-content\/uploads\/2023\/11\/TENMARS-TM206.jpg\" \/>\n\t<meta property=\"og:image:width\" content=\"495\" \/>\n\t<meta property=\"og:image:height\" content=\"490\" \/>\n\t<meta property=\"og:image:type\" content=\"image\/jpeg\" \/>\n<meta name=\"twitter:card\" content=\"summary_large_image\" \/>\n<meta name=\"twitter:label1\" content=\"Tiempo de lectura\" \/>\n\t<meta name=\"twitter:data1\" content=\"1 minuto\" \/>\n<script type=\"application\/ld+json\" class=\"yoast-schema-graph\">{\"@context\":\"https:\/\/schema.org\",\"@graph\":[{\"@type\":\"WebPage\",\"@id\":\"https:\/\/abaa.mx\/tienda\/medidor-de-radiacion-solar-tenmars-tm206\/\",\"url\":\"https:\/\/abaa.mx\/tienda\/medidor-de-radiacion-solar-tenmars-tm206\/\",\"name\":\"Medidor de Radiaci\u00f3n Solar, Tenmars - TM206 - Abaa tienda online\",\"isPartOf\":{\"@id\":\"https:\/\/abaa.mx\/tienda\/#website\"},\"primaryImageOfPage\":{\"@id\":\"https:\/\/abaa.mx\/tienda\/medidor-de-radiacion-solar-tenmars-tm206\/#primaryimage\"},\"image\":{\"@id\":\"https:\/\/abaa.mx\/tienda\/medidor-de-radiacion-solar-tenmars-tm206\/#primaryimage\"},\"thumbnailUrl\":\"https:\/\/abaa.mx\/tienda\/wp-content\/uploads\/2023\/11\/TENMARS-TM206.jpg\",\"datePublished\":\"2023-11-01T17:42:16+00:00\",\"dateModified\":\"2023-11-01T17:42:17+00:00\",\"breadcrumb\":{\"@id\":\"https:\/\/abaa.mx\/tienda\/medidor-de-radiacion-solar-tenmars-tm206\/#breadcrumb\"},\"inLanguage\":\"es\",\"potentialAction\":[{\"@type\":\"ReadAction\",\"target\":[\"https:\/\/abaa.mx\/tienda\/medidor-de-radiacion-solar-tenmars-tm206\/\"]}]},{\"@type\":\"ImageObject\",\"inLanguage\":\"es\",\"@id\":\"https:\/\/abaa.mx\/tienda\/medidor-de-radiacion-solar-tenmars-tm206\/#primaryimage\",\"url\":\"https:\/\/abaa.mx\/tienda\/wp-content\/uploads\/2023\/11\/TENMARS-TM206.jpg\",\"contentUrl\":\"https:\/\/abaa.mx\/tienda\/wp-content\/uploads\/2023\/11\/TENMARS-TM206.jpg\",\"width\":495,\"height\":490,\"caption\":\"TENMARS-TM206\"},{\"@type\":\"BreadcrumbList\",\"@id\":\"https:\/\/abaa.mx\/tienda\/medidor-de-radiacion-solar-tenmars-tm206\/#breadcrumb\",\"itemListElement\":[{\"@type\":\"ListItem\",\"position\":1,\"name\":\"Inicio\",\"item\":\"https:\/\/abaa.mx\/tienda\/\"},{\"@type\":\"ListItem\",\"position\":2,\"name\":\"Tienda\",\"item\":\"https:\/\/abaa.mx\/tienda\/\"},{\"@type\":\"ListItem\",\"position\":3,\"name\":\"Medidor de Radiaci\u00f3n Solar, Tenmars &#8211; TM206\"}]},{\"@type\":\"WebSite\",\"@id\":\"https:\/\/abaa.mx\/tienda\/#website\",\"url\":\"https:\/\/abaa.mx\/tienda\/\",\"name\":\"Abaa tienda online\",\"description\":\"Instrumentos de medici\u00f3n\",\"publisher\":{\"@id\":\"https:\/\/abaa.mx\/tienda\/#organization\"},\"potentialAction\":[{\"@type\":\"SearchAction\",\"target\":{\"@type\":\"EntryPoint\",\"urlTemplate\":\"https:\/\/abaa.mx\/tienda\/?s={search_term_string}\"},\"query-input\":{\"@type\":\"PropertyValueSpecification\",\"valueRequired\":true,\"valueName\":\"search_term_string\"}}],\"inLanguage\":\"es\"},{\"@type\":\"Organization\",\"@id\":\"https:\/\/abaa.mx\/tienda\/#organization\",\"name\":\"Abaa tienda online\",\"url\":\"https:\/\/abaa.mx\/tienda\/\",\"logo\":{\"@type\":\"ImageObject\",\"inLanguage\":\"es\",\"@id\":\"https:\/\/abaa.mx\/tienda\/#\/schema\/logo\/image\/\",\"url\":\"https:\/\/abaa.mx\/tienda\/wp-content\/uploads\/2024\/01\/abaa-metrologia-tienda.png\",\"contentUrl\":\"https:\/\/abaa.mx\/tienda\/wp-content\/uploads\/2024\/01\/abaa-metrologia-tienda.png\",\"width\":300,\"height\":141,\"caption\":\"Abaa tienda online\"},\"image\":{\"@id\":\"https:\/\/abaa.mx\/tienda\/#\/schema\/logo\/image\/\"}}]}<\/script>\n<!-- \/ Yoast SEO plugin. -->","yoast_head_json":{"title":"Medidor de Radiaci\u00f3n Solar, Tenmars - TM206 - Abaa tienda online","robots":{"index":"index","follow":"follow","max-snippet":"max-snippet:-1","max-image-preview":"max-image-preview:large","max-video-preview":"max-video-preview:-1"},"canonical":"https:\/\/abaa.mx\/tienda\/medidor-de-radiacion-solar-tenmars-tm206\/","og_locale":"es_MX","og_type":"article","og_title":"Medidor de Radiaci\u00f3n Solar, Tenmars - TM206 - Abaa tienda online","og_description":"TM-206 Medidor de energ\u00eda solar   Medici\u00f3n de la radiaci\u00f3n solar emitida por el sol.  Pantalla LCD de 3\u00bd d\u00edgitos con lectura m\u00e1xima de 2000.  Funciones Data Hold \/ MAX \/ MIN.  Unidades de visualizaci\u00f3n: W \/ m2 (Watts por metro cuadrado) o BTU.  Car\u00e1cter del producto: El medidor de energ\u00eda solar TM-206 es ideal para medir la radiaci\u00f3n solar que emite el sol a partir de una reacci\u00f3n de fusi\u00f3n nuclear que crea energ\u00eda electromagn\u00e9tica. El fantasma de radiaci\u00f3n del sol es pr\u00f3ximo al de un cuerpo negro con una temperatura de precisamente 5800 K. Aproximadamente la mitad de la radiaci\u00f3n est\u00e1 en la parte aparente de onda corta del fantasma electromagn\u00e9tico. La otra mitad se encuentra principalmente en la una parte del infrarrojo pr\u00f3ximo , con algo en la parte ultravioleta del espectro.","og_url":"https:\/\/abaa.mx\/tienda\/medidor-de-radiacion-solar-tenmars-tm206\/","og_site_name":"Abaa tienda online","article_modified_time":"2023-11-01T17:42:17+00:00","og_image":[{"width":495,"height":490,"url":"https:\/\/abaa.mx\/tienda\/wp-content\/uploads\/2023\/11\/TENMARS-TM206.jpg","type":"image\/jpeg"}],"twitter_card":"summary_large_image","twitter_misc":{"Tiempo de lectura":"1 minuto"},"schema":{"@context":"https:\/\/schema.org","@graph":[{"@type":"WebPage","@id":"https:\/\/abaa.mx\/tienda\/medidor-de-radiacion-solar-tenmars-tm206\/","url":"https:\/\/abaa.mx\/tienda\/medidor-de-radiacion-solar-tenmars-tm206\/","name":"Medidor de Radiaci\u00f3n Solar, Tenmars - TM206 - Abaa tienda online","isPartOf":{"@id":"https:\/\/abaa.mx\/tienda\/#website"},"primaryImageOfPage":{"@id":"https:\/\/abaa.mx\/tienda\/medidor-de-radiacion-solar-tenmars-tm206\/#primaryimage"},"image":{"@id":"https:\/\/abaa.mx\/tienda\/medidor-de-radiacion-solar-tenmars-tm206\/#primaryimage"},"thumbnailUrl":"https:\/\/abaa.mx\/tienda\/wp-content\/uploads\/2023\/11\/TENMARS-TM206.jpg","datePublished":"2023-11-01T17:42:16+00:00","dateModified":"2023-11-01T17:42:17+00:00","breadcrumb":{"@id":"https:\/\/abaa.mx\/tienda\/medidor-de-radiacion-solar-tenmars-tm206\/#breadcrumb"},"inLanguage":"es","potentialAction":[{"@type":"ReadAction","target":["https:\/\/abaa.mx\/tienda\/medidor-de-radiacion-solar-tenmars-tm206\/"]}]},{"@type":"ImageObject","inLanguage":"es","@id":"https:\/\/abaa.mx\/tienda\/medidor-de-radiacion-solar-tenmars-tm206\/#primaryimage","url":"https:\/\/abaa.mx\/tienda\/wp-content\/uploads\/2023\/11\/TENMARS-TM206.jpg","contentUrl":"https:\/\/abaa.mx\/tienda\/wp-content\/uploads\/2023\/11\/TENMARS-TM206.jpg","width":495,"height":490,"caption":"TENMARS-TM206"},{"@type":"BreadcrumbList","@id":"https:\/\/abaa.mx\/tienda\/medidor-de-radiacion-solar-tenmars-tm206\/#breadcrumb","itemListElement":[{"@type":"ListItem","position":1,"name":"Inicio","item":"https:\/\/abaa.mx\/tienda\/"},{"@type":"ListItem","position":2,"name":"Tienda","item":"https:\/\/abaa.mx\/tienda\/"},{"@type":"ListItem","position":3,"name":"Medidor de Radiaci\u00f3n Solar, Tenmars &#8211; TM206"}]},{"@type":"WebSite","@id":"https:\/\/abaa.mx\/tienda\/#website","url":"https:\/\/abaa.mx\/tienda\/","name":"Abaa tienda online","description":"Instrumentos de medici\u00f3n","publisher":{"@id":"https:\/\/abaa.mx\/tienda\/#organization"},"potentialAction":[{"@type":"SearchAction","target":{"@type":"EntryPoint","urlTemplate":"https:\/\/abaa.mx\/tienda\/?s={search_term_string}"},"query-input":{"@type":"PropertyValueSpecification","valueRequired":true,"valueName":"search_term_string"}}],"inLanguage":"es"},{"@type":"Organization","@id":"https:\/\/abaa.mx\/tienda\/#organization","name":"Abaa tienda online","url":"https:\/\/abaa.mx\/tienda\/","logo":{"@type":"ImageObject","inLanguage":"es","@id":"https:\/\/abaa.mx\/tienda\/#\/schema\/logo\/image\/","url":"https:\/\/abaa.mx\/tienda\/wp-content\/uploads\/2024\/01\/abaa-metrologia-tienda.png","contentUrl":"https:\/\/abaa.mx\/tienda\/wp-content\/uploads\/2024\/01\/abaa-metrologia-tienda.png","width":300,"height":141,"caption":"Abaa tienda online"},"image":{"@id":"https:\/\/abaa.mx\/tienda\/#\/schema\/logo\/image\/"}}]}},"_links":{"self":[{"href":"https:\/\/abaa.mx\/tienda\/wp-json\/wp\/v2\/product\/8387","targetHints":{"allow":["GET"]}}],"collection":[{"href":"https:\/\/abaa.mx\/tienda\/wp-json\/wp\/v2\/product"}],"about":[{"href":"https:\/\/abaa.mx\/tienda\/wp-json\/wp\/v2\/types\/product"}],"replies":[{"embeddable":true,"href":"https:\/\/abaa.mx\/tienda\/wp-json\/wp\/v2\/comments?post=8387"}],"wp:featuredmedia":[{"embeddable":true,"href":"https:\/\/abaa.mx\/tienda\/wp-json\/wp\/v2\/media\/8388"}],"wp:attachment":[{"href":"https:\/\/abaa.mx\/tienda\/wp-json\/wp\/v2\/media?parent=8387"}],"wp:term":[{"taxonomy":"product_brand","embeddable":true,"href":"https:\/\/abaa.mx\/tienda\/wp-json\/wp\/v2\/product_brand?post=8387"},{"taxonomy":"product_cat","embeddable":true,"href":"https:\/\/abaa.mx\/tienda\/wp-json\/wp\/v2\/product_cat?post=8387"},{"taxonomy":"product_tag","embeddable":true,"href":"https:\/\/abaa.mx\/tienda\/wp-json\/wp\/v2\/product_tag?post=8387"}],"curies":[{"name":"wp","href":"https:\/\/api.w.org\/{rel}","templated":true}]}}