{"id":8385,"date":"2023-11-01T17:37:15","date_gmt":"2023-11-01T17:37:15","guid":{"rendered":"https:\/\/abaa.mx\/tienda\/?post_type=product&#038;p=8385"},"modified":"2023-11-01T17:37:16","modified_gmt":"2023-11-01T17:37:16","slug":"medidor-de-luz-uva-uvc-lutron-yk37uvsd","status":"publish","type":"product","link":"https:\/\/abaa.mx\/tienda\/medidor-de-luz-uva-uvc-lutron-yk37uvsd\/","title":{"rendered":"Medidor de luz UVA UVC Lutron &#8211; YK37UVSD"},"content":{"rendered":"<p>Medidor de luz UVA UVC Lutron &#8211; YK37UVSD<\/p>\n","protected":false},"excerpt":{"rendered":"<p><b>Caracter\u00edsticas:<\/b><\/p>\n<ul>\n<li>Medici\u00f3n de luz UVA, UVC en un metro.<\/li>\n<li>Medici\u00f3n de irradiaci\u00f3n ultravioleta de onda larga de 365 nm.<\/li>\n<li>Medidor de luz UVA profesional, utilizado para medir el valor de irradiaci\u00f3n UVA bajo la fuente de luz UVA (luz negra).<\/li>\n<li>Medida de irradiaci\u00f3n ultravioleta de onda corta de 254 nm.<\/li>\n<li>Medidor de luz UVC profesional, utilizado para medir el valor de radiaci\u00f3n UV bajo la fuente de luz UVC.<\/li>\n<li>Dos rangos: 2 mW \/ cm ^ 2, 20 mW \/ cm ^ 2<\/li>\n<li>Estructura exclusiva del sensor UV con carcasa met\u00e1lica.<\/li>\n<li>Sensor L UV con filtro de correcci\u00f3n de coseno.<\/li>\n<li>Funci\u00f3n UV construir bot\u00f3n cero.<\/li>\n<li>Aplicaci\u00f3n para la medici\u00f3n de luz UV: Monitoreo de los riesgos de radiaci\u00f3n de luz azul en soldadura, esterilizaci\u00f3n UV, artes gr\u00e1ficas, coincidencia fotoqu\u00edmica, borrado de EPROM UV, exposici\u00f3n a fotorresistencia, curado de tintas, adhesivos y recubrimientos.<\/li>\n<\/ul>\n","protected":false},"featured_media":8386,"comment_status":"open","ping_status":"closed","template":"","meta":{"_joinchat":[]},"product_brand":[],"product_cat":[99],"product_tag":[],"class_list":{"0":"post-8385","1":"product","2":"type-product","3":"status-publish","4":"has-post-thumbnail","6":"product_cat-luxometros","8":"first","9":"instock","10":"shipping-taxable","11":"product-type-simple"},"yoast_head":"<!-- This site is optimized with the Yoast SEO plugin v26.4 - https:\/\/yoast.com\/wordpress\/plugins\/seo\/ -->\n<title>Medidor de luz UVA UVC Lutron - YK37UVSD - Abaa tienda online<\/title>\n<meta name=\"robots\" content=\"index, follow, max-snippet:-1, max-image-preview:large, max-video-preview:-1\" \/>\n<link rel=\"canonical\" href=\"https:\/\/abaa.mx\/tienda\/medidor-de-luz-uva-uvc-lutron-yk37uvsd\/\" \/>\n<meta property=\"og:locale\" content=\"es_MX\" \/>\n<meta property=\"og:type\" content=\"article\" \/>\n<meta property=\"og:title\" content=\"Medidor de luz UVA UVC Lutron - YK37UVSD - Abaa tienda online\" \/>\n<meta property=\"og:description\" content=\"Caracter\u00edsticas:   Medici\u00f3n de luz UVA, UVC en un metro.  Medici\u00f3n de irradiaci\u00f3n ultravioleta de onda larga de 365 nm.  Medidor de luz UVA profesional, utilizado para medir el valor de irradiaci\u00f3n UVA bajo la fuente de luz UVA (luz negra).  Medida de irradiaci\u00f3n ultravioleta de onda corta de 254 nm.  Medidor de luz UVC profesional, utilizado para medir el valor de radiaci\u00f3n UV bajo la fuente de luz UVC.  Dos rangos: 2 mW \/ cm ^ 2, 20 mW \/ cm ^ 2  Estructura exclusiva del sensor UV con carcasa met\u00e1lica.  Sensor L UV con filtro de correcci\u00f3n de coseno.  Funci\u00f3n UV construir bot\u00f3n cero.  Aplicaci\u00f3n para la medici\u00f3n de luz UV: Monitoreo de los riesgos de radiaci\u00f3n de luz azul en soldadura, esterilizaci\u00f3n UV, artes gr\u00e1ficas, coincidencia fotoqu\u00edmica, borrado de EPROM UV, exposici\u00f3n a fotorresistencia, curado de tintas, adhesivos y recubrimientos.\" \/>\n<meta property=\"og:url\" content=\"https:\/\/abaa.mx\/tienda\/medidor-de-luz-uva-uvc-lutron-yk37uvsd\/\" \/>\n<meta property=\"og:site_name\" content=\"Abaa tienda online\" \/>\n<meta property=\"article:modified_time\" content=\"2023-11-01T17:37:16+00:00\" \/>\n<meta property=\"og:image\" content=\"https:\/\/abaa.mx\/tienda\/wp-content\/uploads\/2023\/11\/LUTRON-YK37UVSD.jpg\" \/>\n\t<meta property=\"og:image:width\" content=\"455\" \/>\n\t<meta property=\"og:image:height\" content=\"451\" \/>\n\t<meta property=\"og:image:type\" content=\"image\/jpeg\" \/>\n<meta name=\"twitter:card\" content=\"summary_large_image\" \/>\n<meta name=\"twitter:label1\" content=\"Tiempo de lectura\" \/>\n\t<meta name=\"twitter:data1\" content=\"1 minuto\" \/>\n<script type=\"application\/ld+json\" class=\"yoast-schema-graph\">{\"@context\":\"https:\/\/schema.org\",\"@graph\":[{\"@type\":\"WebPage\",\"@id\":\"https:\/\/abaa.mx\/tienda\/medidor-de-luz-uva-uvc-lutron-yk37uvsd\/\",\"url\":\"https:\/\/abaa.mx\/tienda\/medidor-de-luz-uva-uvc-lutron-yk37uvsd\/\",\"name\":\"Medidor de luz UVA UVC Lutron - YK37UVSD - Abaa tienda online\",\"isPartOf\":{\"@id\":\"https:\/\/abaa.mx\/tienda\/#website\"},\"primaryImageOfPage\":{\"@id\":\"https:\/\/abaa.mx\/tienda\/medidor-de-luz-uva-uvc-lutron-yk37uvsd\/#primaryimage\"},\"image\":{\"@id\":\"https:\/\/abaa.mx\/tienda\/medidor-de-luz-uva-uvc-lutron-yk37uvsd\/#primaryimage\"},\"thumbnailUrl\":\"https:\/\/abaa.mx\/tienda\/wp-content\/uploads\/2023\/11\/LUTRON-YK37UVSD.jpg\",\"datePublished\":\"2023-11-01T17:37:15+00:00\",\"dateModified\":\"2023-11-01T17:37:16+00:00\",\"breadcrumb\":{\"@id\":\"https:\/\/abaa.mx\/tienda\/medidor-de-luz-uva-uvc-lutron-yk37uvsd\/#breadcrumb\"},\"inLanguage\":\"es\",\"potentialAction\":[{\"@type\":\"ReadAction\",\"target\":[\"https:\/\/abaa.mx\/tienda\/medidor-de-luz-uva-uvc-lutron-yk37uvsd\/\"]}]},{\"@type\":\"ImageObject\",\"inLanguage\":\"es\",\"@id\":\"https:\/\/abaa.mx\/tienda\/medidor-de-luz-uva-uvc-lutron-yk37uvsd\/#primaryimage\",\"url\":\"https:\/\/abaa.mx\/tienda\/wp-content\/uploads\/2023\/11\/LUTRON-YK37UVSD.jpg\",\"contentUrl\":\"https:\/\/abaa.mx\/tienda\/wp-content\/uploads\/2023\/11\/LUTRON-YK37UVSD.jpg\",\"width\":455,\"height\":451,\"caption\":\"LUTRON-YK37UVSD\"},{\"@type\":\"BreadcrumbList\",\"@id\":\"https:\/\/abaa.mx\/tienda\/medidor-de-luz-uva-uvc-lutron-yk37uvsd\/#breadcrumb\",\"itemListElement\":[{\"@type\":\"ListItem\",\"position\":1,\"name\":\"Inicio\",\"item\":\"https:\/\/abaa.mx\/tienda\/\"},{\"@type\":\"ListItem\",\"position\":2,\"name\":\"Tienda\",\"item\":\"https:\/\/abaa.mx\/tienda\/\"},{\"@type\":\"ListItem\",\"position\":3,\"name\":\"Medidor de luz UVA UVC Lutron &#8211; YK37UVSD\"}]},{\"@type\":\"WebSite\",\"@id\":\"https:\/\/abaa.mx\/tienda\/#website\",\"url\":\"https:\/\/abaa.mx\/tienda\/\",\"name\":\"Abaa tienda online\",\"description\":\"Instrumentos de medici\u00f3n\",\"publisher\":{\"@id\":\"https:\/\/abaa.mx\/tienda\/#organization\"},\"potentialAction\":[{\"@type\":\"SearchAction\",\"target\":{\"@type\":\"EntryPoint\",\"urlTemplate\":\"https:\/\/abaa.mx\/tienda\/?s={search_term_string}\"},\"query-input\":{\"@type\":\"PropertyValueSpecification\",\"valueRequired\":true,\"valueName\":\"search_term_string\"}}],\"inLanguage\":\"es\"},{\"@type\":\"Organization\",\"@id\":\"https:\/\/abaa.mx\/tienda\/#organization\",\"name\":\"Abaa tienda online\",\"url\":\"https:\/\/abaa.mx\/tienda\/\",\"logo\":{\"@type\":\"ImageObject\",\"inLanguage\":\"es\",\"@id\":\"https:\/\/abaa.mx\/tienda\/#\/schema\/logo\/image\/\",\"url\":\"https:\/\/abaa.mx\/tienda\/wp-content\/uploads\/2024\/01\/abaa-metrologia-tienda.png\",\"contentUrl\":\"https:\/\/abaa.mx\/tienda\/wp-content\/uploads\/2024\/01\/abaa-metrologia-tienda.png\",\"width\":300,\"height\":141,\"caption\":\"Abaa tienda online\"},\"image\":{\"@id\":\"https:\/\/abaa.mx\/tienda\/#\/schema\/logo\/image\/\"}}]}<\/script>\n<!-- \/ Yoast SEO plugin. -->","yoast_head_json":{"title":"Medidor de luz UVA UVC Lutron - YK37UVSD - Abaa tienda online","robots":{"index":"index","follow":"follow","max-snippet":"max-snippet:-1","max-image-preview":"max-image-preview:large","max-video-preview":"max-video-preview:-1"},"canonical":"https:\/\/abaa.mx\/tienda\/medidor-de-luz-uva-uvc-lutron-yk37uvsd\/","og_locale":"es_MX","og_type":"article","og_title":"Medidor de luz UVA UVC Lutron - YK37UVSD - Abaa tienda online","og_description":"Caracter\u00edsticas:   Medici\u00f3n de luz UVA, UVC en un metro.  Medici\u00f3n de irradiaci\u00f3n ultravioleta de onda larga de 365 nm.  Medidor de luz UVA profesional, utilizado para medir el valor de irradiaci\u00f3n UVA bajo la fuente de luz UVA (luz negra).  Medida de irradiaci\u00f3n ultravioleta de onda corta de 254 nm.  Medidor de luz UVC profesional, utilizado para medir el valor de radiaci\u00f3n UV bajo la fuente de luz UVC.  Dos rangos: 2 mW \/ cm ^ 2, 20 mW \/ cm ^ 2  Estructura exclusiva del sensor UV con carcasa met\u00e1lica.  Sensor L UV con filtro de correcci\u00f3n de coseno.  Funci\u00f3n UV construir bot\u00f3n cero.  Aplicaci\u00f3n para la medici\u00f3n de luz UV: Monitoreo de los riesgos de radiaci\u00f3n de luz azul en soldadura, esterilizaci\u00f3n UV, artes gr\u00e1ficas, coincidencia fotoqu\u00edmica, borrado de EPROM UV, exposici\u00f3n a fotorresistencia, curado de tintas, adhesivos y recubrimientos.","og_url":"https:\/\/abaa.mx\/tienda\/medidor-de-luz-uva-uvc-lutron-yk37uvsd\/","og_site_name":"Abaa tienda online","article_modified_time":"2023-11-01T17:37:16+00:00","og_image":[{"width":455,"height":451,"url":"https:\/\/abaa.mx\/tienda\/wp-content\/uploads\/2023\/11\/LUTRON-YK37UVSD.jpg","type":"image\/jpeg"}],"twitter_card":"summary_large_image","twitter_misc":{"Tiempo de lectura":"1 minuto"},"schema":{"@context":"https:\/\/schema.org","@graph":[{"@type":"WebPage","@id":"https:\/\/abaa.mx\/tienda\/medidor-de-luz-uva-uvc-lutron-yk37uvsd\/","url":"https:\/\/abaa.mx\/tienda\/medidor-de-luz-uva-uvc-lutron-yk37uvsd\/","name":"Medidor de luz UVA UVC Lutron - YK37UVSD - Abaa tienda online","isPartOf":{"@id":"https:\/\/abaa.mx\/tienda\/#website"},"primaryImageOfPage":{"@id":"https:\/\/abaa.mx\/tienda\/medidor-de-luz-uva-uvc-lutron-yk37uvsd\/#primaryimage"},"image":{"@id":"https:\/\/abaa.mx\/tienda\/medidor-de-luz-uva-uvc-lutron-yk37uvsd\/#primaryimage"},"thumbnailUrl":"https:\/\/abaa.mx\/tienda\/wp-content\/uploads\/2023\/11\/LUTRON-YK37UVSD.jpg","datePublished":"2023-11-01T17:37:15+00:00","dateModified":"2023-11-01T17:37:16+00:00","breadcrumb":{"@id":"https:\/\/abaa.mx\/tienda\/medidor-de-luz-uva-uvc-lutron-yk37uvsd\/#breadcrumb"},"inLanguage":"es","potentialAction":[{"@type":"ReadAction","target":["https:\/\/abaa.mx\/tienda\/medidor-de-luz-uva-uvc-lutron-yk37uvsd\/"]}]},{"@type":"ImageObject","inLanguage":"es","@id":"https:\/\/abaa.mx\/tienda\/medidor-de-luz-uva-uvc-lutron-yk37uvsd\/#primaryimage","url":"https:\/\/abaa.mx\/tienda\/wp-content\/uploads\/2023\/11\/LUTRON-YK37UVSD.jpg","contentUrl":"https:\/\/abaa.mx\/tienda\/wp-content\/uploads\/2023\/11\/LUTRON-YK37UVSD.jpg","width":455,"height":451,"caption":"LUTRON-YK37UVSD"},{"@type":"BreadcrumbList","@id":"https:\/\/abaa.mx\/tienda\/medidor-de-luz-uva-uvc-lutron-yk37uvsd\/#breadcrumb","itemListElement":[{"@type":"ListItem","position":1,"name":"Inicio","item":"https:\/\/abaa.mx\/tienda\/"},{"@type":"ListItem","position":2,"name":"Tienda","item":"https:\/\/abaa.mx\/tienda\/"},{"@type":"ListItem","position":3,"name":"Medidor de luz UVA UVC Lutron &#8211; YK37UVSD"}]},{"@type":"WebSite","@id":"https:\/\/abaa.mx\/tienda\/#website","url":"https:\/\/abaa.mx\/tienda\/","name":"Abaa tienda online","description":"Instrumentos de medici\u00f3n","publisher":{"@id":"https:\/\/abaa.mx\/tienda\/#organization"},"potentialAction":[{"@type":"SearchAction","target":{"@type":"EntryPoint","urlTemplate":"https:\/\/abaa.mx\/tienda\/?s={search_term_string}"},"query-input":{"@type":"PropertyValueSpecification","valueRequired":true,"valueName":"search_term_string"}}],"inLanguage":"es"},{"@type":"Organization","@id":"https:\/\/abaa.mx\/tienda\/#organization","name":"Abaa tienda online","url":"https:\/\/abaa.mx\/tienda\/","logo":{"@type":"ImageObject","inLanguage":"es","@id":"https:\/\/abaa.mx\/tienda\/#\/schema\/logo\/image\/","url":"https:\/\/abaa.mx\/tienda\/wp-content\/uploads\/2024\/01\/abaa-metrologia-tienda.png","contentUrl":"https:\/\/abaa.mx\/tienda\/wp-content\/uploads\/2024\/01\/abaa-metrologia-tienda.png","width":300,"height":141,"caption":"Abaa tienda online"},"image":{"@id":"https:\/\/abaa.mx\/tienda\/#\/schema\/logo\/image\/"}}]}},"_links":{"self":[{"href":"https:\/\/abaa.mx\/tienda\/wp-json\/wp\/v2\/product\/8385","targetHints":{"allow":["GET"]}}],"collection":[{"href":"https:\/\/abaa.mx\/tienda\/wp-json\/wp\/v2\/product"}],"about":[{"href":"https:\/\/abaa.mx\/tienda\/wp-json\/wp\/v2\/types\/product"}],"replies":[{"embeddable":true,"href":"https:\/\/abaa.mx\/tienda\/wp-json\/wp\/v2\/comments?post=8385"}],"wp:featuredmedia":[{"embeddable":true,"href":"https:\/\/abaa.mx\/tienda\/wp-json\/wp\/v2\/media\/8386"}],"wp:attachment":[{"href":"https:\/\/abaa.mx\/tienda\/wp-json\/wp\/v2\/media?parent=8385"}],"wp:term":[{"taxonomy":"product_brand","embeddable":true,"href":"https:\/\/abaa.mx\/tienda\/wp-json\/wp\/v2\/product_brand?post=8385"},{"taxonomy":"product_cat","embeddable":true,"href":"https:\/\/abaa.mx\/tienda\/wp-json\/wp\/v2\/product_cat?post=8385"},{"taxonomy":"product_tag","embeddable":true,"href":"https:\/\/abaa.mx\/tienda\/wp-json\/wp\/v2\/product_tag?post=8385"}],"curies":[{"name":"wp","href":"https:\/\/api.w.org\/{rel}","templated":true}]}}