{"id":8381,"date":"2023-11-01T17:50:57","date_gmt":"2023-11-01T17:50:57","guid":{"rendered":"https:\/\/abaa.mx\/tienda\/?post_type=product&#038;p=8381"},"modified":"2023-11-10T20:10:51","modified_gmt":"2023-11-10T20:10:51","slug":"elitech-rcw-3200-th-registrador-de-datos-de-sensor-inalambrico-del-sistema-de-monitoreo-de-temperatura-y-humedad","status":"publish","type":"product","link":"https:\/\/abaa.mx\/tienda\/elitech-rcw-3200-th-registrador-de-datos-de-sensor-inalambrico-del-sistema-de-monitoreo-de-temperatura-y-humedad\/","title":{"rendered":"Elitech rcw-3200-th registrador de datos de sensor inal\u00e1mbrico del sistema de monitoreo de temperatura y humedad"},"content":{"rendered":"<p>El colector inal\u00e1mbrico se puede implementar arbitrariamente de acuerdo con los requisitos de la ubicaci\u00f3n de monitoreo. La puerta de enlace puede cargar datos a trav\u00e9s de 4G\/WiFi\/Ethernet, etc., y cooperar con la plataforma en la nube y la aplicaci\u00f3n para realizar la visualizaci\u00f3n remota de datos, consulta de datos hist\u00f3ricos, activaci\u00f3n de alarma remota y otras funciones que se utilizan ampliamente en almacenamiento en fr\u00edo a gran escala, sombra almacenamiento, hospitales, supermercados frescos y otras escenas.<\/p>\n<p><strong>Caracter\u00edsticas del producto:<\/strong><\/p>\n<ul class=\"a-unordered-list a-vertical a-spacing-mini\">\n<li class=\"a-spacing-mini\">Inal\u00e1mbrico: Evite el cableado perforado, f\u00e1cil instalaci\u00f3n. Comunicaci\u00f3n inal\u00e1mbrica, cumpliendo con la transmisi\u00f3n de datos de 1000 metros dentro de la distancia visible.<\/li>\n<li class=\"a-spacing-mini\"><span class=\"a-list-item\">Tiempo de espera prolongado: Bater\u00eda de litio de gran capacidad, capaz de durar m\u00e1s de 12 meses (intervalo de carga de 10 minutos o 3 minutos).<\/span><\/li>\n<li class=\"a-spacing-mini\">Multicomunicaci\u00f3n: La conexi\u00f3n 4G y WiFi se puede cambiar libremente para cumplir con los requisitos de comunicaci\u00f3n de diferentes entornos.<\/li>\n<li class=\"a-spacing-mini\">Alarma de correo electr\u00f3nico \/ sms \/ aplicaci\u00f3n disponible: La aplicaci\u00f3n Elitech permite la configuraci\u00f3n remota de par\u00e1metros y la administraci\u00f3n de dispositivos (compatible con iOS y Android).<\/li>\n<li class=\"a-spacing-mini\">Suscripci\u00f3n gratuita.: El plan est\u00e1ndar (gratuito) proporciona alertas por correo electr\u00f3nico, configuraci\u00f3n remota y revisi\u00f3n y almacenamiento de datos durante 30 d\u00edas; Plan avanzado y profesional disponible, que proporciona 3 ~ 5 a\u00f1os de almacenamiento de datos, exportaci\u00f3n de datos, gesti\u00f3n de usuarios y servicio de la FDA. Soporte t\u00e9cnico de EE. UU. las 24 horas del d\u00eda, los 7 d\u00edas de la semana por correo electr\u00f3nico y tel\u00e9fono.<\/li>\n<\/ul>\n<p>&nbsp;<\/p>\n","protected":false},"excerpt":{"rendered":"<p>El colector inal\u00e1mbrico se puede implementar arbitrariamente de acuerdo con los requisitos de la ubicaci\u00f3n de monitoreo.<\/p>\n","protected":false},"featured_media":8393,"comment_status":"open","ping_status":"closed","template":"","meta":{"_joinchat":[]},"product_brand":[],"product_cat":[15],"product_tag":[],"class_list":{"0":"post-8381","1":"product","2":"type-product","3":"status-publish","4":"has-post-thumbnail","6":"product_cat-sin-categorizar","8":"first","9":"instock","10":"shipping-taxable","11":"product-type-simple"},"yoast_head":"<!-- This site is optimized with the Yoast SEO plugin v26.4 - https:\/\/yoast.com\/wordpress\/plugins\/seo\/ -->\n<title>Elitech rcw-3200-th registrador de datos de sensor inal\u00e1mbrico del sistema de monitoreo de temperatura y humedad - Abaa tienda online<\/title>\n<meta name=\"robots\" content=\"index, follow, max-snippet:-1, max-image-preview:large, max-video-preview:-1\" \/>\n<link rel=\"canonical\" href=\"https:\/\/abaa.mx\/tienda\/elitech-rcw-3200-th-registrador-de-datos-de-sensor-inalambrico-del-sistema-de-monitoreo-de-temperatura-y-humedad\/\" \/>\n<meta property=\"og:locale\" content=\"es_MX\" \/>\n<meta property=\"og:type\" content=\"article\" \/>\n<meta property=\"og:title\" content=\"Elitech rcw-3200-th registrador de datos de sensor inal\u00e1mbrico del sistema de monitoreo de temperatura y humedad - Abaa tienda online\" \/>\n<meta property=\"og:description\" content=\"El colector inal\u00e1mbrico se puede implementar arbitrariamente de acuerdo con los requisitos de la ubicaci\u00f3n de monitoreo.\" \/>\n<meta property=\"og:url\" content=\"https:\/\/abaa.mx\/tienda\/elitech-rcw-3200-th-registrador-de-datos-de-sensor-inalambrico-del-sistema-de-monitoreo-de-temperatura-y-humedad\/\" \/>\n<meta property=\"og:site_name\" content=\"Abaa tienda online\" \/>\n<meta property=\"article:modified_time\" content=\"2023-11-10T20:10:51+00:00\" \/>\n<meta property=\"og:image\" content=\"https:\/\/abaa.mx\/tienda\/wp-content\/uploads\/2023\/11\/Elitech-RCW-3200-TH.jpg\" \/>\n\t<meta property=\"og:image:width\" content=\"522\" \/>\n\t<meta property=\"og:image:height\" content=\"522\" \/>\n\t<meta property=\"og:image:type\" content=\"image\/jpeg\" \/>\n<meta name=\"twitter:card\" content=\"summary_large_image\" \/>\n<meta name=\"twitter:label1\" content=\"Tiempo de lectura\" \/>\n\t<meta name=\"twitter:data1\" content=\"2 minutos\" \/>\n<script type=\"application\/ld+json\" class=\"yoast-schema-graph\">{\"@context\":\"https:\/\/schema.org\",\"@graph\":[{\"@type\":\"WebPage\",\"@id\":\"https:\/\/abaa.mx\/tienda\/elitech-rcw-3200-th-registrador-de-datos-de-sensor-inalambrico-del-sistema-de-monitoreo-de-temperatura-y-humedad\/\",\"url\":\"https:\/\/abaa.mx\/tienda\/elitech-rcw-3200-th-registrador-de-datos-de-sensor-inalambrico-del-sistema-de-monitoreo-de-temperatura-y-humedad\/\",\"name\":\"Elitech rcw-3200-th registrador de datos de sensor inal\u00e1mbrico del sistema de monitoreo de temperatura y humedad - Abaa tienda online\",\"isPartOf\":{\"@id\":\"https:\/\/abaa.mx\/tienda\/#website\"},\"primaryImageOfPage\":{\"@id\":\"https:\/\/abaa.mx\/tienda\/elitech-rcw-3200-th-registrador-de-datos-de-sensor-inalambrico-del-sistema-de-monitoreo-de-temperatura-y-humedad\/#primaryimage\"},\"image\":{\"@id\":\"https:\/\/abaa.mx\/tienda\/elitech-rcw-3200-th-registrador-de-datos-de-sensor-inalambrico-del-sistema-de-monitoreo-de-temperatura-y-humedad\/#primaryimage\"},\"thumbnailUrl\":\"https:\/\/abaa.mx\/tienda\/wp-content\/uploads\/2023\/11\/Elitech-RCW-3200-TH.jpg\",\"datePublished\":\"2023-11-01T17:50:57+00:00\",\"dateModified\":\"2023-11-10T20:10:51+00:00\",\"breadcrumb\":{\"@id\":\"https:\/\/abaa.mx\/tienda\/elitech-rcw-3200-th-registrador-de-datos-de-sensor-inalambrico-del-sistema-de-monitoreo-de-temperatura-y-humedad\/#breadcrumb\"},\"inLanguage\":\"es\",\"potentialAction\":[{\"@type\":\"ReadAction\",\"target\":[\"https:\/\/abaa.mx\/tienda\/elitech-rcw-3200-th-registrador-de-datos-de-sensor-inalambrico-del-sistema-de-monitoreo-de-temperatura-y-humedad\/\"]}]},{\"@type\":\"ImageObject\",\"inLanguage\":\"es\",\"@id\":\"https:\/\/abaa.mx\/tienda\/elitech-rcw-3200-th-registrador-de-datos-de-sensor-inalambrico-del-sistema-de-monitoreo-de-temperatura-y-humedad\/#primaryimage\",\"url\":\"https:\/\/abaa.mx\/tienda\/wp-content\/uploads\/2023\/11\/Elitech-RCW-3200-TH.jpg\",\"contentUrl\":\"https:\/\/abaa.mx\/tienda\/wp-content\/uploads\/2023\/11\/Elitech-RCW-3200-TH.jpg\",\"width\":522,\"height\":522,\"caption\":\"Elitech RCW-3200 TH\"},{\"@type\":\"BreadcrumbList\",\"@id\":\"https:\/\/abaa.mx\/tienda\/elitech-rcw-3200-th-registrador-de-datos-de-sensor-inalambrico-del-sistema-de-monitoreo-de-temperatura-y-humedad\/#breadcrumb\",\"itemListElement\":[{\"@type\":\"ListItem\",\"position\":1,\"name\":\"Inicio\",\"item\":\"https:\/\/abaa.mx\/tienda\/\"},{\"@type\":\"ListItem\",\"position\":2,\"name\":\"Tienda\",\"item\":\"https:\/\/abaa.mx\/tienda\/\"},{\"@type\":\"ListItem\",\"position\":3,\"name\":\"Elitech rcw-3200-th registrador de datos de sensor inal\u00e1mbrico del sistema de monitoreo de temperatura y humedad\"}]},{\"@type\":\"WebSite\",\"@id\":\"https:\/\/abaa.mx\/tienda\/#website\",\"url\":\"https:\/\/abaa.mx\/tienda\/\",\"name\":\"Abaa tienda online\",\"description\":\"Instrumentos de medici\u00f3n\",\"publisher\":{\"@id\":\"https:\/\/abaa.mx\/tienda\/#organization\"},\"potentialAction\":[{\"@type\":\"SearchAction\",\"target\":{\"@type\":\"EntryPoint\",\"urlTemplate\":\"https:\/\/abaa.mx\/tienda\/?s={search_term_string}\"},\"query-input\":{\"@type\":\"PropertyValueSpecification\",\"valueRequired\":true,\"valueName\":\"search_term_string\"}}],\"inLanguage\":\"es\"},{\"@type\":\"Organization\",\"@id\":\"https:\/\/abaa.mx\/tienda\/#organization\",\"name\":\"Abaa tienda online\",\"url\":\"https:\/\/abaa.mx\/tienda\/\",\"logo\":{\"@type\":\"ImageObject\",\"inLanguage\":\"es\",\"@id\":\"https:\/\/abaa.mx\/tienda\/#\/schema\/logo\/image\/\",\"url\":\"https:\/\/abaa.mx\/tienda\/wp-content\/uploads\/2024\/01\/abaa-metrologia-tienda.png\",\"contentUrl\":\"https:\/\/abaa.mx\/tienda\/wp-content\/uploads\/2024\/01\/abaa-metrologia-tienda.png\",\"width\":300,\"height\":141,\"caption\":\"Abaa tienda online\"},\"image\":{\"@id\":\"https:\/\/abaa.mx\/tienda\/#\/schema\/logo\/image\/\"}}]}<\/script>\n<!-- \/ Yoast SEO plugin. -->","yoast_head_json":{"title":"Elitech rcw-3200-th registrador de datos de sensor inal\u00e1mbrico del sistema de monitoreo de temperatura y humedad - Abaa tienda online","robots":{"index":"index","follow":"follow","max-snippet":"max-snippet:-1","max-image-preview":"max-image-preview:large","max-video-preview":"max-video-preview:-1"},"canonical":"https:\/\/abaa.mx\/tienda\/elitech-rcw-3200-th-registrador-de-datos-de-sensor-inalambrico-del-sistema-de-monitoreo-de-temperatura-y-humedad\/","og_locale":"es_MX","og_type":"article","og_title":"Elitech rcw-3200-th registrador de datos de sensor inal\u00e1mbrico del sistema de monitoreo de temperatura y humedad - Abaa tienda online","og_description":"El colector inal\u00e1mbrico se puede implementar arbitrariamente de acuerdo con los requisitos de la ubicaci\u00f3n de monitoreo.","og_url":"https:\/\/abaa.mx\/tienda\/elitech-rcw-3200-th-registrador-de-datos-de-sensor-inalambrico-del-sistema-de-monitoreo-de-temperatura-y-humedad\/","og_site_name":"Abaa tienda online","article_modified_time":"2023-11-10T20:10:51+00:00","og_image":[{"width":522,"height":522,"url":"https:\/\/abaa.mx\/tienda\/wp-content\/uploads\/2023\/11\/Elitech-RCW-3200-TH.jpg","type":"image\/jpeg"}],"twitter_card":"summary_large_image","twitter_misc":{"Tiempo de lectura":"2 minutos"},"schema":{"@context":"https:\/\/schema.org","@graph":[{"@type":"WebPage","@id":"https:\/\/abaa.mx\/tienda\/elitech-rcw-3200-th-registrador-de-datos-de-sensor-inalambrico-del-sistema-de-monitoreo-de-temperatura-y-humedad\/","url":"https:\/\/abaa.mx\/tienda\/elitech-rcw-3200-th-registrador-de-datos-de-sensor-inalambrico-del-sistema-de-monitoreo-de-temperatura-y-humedad\/","name":"Elitech rcw-3200-th registrador de datos de sensor inal\u00e1mbrico del sistema de monitoreo de temperatura y humedad - Abaa tienda online","isPartOf":{"@id":"https:\/\/abaa.mx\/tienda\/#website"},"primaryImageOfPage":{"@id":"https:\/\/abaa.mx\/tienda\/elitech-rcw-3200-th-registrador-de-datos-de-sensor-inalambrico-del-sistema-de-monitoreo-de-temperatura-y-humedad\/#primaryimage"},"image":{"@id":"https:\/\/abaa.mx\/tienda\/elitech-rcw-3200-th-registrador-de-datos-de-sensor-inalambrico-del-sistema-de-monitoreo-de-temperatura-y-humedad\/#primaryimage"},"thumbnailUrl":"https:\/\/abaa.mx\/tienda\/wp-content\/uploads\/2023\/11\/Elitech-RCW-3200-TH.jpg","datePublished":"2023-11-01T17:50:57+00:00","dateModified":"2023-11-10T20:10:51+00:00","breadcrumb":{"@id":"https:\/\/abaa.mx\/tienda\/elitech-rcw-3200-th-registrador-de-datos-de-sensor-inalambrico-del-sistema-de-monitoreo-de-temperatura-y-humedad\/#breadcrumb"},"inLanguage":"es","potentialAction":[{"@type":"ReadAction","target":["https:\/\/abaa.mx\/tienda\/elitech-rcw-3200-th-registrador-de-datos-de-sensor-inalambrico-del-sistema-de-monitoreo-de-temperatura-y-humedad\/"]}]},{"@type":"ImageObject","inLanguage":"es","@id":"https:\/\/abaa.mx\/tienda\/elitech-rcw-3200-th-registrador-de-datos-de-sensor-inalambrico-del-sistema-de-monitoreo-de-temperatura-y-humedad\/#primaryimage","url":"https:\/\/abaa.mx\/tienda\/wp-content\/uploads\/2023\/11\/Elitech-RCW-3200-TH.jpg","contentUrl":"https:\/\/abaa.mx\/tienda\/wp-content\/uploads\/2023\/11\/Elitech-RCW-3200-TH.jpg","width":522,"height":522,"caption":"Elitech RCW-3200 TH"},{"@type":"BreadcrumbList","@id":"https:\/\/abaa.mx\/tienda\/elitech-rcw-3200-th-registrador-de-datos-de-sensor-inalambrico-del-sistema-de-monitoreo-de-temperatura-y-humedad\/#breadcrumb","itemListElement":[{"@type":"ListItem","position":1,"name":"Inicio","item":"https:\/\/abaa.mx\/tienda\/"},{"@type":"ListItem","position":2,"name":"Tienda","item":"https:\/\/abaa.mx\/tienda\/"},{"@type":"ListItem","position":3,"name":"Elitech rcw-3200-th registrador de datos de sensor inal\u00e1mbrico del sistema de monitoreo de temperatura y humedad"}]},{"@type":"WebSite","@id":"https:\/\/abaa.mx\/tienda\/#website","url":"https:\/\/abaa.mx\/tienda\/","name":"Abaa tienda online","description":"Instrumentos de medici\u00f3n","publisher":{"@id":"https:\/\/abaa.mx\/tienda\/#organization"},"potentialAction":[{"@type":"SearchAction","target":{"@type":"EntryPoint","urlTemplate":"https:\/\/abaa.mx\/tienda\/?s={search_term_string}"},"query-input":{"@type":"PropertyValueSpecification","valueRequired":true,"valueName":"search_term_string"}}],"inLanguage":"es"},{"@type":"Organization","@id":"https:\/\/abaa.mx\/tienda\/#organization","name":"Abaa tienda online","url":"https:\/\/abaa.mx\/tienda\/","logo":{"@type":"ImageObject","inLanguage":"es","@id":"https:\/\/abaa.mx\/tienda\/#\/schema\/logo\/image\/","url":"https:\/\/abaa.mx\/tienda\/wp-content\/uploads\/2024\/01\/abaa-metrologia-tienda.png","contentUrl":"https:\/\/abaa.mx\/tienda\/wp-content\/uploads\/2024\/01\/abaa-metrologia-tienda.png","width":300,"height":141,"caption":"Abaa tienda online"},"image":{"@id":"https:\/\/abaa.mx\/tienda\/#\/schema\/logo\/image\/"}}]}},"_links":{"self":[{"href":"https:\/\/abaa.mx\/tienda\/wp-json\/wp\/v2\/product\/8381","targetHints":{"allow":["GET"]}}],"collection":[{"href":"https:\/\/abaa.mx\/tienda\/wp-json\/wp\/v2\/product"}],"about":[{"href":"https:\/\/abaa.mx\/tienda\/wp-json\/wp\/v2\/types\/product"}],"replies":[{"embeddable":true,"href":"https:\/\/abaa.mx\/tienda\/wp-json\/wp\/v2\/comments?post=8381"}],"wp:featuredmedia":[{"embeddable":true,"href":"https:\/\/abaa.mx\/tienda\/wp-json\/wp\/v2\/media\/8393"}],"wp:attachment":[{"href":"https:\/\/abaa.mx\/tienda\/wp-json\/wp\/v2\/media?parent=8381"}],"wp:term":[{"taxonomy":"product_brand","embeddable":true,"href":"https:\/\/abaa.mx\/tienda\/wp-json\/wp\/v2\/product_brand?post=8381"},{"taxonomy":"product_cat","embeddable":true,"href":"https:\/\/abaa.mx\/tienda\/wp-json\/wp\/v2\/product_cat?post=8381"},{"taxonomy":"product_tag","embeddable":true,"href":"https:\/\/abaa.mx\/tienda\/wp-json\/wp\/v2\/product_tag?post=8381"}],"curies":[{"name":"wp","href":"https:\/\/api.w.org\/{rel}","templated":true}]}}