{"id":8380,"date":"2023-11-01T17:31:13","date_gmt":"2023-11-01T17:31:13","guid":{"rendered":"https:\/\/abaa.mx\/tienda\/?post_type=product&#038;p=8380"},"modified":"2023-11-01T17:31:14","modified_gmt":"2023-11-01T17:31:14","slug":"luxometro-de-400000-lux-lx1108","status":"publish","type":"product","link":"https:\/\/abaa.mx\/tienda\/luxometro-de-400000-lux-lx1108\/","title":{"rendered":"Lux\u00f3metro de 400,000 Lux &#8211; LX1108"},"content":{"rendered":"<p>Lux\u00f3metro de 400,000 Lux &#8211; LX1108<\/p>\n","protected":false},"excerpt":{"rendered":"<p>Cumple con la NOM-025-STPS-2008<\/p>\n<p>El lux\u00f3metro modelo LT-LX1108 es un aparato que cumple con los requisitos de la norma NOM 025STPS-2008. Su sensor usa el \u00fanico fotograf\u00eda diodo y filtro para correcci\u00f3n de color, el espectro cumple con el CIE fot\u00f3pico. Pantalla LCD grande con indicador de barra gr\u00e1fica. Selecci\u00f3n de tipo de luz (Tungsteno, Fluorescente, Sodio y Mercurio). Alta resoluci\u00f3n: 0.01 Lux a 100 Lux, 001 Ft-cd a diez Ft-cd.<\/p>\n<p>Sensor con funci\u00f3n de correcci\u00f3n de factor cosenoidal. La sonda separada deja al usuario medir la luz en una perfecta situaci\u00f3n. Panel de control resistente al agua. Retenci\u00f3n de datos. Indicio de bater\u00eda baja incorporado. Bot\u00f3n de ajuste a cero. Funci\u00f3n de grabado de las lecturas m\u00ednima y m\u00e1xima, para llamado posterior de las mismas. Diseno s\u00f3lido de incre\u00edble operacionabilidad. Interfase serial.<\/p>\n","protected":false},"featured_media":8382,"comment_status":"open","ping_status":"closed","template":"","meta":{"_joinchat":[]},"product_brand":[],"product_cat":[99],"product_tag":[],"class_list":{"0":"post-8380","1":"product","2":"type-product","3":"status-publish","4":"has-post-thumbnail","6":"product_cat-luxometros","8":"first","9":"instock","10":"shipping-taxable","11":"product-type-simple"},"yoast_head":"<!-- This site is optimized with the Yoast SEO plugin v26.4 - https:\/\/yoast.com\/wordpress\/plugins\/seo\/ -->\n<title>Lux\u00f3metro de 400,000 Lux - LX1108 - Abaa tienda online<\/title>\n<meta name=\"robots\" content=\"index, follow, max-snippet:-1, max-image-preview:large, max-video-preview:-1\" \/>\n<link rel=\"canonical\" href=\"https:\/\/abaa.mx\/tienda\/luxometro-de-400000-lux-lx1108\/\" \/>\n<meta property=\"og:locale\" content=\"es_MX\" \/>\n<meta property=\"og:type\" content=\"article\" \/>\n<meta property=\"og:title\" content=\"Lux\u00f3metro de 400,000 Lux - LX1108 - Abaa tienda online\" \/>\n<meta property=\"og:description\" content=\"Cumple con la NOM-025-STPS-2008  El lux\u00f3metro modelo LT-LX1108 es un aparato que cumple con los requisitos de la norma NOM 025STPS-2008. Su sensor usa el \u00fanico fotograf\u00eda diodo y filtro para correcci\u00f3n de color, el espectro cumple con el CIE fot\u00f3pico. Pantalla LCD grande con indicador de barra gr\u00e1fica. Selecci\u00f3n de tipo de luz (Tungsteno, Fluorescente, Sodio y Mercurio). Alta resoluci\u00f3n: 0.01 Lux a 100 Lux, 001 Ft-cd a diez Ft-cd.  Sensor con funci\u00f3n de correcci\u00f3n de factor cosenoidal. La sonda separada deja al usuario medir la luz en una perfecta situaci\u00f3n. Panel de control resistente al agua. Retenci\u00f3n de datos. Indicio de bater\u00eda baja incorporado. Bot\u00f3n de ajuste a cero. Funci\u00f3n de grabado de las lecturas m\u00ednima y m\u00e1xima, para llamado posterior de las mismas. Diseno s\u00f3lido de incre\u00edble operacionabilidad. Interfase serial.\" \/>\n<meta property=\"og:url\" content=\"https:\/\/abaa.mx\/tienda\/luxometro-de-400000-lux-lx1108\/\" \/>\n<meta property=\"og:site_name\" content=\"Abaa tienda online\" \/>\n<meta property=\"article:modified_time\" content=\"2023-11-01T17:31:14+00:00\" \/>\n<meta property=\"og:image\" content=\"https:\/\/abaa.mx\/tienda\/wp-content\/uploads\/2023\/11\/LUTRON-LX1108.jpg\" \/>\n\t<meta property=\"og:image:width\" content=\"418\" \/>\n\t<meta property=\"og:image:height\" content=\"429\" \/>\n\t<meta property=\"og:image:type\" content=\"image\/jpeg\" \/>\n<meta name=\"twitter:card\" content=\"summary_large_image\" \/>\n<meta name=\"twitter:label1\" content=\"Tiempo de lectura\" \/>\n\t<meta name=\"twitter:data1\" content=\"1 minuto\" \/>\n<script type=\"application\/ld+json\" class=\"yoast-schema-graph\">{\"@context\":\"https:\/\/schema.org\",\"@graph\":[{\"@type\":\"WebPage\",\"@id\":\"https:\/\/abaa.mx\/tienda\/luxometro-de-400000-lux-lx1108\/\",\"url\":\"https:\/\/abaa.mx\/tienda\/luxometro-de-400000-lux-lx1108\/\",\"name\":\"Lux\u00f3metro de 400,000 Lux - LX1108 - Abaa tienda online\",\"isPartOf\":{\"@id\":\"https:\/\/abaa.mx\/tienda\/#website\"},\"primaryImageOfPage\":{\"@id\":\"https:\/\/abaa.mx\/tienda\/luxometro-de-400000-lux-lx1108\/#primaryimage\"},\"image\":{\"@id\":\"https:\/\/abaa.mx\/tienda\/luxometro-de-400000-lux-lx1108\/#primaryimage\"},\"thumbnailUrl\":\"https:\/\/abaa.mx\/tienda\/wp-content\/uploads\/2023\/11\/LUTRON-LX1108.jpg\",\"datePublished\":\"2023-11-01T17:31:13+00:00\",\"dateModified\":\"2023-11-01T17:31:14+00:00\",\"breadcrumb\":{\"@id\":\"https:\/\/abaa.mx\/tienda\/luxometro-de-400000-lux-lx1108\/#breadcrumb\"},\"inLanguage\":\"es\",\"potentialAction\":[{\"@type\":\"ReadAction\",\"target\":[\"https:\/\/abaa.mx\/tienda\/luxometro-de-400000-lux-lx1108\/\"]}]},{\"@type\":\"ImageObject\",\"inLanguage\":\"es\",\"@id\":\"https:\/\/abaa.mx\/tienda\/luxometro-de-400000-lux-lx1108\/#primaryimage\",\"url\":\"https:\/\/abaa.mx\/tienda\/wp-content\/uploads\/2023\/11\/LUTRON-LX1108.jpg\",\"contentUrl\":\"https:\/\/abaa.mx\/tienda\/wp-content\/uploads\/2023\/11\/LUTRON-LX1108.jpg\",\"width\":418,\"height\":429,\"caption\":\"LUTRON-LX1108\"},{\"@type\":\"BreadcrumbList\",\"@id\":\"https:\/\/abaa.mx\/tienda\/luxometro-de-400000-lux-lx1108\/#breadcrumb\",\"itemListElement\":[{\"@type\":\"ListItem\",\"position\":1,\"name\":\"Inicio\",\"item\":\"https:\/\/abaa.mx\/tienda\/\"},{\"@type\":\"ListItem\",\"position\":2,\"name\":\"Tienda\",\"item\":\"https:\/\/abaa.mx\/tienda\/\"},{\"@type\":\"ListItem\",\"position\":3,\"name\":\"Lux\u00f3metro de 400,000 Lux &#8211; LX1108\"}]},{\"@type\":\"WebSite\",\"@id\":\"https:\/\/abaa.mx\/tienda\/#website\",\"url\":\"https:\/\/abaa.mx\/tienda\/\",\"name\":\"Abaa tienda online\",\"description\":\"Instrumentos de medici\u00f3n\",\"publisher\":{\"@id\":\"https:\/\/abaa.mx\/tienda\/#organization\"},\"potentialAction\":[{\"@type\":\"SearchAction\",\"target\":{\"@type\":\"EntryPoint\",\"urlTemplate\":\"https:\/\/abaa.mx\/tienda\/?s={search_term_string}\"},\"query-input\":{\"@type\":\"PropertyValueSpecification\",\"valueRequired\":true,\"valueName\":\"search_term_string\"}}],\"inLanguage\":\"es\"},{\"@type\":\"Organization\",\"@id\":\"https:\/\/abaa.mx\/tienda\/#organization\",\"name\":\"Abaa tienda online\",\"url\":\"https:\/\/abaa.mx\/tienda\/\",\"logo\":{\"@type\":\"ImageObject\",\"inLanguage\":\"es\",\"@id\":\"https:\/\/abaa.mx\/tienda\/#\/schema\/logo\/image\/\",\"url\":\"https:\/\/abaa.mx\/tienda\/wp-content\/uploads\/2024\/01\/abaa-metrologia-tienda.png\",\"contentUrl\":\"https:\/\/abaa.mx\/tienda\/wp-content\/uploads\/2024\/01\/abaa-metrologia-tienda.png\",\"width\":300,\"height\":141,\"caption\":\"Abaa tienda online\"},\"image\":{\"@id\":\"https:\/\/abaa.mx\/tienda\/#\/schema\/logo\/image\/\"}}]}<\/script>\n<!-- \/ Yoast SEO plugin. -->","yoast_head_json":{"title":"Lux\u00f3metro de 400,000 Lux - LX1108 - Abaa tienda online","robots":{"index":"index","follow":"follow","max-snippet":"max-snippet:-1","max-image-preview":"max-image-preview:large","max-video-preview":"max-video-preview:-1"},"canonical":"https:\/\/abaa.mx\/tienda\/luxometro-de-400000-lux-lx1108\/","og_locale":"es_MX","og_type":"article","og_title":"Lux\u00f3metro de 400,000 Lux - LX1108 - Abaa tienda online","og_description":"Cumple con la NOM-025-STPS-2008  El lux\u00f3metro modelo LT-LX1108 es un aparato que cumple con los requisitos de la norma NOM 025STPS-2008. Su sensor usa el \u00fanico fotograf\u00eda diodo y filtro para correcci\u00f3n de color, el espectro cumple con el CIE fot\u00f3pico. Pantalla LCD grande con indicador de barra gr\u00e1fica. Selecci\u00f3n de tipo de luz (Tungsteno, Fluorescente, Sodio y Mercurio). Alta resoluci\u00f3n: 0.01 Lux a 100 Lux, 001 Ft-cd a diez Ft-cd.  Sensor con funci\u00f3n de correcci\u00f3n de factor cosenoidal. La sonda separada deja al usuario medir la luz en una perfecta situaci\u00f3n. Panel de control resistente al agua. Retenci\u00f3n de datos. Indicio de bater\u00eda baja incorporado. Bot\u00f3n de ajuste a cero. Funci\u00f3n de grabado de las lecturas m\u00ednima y m\u00e1xima, para llamado posterior de las mismas. Diseno s\u00f3lido de incre\u00edble operacionabilidad. Interfase serial.","og_url":"https:\/\/abaa.mx\/tienda\/luxometro-de-400000-lux-lx1108\/","og_site_name":"Abaa tienda online","article_modified_time":"2023-11-01T17:31:14+00:00","og_image":[{"width":418,"height":429,"url":"https:\/\/abaa.mx\/tienda\/wp-content\/uploads\/2023\/11\/LUTRON-LX1108.jpg","type":"image\/jpeg"}],"twitter_card":"summary_large_image","twitter_misc":{"Tiempo de lectura":"1 minuto"},"schema":{"@context":"https:\/\/schema.org","@graph":[{"@type":"WebPage","@id":"https:\/\/abaa.mx\/tienda\/luxometro-de-400000-lux-lx1108\/","url":"https:\/\/abaa.mx\/tienda\/luxometro-de-400000-lux-lx1108\/","name":"Lux\u00f3metro de 400,000 Lux - LX1108 - Abaa tienda online","isPartOf":{"@id":"https:\/\/abaa.mx\/tienda\/#website"},"primaryImageOfPage":{"@id":"https:\/\/abaa.mx\/tienda\/luxometro-de-400000-lux-lx1108\/#primaryimage"},"image":{"@id":"https:\/\/abaa.mx\/tienda\/luxometro-de-400000-lux-lx1108\/#primaryimage"},"thumbnailUrl":"https:\/\/abaa.mx\/tienda\/wp-content\/uploads\/2023\/11\/LUTRON-LX1108.jpg","datePublished":"2023-11-01T17:31:13+00:00","dateModified":"2023-11-01T17:31:14+00:00","breadcrumb":{"@id":"https:\/\/abaa.mx\/tienda\/luxometro-de-400000-lux-lx1108\/#breadcrumb"},"inLanguage":"es","potentialAction":[{"@type":"ReadAction","target":["https:\/\/abaa.mx\/tienda\/luxometro-de-400000-lux-lx1108\/"]}]},{"@type":"ImageObject","inLanguage":"es","@id":"https:\/\/abaa.mx\/tienda\/luxometro-de-400000-lux-lx1108\/#primaryimage","url":"https:\/\/abaa.mx\/tienda\/wp-content\/uploads\/2023\/11\/LUTRON-LX1108.jpg","contentUrl":"https:\/\/abaa.mx\/tienda\/wp-content\/uploads\/2023\/11\/LUTRON-LX1108.jpg","width":418,"height":429,"caption":"LUTRON-LX1108"},{"@type":"BreadcrumbList","@id":"https:\/\/abaa.mx\/tienda\/luxometro-de-400000-lux-lx1108\/#breadcrumb","itemListElement":[{"@type":"ListItem","position":1,"name":"Inicio","item":"https:\/\/abaa.mx\/tienda\/"},{"@type":"ListItem","position":2,"name":"Tienda","item":"https:\/\/abaa.mx\/tienda\/"},{"@type":"ListItem","position":3,"name":"Lux\u00f3metro de 400,000 Lux &#8211; LX1108"}]},{"@type":"WebSite","@id":"https:\/\/abaa.mx\/tienda\/#website","url":"https:\/\/abaa.mx\/tienda\/","name":"Abaa tienda online","description":"Instrumentos de medici\u00f3n","publisher":{"@id":"https:\/\/abaa.mx\/tienda\/#organization"},"potentialAction":[{"@type":"SearchAction","target":{"@type":"EntryPoint","urlTemplate":"https:\/\/abaa.mx\/tienda\/?s={search_term_string}"},"query-input":{"@type":"PropertyValueSpecification","valueRequired":true,"valueName":"search_term_string"}}],"inLanguage":"es"},{"@type":"Organization","@id":"https:\/\/abaa.mx\/tienda\/#organization","name":"Abaa tienda online","url":"https:\/\/abaa.mx\/tienda\/","logo":{"@type":"ImageObject","inLanguage":"es","@id":"https:\/\/abaa.mx\/tienda\/#\/schema\/logo\/image\/","url":"https:\/\/abaa.mx\/tienda\/wp-content\/uploads\/2024\/01\/abaa-metrologia-tienda.png","contentUrl":"https:\/\/abaa.mx\/tienda\/wp-content\/uploads\/2024\/01\/abaa-metrologia-tienda.png","width":300,"height":141,"caption":"Abaa tienda online"},"image":{"@id":"https:\/\/abaa.mx\/tienda\/#\/schema\/logo\/image\/"}}]}},"_links":{"self":[{"href":"https:\/\/abaa.mx\/tienda\/wp-json\/wp\/v2\/product\/8380","targetHints":{"allow":["GET"]}}],"collection":[{"href":"https:\/\/abaa.mx\/tienda\/wp-json\/wp\/v2\/product"}],"about":[{"href":"https:\/\/abaa.mx\/tienda\/wp-json\/wp\/v2\/types\/product"}],"replies":[{"embeddable":true,"href":"https:\/\/abaa.mx\/tienda\/wp-json\/wp\/v2\/comments?post=8380"}],"wp:featuredmedia":[{"embeddable":true,"href":"https:\/\/abaa.mx\/tienda\/wp-json\/wp\/v2\/media\/8382"}],"wp:attachment":[{"href":"https:\/\/abaa.mx\/tienda\/wp-json\/wp\/v2\/media?parent=8380"}],"wp:term":[{"taxonomy":"product_brand","embeddable":true,"href":"https:\/\/abaa.mx\/tienda\/wp-json\/wp\/v2\/product_brand?post=8380"},{"taxonomy":"product_cat","embeddable":true,"href":"https:\/\/abaa.mx\/tienda\/wp-json\/wp\/v2\/product_cat?post=8380"},{"taxonomy":"product_tag","embeddable":true,"href":"https:\/\/abaa.mx\/tienda\/wp-json\/wp\/v2\/product_tag?post=8380"}],"curies":[{"name":"wp","href":"https:\/\/api.w.org\/{rel}","templated":true}]}}