{"id":8378,"date":"2023-11-01T17:28:22","date_gmt":"2023-11-01T17:28:22","guid":{"rendered":"https:\/\/abaa.mx\/tienda\/?post_type=product&#038;p=8378"},"modified":"2023-11-01T17:28:23","modified_gmt":"2023-11-01T17:28:23","slug":"luxometro-digital-20000-lux-yk10lx","status":"publish","type":"product","link":"https:\/\/abaa.mx\/tienda\/luxometro-digital-20000-lux-yk10lx\/","title":{"rendered":"Lux\u00f3metro Digital 20,000 LUX &#8211; YK10LX"},"content":{"rendered":"<p>Lux\u00f3metro Digital 20,000 LUX &#8211; YK10LX<\/p>\n","protected":false},"excerpt":{"rendered":"<p><b>Caracter\u00edsticas principales:<\/b><\/p>\n<p>Lux\u00f3metro profesional de f\u00e1cil operaci\u00f3n. Su sensor emplea un fotograf\u00eda -diodo y un filtro de correcci\u00f3n de color exclusivos cuyo espectro cumple con el espectro fot\u00f3pico CI.Y tambi\u00e9n. Correcci\u00f3n del factor cosenoidal del sensor para realizar el est\u00e1ndar. La sonda separada del medidor le permitir\u00e1 colocar el foto -sensor en el \u00e1ngulo \u00f3ptimo para medir la iluminaci\u00f3n. La amplia pantalla LCD le permite una clara lectura de los desenlaces a\u00fan en condiciones de alta iluminaci\u00f3n. Todas las funcionalidades se seleccionan y activan con botones de presi\u00f3n construidos en material anulado. Ajuste manual a \u201ccero\u201d. El panel de adelante es fuerte al agua. Su micro procesador tipo LSI le asegura confiabilidad y durabilidad. Retenci\u00f3n de datos e indicador de bater\u00eda baja.<\/p>\n<ul>\n<li>Rango: 0 a 20,000 lux<\/li>\n<li>Resoluci\u00f3n: 1, 10 lux<\/li>\n<li>Pantalla: LCD de 3 d\u00edgitos de 0,5&#8243; de alto<\/li>\n<li>Tasa de muestreo: 2 veces\/segundo<\/li>\n<li>Precisi\u00f3n: \u00b10.5% de lectura<\/li>\n<li>Fuente de alimentaci\u00f3n: bater\u00eda \u00fanica de 9V<\/li>\n<\/ul>\n<p><b>Aplicaciones:<\/b><\/p>\n<p>Contrastar la apropiada iluminaci\u00f3n de \u00e1reas de trabajo en interiores y exteriores, iluminaci\u00f3n publica, pruebas de control de calidad en la fabricaci\u00f3n de l\u00e1mparas y bombillas , verificaci\u00f3n de iluminaci\u00f3n en estudios fotogr\u00e1ficos y sets de grabaci\u00f3n, seguridad industrial, proyecci\u00f3n de video , validaci\u00f3n de protecci\u00f3n del sol , etc.<\/p>\n<p><b>Dimensiones y peso:<\/b><\/p>\n<div id=\"shopify-section-product-template\" class=\"shopify-section\">\n<div id=\"ProductSection-product-template\" class=\"product-template__container page-width\" data-section-id=\"product-template\" data-section-type=\"product\" data-enable-history-state=\"true\" data-ajax-enabled=\"true\">\n<div class=\"grid product-single product-single--medium-media\">\n<div class=\"grid__item medium-up--one-half\">\n<div class=\"product-single__description rte\">\n<p>Medidor; 200 mm. x 68 mm.x 30 mm., ( 7.9&#8243; pulg. x 2.7&#8243; pulg. x 1.2&#8243; pulg.) Sonda Sensor ; 82mm x 55 mm x 7mm ( 3.2&#8243; pulg. x 2.2&#8243; pulg. x 0.3&#8243; pulg.) Peso: 280g.\/0.62 Lb.<\/p>\n<\/div>\n<\/div>\n<\/div>\n<\/div>\n<\/div>\n<div id=\"shopify-section-product-recommendations\" class=\"shopify-section\">\n<div class=\"page-width\" data-base-url=\"\/recommendations\/products\" data-product-id=\"6678682534075\" data-section-id=\"product-recommendations\" data-section-type=\"product-recommendations\">\n<div class=\"product-recommendations__inner\">\n<div class=\"section-header text-center\"><\/div>\n<\/div>\n<\/div>\n<\/div>\n","protected":false},"featured_media":8379,"comment_status":"open","ping_status":"closed","template":"","meta":{"_joinchat":[]},"product_brand":[],"product_cat":[99],"product_tag":[],"class_list":{"0":"post-8378","1":"product","2":"type-product","3":"status-publish","4":"has-post-thumbnail","6":"product_cat-luxometros","8":"first","9":"instock","10":"shipping-taxable","11":"product-type-simple"},"yoast_head":"<!-- This site is optimized with the Yoast SEO plugin v26.4 - https:\/\/yoast.com\/wordpress\/plugins\/seo\/ -->\n<title>Lux\u00f3metro Digital 20,000 LUX - YK10LX - Abaa tienda online<\/title>\n<meta name=\"robots\" content=\"index, follow, max-snippet:-1, max-image-preview:large, max-video-preview:-1\" \/>\n<link rel=\"canonical\" href=\"https:\/\/abaa.mx\/tienda\/luxometro-digital-20000-lux-yk10lx\/\" \/>\n<meta property=\"og:locale\" content=\"es_MX\" \/>\n<meta property=\"og:type\" content=\"article\" \/>\n<meta property=\"og:title\" content=\"Lux\u00f3metro Digital 20,000 LUX - YK10LX - Abaa tienda online\" \/>\n<meta property=\"og:description\" content=\"Caracter\u00edsticas principales:  Lux\u00f3metro profesional de f\u00e1cil operaci\u00f3n. Su sensor emplea un fotograf\u00eda -diodo y un filtro de correcci\u00f3n de color exclusivos cuyo espectro cumple con el espectro fot\u00f3pico CI.Y tambi\u00e9n. Correcci\u00f3n del factor cosenoidal del sensor para realizar el est\u00e1ndar. La sonda separada del medidor le permitir\u00e1 colocar el foto -sensor en el \u00e1ngulo \u00f3ptimo para medir la iluminaci\u00f3n. La amplia pantalla LCD le permite una clara lectura de los desenlaces a\u00fan en condiciones de alta iluminaci\u00f3n. Todas las funcionalidades se seleccionan y activan con botones de presi\u00f3n construidos en material anulado. Ajuste manual a \u201ccero\u201d. El panel de adelante es fuerte al agua. Su micro procesador tipo LSI le asegura confiabilidad y durabilidad. Retenci\u00f3n de datos e indicador de bater\u00eda baja.   Rango: 0 a 20,000 lux  Resoluci\u00f3n: 1, 10 lux  Pantalla: LCD de 3 d\u00edgitos de 0,5&quot; de alto  Tasa de muestreo: 2 veces\/segundo  Precisi\u00f3n: \u00b10.5% de lectura  Fuente de alimentaci\u00f3n: bater\u00eda \u00fanica de 9V  Aplicaciones:  Contrastar la apropiada iluminaci\u00f3n de \u00e1reas de trabajo en interiores y exteriores, iluminaci\u00f3n publica, pruebas de control de calidad en la fabricaci\u00f3n de l\u00e1mparas y bombillas , verificaci\u00f3n de iluminaci\u00f3n en estudios fotogr\u00e1ficos y sets de grabaci\u00f3n, seguridad industrial, proyecci\u00f3n de video , validaci\u00f3n de protecci\u00f3n del sol , etc.  Dimensiones y peso:       Medidor; 200 mm. x 68 mm.x 30 mm., ( 7.9&quot; pulg. x 2.7&quot; pulg. x 1.2&quot; pulg.) Sonda Sensor ; 82mm x 55 mm x 7mm ( 3.2&quot; pulg. x 2.2&quot; pulg. x 0.3&quot; pulg.) Peso: 280g.\/0.62 Lb.\" \/>\n<meta property=\"og:url\" content=\"https:\/\/abaa.mx\/tienda\/luxometro-digital-20000-lux-yk10lx\/\" \/>\n<meta property=\"og:site_name\" content=\"Abaa tienda online\" \/>\n<meta property=\"article:modified_time\" content=\"2023-11-01T17:28:23+00:00\" \/>\n<meta property=\"og:image\" content=\"https:\/\/abaa.mx\/tienda\/wp-content\/uploads\/2023\/11\/LUTRON-YK10LX.jpg\" \/>\n\t<meta property=\"og:image:width\" content=\"496\" \/>\n\t<meta property=\"og:image:height\" content=\"491\" \/>\n\t<meta property=\"og:image:type\" content=\"image\/jpeg\" \/>\n<meta name=\"twitter:card\" content=\"summary_large_image\" \/>\n<meta name=\"twitter:label1\" content=\"Tiempo de lectura\" \/>\n\t<meta name=\"twitter:data1\" content=\"1 minuto\" \/>\n<script type=\"application\/ld+json\" class=\"yoast-schema-graph\">{\"@context\":\"https:\/\/schema.org\",\"@graph\":[{\"@type\":\"WebPage\",\"@id\":\"https:\/\/abaa.mx\/tienda\/luxometro-digital-20000-lux-yk10lx\/\",\"url\":\"https:\/\/abaa.mx\/tienda\/luxometro-digital-20000-lux-yk10lx\/\",\"name\":\"Lux\u00f3metro Digital 20,000 LUX - YK10LX - Abaa tienda online\",\"isPartOf\":{\"@id\":\"https:\/\/abaa.mx\/tienda\/#website\"},\"primaryImageOfPage\":{\"@id\":\"https:\/\/abaa.mx\/tienda\/luxometro-digital-20000-lux-yk10lx\/#primaryimage\"},\"image\":{\"@id\":\"https:\/\/abaa.mx\/tienda\/luxometro-digital-20000-lux-yk10lx\/#primaryimage\"},\"thumbnailUrl\":\"https:\/\/abaa.mx\/tienda\/wp-content\/uploads\/2023\/11\/LUTRON-YK10LX.jpg\",\"datePublished\":\"2023-11-01T17:28:22+00:00\",\"dateModified\":\"2023-11-01T17:28:23+00:00\",\"breadcrumb\":{\"@id\":\"https:\/\/abaa.mx\/tienda\/luxometro-digital-20000-lux-yk10lx\/#breadcrumb\"},\"inLanguage\":\"es\",\"potentialAction\":[{\"@type\":\"ReadAction\",\"target\":[\"https:\/\/abaa.mx\/tienda\/luxometro-digital-20000-lux-yk10lx\/\"]}]},{\"@type\":\"ImageObject\",\"inLanguage\":\"es\",\"@id\":\"https:\/\/abaa.mx\/tienda\/luxometro-digital-20000-lux-yk10lx\/#primaryimage\",\"url\":\"https:\/\/abaa.mx\/tienda\/wp-content\/uploads\/2023\/11\/LUTRON-YK10LX.jpg\",\"contentUrl\":\"https:\/\/abaa.mx\/tienda\/wp-content\/uploads\/2023\/11\/LUTRON-YK10LX.jpg\",\"width\":496,\"height\":491,\"caption\":\"LUTRON-YK10LX\"},{\"@type\":\"BreadcrumbList\",\"@id\":\"https:\/\/abaa.mx\/tienda\/luxometro-digital-20000-lux-yk10lx\/#breadcrumb\",\"itemListElement\":[{\"@type\":\"ListItem\",\"position\":1,\"name\":\"Inicio\",\"item\":\"https:\/\/abaa.mx\/tienda\/\"},{\"@type\":\"ListItem\",\"position\":2,\"name\":\"Tienda\",\"item\":\"https:\/\/abaa.mx\/tienda\/\"},{\"@type\":\"ListItem\",\"position\":3,\"name\":\"Lux\u00f3metro Digital 20,000 LUX &#8211; YK10LX\"}]},{\"@type\":\"WebSite\",\"@id\":\"https:\/\/abaa.mx\/tienda\/#website\",\"url\":\"https:\/\/abaa.mx\/tienda\/\",\"name\":\"Abaa tienda online\",\"description\":\"Instrumentos de medici\u00f3n\",\"publisher\":{\"@id\":\"https:\/\/abaa.mx\/tienda\/#organization\"},\"potentialAction\":[{\"@type\":\"SearchAction\",\"target\":{\"@type\":\"EntryPoint\",\"urlTemplate\":\"https:\/\/abaa.mx\/tienda\/?s={search_term_string}\"},\"query-input\":{\"@type\":\"PropertyValueSpecification\",\"valueRequired\":true,\"valueName\":\"search_term_string\"}}],\"inLanguage\":\"es\"},{\"@type\":\"Organization\",\"@id\":\"https:\/\/abaa.mx\/tienda\/#organization\",\"name\":\"Abaa tienda online\",\"url\":\"https:\/\/abaa.mx\/tienda\/\",\"logo\":{\"@type\":\"ImageObject\",\"inLanguage\":\"es\",\"@id\":\"https:\/\/abaa.mx\/tienda\/#\/schema\/logo\/image\/\",\"url\":\"https:\/\/abaa.mx\/tienda\/wp-content\/uploads\/2024\/01\/abaa-metrologia-tienda.png\",\"contentUrl\":\"https:\/\/abaa.mx\/tienda\/wp-content\/uploads\/2024\/01\/abaa-metrologia-tienda.png\",\"width\":300,\"height\":141,\"caption\":\"Abaa tienda online\"},\"image\":{\"@id\":\"https:\/\/abaa.mx\/tienda\/#\/schema\/logo\/image\/\"}}]}<\/script>\n<!-- \/ Yoast SEO plugin. -->","yoast_head_json":{"title":"Lux\u00f3metro Digital 20,000 LUX - YK10LX - Abaa tienda online","robots":{"index":"index","follow":"follow","max-snippet":"max-snippet:-1","max-image-preview":"max-image-preview:large","max-video-preview":"max-video-preview:-1"},"canonical":"https:\/\/abaa.mx\/tienda\/luxometro-digital-20000-lux-yk10lx\/","og_locale":"es_MX","og_type":"article","og_title":"Lux\u00f3metro Digital 20,000 LUX - YK10LX - Abaa tienda online","og_description":"Caracter\u00edsticas principales:  Lux\u00f3metro profesional de f\u00e1cil operaci\u00f3n. Su sensor emplea un fotograf\u00eda -diodo y un filtro de correcci\u00f3n de color exclusivos cuyo espectro cumple con el espectro fot\u00f3pico CI.Y tambi\u00e9n. Correcci\u00f3n del factor cosenoidal del sensor para realizar el est\u00e1ndar. La sonda separada del medidor le permitir\u00e1 colocar el foto -sensor en el \u00e1ngulo \u00f3ptimo para medir la iluminaci\u00f3n. La amplia pantalla LCD le permite una clara lectura de los desenlaces a\u00fan en condiciones de alta iluminaci\u00f3n. Todas las funcionalidades se seleccionan y activan con botones de presi\u00f3n construidos en material anulado. Ajuste manual a \u201ccero\u201d. El panel de adelante es fuerte al agua. Su micro procesador tipo LSI le asegura confiabilidad y durabilidad. Retenci\u00f3n de datos e indicador de bater\u00eda baja.   Rango: 0 a 20,000 lux  Resoluci\u00f3n: 1, 10 lux  Pantalla: LCD de 3 d\u00edgitos de 0,5\" de alto  Tasa de muestreo: 2 veces\/segundo  Precisi\u00f3n: \u00b10.5% de lectura  Fuente de alimentaci\u00f3n: bater\u00eda \u00fanica de 9V  Aplicaciones:  Contrastar la apropiada iluminaci\u00f3n de \u00e1reas de trabajo en interiores y exteriores, iluminaci\u00f3n publica, pruebas de control de calidad en la fabricaci\u00f3n de l\u00e1mparas y bombillas , verificaci\u00f3n de iluminaci\u00f3n en estudios fotogr\u00e1ficos y sets de grabaci\u00f3n, seguridad industrial, proyecci\u00f3n de video , validaci\u00f3n de protecci\u00f3n del sol , etc.  Dimensiones y peso:       Medidor; 200 mm. x 68 mm.x 30 mm., ( 7.9\" pulg. x 2.7\" pulg. x 1.2\" pulg.) Sonda Sensor ; 82mm x 55 mm x 7mm ( 3.2\" pulg. x 2.2\" pulg. x 0.3\" pulg.) Peso: 280g.\/0.62 Lb.","og_url":"https:\/\/abaa.mx\/tienda\/luxometro-digital-20000-lux-yk10lx\/","og_site_name":"Abaa tienda online","article_modified_time":"2023-11-01T17:28:23+00:00","og_image":[{"width":496,"height":491,"url":"https:\/\/abaa.mx\/tienda\/wp-content\/uploads\/2023\/11\/LUTRON-YK10LX.jpg","type":"image\/jpeg"}],"twitter_card":"summary_large_image","twitter_misc":{"Tiempo de lectura":"1 minuto"},"schema":{"@context":"https:\/\/schema.org","@graph":[{"@type":"WebPage","@id":"https:\/\/abaa.mx\/tienda\/luxometro-digital-20000-lux-yk10lx\/","url":"https:\/\/abaa.mx\/tienda\/luxometro-digital-20000-lux-yk10lx\/","name":"Lux\u00f3metro Digital 20,000 LUX - YK10LX - Abaa tienda online","isPartOf":{"@id":"https:\/\/abaa.mx\/tienda\/#website"},"primaryImageOfPage":{"@id":"https:\/\/abaa.mx\/tienda\/luxometro-digital-20000-lux-yk10lx\/#primaryimage"},"image":{"@id":"https:\/\/abaa.mx\/tienda\/luxometro-digital-20000-lux-yk10lx\/#primaryimage"},"thumbnailUrl":"https:\/\/abaa.mx\/tienda\/wp-content\/uploads\/2023\/11\/LUTRON-YK10LX.jpg","datePublished":"2023-11-01T17:28:22+00:00","dateModified":"2023-11-01T17:28:23+00:00","breadcrumb":{"@id":"https:\/\/abaa.mx\/tienda\/luxometro-digital-20000-lux-yk10lx\/#breadcrumb"},"inLanguage":"es","potentialAction":[{"@type":"ReadAction","target":["https:\/\/abaa.mx\/tienda\/luxometro-digital-20000-lux-yk10lx\/"]}]},{"@type":"ImageObject","inLanguage":"es","@id":"https:\/\/abaa.mx\/tienda\/luxometro-digital-20000-lux-yk10lx\/#primaryimage","url":"https:\/\/abaa.mx\/tienda\/wp-content\/uploads\/2023\/11\/LUTRON-YK10LX.jpg","contentUrl":"https:\/\/abaa.mx\/tienda\/wp-content\/uploads\/2023\/11\/LUTRON-YK10LX.jpg","width":496,"height":491,"caption":"LUTRON-YK10LX"},{"@type":"BreadcrumbList","@id":"https:\/\/abaa.mx\/tienda\/luxometro-digital-20000-lux-yk10lx\/#breadcrumb","itemListElement":[{"@type":"ListItem","position":1,"name":"Inicio","item":"https:\/\/abaa.mx\/tienda\/"},{"@type":"ListItem","position":2,"name":"Tienda","item":"https:\/\/abaa.mx\/tienda\/"},{"@type":"ListItem","position":3,"name":"Lux\u00f3metro Digital 20,000 LUX &#8211; YK10LX"}]},{"@type":"WebSite","@id":"https:\/\/abaa.mx\/tienda\/#website","url":"https:\/\/abaa.mx\/tienda\/","name":"Abaa tienda online","description":"Instrumentos de medici\u00f3n","publisher":{"@id":"https:\/\/abaa.mx\/tienda\/#organization"},"potentialAction":[{"@type":"SearchAction","target":{"@type":"EntryPoint","urlTemplate":"https:\/\/abaa.mx\/tienda\/?s={search_term_string}"},"query-input":{"@type":"PropertyValueSpecification","valueRequired":true,"valueName":"search_term_string"}}],"inLanguage":"es"},{"@type":"Organization","@id":"https:\/\/abaa.mx\/tienda\/#organization","name":"Abaa tienda online","url":"https:\/\/abaa.mx\/tienda\/","logo":{"@type":"ImageObject","inLanguage":"es","@id":"https:\/\/abaa.mx\/tienda\/#\/schema\/logo\/image\/","url":"https:\/\/abaa.mx\/tienda\/wp-content\/uploads\/2024\/01\/abaa-metrologia-tienda.png","contentUrl":"https:\/\/abaa.mx\/tienda\/wp-content\/uploads\/2024\/01\/abaa-metrologia-tienda.png","width":300,"height":141,"caption":"Abaa tienda online"},"image":{"@id":"https:\/\/abaa.mx\/tienda\/#\/schema\/logo\/image\/"}}]}},"_links":{"self":[{"href":"https:\/\/abaa.mx\/tienda\/wp-json\/wp\/v2\/product\/8378","targetHints":{"allow":["GET"]}}],"collection":[{"href":"https:\/\/abaa.mx\/tienda\/wp-json\/wp\/v2\/product"}],"about":[{"href":"https:\/\/abaa.mx\/tienda\/wp-json\/wp\/v2\/types\/product"}],"replies":[{"embeddable":true,"href":"https:\/\/abaa.mx\/tienda\/wp-json\/wp\/v2\/comments?post=8378"}],"wp:featuredmedia":[{"embeddable":true,"href":"https:\/\/abaa.mx\/tienda\/wp-json\/wp\/v2\/media\/8379"}],"wp:attachment":[{"href":"https:\/\/abaa.mx\/tienda\/wp-json\/wp\/v2\/media?parent=8378"}],"wp:term":[{"taxonomy":"product_brand","embeddable":true,"href":"https:\/\/abaa.mx\/tienda\/wp-json\/wp\/v2\/product_brand?post=8378"},{"taxonomy":"product_cat","embeddable":true,"href":"https:\/\/abaa.mx\/tienda\/wp-json\/wp\/v2\/product_cat?post=8378"},{"taxonomy":"product_tag","embeddable":true,"href":"https:\/\/abaa.mx\/tienda\/wp-json\/wp\/v2\/product_tag?post=8378"}],"curies":[{"name":"wp","href":"https:\/\/api.w.org\/{rel}","templated":true}]}}