{"id":8376,"date":"2023-11-01T17:23:56","date_gmt":"2023-11-01T17:23:56","guid":{"rendered":"https:\/\/abaa.mx\/tienda\/?post_type=product&#038;p=8376"},"modified":"2023-11-01T17:23:56","modified_gmt":"2023-11-01T17:23:56","slug":"medidor-de-luz-ultravioleta-espectro-290-a-390-nm-yk35uv","status":"publish","type":"product","link":"https:\/\/abaa.mx\/tienda\/medidor-de-luz-ultravioleta-espectro-290-a-390-nm-yk35uv\/","title":{"rendered":"Medidor de luz ultravioleta Espectro 290 a 390 nm &#8211; YK35UV"},"content":{"rendered":"<p>Medidor de luz ultravioleta Espectro 290 a 390 nm &#8211; YK35UV<\/p>\n","protected":false},"excerpt":{"rendered":"<p>Apps en Laboratorio tales como : Esterilizaci\u00f3n por UV, Virolog\u00eda, Gen\u00e9tica Microbiana, Indagaciones del DNA, B\u00f3vedas biol\u00f3gicas, Comparaci\u00f3n fotoqu\u00edmica, Eliminado de UV EPROM, Exposici\u00f3n de fotorresistencia, Valora la curaci\u00f3n de enlaces , adhesivos y revestimiento , Auxiliar en estudios de degradaci\u00f3n clim\u00e1tica, \u00datil en Virolog\u00eda, Gen\u00e9tica Microbiana, estudio del DNA, b\u00f3vedas biol\u00f3gicas, Para empleo general en laboratorio. Apps Industriales Monitoree el peligro por radiaci\u00f3n de luz azul a lo largo de la soldadura, Artes Gr\u00e1ficas, Medidor de luz ultravioleta de calidad profesional, Medici\u00f3n de radiaci\u00f3n ultravioleta para UVA y UVB. Caracter\u00edsticas : Espectro de detecci\u00f3n de UV de 290 nm hasta 390 nm, Dos Rangos 2mW\/cm2 y 20 mW\/cm2, Exclusiva estructura del sensor UV, Sensor con filtro de coseno, Cuenta con bot\u00f3n de puesta a cero., Su circuito tipo microprocesador permite alta confiabilidad y una mayor durabilidad, Pantalla LCD de formato grande para facilitar la lectura de valores. Carcasa compacta y fuerte<\/p>\n","protected":false},"featured_media":8377,"comment_status":"open","ping_status":"closed","template":"","meta":{"_joinchat":[]},"product_brand":[],"product_cat":[99],"product_tag":[],"class_list":{"0":"post-8376","1":"product","2":"type-product","3":"status-publish","4":"has-post-thumbnail","6":"product_cat-luxometros","8":"first","9":"instock","10":"shipping-taxable","11":"product-type-simple"},"yoast_head":"<!-- This site is optimized with the Yoast SEO plugin v26.4 - https:\/\/yoast.com\/wordpress\/plugins\/seo\/ -->\n<title>Medidor de luz ultravioleta Espectro 290 a 390 nm - YK35UV - Abaa tienda online<\/title>\n<meta name=\"robots\" content=\"index, follow, max-snippet:-1, max-image-preview:large, max-video-preview:-1\" \/>\n<link rel=\"canonical\" href=\"https:\/\/abaa.mx\/tienda\/medidor-de-luz-ultravioleta-espectro-290-a-390-nm-yk35uv\/\" \/>\n<meta property=\"og:locale\" content=\"es_MX\" \/>\n<meta property=\"og:type\" content=\"article\" \/>\n<meta property=\"og:title\" content=\"Medidor de luz ultravioleta Espectro 290 a 390 nm - YK35UV - Abaa tienda online\" \/>\n<meta property=\"og:description\" content=\"Apps en Laboratorio tales como : Esterilizaci\u00f3n por UV, Virolog\u00eda, Gen\u00e9tica Microbiana, Indagaciones del DNA, B\u00f3vedas biol\u00f3gicas, Comparaci\u00f3n fotoqu\u00edmica, Eliminado de UV EPROM, Exposici\u00f3n de fotorresistencia, Valora la curaci\u00f3n de enlaces , adhesivos y revestimiento , Auxiliar en estudios de degradaci\u00f3n clim\u00e1tica, \u00datil en Virolog\u00eda, Gen\u00e9tica Microbiana, estudio del DNA, b\u00f3vedas biol\u00f3gicas, Para empleo general en laboratorio. Apps Industriales Monitoree el peligro por radiaci\u00f3n de luz azul a lo largo de la soldadura, Artes Gr\u00e1ficas, Medidor de luz ultravioleta de calidad profesional, Medici\u00f3n de radiaci\u00f3n ultravioleta para UVA y UVB. Caracter\u00edsticas : Espectro de detecci\u00f3n de UV de 290 nm hasta 390 nm, Dos Rangos 2mW\/cm2 y 20 mW\/cm2, Exclusiva estructura del sensor UV, Sensor con filtro de coseno, Cuenta con bot\u00f3n de puesta a cero., Su circuito tipo microprocesador permite alta confiabilidad y una mayor durabilidad, Pantalla LCD de formato grande para facilitar la lectura de valores. Carcasa compacta y fuerte\" \/>\n<meta property=\"og:url\" content=\"https:\/\/abaa.mx\/tienda\/medidor-de-luz-ultravioleta-espectro-290-a-390-nm-yk35uv\/\" \/>\n<meta property=\"og:site_name\" content=\"Abaa tienda online\" \/>\n<meta property=\"og:image\" content=\"https:\/\/abaa.mx\/tienda\/wp-content\/uploads\/2023\/11\/LUTRON-YK35UV.jpg\" \/>\n\t<meta property=\"og:image:width\" content=\"510\" \/>\n\t<meta property=\"og:image:height\" content=\"450\" \/>\n\t<meta property=\"og:image:type\" content=\"image\/jpeg\" \/>\n<meta name=\"twitter:card\" content=\"summary_large_image\" \/>\n<meta name=\"twitter:label1\" content=\"Tiempo de lectura\" \/>\n\t<meta name=\"twitter:data1\" content=\"1 minuto\" \/>\n<script type=\"application\/ld+json\" class=\"yoast-schema-graph\">{\"@context\":\"https:\/\/schema.org\",\"@graph\":[{\"@type\":\"WebPage\",\"@id\":\"https:\/\/abaa.mx\/tienda\/medidor-de-luz-ultravioleta-espectro-290-a-390-nm-yk35uv\/\",\"url\":\"https:\/\/abaa.mx\/tienda\/medidor-de-luz-ultravioleta-espectro-290-a-390-nm-yk35uv\/\",\"name\":\"Medidor de luz ultravioleta Espectro 290 a 390 nm - YK35UV - Abaa tienda online\",\"isPartOf\":{\"@id\":\"https:\/\/abaa.mx\/tienda\/#website\"},\"primaryImageOfPage\":{\"@id\":\"https:\/\/abaa.mx\/tienda\/medidor-de-luz-ultravioleta-espectro-290-a-390-nm-yk35uv\/#primaryimage\"},\"image\":{\"@id\":\"https:\/\/abaa.mx\/tienda\/medidor-de-luz-ultravioleta-espectro-290-a-390-nm-yk35uv\/#primaryimage\"},\"thumbnailUrl\":\"https:\/\/abaa.mx\/tienda\/wp-content\/uploads\/2023\/11\/LUTRON-YK35UV.jpg\",\"datePublished\":\"2023-11-01T17:23:56+00:00\",\"breadcrumb\":{\"@id\":\"https:\/\/abaa.mx\/tienda\/medidor-de-luz-ultravioleta-espectro-290-a-390-nm-yk35uv\/#breadcrumb\"},\"inLanguage\":\"es\",\"potentialAction\":[{\"@type\":\"ReadAction\",\"target\":[\"https:\/\/abaa.mx\/tienda\/medidor-de-luz-ultravioleta-espectro-290-a-390-nm-yk35uv\/\"]}]},{\"@type\":\"ImageObject\",\"inLanguage\":\"es\",\"@id\":\"https:\/\/abaa.mx\/tienda\/medidor-de-luz-ultravioleta-espectro-290-a-390-nm-yk35uv\/#primaryimage\",\"url\":\"https:\/\/abaa.mx\/tienda\/wp-content\/uploads\/2023\/11\/LUTRON-YK35UV.jpg\",\"contentUrl\":\"https:\/\/abaa.mx\/tienda\/wp-content\/uploads\/2023\/11\/LUTRON-YK35UV.jpg\",\"width\":510,\"height\":450,\"caption\":\"LUTRON-YK35UV\"},{\"@type\":\"BreadcrumbList\",\"@id\":\"https:\/\/abaa.mx\/tienda\/medidor-de-luz-ultravioleta-espectro-290-a-390-nm-yk35uv\/#breadcrumb\",\"itemListElement\":[{\"@type\":\"ListItem\",\"position\":1,\"name\":\"Inicio\",\"item\":\"https:\/\/abaa.mx\/tienda\/\"},{\"@type\":\"ListItem\",\"position\":2,\"name\":\"Tienda\",\"item\":\"https:\/\/abaa.mx\/tienda\/\"},{\"@type\":\"ListItem\",\"position\":3,\"name\":\"Medidor de luz ultravioleta Espectro 290 a 390 nm &#8211; YK35UV\"}]},{\"@type\":\"WebSite\",\"@id\":\"https:\/\/abaa.mx\/tienda\/#website\",\"url\":\"https:\/\/abaa.mx\/tienda\/\",\"name\":\"Abaa tienda online\",\"description\":\"Instrumentos de medici\u00f3n\",\"publisher\":{\"@id\":\"https:\/\/abaa.mx\/tienda\/#organization\"},\"potentialAction\":[{\"@type\":\"SearchAction\",\"target\":{\"@type\":\"EntryPoint\",\"urlTemplate\":\"https:\/\/abaa.mx\/tienda\/?s={search_term_string}\"},\"query-input\":{\"@type\":\"PropertyValueSpecification\",\"valueRequired\":true,\"valueName\":\"search_term_string\"}}],\"inLanguage\":\"es\"},{\"@type\":\"Organization\",\"@id\":\"https:\/\/abaa.mx\/tienda\/#organization\",\"name\":\"Abaa tienda online\",\"url\":\"https:\/\/abaa.mx\/tienda\/\",\"logo\":{\"@type\":\"ImageObject\",\"inLanguage\":\"es\",\"@id\":\"https:\/\/abaa.mx\/tienda\/#\/schema\/logo\/image\/\",\"url\":\"https:\/\/abaa.mx\/tienda\/wp-content\/uploads\/2024\/01\/abaa-metrologia-tienda.png\",\"contentUrl\":\"https:\/\/abaa.mx\/tienda\/wp-content\/uploads\/2024\/01\/abaa-metrologia-tienda.png\",\"width\":300,\"height\":141,\"caption\":\"Abaa tienda online\"},\"image\":{\"@id\":\"https:\/\/abaa.mx\/tienda\/#\/schema\/logo\/image\/\"}}]}<\/script>\n<!-- \/ Yoast SEO plugin. -->","yoast_head_json":{"title":"Medidor de luz ultravioleta Espectro 290 a 390 nm - YK35UV - Abaa tienda online","robots":{"index":"index","follow":"follow","max-snippet":"max-snippet:-1","max-image-preview":"max-image-preview:large","max-video-preview":"max-video-preview:-1"},"canonical":"https:\/\/abaa.mx\/tienda\/medidor-de-luz-ultravioleta-espectro-290-a-390-nm-yk35uv\/","og_locale":"es_MX","og_type":"article","og_title":"Medidor de luz ultravioleta Espectro 290 a 390 nm - YK35UV - Abaa tienda online","og_description":"Apps en Laboratorio tales como : Esterilizaci\u00f3n por UV, Virolog\u00eda, Gen\u00e9tica Microbiana, Indagaciones del DNA, B\u00f3vedas biol\u00f3gicas, Comparaci\u00f3n fotoqu\u00edmica, Eliminado de UV EPROM, Exposici\u00f3n de fotorresistencia, Valora la curaci\u00f3n de enlaces , adhesivos y revestimiento , Auxiliar en estudios de degradaci\u00f3n clim\u00e1tica, \u00datil en Virolog\u00eda, Gen\u00e9tica Microbiana, estudio del DNA, b\u00f3vedas biol\u00f3gicas, Para empleo general en laboratorio. Apps Industriales Monitoree el peligro por radiaci\u00f3n de luz azul a lo largo de la soldadura, Artes Gr\u00e1ficas, Medidor de luz ultravioleta de calidad profesional, Medici\u00f3n de radiaci\u00f3n ultravioleta para UVA y UVB. Caracter\u00edsticas : Espectro de detecci\u00f3n de UV de 290 nm hasta 390 nm, Dos Rangos 2mW\/cm2 y 20 mW\/cm2, Exclusiva estructura del sensor UV, Sensor con filtro de coseno, Cuenta con bot\u00f3n de puesta a cero., Su circuito tipo microprocesador permite alta confiabilidad y una mayor durabilidad, Pantalla LCD de formato grande para facilitar la lectura de valores. Carcasa compacta y fuerte","og_url":"https:\/\/abaa.mx\/tienda\/medidor-de-luz-ultravioleta-espectro-290-a-390-nm-yk35uv\/","og_site_name":"Abaa tienda online","og_image":[{"width":510,"height":450,"url":"https:\/\/abaa.mx\/tienda\/wp-content\/uploads\/2023\/11\/LUTRON-YK35UV.jpg","type":"image\/jpeg"}],"twitter_card":"summary_large_image","twitter_misc":{"Tiempo de lectura":"1 minuto"},"schema":{"@context":"https:\/\/schema.org","@graph":[{"@type":"WebPage","@id":"https:\/\/abaa.mx\/tienda\/medidor-de-luz-ultravioleta-espectro-290-a-390-nm-yk35uv\/","url":"https:\/\/abaa.mx\/tienda\/medidor-de-luz-ultravioleta-espectro-290-a-390-nm-yk35uv\/","name":"Medidor de luz ultravioleta Espectro 290 a 390 nm - YK35UV - Abaa tienda online","isPartOf":{"@id":"https:\/\/abaa.mx\/tienda\/#website"},"primaryImageOfPage":{"@id":"https:\/\/abaa.mx\/tienda\/medidor-de-luz-ultravioleta-espectro-290-a-390-nm-yk35uv\/#primaryimage"},"image":{"@id":"https:\/\/abaa.mx\/tienda\/medidor-de-luz-ultravioleta-espectro-290-a-390-nm-yk35uv\/#primaryimage"},"thumbnailUrl":"https:\/\/abaa.mx\/tienda\/wp-content\/uploads\/2023\/11\/LUTRON-YK35UV.jpg","datePublished":"2023-11-01T17:23:56+00:00","breadcrumb":{"@id":"https:\/\/abaa.mx\/tienda\/medidor-de-luz-ultravioleta-espectro-290-a-390-nm-yk35uv\/#breadcrumb"},"inLanguage":"es","potentialAction":[{"@type":"ReadAction","target":["https:\/\/abaa.mx\/tienda\/medidor-de-luz-ultravioleta-espectro-290-a-390-nm-yk35uv\/"]}]},{"@type":"ImageObject","inLanguage":"es","@id":"https:\/\/abaa.mx\/tienda\/medidor-de-luz-ultravioleta-espectro-290-a-390-nm-yk35uv\/#primaryimage","url":"https:\/\/abaa.mx\/tienda\/wp-content\/uploads\/2023\/11\/LUTRON-YK35UV.jpg","contentUrl":"https:\/\/abaa.mx\/tienda\/wp-content\/uploads\/2023\/11\/LUTRON-YK35UV.jpg","width":510,"height":450,"caption":"LUTRON-YK35UV"},{"@type":"BreadcrumbList","@id":"https:\/\/abaa.mx\/tienda\/medidor-de-luz-ultravioleta-espectro-290-a-390-nm-yk35uv\/#breadcrumb","itemListElement":[{"@type":"ListItem","position":1,"name":"Inicio","item":"https:\/\/abaa.mx\/tienda\/"},{"@type":"ListItem","position":2,"name":"Tienda","item":"https:\/\/abaa.mx\/tienda\/"},{"@type":"ListItem","position":3,"name":"Medidor de luz ultravioleta Espectro 290 a 390 nm &#8211; YK35UV"}]},{"@type":"WebSite","@id":"https:\/\/abaa.mx\/tienda\/#website","url":"https:\/\/abaa.mx\/tienda\/","name":"Abaa tienda online","description":"Instrumentos de medici\u00f3n","publisher":{"@id":"https:\/\/abaa.mx\/tienda\/#organization"},"potentialAction":[{"@type":"SearchAction","target":{"@type":"EntryPoint","urlTemplate":"https:\/\/abaa.mx\/tienda\/?s={search_term_string}"},"query-input":{"@type":"PropertyValueSpecification","valueRequired":true,"valueName":"search_term_string"}}],"inLanguage":"es"},{"@type":"Organization","@id":"https:\/\/abaa.mx\/tienda\/#organization","name":"Abaa tienda online","url":"https:\/\/abaa.mx\/tienda\/","logo":{"@type":"ImageObject","inLanguage":"es","@id":"https:\/\/abaa.mx\/tienda\/#\/schema\/logo\/image\/","url":"https:\/\/abaa.mx\/tienda\/wp-content\/uploads\/2024\/01\/abaa-metrologia-tienda.png","contentUrl":"https:\/\/abaa.mx\/tienda\/wp-content\/uploads\/2024\/01\/abaa-metrologia-tienda.png","width":300,"height":141,"caption":"Abaa tienda online"},"image":{"@id":"https:\/\/abaa.mx\/tienda\/#\/schema\/logo\/image\/"}}]}},"_links":{"self":[{"href":"https:\/\/abaa.mx\/tienda\/wp-json\/wp\/v2\/product\/8376","targetHints":{"allow":["GET"]}}],"collection":[{"href":"https:\/\/abaa.mx\/tienda\/wp-json\/wp\/v2\/product"}],"about":[{"href":"https:\/\/abaa.mx\/tienda\/wp-json\/wp\/v2\/types\/product"}],"replies":[{"embeddable":true,"href":"https:\/\/abaa.mx\/tienda\/wp-json\/wp\/v2\/comments?post=8376"}],"wp:featuredmedia":[{"embeddable":true,"href":"https:\/\/abaa.mx\/tienda\/wp-json\/wp\/v2\/media\/8377"}],"wp:attachment":[{"href":"https:\/\/abaa.mx\/tienda\/wp-json\/wp\/v2\/media?parent=8376"}],"wp:term":[{"taxonomy":"product_brand","embeddable":true,"href":"https:\/\/abaa.mx\/tienda\/wp-json\/wp\/v2\/product_brand?post=8376"},{"taxonomy":"product_cat","embeddable":true,"href":"https:\/\/abaa.mx\/tienda\/wp-json\/wp\/v2\/product_cat?post=8376"},{"taxonomy":"product_tag","embeddable":true,"href":"https:\/\/abaa.mx\/tienda\/wp-json\/wp\/v2\/product_tag?post=8376"}],"curies":[{"name":"wp","href":"https:\/\/api.w.org\/{rel}","templated":true}]}}