{"id":8374,"date":"2023-11-01T17:15:32","date_gmt":"2023-11-01T17:15:32","guid":{"rendered":"https:\/\/abaa.mx\/tienda\/?post_type=product&#038;p=8374"},"modified":"2023-11-01T17:15:32","modified_gmt":"2023-11-01T17:15:32","slug":"luxometro-digital-383-a-10000-lux","status":"publish","type":"product","link":"https:\/\/abaa.mx\/tienda\/luxometro-digital-383-a-10000-lux\/","title":{"rendered":"Luxometro Digital 383 a 10,000 Lux"},"content":{"rendered":"<p>Luxometro Digital 383 a 10,000 Lux<\/p>\n","protected":false},"excerpt":{"rendered":"<p>El 383 es un peque\u00f1o medidor de luz pertrechado con sensor fotoelectrico el cual trata la intensidad de la luz y la traduce en se\u00f1ales electricas. Es peque\u00f1o, compacto y facil de usar. Herramienta ideal para monitoreo de luces en el hogar , oficina, escuelas , laboratorios, centros de salud y otras areas.<\/p>\n<p><strong>Caracteristicas<\/strong>:<\/p>\n<p>&#8211; Medici\u00f3n de iluminaci\u00f3n:<\/p>\n<p>* Selecci\u00f3n de M\u00e1ximo y M\u00ednimo<\/p>\n<p>* Funci\u00f3n HOLD (Retenci\u00f3n de lectura)<\/p>\n<p>&#8211; &gt;= 100000 Lux (Resoluci\u00f3n 100 Lux)<\/p>\n<p>* Pantalla LCD<\/p>\n<p>* Apagado autom\u00e1tico (Luego de 5 minutos de inactividad)<\/p>\n<p>&#8211; &gt;= 10000 Lux (Resoluci\u00f3n 10 Lux)<\/p>\n<p>* Iluminaci\u00f3n de pantalla<\/p>\n<p>&#8211; 0 ~ 9990 Lux (Resoluci\u00f3n 1 Lux)<\/p>\n<p>* Tiempo de muestreo: 0.5 segundos<\/p>\n<p>&nbsp;<\/p>\n<p>&nbsp;<\/p>\n","protected":false},"featured_media":8375,"comment_status":"open","ping_status":"closed","template":"","meta":{"_joinchat":[]},"product_brand":[],"product_cat":[99],"product_tag":[],"class_list":{"0":"post-8374","1":"product","2":"type-product","3":"status-publish","4":"has-post-thumbnail","6":"product_cat-luxometros","8":"first","9":"instock","10":"shipping-taxable","11":"product-type-simple"},"yoast_head":"<!-- This site is optimized with the Yoast SEO plugin v26.4 - https:\/\/yoast.com\/wordpress\/plugins\/seo\/ -->\n<title>Luxometro Digital 383 a 10,000 Lux - Abaa tienda online<\/title>\n<meta name=\"robots\" content=\"index, follow, max-snippet:-1, max-image-preview:large, max-video-preview:-1\" \/>\n<link rel=\"canonical\" href=\"https:\/\/abaa.mx\/tienda\/luxometro-digital-383-a-10000-lux\/\" \/>\n<meta property=\"og:locale\" content=\"es_MX\" \/>\n<meta property=\"og:type\" content=\"article\" \/>\n<meta property=\"og:title\" content=\"Luxometro Digital 383 a 10,000 Lux - Abaa tienda online\" \/>\n<meta property=\"og:description\" content=\"El 383 es un peque\u00f1o medidor de luz pertrechado con sensor fotoelectrico el cual trata la intensidad de la luz y la traduce en se\u00f1ales electricas. Es peque\u00f1o, compacto y facil de usar. Herramienta ideal para monitoreo de luces en el hogar , oficina, escuelas , laboratorios, centros de salud y otras areas.  Caracteristicas:  - Medici\u00f3n de iluminaci\u00f3n:  * Selecci\u00f3n de M\u00e1ximo y M\u00ednimo  * Funci\u00f3n HOLD (Retenci\u00f3n de lectura)  - &gt;= 100000 Lux (Resoluci\u00f3n 100 Lux)  * Pantalla LCD  * Apagado autom\u00e1tico (Luego de 5 minutos de inactividad)  - &gt;= 10000 Lux (Resoluci\u00f3n 10 Lux)  * Iluminaci\u00f3n de pantalla  - 0 ~ 9990 Lux (Resoluci\u00f3n 1 Lux)  * Tiempo de muestreo: 0.5 segundos  &nbsp;  &nbsp;\" \/>\n<meta property=\"og:url\" content=\"https:\/\/abaa.mx\/tienda\/luxometro-digital-383-a-10000-lux\/\" \/>\n<meta property=\"og:site_name\" content=\"Abaa tienda online\" \/>\n<meta property=\"og:image\" content=\"https:\/\/abaa.mx\/tienda\/wp-content\/uploads\/2023\/11\/UNIT-383.jpg\" \/>\n\t<meta property=\"og:image:width\" content=\"351\" \/>\n\t<meta property=\"og:image:height\" content=\"526\" \/>\n\t<meta property=\"og:image:type\" content=\"image\/jpeg\" \/>\n<meta name=\"twitter:card\" content=\"summary_large_image\" \/>\n<meta name=\"twitter:label1\" content=\"Tiempo de lectura\" \/>\n\t<meta name=\"twitter:data1\" content=\"1 minuto\" \/>\n<script type=\"application\/ld+json\" class=\"yoast-schema-graph\">{\"@context\":\"https:\/\/schema.org\",\"@graph\":[{\"@type\":\"WebPage\",\"@id\":\"https:\/\/abaa.mx\/tienda\/luxometro-digital-383-a-10000-lux\/\",\"url\":\"https:\/\/abaa.mx\/tienda\/luxometro-digital-383-a-10000-lux\/\",\"name\":\"Luxometro Digital 383 a 10,000 Lux - Abaa tienda online\",\"isPartOf\":{\"@id\":\"https:\/\/abaa.mx\/tienda\/#website\"},\"primaryImageOfPage\":{\"@id\":\"https:\/\/abaa.mx\/tienda\/luxometro-digital-383-a-10000-lux\/#primaryimage\"},\"image\":{\"@id\":\"https:\/\/abaa.mx\/tienda\/luxometro-digital-383-a-10000-lux\/#primaryimage\"},\"thumbnailUrl\":\"https:\/\/abaa.mx\/tienda\/wp-content\/uploads\/2023\/11\/UNIT-383.jpg\",\"datePublished\":\"2023-11-01T17:15:32+00:00\",\"breadcrumb\":{\"@id\":\"https:\/\/abaa.mx\/tienda\/luxometro-digital-383-a-10000-lux\/#breadcrumb\"},\"inLanguage\":\"es\",\"potentialAction\":[{\"@type\":\"ReadAction\",\"target\":[\"https:\/\/abaa.mx\/tienda\/luxometro-digital-383-a-10000-lux\/\"]}]},{\"@type\":\"ImageObject\",\"inLanguage\":\"es\",\"@id\":\"https:\/\/abaa.mx\/tienda\/luxometro-digital-383-a-10000-lux\/#primaryimage\",\"url\":\"https:\/\/abaa.mx\/tienda\/wp-content\/uploads\/2023\/11\/UNIT-383.jpg\",\"contentUrl\":\"https:\/\/abaa.mx\/tienda\/wp-content\/uploads\/2023\/11\/UNIT-383.jpg\",\"width\":351,\"height\":526,\"caption\":\"UNIT-383\"},{\"@type\":\"BreadcrumbList\",\"@id\":\"https:\/\/abaa.mx\/tienda\/luxometro-digital-383-a-10000-lux\/#breadcrumb\",\"itemListElement\":[{\"@type\":\"ListItem\",\"position\":1,\"name\":\"Inicio\",\"item\":\"https:\/\/abaa.mx\/tienda\/\"},{\"@type\":\"ListItem\",\"position\":2,\"name\":\"Tienda\",\"item\":\"https:\/\/abaa.mx\/tienda\/\"},{\"@type\":\"ListItem\",\"position\":3,\"name\":\"Luxometro Digital 383 a 10,000 Lux\"}]},{\"@type\":\"WebSite\",\"@id\":\"https:\/\/abaa.mx\/tienda\/#website\",\"url\":\"https:\/\/abaa.mx\/tienda\/\",\"name\":\"Abaa tienda online\",\"description\":\"Instrumentos de medici\u00f3n\",\"publisher\":{\"@id\":\"https:\/\/abaa.mx\/tienda\/#organization\"},\"potentialAction\":[{\"@type\":\"SearchAction\",\"target\":{\"@type\":\"EntryPoint\",\"urlTemplate\":\"https:\/\/abaa.mx\/tienda\/?s={search_term_string}\"},\"query-input\":{\"@type\":\"PropertyValueSpecification\",\"valueRequired\":true,\"valueName\":\"search_term_string\"}}],\"inLanguage\":\"es\"},{\"@type\":\"Organization\",\"@id\":\"https:\/\/abaa.mx\/tienda\/#organization\",\"name\":\"Abaa tienda online\",\"url\":\"https:\/\/abaa.mx\/tienda\/\",\"logo\":{\"@type\":\"ImageObject\",\"inLanguage\":\"es\",\"@id\":\"https:\/\/abaa.mx\/tienda\/#\/schema\/logo\/image\/\",\"url\":\"https:\/\/abaa.mx\/tienda\/wp-content\/uploads\/2024\/01\/abaa-metrologia-tienda.png\",\"contentUrl\":\"https:\/\/abaa.mx\/tienda\/wp-content\/uploads\/2024\/01\/abaa-metrologia-tienda.png\",\"width\":300,\"height\":141,\"caption\":\"Abaa tienda online\"},\"image\":{\"@id\":\"https:\/\/abaa.mx\/tienda\/#\/schema\/logo\/image\/\"}}]}<\/script>\n<!-- \/ Yoast SEO plugin. -->","yoast_head_json":{"title":"Luxometro Digital 383 a 10,000 Lux - Abaa tienda online","robots":{"index":"index","follow":"follow","max-snippet":"max-snippet:-1","max-image-preview":"max-image-preview:large","max-video-preview":"max-video-preview:-1"},"canonical":"https:\/\/abaa.mx\/tienda\/luxometro-digital-383-a-10000-lux\/","og_locale":"es_MX","og_type":"article","og_title":"Luxometro Digital 383 a 10,000 Lux - Abaa tienda online","og_description":"El 383 es un peque\u00f1o medidor de luz pertrechado con sensor fotoelectrico el cual trata la intensidad de la luz y la traduce en se\u00f1ales electricas. Es peque\u00f1o, compacto y facil de usar. Herramienta ideal para monitoreo de luces en el hogar , oficina, escuelas , laboratorios, centros de salud y otras areas.  Caracteristicas:  - Medici\u00f3n de iluminaci\u00f3n:  * Selecci\u00f3n de M\u00e1ximo y M\u00ednimo  * Funci\u00f3n HOLD (Retenci\u00f3n de lectura)  - &gt;= 100000 Lux (Resoluci\u00f3n 100 Lux)  * Pantalla LCD  * Apagado autom\u00e1tico (Luego de 5 minutos de inactividad)  - &gt;= 10000 Lux (Resoluci\u00f3n 10 Lux)  * Iluminaci\u00f3n de pantalla  - 0 ~ 9990 Lux (Resoluci\u00f3n 1 Lux)  * Tiempo de muestreo: 0.5 segundos  &nbsp;  &nbsp;","og_url":"https:\/\/abaa.mx\/tienda\/luxometro-digital-383-a-10000-lux\/","og_site_name":"Abaa tienda online","og_image":[{"width":351,"height":526,"url":"https:\/\/abaa.mx\/tienda\/wp-content\/uploads\/2023\/11\/UNIT-383.jpg","type":"image\/jpeg"}],"twitter_card":"summary_large_image","twitter_misc":{"Tiempo de lectura":"1 minuto"},"schema":{"@context":"https:\/\/schema.org","@graph":[{"@type":"WebPage","@id":"https:\/\/abaa.mx\/tienda\/luxometro-digital-383-a-10000-lux\/","url":"https:\/\/abaa.mx\/tienda\/luxometro-digital-383-a-10000-lux\/","name":"Luxometro Digital 383 a 10,000 Lux - Abaa tienda online","isPartOf":{"@id":"https:\/\/abaa.mx\/tienda\/#website"},"primaryImageOfPage":{"@id":"https:\/\/abaa.mx\/tienda\/luxometro-digital-383-a-10000-lux\/#primaryimage"},"image":{"@id":"https:\/\/abaa.mx\/tienda\/luxometro-digital-383-a-10000-lux\/#primaryimage"},"thumbnailUrl":"https:\/\/abaa.mx\/tienda\/wp-content\/uploads\/2023\/11\/UNIT-383.jpg","datePublished":"2023-11-01T17:15:32+00:00","breadcrumb":{"@id":"https:\/\/abaa.mx\/tienda\/luxometro-digital-383-a-10000-lux\/#breadcrumb"},"inLanguage":"es","potentialAction":[{"@type":"ReadAction","target":["https:\/\/abaa.mx\/tienda\/luxometro-digital-383-a-10000-lux\/"]}]},{"@type":"ImageObject","inLanguage":"es","@id":"https:\/\/abaa.mx\/tienda\/luxometro-digital-383-a-10000-lux\/#primaryimage","url":"https:\/\/abaa.mx\/tienda\/wp-content\/uploads\/2023\/11\/UNIT-383.jpg","contentUrl":"https:\/\/abaa.mx\/tienda\/wp-content\/uploads\/2023\/11\/UNIT-383.jpg","width":351,"height":526,"caption":"UNIT-383"},{"@type":"BreadcrumbList","@id":"https:\/\/abaa.mx\/tienda\/luxometro-digital-383-a-10000-lux\/#breadcrumb","itemListElement":[{"@type":"ListItem","position":1,"name":"Inicio","item":"https:\/\/abaa.mx\/tienda\/"},{"@type":"ListItem","position":2,"name":"Tienda","item":"https:\/\/abaa.mx\/tienda\/"},{"@type":"ListItem","position":3,"name":"Luxometro Digital 383 a 10,000 Lux"}]},{"@type":"WebSite","@id":"https:\/\/abaa.mx\/tienda\/#website","url":"https:\/\/abaa.mx\/tienda\/","name":"Abaa tienda online","description":"Instrumentos de medici\u00f3n","publisher":{"@id":"https:\/\/abaa.mx\/tienda\/#organization"},"potentialAction":[{"@type":"SearchAction","target":{"@type":"EntryPoint","urlTemplate":"https:\/\/abaa.mx\/tienda\/?s={search_term_string}"},"query-input":{"@type":"PropertyValueSpecification","valueRequired":true,"valueName":"search_term_string"}}],"inLanguage":"es"},{"@type":"Organization","@id":"https:\/\/abaa.mx\/tienda\/#organization","name":"Abaa tienda online","url":"https:\/\/abaa.mx\/tienda\/","logo":{"@type":"ImageObject","inLanguage":"es","@id":"https:\/\/abaa.mx\/tienda\/#\/schema\/logo\/image\/","url":"https:\/\/abaa.mx\/tienda\/wp-content\/uploads\/2024\/01\/abaa-metrologia-tienda.png","contentUrl":"https:\/\/abaa.mx\/tienda\/wp-content\/uploads\/2024\/01\/abaa-metrologia-tienda.png","width":300,"height":141,"caption":"Abaa tienda online"},"image":{"@id":"https:\/\/abaa.mx\/tienda\/#\/schema\/logo\/image\/"}}]}},"_links":{"self":[{"href":"https:\/\/abaa.mx\/tienda\/wp-json\/wp\/v2\/product\/8374","targetHints":{"allow":["GET"]}}],"collection":[{"href":"https:\/\/abaa.mx\/tienda\/wp-json\/wp\/v2\/product"}],"about":[{"href":"https:\/\/abaa.mx\/tienda\/wp-json\/wp\/v2\/types\/product"}],"replies":[{"embeddable":true,"href":"https:\/\/abaa.mx\/tienda\/wp-json\/wp\/v2\/comments?post=8374"}],"wp:featuredmedia":[{"embeddable":true,"href":"https:\/\/abaa.mx\/tienda\/wp-json\/wp\/v2\/media\/8375"}],"wp:attachment":[{"href":"https:\/\/abaa.mx\/tienda\/wp-json\/wp\/v2\/media?parent=8374"}],"wp:term":[{"taxonomy":"product_brand","embeddable":true,"href":"https:\/\/abaa.mx\/tienda\/wp-json\/wp\/v2\/product_brand?post=8374"},{"taxonomy":"product_cat","embeddable":true,"href":"https:\/\/abaa.mx\/tienda\/wp-json\/wp\/v2\/product_cat?post=8374"},{"taxonomy":"product_tag","embeddable":true,"href":"https:\/\/abaa.mx\/tienda\/wp-json\/wp\/v2\/product_tag?post=8374"}],"curies":[{"name":"wp","href":"https:\/\/api.w.org\/{rel}","templated":true}]}}