{"id":8372,"date":"2023-11-01T17:11:21","date_gmt":"2023-11-01T17:11:21","guid":{"rendered":"https:\/\/abaa.mx\/tienda\/?post_type=product&#038;p=8372"},"modified":"2023-11-01T17:11:22","modified_gmt":"2023-11-01T17:11:22","slug":"luxometro-led-dt3809","status":"publish","type":"product","link":"https:\/\/abaa.mx\/tienda\/luxometro-led-dt3809\/","title":{"rendered":"Luxometro LED &#8211; DT3809"},"content":{"rendered":"<p>Luxometro LED &#8211; DT3809<\/p>\n","protected":false},"excerpt":{"rendered":"<p>Es dise\u00f1ado para la industria de LED, la industria del medio ambiente , con una amplia gama , alta precisi\u00f3n y alta sensibilidad y otras peculiaridades , para asegurar el efectivo y acertado desempe\u00f1o toda vez que se mide. Maneja la intensidad de luz LED con el coseno del \u00e1ngulo de correcci\u00f3n y una funci\u00f3n del probador LED de iluminaci\u00f3n , indicio de bater\u00eda baja, luz rasante, que se refleja correcci\u00f3n de la iluminaci\u00f3n. Luz Blanca LED medible.<\/p>\n<ul>\n<li>99 almacenamientos de registros.<\/li>\n<li>Respuesta espectral cercana a la eficiencia espectral luminosa de CIE.<\/li>\n<li>Longitud del cable para el sensor ligero: aproximadamente 1.5M.<\/li>\n<li>Medici\u00f3n de intensidades de iluminaci\u00f3n en unidad de Lux o Foot-candle.<\/li>\n<li>De acuerdo con JISC1609: 1993 y CNS 5119 general.<\/li>\n<li>Coseno angular corregido.<\/li>\n<li>La fuente de las luces de medici\u00f3n incluye toda la gama visible.<\/li>\n<li><\/li>\n<\/ul>\n<table>\n<tbody>\n<tr>\n<td>\n<h5><strong>Especificaciones<\/strong><\/h5>\n<\/td>\n<td>\n<h5><\/h5>\n<\/td>\n<\/tr>\n<tr>\n<td>\n<h5>Selecci\u00f3n de fuente de luz<\/h5>\n<\/td>\n<td>\n<h5>Tungsteno\/Luz diurna, Fluorescente, 0~9 clasificaci\u00f3n seleccionada<\/h5>\n<\/td>\n<\/tr>\n<tr>\n<td>\n<h5>Rango de medici\u00f3n<\/h5>\n<\/td>\n<td>\n<h5>40, 400, 4.000, 40.000, 400.000 lux,<\/h5>\n<h5>40, 400, 4.000, 40.000, pie-candela<\/h5>\n<\/td>\n<\/tr>\n<tr>\n<td>\n<h5>Precisi\u00f3n<\/h5>\n<\/td>\n<td>\n<h5>+\/-3% (Calibrado a l\u00e1mpara incandescente est\u00e1ndar 2856\u00baK y espectro de luz diurna LED corregido) .\u00a0+\/-6% de otra fuente de luz visible.<\/h5>\n<\/td>\n<\/tr>\n<\/tbody>\n<\/table>\n","protected":false},"featured_media":8373,"comment_status":"open","ping_status":"closed","template":"","meta":{"_joinchat":[]},"product_brand":[],"product_cat":[99],"product_tag":[],"class_list":{"0":"post-8372","1":"product","2":"type-product","3":"status-publish","4":"has-post-thumbnail","6":"product_cat-luxometros","8":"first","9":"instock","10":"shipping-taxable","11":"product-type-simple"},"yoast_head":"<!-- This site is optimized with the Yoast SEO plugin v26.4 - https:\/\/yoast.com\/wordpress\/plugins\/seo\/ -->\n<title>Luxometro LED - DT3809 - Abaa tienda online<\/title>\n<meta name=\"robots\" content=\"index, follow, max-snippet:-1, max-image-preview:large, max-video-preview:-1\" \/>\n<link rel=\"canonical\" href=\"https:\/\/abaa.mx\/tienda\/luxometro-led-dt3809\/\" \/>\n<meta property=\"og:locale\" content=\"es_MX\" \/>\n<meta property=\"og:type\" content=\"article\" \/>\n<meta property=\"og:title\" content=\"Luxometro LED - DT3809 - Abaa tienda online\" \/>\n<meta property=\"og:description\" content=\"Es dise\u00f1ado para la industria de LED, la industria del medio ambiente , con una amplia gama , alta precisi\u00f3n y alta sensibilidad y otras peculiaridades , para asegurar el efectivo y acertado desempe\u00f1o toda vez que se mide. Maneja la intensidad de luz LED con el coseno del \u00e1ngulo de correcci\u00f3n y una funci\u00f3n del probador LED de iluminaci\u00f3n , indicio de bater\u00eda baja, luz rasante, que se refleja correcci\u00f3n de la iluminaci\u00f3n. Luz Blanca LED medible.   99 almacenamientos de registros.  Respuesta espectral cercana a la eficiencia espectral luminosa de CIE.  Longitud del cable para el sensor ligero: aproximadamente 1.5M.  Medici\u00f3n de intensidades de iluminaci\u00f3n en unidad de Lux o Foot-candle.  De acuerdo con JISC1609: 1993 y CNS 5119 general.  Coseno angular corregido.  La fuente de las luces de medici\u00f3n incluye toda la gama visible.        Especificaciones        Selecci\u00f3n de fuente de luz   Tungsteno\/Luz diurna, Fluorescente, 0~9 clasificaci\u00f3n seleccionada     Rango de medici\u00f3n   40, 400, 4.000, 40.000, 400.000 lux, 40, 400, 4.000, 40.000, pie-candela     Precisi\u00f3n   +\/-3% (Calibrado a l\u00e1mpara incandescente est\u00e1ndar 2856\u00baK y espectro de luz diurna LED corregido) .\u00a0+\/-6% de otra fuente de luz visible.\" \/>\n<meta property=\"og:url\" content=\"https:\/\/abaa.mx\/tienda\/luxometro-led-dt3809\/\" \/>\n<meta property=\"og:site_name\" content=\"Abaa tienda online\" \/>\n<meta property=\"article:modified_time\" content=\"2023-11-01T17:11:22+00:00\" \/>\n<meta property=\"og:image\" content=\"https:\/\/abaa.mx\/tienda\/wp-content\/uploads\/2023\/11\/CEM-METERS-DT3809.jpg\" \/>\n\t<meta property=\"og:image:width\" content=\"517\" \/>\n\t<meta property=\"og:image:height\" content=\"522\" \/>\n\t<meta property=\"og:image:type\" content=\"image\/jpeg\" \/>\n<meta name=\"twitter:card\" content=\"summary_large_image\" \/>\n<meta name=\"twitter:label1\" content=\"Tiempo de lectura\" \/>\n\t<meta name=\"twitter:data1\" content=\"1 minuto\" \/>\n<script type=\"application\/ld+json\" class=\"yoast-schema-graph\">{\"@context\":\"https:\/\/schema.org\",\"@graph\":[{\"@type\":\"WebPage\",\"@id\":\"https:\/\/abaa.mx\/tienda\/luxometro-led-dt3809\/\",\"url\":\"https:\/\/abaa.mx\/tienda\/luxometro-led-dt3809\/\",\"name\":\"Luxometro LED - DT3809 - Abaa tienda online\",\"isPartOf\":{\"@id\":\"https:\/\/abaa.mx\/tienda\/#website\"},\"primaryImageOfPage\":{\"@id\":\"https:\/\/abaa.mx\/tienda\/luxometro-led-dt3809\/#primaryimage\"},\"image\":{\"@id\":\"https:\/\/abaa.mx\/tienda\/luxometro-led-dt3809\/#primaryimage\"},\"thumbnailUrl\":\"https:\/\/abaa.mx\/tienda\/wp-content\/uploads\/2023\/11\/CEM-METERS-DT3809.jpg\",\"datePublished\":\"2023-11-01T17:11:21+00:00\",\"dateModified\":\"2023-11-01T17:11:22+00:00\",\"breadcrumb\":{\"@id\":\"https:\/\/abaa.mx\/tienda\/luxometro-led-dt3809\/#breadcrumb\"},\"inLanguage\":\"es\",\"potentialAction\":[{\"@type\":\"ReadAction\",\"target\":[\"https:\/\/abaa.mx\/tienda\/luxometro-led-dt3809\/\"]}]},{\"@type\":\"ImageObject\",\"inLanguage\":\"es\",\"@id\":\"https:\/\/abaa.mx\/tienda\/luxometro-led-dt3809\/#primaryimage\",\"url\":\"https:\/\/abaa.mx\/tienda\/wp-content\/uploads\/2023\/11\/CEM-METERS-DT3809.jpg\",\"contentUrl\":\"https:\/\/abaa.mx\/tienda\/wp-content\/uploads\/2023\/11\/CEM-METERS-DT3809.jpg\",\"width\":517,\"height\":522,\"caption\":\"CEM METERS-DT3809\"},{\"@type\":\"BreadcrumbList\",\"@id\":\"https:\/\/abaa.mx\/tienda\/luxometro-led-dt3809\/#breadcrumb\",\"itemListElement\":[{\"@type\":\"ListItem\",\"position\":1,\"name\":\"Inicio\",\"item\":\"https:\/\/abaa.mx\/tienda\/\"},{\"@type\":\"ListItem\",\"position\":2,\"name\":\"Tienda\",\"item\":\"https:\/\/abaa.mx\/tienda\/\"},{\"@type\":\"ListItem\",\"position\":3,\"name\":\"Luxometro LED &#8211; DT3809\"}]},{\"@type\":\"WebSite\",\"@id\":\"https:\/\/abaa.mx\/tienda\/#website\",\"url\":\"https:\/\/abaa.mx\/tienda\/\",\"name\":\"Abaa tienda online\",\"description\":\"Instrumentos de medici\u00f3n\",\"publisher\":{\"@id\":\"https:\/\/abaa.mx\/tienda\/#organization\"},\"potentialAction\":[{\"@type\":\"SearchAction\",\"target\":{\"@type\":\"EntryPoint\",\"urlTemplate\":\"https:\/\/abaa.mx\/tienda\/?s={search_term_string}\"},\"query-input\":{\"@type\":\"PropertyValueSpecification\",\"valueRequired\":true,\"valueName\":\"search_term_string\"}}],\"inLanguage\":\"es\"},{\"@type\":\"Organization\",\"@id\":\"https:\/\/abaa.mx\/tienda\/#organization\",\"name\":\"Abaa tienda online\",\"url\":\"https:\/\/abaa.mx\/tienda\/\",\"logo\":{\"@type\":\"ImageObject\",\"inLanguage\":\"es\",\"@id\":\"https:\/\/abaa.mx\/tienda\/#\/schema\/logo\/image\/\",\"url\":\"https:\/\/abaa.mx\/tienda\/wp-content\/uploads\/2024\/01\/abaa-metrologia-tienda.png\",\"contentUrl\":\"https:\/\/abaa.mx\/tienda\/wp-content\/uploads\/2024\/01\/abaa-metrologia-tienda.png\",\"width\":300,\"height\":141,\"caption\":\"Abaa tienda online\"},\"image\":{\"@id\":\"https:\/\/abaa.mx\/tienda\/#\/schema\/logo\/image\/\"}}]}<\/script>\n<!-- \/ Yoast SEO plugin. -->","yoast_head_json":{"title":"Luxometro LED - DT3809 - Abaa tienda online","robots":{"index":"index","follow":"follow","max-snippet":"max-snippet:-1","max-image-preview":"max-image-preview:large","max-video-preview":"max-video-preview:-1"},"canonical":"https:\/\/abaa.mx\/tienda\/luxometro-led-dt3809\/","og_locale":"es_MX","og_type":"article","og_title":"Luxometro LED - DT3809 - Abaa tienda online","og_description":"Es dise\u00f1ado para la industria de LED, la industria del medio ambiente , con una amplia gama , alta precisi\u00f3n y alta sensibilidad y otras peculiaridades , para asegurar el efectivo y acertado desempe\u00f1o toda vez que se mide. Maneja la intensidad de luz LED con el coseno del \u00e1ngulo de correcci\u00f3n y una funci\u00f3n del probador LED de iluminaci\u00f3n , indicio de bater\u00eda baja, luz rasante, que se refleja correcci\u00f3n de la iluminaci\u00f3n. Luz Blanca LED medible.   99 almacenamientos de registros.  Respuesta espectral cercana a la eficiencia espectral luminosa de CIE.  Longitud del cable para el sensor ligero: aproximadamente 1.5M.  Medici\u00f3n de intensidades de iluminaci\u00f3n en unidad de Lux o Foot-candle.  De acuerdo con JISC1609: 1993 y CNS 5119 general.  Coseno angular corregido.  La fuente de las luces de medici\u00f3n incluye toda la gama visible.        Especificaciones        Selecci\u00f3n de fuente de luz   Tungsteno\/Luz diurna, Fluorescente, 0~9 clasificaci\u00f3n seleccionada     Rango de medici\u00f3n   40, 400, 4.000, 40.000, 400.000 lux, 40, 400, 4.000, 40.000, pie-candela     Precisi\u00f3n   +\/-3% (Calibrado a l\u00e1mpara incandescente est\u00e1ndar 2856\u00baK y espectro de luz diurna LED corregido) .\u00a0+\/-6% de otra fuente de luz visible.","og_url":"https:\/\/abaa.mx\/tienda\/luxometro-led-dt3809\/","og_site_name":"Abaa tienda online","article_modified_time":"2023-11-01T17:11:22+00:00","og_image":[{"width":517,"height":522,"url":"https:\/\/abaa.mx\/tienda\/wp-content\/uploads\/2023\/11\/CEM-METERS-DT3809.jpg","type":"image\/jpeg"}],"twitter_card":"summary_large_image","twitter_misc":{"Tiempo de lectura":"1 minuto"},"schema":{"@context":"https:\/\/schema.org","@graph":[{"@type":"WebPage","@id":"https:\/\/abaa.mx\/tienda\/luxometro-led-dt3809\/","url":"https:\/\/abaa.mx\/tienda\/luxometro-led-dt3809\/","name":"Luxometro LED - DT3809 - Abaa tienda online","isPartOf":{"@id":"https:\/\/abaa.mx\/tienda\/#website"},"primaryImageOfPage":{"@id":"https:\/\/abaa.mx\/tienda\/luxometro-led-dt3809\/#primaryimage"},"image":{"@id":"https:\/\/abaa.mx\/tienda\/luxometro-led-dt3809\/#primaryimage"},"thumbnailUrl":"https:\/\/abaa.mx\/tienda\/wp-content\/uploads\/2023\/11\/CEM-METERS-DT3809.jpg","datePublished":"2023-11-01T17:11:21+00:00","dateModified":"2023-11-01T17:11:22+00:00","breadcrumb":{"@id":"https:\/\/abaa.mx\/tienda\/luxometro-led-dt3809\/#breadcrumb"},"inLanguage":"es","potentialAction":[{"@type":"ReadAction","target":["https:\/\/abaa.mx\/tienda\/luxometro-led-dt3809\/"]}]},{"@type":"ImageObject","inLanguage":"es","@id":"https:\/\/abaa.mx\/tienda\/luxometro-led-dt3809\/#primaryimage","url":"https:\/\/abaa.mx\/tienda\/wp-content\/uploads\/2023\/11\/CEM-METERS-DT3809.jpg","contentUrl":"https:\/\/abaa.mx\/tienda\/wp-content\/uploads\/2023\/11\/CEM-METERS-DT3809.jpg","width":517,"height":522,"caption":"CEM METERS-DT3809"},{"@type":"BreadcrumbList","@id":"https:\/\/abaa.mx\/tienda\/luxometro-led-dt3809\/#breadcrumb","itemListElement":[{"@type":"ListItem","position":1,"name":"Inicio","item":"https:\/\/abaa.mx\/tienda\/"},{"@type":"ListItem","position":2,"name":"Tienda","item":"https:\/\/abaa.mx\/tienda\/"},{"@type":"ListItem","position":3,"name":"Luxometro LED &#8211; DT3809"}]},{"@type":"WebSite","@id":"https:\/\/abaa.mx\/tienda\/#website","url":"https:\/\/abaa.mx\/tienda\/","name":"Abaa tienda online","description":"Instrumentos de medici\u00f3n","publisher":{"@id":"https:\/\/abaa.mx\/tienda\/#organization"},"potentialAction":[{"@type":"SearchAction","target":{"@type":"EntryPoint","urlTemplate":"https:\/\/abaa.mx\/tienda\/?s={search_term_string}"},"query-input":{"@type":"PropertyValueSpecification","valueRequired":true,"valueName":"search_term_string"}}],"inLanguage":"es"},{"@type":"Organization","@id":"https:\/\/abaa.mx\/tienda\/#organization","name":"Abaa tienda online","url":"https:\/\/abaa.mx\/tienda\/","logo":{"@type":"ImageObject","inLanguage":"es","@id":"https:\/\/abaa.mx\/tienda\/#\/schema\/logo\/image\/","url":"https:\/\/abaa.mx\/tienda\/wp-content\/uploads\/2024\/01\/abaa-metrologia-tienda.png","contentUrl":"https:\/\/abaa.mx\/tienda\/wp-content\/uploads\/2024\/01\/abaa-metrologia-tienda.png","width":300,"height":141,"caption":"Abaa tienda online"},"image":{"@id":"https:\/\/abaa.mx\/tienda\/#\/schema\/logo\/image\/"}}]}},"_links":{"self":[{"href":"https:\/\/abaa.mx\/tienda\/wp-json\/wp\/v2\/product\/8372","targetHints":{"allow":["GET"]}}],"collection":[{"href":"https:\/\/abaa.mx\/tienda\/wp-json\/wp\/v2\/product"}],"about":[{"href":"https:\/\/abaa.mx\/tienda\/wp-json\/wp\/v2\/types\/product"}],"replies":[{"embeddable":true,"href":"https:\/\/abaa.mx\/tienda\/wp-json\/wp\/v2\/comments?post=8372"}],"wp:featuredmedia":[{"embeddable":true,"href":"https:\/\/abaa.mx\/tienda\/wp-json\/wp\/v2\/media\/8373"}],"wp:attachment":[{"href":"https:\/\/abaa.mx\/tienda\/wp-json\/wp\/v2\/media?parent=8372"}],"wp:term":[{"taxonomy":"product_brand","embeddable":true,"href":"https:\/\/abaa.mx\/tienda\/wp-json\/wp\/v2\/product_brand?post=8372"},{"taxonomy":"product_cat","embeddable":true,"href":"https:\/\/abaa.mx\/tienda\/wp-json\/wp\/v2\/product_cat?post=8372"},{"taxonomy":"product_tag","embeddable":true,"href":"https:\/\/abaa.mx\/tienda\/wp-json\/wp\/v2\/product_tag?post=8372"}],"curies":[{"name":"wp","href":"https:\/\/api.w.org\/{rel}","templated":true}]}}