{"id":8370,"date":"2023-11-01T17:07:20","date_gmt":"2023-11-01T17:07:20","guid":{"rendered":"https:\/\/abaa.mx\/tienda\/?post_type=product&#038;p=8370"},"modified":"2023-11-10T20:33:46","modified_gmt":"2023-11-10T20:33:46","slug":"elitech-rcw-3000-4gwifi-registrador-de-datos-inalambrico","status":"publish","type":"product","link":"https:\/\/abaa.mx\/tienda\/elitech-rcw-3000-4gwifi-registrador-de-datos-inalambrico\/","title":{"rendered":"Elitech rcw-3000 4g+wifi registrador de datos inal\u00e1mbrico"},"content":{"rendered":"<p>El sistema de monitoreo IoT de tipo dividido de la serie RCW-3000 adopta varias tecnolog\u00edas de transmisi\u00f3n de comunicaci\u00f3n, como LoRa, 4G, WiFi y Ethernet, y se compone de colectores inal\u00e1mbricos, puertas de enlace, plataformas en la nube y aplicaciones m\u00f3viles.<\/p>\n<p>El colector inal\u00e1mbrico se puede implementar arbitrariamente de acuerdo con los requisitos de ubicaci\u00f3n de monitoreo. La puerta de enlace puede cargar datos a trav\u00e9s de 4G \/ WiFi \/ Ethernet, etc., y cooperar con la plataforma en la nube y la aplicaci\u00f3n para realizar la visualizaci\u00f3n remota de datos, la consulta de datos hist\u00f3ricos, el impulso de alarma remota y otras funciones que se utilizan ampliamente en almacenamiento en fr\u00edo a gran escala, almacenamiento de sombra, hospitales, supermercados frescos y otras escenas.<\/p>\n<p>&nbsp;<\/p>\n<p><strong>Funciones:<\/strong><\/p>\n<ul>\n<li><strong>Sensor<\/strong><br \/>\nimportado Los sensores importados tienen las ventajas de alta precisi\u00f3n y alta estabilidad. Garantizar la autenticidad y validez de los datos de detecci\u00f3n.<\/li>\n<li><strong>Implementaci\u00f3n<\/strong><br \/>\ninal\u00e1mbrica El detector y la puerta de enlace se comunican a trav\u00e9s de Lora de forma inal\u00e1mbrica, y la distancia de comunicaci\u00f3n es de 1000 metros en un espacio abierto, lo que elimina la instalaci\u00f3n de cableado, reduciendo el per\u00edodo de construcci\u00f3n y el costo de construcci\u00f3n. Aseg\u00farese de que el proyecto se entregue r\u00e1pidamente.<\/li>\n<li><strong>Bater\u00eda de larga duraci\u00f3n<br \/>\n<\/strong>No menos de 1 a\u00f1o de duraci\u00f3n de la bater\u00eda. (2 ~ 8 \u00b0C, intervalo de conexi\u00f3n de 5 minutos).<strong><br \/>\n<\/strong><\/li>\n<li><strong>Gran capacidad<br \/>\n<\/strong>Con un intervalo de carga de 1 minuto, el n\u00famero de colectores inal\u00e1mbricos que se pueden conectar a una puerta de enlace no es inferior a 100. La capacidad de almacenamiento de datos es de 1 mill\u00f3n de grupos.<\/li>\n<li><strong>Exportaci\u00f3n de cables de<br \/>\ndatos<\/strong>Tanto la puerta de enlace como el dispositivo detector admiten la conexi\u00f3n a una computadora a trav\u00e9s de un cable de datos USB para exportar datos.<strong><br \/>\n<\/strong><\/li>\n<li><strong>Escanee el c\u00f3digo y use<br \/>\n<\/strong>Use su tel\u00e9fono m\u00f3vil para escanear el c\u00f3digo bidimensional en la parte posterior del dispositivo y siga las instrucciones para configurar la informaci\u00f3n que se va a usar.<\/li>\n<\/ul>\n<p>&nbsp;<\/p>\n<p><strong>Especificaciones<\/strong>:<\/p>\n<ul>\n<li><strong>Intervalo de carga de datos:<\/strong> 1 minuto ~ 24 horas ajustable, 1 minuto por defecto<\/li>\n<li><strong>Intervalo de conexi\u00f3n inal\u00e1mbrica:<\/strong>\u00a01min~24hr\u00a0ajustable, 1 minuto por defecto<\/li>\n<li><strong>Distancia m\u00e1xima de transmisi\u00f3n:<\/strong> \u22651,000 m<\/li>\n<li><strong>N\u00famero de acceso de la puerta de enlace:<\/strong> \u2264100 sensores<\/li>\n<li><strong>Capacidad de almacenamiento<\/strong>: 1 mill\u00f3n<\/li>\n<li><strong>Carga\/Exportaci\u00f3n de datos:<\/strong> USB tipo C<\/li>\n<li><strong>Duraci\u00f3n de la bater\u00eda:<\/strong> 48 horas a 25 \u00b0C, intervalo de carga de 5 minutos, acceso a 20 sensores; 24 horas a -10 \u00b0C, intervalo de carga de 5 minutos, acceso a 20 sensores<\/li>\n<li><strong>Alimentaci\u00f3n:<\/strong> 5V\/2A DC<\/li>\n<li><strong>Capacidad de la bater\u00eda:<\/strong> bater\u00eda de litio recargable de 5000 mAh<\/li>\n<li><strong>Dimensi\u00f3n:<\/strong> 130 * 130 * 35 mm<\/li>\n<\/ul>\n","protected":false},"excerpt":{"rendered":"<p>El sistema de monitoreo IoT de tipo dividido de la serie RCW-3000 adopta varias tecnolog\u00edas de transmisi\u00f3n de comunicaci\u00f3n, como LoRa, 4G, WiFi y Ethernet, y se compone de colectores inal\u00e1mbricos, puertas de enlace, plataformas en la nube y aplicaciones m\u00f3viles.<\/p>\n","protected":false},"featured_media":8371,"comment_status":"open","ping_status":"closed","template":"","meta":{"_joinchat":[]},"product_brand":[],"product_cat":[15],"product_tag":[],"class_list":{"0":"post-8370","1":"product","2":"type-product","3":"status-publish","4":"has-post-thumbnail","6":"product_cat-sin-categorizar","8":"first","9":"instock","10":"shipping-taxable","11":"product-type-simple"},"yoast_head":"<!-- This site is optimized with the Yoast SEO plugin v26.4 - https:\/\/yoast.com\/wordpress\/plugins\/seo\/ -->\n<title>Elitech rcw-3000 4g+wifi registrador de datos inal\u00e1mbrico - Abaa tienda online<\/title>\n<meta name=\"robots\" content=\"index, follow, max-snippet:-1, max-image-preview:large, max-video-preview:-1\" \/>\n<link rel=\"canonical\" href=\"https:\/\/abaa.mx\/tienda\/elitech-rcw-3000-4gwifi-registrador-de-datos-inalambrico\/\" \/>\n<meta property=\"og:locale\" content=\"es_MX\" \/>\n<meta property=\"og:type\" content=\"article\" \/>\n<meta property=\"og:title\" content=\"Elitech rcw-3000 4g+wifi registrador de datos inal\u00e1mbrico - Abaa tienda online\" \/>\n<meta property=\"og:description\" content=\"El sistema de monitoreo IoT de tipo dividido de la serie RCW-3000 adopta varias tecnolog\u00edas de transmisi\u00f3n de comunicaci\u00f3n, como LoRa, 4G, WiFi y Ethernet, y se compone de colectores inal\u00e1mbricos, puertas de enlace, plataformas en la nube y aplicaciones m\u00f3viles.\" \/>\n<meta property=\"og:url\" content=\"https:\/\/abaa.mx\/tienda\/elitech-rcw-3000-4gwifi-registrador-de-datos-inalambrico\/\" \/>\n<meta property=\"og:site_name\" content=\"Abaa tienda online\" \/>\n<meta property=\"article:modified_time\" content=\"2023-11-10T20:33:46+00:00\" \/>\n<meta property=\"og:image\" content=\"https:\/\/abaa.mx\/tienda\/wp-content\/uploads\/2023\/11\/Elitech-RCW-3000-4GWIFI.jpg\" \/>\n\t<meta property=\"og:image:width\" content=\"1200\" \/>\n\t<meta property=\"og:image:height\" content=\"1200\" \/>\n\t<meta property=\"og:image:type\" content=\"image\/jpeg\" \/>\n<meta name=\"twitter:card\" content=\"summary_large_image\" \/>\n<meta name=\"twitter:label1\" content=\"Tiempo de lectura\" \/>\n\t<meta name=\"twitter:data1\" content=\"3 minutos\" \/>\n<script type=\"application\/ld+json\" class=\"yoast-schema-graph\">{\"@context\":\"https:\/\/schema.org\",\"@graph\":[{\"@type\":\"WebPage\",\"@id\":\"https:\/\/abaa.mx\/tienda\/elitech-rcw-3000-4gwifi-registrador-de-datos-inalambrico\/\",\"url\":\"https:\/\/abaa.mx\/tienda\/elitech-rcw-3000-4gwifi-registrador-de-datos-inalambrico\/\",\"name\":\"Elitech rcw-3000 4g+wifi registrador de datos inal\u00e1mbrico - Abaa tienda online\",\"isPartOf\":{\"@id\":\"https:\/\/abaa.mx\/tienda\/#website\"},\"primaryImageOfPage\":{\"@id\":\"https:\/\/abaa.mx\/tienda\/elitech-rcw-3000-4gwifi-registrador-de-datos-inalambrico\/#primaryimage\"},\"image\":{\"@id\":\"https:\/\/abaa.mx\/tienda\/elitech-rcw-3000-4gwifi-registrador-de-datos-inalambrico\/#primaryimage\"},\"thumbnailUrl\":\"https:\/\/abaa.mx\/tienda\/wp-content\/uploads\/2023\/11\/Elitech-RCW-3000-4GWIFI.jpg\",\"datePublished\":\"2023-11-01T17:07:20+00:00\",\"dateModified\":\"2023-11-10T20:33:46+00:00\",\"breadcrumb\":{\"@id\":\"https:\/\/abaa.mx\/tienda\/elitech-rcw-3000-4gwifi-registrador-de-datos-inalambrico\/#breadcrumb\"},\"inLanguage\":\"es\",\"potentialAction\":[{\"@type\":\"ReadAction\",\"target\":[\"https:\/\/abaa.mx\/tienda\/elitech-rcw-3000-4gwifi-registrador-de-datos-inalambrico\/\"]}]},{\"@type\":\"ImageObject\",\"inLanguage\":\"es\",\"@id\":\"https:\/\/abaa.mx\/tienda\/elitech-rcw-3000-4gwifi-registrador-de-datos-inalambrico\/#primaryimage\",\"url\":\"https:\/\/abaa.mx\/tienda\/wp-content\/uploads\/2023\/11\/Elitech-RCW-3000-4GWIFI.jpg\",\"contentUrl\":\"https:\/\/abaa.mx\/tienda\/wp-content\/uploads\/2023\/11\/Elitech-RCW-3000-4GWIFI.jpg\",\"width\":1200,\"height\":1200,\"caption\":\"Elitech RCW-3000 4G+WIFI\"},{\"@type\":\"BreadcrumbList\",\"@id\":\"https:\/\/abaa.mx\/tienda\/elitech-rcw-3000-4gwifi-registrador-de-datos-inalambrico\/#breadcrumb\",\"itemListElement\":[{\"@type\":\"ListItem\",\"position\":1,\"name\":\"Inicio\",\"item\":\"https:\/\/abaa.mx\/tienda\/\"},{\"@type\":\"ListItem\",\"position\":2,\"name\":\"Tienda\",\"item\":\"https:\/\/abaa.mx\/tienda\/\"},{\"@type\":\"ListItem\",\"position\":3,\"name\":\"Elitech rcw-3000 4g+wifi registrador de datos inal\u00e1mbrico\"}]},{\"@type\":\"WebSite\",\"@id\":\"https:\/\/abaa.mx\/tienda\/#website\",\"url\":\"https:\/\/abaa.mx\/tienda\/\",\"name\":\"Abaa tienda online\",\"description\":\"Instrumentos de medici\u00f3n\",\"publisher\":{\"@id\":\"https:\/\/abaa.mx\/tienda\/#organization\"},\"potentialAction\":[{\"@type\":\"SearchAction\",\"target\":{\"@type\":\"EntryPoint\",\"urlTemplate\":\"https:\/\/abaa.mx\/tienda\/?s={search_term_string}\"},\"query-input\":{\"@type\":\"PropertyValueSpecification\",\"valueRequired\":true,\"valueName\":\"search_term_string\"}}],\"inLanguage\":\"es\"},{\"@type\":\"Organization\",\"@id\":\"https:\/\/abaa.mx\/tienda\/#organization\",\"name\":\"Abaa tienda online\",\"url\":\"https:\/\/abaa.mx\/tienda\/\",\"logo\":{\"@type\":\"ImageObject\",\"inLanguage\":\"es\",\"@id\":\"https:\/\/abaa.mx\/tienda\/#\/schema\/logo\/image\/\",\"url\":\"https:\/\/abaa.mx\/tienda\/wp-content\/uploads\/2024\/01\/abaa-metrologia-tienda.png\",\"contentUrl\":\"https:\/\/abaa.mx\/tienda\/wp-content\/uploads\/2024\/01\/abaa-metrologia-tienda.png\",\"width\":300,\"height\":141,\"caption\":\"Abaa tienda online\"},\"image\":{\"@id\":\"https:\/\/abaa.mx\/tienda\/#\/schema\/logo\/image\/\"}}]}<\/script>\n<!-- \/ Yoast SEO plugin. -->","yoast_head_json":{"title":"Elitech rcw-3000 4g+wifi registrador de datos inal\u00e1mbrico - Abaa tienda online","robots":{"index":"index","follow":"follow","max-snippet":"max-snippet:-1","max-image-preview":"max-image-preview:large","max-video-preview":"max-video-preview:-1"},"canonical":"https:\/\/abaa.mx\/tienda\/elitech-rcw-3000-4gwifi-registrador-de-datos-inalambrico\/","og_locale":"es_MX","og_type":"article","og_title":"Elitech rcw-3000 4g+wifi registrador de datos inal\u00e1mbrico - Abaa tienda online","og_description":"El sistema de monitoreo IoT de tipo dividido de la serie RCW-3000 adopta varias tecnolog\u00edas de transmisi\u00f3n de comunicaci\u00f3n, como LoRa, 4G, WiFi y Ethernet, y se compone de colectores inal\u00e1mbricos, puertas de enlace, plataformas en la nube y aplicaciones m\u00f3viles.","og_url":"https:\/\/abaa.mx\/tienda\/elitech-rcw-3000-4gwifi-registrador-de-datos-inalambrico\/","og_site_name":"Abaa tienda online","article_modified_time":"2023-11-10T20:33:46+00:00","og_image":[{"width":1200,"height":1200,"url":"https:\/\/abaa.mx\/tienda\/wp-content\/uploads\/2023\/11\/Elitech-RCW-3000-4GWIFI.jpg","type":"image\/jpeg"}],"twitter_card":"summary_large_image","twitter_misc":{"Tiempo de lectura":"3 minutos"},"schema":{"@context":"https:\/\/schema.org","@graph":[{"@type":"WebPage","@id":"https:\/\/abaa.mx\/tienda\/elitech-rcw-3000-4gwifi-registrador-de-datos-inalambrico\/","url":"https:\/\/abaa.mx\/tienda\/elitech-rcw-3000-4gwifi-registrador-de-datos-inalambrico\/","name":"Elitech rcw-3000 4g+wifi registrador de datos inal\u00e1mbrico - Abaa tienda online","isPartOf":{"@id":"https:\/\/abaa.mx\/tienda\/#website"},"primaryImageOfPage":{"@id":"https:\/\/abaa.mx\/tienda\/elitech-rcw-3000-4gwifi-registrador-de-datos-inalambrico\/#primaryimage"},"image":{"@id":"https:\/\/abaa.mx\/tienda\/elitech-rcw-3000-4gwifi-registrador-de-datos-inalambrico\/#primaryimage"},"thumbnailUrl":"https:\/\/abaa.mx\/tienda\/wp-content\/uploads\/2023\/11\/Elitech-RCW-3000-4GWIFI.jpg","datePublished":"2023-11-01T17:07:20+00:00","dateModified":"2023-11-10T20:33:46+00:00","breadcrumb":{"@id":"https:\/\/abaa.mx\/tienda\/elitech-rcw-3000-4gwifi-registrador-de-datos-inalambrico\/#breadcrumb"},"inLanguage":"es","potentialAction":[{"@type":"ReadAction","target":["https:\/\/abaa.mx\/tienda\/elitech-rcw-3000-4gwifi-registrador-de-datos-inalambrico\/"]}]},{"@type":"ImageObject","inLanguage":"es","@id":"https:\/\/abaa.mx\/tienda\/elitech-rcw-3000-4gwifi-registrador-de-datos-inalambrico\/#primaryimage","url":"https:\/\/abaa.mx\/tienda\/wp-content\/uploads\/2023\/11\/Elitech-RCW-3000-4GWIFI.jpg","contentUrl":"https:\/\/abaa.mx\/tienda\/wp-content\/uploads\/2023\/11\/Elitech-RCW-3000-4GWIFI.jpg","width":1200,"height":1200,"caption":"Elitech RCW-3000 4G+WIFI"},{"@type":"BreadcrumbList","@id":"https:\/\/abaa.mx\/tienda\/elitech-rcw-3000-4gwifi-registrador-de-datos-inalambrico\/#breadcrumb","itemListElement":[{"@type":"ListItem","position":1,"name":"Inicio","item":"https:\/\/abaa.mx\/tienda\/"},{"@type":"ListItem","position":2,"name":"Tienda","item":"https:\/\/abaa.mx\/tienda\/"},{"@type":"ListItem","position":3,"name":"Elitech rcw-3000 4g+wifi registrador de datos inal\u00e1mbrico"}]},{"@type":"WebSite","@id":"https:\/\/abaa.mx\/tienda\/#website","url":"https:\/\/abaa.mx\/tienda\/","name":"Abaa tienda online","description":"Instrumentos de medici\u00f3n","publisher":{"@id":"https:\/\/abaa.mx\/tienda\/#organization"},"potentialAction":[{"@type":"SearchAction","target":{"@type":"EntryPoint","urlTemplate":"https:\/\/abaa.mx\/tienda\/?s={search_term_string}"},"query-input":{"@type":"PropertyValueSpecification","valueRequired":true,"valueName":"search_term_string"}}],"inLanguage":"es"},{"@type":"Organization","@id":"https:\/\/abaa.mx\/tienda\/#organization","name":"Abaa tienda online","url":"https:\/\/abaa.mx\/tienda\/","logo":{"@type":"ImageObject","inLanguage":"es","@id":"https:\/\/abaa.mx\/tienda\/#\/schema\/logo\/image\/","url":"https:\/\/abaa.mx\/tienda\/wp-content\/uploads\/2024\/01\/abaa-metrologia-tienda.png","contentUrl":"https:\/\/abaa.mx\/tienda\/wp-content\/uploads\/2024\/01\/abaa-metrologia-tienda.png","width":300,"height":141,"caption":"Abaa tienda online"},"image":{"@id":"https:\/\/abaa.mx\/tienda\/#\/schema\/logo\/image\/"}}]}},"_links":{"self":[{"href":"https:\/\/abaa.mx\/tienda\/wp-json\/wp\/v2\/product\/8370","targetHints":{"allow":["GET"]}}],"collection":[{"href":"https:\/\/abaa.mx\/tienda\/wp-json\/wp\/v2\/product"}],"about":[{"href":"https:\/\/abaa.mx\/tienda\/wp-json\/wp\/v2\/types\/product"}],"replies":[{"embeddable":true,"href":"https:\/\/abaa.mx\/tienda\/wp-json\/wp\/v2\/comments?post=8370"}],"wp:featuredmedia":[{"embeddable":true,"href":"https:\/\/abaa.mx\/tienda\/wp-json\/wp\/v2\/media\/8371"}],"wp:attachment":[{"href":"https:\/\/abaa.mx\/tienda\/wp-json\/wp\/v2\/media?parent=8370"}],"wp:term":[{"taxonomy":"product_brand","embeddable":true,"href":"https:\/\/abaa.mx\/tienda\/wp-json\/wp\/v2\/product_brand?post=8370"},{"taxonomy":"product_cat","embeddable":true,"href":"https:\/\/abaa.mx\/tienda\/wp-json\/wp\/v2\/product_cat?post=8370"},{"taxonomy":"product_tag","embeddable":true,"href":"https:\/\/abaa.mx\/tienda\/wp-json\/wp\/v2\/product_tag?post=8370"}],"curies":[{"name":"wp","href":"https:\/\/api.w.org\/{rel}","templated":true}]}}