{"id":8362,"date":"2023-11-01T16:29:38","date_gmt":"2023-11-01T16:29:38","guid":{"rendered":"https:\/\/abaa.mx\/tienda\/?post_type=product&#038;p=8362"},"modified":"2023-11-01T16:29:39","modified_gmt":"2023-11-01T16:29:39","slug":"gaussimetro-medidor-de-campos-magneticos-de-3-ejes-4190","status":"publish","type":"product","link":"https:\/\/abaa.mx\/tienda\/gaussimetro-medidor-de-campos-magneticos-de-3-ejes-4190\/","title":{"rendered":"Gauss\u00edmetro medidor de campos magn\u00e9ticos de 3 ejes &#8211; 4190"},"content":{"rendered":"<p>Gauss\u00edmetro medidor de campos magn\u00e9ticos de 3 ejes &#8211; 4190<\/p>\n","protected":false},"excerpt":{"rendered":"<p>Gauss\u00edmetro port\u00e1til de 3 ejes con sensor de efecto hall que viene dentro modelo SP-4190.<\/p>\n<p>A \u2013 Salida An\u00e1loga &#8211; Esta caracter\u00edstica del 4190 provee una salida separada para poder ver ondas equivalentes en un osciloscopio, analizador fantasmal o equipos de prueba afines. O sea \u00fatil para saber contenido arm\u00f3nico y otras propiedades de onda. La escala de salida es 1V FS (200mG o 2000mG).<\/p>\n<p>D \u2013 Salida DC- Esta caracter\u00edstica del 4190 provee un nivel de voltaje proporcional al nivel del campo magn\u00e9tico exhibido en pantalla. Es \u00fatil para conducir registradoras de tablas, bit\u00e1coras de registros y otros equipos de adquisici\u00f3n de datos. 10mV\/mG; 2V FS (200mG o 2000mG). (Esta se activa por el usuario siguiendo una secuencia de botones).<\/p>\n<p>X \u2013 Modalidad de un solo eje conmutable- Esta caracter\u00edstica de 4190 le permite al usuario mostrar los componentes de vector del campo magn\u00e9tico. Esta alternativa debe especificarse en aplicaciones para las que se requiera entender la direcci\u00f3n y el nivel del campo imantado. (Esta se activa por el usuario siguiendo una secuencia de botones).<\/p>\n<p>&nbsp;<\/p>\n","protected":false},"featured_media":8365,"comment_status":"open","ping_status":"closed","template":"","meta":{"_joinchat":[]},"product_brand":[],"product_cat":[98],"product_tag":[],"class_list":{"0":"post-8362","1":"product","2":"type-product","3":"status-publish","4":"has-post-thumbnail","6":"product_cat-gaussimetros","8":"first","9":"instock","10":"shipping-taxable","11":"product-type-simple"},"yoast_head":"<!-- This site is optimized with the Yoast SEO plugin v26.4 - https:\/\/yoast.com\/wordpress\/plugins\/seo\/ -->\n<title>Gauss\u00edmetro medidor de campos magn\u00e9ticos de 3 ejes - 4190 - Abaa tienda online<\/title>\n<meta name=\"robots\" content=\"index, follow, max-snippet:-1, max-image-preview:large, max-video-preview:-1\" \/>\n<link rel=\"canonical\" href=\"https:\/\/abaa.mx\/tienda\/gaussimetro-medidor-de-campos-magneticos-de-3-ejes-4190\/\" \/>\n<meta property=\"og:locale\" content=\"es_MX\" \/>\n<meta property=\"og:type\" content=\"article\" \/>\n<meta property=\"og:title\" content=\"Gauss\u00edmetro medidor de campos magn\u00e9ticos de 3 ejes - 4190 - Abaa tienda online\" \/>\n<meta property=\"og:description\" content=\"Gauss\u00edmetro port\u00e1til de 3 ejes con sensor de efecto hall que viene dentro modelo SP-4190.  A \u2013 Salida An\u00e1loga - Esta caracter\u00edstica del 4190 provee una salida separada para poder ver ondas equivalentes en un osciloscopio, analizador fantasmal o equipos de prueba afines. O sea \u00fatil para saber contenido arm\u00f3nico y otras propiedades de onda. La escala de salida es 1V FS (200mG o 2000mG).  D \u2013 Salida DC- Esta caracter\u00edstica del 4190 provee un nivel de voltaje proporcional al nivel del campo magn\u00e9tico exhibido en pantalla. Es \u00fatil para conducir registradoras de tablas, bit\u00e1coras de registros y otros equipos de adquisici\u00f3n de datos. 10mV\/mG; 2V FS (200mG o 2000mG). (Esta se activa por el usuario siguiendo una secuencia de botones).  X \u2013 Modalidad de un solo eje conmutable- Esta caracter\u00edstica de 4190 le permite al usuario mostrar los componentes de vector del campo magn\u00e9tico. Esta alternativa debe especificarse en aplicaciones para las que se requiera entender la direcci\u00f3n y el nivel del campo imantado. (Esta se activa por el usuario siguiendo una secuencia de botones).  &nbsp;\" \/>\n<meta property=\"og:url\" content=\"https:\/\/abaa.mx\/tienda\/gaussimetro-medidor-de-campos-magneticos-de-3-ejes-4190\/\" \/>\n<meta property=\"og:site_name\" content=\"Abaa tienda online\" \/>\n<meta property=\"article:modified_time\" content=\"2023-11-01T16:29:39+00:00\" \/>\n<meta property=\"og:image\" content=\"https:\/\/abaa.mx\/tienda\/wp-content\/uploads\/2023\/11\/F.W-BELL-4190.jpg\" \/>\n\t<meta property=\"og:image:width\" content=\"525\" \/>\n\t<meta property=\"og:image:height\" content=\"464\" \/>\n\t<meta property=\"og:image:type\" content=\"image\/jpeg\" \/>\n<meta name=\"twitter:card\" content=\"summary_large_image\" \/>\n<meta name=\"twitter:label1\" content=\"Tiempo de lectura\" \/>\n\t<meta name=\"twitter:data1\" content=\"1 minuto\" \/>\n<script type=\"application\/ld+json\" class=\"yoast-schema-graph\">{\"@context\":\"https:\/\/schema.org\",\"@graph\":[{\"@type\":\"WebPage\",\"@id\":\"https:\/\/abaa.mx\/tienda\/gaussimetro-medidor-de-campos-magneticos-de-3-ejes-4190\/\",\"url\":\"https:\/\/abaa.mx\/tienda\/gaussimetro-medidor-de-campos-magneticos-de-3-ejes-4190\/\",\"name\":\"Gauss\u00edmetro medidor de campos magn\u00e9ticos de 3 ejes - 4190 - Abaa tienda online\",\"isPartOf\":{\"@id\":\"https:\/\/abaa.mx\/tienda\/#website\"},\"primaryImageOfPage\":{\"@id\":\"https:\/\/abaa.mx\/tienda\/gaussimetro-medidor-de-campos-magneticos-de-3-ejes-4190\/#primaryimage\"},\"image\":{\"@id\":\"https:\/\/abaa.mx\/tienda\/gaussimetro-medidor-de-campos-magneticos-de-3-ejes-4190\/#primaryimage\"},\"thumbnailUrl\":\"https:\/\/abaa.mx\/tienda\/wp-content\/uploads\/2023\/11\/F.W-BELL-4190.jpg\",\"datePublished\":\"2023-11-01T16:29:38+00:00\",\"dateModified\":\"2023-11-01T16:29:39+00:00\",\"breadcrumb\":{\"@id\":\"https:\/\/abaa.mx\/tienda\/gaussimetro-medidor-de-campos-magneticos-de-3-ejes-4190\/#breadcrumb\"},\"inLanguage\":\"es\",\"potentialAction\":[{\"@type\":\"ReadAction\",\"target\":[\"https:\/\/abaa.mx\/tienda\/gaussimetro-medidor-de-campos-magneticos-de-3-ejes-4190\/\"]}]},{\"@type\":\"ImageObject\",\"inLanguage\":\"es\",\"@id\":\"https:\/\/abaa.mx\/tienda\/gaussimetro-medidor-de-campos-magneticos-de-3-ejes-4190\/#primaryimage\",\"url\":\"https:\/\/abaa.mx\/tienda\/wp-content\/uploads\/2023\/11\/F.W-BELL-4190.jpg\",\"contentUrl\":\"https:\/\/abaa.mx\/tienda\/wp-content\/uploads\/2023\/11\/F.W-BELL-4190.jpg\",\"width\":525,\"height\":464,\"caption\":\"F.W-BELL-4190\"},{\"@type\":\"BreadcrumbList\",\"@id\":\"https:\/\/abaa.mx\/tienda\/gaussimetro-medidor-de-campos-magneticos-de-3-ejes-4190\/#breadcrumb\",\"itemListElement\":[{\"@type\":\"ListItem\",\"position\":1,\"name\":\"Inicio\",\"item\":\"https:\/\/abaa.mx\/tienda\/\"},{\"@type\":\"ListItem\",\"position\":2,\"name\":\"Tienda\",\"item\":\"https:\/\/abaa.mx\/tienda\/\"},{\"@type\":\"ListItem\",\"position\":3,\"name\":\"Gauss\u00edmetro medidor de campos magn\u00e9ticos de 3 ejes &#8211; 4190\"}]},{\"@type\":\"WebSite\",\"@id\":\"https:\/\/abaa.mx\/tienda\/#website\",\"url\":\"https:\/\/abaa.mx\/tienda\/\",\"name\":\"Abaa tienda online\",\"description\":\"Instrumentos de medici\u00f3n\",\"publisher\":{\"@id\":\"https:\/\/abaa.mx\/tienda\/#organization\"},\"potentialAction\":[{\"@type\":\"SearchAction\",\"target\":{\"@type\":\"EntryPoint\",\"urlTemplate\":\"https:\/\/abaa.mx\/tienda\/?s={search_term_string}\"},\"query-input\":{\"@type\":\"PropertyValueSpecification\",\"valueRequired\":true,\"valueName\":\"search_term_string\"}}],\"inLanguage\":\"es\"},{\"@type\":\"Organization\",\"@id\":\"https:\/\/abaa.mx\/tienda\/#organization\",\"name\":\"Abaa tienda online\",\"url\":\"https:\/\/abaa.mx\/tienda\/\",\"logo\":{\"@type\":\"ImageObject\",\"inLanguage\":\"es\",\"@id\":\"https:\/\/abaa.mx\/tienda\/#\/schema\/logo\/image\/\",\"url\":\"https:\/\/abaa.mx\/tienda\/wp-content\/uploads\/2024\/01\/abaa-metrologia-tienda.png\",\"contentUrl\":\"https:\/\/abaa.mx\/tienda\/wp-content\/uploads\/2024\/01\/abaa-metrologia-tienda.png\",\"width\":300,\"height\":141,\"caption\":\"Abaa tienda online\"},\"image\":{\"@id\":\"https:\/\/abaa.mx\/tienda\/#\/schema\/logo\/image\/\"}}]}<\/script>\n<!-- \/ Yoast SEO plugin. -->","yoast_head_json":{"title":"Gauss\u00edmetro medidor de campos magn\u00e9ticos de 3 ejes - 4190 - Abaa tienda online","robots":{"index":"index","follow":"follow","max-snippet":"max-snippet:-1","max-image-preview":"max-image-preview:large","max-video-preview":"max-video-preview:-1"},"canonical":"https:\/\/abaa.mx\/tienda\/gaussimetro-medidor-de-campos-magneticos-de-3-ejes-4190\/","og_locale":"es_MX","og_type":"article","og_title":"Gauss\u00edmetro medidor de campos magn\u00e9ticos de 3 ejes - 4190 - Abaa tienda online","og_description":"Gauss\u00edmetro port\u00e1til de 3 ejes con sensor de efecto hall que viene dentro modelo SP-4190.  A \u2013 Salida An\u00e1loga - Esta caracter\u00edstica del 4190 provee una salida separada para poder ver ondas equivalentes en un osciloscopio, analizador fantasmal o equipos de prueba afines. O sea \u00fatil para saber contenido arm\u00f3nico y otras propiedades de onda. La escala de salida es 1V FS (200mG o 2000mG).  D \u2013 Salida DC- Esta caracter\u00edstica del 4190 provee un nivel de voltaje proporcional al nivel del campo magn\u00e9tico exhibido en pantalla. Es \u00fatil para conducir registradoras de tablas, bit\u00e1coras de registros y otros equipos de adquisici\u00f3n de datos. 10mV\/mG; 2V FS (200mG o 2000mG). (Esta se activa por el usuario siguiendo una secuencia de botones).  X \u2013 Modalidad de un solo eje conmutable- Esta caracter\u00edstica de 4190 le permite al usuario mostrar los componentes de vector del campo magn\u00e9tico. Esta alternativa debe especificarse en aplicaciones para las que se requiera entender la direcci\u00f3n y el nivel del campo imantado. (Esta se activa por el usuario siguiendo una secuencia de botones).  &nbsp;","og_url":"https:\/\/abaa.mx\/tienda\/gaussimetro-medidor-de-campos-magneticos-de-3-ejes-4190\/","og_site_name":"Abaa tienda online","article_modified_time":"2023-11-01T16:29:39+00:00","og_image":[{"width":525,"height":464,"url":"https:\/\/abaa.mx\/tienda\/wp-content\/uploads\/2023\/11\/F.W-BELL-4190.jpg","type":"image\/jpeg"}],"twitter_card":"summary_large_image","twitter_misc":{"Tiempo de lectura":"1 minuto"},"schema":{"@context":"https:\/\/schema.org","@graph":[{"@type":"WebPage","@id":"https:\/\/abaa.mx\/tienda\/gaussimetro-medidor-de-campos-magneticos-de-3-ejes-4190\/","url":"https:\/\/abaa.mx\/tienda\/gaussimetro-medidor-de-campos-magneticos-de-3-ejes-4190\/","name":"Gauss\u00edmetro medidor de campos magn\u00e9ticos de 3 ejes - 4190 - Abaa tienda online","isPartOf":{"@id":"https:\/\/abaa.mx\/tienda\/#website"},"primaryImageOfPage":{"@id":"https:\/\/abaa.mx\/tienda\/gaussimetro-medidor-de-campos-magneticos-de-3-ejes-4190\/#primaryimage"},"image":{"@id":"https:\/\/abaa.mx\/tienda\/gaussimetro-medidor-de-campos-magneticos-de-3-ejes-4190\/#primaryimage"},"thumbnailUrl":"https:\/\/abaa.mx\/tienda\/wp-content\/uploads\/2023\/11\/F.W-BELL-4190.jpg","datePublished":"2023-11-01T16:29:38+00:00","dateModified":"2023-11-01T16:29:39+00:00","breadcrumb":{"@id":"https:\/\/abaa.mx\/tienda\/gaussimetro-medidor-de-campos-magneticos-de-3-ejes-4190\/#breadcrumb"},"inLanguage":"es","potentialAction":[{"@type":"ReadAction","target":["https:\/\/abaa.mx\/tienda\/gaussimetro-medidor-de-campos-magneticos-de-3-ejes-4190\/"]}]},{"@type":"ImageObject","inLanguage":"es","@id":"https:\/\/abaa.mx\/tienda\/gaussimetro-medidor-de-campos-magneticos-de-3-ejes-4190\/#primaryimage","url":"https:\/\/abaa.mx\/tienda\/wp-content\/uploads\/2023\/11\/F.W-BELL-4190.jpg","contentUrl":"https:\/\/abaa.mx\/tienda\/wp-content\/uploads\/2023\/11\/F.W-BELL-4190.jpg","width":525,"height":464,"caption":"F.W-BELL-4190"},{"@type":"BreadcrumbList","@id":"https:\/\/abaa.mx\/tienda\/gaussimetro-medidor-de-campos-magneticos-de-3-ejes-4190\/#breadcrumb","itemListElement":[{"@type":"ListItem","position":1,"name":"Inicio","item":"https:\/\/abaa.mx\/tienda\/"},{"@type":"ListItem","position":2,"name":"Tienda","item":"https:\/\/abaa.mx\/tienda\/"},{"@type":"ListItem","position":3,"name":"Gauss\u00edmetro medidor de campos magn\u00e9ticos de 3 ejes &#8211; 4190"}]},{"@type":"WebSite","@id":"https:\/\/abaa.mx\/tienda\/#website","url":"https:\/\/abaa.mx\/tienda\/","name":"Abaa tienda online","description":"Instrumentos de medici\u00f3n","publisher":{"@id":"https:\/\/abaa.mx\/tienda\/#organization"},"potentialAction":[{"@type":"SearchAction","target":{"@type":"EntryPoint","urlTemplate":"https:\/\/abaa.mx\/tienda\/?s={search_term_string}"},"query-input":{"@type":"PropertyValueSpecification","valueRequired":true,"valueName":"search_term_string"}}],"inLanguage":"es"},{"@type":"Organization","@id":"https:\/\/abaa.mx\/tienda\/#organization","name":"Abaa tienda online","url":"https:\/\/abaa.mx\/tienda\/","logo":{"@type":"ImageObject","inLanguage":"es","@id":"https:\/\/abaa.mx\/tienda\/#\/schema\/logo\/image\/","url":"https:\/\/abaa.mx\/tienda\/wp-content\/uploads\/2024\/01\/abaa-metrologia-tienda.png","contentUrl":"https:\/\/abaa.mx\/tienda\/wp-content\/uploads\/2024\/01\/abaa-metrologia-tienda.png","width":300,"height":141,"caption":"Abaa tienda online"},"image":{"@id":"https:\/\/abaa.mx\/tienda\/#\/schema\/logo\/image\/"}}]}},"_links":{"self":[{"href":"https:\/\/abaa.mx\/tienda\/wp-json\/wp\/v2\/product\/8362","targetHints":{"allow":["GET"]}}],"collection":[{"href":"https:\/\/abaa.mx\/tienda\/wp-json\/wp\/v2\/product"}],"about":[{"href":"https:\/\/abaa.mx\/tienda\/wp-json\/wp\/v2\/types\/product"}],"replies":[{"embeddable":true,"href":"https:\/\/abaa.mx\/tienda\/wp-json\/wp\/v2\/comments?post=8362"}],"wp:featuredmedia":[{"embeddable":true,"href":"https:\/\/abaa.mx\/tienda\/wp-json\/wp\/v2\/media\/8365"}],"wp:attachment":[{"href":"https:\/\/abaa.mx\/tienda\/wp-json\/wp\/v2\/media?parent=8362"}],"wp:term":[{"taxonomy":"product_brand","embeddable":true,"href":"https:\/\/abaa.mx\/tienda\/wp-json\/wp\/v2\/product_brand?post=8362"},{"taxonomy":"product_cat","embeddable":true,"href":"https:\/\/abaa.mx\/tienda\/wp-json\/wp\/v2\/product_cat?post=8362"},{"taxonomy":"product_tag","embeddable":true,"href":"https:\/\/abaa.mx\/tienda\/wp-json\/wp\/v2\/product_tag?post=8362"}],"curies":[{"name":"wp","href":"https:\/\/api.w.org\/{rel}","templated":true}]}}