{"id":836,"date":"2020-10-06T23:54:46","date_gmt":"2020-10-06T23:54:46","guid":{"rendered":"https:\/\/abaa.mx\/tienda\/?post_type=product&#038;p=836"},"modified":"2021-04-08T16:02:42","modified_gmt":"2021-04-08T16:02:42","slug":"cronometro-taylor-1470n","status":"publish","type":"product","link":"https:\/\/abaa.mx\/tienda\/cronometro-taylor-1470n\/","title":{"rendered":"Cron\u00f3metro Taylor 1470N"},"content":{"rendered":"<p>Este instrumento 1470n Taylor es un cron\u00f3metro digital para peque\u00f1as y grandes industrias con sonda, cuenta con term\u00f3metro digital para medir temperatura, usar un term\u00f3metro para cualquier industria es fundamental si requiere este equipo con certificado puede contactarnos en este mismo sitio.<\/p>\n<table>\n<tbody>\n<tr>\n<td width=\"599\">Funci\u00f3n.<\/td>\n<\/tr>\n<tr>\n<td width=\"599\">Horno\/Parrilla.<\/td>\n<\/tr>\n<tr>\n<td width=\"599\">Registro.<\/td>\n<\/tr>\n<tr>\n<td width=\"599\">\u00b0C y \u00b0F.<\/td>\n<\/tr>\n<tr>\n<td width=\"599\">Rango Celsius.<\/td>\n<\/tr>\n<tr>\n<td width=\"599\">0\u00b0C a 200\u00b0C.<\/td>\n<\/tr>\n<tr>\n<td width=\"599\">Rango Fahrenheit.<\/td>\n<\/tr>\n<tr>\n<td width=\"599\">32\u00b0F a 392\u00b0F.<\/td>\n<\/tr>\n<tr>\n<td width=\"599\">Lectura.<\/td>\n<\/tr>\n<tr>\n<td width=\"599\">Digital.<\/td>\n<\/tr>\n<tr>\n<td width=\"599\">Montaje.<\/td>\n<\/tr>\n<tr>\n<td width=\"599\">Penetraci\u00f3n.<\/td>\n<\/tr>\n<tr>\n<td width=\"599\">Sensor.<\/td>\n<\/tr>\n<tr>\n<td width=\"599\">Sonda.<\/td>\n<\/tr>\n<tr>\n<td width=\"599\">Pantalla.<\/td>\n<\/tr>\n<tr>\n<td width=\"599\">LCD.<\/td>\n<\/tr>\n<tr>\n<td width=\"599\">Bater\u00eda.<\/td>\n<\/tr>\n<tr>\n<td width=\"599\">2 bater\u00edas AAA (incluidas).<\/td>\n<\/tr>\n<tr>\n<td width=\"599\">Dimensiones.<\/td>\n<\/tr>\n<tr>\n<td width=\"599\">1.29 x 6.38 x 8.78 in.<\/td>\n<\/tr>\n<tr>\n<td width=\"599\">Se\u00f1ales.<\/td>\n<\/tr>\n<tr>\n<td width=\"599\">Alarma.<\/td>\n<\/tr>\n<tr>\n<td width=\"599\">Material.<\/td>\n<\/tr>\n<tr>\n<td width=\"599\">Pl\u00e1stico.<\/td>\n<\/tr>\n<tr>\n<td width=\"599\">Uso.<\/td>\n<\/tr>\n<tr>\n<td width=\"599\">Cocina.<\/td>\n<\/tr>\n<\/tbody>\n<\/table>\n<p>&nbsp;<\/p>\n","protected":false},"excerpt":{"rendered":"<p>Cron\u00f3metro digital con\u00a0term\u00f3metro digital con sensor externo de\u00a0acero inoxidable cuenta con\u00a0alarma de temperatura, el uso de un\u00a0term\u00f3metro para cocina, industria o laboratorio es sin lugar a dudas una excelente herramienta de medici\u00f3n para cualquier proceso productivo, este\u00a0term\u00f3metro para la industria no cuenta con certificado, si Usted requiere este servicio adicional puede contactarnos en este mismo sitio para brindarle m\u00e1s informaci\u00f3n sobre nuestros servicios de calibraci\u00f3n 1470n con sonda\u00a0rango de medida.<\/p>\n<ul>\n<li>interior exterior.<\/li>\n<li>sonda de acero inoxidable.<\/li>\n<li>bater\u00edas aaa.<\/li>\n<li>sonda de acero.<\/li>\n<li>con im\u00e1n para montaje.<\/li>\n<\/ul>\n<table>\n<tbody>\n<tr>\n<td width=\"599\">Sistema digital con temporizador.<\/td>\n<\/tr>\n<tr>\n<td width=\"599\">Sonda de acero inoxidable con cable de 4&#8243;.<\/td>\n<\/tr>\n<tr>\n<td width=\"599\">Se\u00f1ales de alarma de temperatura.<\/td>\n<\/tr>\n<tr>\n<td width=\"599\">Di\u00e1metro de sonda de reducci\u00f3n de 1,5 mm.<\/td>\n<\/tr>\n<tr>\n<td width=\"599\">Im\u00e1n en la parte trasera para montar en la estufa.<\/td>\n<\/tr>\n<\/tbody>\n<\/table>\n","protected":false},"featured_media":1138,"comment_status":"open","ping_status":"closed","template":"","meta":{"_joinchat":[]},"product_brand":[],"product_cat":[64],"product_tag":[],"class_list":{"0":"post-836","1":"product","2":"type-product","3":"status-publish","4":"has-post-thumbnail","6":"product_cat-cronometros","8":"first","9":"instock","10":"shipping-taxable","11":"product-type-simple"},"yoast_head":"<!-- This site is optimized with the Yoast SEO plugin v26.4 - https:\/\/yoast.com\/wordpress\/plugins\/seo\/ -->\n<title>Cron\u00f3metro Taylor 1470N - Abaa tienda online<\/title>\n<meta name=\"description\" content=\"Cron\u00f3metro Taylor 1470N acero inoxidable con sonda digital para horno, term\u00f3metro y cron\u00f3metro, 1470n rango 0\u00b0c a 200\u00b0c\" \/>\n<meta name=\"robots\" content=\"index, follow, max-snippet:-1, max-image-preview:large, max-video-preview:-1\" \/>\n<link rel=\"canonical\" href=\"https:\/\/abaa.mx\/tienda\/cronometro-taylor-1470n\/\" \/>\n<meta property=\"og:locale\" content=\"es_MX\" \/>\n<meta property=\"og:type\" content=\"article\" \/>\n<meta property=\"og:title\" content=\"Cron\u00f3metro Taylor 1470N - Abaa tienda online\" \/>\n<meta property=\"og:description\" content=\"Cron\u00f3metro Taylor 1470N acero inoxidable con sonda digital para horno, term\u00f3metro y cron\u00f3metro, 1470n rango 0\u00b0c a 200\u00b0c\" \/>\n<meta property=\"og:url\" content=\"https:\/\/abaa.mx\/tienda\/cronometro-taylor-1470n\/\" \/>\n<meta property=\"og:site_name\" content=\"Abaa tienda online\" \/>\n<meta property=\"article:modified_time\" content=\"2021-04-08T16:02:42+00:00\" \/>\n<meta property=\"og:image\" content=\"https:\/\/abaa.mx\/tienda\/wp-content\/uploads\/2020\/10\/Cronometro-Taylor-1470N.jpg\" \/>\n\t<meta property=\"og:image:width\" content=\"800\" \/>\n\t<meta property=\"og:image:height\" content=\"800\" \/>\n\t<meta property=\"og:image:type\" content=\"image\/jpeg\" \/>\n<meta name=\"twitter:card\" content=\"summary_large_image\" \/>\n<script type=\"application\/ld+json\" class=\"yoast-schema-graph\">{\"@context\":\"https:\/\/schema.org\",\"@graph\":[{\"@type\":\"WebPage\",\"@id\":\"https:\/\/abaa.mx\/tienda\/cronometro-taylor-1470n\/\",\"url\":\"https:\/\/abaa.mx\/tienda\/cronometro-taylor-1470n\/\",\"name\":\"Cron\u00f3metro Taylor 1470N - Abaa tienda online\",\"isPartOf\":{\"@id\":\"https:\/\/abaa.mx\/tienda\/#website\"},\"primaryImageOfPage\":{\"@id\":\"https:\/\/abaa.mx\/tienda\/cronometro-taylor-1470n\/#primaryimage\"},\"image\":{\"@id\":\"https:\/\/abaa.mx\/tienda\/cronometro-taylor-1470n\/#primaryimage\"},\"thumbnailUrl\":\"https:\/\/abaa.mx\/tienda\/wp-content\/uploads\/2020\/10\/Cronometro-Taylor-1470N.jpg\",\"datePublished\":\"2020-10-06T23:54:46+00:00\",\"dateModified\":\"2021-04-08T16:02:42+00:00\",\"description\":\"Cron\u00f3metro Taylor 1470N acero inoxidable con sonda digital para horno, term\u00f3metro y cron\u00f3metro, 1470n rango 0\u00b0c a 200\u00b0c\",\"breadcrumb\":{\"@id\":\"https:\/\/abaa.mx\/tienda\/cronometro-taylor-1470n\/#breadcrumb\"},\"inLanguage\":\"es\",\"potentialAction\":[{\"@type\":\"ReadAction\",\"target\":[\"https:\/\/abaa.mx\/tienda\/cronometro-taylor-1470n\/\"]}]},{\"@type\":\"ImageObject\",\"inLanguage\":\"es\",\"@id\":\"https:\/\/abaa.mx\/tienda\/cronometro-taylor-1470n\/#primaryimage\",\"url\":\"https:\/\/abaa.mx\/tienda\/wp-content\/uploads\/2020\/10\/Cronometro-Taylor-1470N.jpg\",\"contentUrl\":\"https:\/\/abaa.mx\/tienda\/wp-content\/uploads\/2020\/10\/Cronometro-Taylor-1470N.jpg\",\"width\":800,\"height\":800,\"caption\":\"Cron\u00f3metro Taylor 1470N\"},{\"@type\":\"BreadcrumbList\",\"@id\":\"https:\/\/abaa.mx\/tienda\/cronometro-taylor-1470n\/#breadcrumb\",\"itemListElement\":[{\"@type\":\"ListItem\",\"position\":1,\"name\":\"Inicio\",\"item\":\"https:\/\/abaa.mx\/tienda\/\"},{\"@type\":\"ListItem\",\"position\":2,\"name\":\"Tienda\",\"item\":\"https:\/\/abaa.mx\/tienda\/\"},{\"@type\":\"ListItem\",\"position\":3,\"name\":\"Cron\u00f3metro Taylor 1470N\"}]},{\"@type\":\"WebSite\",\"@id\":\"https:\/\/abaa.mx\/tienda\/#website\",\"url\":\"https:\/\/abaa.mx\/tienda\/\",\"name\":\"Abaa tienda online\",\"description\":\"Instrumentos de medici\u00f3n\",\"publisher\":{\"@id\":\"https:\/\/abaa.mx\/tienda\/#organization\"},\"potentialAction\":[{\"@type\":\"SearchAction\",\"target\":{\"@type\":\"EntryPoint\",\"urlTemplate\":\"https:\/\/abaa.mx\/tienda\/?s={search_term_string}\"},\"query-input\":{\"@type\":\"PropertyValueSpecification\",\"valueRequired\":true,\"valueName\":\"search_term_string\"}}],\"inLanguage\":\"es\"},{\"@type\":\"Organization\",\"@id\":\"https:\/\/abaa.mx\/tienda\/#organization\",\"name\":\"Abaa tienda online\",\"url\":\"https:\/\/abaa.mx\/tienda\/\",\"logo\":{\"@type\":\"ImageObject\",\"inLanguage\":\"es\",\"@id\":\"https:\/\/abaa.mx\/tienda\/#\/schema\/logo\/image\/\",\"url\":\"https:\/\/abaa.mx\/tienda\/wp-content\/uploads\/2024\/01\/abaa-metrologia-tienda.png\",\"contentUrl\":\"https:\/\/abaa.mx\/tienda\/wp-content\/uploads\/2024\/01\/abaa-metrologia-tienda.png\",\"width\":300,\"height\":141,\"caption\":\"Abaa tienda online\"},\"image\":{\"@id\":\"https:\/\/abaa.mx\/tienda\/#\/schema\/logo\/image\/\"}}]}<\/script>\n<!-- \/ Yoast SEO plugin. -->","yoast_head_json":{"title":"Cron\u00f3metro Taylor 1470N - Abaa tienda online","description":"Cron\u00f3metro Taylor 1470N acero inoxidable con sonda digital para horno, term\u00f3metro y cron\u00f3metro, 1470n rango 0\u00b0c a 200\u00b0c","robots":{"index":"index","follow":"follow","max-snippet":"max-snippet:-1","max-image-preview":"max-image-preview:large","max-video-preview":"max-video-preview:-1"},"canonical":"https:\/\/abaa.mx\/tienda\/cronometro-taylor-1470n\/","og_locale":"es_MX","og_type":"article","og_title":"Cron\u00f3metro Taylor 1470N - Abaa tienda online","og_description":"Cron\u00f3metro Taylor 1470N acero inoxidable con sonda digital para horno, term\u00f3metro y cron\u00f3metro, 1470n rango 0\u00b0c a 200\u00b0c","og_url":"https:\/\/abaa.mx\/tienda\/cronometro-taylor-1470n\/","og_site_name":"Abaa tienda online","article_modified_time":"2021-04-08T16:02:42+00:00","og_image":[{"width":800,"height":800,"url":"https:\/\/abaa.mx\/tienda\/wp-content\/uploads\/2020\/10\/Cronometro-Taylor-1470N.jpg","type":"image\/jpeg"}],"twitter_card":"summary_large_image","schema":{"@context":"https:\/\/schema.org","@graph":[{"@type":"WebPage","@id":"https:\/\/abaa.mx\/tienda\/cronometro-taylor-1470n\/","url":"https:\/\/abaa.mx\/tienda\/cronometro-taylor-1470n\/","name":"Cron\u00f3metro Taylor 1470N - Abaa tienda online","isPartOf":{"@id":"https:\/\/abaa.mx\/tienda\/#website"},"primaryImageOfPage":{"@id":"https:\/\/abaa.mx\/tienda\/cronometro-taylor-1470n\/#primaryimage"},"image":{"@id":"https:\/\/abaa.mx\/tienda\/cronometro-taylor-1470n\/#primaryimage"},"thumbnailUrl":"https:\/\/abaa.mx\/tienda\/wp-content\/uploads\/2020\/10\/Cronometro-Taylor-1470N.jpg","datePublished":"2020-10-06T23:54:46+00:00","dateModified":"2021-04-08T16:02:42+00:00","description":"Cron\u00f3metro Taylor 1470N acero inoxidable con sonda digital para horno, term\u00f3metro y cron\u00f3metro, 1470n rango 0\u00b0c a 200\u00b0c","breadcrumb":{"@id":"https:\/\/abaa.mx\/tienda\/cronometro-taylor-1470n\/#breadcrumb"},"inLanguage":"es","potentialAction":[{"@type":"ReadAction","target":["https:\/\/abaa.mx\/tienda\/cronometro-taylor-1470n\/"]}]},{"@type":"ImageObject","inLanguage":"es","@id":"https:\/\/abaa.mx\/tienda\/cronometro-taylor-1470n\/#primaryimage","url":"https:\/\/abaa.mx\/tienda\/wp-content\/uploads\/2020\/10\/Cronometro-Taylor-1470N.jpg","contentUrl":"https:\/\/abaa.mx\/tienda\/wp-content\/uploads\/2020\/10\/Cronometro-Taylor-1470N.jpg","width":800,"height":800,"caption":"Cron\u00f3metro Taylor 1470N"},{"@type":"BreadcrumbList","@id":"https:\/\/abaa.mx\/tienda\/cronometro-taylor-1470n\/#breadcrumb","itemListElement":[{"@type":"ListItem","position":1,"name":"Inicio","item":"https:\/\/abaa.mx\/tienda\/"},{"@type":"ListItem","position":2,"name":"Tienda","item":"https:\/\/abaa.mx\/tienda\/"},{"@type":"ListItem","position":3,"name":"Cron\u00f3metro Taylor 1470N"}]},{"@type":"WebSite","@id":"https:\/\/abaa.mx\/tienda\/#website","url":"https:\/\/abaa.mx\/tienda\/","name":"Abaa tienda online","description":"Instrumentos de medici\u00f3n","publisher":{"@id":"https:\/\/abaa.mx\/tienda\/#organization"},"potentialAction":[{"@type":"SearchAction","target":{"@type":"EntryPoint","urlTemplate":"https:\/\/abaa.mx\/tienda\/?s={search_term_string}"},"query-input":{"@type":"PropertyValueSpecification","valueRequired":true,"valueName":"search_term_string"}}],"inLanguage":"es"},{"@type":"Organization","@id":"https:\/\/abaa.mx\/tienda\/#organization","name":"Abaa tienda online","url":"https:\/\/abaa.mx\/tienda\/","logo":{"@type":"ImageObject","inLanguage":"es","@id":"https:\/\/abaa.mx\/tienda\/#\/schema\/logo\/image\/","url":"https:\/\/abaa.mx\/tienda\/wp-content\/uploads\/2024\/01\/abaa-metrologia-tienda.png","contentUrl":"https:\/\/abaa.mx\/tienda\/wp-content\/uploads\/2024\/01\/abaa-metrologia-tienda.png","width":300,"height":141,"caption":"Abaa tienda online"},"image":{"@id":"https:\/\/abaa.mx\/tienda\/#\/schema\/logo\/image\/"}}]}},"_links":{"self":[{"href":"https:\/\/abaa.mx\/tienda\/wp-json\/wp\/v2\/product\/836","targetHints":{"allow":["GET"]}}],"collection":[{"href":"https:\/\/abaa.mx\/tienda\/wp-json\/wp\/v2\/product"}],"about":[{"href":"https:\/\/abaa.mx\/tienda\/wp-json\/wp\/v2\/types\/product"}],"replies":[{"embeddable":true,"href":"https:\/\/abaa.mx\/tienda\/wp-json\/wp\/v2\/comments?post=836"}],"wp:featuredmedia":[{"embeddable":true,"href":"https:\/\/abaa.mx\/tienda\/wp-json\/wp\/v2\/media\/1138"}],"wp:attachment":[{"href":"https:\/\/abaa.mx\/tienda\/wp-json\/wp\/v2\/media?parent=836"}],"wp:term":[{"taxonomy":"product_brand","embeddable":true,"href":"https:\/\/abaa.mx\/tienda\/wp-json\/wp\/v2\/product_brand?post=836"},{"taxonomy":"product_cat","embeddable":true,"href":"https:\/\/abaa.mx\/tienda\/wp-json\/wp\/v2\/product_cat?post=836"},{"taxonomy":"product_tag","embeddable":true,"href":"https:\/\/abaa.mx\/tienda\/wp-json\/wp\/v2\/product_tag?post=836"}],"curies":[{"name":"wp","href":"https:\/\/api.w.org\/{rel}","templated":true}]}}