{"id":8354,"date":"2023-11-01T16:16:52","date_gmt":"2023-11-01T16:16:52","guid":{"rendered":"https:\/\/abaa.mx\/tienda\/?post_type=product&#038;p=8354"},"modified":"2023-11-01T16:16:52","modified_gmt":"2023-11-01T16:16:52","slug":"gaussimetro-de-cc-modelo-gm1-st","status":"publish","type":"product","link":"https:\/\/abaa.mx\/tienda\/gaussimetro-de-cc-modelo-gm1-st\/","title":{"rendered":"Gauss\u00edmetro de CC modelo GM1-ST"},"content":{"rendered":"<p>Gauss\u00edmetro de CC modelo GM1-ST<\/p>\n","protected":false},"excerpt":{"rendered":"<p><strong>DESCRIPCI\u00d3N:<\/strong><\/p>\n<p>El gauss\u00edmetro de CC modelo GM1-ST mide la fuerza y \u200b\u200bla polaridad de los campos magn\u00e9ticos hasta 19.999,9 gauss. El sensor puede caber de manera f\u00e1cil en un espacio de 0,060 pulgadas (1,5 mm) y est\u00e1 al final de un cable maleable de 100 cm. El extremo del sensor se puede doblar si es requisito para una pluralidad de ocasiones. Ponga el sensor en la cara de un im\u00e1n para medir el campo. Con una resoluci\u00f3n de 0,1 gauss, puede medir cualquier peque\u00f1a variaci\u00f3n de un im\u00e1n a otro o puede detectar si un im\u00e1n determinado ha perdido aun algo de fuerza. Doble el sensor con apariencia de &#8220;L&#8221; para medir en un tubo de solenoide de CC. La pantalla de 5 \u00bd d\u00edgitos no requiere cambio de rango autom\u00e1tico ni manual, con lo que es m\u00e1s f\u00e1cil de utilizar que los medidores de estilo anterior de 3 \u00bd o 4 \u00bd d\u00edgitos. Prenda el medidor y tambi\u00e9n inmediatamente comience a leer los campos (se actualiza 4 ocasiones por segundo). No se necesita configuraci\u00f3n, lo que lo convierte en el gauss\u00edmetro m\u00e1s r\u00e1pido y simple disponible.<\/p>\n<p><strong>Caracter\u00edsticas:<\/strong><\/p>\n<ul>\n<li>Se enciende al instante, se actualiza cuatro veces por segundo, no requiere configuraci\u00f3n ni calibraci\u00f3n inicial<\/li>\n<li>Cumple con CE<\/li>\n<li>Sonda y bater\u00eda incluidas<\/li>\n<li>Port\u00e1til para mediciones sencillas en f\u00e1bricas u otros entornos industriales<\/li>\n<li>1% de precisi\u00f3n a temperatura ambiente, incluida la sonda<\/li>\n<li>La pantalla de 5 \u00bd d\u00edgitos de alto rango din\u00e1mico lee incluso los imanes m\u00e1s fuertes con una resoluci\u00f3n de 0,1 gauss, incluida la polaridad<\/li>\n<li>Auto-Zero (resta el campo actual de las lecturas posteriores); tambi\u00e9n un control de desplazamiento fino<\/li>\n<li>Bota de goma desmontable incluida<\/li>\n<li>Certificado de trazabilidad NIST incluido<\/li>\n<li>El rango de compensaci\u00f3n es el \u00b119,999.99 gauss completo<\/li>\n<\/ul>\n<p><strong>Aplicaciones:<\/strong><\/p>\n<ul>\n<li>Mide dentro de los solenoides de CC (la sonda se dobla en forma de &#8220;L&#8221; para medir esto).<\/li>\n<li>La alta resoluci\u00f3n de 0,1 gauss en todo el rango de +19.999,9 a -19.999,9 gauss permite la detecci\u00f3n de cualquier variaci\u00f3n en el campo de un im\u00e1n.<\/li>\n<li>Mide todos los imanes permanentes. (El campo m\u00e1ximo de imanes es de aproximadamente 15 000, lo que ocurre solo con imanes de tierras raras en una configuraci\u00f3n de espacio).<\/li>\n<\/ul>\n<p>&nbsp;<\/p>\n<table width=\"75%\">\n<tbody>\n<tr>\n<td colspan=\"2\" width=\"100%\"><strong>ESPECIFICACIONES: GAUSS\u00cdMETRO CC DE 1 EJE GM1-ST<\/strong><\/td>\n<\/tr>\n<tr>\n<td width=\"50%\"><strong>Resoluci\u00f3n:<\/strong><\/td>\n<td width=\"50%\">\u00b119.999,9 G con indicador de polaridad<\/td>\n<\/tr>\n<tr>\n<td width=\"50%\"><strong>Resoluci\u00f3n:<\/strong><\/td>\n<td width=\"50%\">0.1G<\/td>\n<\/tr>\n<tr>\n<td width=\"50%\"><strong>Exactitud:<\/strong><\/td>\n<td width=\"50%\">\u00b11% de lectura (16\u00b0 a 29\u00b0C);\u00a0\u00b12% (-4\u00b0 a 65\u00b0C)<\/td>\n<\/tr>\n<tr>\n<td width=\"50%\"><strong>Compensar:<\/strong><\/td>\n<td width=\"50%\">Cero autom\u00e1tico.\u00a0Tambi\u00e9n compensaci\u00f3n fina (resoluci\u00f3n de 0,1 gauss)<\/td>\n<\/tr>\n<tr>\n<td width=\"50%\"><strong>Sonda (no desmontable):<\/strong><\/td>\n<td width=\"50%\">1,5 (grueso) x 4,3 x 24 mm<\/td>\n<\/tr>\n<tr>\n<td width=\"50%\"><strong>Tama\u00f1o del medidor:<\/strong><\/td>\n<td width=\"50%\">5,2 x 3,6 x 1,6 pulgadas;\u00a0132x91x41mm<\/td>\n<\/tr>\n<tr>\n<td width=\"50%\"><strong>Peso:<\/strong><\/td>\n<td width=\"50%\">8 oz<\/td>\n<\/tr>\n<tr>\n<td width=\"50%\"><strong>Bater\u00eda:<\/strong><\/td>\n<td width=\"50%\">Alcalino de 9 voltios (~ 40 horas de vida \u00fatil) \/ Indicador de &#8220;bater\u00eda baja&#8221;<\/td>\n<\/tr>\n<\/tbody>\n<\/table>\n<ul>\n<li>Resoluci\u00f3n suficiente para mapear campos alejados de imanes.<\/li>\n<\/ul>\n<p>&nbsp;<\/p>\n<ul>\n<li><strong>INFORMACION ADICIONAL.<\/strong><\/li>\n<\/ul>\n<table width=\"460\">\n<tbody>\n<tr>\n<td><strong>N\u00daMERO DE EJES<\/strong><\/td>\n<td>eje \u00fanico<\/td>\n<\/tr>\n<tr>\n<td><strong>TIPO DE CAMPO<\/strong><\/td>\n<td>CC magn\u00e9tica<\/td>\n<\/tr>\n<tr>\n<td><strong>RESOLUCI\u00d3N<\/strong><\/td>\n<td>0.1G<\/td>\n<\/tr>\n<tr>\n<td><strong>CERTIFICACI\u00d3N<\/strong><\/td>\n<td>NIST trazable<\/td>\n<\/tr>\n<tr>\n<td><strong>PRECISI\u00d3N<\/strong><\/td>\n<td>\u00b11%<\/td>\n<\/tr>\n<tr>\n<td><strong>APLICACIONES<\/strong><\/td>\n<td>Manufactura, Aeroespacial<\/td>\n<\/tr>\n<tr>\n<td><strong>RANGO M\u00c1XIMO<\/strong><\/td>\n<td>\u00b119999.9G<\/td>\n<\/tr>\n<tr>\n<td><strong>CATEGOR\u00cdA<\/strong><\/td>\n<td>Gauss\u00edmetros<\/td>\n<\/tr>\n<\/tbody>\n<\/table>\n<p>&nbsp;<\/p>\n","protected":false},"featured_media":8356,"comment_status":"open","ping_status":"closed","template":"","meta":{"_joinchat":[]},"product_brand":[],"product_cat":[98],"product_tag":[],"class_list":{"0":"post-8354","1":"product","2":"type-product","3":"status-publish","4":"has-post-thumbnail","6":"product_cat-gaussimetros","8":"first","9":"instock","10":"shipping-taxable","11":"product-type-simple"},"yoast_head":"<!-- This site is optimized with the Yoast SEO plugin v26.4 - https:\/\/yoast.com\/wordpress\/plugins\/seo\/ -->\n<title>Gauss\u00edmetro de CC modelo GM1-ST - Abaa tienda online<\/title>\n<meta name=\"robots\" content=\"index, follow, max-snippet:-1, max-image-preview:large, max-video-preview:-1\" \/>\n<link rel=\"canonical\" href=\"https:\/\/abaa.mx\/tienda\/gaussimetro-de-cc-modelo-gm1-st\/\" \/>\n<meta property=\"og:locale\" content=\"es_MX\" \/>\n<meta property=\"og:type\" content=\"article\" \/>\n<meta property=\"og:title\" content=\"Gauss\u00edmetro de CC modelo GM1-ST - Abaa tienda online\" \/>\n<meta property=\"og:description\" content=\"DESCRIPCI\u00d3N:  El gauss\u00edmetro de CC modelo GM1-ST mide la fuerza y \u200b\u200bla polaridad de los campos magn\u00e9ticos hasta 19.999,9 gauss. El sensor puede caber de manera f\u00e1cil en un espacio de 0,060 pulgadas (1,5 mm) y est\u00e1 al final de un cable maleable de 100 cm. El extremo del sensor se puede doblar si es requisito para una pluralidad de ocasiones. Ponga el sensor en la cara de un im\u00e1n para medir el campo. Con una resoluci\u00f3n de 0,1 gauss, puede medir cualquier peque\u00f1a variaci\u00f3n de un im\u00e1n a otro o puede detectar si un im\u00e1n determinado ha perdido aun algo de fuerza. Doble el sensor con apariencia de &quot;L&quot; para medir en un tubo de solenoide de CC. La pantalla de 5 \u00bd d\u00edgitos no requiere cambio de rango autom\u00e1tico ni manual, con lo que es m\u00e1s f\u00e1cil de utilizar que los medidores de estilo anterior de 3 \u00bd o 4 \u00bd d\u00edgitos. Prenda el medidor y tambi\u00e9n inmediatamente comience a leer los campos (se actualiza 4 ocasiones por segundo). No se necesita configuraci\u00f3n, lo que lo convierte en el gauss\u00edmetro m\u00e1s r\u00e1pido y simple disponible.  Caracter\u00edsticas:   Se enciende al instante, se actualiza cuatro veces por segundo, no requiere configuraci\u00f3n ni calibraci\u00f3n inicial  Cumple con CE  Sonda y bater\u00eda incluidas  Port\u00e1til para mediciones sencillas en f\u00e1bricas u otros entornos industriales  1% de precisi\u00f3n a temperatura ambiente, incluida la sonda  La pantalla de 5 \u00bd d\u00edgitos de alto rango din\u00e1mico lee incluso los imanes m\u00e1s fuertes con una resoluci\u00f3n de 0,1 gauss, incluida la polaridad  Auto-Zero (resta el campo actual de las lecturas posteriores); tambi\u00e9n un control de desplazamiento fino  Bota de goma desmontable incluida  Certificado de trazabilidad NIST incluido  El rango de compensaci\u00f3n es el \u00b119,999.99 gauss completo  Aplicaciones:   Mide dentro de los solenoides de CC (la sonda se dobla en forma de &quot;L&quot; para medir esto).  La alta resoluci\u00f3n de 0,1 gauss en todo el rango de +19.999,9 a -19.999,9 gauss permite la detecci\u00f3n de cualquier variaci\u00f3n en el campo de un im\u00e1n.  Mide todos los imanes permanentes. (El campo m\u00e1ximo de imanes es de aproximadamente 15 000, lo que ocurre solo con imanes de tierras raras en una configuraci\u00f3n de espacio).  &nbsp;    ESPECIFICACIONES: GAUSS\u00cdMETRO CC DE 1 EJE GM1-ST   Resoluci\u00f3n: \u00b119.999,9 G con indicador de polaridad   Resoluci\u00f3n: 0.1G   Exactitud: \u00b11% de lectura (16\u00b0 a 29\u00b0C);\u00a0\u00b12% (-4\u00b0 a 65\u00b0C)   Compensar: Cero autom\u00e1tico.\u00a0Tambi\u00e9n compensaci\u00f3n fina (resoluci\u00f3n de 0,1 gauss)   Sonda (no desmontable): 1,5 (grueso) x 4,3 x 24 mm   Tama\u00f1o del medidor: 5,2 x 3,6 x 1,6 pulgadas;\u00a0132x91x41mm   Peso: 8 oz   Bater\u00eda: Alcalino de 9 voltios (~ 40 horas de vida \u00fatil) \/ Indicador de &quot;bater\u00eda baja&quot;      Resoluci\u00f3n suficiente para mapear campos alejados de imanes.  &nbsp;   INFORMACION ADICIONAL.     N\u00daMERO DE EJES eje \u00fanico   TIPO DE CAMPO CC magn\u00e9tica   RESOLUCI\u00d3N 0.1G   CERTIFICACI\u00d3N NIST trazable   PRECISI\u00d3N \u00b11%   APLICACIONES Manufactura, Aeroespacial   RANGO M\u00c1XIMO \u00b119999.9G   CATEGOR\u00cdA Gauss\u00edmetros    &nbsp;\" \/>\n<meta property=\"og:url\" content=\"https:\/\/abaa.mx\/tienda\/gaussimetro-de-cc-modelo-gm1-st\/\" \/>\n<meta property=\"og:site_name\" content=\"Abaa tienda online\" \/>\n<meta property=\"og:image\" content=\"https:\/\/abaa.mx\/tienda\/wp-content\/uploads\/2023\/11\/ALPHA-GM1ST.jpg\" \/>\n\t<meta property=\"og:image:width\" content=\"473\" \/>\n\t<meta property=\"og:image:height\" content=\"565\" \/>\n\t<meta property=\"og:image:type\" content=\"image\/jpeg\" \/>\n<meta name=\"twitter:card\" content=\"summary_large_image\" \/>\n<meta name=\"twitter:label1\" content=\"Tiempo de lectura\" \/>\n\t<meta name=\"twitter:data1\" content=\"1 minuto\" \/>\n<script type=\"application\/ld+json\" class=\"yoast-schema-graph\">{\"@context\":\"https:\/\/schema.org\",\"@graph\":[{\"@type\":\"WebPage\",\"@id\":\"https:\/\/abaa.mx\/tienda\/gaussimetro-de-cc-modelo-gm1-st\/\",\"url\":\"https:\/\/abaa.mx\/tienda\/gaussimetro-de-cc-modelo-gm1-st\/\",\"name\":\"Gauss\u00edmetro de CC modelo GM1-ST - Abaa tienda online\",\"isPartOf\":{\"@id\":\"https:\/\/abaa.mx\/tienda\/#website\"},\"primaryImageOfPage\":{\"@id\":\"https:\/\/abaa.mx\/tienda\/gaussimetro-de-cc-modelo-gm1-st\/#primaryimage\"},\"image\":{\"@id\":\"https:\/\/abaa.mx\/tienda\/gaussimetro-de-cc-modelo-gm1-st\/#primaryimage\"},\"thumbnailUrl\":\"https:\/\/abaa.mx\/tienda\/wp-content\/uploads\/2023\/11\/ALPHA-GM1ST.jpg\",\"datePublished\":\"2023-11-01T16:16:52+00:00\",\"breadcrumb\":{\"@id\":\"https:\/\/abaa.mx\/tienda\/gaussimetro-de-cc-modelo-gm1-st\/#breadcrumb\"},\"inLanguage\":\"es\",\"potentialAction\":[{\"@type\":\"ReadAction\",\"target\":[\"https:\/\/abaa.mx\/tienda\/gaussimetro-de-cc-modelo-gm1-st\/\"]}]},{\"@type\":\"ImageObject\",\"inLanguage\":\"es\",\"@id\":\"https:\/\/abaa.mx\/tienda\/gaussimetro-de-cc-modelo-gm1-st\/#primaryimage\",\"url\":\"https:\/\/abaa.mx\/tienda\/wp-content\/uploads\/2023\/11\/ALPHA-GM1ST.jpg\",\"contentUrl\":\"https:\/\/abaa.mx\/tienda\/wp-content\/uploads\/2023\/11\/ALPHA-GM1ST.jpg\",\"width\":473,\"height\":565,\"caption\":\"ALPHA - GM1ST\"},{\"@type\":\"BreadcrumbList\",\"@id\":\"https:\/\/abaa.mx\/tienda\/gaussimetro-de-cc-modelo-gm1-st\/#breadcrumb\",\"itemListElement\":[{\"@type\":\"ListItem\",\"position\":1,\"name\":\"Inicio\",\"item\":\"https:\/\/abaa.mx\/tienda\/\"},{\"@type\":\"ListItem\",\"position\":2,\"name\":\"Tienda\",\"item\":\"https:\/\/abaa.mx\/tienda\/\"},{\"@type\":\"ListItem\",\"position\":3,\"name\":\"Gauss\u00edmetro de CC modelo GM1-ST\"}]},{\"@type\":\"WebSite\",\"@id\":\"https:\/\/abaa.mx\/tienda\/#website\",\"url\":\"https:\/\/abaa.mx\/tienda\/\",\"name\":\"Abaa tienda online\",\"description\":\"Instrumentos de medici\u00f3n\",\"publisher\":{\"@id\":\"https:\/\/abaa.mx\/tienda\/#organization\"},\"potentialAction\":[{\"@type\":\"SearchAction\",\"target\":{\"@type\":\"EntryPoint\",\"urlTemplate\":\"https:\/\/abaa.mx\/tienda\/?s={search_term_string}\"},\"query-input\":{\"@type\":\"PropertyValueSpecification\",\"valueRequired\":true,\"valueName\":\"search_term_string\"}}],\"inLanguage\":\"es\"},{\"@type\":\"Organization\",\"@id\":\"https:\/\/abaa.mx\/tienda\/#organization\",\"name\":\"Abaa tienda online\",\"url\":\"https:\/\/abaa.mx\/tienda\/\",\"logo\":{\"@type\":\"ImageObject\",\"inLanguage\":\"es\",\"@id\":\"https:\/\/abaa.mx\/tienda\/#\/schema\/logo\/image\/\",\"url\":\"https:\/\/abaa.mx\/tienda\/wp-content\/uploads\/2024\/01\/abaa-metrologia-tienda.png\",\"contentUrl\":\"https:\/\/abaa.mx\/tienda\/wp-content\/uploads\/2024\/01\/abaa-metrologia-tienda.png\",\"width\":300,\"height\":141,\"caption\":\"Abaa tienda online\"},\"image\":{\"@id\":\"https:\/\/abaa.mx\/tienda\/#\/schema\/logo\/image\/\"}}]}<\/script>\n<!-- \/ Yoast SEO plugin. -->","yoast_head_json":{"title":"Gauss\u00edmetro de CC modelo GM1-ST - Abaa tienda online","robots":{"index":"index","follow":"follow","max-snippet":"max-snippet:-1","max-image-preview":"max-image-preview:large","max-video-preview":"max-video-preview:-1"},"canonical":"https:\/\/abaa.mx\/tienda\/gaussimetro-de-cc-modelo-gm1-st\/","og_locale":"es_MX","og_type":"article","og_title":"Gauss\u00edmetro de CC modelo GM1-ST - Abaa tienda online","og_description":"DESCRIPCI\u00d3N:  El gauss\u00edmetro de CC modelo GM1-ST mide la fuerza y \u200b\u200bla polaridad de los campos magn\u00e9ticos hasta 19.999,9 gauss. El sensor puede caber de manera f\u00e1cil en un espacio de 0,060 pulgadas (1,5 mm) y est\u00e1 al final de un cable maleable de 100 cm. El extremo del sensor se puede doblar si es requisito para una pluralidad de ocasiones. Ponga el sensor en la cara de un im\u00e1n para medir el campo. Con una resoluci\u00f3n de 0,1 gauss, puede medir cualquier peque\u00f1a variaci\u00f3n de un im\u00e1n a otro o puede detectar si un im\u00e1n determinado ha perdido aun algo de fuerza. Doble el sensor con apariencia de \"L\" para medir en un tubo de solenoide de CC. La pantalla de 5 \u00bd d\u00edgitos no requiere cambio de rango autom\u00e1tico ni manual, con lo que es m\u00e1s f\u00e1cil de utilizar que los medidores de estilo anterior de 3 \u00bd o 4 \u00bd d\u00edgitos. Prenda el medidor y tambi\u00e9n inmediatamente comience a leer los campos (se actualiza 4 ocasiones por segundo). No se necesita configuraci\u00f3n, lo que lo convierte en el gauss\u00edmetro m\u00e1s r\u00e1pido y simple disponible.  Caracter\u00edsticas:   Se enciende al instante, se actualiza cuatro veces por segundo, no requiere configuraci\u00f3n ni calibraci\u00f3n inicial  Cumple con CE  Sonda y bater\u00eda incluidas  Port\u00e1til para mediciones sencillas en f\u00e1bricas u otros entornos industriales  1% de precisi\u00f3n a temperatura ambiente, incluida la sonda  La pantalla de 5 \u00bd d\u00edgitos de alto rango din\u00e1mico lee incluso los imanes m\u00e1s fuertes con una resoluci\u00f3n de 0,1 gauss, incluida la polaridad  Auto-Zero (resta el campo actual de las lecturas posteriores); tambi\u00e9n un control de desplazamiento fino  Bota de goma desmontable incluida  Certificado de trazabilidad NIST incluido  El rango de compensaci\u00f3n es el \u00b119,999.99 gauss completo  Aplicaciones:   Mide dentro de los solenoides de CC (la sonda se dobla en forma de \"L\" para medir esto).  La alta resoluci\u00f3n de 0,1 gauss en todo el rango de +19.999,9 a -19.999,9 gauss permite la detecci\u00f3n de cualquier variaci\u00f3n en el campo de un im\u00e1n.  Mide todos los imanes permanentes. (El campo m\u00e1ximo de imanes es de aproximadamente 15 000, lo que ocurre solo con imanes de tierras raras en una configuraci\u00f3n de espacio).  &nbsp;    ESPECIFICACIONES: GAUSS\u00cdMETRO CC DE 1 EJE GM1-ST   Resoluci\u00f3n: \u00b119.999,9 G con indicador de polaridad   Resoluci\u00f3n: 0.1G   Exactitud: \u00b11% de lectura (16\u00b0 a 29\u00b0C);\u00a0\u00b12% (-4\u00b0 a 65\u00b0C)   Compensar: Cero autom\u00e1tico.\u00a0Tambi\u00e9n compensaci\u00f3n fina (resoluci\u00f3n de 0,1 gauss)   Sonda (no desmontable): 1,5 (grueso) x 4,3 x 24 mm   Tama\u00f1o del medidor: 5,2 x 3,6 x 1,6 pulgadas;\u00a0132x91x41mm   Peso: 8 oz   Bater\u00eda: Alcalino de 9 voltios (~ 40 horas de vida \u00fatil) \/ Indicador de \"bater\u00eda baja\"      Resoluci\u00f3n suficiente para mapear campos alejados de imanes.  &nbsp;   INFORMACION ADICIONAL.     N\u00daMERO DE EJES eje \u00fanico   TIPO DE CAMPO CC magn\u00e9tica   RESOLUCI\u00d3N 0.1G   CERTIFICACI\u00d3N NIST trazable   PRECISI\u00d3N \u00b11%   APLICACIONES Manufactura, Aeroespacial   RANGO M\u00c1XIMO \u00b119999.9G   CATEGOR\u00cdA Gauss\u00edmetros    &nbsp;","og_url":"https:\/\/abaa.mx\/tienda\/gaussimetro-de-cc-modelo-gm1-st\/","og_site_name":"Abaa tienda online","og_image":[{"width":473,"height":565,"url":"https:\/\/abaa.mx\/tienda\/wp-content\/uploads\/2023\/11\/ALPHA-GM1ST.jpg","type":"image\/jpeg"}],"twitter_card":"summary_large_image","twitter_misc":{"Tiempo de lectura":"1 minuto"},"schema":{"@context":"https:\/\/schema.org","@graph":[{"@type":"WebPage","@id":"https:\/\/abaa.mx\/tienda\/gaussimetro-de-cc-modelo-gm1-st\/","url":"https:\/\/abaa.mx\/tienda\/gaussimetro-de-cc-modelo-gm1-st\/","name":"Gauss\u00edmetro de CC modelo GM1-ST - Abaa tienda online","isPartOf":{"@id":"https:\/\/abaa.mx\/tienda\/#website"},"primaryImageOfPage":{"@id":"https:\/\/abaa.mx\/tienda\/gaussimetro-de-cc-modelo-gm1-st\/#primaryimage"},"image":{"@id":"https:\/\/abaa.mx\/tienda\/gaussimetro-de-cc-modelo-gm1-st\/#primaryimage"},"thumbnailUrl":"https:\/\/abaa.mx\/tienda\/wp-content\/uploads\/2023\/11\/ALPHA-GM1ST.jpg","datePublished":"2023-11-01T16:16:52+00:00","breadcrumb":{"@id":"https:\/\/abaa.mx\/tienda\/gaussimetro-de-cc-modelo-gm1-st\/#breadcrumb"},"inLanguage":"es","potentialAction":[{"@type":"ReadAction","target":["https:\/\/abaa.mx\/tienda\/gaussimetro-de-cc-modelo-gm1-st\/"]}]},{"@type":"ImageObject","inLanguage":"es","@id":"https:\/\/abaa.mx\/tienda\/gaussimetro-de-cc-modelo-gm1-st\/#primaryimage","url":"https:\/\/abaa.mx\/tienda\/wp-content\/uploads\/2023\/11\/ALPHA-GM1ST.jpg","contentUrl":"https:\/\/abaa.mx\/tienda\/wp-content\/uploads\/2023\/11\/ALPHA-GM1ST.jpg","width":473,"height":565,"caption":"ALPHA - GM1ST"},{"@type":"BreadcrumbList","@id":"https:\/\/abaa.mx\/tienda\/gaussimetro-de-cc-modelo-gm1-st\/#breadcrumb","itemListElement":[{"@type":"ListItem","position":1,"name":"Inicio","item":"https:\/\/abaa.mx\/tienda\/"},{"@type":"ListItem","position":2,"name":"Tienda","item":"https:\/\/abaa.mx\/tienda\/"},{"@type":"ListItem","position":3,"name":"Gauss\u00edmetro de CC modelo GM1-ST"}]},{"@type":"WebSite","@id":"https:\/\/abaa.mx\/tienda\/#website","url":"https:\/\/abaa.mx\/tienda\/","name":"Abaa tienda online","description":"Instrumentos de medici\u00f3n","publisher":{"@id":"https:\/\/abaa.mx\/tienda\/#organization"},"potentialAction":[{"@type":"SearchAction","target":{"@type":"EntryPoint","urlTemplate":"https:\/\/abaa.mx\/tienda\/?s={search_term_string}"},"query-input":{"@type":"PropertyValueSpecification","valueRequired":true,"valueName":"search_term_string"}}],"inLanguage":"es"},{"@type":"Organization","@id":"https:\/\/abaa.mx\/tienda\/#organization","name":"Abaa tienda online","url":"https:\/\/abaa.mx\/tienda\/","logo":{"@type":"ImageObject","inLanguage":"es","@id":"https:\/\/abaa.mx\/tienda\/#\/schema\/logo\/image\/","url":"https:\/\/abaa.mx\/tienda\/wp-content\/uploads\/2024\/01\/abaa-metrologia-tienda.png","contentUrl":"https:\/\/abaa.mx\/tienda\/wp-content\/uploads\/2024\/01\/abaa-metrologia-tienda.png","width":300,"height":141,"caption":"Abaa tienda online"},"image":{"@id":"https:\/\/abaa.mx\/tienda\/#\/schema\/logo\/image\/"}}]}},"_links":{"self":[{"href":"https:\/\/abaa.mx\/tienda\/wp-json\/wp\/v2\/product\/8354","targetHints":{"allow":["GET"]}}],"collection":[{"href":"https:\/\/abaa.mx\/tienda\/wp-json\/wp\/v2\/product"}],"about":[{"href":"https:\/\/abaa.mx\/tienda\/wp-json\/wp\/v2\/types\/product"}],"replies":[{"embeddable":true,"href":"https:\/\/abaa.mx\/tienda\/wp-json\/wp\/v2\/comments?post=8354"}],"wp:featuredmedia":[{"embeddable":true,"href":"https:\/\/abaa.mx\/tienda\/wp-json\/wp\/v2\/media\/8356"}],"wp:attachment":[{"href":"https:\/\/abaa.mx\/tienda\/wp-json\/wp\/v2\/media?parent=8354"}],"wp:term":[{"taxonomy":"product_brand","embeddable":true,"href":"https:\/\/abaa.mx\/tienda\/wp-json\/wp\/v2\/product_brand?post=8354"},{"taxonomy":"product_cat","embeddable":true,"href":"https:\/\/abaa.mx\/tienda\/wp-json\/wp\/v2\/product_cat?post=8354"},{"taxonomy":"product_tag","embeddable":true,"href":"https:\/\/abaa.mx\/tienda\/wp-json\/wp\/v2\/product_tag?post=8354"}],"curies":[{"name":"wp","href":"https:\/\/api.w.org\/{rel}","templated":true}]}}