{"id":8348,"date":"2023-11-01T15:36:17","date_gmt":"2023-11-01T15:36:17","guid":{"rendered":"https:\/\/abaa.mx\/tienda\/?post_type=product&#038;p=8348"},"modified":"2023-11-13T15:54:53","modified_gmt":"2023-11-13T15:54:53","slug":"elitech-tlog-100el-registrador-de-datos-ultrabajo-registrador-de-temperatura","status":"publish","type":"product","link":"https:\/\/abaa.mx\/tienda\/elitech-tlog-100el-registrador-de-datos-ultrabajo-registrador-de-temperatura\/","title":{"rendered":"Elitech tlog 100el registrador de datos ultrabajo registrador de temperatura"},"content":{"rendered":"<p>Elitech Tlog 100EL admite un rango de temperatura ultra bajo para registrar datos y cuenta con un puerto mini USB incorporado, una pantalla LCD y dos botones dise\u00f1ados para evitar toques accidentales. Puede ver el estado y los par\u00e1metros del dispositivo presionando un bot\u00f3n, o personalizar varios par\u00e1metros, como los modos de inicio\/parada, m\u00faltiples umbrales y modos de almacenamiento.<\/p>\n<p>&nbsp;<\/p>\n<p><strong>Caracter\u00edsticas<\/strong>:<\/p>\n<ul class=\"a-unordered-list a-vertical\">\n<li><span class=\"a-list-item\">Rango de medici\u00f3n:\u00a0<span class=\"a-text-bold\">-196 \u00b0C ~ + 150 \u00b0C (-320.8 \u00b0F ~ + 302 \u00b0F)<\/span>; Resoluci\u00f3n: 0,1 \u00b0C\/0,1 \u00b0F<\/span><\/li>\n<li><span class=\"a-list-item\">Precisi\u00f3n: \u00b10.3 \u00b0C (-20 \u00b0C ~ + 40 \u00b0C); \u00b10.5 \u00b0C (-50 \u00b0C ~ + 85 \u00b0C); \u00b11 \u00b0C (-100 \u00b0C ~ + 150 \u00b0C); \u00b12 \u00b0C (otros)<\/span><\/li>\n<li><span class=\"a-list-item\">Tipo de sensor:\u00a0<span class=\"a-text-bold\">Externo<\/span>\u00a0Sensores de temperatura<\/span><\/li>\n<li><span class=\"a-list-item\">Memoria: 32000 puntos (MAX)<\/span><\/li>\n<li><span class=\"a-list-item\">Intervalo de registro: 10 segundos ~ 24 horas (10 minutos por defecto)<\/span><\/li>\n<li><span class=\"a-list-item\">Modo de inicio: Bot\u00f3n o software<\/span><\/li>\n<li><span class=\"a-list-item\">Modo de parada: Bot\u00f3n, software o parada cuando est\u00e1 lleno<\/span><\/li>\n<li><span class=\"a-list-item\">Dimensiones: 115,5 mm x 47 mm x 16,2 mm (largo x ancho x alto)<\/span><\/li>\n<li><span class=\"a-list-item\">Tipo de alarma: \u00danica\/Acumulativa<\/span><\/li>\n<li><span class=\"a-list-item\">Transmisi\u00f3n de datos: puerto USB<\/span><\/li>\n<li><span class=\"a-list-item\">Tipo de informe: Formato PDF<\/span><\/li>\n<li><span class=\"a-list-item\">Bater\u00eda: Bater\u00eda de litio de un solo uso CR2450 de 3,0 V<\/span><\/li>\n<li><span class=\"a-list-item\">Duraci\u00f3n de la bater\u00eda: 2 a\u00f1os (almacenada y utilizada en un entorno de temperatura normal)<\/span><\/li>\n<li><span class=\"a-list-item\">Grado de protecci\u00f3n: IP67<\/span><\/li>\n<li><span class=\"a-list-item\">Peso: 70g<\/span><\/li>\n<\/ul>\n<p>&nbsp;<\/p>\n<p><strong>Funciones:<\/strong><\/p>\n<ul class=\"a-unordered-list a-vertical a-spacing-mini\">\n<li><span class=\"a-list-item\">Multiuso y alta capacidad de grabaci\u00f3n: Hasta 32,000 puntos de temperatura.<\/span><\/li>\n<li><span class=\"a-list-item\">Conectar y leer No se requiere cable ni lector, el conector USB permite una conexi\u00f3n r\u00e1pida a PC para descargar datos.<\/span><\/li>\n<li><span class=\"a-list-item\">Sensor de temperatura externo de alta precisi\u00f3n: Un amplio rango de temperatura de -121 \u00b0 F a 185 \u00b0 F con alta precisi\u00f3n, hasta \u00b1 0.6 \u00b0 F, m\u00e1s adecuado para una variedad de productos sensibles a la temperatura.<\/span><\/li>\n<li><span class=\"a-list-item\">Informe PDF encriptado y generado autom\u00e1ticamente con funci\u00f3n de protecci\u00f3n con contrase\u00f1a; Configuraci\u00f3n y gesti\u00f3n personalizadas proporcionadas por el software gratuito Elitechlog.<\/span><\/li>\n<li><span class=\"a-list-item\">Larga vida \u00fatil Adoptando una bater\u00eda de litio reemplazable, se puede almacenar y usar dentro de los 2 a\u00f1os\u00a0<\/span><\/li>\n<\/ul>\n","protected":false},"excerpt":{"rendered":"<p>El registrador de temperatura ultra bajo reutilizable Elitech Tlog 100EL Temperature Data Logger se utiliza para monitorear y registrar la temperatura de alimentos, productos farmac\u00e9uticos, hielo seco y otros productos durante su almacenamiento y transporte, y en cada etapa de la log\u00edstica de la cadena de fr\u00edo, como contenedores \/ camiones refrigerados, bolsas refrigerantes, gabinetes de enfriamiento, gabinetes m\u00e9dicos, congeladores y laboratorios.<\/p>\n","protected":false},"featured_media":8349,"comment_status":"open","ping_status":"closed","template":"","meta":{"_joinchat":[]},"product_brand":[],"product_cat":[15],"product_tag":[],"class_list":{"0":"post-8348","1":"product","2":"type-product","3":"status-publish","4":"has-post-thumbnail","6":"product_cat-sin-categorizar","8":"first","9":"instock","10":"shipping-taxable","11":"product-type-simple"},"yoast_head":"<!-- This site is optimized with the Yoast SEO plugin v26.4 - https:\/\/yoast.com\/wordpress\/plugins\/seo\/ -->\n<title>Elitech tlog 100el registrador de datos ultrabajo registrador de temperatura - Abaa tienda online<\/title>\n<meta name=\"robots\" content=\"index, follow, max-snippet:-1, max-image-preview:large, max-video-preview:-1\" \/>\n<link rel=\"canonical\" href=\"https:\/\/abaa.mx\/tienda\/elitech-tlog-100el-registrador-de-datos-ultrabajo-registrador-de-temperatura\/\" \/>\n<meta property=\"og:locale\" content=\"es_MX\" \/>\n<meta property=\"og:type\" content=\"article\" \/>\n<meta property=\"og:title\" content=\"Elitech tlog 100el registrador de datos ultrabajo registrador de temperatura - Abaa tienda online\" \/>\n<meta property=\"og:description\" content=\"El registrador de temperatura ultra bajo reutilizable Elitech Tlog 100EL Temperature Data Logger se utiliza para monitorear y registrar la temperatura de alimentos, productos farmac\u00e9uticos, hielo seco y otros productos durante su almacenamiento y transporte, y en cada etapa de la log\u00edstica de la cadena de fr\u00edo, como contenedores \/ camiones refrigerados, bolsas refrigerantes, gabinetes de enfriamiento, gabinetes m\u00e9dicos, congeladores y laboratorios.\" \/>\n<meta property=\"og:url\" content=\"https:\/\/abaa.mx\/tienda\/elitech-tlog-100el-registrador-de-datos-ultrabajo-registrador-de-temperatura\/\" \/>\n<meta property=\"og:site_name\" content=\"Abaa tienda online\" \/>\n<meta property=\"article:modified_time\" content=\"2023-11-13T15:54:53+00:00\" \/>\n<meta property=\"og:image\" content=\"https:\/\/abaa.mx\/tienda\/wp-content\/uploads\/2023\/11\/Elitech-Tlog-100EL.jpg\" \/>\n\t<meta property=\"og:image:width\" content=\"1200\" \/>\n\t<meta property=\"og:image:height\" content=\"1200\" \/>\n\t<meta property=\"og:image:type\" content=\"image\/jpeg\" \/>\n<meta name=\"twitter:card\" content=\"summary_large_image\" \/>\n<meta name=\"twitter:label1\" content=\"Tiempo de lectura\" \/>\n\t<meta name=\"twitter:data1\" content=\"2 minutos\" \/>\n<script type=\"application\/ld+json\" class=\"yoast-schema-graph\">{\"@context\":\"https:\/\/schema.org\",\"@graph\":[{\"@type\":\"WebPage\",\"@id\":\"https:\/\/abaa.mx\/tienda\/elitech-tlog-100el-registrador-de-datos-ultrabajo-registrador-de-temperatura\/\",\"url\":\"https:\/\/abaa.mx\/tienda\/elitech-tlog-100el-registrador-de-datos-ultrabajo-registrador-de-temperatura\/\",\"name\":\"Elitech tlog 100el registrador de datos ultrabajo registrador de temperatura - Abaa tienda online\",\"isPartOf\":{\"@id\":\"https:\/\/abaa.mx\/tienda\/#website\"},\"primaryImageOfPage\":{\"@id\":\"https:\/\/abaa.mx\/tienda\/elitech-tlog-100el-registrador-de-datos-ultrabajo-registrador-de-temperatura\/#primaryimage\"},\"image\":{\"@id\":\"https:\/\/abaa.mx\/tienda\/elitech-tlog-100el-registrador-de-datos-ultrabajo-registrador-de-temperatura\/#primaryimage\"},\"thumbnailUrl\":\"https:\/\/abaa.mx\/tienda\/wp-content\/uploads\/2023\/11\/Elitech-Tlog-100EL.jpg\",\"datePublished\":\"2023-11-01T15:36:17+00:00\",\"dateModified\":\"2023-11-13T15:54:53+00:00\",\"breadcrumb\":{\"@id\":\"https:\/\/abaa.mx\/tienda\/elitech-tlog-100el-registrador-de-datos-ultrabajo-registrador-de-temperatura\/#breadcrumb\"},\"inLanguage\":\"es\",\"potentialAction\":[{\"@type\":\"ReadAction\",\"target\":[\"https:\/\/abaa.mx\/tienda\/elitech-tlog-100el-registrador-de-datos-ultrabajo-registrador-de-temperatura\/\"]}]},{\"@type\":\"ImageObject\",\"inLanguage\":\"es\",\"@id\":\"https:\/\/abaa.mx\/tienda\/elitech-tlog-100el-registrador-de-datos-ultrabajo-registrador-de-temperatura\/#primaryimage\",\"url\":\"https:\/\/abaa.mx\/tienda\/wp-content\/uploads\/2023\/11\/Elitech-Tlog-100EL.jpg\",\"contentUrl\":\"https:\/\/abaa.mx\/tienda\/wp-content\/uploads\/2023\/11\/Elitech-Tlog-100EL.jpg\",\"width\":1200,\"height\":1200,\"caption\":\"Elitech Tlog 100EL\"},{\"@type\":\"BreadcrumbList\",\"@id\":\"https:\/\/abaa.mx\/tienda\/elitech-tlog-100el-registrador-de-datos-ultrabajo-registrador-de-temperatura\/#breadcrumb\",\"itemListElement\":[{\"@type\":\"ListItem\",\"position\":1,\"name\":\"Inicio\",\"item\":\"https:\/\/abaa.mx\/tienda\/\"},{\"@type\":\"ListItem\",\"position\":2,\"name\":\"Tienda\",\"item\":\"https:\/\/abaa.mx\/tienda\/\"},{\"@type\":\"ListItem\",\"position\":3,\"name\":\"Elitech tlog 100el registrador de datos ultrabajo registrador de temperatura\"}]},{\"@type\":\"WebSite\",\"@id\":\"https:\/\/abaa.mx\/tienda\/#website\",\"url\":\"https:\/\/abaa.mx\/tienda\/\",\"name\":\"Abaa tienda online\",\"description\":\"Instrumentos de medici\u00f3n\",\"publisher\":{\"@id\":\"https:\/\/abaa.mx\/tienda\/#organization\"},\"potentialAction\":[{\"@type\":\"SearchAction\",\"target\":{\"@type\":\"EntryPoint\",\"urlTemplate\":\"https:\/\/abaa.mx\/tienda\/?s={search_term_string}\"},\"query-input\":{\"@type\":\"PropertyValueSpecification\",\"valueRequired\":true,\"valueName\":\"search_term_string\"}}],\"inLanguage\":\"es\"},{\"@type\":\"Organization\",\"@id\":\"https:\/\/abaa.mx\/tienda\/#organization\",\"name\":\"Abaa tienda online\",\"url\":\"https:\/\/abaa.mx\/tienda\/\",\"logo\":{\"@type\":\"ImageObject\",\"inLanguage\":\"es\",\"@id\":\"https:\/\/abaa.mx\/tienda\/#\/schema\/logo\/image\/\",\"url\":\"https:\/\/abaa.mx\/tienda\/wp-content\/uploads\/2024\/01\/abaa-metrologia-tienda.png\",\"contentUrl\":\"https:\/\/abaa.mx\/tienda\/wp-content\/uploads\/2024\/01\/abaa-metrologia-tienda.png\",\"width\":300,\"height\":141,\"caption\":\"Abaa tienda online\"},\"image\":{\"@id\":\"https:\/\/abaa.mx\/tienda\/#\/schema\/logo\/image\/\"}}]}<\/script>\n<!-- \/ Yoast SEO plugin. -->","yoast_head_json":{"title":"Elitech tlog 100el registrador de datos ultrabajo registrador de temperatura - Abaa tienda online","robots":{"index":"index","follow":"follow","max-snippet":"max-snippet:-1","max-image-preview":"max-image-preview:large","max-video-preview":"max-video-preview:-1"},"canonical":"https:\/\/abaa.mx\/tienda\/elitech-tlog-100el-registrador-de-datos-ultrabajo-registrador-de-temperatura\/","og_locale":"es_MX","og_type":"article","og_title":"Elitech tlog 100el registrador de datos ultrabajo registrador de temperatura - Abaa tienda online","og_description":"El registrador de temperatura ultra bajo reutilizable Elitech Tlog 100EL Temperature Data Logger se utiliza para monitorear y registrar la temperatura de alimentos, productos farmac\u00e9uticos, hielo seco y otros productos durante su almacenamiento y transporte, y en cada etapa de la log\u00edstica de la cadena de fr\u00edo, como contenedores \/ camiones refrigerados, bolsas refrigerantes, gabinetes de enfriamiento, gabinetes m\u00e9dicos, congeladores y laboratorios.","og_url":"https:\/\/abaa.mx\/tienda\/elitech-tlog-100el-registrador-de-datos-ultrabajo-registrador-de-temperatura\/","og_site_name":"Abaa tienda online","article_modified_time":"2023-11-13T15:54:53+00:00","og_image":[{"width":1200,"height":1200,"url":"https:\/\/abaa.mx\/tienda\/wp-content\/uploads\/2023\/11\/Elitech-Tlog-100EL.jpg","type":"image\/jpeg"}],"twitter_card":"summary_large_image","twitter_misc":{"Tiempo de lectura":"2 minutos"},"schema":{"@context":"https:\/\/schema.org","@graph":[{"@type":"WebPage","@id":"https:\/\/abaa.mx\/tienda\/elitech-tlog-100el-registrador-de-datos-ultrabajo-registrador-de-temperatura\/","url":"https:\/\/abaa.mx\/tienda\/elitech-tlog-100el-registrador-de-datos-ultrabajo-registrador-de-temperatura\/","name":"Elitech tlog 100el registrador de datos ultrabajo registrador de temperatura - Abaa tienda online","isPartOf":{"@id":"https:\/\/abaa.mx\/tienda\/#website"},"primaryImageOfPage":{"@id":"https:\/\/abaa.mx\/tienda\/elitech-tlog-100el-registrador-de-datos-ultrabajo-registrador-de-temperatura\/#primaryimage"},"image":{"@id":"https:\/\/abaa.mx\/tienda\/elitech-tlog-100el-registrador-de-datos-ultrabajo-registrador-de-temperatura\/#primaryimage"},"thumbnailUrl":"https:\/\/abaa.mx\/tienda\/wp-content\/uploads\/2023\/11\/Elitech-Tlog-100EL.jpg","datePublished":"2023-11-01T15:36:17+00:00","dateModified":"2023-11-13T15:54:53+00:00","breadcrumb":{"@id":"https:\/\/abaa.mx\/tienda\/elitech-tlog-100el-registrador-de-datos-ultrabajo-registrador-de-temperatura\/#breadcrumb"},"inLanguage":"es","potentialAction":[{"@type":"ReadAction","target":["https:\/\/abaa.mx\/tienda\/elitech-tlog-100el-registrador-de-datos-ultrabajo-registrador-de-temperatura\/"]}]},{"@type":"ImageObject","inLanguage":"es","@id":"https:\/\/abaa.mx\/tienda\/elitech-tlog-100el-registrador-de-datos-ultrabajo-registrador-de-temperatura\/#primaryimage","url":"https:\/\/abaa.mx\/tienda\/wp-content\/uploads\/2023\/11\/Elitech-Tlog-100EL.jpg","contentUrl":"https:\/\/abaa.mx\/tienda\/wp-content\/uploads\/2023\/11\/Elitech-Tlog-100EL.jpg","width":1200,"height":1200,"caption":"Elitech Tlog 100EL"},{"@type":"BreadcrumbList","@id":"https:\/\/abaa.mx\/tienda\/elitech-tlog-100el-registrador-de-datos-ultrabajo-registrador-de-temperatura\/#breadcrumb","itemListElement":[{"@type":"ListItem","position":1,"name":"Inicio","item":"https:\/\/abaa.mx\/tienda\/"},{"@type":"ListItem","position":2,"name":"Tienda","item":"https:\/\/abaa.mx\/tienda\/"},{"@type":"ListItem","position":3,"name":"Elitech tlog 100el registrador de datos ultrabajo registrador de temperatura"}]},{"@type":"WebSite","@id":"https:\/\/abaa.mx\/tienda\/#website","url":"https:\/\/abaa.mx\/tienda\/","name":"Abaa tienda online","description":"Instrumentos de medici\u00f3n","publisher":{"@id":"https:\/\/abaa.mx\/tienda\/#organization"},"potentialAction":[{"@type":"SearchAction","target":{"@type":"EntryPoint","urlTemplate":"https:\/\/abaa.mx\/tienda\/?s={search_term_string}"},"query-input":{"@type":"PropertyValueSpecification","valueRequired":true,"valueName":"search_term_string"}}],"inLanguage":"es"},{"@type":"Organization","@id":"https:\/\/abaa.mx\/tienda\/#organization","name":"Abaa tienda online","url":"https:\/\/abaa.mx\/tienda\/","logo":{"@type":"ImageObject","inLanguage":"es","@id":"https:\/\/abaa.mx\/tienda\/#\/schema\/logo\/image\/","url":"https:\/\/abaa.mx\/tienda\/wp-content\/uploads\/2024\/01\/abaa-metrologia-tienda.png","contentUrl":"https:\/\/abaa.mx\/tienda\/wp-content\/uploads\/2024\/01\/abaa-metrologia-tienda.png","width":300,"height":141,"caption":"Abaa tienda online"},"image":{"@id":"https:\/\/abaa.mx\/tienda\/#\/schema\/logo\/image\/"}}]}},"_links":{"self":[{"href":"https:\/\/abaa.mx\/tienda\/wp-json\/wp\/v2\/product\/8348","targetHints":{"allow":["GET"]}}],"collection":[{"href":"https:\/\/abaa.mx\/tienda\/wp-json\/wp\/v2\/product"}],"about":[{"href":"https:\/\/abaa.mx\/tienda\/wp-json\/wp\/v2\/types\/product"}],"replies":[{"embeddable":true,"href":"https:\/\/abaa.mx\/tienda\/wp-json\/wp\/v2\/comments?post=8348"}],"wp:featuredmedia":[{"embeddable":true,"href":"https:\/\/abaa.mx\/tienda\/wp-json\/wp\/v2\/media\/8349"}],"wp:attachment":[{"href":"https:\/\/abaa.mx\/tienda\/wp-json\/wp\/v2\/media?parent=8348"}],"wp:term":[{"taxonomy":"product_brand","embeddable":true,"href":"https:\/\/abaa.mx\/tienda\/wp-json\/wp\/v2\/product_brand?post=8348"},{"taxonomy":"product_cat","embeddable":true,"href":"https:\/\/abaa.mx\/tienda\/wp-json\/wp\/v2\/product_cat?post=8348"},{"taxonomy":"product_tag","embeddable":true,"href":"https:\/\/abaa.mx\/tienda\/wp-json\/wp\/v2\/product_tag?post=8348"}],"curies":[{"name":"wp","href":"https:\/\/api.w.org\/{rel}","templated":true}]}}