{"id":8340,"date":"2023-11-01T15:15:44","date_gmt":"2023-11-01T15:15:44","guid":{"rendered":"https:\/\/abaa.mx\/tienda\/?post_type=product&#038;p=8340"},"modified":"2023-11-13T16:28:04","modified_gmt":"2023-11-13T16:28:04","slug":"elitech-tlog-b100eh-registrador-de-datos-de-temperatura-y-humedad","status":"publish","type":"product","link":"https:\/\/abaa.mx\/tienda\/elitech-tlog-b100eh-registrador-de-datos-de-temperatura-y-humedad\/","title":{"rendered":"Elitech tlog b100eh registrador de datos de temperatura y humedad"},"content":{"rendered":"<p class=\"a-spacing-base\">El registrador de datos de temperatura y humedad Elitech Tlog B100EH se utiliza para monitorear y registrar la temperatura y la humedad de alimentos, productos farmac\u00e9uticos y otros productos durante su almacenamiento y transporte, y en cada etapa de la log\u00edstica de la cadena de fr\u00edo, como contenedores \/ camiones refrigerados, bolsas t\u00e9rmicas, gabinetes de enfriamiento, gabinetes m\u00e9dicos, congeladores y laboratorios.<\/p>\n<p class=\"a-spacing-base\">Elitech Tlog B100EH cuenta con un puerto USB, una pantalla LCD y dos botones dise\u00f1ados para evitar toques accidentales. Puede ver el estado y los par\u00e1metros del dispositivo presionando un bot\u00f3n, o personalizar varios par\u00e1metros, como los modos de inicio\/parada, m\u00faltiples umbrales y modos de almacenamiento. Tambi\u00e9n puede ver el informe PDF generado autom\u00e1ticamente sin utilizar el software ElitechLog.<\/p>\n<p class=\"a-spacing-base\">La serie Tlog B100 es\u00a0inal\u00e1mbrico\u00a0versiones que permiten operaciones sin necesidad de abrir paquetes a trav\u00e9s de la aplicaci\u00f3n Elitech. Por ejemplo, configuraci\u00f3n de par\u00e1metros, visualizaci\u00f3n de datos,\u00a0inal\u00e1mbrico\u00a0impresos, etc. que proporcionan experiencias sencillas, pr\u00e1cticas y c\u00f3modas.<\/p>\n<p>&nbsp;<\/p>\n<p><strong>Funciones:\u00a0<\/strong><\/p>\n<ul>\n<li>Multiuso y alta capacidad de grabaci\u00f3n hasta 32,000 puntos de temperatura.<\/li>\n<li>Tecnolog\u00eda inal\u00e1mbrica emparejamiento con un solo clic, programe \/ administre el registrador de forma remota mediante la aplicaci\u00f3n elitech dentro de los rangos de metros.<\/li>\n<li>Sensor externo de temperatura y humedad de alta precisi\u00f3n un amplio rango de temperatura y humedad de -40 \u00b0 f a 185 \u00b0 f y del 10 % al 90 % con alta precisi\u00f3n, hasta \u00b1 0.6 \u00b0 f y \u00b1 3 % de humedad relativa, m\u00e1s adecuado para una variedad de productos sensibles a la temperatura y la humedad.<\/li>\n<li>IOS y android la aplicaci\u00f3n gratuita elitech administra de forma remota el registrador, hace que la gesti\u00f3n de la cadena de fr\u00edo sea mucho m\u00e1s f\u00e1cil.<\/li>\n<li>Larga vida \u00fatil adoptando una bater\u00eda de litio reemplazable, se puede almacenar y usar dentro de los 2 a\u00f1os.<\/li>\n<\/ul>\n<h5>Especificaciones:<\/h5>\n<table width=\"100%\">\n<tbody>\n<tr>\n<td style=\"width: 39.6232%;\">Rango de medici\u00f3n de temperatura<\/td>\n<td style=\"width: 56.3768%;\">\u00a0-40 \u00b0C ~ + 85 \u00b0C (-40 \u00b0F ~ + 185 \u00b0F)<\/td>\n<\/tr>\n<tr>\n<td style=\"width: 39.6232%;\">Precisi\u00f3n de la temperatura<\/td>\n<td style=\"width: 56.3768%;\">\u00b10,3 \u00b0C(-20 \u00b0C ~ + 40 \u00b0C); \u00b10.5 \u00b0C (otros)<\/td>\n<\/tr>\n<tr>\n<td style=\"width: 39.6232%;\">Resoluci\u00f3n de temperatura<\/td>\n<td style=\"width: 56.3768%;\">0.1\u00b0C\/\u00b0F<\/td>\n<\/tr>\n<tr>\n<td style=\"width: 39.6232%;\">Rango de medici\u00f3n de humedad<\/td>\n<td style=\"width: 56.3768%;\">0% HR ~ 100% HR<\/td>\n<\/tr>\n<tr>\n<td style=\"width: 39.6232%;\">Precisi\u00f3n de la humedad<\/td>\n<td style=\"width: 56.3768%;\">\u00b13% HR (25 \u00b0C: 20% RH ~ 80% RH); \u00b13% HR (otros)<\/td>\n<\/tr>\n<tr>\n<td style=\"width: 39.6232%;\">Resoluci\u00f3n de humedad<\/td>\n<td style=\"width: 56.3768%;\">0.1%HR<\/td>\n<\/tr>\n<tr>\n<td style=\"width: 39.6232%;\">Sensor<\/td>\n<td style=\"width: 56.3768%;\">Sonda externa de temperatura-humedad<\/td>\n<\/tr>\n<tr>\n<td style=\"width: 39.6232%;\">Capacidad de datos<\/td>\n<td style=\"width: 56.3768%;\">32.000 lecturas<\/td>\n<\/tr>\n<tr>\n<td style=\"width: 39.6232%;\">Intervalo de registro<\/td>\n<td style=\"width: 56.3768%;\">10 segundos &#8211; 24 horas<\/td>\n<\/tr>\n<tr>\n<td style=\"width: 39.6232%;\">Modo de inicio<\/td>\n<td style=\"width: 56.3768%;\">Presione el bot\u00f3n; Usar software<\/td>\n<\/tr>\n<tr>\n<td style=\"width: 39.6232%;\">Modo de parada<\/td>\n<td style=\"width: 56.3768%;\">Presione el bot\u00f3n; Utilizar software; Parada autom\u00e1tica<\/td>\n<\/tr>\n<tr>\n<td style=\"width: 39.6232%;\">Umbral de alarma<\/td>\n<td style=\"width: 56.3768%;\">Temperatura: hasta 3 l\u00edmites superiores y 2 l\u00edmites inferiores;<\/p>\n<p>Humedad: 1 l\u00edmite superior y 1 l\u00edmite inferior<\/td>\n<\/tr>\n<tr>\n<td style=\"width: 39.6232%;\">Tipo de alarma<\/td>\n<td style=\"width: 56.3768%;\">Simple\/Acumulativo<\/td>\n<\/tr>\n<tr>\n<td style=\"width: 39.6232%;\">Retardo de alarma<\/td>\n<td style=\"width: 56.3768%;\">10 segundos &#8211; 24 horas<\/td>\n<\/tr>\n<tr>\n<td style=\"width: 39.6232%;\">Interfaz de datos<\/td>\n<td style=\"width: 56.3768%;\">USB; WIrreductible<\/td>\n<\/tr>\n<tr>\n<td style=\"width: 39.6232%;\">Bater\u00eda<\/td>\n<td style=\"width: 56.3768%;\">Pila de bot\u00f3n de litio de un solo uso CR2450 de 3,0 V<\/td>\n<\/tr>\n<tr>\n<td style=\"width: 39.6232%;\">Duraci\u00f3n de la bater\u00eda<\/td>\n<td style=\"width: 56.3768%;\">2 a\u00f1os (almacenado y utilizado en un ambiente de temperatura normal)<\/p>\n<p>Acumulado de 180 d\u00edas con un intervalo de registro de 10 minutos y 25 \u00b0C (inal\u00e1mbrico apagado)<\/td>\n<\/tr>\n<tr>\n<td style=\"width: 39.6232%;\">Grado de protecci\u00f3n:<\/td>\n<td style=\"width: 56.3768%;\">IP65<\/td>\n<\/tr>\n<tr>\n<td style=\"width: 39.6232%;\">Dimensiones<\/td>\n<td style=\"width: 56.3768%;\">115,5 x 47 x 16,2 mm (largo x ancho x alto)<\/td>\n<\/tr>\n<tr>\n<td style=\"width: 39.6232%;\">Peso<\/td>\n<td style=\"width: 56.3768%;\">Aprox. 70 g<\/td>\n<\/tr>\n<\/tbody>\n<\/table>\n<p>&nbsp;<\/p>\n","protected":false},"excerpt":{"rendered":"<p>Elitech Tlog B100EH cuenta con un puerto USB, un display LCD y 2 botones dise\u00f1ados para evitar toques accidentales. Puede ver el estado y los factores del dispositivo presionando un bot\u00f3n, o personalizar varios factores , como los m\u00e9todos de inicio \/parada, m\u00faltiples umbrales y modos de almacenamiento.<\/p>\n","protected":false},"featured_media":8346,"comment_status":"open","ping_status":"closed","template":"","meta":{"_joinchat":[]},"product_brand":[],"product_cat":[15],"product_tag":[],"class_list":{"0":"post-8340","1":"product","2":"type-product","3":"status-publish","4":"has-post-thumbnail","6":"product_cat-sin-categorizar","8":"first","9":"instock","10":"shipping-taxable","11":"product-type-simple"},"yoast_head":"<!-- This site is optimized with the Yoast SEO plugin v26.4 - https:\/\/yoast.com\/wordpress\/plugins\/seo\/ -->\n<title>Elitech tlog b100eh registrador de datos de temperatura y humedad - Abaa tienda online<\/title>\n<meta name=\"robots\" content=\"index, follow, max-snippet:-1, max-image-preview:large, max-video-preview:-1\" \/>\n<link rel=\"canonical\" href=\"https:\/\/abaa.mx\/tienda\/elitech-tlog-b100eh-registrador-de-datos-de-temperatura-y-humedad\/\" \/>\n<meta property=\"og:locale\" content=\"es_MX\" \/>\n<meta property=\"og:type\" content=\"article\" \/>\n<meta property=\"og:title\" content=\"Elitech tlog b100eh registrador de datos de temperatura y humedad - Abaa tienda online\" \/>\n<meta property=\"og:description\" content=\"Elitech Tlog B100EH cuenta con un puerto USB, un display LCD y 2 botones dise\u00f1ados para evitar toques accidentales. Puede ver el estado y los factores del dispositivo presionando un bot\u00f3n, o personalizar varios factores , como los m\u00e9todos de inicio \/parada, m\u00faltiples umbrales y modos de almacenamiento.\" \/>\n<meta property=\"og:url\" content=\"https:\/\/abaa.mx\/tienda\/elitech-tlog-b100eh-registrador-de-datos-de-temperatura-y-humedad\/\" \/>\n<meta property=\"og:site_name\" content=\"Abaa tienda online\" \/>\n<meta property=\"article:modified_time\" content=\"2023-11-13T16:28:04+00:00\" \/>\n<meta property=\"og:image\" content=\"https:\/\/abaa.mx\/tienda\/wp-content\/uploads\/2023\/10\/Elitech-Tlog-B100EH.jpg\" \/>\n\t<meta property=\"og:image:width\" content=\"522\" \/>\n\t<meta property=\"og:image:height\" content=\"522\" \/>\n\t<meta property=\"og:image:type\" content=\"image\/jpeg\" \/>\n<meta name=\"twitter:card\" content=\"summary_large_image\" \/>\n<meta name=\"twitter:label1\" content=\"Tiempo de lectura\" \/>\n\t<meta name=\"twitter:data1\" content=\"3 minutos\" \/>\n<script type=\"application\/ld+json\" class=\"yoast-schema-graph\">{\"@context\":\"https:\/\/schema.org\",\"@graph\":[{\"@type\":\"WebPage\",\"@id\":\"https:\/\/abaa.mx\/tienda\/elitech-tlog-b100eh-registrador-de-datos-de-temperatura-y-humedad\/\",\"url\":\"https:\/\/abaa.mx\/tienda\/elitech-tlog-b100eh-registrador-de-datos-de-temperatura-y-humedad\/\",\"name\":\"Elitech tlog b100eh registrador de datos de temperatura y humedad - Abaa tienda online\",\"isPartOf\":{\"@id\":\"https:\/\/abaa.mx\/tienda\/#website\"},\"primaryImageOfPage\":{\"@id\":\"https:\/\/abaa.mx\/tienda\/elitech-tlog-b100eh-registrador-de-datos-de-temperatura-y-humedad\/#primaryimage\"},\"image\":{\"@id\":\"https:\/\/abaa.mx\/tienda\/elitech-tlog-b100eh-registrador-de-datos-de-temperatura-y-humedad\/#primaryimage\"},\"thumbnailUrl\":\"https:\/\/abaa.mx\/tienda\/wp-content\/uploads\/2023\/10\/Elitech-Tlog-B100EH.jpg\",\"datePublished\":\"2023-11-01T15:15:44+00:00\",\"dateModified\":\"2023-11-13T16:28:04+00:00\",\"breadcrumb\":{\"@id\":\"https:\/\/abaa.mx\/tienda\/elitech-tlog-b100eh-registrador-de-datos-de-temperatura-y-humedad\/#breadcrumb\"},\"inLanguage\":\"es\",\"potentialAction\":[{\"@type\":\"ReadAction\",\"target\":[\"https:\/\/abaa.mx\/tienda\/elitech-tlog-b100eh-registrador-de-datos-de-temperatura-y-humedad\/\"]}]},{\"@type\":\"ImageObject\",\"inLanguage\":\"es\",\"@id\":\"https:\/\/abaa.mx\/tienda\/elitech-tlog-b100eh-registrador-de-datos-de-temperatura-y-humedad\/#primaryimage\",\"url\":\"https:\/\/abaa.mx\/tienda\/wp-content\/uploads\/2023\/10\/Elitech-Tlog-B100EH.jpg\",\"contentUrl\":\"https:\/\/abaa.mx\/tienda\/wp-content\/uploads\/2023\/10\/Elitech-Tlog-B100EH.jpg\",\"width\":522,\"height\":522,\"caption\":\"Elitech Tlog B100EH\"},{\"@type\":\"BreadcrumbList\",\"@id\":\"https:\/\/abaa.mx\/tienda\/elitech-tlog-b100eh-registrador-de-datos-de-temperatura-y-humedad\/#breadcrumb\",\"itemListElement\":[{\"@type\":\"ListItem\",\"position\":1,\"name\":\"Inicio\",\"item\":\"https:\/\/abaa.mx\/tienda\/\"},{\"@type\":\"ListItem\",\"position\":2,\"name\":\"Tienda\",\"item\":\"https:\/\/abaa.mx\/tienda\/\"},{\"@type\":\"ListItem\",\"position\":3,\"name\":\"Elitech tlog b100eh registrador de datos de temperatura y humedad\"}]},{\"@type\":\"WebSite\",\"@id\":\"https:\/\/abaa.mx\/tienda\/#website\",\"url\":\"https:\/\/abaa.mx\/tienda\/\",\"name\":\"Abaa tienda online\",\"description\":\"Instrumentos de medici\u00f3n\",\"publisher\":{\"@id\":\"https:\/\/abaa.mx\/tienda\/#organization\"},\"potentialAction\":[{\"@type\":\"SearchAction\",\"target\":{\"@type\":\"EntryPoint\",\"urlTemplate\":\"https:\/\/abaa.mx\/tienda\/?s={search_term_string}\"},\"query-input\":{\"@type\":\"PropertyValueSpecification\",\"valueRequired\":true,\"valueName\":\"search_term_string\"}}],\"inLanguage\":\"es\"},{\"@type\":\"Organization\",\"@id\":\"https:\/\/abaa.mx\/tienda\/#organization\",\"name\":\"Abaa tienda online\",\"url\":\"https:\/\/abaa.mx\/tienda\/\",\"logo\":{\"@type\":\"ImageObject\",\"inLanguage\":\"es\",\"@id\":\"https:\/\/abaa.mx\/tienda\/#\/schema\/logo\/image\/\",\"url\":\"https:\/\/abaa.mx\/tienda\/wp-content\/uploads\/2024\/01\/abaa-metrologia-tienda.png\",\"contentUrl\":\"https:\/\/abaa.mx\/tienda\/wp-content\/uploads\/2024\/01\/abaa-metrologia-tienda.png\",\"width\":300,\"height\":141,\"caption\":\"Abaa tienda online\"},\"image\":{\"@id\":\"https:\/\/abaa.mx\/tienda\/#\/schema\/logo\/image\/\"}}]}<\/script>\n<!-- \/ Yoast SEO plugin. -->","yoast_head_json":{"title":"Elitech tlog b100eh registrador de datos de temperatura y humedad - Abaa tienda online","robots":{"index":"index","follow":"follow","max-snippet":"max-snippet:-1","max-image-preview":"max-image-preview:large","max-video-preview":"max-video-preview:-1"},"canonical":"https:\/\/abaa.mx\/tienda\/elitech-tlog-b100eh-registrador-de-datos-de-temperatura-y-humedad\/","og_locale":"es_MX","og_type":"article","og_title":"Elitech tlog b100eh registrador de datos de temperatura y humedad - Abaa tienda online","og_description":"Elitech Tlog B100EH cuenta con un puerto USB, un display LCD y 2 botones dise\u00f1ados para evitar toques accidentales. Puede ver el estado y los factores del dispositivo presionando un bot\u00f3n, o personalizar varios factores , como los m\u00e9todos de inicio \/parada, m\u00faltiples umbrales y modos de almacenamiento.","og_url":"https:\/\/abaa.mx\/tienda\/elitech-tlog-b100eh-registrador-de-datos-de-temperatura-y-humedad\/","og_site_name":"Abaa tienda online","article_modified_time":"2023-11-13T16:28:04+00:00","og_image":[{"width":522,"height":522,"url":"https:\/\/abaa.mx\/tienda\/wp-content\/uploads\/2023\/10\/Elitech-Tlog-B100EH.jpg","type":"image\/jpeg"}],"twitter_card":"summary_large_image","twitter_misc":{"Tiempo de lectura":"3 minutos"},"schema":{"@context":"https:\/\/schema.org","@graph":[{"@type":"WebPage","@id":"https:\/\/abaa.mx\/tienda\/elitech-tlog-b100eh-registrador-de-datos-de-temperatura-y-humedad\/","url":"https:\/\/abaa.mx\/tienda\/elitech-tlog-b100eh-registrador-de-datos-de-temperatura-y-humedad\/","name":"Elitech tlog b100eh registrador de datos de temperatura y humedad - Abaa tienda online","isPartOf":{"@id":"https:\/\/abaa.mx\/tienda\/#website"},"primaryImageOfPage":{"@id":"https:\/\/abaa.mx\/tienda\/elitech-tlog-b100eh-registrador-de-datos-de-temperatura-y-humedad\/#primaryimage"},"image":{"@id":"https:\/\/abaa.mx\/tienda\/elitech-tlog-b100eh-registrador-de-datos-de-temperatura-y-humedad\/#primaryimage"},"thumbnailUrl":"https:\/\/abaa.mx\/tienda\/wp-content\/uploads\/2023\/10\/Elitech-Tlog-B100EH.jpg","datePublished":"2023-11-01T15:15:44+00:00","dateModified":"2023-11-13T16:28:04+00:00","breadcrumb":{"@id":"https:\/\/abaa.mx\/tienda\/elitech-tlog-b100eh-registrador-de-datos-de-temperatura-y-humedad\/#breadcrumb"},"inLanguage":"es","potentialAction":[{"@type":"ReadAction","target":["https:\/\/abaa.mx\/tienda\/elitech-tlog-b100eh-registrador-de-datos-de-temperatura-y-humedad\/"]}]},{"@type":"ImageObject","inLanguage":"es","@id":"https:\/\/abaa.mx\/tienda\/elitech-tlog-b100eh-registrador-de-datos-de-temperatura-y-humedad\/#primaryimage","url":"https:\/\/abaa.mx\/tienda\/wp-content\/uploads\/2023\/10\/Elitech-Tlog-B100EH.jpg","contentUrl":"https:\/\/abaa.mx\/tienda\/wp-content\/uploads\/2023\/10\/Elitech-Tlog-B100EH.jpg","width":522,"height":522,"caption":"Elitech Tlog B100EH"},{"@type":"BreadcrumbList","@id":"https:\/\/abaa.mx\/tienda\/elitech-tlog-b100eh-registrador-de-datos-de-temperatura-y-humedad\/#breadcrumb","itemListElement":[{"@type":"ListItem","position":1,"name":"Inicio","item":"https:\/\/abaa.mx\/tienda\/"},{"@type":"ListItem","position":2,"name":"Tienda","item":"https:\/\/abaa.mx\/tienda\/"},{"@type":"ListItem","position":3,"name":"Elitech tlog b100eh registrador de datos de temperatura y humedad"}]},{"@type":"WebSite","@id":"https:\/\/abaa.mx\/tienda\/#website","url":"https:\/\/abaa.mx\/tienda\/","name":"Abaa tienda online","description":"Instrumentos de medici\u00f3n","publisher":{"@id":"https:\/\/abaa.mx\/tienda\/#organization"},"potentialAction":[{"@type":"SearchAction","target":{"@type":"EntryPoint","urlTemplate":"https:\/\/abaa.mx\/tienda\/?s={search_term_string}"},"query-input":{"@type":"PropertyValueSpecification","valueRequired":true,"valueName":"search_term_string"}}],"inLanguage":"es"},{"@type":"Organization","@id":"https:\/\/abaa.mx\/tienda\/#organization","name":"Abaa tienda online","url":"https:\/\/abaa.mx\/tienda\/","logo":{"@type":"ImageObject","inLanguage":"es","@id":"https:\/\/abaa.mx\/tienda\/#\/schema\/logo\/image\/","url":"https:\/\/abaa.mx\/tienda\/wp-content\/uploads\/2024\/01\/abaa-metrologia-tienda.png","contentUrl":"https:\/\/abaa.mx\/tienda\/wp-content\/uploads\/2024\/01\/abaa-metrologia-tienda.png","width":300,"height":141,"caption":"Abaa tienda online"},"image":{"@id":"https:\/\/abaa.mx\/tienda\/#\/schema\/logo\/image\/"}}]}},"_links":{"self":[{"href":"https:\/\/abaa.mx\/tienda\/wp-json\/wp\/v2\/product\/8340","targetHints":{"allow":["GET"]}}],"collection":[{"href":"https:\/\/abaa.mx\/tienda\/wp-json\/wp\/v2\/product"}],"about":[{"href":"https:\/\/abaa.mx\/tienda\/wp-json\/wp\/v2\/types\/product"}],"replies":[{"embeddable":true,"href":"https:\/\/abaa.mx\/tienda\/wp-json\/wp\/v2\/comments?post=8340"}],"wp:featuredmedia":[{"embeddable":true,"href":"https:\/\/abaa.mx\/tienda\/wp-json\/wp\/v2\/media\/8346"}],"wp:attachment":[{"href":"https:\/\/abaa.mx\/tienda\/wp-json\/wp\/v2\/media?parent=8340"}],"wp:term":[{"taxonomy":"product_brand","embeddable":true,"href":"https:\/\/abaa.mx\/tienda\/wp-json\/wp\/v2\/product_brand?post=8340"},{"taxonomy":"product_cat","embeddable":true,"href":"https:\/\/abaa.mx\/tienda\/wp-json\/wp\/v2\/product_cat?post=8340"},{"taxonomy":"product_tag","embeddable":true,"href":"https:\/\/abaa.mx\/tienda\/wp-json\/wp\/v2\/product_tag?post=8340"}],"curies":[{"name":"wp","href":"https:\/\/api.w.org\/{rel}","templated":true}]}}