{"id":8334,"date":"2023-10-31T20:51:34","date_gmt":"2023-10-31T20:51:34","guid":{"rendered":"https:\/\/abaa.mx\/tienda\/?post_type=product&#038;p=8334"},"modified":"2023-10-31T20:51:34","modified_gmt":"2023-10-31T20:51:34","slug":"espectofotometro-para-medir-color-ys3060","status":"publish","type":"product","link":"https:\/\/abaa.mx\/tienda\/espectofotometro-para-medir-color-ys3060\/","title":{"rendered":"Espectofot\u00f3metro para medir color &#8211; YS3060"},"content":{"rendered":"<p>Espectofot\u00f3metro para medir color &#8211; YS3060<\/p>\n","protected":false},"excerpt":{"rendered":"<p><b>Caracter\u00edsticas:<\/b><\/p>\n<ul>\n<li>Combinaci\u00f3n perfecta de aspecto hermoso y el diseno estructural de la mec\u00e1nica del cuerpo humano;<\/li>\n<li>Placa de calibraci\u00f3n blanca est\u00e1ndar resistente a las manchas y estable a la suciedad;<\/li>\n<li>Amplio espacio de almacenamiento de capacidad, m\u00e1s de 20,000 datos de medici\u00f3n;<\/li>\n<li>Medir los espectros de muestra, datos de laboratorio precisos, se pueden usar en la coincidencia de colores y la transmisi\u00f3n precisa del color;<\/li>\n<li>Configuraci\u00f3n de hardware F.High electr\u00f3nico: pantalla LCD TFT a color de 3,5 pulgadas, pantalla t\u00e1ctil capacitiva, rejilla c\u00f3ncava, 256<\/li>\n<li>matrices dobles de elemento de imagen CMOS Sensor de imagen;USB \/ Bluetooth 2.1, modo dual, ampliamente \u00fatil;<\/li>\n<li>\u00d3ptica geom\u00e9trica B.D \/ 8, conforme con CIE No.15, GB \/ T 3978, GB2893, GB \/ T 18833, ISO7724 \/ 1, ASTM E1164, DIN5033 Teil<\/li>\n<li>Dos \u00e1ngulos de observador est\u00e1ndar, una variedad de iluminantes, una variedad de \u00edndices de color, se ajusta a una variedad de datos<\/li>\n<li>Utilice una fuente de luz LED combinada de larga duraci\u00f3n y bajo consumo de energ\u00eda, incluyendo UV \/ excluyendo UV;<\/li>\n<li>colorim\u00e9tricos est\u00e1ndar, satisfacen una gran variedad de demandas de los clientes para la medici\u00f3n del color;<\/li>\n<li>Apertura de ?8 \/ 4mm, se adapta a m\u00e1s muestras; soportar SCI y SCE al mismo tiempo;<\/li>\n<\/ul>\n<p>Funci\u00f3n de localizaci\u00f3n de la c\u00e1mara, mejor posici\u00f3n; el software .PC tiene una poderosa extensi\u00f3n de funci\u00f3n.<\/p>\n<table border=\"1\" cellspacing=\"0\" cellpadding=\"0\">\n<tbody>\n<tr>\n<td>Elementos modelo<\/td>\n<td>YS3060<\/td>\n<td><\/td>\n<td><\/td>\n<\/tr>\n<tr>\n<td>geometr\u00eda \u00f3ptica<\/td>\n<td colspan=\"3\">Reflect: di:8\u00b0, de:8\u00b0(iluminaci\u00f3n difusa, \u00e1ngulo de visi\u00f3n de 8 grados)<\/td>\n<\/tr>\n<tr>\n<td>Tama\u00f1o de la esfera integradora<\/td>\n<td colspan=\"3\">48 mm<\/td>\n<\/tr>\n<tr>\n<td>Fuente de luz<\/td>\n<td>Luz LED combinada, luz UV<\/td>\n<td colspan=\"2\"><\/td>\n<\/tr>\n<tr>\n<td><\/td>\n<td colspan=\"3\">rejilla c\u00f3ncava<\/td>\n<\/tr>\n<tr>\n<td>Sensor<\/td>\n<td colspan=\"3\">Sensor de imagen CMOS de matriz doble de 256 elementos de imagen<\/td>\n<\/tr>\n<tr>\n<td>Rango de onda<\/td>\n<td colspan=\"3\">400-700nm<\/td>\n<\/tr>\n<tr>\n<td>Intervalo de longitud de onda<\/td>\n<td colspan=\"3\">10nm<\/td>\n<\/tr>\n<tr>\n<td>Ancho de semibanda<\/td>\n<td colspan=\"3\">10nm<\/td>\n<\/tr>\n<tr>\n<td>Rango de reflectancia medido<\/td>\n<td colspan=\"3\">0-200%<\/td>\n<\/tr>\n<tr>\n<td>Apertura de medici\u00f3n<\/td>\n<td>Doble apertura: 10 mm\/8 mm y 5 mm\/4 mm<\/td>\n<td><\/td>\n<td><\/td>\n<\/tr>\n<tr>\n<td><\/td>\n<td colspan=\"3\">SCI&amp;SCE<\/td>\n<\/tr>\n<tr>\n<td>Espacio de color<\/td>\n<td colspan=\"3\">Laboratorio CIE, XYZ, Yxy, LCh, CIE LUV, Hunter LAB<\/td>\n<\/tr>\n<tr>\n<td>F\u00f3rmula de diferencia de color<\/td>\n<td colspan=\"3\">\u0394E*ab, \u0394E*uv, \u0394E*94, \u0394E*cmc(2:1), \u0394E*cmc(1:1), \u0394E*00v, \u0394E(Cazador)<\/td>\n<\/tr>\n<tr>\n<td>Otro \u00edndice colorim\u00e9trico<\/td>\n<td colspan=\"3\">WI (ASTM E313, CIE\/ISO, AATCC, Hunter),<\/p>\n<p>YI (ASTM D1925, ASTM 313), TI (ASTM E313, CIE\/ISO),<\/p>\n<p>\u00cdndice de metamerismo MI, solidez a la tinci\u00f3n, solidez del color, intensidad del color, opacidad, 8\u00b0 de brillo<\/td>\n<\/tr>\n<tr>\n<td>\u00c1ngulo del observador<\/td>\n<td colspan=\"3\">2\u00b0\/10\u00b0<\/td>\n<\/tr>\n<tr>\n<td>Iluminante<\/td>\n<td>D65, A, C, D50, D55, D75, F1, F2, F3, F4, F5, F6, F7, F8, F9, F10, F11, F12<\/td>\n<td><\/td>\n<td><\/td>\n<\/tr>\n<tr>\n<td><\/td>\n<td colspan=\"3\">Espectrograma\/Valores, Valores de cromaticidad de muestras, Valores de diferencia de color\/Gr\u00e1fico, Resultado PASA\/FALLA, Compensaci\u00f3n de color<\/td>\n<\/tr>\n<tr>\n<td>Midiendo el tiempo<\/td>\n<td colspan=\"3\">2,6 s<\/td>\n<\/tr>\n<tr>\n<td>Repetibilidad<\/td>\n<td>VAM\/SCI: \u0394E*\u22640.03<\/td>\n<td><\/td>\n<td><\/td>\n<\/tr>\n<tr>\n<td><\/td>\n<td>VAM\/SCI: \u0394E*\u22640,15<\/td>\n<td><\/td>\n<td><\/td>\n<\/tr>\n<tr>\n<td><\/td>\n<td colspan=\"3\">Medici\u00f3n \u00fanica, Medici\u00f3n promedio<\/td>\n<\/tr>\n<tr>\n<td>M\u00e9todo de localizaci\u00f3n<\/td>\n<td colspan=\"3\">Localizaci\u00f3n del visor de la c\u00e1mara<\/td>\n<\/tr>\n<tr>\n<td>Bater\u00eda<\/td>\n<td colspan=\"3\">Bater\u00eda de iones de litio.\u00a05000 mediciones en 8 horas<\/td>\n<\/tr>\n<tr>\n<td>Dimensi\u00f3n<\/td>\n<td colspan=\"3\">L*An*Al=184*77*105mm<\/td>\n<\/tr>\n<tr>\n<td>Peso<\/td>\n<td colspan=\"3\">600g<\/td>\n<\/tr>\n<tr>\n<td>Vida \u00fatil iluminante<\/td>\n<td colspan=\"3\">5 a\u00f1os, m\u00e1s de 3 millones de veces las mediciones<\/td>\n<\/tr>\n<tr>\n<td>Mostrar<\/td>\n<td colspan=\"3\">LCD a color TFT de 3,5 pulgadas, pantalla t\u00e1ctil capacitiva<\/td>\n<\/tr>\n<tr>\n<td>Puerto de datos<\/td>\n<td colspan=\"2\">USB Bluetooth 4.0<\/td>\n<td><\/td>\n<\/tr>\n<tr>\n<td>Almacenamiento de datos<\/td>\n<td colspan=\"3\">Est\u00e1ndar 2000 piezas, muestra 20000 piezas<\/td>\n<\/tr>\n<tr>\n<td>Idioma<\/td>\n<td colspan=\"3\">ingl\u00e9s, chino<\/td>\n<\/tr>\n<tr>\n<td>Entorno operativo<\/td>\n<td colspan=\"3\">0~40\u2103, 0~85%RH (sin condensaci\u00f3n), Altitud &lt; 2000m<\/td>\n<\/tr>\n<tr>\n<td>Entorno de almacenamiento<\/td>\n<td colspan=\"3\">-20~50\u2103, 0~85%HR (sin condensaci\u00f3n)<\/td>\n<\/tr>\n<tr>\n<td>Accesorio est\u00e1ndar<\/td>\n<td colspan=\"3\">Adaptador de corriente, bater\u00eda de iones de litio integrada, gu\u00eda del usuario, software para PC, cavidad de calibraci\u00f3n blanca y negra, cubierta antipolvo<\/td>\n<\/tr>\n<tr>\n<td>Accesorio opcional<\/td>\n<td colspan=\"3\">Micro impresora, caja de prueba de polvo<\/td>\n<\/tr>\n<tr>\n<td colspan=\"4\">Notas: Las especificaciones est\u00e1n sujetas a cambios sin previo aviso.<\/td>\n<\/tr>\n<\/tbody>\n<\/table>\n","protected":false},"featured_media":8338,"comment_status":"open","ping_status":"closed","template":"","meta":{"_joinchat":[]},"product_brand":[],"product_cat":[97],"product_tag":[],"class_list":{"0":"post-8334","1":"product","2":"type-product","3":"status-publish","4":"has-post-thumbnail","6":"product_cat-espectrofotometro","8":"first","9":"instock","10":"shipping-taxable","11":"product-type-simple"},"yoast_head":"<!-- This site is optimized with the Yoast SEO plugin v26.4 - https:\/\/yoast.com\/wordpress\/plugins\/seo\/ -->\n<title>Espectofot\u00f3metro para medir color - YS3060 - Abaa tienda online<\/title>\n<meta name=\"robots\" content=\"index, follow, max-snippet:-1, max-image-preview:large, max-video-preview:-1\" \/>\n<link rel=\"canonical\" href=\"https:\/\/abaa.mx\/tienda\/espectofotometro-para-medir-color-ys3060\/\" \/>\n<meta property=\"og:locale\" content=\"es_MX\" \/>\n<meta property=\"og:type\" content=\"article\" \/>\n<meta property=\"og:title\" content=\"Espectofot\u00f3metro para medir color - YS3060 - Abaa tienda online\" \/>\n<meta property=\"og:description\" content=\"Caracter\u00edsticas:   Combinaci\u00f3n perfecta de aspecto hermoso y el diseno estructural de la mec\u00e1nica del cuerpo humano;  Placa de calibraci\u00f3n blanca est\u00e1ndar resistente a las manchas y estable a la suciedad;  Amplio espacio de almacenamiento de capacidad, m\u00e1s de 20,000 datos de medici\u00f3n;  Medir los espectros de muestra, datos de laboratorio precisos, se pueden usar en la coincidencia de colores y la transmisi\u00f3n precisa del color;  Configuraci\u00f3n de hardware F.High electr\u00f3nico: pantalla LCD TFT a color de 3,5 pulgadas, pantalla t\u00e1ctil capacitiva, rejilla c\u00f3ncava, 256  matrices dobles de elemento de imagen CMOS Sensor de imagen;USB \/ Bluetooth 2.1, modo dual, ampliamente \u00fatil;  \u00d3ptica geom\u00e9trica B.D \/ 8, conforme con CIE No.15, GB \/ T 3978, GB2893, GB \/ T 18833, ISO7724 \/ 1, ASTM E1164, DIN5033 Teil  Dos \u00e1ngulos de observador est\u00e1ndar, una variedad de iluminantes, una variedad de \u00edndices de color, se ajusta a una variedad de datos  Utilice una fuente de luz LED combinada de larga duraci\u00f3n y bajo consumo de energ\u00eda, incluyendo UV \/ excluyendo UV;  colorim\u00e9tricos est\u00e1ndar, satisfacen una gran variedad de demandas de los clientes para la medici\u00f3n del color;  Apertura de ?8 \/ 4mm, se adapta a m\u00e1s muestras; soportar SCI y SCE al mismo tiempo;  Funci\u00f3n de localizaci\u00f3n de la c\u00e1mara, mejor posici\u00f3n; el software .PC tiene una poderosa extensi\u00f3n de funci\u00f3n.    Elementos modelo YS3060     geometr\u00eda \u00f3ptica Reflect: di:8\u00b0, de:8\u00b0(iluminaci\u00f3n difusa, \u00e1ngulo de visi\u00f3n de 8 grados)   Tama\u00f1o de la esfera integradora 48 mm   Fuente de luz Luz LED combinada, luz UV     rejilla c\u00f3ncava   Sensor Sensor de imagen CMOS de matriz doble de 256 elementos de imagen   Rango de onda 400-700nm   Intervalo de longitud de onda 10nm   Ancho de semibanda 10nm   Rango de reflectancia medido 0-200%   Apertura de medici\u00f3n Doble apertura: 10 mm\/8 mm y 5 mm\/4 mm      SCI&amp;SCE   Espacio de color Laboratorio CIE, XYZ, Yxy, LCh, CIE LUV, Hunter LAB   F\u00f3rmula de diferencia de color \u0394E*ab, \u0394E*uv, \u0394E*94, \u0394E*cmc(2:1), \u0394E*cmc(1:1), \u0394E*00v, \u0394E(Cazador)   Otro \u00edndice colorim\u00e9trico WI (ASTM E313, CIE\/ISO, AATCC, Hunter),  YI (ASTM D1925, ASTM 313), TI (ASTM E313, CIE\/ISO),  \u00cdndice de metamerismo MI, solidez a la tinci\u00f3n, solidez del color, intensidad del color, opacidad, 8\u00b0 de brillo   \u00c1ngulo del observador 2\u00b0\/10\u00b0   Iluminante D65, A, C, D50, D55, D75, F1, F2, F3, F4, F5, F6, F7, F8, F9, F10, F11, F12      Espectrograma\/Valores, Valores de cromaticidad de muestras, Valores de diferencia de color\/Gr\u00e1fico, Resultado PASA\/FALLA, Compensaci\u00f3n de color   Midiendo el tiempo 2,6 s   Repetibilidad VAM\/SCI: \u0394E*\u22640.03      VAM\/SCI: \u0394E*\u22640,15      Medici\u00f3n \u00fanica, Medici\u00f3n promedio   M\u00e9todo de localizaci\u00f3n Localizaci\u00f3n del visor de la c\u00e1mara   Bater\u00eda Bater\u00eda de iones de litio.\u00a05000 mediciones en 8 horas   Dimensi\u00f3n L*An*Al=184*77*105mm   Peso 600g   Vida \u00fatil iluminante 5 a\u00f1os, m\u00e1s de 3 millones de veces las mediciones   Mostrar LCD a color TFT de 3,5 pulgadas, pantalla t\u00e1ctil capacitiva   Puerto de datos USB Bluetooth 4.0    Almacenamiento de datos Est\u00e1ndar 2000 piezas, muestra 20000 piezas   Idioma ingl\u00e9s, chino   Entorno operativo 0~40\u2103, 0~85%RH (sin condensaci\u00f3n), Altitud &lt; 2000m   Entorno de almacenamiento -20~50\u2103, 0~85%HR (sin condensaci\u00f3n)   Accesorio est\u00e1ndar Adaptador de corriente, bater\u00eda de iones de litio integrada, gu\u00eda del usuario, software para PC, cavidad de calibraci\u00f3n blanca y negra, cubierta antipolvo   Accesorio opcional Micro impresora, caja de prueba de polvo   Notas: Las especificaciones est\u00e1n sujetas a cambios sin previo aviso.\" \/>\n<meta property=\"og:url\" content=\"https:\/\/abaa.mx\/tienda\/espectofotometro-para-medir-color-ys3060\/\" \/>\n<meta property=\"og:site_name\" content=\"Abaa tienda online\" \/>\n<meta property=\"og:image\" content=\"https:\/\/abaa.mx\/tienda\/wp-content\/uploads\/2023\/10\/3NH-YS3060.jpg\" \/>\n\t<meta property=\"og:image:width\" content=\"599\" \/>\n\t<meta property=\"og:image:height\" content=\"423\" \/>\n\t<meta property=\"og:image:type\" content=\"image\/jpeg\" \/>\n<meta name=\"twitter:card\" content=\"summary_large_image\" \/>\n<meta name=\"twitter:label1\" content=\"Tiempo de lectura\" \/>\n\t<meta name=\"twitter:data1\" content=\"1 minuto\" \/>\n<script type=\"application\/ld+json\" class=\"yoast-schema-graph\">{\"@context\":\"https:\/\/schema.org\",\"@graph\":[{\"@type\":\"WebPage\",\"@id\":\"https:\/\/abaa.mx\/tienda\/espectofotometro-para-medir-color-ys3060\/\",\"url\":\"https:\/\/abaa.mx\/tienda\/espectofotometro-para-medir-color-ys3060\/\",\"name\":\"Espectofot\u00f3metro para medir color - YS3060 - Abaa tienda online\",\"isPartOf\":{\"@id\":\"https:\/\/abaa.mx\/tienda\/#website\"},\"primaryImageOfPage\":{\"@id\":\"https:\/\/abaa.mx\/tienda\/espectofotometro-para-medir-color-ys3060\/#primaryimage\"},\"image\":{\"@id\":\"https:\/\/abaa.mx\/tienda\/espectofotometro-para-medir-color-ys3060\/#primaryimage\"},\"thumbnailUrl\":\"https:\/\/abaa.mx\/tienda\/wp-content\/uploads\/2023\/10\/3NH-YS3060.jpg\",\"datePublished\":\"2023-10-31T20:51:34+00:00\",\"breadcrumb\":{\"@id\":\"https:\/\/abaa.mx\/tienda\/espectofotometro-para-medir-color-ys3060\/#breadcrumb\"},\"inLanguage\":\"es\",\"potentialAction\":[{\"@type\":\"ReadAction\",\"target\":[\"https:\/\/abaa.mx\/tienda\/espectofotometro-para-medir-color-ys3060\/\"]}]},{\"@type\":\"ImageObject\",\"inLanguage\":\"es\",\"@id\":\"https:\/\/abaa.mx\/tienda\/espectofotometro-para-medir-color-ys3060\/#primaryimage\",\"url\":\"https:\/\/abaa.mx\/tienda\/wp-content\/uploads\/2023\/10\/3NH-YS3060.jpg\",\"contentUrl\":\"https:\/\/abaa.mx\/tienda\/wp-content\/uploads\/2023\/10\/3NH-YS3060.jpg\",\"width\":599,\"height\":423,\"caption\":\"3NH-YS3060\"},{\"@type\":\"BreadcrumbList\",\"@id\":\"https:\/\/abaa.mx\/tienda\/espectofotometro-para-medir-color-ys3060\/#breadcrumb\",\"itemListElement\":[{\"@type\":\"ListItem\",\"position\":1,\"name\":\"Inicio\",\"item\":\"https:\/\/abaa.mx\/tienda\/\"},{\"@type\":\"ListItem\",\"position\":2,\"name\":\"Tienda\",\"item\":\"https:\/\/abaa.mx\/tienda\/\"},{\"@type\":\"ListItem\",\"position\":3,\"name\":\"Espectofot\u00f3metro para medir color &#8211; YS3060\"}]},{\"@type\":\"WebSite\",\"@id\":\"https:\/\/abaa.mx\/tienda\/#website\",\"url\":\"https:\/\/abaa.mx\/tienda\/\",\"name\":\"Abaa tienda online\",\"description\":\"Instrumentos de medici\u00f3n\",\"publisher\":{\"@id\":\"https:\/\/abaa.mx\/tienda\/#organization\"},\"potentialAction\":[{\"@type\":\"SearchAction\",\"target\":{\"@type\":\"EntryPoint\",\"urlTemplate\":\"https:\/\/abaa.mx\/tienda\/?s={search_term_string}\"},\"query-input\":{\"@type\":\"PropertyValueSpecification\",\"valueRequired\":true,\"valueName\":\"search_term_string\"}}],\"inLanguage\":\"es\"},{\"@type\":\"Organization\",\"@id\":\"https:\/\/abaa.mx\/tienda\/#organization\",\"name\":\"Abaa tienda online\",\"url\":\"https:\/\/abaa.mx\/tienda\/\",\"logo\":{\"@type\":\"ImageObject\",\"inLanguage\":\"es\",\"@id\":\"https:\/\/abaa.mx\/tienda\/#\/schema\/logo\/image\/\",\"url\":\"https:\/\/abaa.mx\/tienda\/wp-content\/uploads\/2024\/01\/abaa-metrologia-tienda.png\",\"contentUrl\":\"https:\/\/abaa.mx\/tienda\/wp-content\/uploads\/2024\/01\/abaa-metrologia-tienda.png\",\"width\":300,\"height\":141,\"caption\":\"Abaa tienda online\"},\"image\":{\"@id\":\"https:\/\/abaa.mx\/tienda\/#\/schema\/logo\/image\/\"}}]}<\/script>\n<!-- \/ Yoast SEO plugin. -->","yoast_head_json":{"title":"Espectofot\u00f3metro para medir color - YS3060 - Abaa tienda online","robots":{"index":"index","follow":"follow","max-snippet":"max-snippet:-1","max-image-preview":"max-image-preview:large","max-video-preview":"max-video-preview:-1"},"canonical":"https:\/\/abaa.mx\/tienda\/espectofotometro-para-medir-color-ys3060\/","og_locale":"es_MX","og_type":"article","og_title":"Espectofot\u00f3metro para medir color - YS3060 - Abaa tienda online","og_description":"Caracter\u00edsticas:   Combinaci\u00f3n perfecta de aspecto hermoso y el diseno estructural de la mec\u00e1nica del cuerpo humano;  Placa de calibraci\u00f3n blanca est\u00e1ndar resistente a las manchas y estable a la suciedad;  Amplio espacio de almacenamiento de capacidad, m\u00e1s de 20,000 datos de medici\u00f3n;  Medir los espectros de muestra, datos de laboratorio precisos, se pueden usar en la coincidencia de colores y la transmisi\u00f3n precisa del color;  Configuraci\u00f3n de hardware F.High electr\u00f3nico: pantalla LCD TFT a color de 3,5 pulgadas, pantalla t\u00e1ctil capacitiva, rejilla c\u00f3ncava, 256  matrices dobles de elemento de imagen CMOS Sensor de imagen;USB \/ Bluetooth 2.1, modo dual, ampliamente \u00fatil;  \u00d3ptica geom\u00e9trica B.D \/ 8, conforme con CIE No.15, GB \/ T 3978, GB2893, GB \/ T 18833, ISO7724 \/ 1, ASTM E1164, DIN5033 Teil  Dos \u00e1ngulos de observador est\u00e1ndar, una variedad de iluminantes, una variedad de \u00edndices de color, se ajusta a una variedad de datos  Utilice una fuente de luz LED combinada de larga duraci\u00f3n y bajo consumo de energ\u00eda, incluyendo UV \/ excluyendo UV;  colorim\u00e9tricos est\u00e1ndar, satisfacen una gran variedad de demandas de los clientes para la medici\u00f3n del color;  Apertura de ?8 \/ 4mm, se adapta a m\u00e1s muestras; soportar SCI y SCE al mismo tiempo;  Funci\u00f3n de localizaci\u00f3n de la c\u00e1mara, mejor posici\u00f3n; el software .PC tiene una poderosa extensi\u00f3n de funci\u00f3n.    Elementos modelo YS3060     geometr\u00eda \u00f3ptica Reflect: di:8\u00b0, de:8\u00b0(iluminaci\u00f3n difusa, \u00e1ngulo de visi\u00f3n de 8 grados)   Tama\u00f1o de la esfera integradora 48 mm   Fuente de luz Luz LED combinada, luz UV     rejilla c\u00f3ncava   Sensor Sensor de imagen CMOS de matriz doble de 256 elementos de imagen   Rango de onda 400-700nm   Intervalo de longitud de onda 10nm   Ancho de semibanda 10nm   Rango de reflectancia medido 0-200%   Apertura de medici\u00f3n Doble apertura: 10 mm\/8 mm y 5 mm\/4 mm      SCI&amp;SCE   Espacio de color Laboratorio CIE, XYZ, Yxy, LCh, CIE LUV, Hunter LAB   F\u00f3rmula de diferencia de color \u0394E*ab, \u0394E*uv, \u0394E*94, \u0394E*cmc(2:1), \u0394E*cmc(1:1), \u0394E*00v, \u0394E(Cazador)   Otro \u00edndice colorim\u00e9trico WI (ASTM E313, CIE\/ISO, AATCC, Hunter),  YI (ASTM D1925, ASTM 313), TI (ASTM E313, CIE\/ISO),  \u00cdndice de metamerismo MI, solidez a la tinci\u00f3n, solidez del color, intensidad del color, opacidad, 8\u00b0 de brillo   \u00c1ngulo del observador 2\u00b0\/10\u00b0   Iluminante D65, A, C, D50, D55, D75, F1, F2, F3, F4, F5, F6, F7, F8, F9, F10, F11, F12      Espectrograma\/Valores, Valores de cromaticidad de muestras, Valores de diferencia de color\/Gr\u00e1fico, Resultado PASA\/FALLA, Compensaci\u00f3n de color   Midiendo el tiempo 2,6 s   Repetibilidad VAM\/SCI: \u0394E*\u22640.03      VAM\/SCI: \u0394E*\u22640,15      Medici\u00f3n \u00fanica, Medici\u00f3n promedio   M\u00e9todo de localizaci\u00f3n Localizaci\u00f3n del visor de la c\u00e1mara   Bater\u00eda Bater\u00eda de iones de litio.\u00a05000 mediciones en 8 horas   Dimensi\u00f3n L*An*Al=184*77*105mm   Peso 600g   Vida \u00fatil iluminante 5 a\u00f1os, m\u00e1s de 3 millones de veces las mediciones   Mostrar LCD a color TFT de 3,5 pulgadas, pantalla t\u00e1ctil capacitiva   Puerto de datos USB Bluetooth 4.0    Almacenamiento de datos Est\u00e1ndar 2000 piezas, muestra 20000 piezas   Idioma ingl\u00e9s, chino   Entorno operativo 0~40\u2103, 0~85%RH (sin condensaci\u00f3n), Altitud &lt; 2000m   Entorno de almacenamiento -20~50\u2103, 0~85%HR (sin condensaci\u00f3n)   Accesorio est\u00e1ndar Adaptador de corriente, bater\u00eda de iones de litio integrada, gu\u00eda del usuario, software para PC, cavidad de calibraci\u00f3n blanca y negra, cubierta antipolvo   Accesorio opcional Micro impresora, caja de prueba de polvo   Notas: Las especificaciones est\u00e1n sujetas a cambios sin previo aviso.","og_url":"https:\/\/abaa.mx\/tienda\/espectofotometro-para-medir-color-ys3060\/","og_site_name":"Abaa tienda online","og_image":[{"width":599,"height":423,"url":"https:\/\/abaa.mx\/tienda\/wp-content\/uploads\/2023\/10\/3NH-YS3060.jpg","type":"image\/jpeg"}],"twitter_card":"summary_large_image","twitter_misc":{"Tiempo de lectura":"1 minuto"},"schema":{"@context":"https:\/\/schema.org","@graph":[{"@type":"WebPage","@id":"https:\/\/abaa.mx\/tienda\/espectofotometro-para-medir-color-ys3060\/","url":"https:\/\/abaa.mx\/tienda\/espectofotometro-para-medir-color-ys3060\/","name":"Espectofot\u00f3metro para medir color - YS3060 - Abaa tienda online","isPartOf":{"@id":"https:\/\/abaa.mx\/tienda\/#website"},"primaryImageOfPage":{"@id":"https:\/\/abaa.mx\/tienda\/espectofotometro-para-medir-color-ys3060\/#primaryimage"},"image":{"@id":"https:\/\/abaa.mx\/tienda\/espectofotometro-para-medir-color-ys3060\/#primaryimage"},"thumbnailUrl":"https:\/\/abaa.mx\/tienda\/wp-content\/uploads\/2023\/10\/3NH-YS3060.jpg","datePublished":"2023-10-31T20:51:34+00:00","breadcrumb":{"@id":"https:\/\/abaa.mx\/tienda\/espectofotometro-para-medir-color-ys3060\/#breadcrumb"},"inLanguage":"es","potentialAction":[{"@type":"ReadAction","target":["https:\/\/abaa.mx\/tienda\/espectofotometro-para-medir-color-ys3060\/"]}]},{"@type":"ImageObject","inLanguage":"es","@id":"https:\/\/abaa.mx\/tienda\/espectofotometro-para-medir-color-ys3060\/#primaryimage","url":"https:\/\/abaa.mx\/tienda\/wp-content\/uploads\/2023\/10\/3NH-YS3060.jpg","contentUrl":"https:\/\/abaa.mx\/tienda\/wp-content\/uploads\/2023\/10\/3NH-YS3060.jpg","width":599,"height":423,"caption":"3NH-YS3060"},{"@type":"BreadcrumbList","@id":"https:\/\/abaa.mx\/tienda\/espectofotometro-para-medir-color-ys3060\/#breadcrumb","itemListElement":[{"@type":"ListItem","position":1,"name":"Inicio","item":"https:\/\/abaa.mx\/tienda\/"},{"@type":"ListItem","position":2,"name":"Tienda","item":"https:\/\/abaa.mx\/tienda\/"},{"@type":"ListItem","position":3,"name":"Espectofot\u00f3metro para medir color &#8211; YS3060"}]},{"@type":"WebSite","@id":"https:\/\/abaa.mx\/tienda\/#website","url":"https:\/\/abaa.mx\/tienda\/","name":"Abaa tienda online","description":"Instrumentos de medici\u00f3n","publisher":{"@id":"https:\/\/abaa.mx\/tienda\/#organization"},"potentialAction":[{"@type":"SearchAction","target":{"@type":"EntryPoint","urlTemplate":"https:\/\/abaa.mx\/tienda\/?s={search_term_string}"},"query-input":{"@type":"PropertyValueSpecification","valueRequired":true,"valueName":"search_term_string"}}],"inLanguage":"es"},{"@type":"Organization","@id":"https:\/\/abaa.mx\/tienda\/#organization","name":"Abaa tienda online","url":"https:\/\/abaa.mx\/tienda\/","logo":{"@type":"ImageObject","inLanguage":"es","@id":"https:\/\/abaa.mx\/tienda\/#\/schema\/logo\/image\/","url":"https:\/\/abaa.mx\/tienda\/wp-content\/uploads\/2024\/01\/abaa-metrologia-tienda.png","contentUrl":"https:\/\/abaa.mx\/tienda\/wp-content\/uploads\/2024\/01\/abaa-metrologia-tienda.png","width":300,"height":141,"caption":"Abaa tienda online"},"image":{"@id":"https:\/\/abaa.mx\/tienda\/#\/schema\/logo\/image\/"}}]}},"_links":{"self":[{"href":"https:\/\/abaa.mx\/tienda\/wp-json\/wp\/v2\/product\/8334","targetHints":{"allow":["GET"]}}],"collection":[{"href":"https:\/\/abaa.mx\/tienda\/wp-json\/wp\/v2\/product"}],"about":[{"href":"https:\/\/abaa.mx\/tienda\/wp-json\/wp\/v2\/types\/product"}],"replies":[{"embeddable":true,"href":"https:\/\/abaa.mx\/tienda\/wp-json\/wp\/v2\/comments?post=8334"}],"wp:featuredmedia":[{"embeddable":true,"href":"https:\/\/abaa.mx\/tienda\/wp-json\/wp\/v2\/media\/8338"}],"wp:attachment":[{"href":"https:\/\/abaa.mx\/tienda\/wp-json\/wp\/v2\/media?parent=8334"}],"wp:term":[{"taxonomy":"product_brand","embeddable":true,"href":"https:\/\/abaa.mx\/tienda\/wp-json\/wp\/v2\/product_brand?post=8334"},{"taxonomy":"product_cat","embeddable":true,"href":"https:\/\/abaa.mx\/tienda\/wp-json\/wp\/v2\/product_cat?post=8334"},{"taxonomy":"product_tag","embeddable":true,"href":"https:\/\/abaa.mx\/tienda\/wp-json\/wp\/v2\/product_tag?post=8334"}],"curies":[{"name":"wp","href":"https:\/\/api.w.org\/{rel}","templated":true}]}}