{"id":8323,"date":"2023-10-31T20:25:26","date_gmt":"2023-10-31T20:25:26","guid":{"rendered":"https:\/\/abaa.mx\/tienda\/?post_type=product&#038;p=8323"},"modified":"2023-12-01T20:29:03","modified_gmt":"2023-12-01T20:29:03","slug":"espectrofotometro-geometria-de-visualizacion-d-8-apertura-de-medicion-8-mm-3nh-ns810","status":"publish","type":"product","link":"https:\/\/abaa.mx\/tienda\/espectrofotometro-geometria-de-visualizacion-d-8-apertura-de-medicion-8-mm-3nh-ns810\/","title":{"rendered":"Espectrofot\u00f3metro, Geometr\u00eda de visualizaci\u00f3n: D-8 Apertura de medici\u00f3n 8 mm, 3NH &#8211; NS810"},"content":{"rendered":"<p>Espectrofot\u00f3metro, Geometr\u00eda de visualizaci\u00f3n: D\/8 Apertura de medici\u00f3n 8 mm, 3NH &#8211; NS810<\/p>\n","protected":false},"excerpt":{"rendered":"<p><b>Caracter\u00edsticas del producto:<\/b><\/p>\n<ul>\n<li>Esfera integradora de gran tamano, rayo de luz de homogeneizaci\u00f3n m\u00e1s efectivo.<\/li>\n<li>Pantalla de \u00e1ngulo oblicuo de 15 \u00b0, en l\u00ednea con la observaci\u00f3n del ojo humano.<\/li>\n<li>Visualice la frecuencia de reflectancia completa y el valor de LAB de entrada manualmente.<\/li>\n<li>La repetitividad ?E * ab est\u00e1 dentro de 0.04, los errores son menores que 0.2.<\/li>\n<li>Alta configuraci\u00f3n de hardware con varias tecnolog\u00edas innovadoras.<\/li>\n<li>2\u00ba \/ 10\u00ba grados de observaci\u00f3n, luces m\u00faltiples, muchos sistemas de color.<\/li>\n<li>Pantalla t\u00e1ctil capacitiva grande de 3.5 pulgadas, control t\u00e1ctil completamente funcional.<\/li>\n<li>Estructura NS810: D \/ 8 (iluminaci\u00f3n difusa, visi\u00f3n de 8 \u00b0).<\/li>\n<li>Software para PC con potentes funciones de extensi\u00f3n.<\/li>\n<li>Almacenamiento de gran capacidad, m\u00e1s de 15000 datos.<\/li>\n<\/ul>\n","protected":false},"featured_media":8331,"comment_status":"open","ping_status":"closed","template":"","meta":{"_joinchat":[]},"product_brand":[],"product_cat":[97],"product_tag":[],"class_list":{"0":"post-8323","1":"product","2":"type-product","3":"status-publish","4":"has-post-thumbnail","6":"product_cat-espectrofotometro","8":"first","9":"instock","10":"shipping-taxable","11":"product-type-simple"},"yoast_head":"<!-- This site is optimized with the Yoast SEO plugin v26.4 - https:\/\/yoast.com\/wordpress\/plugins\/seo\/ -->\n<title>Espectrofot\u00f3metro, Geometr\u00eda de visualizaci\u00f3n: D-8 Apertura de medici\u00f3n 8 mm, 3NH - NS810 - Abaa tienda online<\/title>\n<meta name=\"robots\" content=\"index, follow, max-snippet:-1, max-image-preview:large, max-video-preview:-1\" \/>\n<link rel=\"canonical\" href=\"https:\/\/abaa.mx\/tienda\/espectrofotometro-geometria-de-visualizacion-d-8-apertura-de-medicion-8-mm-3nh-ns810\/\" \/>\n<meta property=\"og:locale\" content=\"es_MX\" \/>\n<meta property=\"og:type\" content=\"article\" \/>\n<meta property=\"og:title\" content=\"Espectrofot\u00f3metro, Geometr\u00eda de visualizaci\u00f3n: D-8 Apertura de medici\u00f3n 8 mm, 3NH - NS810 - Abaa tienda online\" \/>\n<meta property=\"og:description\" content=\"Caracter\u00edsticas del producto:   Esfera integradora de gran tamano, rayo de luz de homogeneizaci\u00f3n m\u00e1s efectivo.  Pantalla de \u00e1ngulo oblicuo de 15 \u00b0, en l\u00ednea con la observaci\u00f3n del ojo humano.  Visualice la frecuencia de reflectancia completa y el valor de LAB de entrada manualmente.  La repetitividad ?E * ab est\u00e1 dentro de 0.04, los errores son menores que 0.2.  Alta configuraci\u00f3n de hardware con varias tecnolog\u00edas innovadoras.  2\u00ba \/ 10\u00ba grados de observaci\u00f3n, luces m\u00faltiples, muchos sistemas de color.  Pantalla t\u00e1ctil capacitiva grande de 3.5 pulgadas, control t\u00e1ctil completamente funcional.  Estructura NS810: D \/ 8 (iluminaci\u00f3n difusa, visi\u00f3n de 8 \u00b0).  Software para PC con potentes funciones de extensi\u00f3n.  Almacenamiento de gran capacidad, m\u00e1s de 15000 datos.\" \/>\n<meta property=\"og:url\" content=\"https:\/\/abaa.mx\/tienda\/espectrofotometro-geometria-de-visualizacion-d-8-apertura-de-medicion-8-mm-3nh-ns810\/\" \/>\n<meta property=\"og:site_name\" content=\"Abaa tienda online\" \/>\n<meta property=\"article:modified_time\" content=\"2023-12-01T20:29:03+00:00\" \/>\n<meta property=\"og:image\" content=\"https:\/\/abaa.mx\/tienda\/wp-content\/uploads\/2023\/10\/3NH-NS810.jpg\" \/>\n\t<meta property=\"og:image:width\" content=\"450\" \/>\n\t<meta property=\"og:image:height\" content=\"413\" \/>\n\t<meta property=\"og:image:type\" content=\"image\/jpeg\" \/>\n<meta name=\"twitter:card\" content=\"summary_large_image\" \/>\n<meta name=\"twitter:label1\" content=\"Tiempo de lectura\" \/>\n\t<meta name=\"twitter:data1\" content=\"1 minuto\" \/>\n<script type=\"application\/ld+json\" class=\"yoast-schema-graph\">{\"@context\":\"https:\/\/schema.org\",\"@graph\":[{\"@type\":\"WebPage\",\"@id\":\"https:\/\/abaa.mx\/tienda\/espectrofotometro-geometria-de-visualizacion-d-8-apertura-de-medicion-8-mm-3nh-ns810\/\",\"url\":\"https:\/\/abaa.mx\/tienda\/espectrofotometro-geometria-de-visualizacion-d-8-apertura-de-medicion-8-mm-3nh-ns810\/\",\"name\":\"Espectrofot\u00f3metro, Geometr\u00eda de visualizaci\u00f3n: D-8 Apertura de medici\u00f3n 8 mm, 3NH - NS810 - Abaa tienda online\",\"isPartOf\":{\"@id\":\"https:\/\/abaa.mx\/tienda\/#website\"},\"primaryImageOfPage\":{\"@id\":\"https:\/\/abaa.mx\/tienda\/espectrofotometro-geometria-de-visualizacion-d-8-apertura-de-medicion-8-mm-3nh-ns810\/#primaryimage\"},\"image\":{\"@id\":\"https:\/\/abaa.mx\/tienda\/espectrofotometro-geometria-de-visualizacion-d-8-apertura-de-medicion-8-mm-3nh-ns810\/#primaryimage\"},\"thumbnailUrl\":\"https:\/\/abaa.mx\/tienda\/wp-content\/uploads\/2023\/10\/3NH-NS810.jpg\",\"datePublished\":\"2023-10-31T20:25:26+00:00\",\"dateModified\":\"2023-12-01T20:29:03+00:00\",\"breadcrumb\":{\"@id\":\"https:\/\/abaa.mx\/tienda\/espectrofotometro-geometria-de-visualizacion-d-8-apertura-de-medicion-8-mm-3nh-ns810\/#breadcrumb\"},\"inLanguage\":\"es\",\"potentialAction\":[{\"@type\":\"ReadAction\",\"target\":[\"https:\/\/abaa.mx\/tienda\/espectrofotometro-geometria-de-visualizacion-d-8-apertura-de-medicion-8-mm-3nh-ns810\/\"]}]},{\"@type\":\"ImageObject\",\"inLanguage\":\"es\",\"@id\":\"https:\/\/abaa.mx\/tienda\/espectrofotometro-geometria-de-visualizacion-d-8-apertura-de-medicion-8-mm-3nh-ns810\/#primaryimage\",\"url\":\"https:\/\/abaa.mx\/tienda\/wp-content\/uploads\/2023\/10\/3NH-NS810.jpg\",\"contentUrl\":\"https:\/\/abaa.mx\/tienda\/wp-content\/uploads\/2023\/10\/3NH-NS810.jpg\",\"width\":450,\"height\":413,\"caption\":\"3NH-NS810\"},{\"@type\":\"BreadcrumbList\",\"@id\":\"https:\/\/abaa.mx\/tienda\/espectrofotometro-geometria-de-visualizacion-d-8-apertura-de-medicion-8-mm-3nh-ns810\/#breadcrumb\",\"itemListElement\":[{\"@type\":\"ListItem\",\"position\":1,\"name\":\"Inicio\",\"item\":\"https:\/\/abaa.mx\/tienda\/\"},{\"@type\":\"ListItem\",\"position\":2,\"name\":\"Tienda\",\"item\":\"https:\/\/abaa.mx\/tienda\/\"},{\"@type\":\"ListItem\",\"position\":3,\"name\":\"Espectrofot\u00f3metro, Geometr\u00eda de visualizaci\u00f3n: D-8 Apertura de medici\u00f3n 8 mm, 3NH &#8211; NS810\"}]},{\"@type\":\"WebSite\",\"@id\":\"https:\/\/abaa.mx\/tienda\/#website\",\"url\":\"https:\/\/abaa.mx\/tienda\/\",\"name\":\"Abaa tienda online\",\"description\":\"Instrumentos de medici\u00f3n\",\"publisher\":{\"@id\":\"https:\/\/abaa.mx\/tienda\/#organization\"},\"potentialAction\":[{\"@type\":\"SearchAction\",\"target\":{\"@type\":\"EntryPoint\",\"urlTemplate\":\"https:\/\/abaa.mx\/tienda\/?s={search_term_string}\"},\"query-input\":{\"@type\":\"PropertyValueSpecification\",\"valueRequired\":true,\"valueName\":\"search_term_string\"}}],\"inLanguage\":\"es\"},{\"@type\":\"Organization\",\"@id\":\"https:\/\/abaa.mx\/tienda\/#organization\",\"name\":\"Abaa tienda online\",\"url\":\"https:\/\/abaa.mx\/tienda\/\",\"logo\":{\"@type\":\"ImageObject\",\"inLanguage\":\"es\",\"@id\":\"https:\/\/abaa.mx\/tienda\/#\/schema\/logo\/image\/\",\"url\":\"https:\/\/abaa.mx\/tienda\/wp-content\/uploads\/2024\/01\/abaa-metrologia-tienda.png\",\"contentUrl\":\"https:\/\/abaa.mx\/tienda\/wp-content\/uploads\/2024\/01\/abaa-metrologia-tienda.png\",\"width\":300,\"height\":141,\"caption\":\"Abaa tienda online\"},\"image\":{\"@id\":\"https:\/\/abaa.mx\/tienda\/#\/schema\/logo\/image\/\"}}]}<\/script>\n<!-- \/ Yoast SEO plugin. -->","yoast_head_json":{"title":"Espectrofot\u00f3metro, Geometr\u00eda de visualizaci\u00f3n: D-8 Apertura de medici\u00f3n 8 mm, 3NH - NS810 - Abaa tienda online","robots":{"index":"index","follow":"follow","max-snippet":"max-snippet:-1","max-image-preview":"max-image-preview:large","max-video-preview":"max-video-preview:-1"},"canonical":"https:\/\/abaa.mx\/tienda\/espectrofotometro-geometria-de-visualizacion-d-8-apertura-de-medicion-8-mm-3nh-ns810\/","og_locale":"es_MX","og_type":"article","og_title":"Espectrofot\u00f3metro, Geometr\u00eda de visualizaci\u00f3n: D-8 Apertura de medici\u00f3n 8 mm, 3NH - NS810 - Abaa tienda online","og_description":"Caracter\u00edsticas del producto:   Esfera integradora de gran tamano, rayo de luz de homogeneizaci\u00f3n m\u00e1s efectivo.  Pantalla de \u00e1ngulo oblicuo de 15 \u00b0, en l\u00ednea con la observaci\u00f3n del ojo humano.  Visualice la frecuencia de reflectancia completa y el valor de LAB de entrada manualmente.  La repetitividad ?E * ab est\u00e1 dentro de 0.04, los errores son menores que 0.2.  Alta configuraci\u00f3n de hardware con varias tecnolog\u00edas innovadoras.  2\u00ba \/ 10\u00ba grados de observaci\u00f3n, luces m\u00faltiples, muchos sistemas de color.  Pantalla t\u00e1ctil capacitiva grande de 3.5 pulgadas, control t\u00e1ctil completamente funcional.  Estructura NS810: D \/ 8 (iluminaci\u00f3n difusa, visi\u00f3n de 8 \u00b0).  Software para PC con potentes funciones de extensi\u00f3n.  Almacenamiento de gran capacidad, m\u00e1s de 15000 datos.","og_url":"https:\/\/abaa.mx\/tienda\/espectrofotometro-geometria-de-visualizacion-d-8-apertura-de-medicion-8-mm-3nh-ns810\/","og_site_name":"Abaa tienda online","article_modified_time":"2023-12-01T20:29:03+00:00","og_image":[{"width":450,"height":413,"url":"https:\/\/abaa.mx\/tienda\/wp-content\/uploads\/2023\/10\/3NH-NS810.jpg","type":"image\/jpeg"}],"twitter_card":"summary_large_image","twitter_misc":{"Tiempo de lectura":"1 minuto"},"schema":{"@context":"https:\/\/schema.org","@graph":[{"@type":"WebPage","@id":"https:\/\/abaa.mx\/tienda\/espectrofotometro-geometria-de-visualizacion-d-8-apertura-de-medicion-8-mm-3nh-ns810\/","url":"https:\/\/abaa.mx\/tienda\/espectrofotometro-geometria-de-visualizacion-d-8-apertura-de-medicion-8-mm-3nh-ns810\/","name":"Espectrofot\u00f3metro, Geometr\u00eda de visualizaci\u00f3n: D-8 Apertura de medici\u00f3n 8 mm, 3NH - NS810 - Abaa tienda online","isPartOf":{"@id":"https:\/\/abaa.mx\/tienda\/#website"},"primaryImageOfPage":{"@id":"https:\/\/abaa.mx\/tienda\/espectrofotometro-geometria-de-visualizacion-d-8-apertura-de-medicion-8-mm-3nh-ns810\/#primaryimage"},"image":{"@id":"https:\/\/abaa.mx\/tienda\/espectrofotometro-geometria-de-visualizacion-d-8-apertura-de-medicion-8-mm-3nh-ns810\/#primaryimage"},"thumbnailUrl":"https:\/\/abaa.mx\/tienda\/wp-content\/uploads\/2023\/10\/3NH-NS810.jpg","datePublished":"2023-10-31T20:25:26+00:00","dateModified":"2023-12-01T20:29:03+00:00","breadcrumb":{"@id":"https:\/\/abaa.mx\/tienda\/espectrofotometro-geometria-de-visualizacion-d-8-apertura-de-medicion-8-mm-3nh-ns810\/#breadcrumb"},"inLanguage":"es","potentialAction":[{"@type":"ReadAction","target":["https:\/\/abaa.mx\/tienda\/espectrofotometro-geometria-de-visualizacion-d-8-apertura-de-medicion-8-mm-3nh-ns810\/"]}]},{"@type":"ImageObject","inLanguage":"es","@id":"https:\/\/abaa.mx\/tienda\/espectrofotometro-geometria-de-visualizacion-d-8-apertura-de-medicion-8-mm-3nh-ns810\/#primaryimage","url":"https:\/\/abaa.mx\/tienda\/wp-content\/uploads\/2023\/10\/3NH-NS810.jpg","contentUrl":"https:\/\/abaa.mx\/tienda\/wp-content\/uploads\/2023\/10\/3NH-NS810.jpg","width":450,"height":413,"caption":"3NH-NS810"},{"@type":"BreadcrumbList","@id":"https:\/\/abaa.mx\/tienda\/espectrofotometro-geometria-de-visualizacion-d-8-apertura-de-medicion-8-mm-3nh-ns810\/#breadcrumb","itemListElement":[{"@type":"ListItem","position":1,"name":"Inicio","item":"https:\/\/abaa.mx\/tienda\/"},{"@type":"ListItem","position":2,"name":"Tienda","item":"https:\/\/abaa.mx\/tienda\/"},{"@type":"ListItem","position":3,"name":"Espectrofot\u00f3metro, Geometr\u00eda de visualizaci\u00f3n: D-8 Apertura de medici\u00f3n 8 mm, 3NH &#8211; NS810"}]},{"@type":"WebSite","@id":"https:\/\/abaa.mx\/tienda\/#website","url":"https:\/\/abaa.mx\/tienda\/","name":"Abaa tienda online","description":"Instrumentos de medici\u00f3n","publisher":{"@id":"https:\/\/abaa.mx\/tienda\/#organization"},"potentialAction":[{"@type":"SearchAction","target":{"@type":"EntryPoint","urlTemplate":"https:\/\/abaa.mx\/tienda\/?s={search_term_string}"},"query-input":{"@type":"PropertyValueSpecification","valueRequired":true,"valueName":"search_term_string"}}],"inLanguage":"es"},{"@type":"Organization","@id":"https:\/\/abaa.mx\/tienda\/#organization","name":"Abaa tienda online","url":"https:\/\/abaa.mx\/tienda\/","logo":{"@type":"ImageObject","inLanguage":"es","@id":"https:\/\/abaa.mx\/tienda\/#\/schema\/logo\/image\/","url":"https:\/\/abaa.mx\/tienda\/wp-content\/uploads\/2024\/01\/abaa-metrologia-tienda.png","contentUrl":"https:\/\/abaa.mx\/tienda\/wp-content\/uploads\/2024\/01\/abaa-metrologia-tienda.png","width":300,"height":141,"caption":"Abaa tienda online"},"image":{"@id":"https:\/\/abaa.mx\/tienda\/#\/schema\/logo\/image\/"}}]}},"_links":{"self":[{"href":"https:\/\/abaa.mx\/tienda\/wp-json\/wp\/v2\/product\/8323","targetHints":{"allow":["GET"]}}],"collection":[{"href":"https:\/\/abaa.mx\/tienda\/wp-json\/wp\/v2\/product"}],"about":[{"href":"https:\/\/abaa.mx\/tienda\/wp-json\/wp\/v2\/types\/product"}],"replies":[{"embeddable":true,"href":"https:\/\/abaa.mx\/tienda\/wp-json\/wp\/v2\/comments?post=8323"}],"wp:featuredmedia":[{"embeddable":true,"href":"https:\/\/abaa.mx\/tienda\/wp-json\/wp\/v2\/media\/8331"}],"wp:attachment":[{"href":"https:\/\/abaa.mx\/tienda\/wp-json\/wp\/v2\/media?parent=8323"}],"wp:term":[{"taxonomy":"product_brand","embeddable":true,"href":"https:\/\/abaa.mx\/tienda\/wp-json\/wp\/v2\/product_brand?post=8323"},{"taxonomy":"product_cat","embeddable":true,"href":"https:\/\/abaa.mx\/tienda\/wp-json\/wp\/v2\/product_cat?post=8323"},{"taxonomy":"product_tag","embeddable":true,"href":"https:\/\/abaa.mx\/tienda\/wp-json\/wp\/v2\/product_tag?post=8323"}],"curies":[{"name":"wp","href":"https:\/\/api.w.org\/{rel}","templated":true}]}}