{"id":831,"date":"2020-10-06T23:42:45","date_gmt":"2020-10-06T23:42:45","guid":{"rendered":"https:\/\/abaa.mx\/tienda\/?post_type=product&#038;p=831"},"modified":"2021-04-08T17:07:28","modified_gmt":"2021-04-08T17:07:28","slug":"anemometro-avaly-lm-8010","status":"publish","type":"product","link":"https:\/\/abaa.mx\/tienda\/anemometro-avaly-lm-8010\/","title":{"rendered":"Anem\u00f3metro Avaly LM-8010"},"content":{"rendered":"<p>Caracter\u00edsticas de anem\u00f3metro Avaly LM-8010<\/p>\n<table>\n<tbody>\n<tr>\n<td width=\"599\">Lectura.<\/td>\n<\/tr>\n<tr>\n<td width=\"599\">Digital.<\/td>\n<\/tr>\n<tr>\n<td width=\"599\">Pantalla.<\/td>\n<\/tr>\n<tr>\n<td width=\"599\">LCD.<\/td>\n<\/tr>\n<tr>\n<td width=\"599\">Material.<\/td>\n<\/tr>\n<tr>\n<td width=\"599\">Pl\u00e1stico.<\/td>\n<\/tr>\n<\/tbody>\n<\/table>\n","protected":false},"excerpt":{"rendered":"<p>El anem\u00f3metro es un instrumento utilizado ya que este mide la velocidad instant\u00e1nea del viento se conforma de una estructura es de peso ligero, dise\u00f1ado para f\u00e1cil manejo, baja fricci\u00f3n del balero, alta precisi\u00f3n en velocidades de aire altas y bajas, sensor de luz de filtro de correcci\u00f3n de color, sensor de alta precisi\u00f3n de humedad con tiempo de respuesta r\u00e1pida, es momento de utilizarlo.<\/p>\n","protected":false},"featured_media":1144,"comment_status":"open","ping_status":"closed","template":"","meta":{"_joinchat":[]},"product_brand":[],"product_cat":[63],"product_tag":[],"class_list":{"0":"post-831","1":"product","2":"type-product","3":"status-publish","4":"has-post-thumbnail","6":"product_cat-anemometros","8":"first","9":"instock","10":"shipping-taxable","11":"product-type-simple"},"yoast_head":"<!-- This site is optimized with the Yoast SEO plugin v26.4 - https:\/\/yoast.com\/wordpress\/plugins\/seo\/ -->\n<title>Anem\u00f3metro Avaly LM-8010 - Abaa tienda online<\/title>\n<meta name=\"robots\" content=\"index, follow, max-snippet:-1, max-image-preview:large, max-video-preview:-1\" \/>\n<link rel=\"canonical\" href=\"https:\/\/abaa.mx\/tienda\/anemometro-avaly-lm-8010\/\" \/>\n<meta property=\"og:locale\" content=\"es_MX\" \/>\n<meta property=\"og:type\" content=\"article\" \/>\n<meta property=\"og:title\" content=\"Anem\u00f3metro Avaly LM-8010 - Abaa tienda online\" \/>\n<meta property=\"og:description\" content=\"El anem\u00f3metro es un instrumento utilizado ya que este mide la velocidad instant\u00e1nea del viento se conforma de una estructura es de peso ligero, dise\u00f1ado para f\u00e1cil manejo, baja fricci\u00f3n del balero, alta precisi\u00f3n en velocidades de aire altas y bajas, sensor de luz de filtro de correcci\u00f3n de color, sensor de alta precisi\u00f3n de humedad con tiempo de respuesta r\u00e1pida, es momento de utilizarlo.\" \/>\n<meta property=\"og:url\" content=\"https:\/\/abaa.mx\/tienda\/anemometro-avaly-lm-8010\/\" \/>\n<meta property=\"og:site_name\" content=\"Abaa tienda online\" \/>\n<meta property=\"article:modified_time\" content=\"2021-04-08T17:07:28+00:00\" \/>\n<meta property=\"og:image\" content=\"https:\/\/abaa.mx\/tienda\/wp-content\/uploads\/2020\/10\/Anemometro-Avaly-LM-8010.jpg\" \/>\n\t<meta property=\"og:image:width\" content=\"800\" \/>\n\t<meta property=\"og:image:height\" content=\"800\" \/>\n\t<meta property=\"og:image:type\" content=\"image\/jpeg\" \/>\n<meta name=\"twitter:card\" content=\"summary_large_image\" \/>\n<script type=\"application\/ld+json\" class=\"yoast-schema-graph\">{\"@context\":\"https:\/\/schema.org\",\"@graph\":[{\"@type\":\"WebPage\",\"@id\":\"https:\/\/abaa.mx\/tienda\/anemometro-avaly-lm-8010\/\",\"url\":\"https:\/\/abaa.mx\/tienda\/anemometro-avaly-lm-8010\/\",\"name\":\"Anem\u00f3metro Avaly LM-8010 - Abaa tienda online\",\"isPartOf\":{\"@id\":\"https:\/\/abaa.mx\/tienda\/#website\"},\"primaryImageOfPage\":{\"@id\":\"https:\/\/abaa.mx\/tienda\/anemometro-avaly-lm-8010\/#primaryimage\"},\"image\":{\"@id\":\"https:\/\/abaa.mx\/tienda\/anemometro-avaly-lm-8010\/#primaryimage\"},\"thumbnailUrl\":\"https:\/\/abaa.mx\/tienda\/wp-content\/uploads\/2020\/10\/Anemometro-Avaly-LM-8010.jpg\",\"datePublished\":\"2020-10-06T23:42:45+00:00\",\"dateModified\":\"2021-04-08T17:07:28+00:00\",\"breadcrumb\":{\"@id\":\"https:\/\/abaa.mx\/tienda\/anemometro-avaly-lm-8010\/#breadcrumb\"},\"inLanguage\":\"es\",\"potentialAction\":[{\"@type\":\"ReadAction\",\"target\":[\"https:\/\/abaa.mx\/tienda\/anemometro-avaly-lm-8010\/\"]}]},{\"@type\":\"ImageObject\",\"inLanguage\":\"es\",\"@id\":\"https:\/\/abaa.mx\/tienda\/anemometro-avaly-lm-8010\/#primaryimage\",\"url\":\"https:\/\/abaa.mx\/tienda\/wp-content\/uploads\/2020\/10\/Anemometro-Avaly-LM-8010.jpg\",\"contentUrl\":\"https:\/\/abaa.mx\/tienda\/wp-content\/uploads\/2020\/10\/Anemometro-Avaly-LM-8010.jpg\",\"width\":800,\"height\":800,\"caption\":\"Anem\u00f3metro Avaly LM-8010\"},{\"@type\":\"BreadcrumbList\",\"@id\":\"https:\/\/abaa.mx\/tienda\/anemometro-avaly-lm-8010\/#breadcrumb\",\"itemListElement\":[{\"@type\":\"ListItem\",\"position\":1,\"name\":\"Inicio\",\"item\":\"https:\/\/abaa.mx\/tienda\/\"},{\"@type\":\"ListItem\",\"position\":2,\"name\":\"Tienda\",\"item\":\"https:\/\/abaa.mx\/tienda\/\"},{\"@type\":\"ListItem\",\"position\":3,\"name\":\"Anem\u00f3metro Avaly LM-8010\"}]},{\"@type\":\"WebSite\",\"@id\":\"https:\/\/abaa.mx\/tienda\/#website\",\"url\":\"https:\/\/abaa.mx\/tienda\/\",\"name\":\"Abaa tienda online\",\"description\":\"Instrumentos de medici\u00f3n\",\"publisher\":{\"@id\":\"https:\/\/abaa.mx\/tienda\/#organization\"},\"potentialAction\":[{\"@type\":\"SearchAction\",\"target\":{\"@type\":\"EntryPoint\",\"urlTemplate\":\"https:\/\/abaa.mx\/tienda\/?s={search_term_string}\"},\"query-input\":{\"@type\":\"PropertyValueSpecification\",\"valueRequired\":true,\"valueName\":\"search_term_string\"}}],\"inLanguage\":\"es\"},{\"@type\":\"Organization\",\"@id\":\"https:\/\/abaa.mx\/tienda\/#organization\",\"name\":\"Abaa tienda online\",\"url\":\"https:\/\/abaa.mx\/tienda\/\",\"logo\":{\"@type\":\"ImageObject\",\"inLanguage\":\"es\",\"@id\":\"https:\/\/abaa.mx\/tienda\/#\/schema\/logo\/image\/\",\"url\":\"https:\/\/abaa.mx\/tienda\/wp-content\/uploads\/2024\/01\/abaa-metrologia-tienda.png\",\"contentUrl\":\"https:\/\/abaa.mx\/tienda\/wp-content\/uploads\/2024\/01\/abaa-metrologia-tienda.png\",\"width\":300,\"height\":141,\"caption\":\"Abaa tienda online\"},\"image\":{\"@id\":\"https:\/\/abaa.mx\/tienda\/#\/schema\/logo\/image\/\"}}]}<\/script>\n<!-- \/ Yoast SEO plugin. -->","yoast_head_json":{"title":"Anem\u00f3metro Avaly LM-8010 - Abaa tienda online","robots":{"index":"index","follow":"follow","max-snippet":"max-snippet:-1","max-image-preview":"max-image-preview:large","max-video-preview":"max-video-preview:-1"},"canonical":"https:\/\/abaa.mx\/tienda\/anemometro-avaly-lm-8010\/","og_locale":"es_MX","og_type":"article","og_title":"Anem\u00f3metro Avaly LM-8010 - Abaa tienda online","og_description":"El anem\u00f3metro es un instrumento utilizado ya que este mide la velocidad instant\u00e1nea del viento se conforma de una estructura es de peso ligero, dise\u00f1ado para f\u00e1cil manejo, baja fricci\u00f3n del balero, alta precisi\u00f3n en velocidades de aire altas y bajas, sensor de luz de filtro de correcci\u00f3n de color, sensor de alta precisi\u00f3n de humedad con tiempo de respuesta r\u00e1pida, es momento de utilizarlo.","og_url":"https:\/\/abaa.mx\/tienda\/anemometro-avaly-lm-8010\/","og_site_name":"Abaa tienda online","article_modified_time":"2021-04-08T17:07:28+00:00","og_image":[{"width":800,"height":800,"url":"https:\/\/abaa.mx\/tienda\/wp-content\/uploads\/2020\/10\/Anemometro-Avaly-LM-8010.jpg","type":"image\/jpeg"}],"twitter_card":"summary_large_image","schema":{"@context":"https:\/\/schema.org","@graph":[{"@type":"WebPage","@id":"https:\/\/abaa.mx\/tienda\/anemometro-avaly-lm-8010\/","url":"https:\/\/abaa.mx\/tienda\/anemometro-avaly-lm-8010\/","name":"Anem\u00f3metro Avaly LM-8010 - Abaa tienda online","isPartOf":{"@id":"https:\/\/abaa.mx\/tienda\/#website"},"primaryImageOfPage":{"@id":"https:\/\/abaa.mx\/tienda\/anemometro-avaly-lm-8010\/#primaryimage"},"image":{"@id":"https:\/\/abaa.mx\/tienda\/anemometro-avaly-lm-8010\/#primaryimage"},"thumbnailUrl":"https:\/\/abaa.mx\/tienda\/wp-content\/uploads\/2020\/10\/Anemometro-Avaly-LM-8010.jpg","datePublished":"2020-10-06T23:42:45+00:00","dateModified":"2021-04-08T17:07:28+00:00","breadcrumb":{"@id":"https:\/\/abaa.mx\/tienda\/anemometro-avaly-lm-8010\/#breadcrumb"},"inLanguage":"es","potentialAction":[{"@type":"ReadAction","target":["https:\/\/abaa.mx\/tienda\/anemometro-avaly-lm-8010\/"]}]},{"@type":"ImageObject","inLanguage":"es","@id":"https:\/\/abaa.mx\/tienda\/anemometro-avaly-lm-8010\/#primaryimage","url":"https:\/\/abaa.mx\/tienda\/wp-content\/uploads\/2020\/10\/Anemometro-Avaly-LM-8010.jpg","contentUrl":"https:\/\/abaa.mx\/tienda\/wp-content\/uploads\/2020\/10\/Anemometro-Avaly-LM-8010.jpg","width":800,"height":800,"caption":"Anem\u00f3metro Avaly LM-8010"},{"@type":"BreadcrumbList","@id":"https:\/\/abaa.mx\/tienda\/anemometro-avaly-lm-8010\/#breadcrumb","itemListElement":[{"@type":"ListItem","position":1,"name":"Inicio","item":"https:\/\/abaa.mx\/tienda\/"},{"@type":"ListItem","position":2,"name":"Tienda","item":"https:\/\/abaa.mx\/tienda\/"},{"@type":"ListItem","position":3,"name":"Anem\u00f3metro Avaly LM-8010"}]},{"@type":"WebSite","@id":"https:\/\/abaa.mx\/tienda\/#website","url":"https:\/\/abaa.mx\/tienda\/","name":"Abaa tienda online","description":"Instrumentos de medici\u00f3n","publisher":{"@id":"https:\/\/abaa.mx\/tienda\/#organization"},"potentialAction":[{"@type":"SearchAction","target":{"@type":"EntryPoint","urlTemplate":"https:\/\/abaa.mx\/tienda\/?s={search_term_string}"},"query-input":{"@type":"PropertyValueSpecification","valueRequired":true,"valueName":"search_term_string"}}],"inLanguage":"es"},{"@type":"Organization","@id":"https:\/\/abaa.mx\/tienda\/#organization","name":"Abaa tienda online","url":"https:\/\/abaa.mx\/tienda\/","logo":{"@type":"ImageObject","inLanguage":"es","@id":"https:\/\/abaa.mx\/tienda\/#\/schema\/logo\/image\/","url":"https:\/\/abaa.mx\/tienda\/wp-content\/uploads\/2024\/01\/abaa-metrologia-tienda.png","contentUrl":"https:\/\/abaa.mx\/tienda\/wp-content\/uploads\/2024\/01\/abaa-metrologia-tienda.png","width":300,"height":141,"caption":"Abaa tienda online"},"image":{"@id":"https:\/\/abaa.mx\/tienda\/#\/schema\/logo\/image\/"}}]}},"_links":{"self":[{"href":"https:\/\/abaa.mx\/tienda\/wp-json\/wp\/v2\/product\/831","targetHints":{"allow":["GET"]}}],"collection":[{"href":"https:\/\/abaa.mx\/tienda\/wp-json\/wp\/v2\/product"}],"about":[{"href":"https:\/\/abaa.mx\/tienda\/wp-json\/wp\/v2\/types\/product"}],"replies":[{"embeddable":true,"href":"https:\/\/abaa.mx\/tienda\/wp-json\/wp\/v2\/comments?post=831"}],"wp:featuredmedia":[{"embeddable":true,"href":"https:\/\/abaa.mx\/tienda\/wp-json\/wp\/v2\/media\/1144"}],"wp:attachment":[{"href":"https:\/\/abaa.mx\/tienda\/wp-json\/wp\/v2\/media?parent=831"}],"wp:term":[{"taxonomy":"product_brand","embeddable":true,"href":"https:\/\/abaa.mx\/tienda\/wp-json\/wp\/v2\/product_brand?post=831"},{"taxonomy":"product_cat","embeddable":true,"href":"https:\/\/abaa.mx\/tienda\/wp-json\/wp\/v2\/product_cat?post=831"},{"taxonomy":"product_tag","embeddable":true,"href":"https:\/\/abaa.mx\/tienda\/wp-json\/wp\/v2\/product_tag?post=831"}],"curies":[{"name":"wp","href":"https:\/\/api.w.org\/{rel}","templated":true}]}}