{"id":8309,"date":"2023-10-31T19:54:11","date_gmt":"2023-10-31T19:54:11","guid":{"rendered":"https:\/\/abaa.mx\/tienda\/?post_type=product&#038;p=8309"},"modified":"2023-10-31T19:54:11","modified_gmt":"2023-10-31T19:54:11","slug":"esclerometro-mecanico-ht225","status":"publish","type":"product","link":"https:\/\/abaa.mx\/tienda\/esclerometro-mecanico-ht225\/","title":{"rendered":"Esclerometro Mecanico HT225"},"content":{"rendered":"<p>Esclerometro Mecanico HT225<\/p>\n","protected":false},"excerpt":{"rendered":"<p>El escler\u00f3metro de simple manejo se utiliza fundamentalmente en el \u00e1mbito de la construcci\u00f3n, aparte de otros campos industriales (comprobaci\u00f3n de la dureza Wickel de la mercanc\u00eda en rollos. Este escler\u00f3metro en forma de martillo para comprobar el hormig\u00f3n se basa en el principio de medici\u00f3n de Schmidt. La comprobaci\u00f3n se efect\u00faa siempre y en todo momento bajo una misma energ\u00eda de prueba de 2207 J. La energ\u00eda cin\u00e9tica de rebote inicial viene dada en el escler\u00f3metro como una medida de la dureza del hormig\u00f3n, de la presi\u00f3n sobre la \u00e1rea o de la resistencia a la presi\u00f3n (kg\/cm\u00b2 o su conversi\u00f3n a N\/mm\u00b2). La calidad del hormig\u00f3n se valora principalmente por su resistencia a la presi\u00f3n, puesto que es un valor orientativo para revisar la capacidad de carga y la durabilidad de las construcciones de hormig\u00f3n.<\/p>\n<p><b>Par\u00e1metros:<\/b><\/p>\n<ul>\n<li>Energ\u00eda de impacto: 2.207J (0.225Kgf.m).<\/li>\n<li>Horizontal Bar Dots<\/li>\n<li>Golpe de martillo de rebote: 75mm.<\/li>\n<li>Gama de prueba: 10 ~ 60Mpa.<\/li>\n<\/ul>\n","protected":false},"featured_media":8319,"comment_status":"open","ping_status":"closed","template":"","meta":{"_joinchat":[]},"product_brand":[],"product_cat":[96],"product_tag":[],"class_list":{"0":"post-8309","1":"product","2":"type-product","3":"status-publish","4":"has-post-thumbnail","6":"product_cat-acelerometros","8":"first","9":"instock","10":"shipping-taxable","11":"product-type-simple"},"yoast_head":"<!-- This site is optimized with the Yoast SEO plugin v26.4 - https:\/\/yoast.com\/wordpress\/plugins\/seo\/ -->\n<title>Esclerometro Mecanico HT225 - Abaa tienda online<\/title>\n<meta name=\"robots\" content=\"index, follow, max-snippet:-1, max-image-preview:large, max-video-preview:-1\" \/>\n<link rel=\"canonical\" href=\"https:\/\/abaa.mx\/tienda\/esclerometro-mecanico-ht225\/\" \/>\n<meta property=\"og:locale\" content=\"es_MX\" \/>\n<meta property=\"og:type\" content=\"article\" \/>\n<meta property=\"og:title\" content=\"Esclerometro Mecanico HT225 - Abaa tienda online\" \/>\n<meta property=\"og:description\" content=\"El escler\u00f3metro de simple manejo se utiliza fundamentalmente en el \u00e1mbito de la construcci\u00f3n, aparte de otros campos industriales (comprobaci\u00f3n de la dureza Wickel de la mercanc\u00eda en rollos. Este escler\u00f3metro en forma de martillo para comprobar el hormig\u00f3n se basa en el principio de medici\u00f3n de Schmidt. La comprobaci\u00f3n se efect\u00faa siempre y en todo momento bajo una misma energ\u00eda de prueba de 2207 J. La energ\u00eda cin\u00e9tica de rebote inicial viene dada en el escler\u00f3metro como una medida de la dureza del hormig\u00f3n, de la presi\u00f3n sobre la \u00e1rea o de la resistencia a la presi\u00f3n (kg\/cm\u00b2 o su conversi\u00f3n a N\/mm\u00b2). La calidad del hormig\u00f3n se valora principalmente por su resistencia a la presi\u00f3n, puesto que es un valor orientativo para revisar la capacidad de carga y la durabilidad de las construcciones de hormig\u00f3n.  Par\u00e1metros:   Energ\u00eda de impacto: 2.207J (0.225Kgf.m).  Horizontal Bar Dots  Golpe de martillo de rebote: 75mm.  Gama de prueba: 10 ~ 60Mpa.\" \/>\n<meta property=\"og:url\" content=\"https:\/\/abaa.mx\/tienda\/esclerometro-mecanico-ht225\/\" \/>\n<meta property=\"og:site_name\" content=\"Abaa tienda online\" \/>\n<meta property=\"og:image\" content=\"https:\/\/abaa.mx\/tienda\/wp-content\/uploads\/2023\/10\/ALFAMETRIC-HT225.jpg\" \/>\n\t<meta property=\"og:image:width\" content=\"487\" \/>\n\t<meta property=\"og:image:height\" content=\"449\" \/>\n\t<meta property=\"og:image:type\" content=\"image\/jpeg\" \/>\n<meta name=\"twitter:card\" content=\"summary_large_image\" \/>\n<meta name=\"twitter:label1\" content=\"Tiempo de lectura\" \/>\n\t<meta name=\"twitter:data1\" content=\"1 minuto\" \/>\n<script type=\"application\/ld+json\" class=\"yoast-schema-graph\">{\"@context\":\"https:\/\/schema.org\",\"@graph\":[{\"@type\":\"WebPage\",\"@id\":\"https:\/\/abaa.mx\/tienda\/esclerometro-mecanico-ht225\/\",\"url\":\"https:\/\/abaa.mx\/tienda\/esclerometro-mecanico-ht225\/\",\"name\":\"Esclerometro Mecanico HT225 - Abaa tienda online\",\"isPartOf\":{\"@id\":\"https:\/\/abaa.mx\/tienda\/#website\"},\"primaryImageOfPage\":{\"@id\":\"https:\/\/abaa.mx\/tienda\/esclerometro-mecanico-ht225\/#primaryimage\"},\"image\":{\"@id\":\"https:\/\/abaa.mx\/tienda\/esclerometro-mecanico-ht225\/#primaryimage\"},\"thumbnailUrl\":\"https:\/\/abaa.mx\/tienda\/wp-content\/uploads\/2023\/10\/ALFAMETRIC-HT225.jpg\",\"datePublished\":\"2023-10-31T19:54:11+00:00\",\"breadcrumb\":{\"@id\":\"https:\/\/abaa.mx\/tienda\/esclerometro-mecanico-ht225\/#breadcrumb\"},\"inLanguage\":\"es\",\"potentialAction\":[{\"@type\":\"ReadAction\",\"target\":[\"https:\/\/abaa.mx\/tienda\/esclerometro-mecanico-ht225\/\"]}]},{\"@type\":\"ImageObject\",\"inLanguage\":\"es\",\"@id\":\"https:\/\/abaa.mx\/tienda\/esclerometro-mecanico-ht225\/#primaryimage\",\"url\":\"https:\/\/abaa.mx\/tienda\/wp-content\/uploads\/2023\/10\/ALFAMETRIC-HT225.jpg\",\"contentUrl\":\"https:\/\/abaa.mx\/tienda\/wp-content\/uploads\/2023\/10\/ALFAMETRIC-HT225.jpg\",\"width\":487,\"height\":449,\"caption\":\"ALFAMETRIC HT225\"},{\"@type\":\"BreadcrumbList\",\"@id\":\"https:\/\/abaa.mx\/tienda\/esclerometro-mecanico-ht225\/#breadcrumb\",\"itemListElement\":[{\"@type\":\"ListItem\",\"position\":1,\"name\":\"Inicio\",\"item\":\"https:\/\/abaa.mx\/tienda\/\"},{\"@type\":\"ListItem\",\"position\":2,\"name\":\"Tienda\",\"item\":\"https:\/\/abaa.mx\/tienda\/\"},{\"@type\":\"ListItem\",\"position\":3,\"name\":\"Esclerometro Mecanico HT225\"}]},{\"@type\":\"WebSite\",\"@id\":\"https:\/\/abaa.mx\/tienda\/#website\",\"url\":\"https:\/\/abaa.mx\/tienda\/\",\"name\":\"Abaa tienda online\",\"description\":\"Instrumentos de medici\u00f3n\",\"publisher\":{\"@id\":\"https:\/\/abaa.mx\/tienda\/#organization\"},\"potentialAction\":[{\"@type\":\"SearchAction\",\"target\":{\"@type\":\"EntryPoint\",\"urlTemplate\":\"https:\/\/abaa.mx\/tienda\/?s={search_term_string}\"},\"query-input\":{\"@type\":\"PropertyValueSpecification\",\"valueRequired\":true,\"valueName\":\"search_term_string\"}}],\"inLanguage\":\"es\"},{\"@type\":\"Organization\",\"@id\":\"https:\/\/abaa.mx\/tienda\/#organization\",\"name\":\"Abaa tienda online\",\"url\":\"https:\/\/abaa.mx\/tienda\/\",\"logo\":{\"@type\":\"ImageObject\",\"inLanguage\":\"es\",\"@id\":\"https:\/\/abaa.mx\/tienda\/#\/schema\/logo\/image\/\",\"url\":\"https:\/\/abaa.mx\/tienda\/wp-content\/uploads\/2024\/01\/abaa-metrologia-tienda.png\",\"contentUrl\":\"https:\/\/abaa.mx\/tienda\/wp-content\/uploads\/2024\/01\/abaa-metrologia-tienda.png\",\"width\":300,\"height\":141,\"caption\":\"Abaa tienda online\"},\"image\":{\"@id\":\"https:\/\/abaa.mx\/tienda\/#\/schema\/logo\/image\/\"}}]}<\/script>\n<!-- \/ Yoast SEO plugin. -->","yoast_head_json":{"title":"Esclerometro Mecanico HT225 - Abaa tienda online","robots":{"index":"index","follow":"follow","max-snippet":"max-snippet:-1","max-image-preview":"max-image-preview:large","max-video-preview":"max-video-preview:-1"},"canonical":"https:\/\/abaa.mx\/tienda\/esclerometro-mecanico-ht225\/","og_locale":"es_MX","og_type":"article","og_title":"Esclerometro Mecanico HT225 - Abaa tienda online","og_description":"El escler\u00f3metro de simple manejo se utiliza fundamentalmente en el \u00e1mbito de la construcci\u00f3n, aparte de otros campos industriales (comprobaci\u00f3n de la dureza Wickel de la mercanc\u00eda en rollos. Este escler\u00f3metro en forma de martillo para comprobar el hormig\u00f3n se basa en el principio de medici\u00f3n de Schmidt. La comprobaci\u00f3n se efect\u00faa siempre y en todo momento bajo una misma energ\u00eda de prueba de 2207 J. La energ\u00eda cin\u00e9tica de rebote inicial viene dada en el escler\u00f3metro como una medida de la dureza del hormig\u00f3n, de la presi\u00f3n sobre la \u00e1rea o de la resistencia a la presi\u00f3n (kg\/cm\u00b2 o su conversi\u00f3n a N\/mm\u00b2). La calidad del hormig\u00f3n se valora principalmente por su resistencia a la presi\u00f3n, puesto que es un valor orientativo para revisar la capacidad de carga y la durabilidad de las construcciones de hormig\u00f3n.  Par\u00e1metros:   Energ\u00eda de impacto: 2.207J (0.225Kgf.m).  Horizontal Bar Dots  Golpe de martillo de rebote: 75mm.  Gama de prueba: 10 ~ 60Mpa.","og_url":"https:\/\/abaa.mx\/tienda\/esclerometro-mecanico-ht225\/","og_site_name":"Abaa tienda online","og_image":[{"width":487,"height":449,"url":"https:\/\/abaa.mx\/tienda\/wp-content\/uploads\/2023\/10\/ALFAMETRIC-HT225.jpg","type":"image\/jpeg"}],"twitter_card":"summary_large_image","twitter_misc":{"Tiempo de lectura":"1 minuto"},"schema":{"@context":"https:\/\/schema.org","@graph":[{"@type":"WebPage","@id":"https:\/\/abaa.mx\/tienda\/esclerometro-mecanico-ht225\/","url":"https:\/\/abaa.mx\/tienda\/esclerometro-mecanico-ht225\/","name":"Esclerometro Mecanico HT225 - Abaa tienda online","isPartOf":{"@id":"https:\/\/abaa.mx\/tienda\/#website"},"primaryImageOfPage":{"@id":"https:\/\/abaa.mx\/tienda\/esclerometro-mecanico-ht225\/#primaryimage"},"image":{"@id":"https:\/\/abaa.mx\/tienda\/esclerometro-mecanico-ht225\/#primaryimage"},"thumbnailUrl":"https:\/\/abaa.mx\/tienda\/wp-content\/uploads\/2023\/10\/ALFAMETRIC-HT225.jpg","datePublished":"2023-10-31T19:54:11+00:00","breadcrumb":{"@id":"https:\/\/abaa.mx\/tienda\/esclerometro-mecanico-ht225\/#breadcrumb"},"inLanguage":"es","potentialAction":[{"@type":"ReadAction","target":["https:\/\/abaa.mx\/tienda\/esclerometro-mecanico-ht225\/"]}]},{"@type":"ImageObject","inLanguage":"es","@id":"https:\/\/abaa.mx\/tienda\/esclerometro-mecanico-ht225\/#primaryimage","url":"https:\/\/abaa.mx\/tienda\/wp-content\/uploads\/2023\/10\/ALFAMETRIC-HT225.jpg","contentUrl":"https:\/\/abaa.mx\/tienda\/wp-content\/uploads\/2023\/10\/ALFAMETRIC-HT225.jpg","width":487,"height":449,"caption":"ALFAMETRIC HT225"},{"@type":"BreadcrumbList","@id":"https:\/\/abaa.mx\/tienda\/esclerometro-mecanico-ht225\/#breadcrumb","itemListElement":[{"@type":"ListItem","position":1,"name":"Inicio","item":"https:\/\/abaa.mx\/tienda\/"},{"@type":"ListItem","position":2,"name":"Tienda","item":"https:\/\/abaa.mx\/tienda\/"},{"@type":"ListItem","position":3,"name":"Esclerometro Mecanico HT225"}]},{"@type":"WebSite","@id":"https:\/\/abaa.mx\/tienda\/#website","url":"https:\/\/abaa.mx\/tienda\/","name":"Abaa tienda online","description":"Instrumentos de medici\u00f3n","publisher":{"@id":"https:\/\/abaa.mx\/tienda\/#organization"},"potentialAction":[{"@type":"SearchAction","target":{"@type":"EntryPoint","urlTemplate":"https:\/\/abaa.mx\/tienda\/?s={search_term_string}"},"query-input":{"@type":"PropertyValueSpecification","valueRequired":true,"valueName":"search_term_string"}}],"inLanguage":"es"},{"@type":"Organization","@id":"https:\/\/abaa.mx\/tienda\/#organization","name":"Abaa tienda online","url":"https:\/\/abaa.mx\/tienda\/","logo":{"@type":"ImageObject","inLanguage":"es","@id":"https:\/\/abaa.mx\/tienda\/#\/schema\/logo\/image\/","url":"https:\/\/abaa.mx\/tienda\/wp-content\/uploads\/2024\/01\/abaa-metrologia-tienda.png","contentUrl":"https:\/\/abaa.mx\/tienda\/wp-content\/uploads\/2024\/01\/abaa-metrologia-tienda.png","width":300,"height":141,"caption":"Abaa tienda online"},"image":{"@id":"https:\/\/abaa.mx\/tienda\/#\/schema\/logo\/image\/"}}]}},"_links":{"self":[{"href":"https:\/\/abaa.mx\/tienda\/wp-json\/wp\/v2\/product\/8309","targetHints":{"allow":["GET"]}}],"collection":[{"href":"https:\/\/abaa.mx\/tienda\/wp-json\/wp\/v2\/product"}],"about":[{"href":"https:\/\/abaa.mx\/tienda\/wp-json\/wp\/v2\/types\/product"}],"replies":[{"embeddable":true,"href":"https:\/\/abaa.mx\/tienda\/wp-json\/wp\/v2\/comments?post=8309"}],"wp:featuredmedia":[{"embeddable":true,"href":"https:\/\/abaa.mx\/tienda\/wp-json\/wp\/v2\/media\/8319"}],"wp:attachment":[{"href":"https:\/\/abaa.mx\/tienda\/wp-json\/wp\/v2\/media?parent=8309"}],"wp:term":[{"taxonomy":"product_brand","embeddable":true,"href":"https:\/\/abaa.mx\/tienda\/wp-json\/wp\/v2\/product_brand?post=8309"},{"taxonomy":"product_cat","embeddable":true,"href":"https:\/\/abaa.mx\/tienda\/wp-json\/wp\/v2\/product_cat?post=8309"},{"taxonomy":"product_tag","embeddable":true,"href":"https:\/\/abaa.mx\/tienda\/wp-json\/wp\/v2\/product_tag?post=8309"}],"curies":[{"name":"wp","href":"https:\/\/api.w.org\/{rel}","templated":true}]}}