{"id":8306,"date":"2023-10-31T17:56:18","date_gmt":"2023-10-31T17:56:18","guid":{"rendered":"https:\/\/abaa.mx\/tienda\/?post_type=product&#038;p=8306"},"modified":"2023-11-13T17:40:28","modified_gmt":"2023-11-13T17:40:28","slug":"elitech-tlog-100-registrador-de-datos","status":"publish","type":"product","link":"https:\/\/abaa.mx\/tienda\/elitech-tlog-100-registrador-de-datos\/","title":{"rendered":"Elitech tlog 100 registrador de datos"},"content":{"rendered":"<p>El registrador de datos de temperatura y humedad de la serie Elitech Tlog 100 (registrador de temperatura ultra baja USB de uso m\u00faltiple) se utiliza principalmente para monitorear la temperatura y la humedad de los medicamentos durante el almacenamiento y el transporte. Visualiza todos los segmentos de la cadena de suministro de medicamentos.<\/p>\n<p>&nbsp;<\/p>\n<p><strong>Caracter\u00edsticas<\/strong>:<\/p>\n<ul>\n<li>segura y protegida: el software est\u00e1 certificado por la FDA.<\/li>\n<li>Alta precisi\u00f3n: Sensor\u00a0 importados con calibraci\u00f3n original precisa.<\/li>\n<li>Tecnolog\u00eda de empaque a nanoescala: membrana de PTFE adoptada para proteger el sensor de la contaminaci\u00f3n por l\u00edquidos y polvo, al tiempo que garantiza el rendimiento del sensor.<\/li>\n<li>Nuevo dise\u00f1o de c\u00e1mara de aire: la c\u00e1mara de aire basada en el flujo de aire permite el mejor acoplamiento t\u00e9rmico posible al medio ambiente y una r\u00e1pida detecci\u00f3n de la temperatura ambiente real.<\/li>\n<li>Bot\u00f3n hundido: Eliminaci\u00f3n de la mala operaci\u00f3n causada por sacudidas de la carga durante el transporte.<\/li>\n<li>Aplicaci\u00f3n de m\u00faltiples escenarios: Transmisi\u00f3n de datos por USB y Bluetooth para satisfacer diferentes necesidades operativas.<\/li>\n<li>Adecuado para diversas demandas ambientales, incluidas incubadoras, gabinetes fr\u00edos, refrigeradores criog\u00e9nicos, hielo seco y nitr\u00f3geno l\u00edquido.<\/li>\n<\/ul>\n","protected":false},"excerpt":{"rendered":"<p>Se utiliza principalmente para monitorear la temperatura y la humedad de los medicamentos durante el almacenamiento y el transporte.<\/p>\n","protected":false},"featured_media":8307,"comment_status":"open","ping_status":"closed","template":"","meta":{"_joinchat":[]},"product_brand":[],"product_cat":[15],"product_tag":[],"class_list":{"0":"post-8306","1":"product","2":"type-product","3":"status-publish","4":"has-post-thumbnail","6":"product_cat-sin-categorizar","8":"first","9":"instock","10":"shipping-taxable","11":"product-type-simple"},"yoast_head":"<!-- This site is optimized with the Yoast SEO plugin v26.4 - https:\/\/yoast.com\/wordpress\/plugins\/seo\/ -->\n<title>Elitech tlog 100 registrador de datos - Abaa tienda online<\/title>\n<meta name=\"robots\" content=\"index, follow, max-snippet:-1, max-image-preview:large, max-video-preview:-1\" \/>\n<link rel=\"canonical\" href=\"https:\/\/abaa.mx\/tienda\/elitech-tlog-100-registrador-de-datos\/\" \/>\n<meta property=\"og:locale\" content=\"es_MX\" \/>\n<meta property=\"og:type\" content=\"article\" \/>\n<meta property=\"og:title\" content=\"Elitech tlog 100 registrador de datos - Abaa tienda online\" \/>\n<meta property=\"og:description\" content=\"Se utiliza principalmente para monitorear la temperatura y la humedad de los medicamentos durante el almacenamiento y el transporte.\" \/>\n<meta property=\"og:url\" content=\"https:\/\/abaa.mx\/tienda\/elitech-tlog-100-registrador-de-datos\/\" \/>\n<meta property=\"og:site_name\" content=\"Abaa tienda online\" \/>\n<meta property=\"article:modified_time\" content=\"2023-11-13T17:40:28+00:00\" \/>\n<meta property=\"og:image\" content=\"https:\/\/abaa.mx\/tienda\/wp-content\/uploads\/2023\/10\/Elitech-tlog-100.jpg\" \/>\n\t<meta property=\"og:image:width\" content=\"1000\" \/>\n\t<meta property=\"og:image:height\" content=\"1000\" \/>\n\t<meta property=\"og:image:type\" content=\"image\/jpeg\" \/>\n<meta name=\"twitter:card\" content=\"summary_large_image\" \/>\n<meta name=\"twitter:label1\" content=\"Tiempo de lectura\" \/>\n\t<meta name=\"twitter:data1\" content=\"1 minuto\" \/>\n<script type=\"application\/ld+json\" class=\"yoast-schema-graph\">{\"@context\":\"https:\/\/schema.org\",\"@graph\":[{\"@type\":\"WebPage\",\"@id\":\"https:\/\/abaa.mx\/tienda\/elitech-tlog-100-registrador-de-datos\/\",\"url\":\"https:\/\/abaa.mx\/tienda\/elitech-tlog-100-registrador-de-datos\/\",\"name\":\"Elitech tlog 100 registrador de datos - Abaa tienda online\",\"isPartOf\":{\"@id\":\"https:\/\/abaa.mx\/tienda\/#website\"},\"primaryImageOfPage\":{\"@id\":\"https:\/\/abaa.mx\/tienda\/elitech-tlog-100-registrador-de-datos\/#primaryimage\"},\"image\":{\"@id\":\"https:\/\/abaa.mx\/tienda\/elitech-tlog-100-registrador-de-datos\/#primaryimage\"},\"thumbnailUrl\":\"https:\/\/abaa.mx\/tienda\/wp-content\/uploads\/2023\/10\/Elitech-tlog-100.jpg\",\"datePublished\":\"2023-10-31T17:56:18+00:00\",\"dateModified\":\"2023-11-13T17:40:28+00:00\",\"breadcrumb\":{\"@id\":\"https:\/\/abaa.mx\/tienda\/elitech-tlog-100-registrador-de-datos\/#breadcrumb\"},\"inLanguage\":\"es\",\"potentialAction\":[{\"@type\":\"ReadAction\",\"target\":[\"https:\/\/abaa.mx\/tienda\/elitech-tlog-100-registrador-de-datos\/\"]}]},{\"@type\":\"ImageObject\",\"inLanguage\":\"es\",\"@id\":\"https:\/\/abaa.mx\/tienda\/elitech-tlog-100-registrador-de-datos\/#primaryimage\",\"url\":\"https:\/\/abaa.mx\/tienda\/wp-content\/uploads\/2023\/10\/Elitech-tlog-100.jpg\",\"contentUrl\":\"https:\/\/abaa.mx\/tienda\/wp-content\/uploads\/2023\/10\/Elitech-tlog-100.jpg\",\"width\":1000,\"height\":1000,\"caption\":\"Elitech tlog 100\"},{\"@type\":\"BreadcrumbList\",\"@id\":\"https:\/\/abaa.mx\/tienda\/elitech-tlog-100-registrador-de-datos\/#breadcrumb\",\"itemListElement\":[{\"@type\":\"ListItem\",\"position\":1,\"name\":\"Inicio\",\"item\":\"https:\/\/abaa.mx\/tienda\/\"},{\"@type\":\"ListItem\",\"position\":2,\"name\":\"Tienda\",\"item\":\"https:\/\/abaa.mx\/tienda\/\"},{\"@type\":\"ListItem\",\"position\":3,\"name\":\"Elitech tlog 100 registrador de datos\"}]},{\"@type\":\"WebSite\",\"@id\":\"https:\/\/abaa.mx\/tienda\/#website\",\"url\":\"https:\/\/abaa.mx\/tienda\/\",\"name\":\"Abaa tienda online\",\"description\":\"Instrumentos de medici\u00f3n\",\"publisher\":{\"@id\":\"https:\/\/abaa.mx\/tienda\/#organization\"},\"potentialAction\":[{\"@type\":\"SearchAction\",\"target\":{\"@type\":\"EntryPoint\",\"urlTemplate\":\"https:\/\/abaa.mx\/tienda\/?s={search_term_string}\"},\"query-input\":{\"@type\":\"PropertyValueSpecification\",\"valueRequired\":true,\"valueName\":\"search_term_string\"}}],\"inLanguage\":\"es\"},{\"@type\":\"Organization\",\"@id\":\"https:\/\/abaa.mx\/tienda\/#organization\",\"name\":\"Abaa tienda online\",\"url\":\"https:\/\/abaa.mx\/tienda\/\",\"logo\":{\"@type\":\"ImageObject\",\"inLanguage\":\"es\",\"@id\":\"https:\/\/abaa.mx\/tienda\/#\/schema\/logo\/image\/\",\"url\":\"https:\/\/abaa.mx\/tienda\/wp-content\/uploads\/2024\/01\/abaa-metrologia-tienda.png\",\"contentUrl\":\"https:\/\/abaa.mx\/tienda\/wp-content\/uploads\/2024\/01\/abaa-metrologia-tienda.png\",\"width\":300,\"height\":141,\"caption\":\"Abaa tienda online\"},\"image\":{\"@id\":\"https:\/\/abaa.mx\/tienda\/#\/schema\/logo\/image\/\"}}]}<\/script>\n<!-- \/ Yoast SEO plugin. -->","yoast_head_json":{"title":"Elitech tlog 100 registrador de datos - Abaa tienda online","robots":{"index":"index","follow":"follow","max-snippet":"max-snippet:-1","max-image-preview":"max-image-preview:large","max-video-preview":"max-video-preview:-1"},"canonical":"https:\/\/abaa.mx\/tienda\/elitech-tlog-100-registrador-de-datos\/","og_locale":"es_MX","og_type":"article","og_title":"Elitech tlog 100 registrador de datos - Abaa tienda online","og_description":"Se utiliza principalmente para monitorear la temperatura y la humedad de los medicamentos durante el almacenamiento y el transporte.","og_url":"https:\/\/abaa.mx\/tienda\/elitech-tlog-100-registrador-de-datos\/","og_site_name":"Abaa tienda online","article_modified_time":"2023-11-13T17:40:28+00:00","og_image":[{"width":1000,"height":1000,"url":"https:\/\/abaa.mx\/tienda\/wp-content\/uploads\/2023\/10\/Elitech-tlog-100.jpg","type":"image\/jpeg"}],"twitter_card":"summary_large_image","twitter_misc":{"Tiempo de lectura":"1 minuto"},"schema":{"@context":"https:\/\/schema.org","@graph":[{"@type":"WebPage","@id":"https:\/\/abaa.mx\/tienda\/elitech-tlog-100-registrador-de-datos\/","url":"https:\/\/abaa.mx\/tienda\/elitech-tlog-100-registrador-de-datos\/","name":"Elitech tlog 100 registrador de datos - Abaa tienda online","isPartOf":{"@id":"https:\/\/abaa.mx\/tienda\/#website"},"primaryImageOfPage":{"@id":"https:\/\/abaa.mx\/tienda\/elitech-tlog-100-registrador-de-datos\/#primaryimage"},"image":{"@id":"https:\/\/abaa.mx\/tienda\/elitech-tlog-100-registrador-de-datos\/#primaryimage"},"thumbnailUrl":"https:\/\/abaa.mx\/tienda\/wp-content\/uploads\/2023\/10\/Elitech-tlog-100.jpg","datePublished":"2023-10-31T17:56:18+00:00","dateModified":"2023-11-13T17:40:28+00:00","breadcrumb":{"@id":"https:\/\/abaa.mx\/tienda\/elitech-tlog-100-registrador-de-datos\/#breadcrumb"},"inLanguage":"es","potentialAction":[{"@type":"ReadAction","target":["https:\/\/abaa.mx\/tienda\/elitech-tlog-100-registrador-de-datos\/"]}]},{"@type":"ImageObject","inLanguage":"es","@id":"https:\/\/abaa.mx\/tienda\/elitech-tlog-100-registrador-de-datos\/#primaryimage","url":"https:\/\/abaa.mx\/tienda\/wp-content\/uploads\/2023\/10\/Elitech-tlog-100.jpg","contentUrl":"https:\/\/abaa.mx\/tienda\/wp-content\/uploads\/2023\/10\/Elitech-tlog-100.jpg","width":1000,"height":1000,"caption":"Elitech tlog 100"},{"@type":"BreadcrumbList","@id":"https:\/\/abaa.mx\/tienda\/elitech-tlog-100-registrador-de-datos\/#breadcrumb","itemListElement":[{"@type":"ListItem","position":1,"name":"Inicio","item":"https:\/\/abaa.mx\/tienda\/"},{"@type":"ListItem","position":2,"name":"Tienda","item":"https:\/\/abaa.mx\/tienda\/"},{"@type":"ListItem","position":3,"name":"Elitech tlog 100 registrador de datos"}]},{"@type":"WebSite","@id":"https:\/\/abaa.mx\/tienda\/#website","url":"https:\/\/abaa.mx\/tienda\/","name":"Abaa tienda online","description":"Instrumentos de medici\u00f3n","publisher":{"@id":"https:\/\/abaa.mx\/tienda\/#organization"},"potentialAction":[{"@type":"SearchAction","target":{"@type":"EntryPoint","urlTemplate":"https:\/\/abaa.mx\/tienda\/?s={search_term_string}"},"query-input":{"@type":"PropertyValueSpecification","valueRequired":true,"valueName":"search_term_string"}}],"inLanguage":"es"},{"@type":"Organization","@id":"https:\/\/abaa.mx\/tienda\/#organization","name":"Abaa tienda online","url":"https:\/\/abaa.mx\/tienda\/","logo":{"@type":"ImageObject","inLanguage":"es","@id":"https:\/\/abaa.mx\/tienda\/#\/schema\/logo\/image\/","url":"https:\/\/abaa.mx\/tienda\/wp-content\/uploads\/2024\/01\/abaa-metrologia-tienda.png","contentUrl":"https:\/\/abaa.mx\/tienda\/wp-content\/uploads\/2024\/01\/abaa-metrologia-tienda.png","width":300,"height":141,"caption":"Abaa tienda online"},"image":{"@id":"https:\/\/abaa.mx\/tienda\/#\/schema\/logo\/image\/"}}]}},"_links":{"self":[{"href":"https:\/\/abaa.mx\/tienda\/wp-json\/wp\/v2\/product\/8306","targetHints":{"allow":["GET"]}}],"collection":[{"href":"https:\/\/abaa.mx\/tienda\/wp-json\/wp\/v2\/product"}],"about":[{"href":"https:\/\/abaa.mx\/tienda\/wp-json\/wp\/v2\/types\/product"}],"replies":[{"embeddable":true,"href":"https:\/\/abaa.mx\/tienda\/wp-json\/wp\/v2\/comments?post=8306"}],"wp:featuredmedia":[{"embeddable":true,"href":"https:\/\/abaa.mx\/tienda\/wp-json\/wp\/v2\/media\/8307"}],"wp:attachment":[{"href":"https:\/\/abaa.mx\/tienda\/wp-json\/wp\/v2\/media?parent=8306"}],"wp:term":[{"taxonomy":"product_brand","embeddable":true,"href":"https:\/\/abaa.mx\/tienda\/wp-json\/wp\/v2\/product_brand?post=8306"},{"taxonomy":"product_cat","embeddable":true,"href":"https:\/\/abaa.mx\/tienda\/wp-json\/wp\/v2\/product_cat?post=8306"},{"taxonomy":"product_tag","embeddable":true,"href":"https:\/\/abaa.mx\/tienda\/wp-json\/wp\/v2\/product_tag?post=8306"}],"curies":[{"name":"wp","href":"https:\/\/api.w.org\/{rel}","templated":true}]}}