{"id":8303,"date":"2023-10-31T17:45:07","date_gmt":"2023-10-31T17:45:07","guid":{"rendered":"https:\/\/abaa.mx\/tienda\/?post_type=product&#038;p=8303"},"modified":"2023-10-31T17:45:07","modified_gmt":"2023-10-31T17:45:07","slug":"lx-d-durometro-analogo-shore-d-0-100hd","status":"publish","type":"product","link":"https:\/\/abaa.mx\/tienda\/lx-d-durometro-analogo-shore-d-0-100hd\/","title":{"rendered":"LX-D Dur\u00f3metro An\u00e1logo SHORE D 0-100HD"},"content":{"rendered":"<p>LX-D Dur\u00f3metro An\u00e1logo SHORE D 0-100HD<\/p>\n","protected":false},"excerpt":{"rendered":"<p>El dur\u00f3metro Shore se utiliza para probar la dureza del caucho y los pl\u00e1sticos sulfureados, tal instrumento tiene tipo D.<br \/>\nEl tipo D se aplica a caucho duro general, resina dura, acr\u00edlico, vidrio, termopl\u00e1sticos, placas de impresi\u00f3n, fibras, etc.<\/p>\n<p><strong>PAR\u00c1METROS PRINCIPALES:<\/strong><\/p>\n<ul>\n<li>Valor del Dial: 1-100 grados.<\/li>\n<li>Recorrido del puntero: 0-2,5mm.<\/li>\n<li>Tensi\u00f3n al final del puntero: 0-44.5N de tipo D.<\/li>\n<\/ul>\n<p>&nbsp;<\/p>\n","protected":false},"featured_media":8305,"comment_status":"open","ping_status":"closed","template":"","meta":{"_joinchat":[]},"product_brand":[],"product_cat":[95],"product_tag":[],"class_list":{"0":"post-8303","1":"product","2":"type-product","3":"status-publish","4":"has-post-thumbnail","6":"product_cat-durometro","8":"first","9":"instock","10":"shipping-taxable","11":"product-type-simple"},"yoast_head":"<!-- This site is optimized with the Yoast SEO plugin v26.4 - https:\/\/yoast.com\/wordpress\/plugins\/seo\/ -->\n<title>LX-D Dur\u00f3metro An\u00e1logo SHORE D 0-100HD - Abaa tienda online<\/title>\n<meta name=\"robots\" content=\"index, follow, max-snippet:-1, max-image-preview:large, max-video-preview:-1\" \/>\n<link rel=\"canonical\" href=\"https:\/\/abaa.mx\/tienda\/lx-d-durometro-analogo-shore-d-0-100hd\/\" \/>\n<meta property=\"og:locale\" content=\"es_MX\" \/>\n<meta property=\"og:type\" content=\"article\" \/>\n<meta property=\"og:title\" content=\"LX-D Dur\u00f3metro An\u00e1logo SHORE D 0-100HD - Abaa tienda online\" \/>\n<meta property=\"og:description\" content=\"El dur\u00f3metro Shore se utiliza para probar la dureza del caucho y los pl\u00e1sticos sulfureados, tal instrumento tiene tipo D. El tipo D se aplica a caucho duro general, resina dura, acr\u00edlico, vidrio, termopl\u00e1sticos, placas de impresi\u00f3n, fibras, etc.  PAR\u00c1METROS PRINCIPALES:   Valor del Dial: 1-100 grados.  Recorrido del puntero: 0-2,5mm.  Tensi\u00f3n al final del puntero: 0-44.5N de tipo D.  &nbsp;\" \/>\n<meta property=\"og:url\" content=\"https:\/\/abaa.mx\/tienda\/lx-d-durometro-analogo-shore-d-0-100hd\/\" \/>\n<meta property=\"og:site_name\" content=\"Abaa tienda online\" \/>\n<meta property=\"og:image\" content=\"https:\/\/abaa.mx\/tienda\/wp-content\/uploads\/2023\/10\/ALFAMETRIC-LX-D.jpg\" \/>\n\t<meta property=\"og:image:width\" content=\"544\" \/>\n\t<meta property=\"og:image:height\" content=\"463\" \/>\n\t<meta property=\"og:image:type\" content=\"image\/jpeg\" \/>\n<meta name=\"twitter:card\" content=\"summary_large_image\" \/>\n<meta name=\"twitter:label1\" content=\"Tiempo de lectura\" \/>\n\t<meta name=\"twitter:data1\" content=\"1 minuto\" \/>\n<script type=\"application\/ld+json\" class=\"yoast-schema-graph\">{\"@context\":\"https:\/\/schema.org\",\"@graph\":[{\"@type\":\"WebPage\",\"@id\":\"https:\/\/abaa.mx\/tienda\/lx-d-durometro-analogo-shore-d-0-100hd\/\",\"url\":\"https:\/\/abaa.mx\/tienda\/lx-d-durometro-analogo-shore-d-0-100hd\/\",\"name\":\"LX-D Dur\u00f3metro An\u00e1logo SHORE D 0-100HD - Abaa tienda online\",\"isPartOf\":{\"@id\":\"https:\/\/abaa.mx\/tienda\/#website\"},\"primaryImageOfPage\":{\"@id\":\"https:\/\/abaa.mx\/tienda\/lx-d-durometro-analogo-shore-d-0-100hd\/#primaryimage\"},\"image\":{\"@id\":\"https:\/\/abaa.mx\/tienda\/lx-d-durometro-analogo-shore-d-0-100hd\/#primaryimage\"},\"thumbnailUrl\":\"https:\/\/abaa.mx\/tienda\/wp-content\/uploads\/2023\/10\/ALFAMETRIC-LX-D.jpg\",\"datePublished\":\"2023-10-31T17:45:07+00:00\",\"breadcrumb\":{\"@id\":\"https:\/\/abaa.mx\/tienda\/lx-d-durometro-analogo-shore-d-0-100hd\/#breadcrumb\"},\"inLanguage\":\"es\",\"potentialAction\":[{\"@type\":\"ReadAction\",\"target\":[\"https:\/\/abaa.mx\/tienda\/lx-d-durometro-analogo-shore-d-0-100hd\/\"]}]},{\"@type\":\"ImageObject\",\"inLanguage\":\"es\",\"@id\":\"https:\/\/abaa.mx\/tienda\/lx-d-durometro-analogo-shore-d-0-100hd\/#primaryimage\",\"url\":\"https:\/\/abaa.mx\/tienda\/wp-content\/uploads\/2023\/10\/ALFAMETRIC-LX-D.jpg\",\"contentUrl\":\"https:\/\/abaa.mx\/tienda\/wp-content\/uploads\/2023\/10\/ALFAMETRIC-LX-D.jpg\",\"width\":544,\"height\":463,\"caption\":\"ALFAMETRIC LX-D\"},{\"@type\":\"BreadcrumbList\",\"@id\":\"https:\/\/abaa.mx\/tienda\/lx-d-durometro-analogo-shore-d-0-100hd\/#breadcrumb\",\"itemListElement\":[{\"@type\":\"ListItem\",\"position\":1,\"name\":\"Inicio\",\"item\":\"https:\/\/abaa.mx\/tienda\/\"},{\"@type\":\"ListItem\",\"position\":2,\"name\":\"Tienda\",\"item\":\"https:\/\/abaa.mx\/tienda\/\"},{\"@type\":\"ListItem\",\"position\":3,\"name\":\"LX-D Dur\u00f3metro An\u00e1logo SHORE D 0-100HD\"}]},{\"@type\":\"WebSite\",\"@id\":\"https:\/\/abaa.mx\/tienda\/#website\",\"url\":\"https:\/\/abaa.mx\/tienda\/\",\"name\":\"Abaa tienda online\",\"description\":\"Instrumentos de medici\u00f3n\",\"publisher\":{\"@id\":\"https:\/\/abaa.mx\/tienda\/#organization\"},\"potentialAction\":[{\"@type\":\"SearchAction\",\"target\":{\"@type\":\"EntryPoint\",\"urlTemplate\":\"https:\/\/abaa.mx\/tienda\/?s={search_term_string}\"},\"query-input\":{\"@type\":\"PropertyValueSpecification\",\"valueRequired\":true,\"valueName\":\"search_term_string\"}}],\"inLanguage\":\"es\"},{\"@type\":\"Organization\",\"@id\":\"https:\/\/abaa.mx\/tienda\/#organization\",\"name\":\"Abaa tienda online\",\"url\":\"https:\/\/abaa.mx\/tienda\/\",\"logo\":{\"@type\":\"ImageObject\",\"inLanguage\":\"es\",\"@id\":\"https:\/\/abaa.mx\/tienda\/#\/schema\/logo\/image\/\",\"url\":\"https:\/\/abaa.mx\/tienda\/wp-content\/uploads\/2024\/01\/abaa-metrologia-tienda.png\",\"contentUrl\":\"https:\/\/abaa.mx\/tienda\/wp-content\/uploads\/2024\/01\/abaa-metrologia-tienda.png\",\"width\":300,\"height\":141,\"caption\":\"Abaa tienda online\"},\"image\":{\"@id\":\"https:\/\/abaa.mx\/tienda\/#\/schema\/logo\/image\/\"}}]}<\/script>\n<!-- \/ Yoast SEO plugin. -->","yoast_head_json":{"title":"LX-D Dur\u00f3metro An\u00e1logo SHORE D 0-100HD - Abaa tienda online","robots":{"index":"index","follow":"follow","max-snippet":"max-snippet:-1","max-image-preview":"max-image-preview:large","max-video-preview":"max-video-preview:-1"},"canonical":"https:\/\/abaa.mx\/tienda\/lx-d-durometro-analogo-shore-d-0-100hd\/","og_locale":"es_MX","og_type":"article","og_title":"LX-D Dur\u00f3metro An\u00e1logo SHORE D 0-100HD - Abaa tienda online","og_description":"El dur\u00f3metro Shore se utiliza para probar la dureza del caucho y los pl\u00e1sticos sulfureados, tal instrumento tiene tipo D. El tipo D se aplica a caucho duro general, resina dura, acr\u00edlico, vidrio, termopl\u00e1sticos, placas de impresi\u00f3n, fibras, etc.  PAR\u00c1METROS PRINCIPALES:   Valor del Dial: 1-100 grados.  Recorrido del puntero: 0-2,5mm.  Tensi\u00f3n al final del puntero: 0-44.5N de tipo D.  &nbsp;","og_url":"https:\/\/abaa.mx\/tienda\/lx-d-durometro-analogo-shore-d-0-100hd\/","og_site_name":"Abaa tienda online","og_image":[{"width":544,"height":463,"url":"https:\/\/abaa.mx\/tienda\/wp-content\/uploads\/2023\/10\/ALFAMETRIC-LX-D.jpg","type":"image\/jpeg"}],"twitter_card":"summary_large_image","twitter_misc":{"Tiempo de lectura":"1 minuto"},"schema":{"@context":"https:\/\/schema.org","@graph":[{"@type":"WebPage","@id":"https:\/\/abaa.mx\/tienda\/lx-d-durometro-analogo-shore-d-0-100hd\/","url":"https:\/\/abaa.mx\/tienda\/lx-d-durometro-analogo-shore-d-0-100hd\/","name":"LX-D Dur\u00f3metro An\u00e1logo SHORE D 0-100HD - Abaa tienda online","isPartOf":{"@id":"https:\/\/abaa.mx\/tienda\/#website"},"primaryImageOfPage":{"@id":"https:\/\/abaa.mx\/tienda\/lx-d-durometro-analogo-shore-d-0-100hd\/#primaryimage"},"image":{"@id":"https:\/\/abaa.mx\/tienda\/lx-d-durometro-analogo-shore-d-0-100hd\/#primaryimage"},"thumbnailUrl":"https:\/\/abaa.mx\/tienda\/wp-content\/uploads\/2023\/10\/ALFAMETRIC-LX-D.jpg","datePublished":"2023-10-31T17:45:07+00:00","breadcrumb":{"@id":"https:\/\/abaa.mx\/tienda\/lx-d-durometro-analogo-shore-d-0-100hd\/#breadcrumb"},"inLanguage":"es","potentialAction":[{"@type":"ReadAction","target":["https:\/\/abaa.mx\/tienda\/lx-d-durometro-analogo-shore-d-0-100hd\/"]}]},{"@type":"ImageObject","inLanguage":"es","@id":"https:\/\/abaa.mx\/tienda\/lx-d-durometro-analogo-shore-d-0-100hd\/#primaryimage","url":"https:\/\/abaa.mx\/tienda\/wp-content\/uploads\/2023\/10\/ALFAMETRIC-LX-D.jpg","contentUrl":"https:\/\/abaa.mx\/tienda\/wp-content\/uploads\/2023\/10\/ALFAMETRIC-LX-D.jpg","width":544,"height":463,"caption":"ALFAMETRIC LX-D"},{"@type":"BreadcrumbList","@id":"https:\/\/abaa.mx\/tienda\/lx-d-durometro-analogo-shore-d-0-100hd\/#breadcrumb","itemListElement":[{"@type":"ListItem","position":1,"name":"Inicio","item":"https:\/\/abaa.mx\/tienda\/"},{"@type":"ListItem","position":2,"name":"Tienda","item":"https:\/\/abaa.mx\/tienda\/"},{"@type":"ListItem","position":3,"name":"LX-D Dur\u00f3metro An\u00e1logo SHORE D 0-100HD"}]},{"@type":"WebSite","@id":"https:\/\/abaa.mx\/tienda\/#website","url":"https:\/\/abaa.mx\/tienda\/","name":"Abaa tienda online","description":"Instrumentos de medici\u00f3n","publisher":{"@id":"https:\/\/abaa.mx\/tienda\/#organization"},"potentialAction":[{"@type":"SearchAction","target":{"@type":"EntryPoint","urlTemplate":"https:\/\/abaa.mx\/tienda\/?s={search_term_string}"},"query-input":{"@type":"PropertyValueSpecification","valueRequired":true,"valueName":"search_term_string"}}],"inLanguage":"es"},{"@type":"Organization","@id":"https:\/\/abaa.mx\/tienda\/#organization","name":"Abaa tienda online","url":"https:\/\/abaa.mx\/tienda\/","logo":{"@type":"ImageObject","inLanguage":"es","@id":"https:\/\/abaa.mx\/tienda\/#\/schema\/logo\/image\/","url":"https:\/\/abaa.mx\/tienda\/wp-content\/uploads\/2024\/01\/abaa-metrologia-tienda.png","contentUrl":"https:\/\/abaa.mx\/tienda\/wp-content\/uploads\/2024\/01\/abaa-metrologia-tienda.png","width":300,"height":141,"caption":"Abaa tienda online"},"image":{"@id":"https:\/\/abaa.mx\/tienda\/#\/schema\/logo\/image\/"}}]}},"_links":{"self":[{"href":"https:\/\/abaa.mx\/tienda\/wp-json\/wp\/v2\/product\/8303","targetHints":{"allow":["GET"]}}],"collection":[{"href":"https:\/\/abaa.mx\/tienda\/wp-json\/wp\/v2\/product"}],"about":[{"href":"https:\/\/abaa.mx\/tienda\/wp-json\/wp\/v2\/types\/product"}],"replies":[{"embeddable":true,"href":"https:\/\/abaa.mx\/tienda\/wp-json\/wp\/v2\/comments?post=8303"}],"wp:featuredmedia":[{"embeddable":true,"href":"https:\/\/abaa.mx\/tienda\/wp-json\/wp\/v2\/media\/8305"}],"wp:attachment":[{"href":"https:\/\/abaa.mx\/tienda\/wp-json\/wp\/v2\/media?parent=8303"}],"wp:term":[{"taxonomy":"product_brand","embeddable":true,"href":"https:\/\/abaa.mx\/tienda\/wp-json\/wp\/v2\/product_brand?post=8303"},{"taxonomy":"product_cat","embeddable":true,"href":"https:\/\/abaa.mx\/tienda\/wp-json\/wp\/v2\/product_cat?post=8303"},{"taxonomy":"product_tag","embeddable":true,"href":"https:\/\/abaa.mx\/tienda\/wp-json\/wp\/v2\/product_tag?post=8303"}],"curies":[{"name":"wp","href":"https:\/\/api.w.org\/{rel}","templated":true}]}}