{"id":8297,"date":"2023-10-31T17:19:40","date_gmt":"2023-10-31T17:19:40","guid":{"rendered":"https:\/\/abaa.mx\/tienda\/?post_type=product&#038;p=8297"},"modified":"2023-11-13T19:30:46","modified_gmt":"2023-11-13T19:30:46","slug":"elitech-tlog-10h-revision-del-registrador-de-datos","status":"publish","type":"product","link":"https:\/\/abaa.mx\/tienda\/elitech-tlog-10h-revision-del-registrador-de-datos\/","title":{"rendered":"Elitech tlog 10h revisi\u00f3n del registrador de datos"},"content":{"rendered":"<p>El Elitech Tlog 10H tiene una amplia gama de aplicaciones en diversas industrias. Exploremos algunos de los usos comunes de este innovador registrador de datos de temperatura.<\/p>\n<p>Navegar por el Elitech Tlog 10H es muy f\u00e1cil, gracias a su interfaz f\u00e1cil de usar. Con su dise\u00f1o intuitivo, puede establecer umbrales de temperatura, configurar intervalos de muestreo y descargar informes sin problemas.Con su construcci\u00f3n duradera, puede confiar en este registrador de datos para un uso a largo plazo, lo que reduce el desperdicio y le ahorra dinero a largo plazo.<\/p>\n<p>Con su bater\u00eda de larga duraci\u00f3n y su gran capacidad de almacenamiento de datos, este registrador de datos es la herramienta perfecta para la gesti\u00f3n de la cadena de fr\u00edo.<\/p>\n<p>&nbsp;<\/p>\n<h5>Especificaciones:<\/h5>\n<table>\n<thead>\n<tr>\n<th>Especificaci\u00f3n<\/th>\n<th>Detalles<\/th>\n<\/tr>\n<\/thead>\n<tbody>\n<tr>\n<td>Rango de temperatura<\/td>\n<td>De -30 \u00b0C a 70 \u00b0C (de -22 \u00b0F a 158 \u00b0F)<\/td>\n<\/tr>\n<tr>\n<td>Exactitud<\/td>\n<td>\u00b10,5 \u00b0C (\u00b10,9 \u00b0F) a 25 \u00b0C (77 \u00b0F)<\/td>\n<\/tr>\n<tr>\n<td>Resoluci\u00f3n<\/td>\n<td>0.1\u00b0C\/F<\/td>\n<\/tr>\n<tr>\n<td>Capacidad de memoria<\/td>\n<td>32.000 puntos<\/td>\n<\/tr>\n<tr>\n<td>Duraci\u00f3n de la bater\u00eda<\/td>\n<td>Hasta 12 meses<\/td>\n<\/tr>\n<tr>\n<td>Interfaz<\/td>\n<td>USB<\/td>\n<\/tr>\n<tr>\n<td>Formato del informe<\/td>\n<td>.PDF<\/td>\n<\/tr>\n<tr>\n<td>Dimensiones<\/td>\n<td>81 mm x 50 mm x 16 mm (3,2&#8243; x 2&#8243; x 0,6&#8243;)<\/td>\n<\/tr>\n<tr>\n<td>Peso<\/td>\n<td>25 g (0,9 onzas)<\/td>\n<\/tr>\n<\/tbody>\n<\/table>\n<p>&nbsp;<\/p>\n","protected":false},"excerpt":{"rendered":"<p>Elitech Tlog 10H, puede rastrear y analizar f\u00e1cilmente los cambios de temperatura con precisi\u00f3n y facilidad. Este registrador de temperatura reutilizable ofrece un puerto USB para una transferencia de datos sin problemas y la friolera de 32000 puntos para grabar, lo que garantiza que nunca se pierda un momento crucial.<\/p>\n","protected":false},"featured_media":8298,"comment_status":"open","ping_status":"closed","template":"","meta":{"_joinchat":[]},"product_brand":[],"product_cat":[15],"product_tag":[],"class_list":{"0":"post-8297","1":"product","2":"type-product","3":"status-publish","4":"has-post-thumbnail","6":"product_cat-sin-categorizar","8":"first","9":"instock","10":"shipping-taxable","11":"product-type-simple"},"yoast_head":"<!-- This site is optimized with the Yoast SEO plugin v26.4 - https:\/\/yoast.com\/wordpress\/plugins\/seo\/ -->\n<title>Elitech tlog 10h revisi\u00f3n del registrador de datos - Abaa tienda online<\/title>\n<meta name=\"robots\" content=\"index, follow, max-snippet:-1, max-image-preview:large, max-video-preview:-1\" \/>\n<link rel=\"canonical\" href=\"https:\/\/abaa.mx\/tienda\/elitech-tlog-10h-revision-del-registrador-de-datos\/\" \/>\n<meta property=\"og:locale\" content=\"es_MX\" \/>\n<meta property=\"og:type\" content=\"article\" \/>\n<meta property=\"og:title\" content=\"Elitech tlog 10h revisi\u00f3n del registrador de datos - Abaa tienda online\" \/>\n<meta property=\"og:description\" content=\"Elitech Tlog 10H, puede rastrear y analizar f\u00e1cilmente los cambios de temperatura con precisi\u00f3n y facilidad. Este registrador de temperatura reutilizable ofrece un puerto USB para una transferencia de datos sin problemas y la friolera de 32000 puntos para grabar, lo que garantiza que nunca se pierda un momento crucial.\" \/>\n<meta property=\"og:url\" content=\"https:\/\/abaa.mx\/tienda\/elitech-tlog-10h-revision-del-registrador-de-datos\/\" \/>\n<meta property=\"og:site_name\" content=\"Abaa tienda online\" \/>\n<meta property=\"article:modified_time\" content=\"2023-11-13T19:30:46+00:00\" \/>\n<meta property=\"og:image\" content=\"https:\/\/abaa.mx\/tienda\/wp-content\/uploads\/2023\/10\/Elitech-tlog-10h.jpg\" \/>\n\t<meta property=\"og:image:width\" content=\"1000\" \/>\n\t<meta property=\"og:image:height\" content=\"1000\" \/>\n\t<meta property=\"og:image:type\" content=\"image\/jpeg\" \/>\n<meta name=\"twitter:card\" content=\"summary_large_image\" \/>\n<meta name=\"twitter:label1\" content=\"Tiempo de lectura\" \/>\n\t<meta name=\"twitter:data1\" content=\"1 minuto\" \/>\n<script type=\"application\/ld+json\" class=\"yoast-schema-graph\">{\"@context\":\"https:\/\/schema.org\",\"@graph\":[{\"@type\":\"WebPage\",\"@id\":\"https:\/\/abaa.mx\/tienda\/elitech-tlog-10h-revision-del-registrador-de-datos\/\",\"url\":\"https:\/\/abaa.mx\/tienda\/elitech-tlog-10h-revision-del-registrador-de-datos\/\",\"name\":\"Elitech tlog 10h revisi\u00f3n del registrador de datos - Abaa tienda online\",\"isPartOf\":{\"@id\":\"https:\/\/abaa.mx\/tienda\/#website\"},\"primaryImageOfPage\":{\"@id\":\"https:\/\/abaa.mx\/tienda\/elitech-tlog-10h-revision-del-registrador-de-datos\/#primaryimage\"},\"image\":{\"@id\":\"https:\/\/abaa.mx\/tienda\/elitech-tlog-10h-revision-del-registrador-de-datos\/#primaryimage\"},\"thumbnailUrl\":\"https:\/\/abaa.mx\/tienda\/wp-content\/uploads\/2023\/10\/Elitech-tlog-10h.jpg\",\"datePublished\":\"2023-10-31T17:19:40+00:00\",\"dateModified\":\"2023-11-13T19:30:46+00:00\",\"breadcrumb\":{\"@id\":\"https:\/\/abaa.mx\/tienda\/elitech-tlog-10h-revision-del-registrador-de-datos\/#breadcrumb\"},\"inLanguage\":\"es\",\"potentialAction\":[{\"@type\":\"ReadAction\",\"target\":[\"https:\/\/abaa.mx\/tienda\/elitech-tlog-10h-revision-del-registrador-de-datos\/\"]}]},{\"@type\":\"ImageObject\",\"inLanguage\":\"es\",\"@id\":\"https:\/\/abaa.mx\/tienda\/elitech-tlog-10h-revision-del-registrador-de-datos\/#primaryimage\",\"url\":\"https:\/\/abaa.mx\/tienda\/wp-content\/uploads\/2023\/10\/Elitech-tlog-10h.jpg\",\"contentUrl\":\"https:\/\/abaa.mx\/tienda\/wp-content\/uploads\/2023\/10\/Elitech-tlog-10h.jpg\",\"width\":1000,\"height\":1000,\"caption\":\"Elitech tlog 10h\"},{\"@type\":\"BreadcrumbList\",\"@id\":\"https:\/\/abaa.mx\/tienda\/elitech-tlog-10h-revision-del-registrador-de-datos\/#breadcrumb\",\"itemListElement\":[{\"@type\":\"ListItem\",\"position\":1,\"name\":\"Inicio\",\"item\":\"https:\/\/abaa.mx\/tienda\/\"},{\"@type\":\"ListItem\",\"position\":2,\"name\":\"Tienda\",\"item\":\"https:\/\/abaa.mx\/tienda\/\"},{\"@type\":\"ListItem\",\"position\":3,\"name\":\"Elitech tlog 10h revisi\u00f3n del registrador de datos\"}]},{\"@type\":\"WebSite\",\"@id\":\"https:\/\/abaa.mx\/tienda\/#website\",\"url\":\"https:\/\/abaa.mx\/tienda\/\",\"name\":\"Abaa tienda online\",\"description\":\"Instrumentos de medici\u00f3n\",\"publisher\":{\"@id\":\"https:\/\/abaa.mx\/tienda\/#organization\"},\"potentialAction\":[{\"@type\":\"SearchAction\",\"target\":{\"@type\":\"EntryPoint\",\"urlTemplate\":\"https:\/\/abaa.mx\/tienda\/?s={search_term_string}\"},\"query-input\":{\"@type\":\"PropertyValueSpecification\",\"valueRequired\":true,\"valueName\":\"search_term_string\"}}],\"inLanguage\":\"es\"},{\"@type\":\"Organization\",\"@id\":\"https:\/\/abaa.mx\/tienda\/#organization\",\"name\":\"Abaa tienda online\",\"url\":\"https:\/\/abaa.mx\/tienda\/\",\"logo\":{\"@type\":\"ImageObject\",\"inLanguage\":\"es\",\"@id\":\"https:\/\/abaa.mx\/tienda\/#\/schema\/logo\/image\/\",\"url\":\"https:\/\/abaa.mx\/tienda\/wp-content\/uploads\/2024\/01\/abaa-metrologia-tienda.png\",\"contentUrl\":\"https:\/\/abaa.mx\/tienda\/wp-content\/uploads\/2024\/01\/abaa-metrologia-tienda.png\",\"width\":300,\"height\":141,\"caption\":\"Abaa tienda online\"},\"image\":{\"@id\":\"https:\/\/abaa.mx\/tienda\/#\/schema\/logo\/image\/\"}}]}<\/script>\n<!-- \/ Yoast SEO plugin. -->","yoast_head_json":{"title":"Elitech tlog 10h revisi\u00f3n del registrador de datos - Abaa tienda online","robots":{"index":"index","follow":"follow","max-snippet":"max-snippet:-1","max-image-preview":"max-image-preview:large","max-video-preview":"max-video-preview:-1"},"canonical":"https:\/\/abaa.mx\/tienda\/elitech-tlog-10h-revision-del-registrador-de-datos\/","og_locale":"es_MX","og_type":"article","og_title":"Elitech tlog 10h revisi\u00f3n del registrador de datos - Abaa tienda online","og_description":"Elitech Tlog 10H, puede rastrear y analizar f\u00e1cilmente los cambios de temperatura con precisi\u00f3n y facilidad. Este registrador de temperatura reutilizable ofrece un puerto USB para una transferencia de datos sin problemas y la friolera de 32000 puntos para grabar, lo que garantiza que nunca se pierda un momento crucial.","og_url":"https:\/\/abaa.mx\/tienda\/elitech-tlog-10h-revision-del-registrador-de-datos\/","og_site_name":"Abaa tienda online","article_modified_time":"2023-11-13T19:30:46+00:00","og_image":[{"width":1000,"height":1000,"url":"https:\/\/abaa.mx\/tienda\/wp-content\/uploads\/2023\/10\/Elitech-tlog-10h.jpg","type":"image\/jpeg"}],"twitter_card":"summary_large_image","twitter_misc":{"Tiempo de lectura":"1 minuto"},"schema":{"@context":"https:\/\/schema.org","@graph":[{"@type":"WebPage","@id":"https:\/\/abaa.mx\/tienda\/elitech-tlog-10h-revision-del-registrador-de-datos\/","url":"https:\/\/abaa.mx\/tienda\/elitech-tlog-10h-revision-del-registrador-de-datos\/","name":"Elitech tlog 10h revisi\u00f3n del registrador de datos - Abaa tienda online","isPartOf":{"@id":"https:\/\/abaa.mx\/tienda\/#website"},"primaryImageOfPage":{"@id":"https:\/\/abaa.mx\/tienda\/elitech-tlog-10h-revision-del-registrador-de-datos\/#primaryimage"},"image":{"@id":"https:\/\/abaa.mx\/tienda\/elitech-tlog-10h-revision-del-registrador-de-datos\/#primaryimage"},"thumbnailUrl":"https:\/\/abaa.mx\/tienda\/wp-content\/uploads\/2023\/10\/Elitech-tlog-10h.jpg","datePublished":"2023-10-31T17:19:40+00:00","dateModified":"2023-11-13T19:30:46+00:00","breadcrumb":{"@id":"https:\/\/abaa.mx\/tienda\/elitech-tlog-10h-revision-del-registrador-de-datos\/#breadcrumb"},"inLanguage":"es","potentialAction":[{"@type":"ReadAction","target":["https:\/\/abaa.mx\/tienda\/elitech-tlog-10h-revision-del-registrador-de-datos\/"]}]},{"@type":"ImageObject","inLanguage":"es","@id":"https:\/\/abaa.mx\/tienda\/elitech-tlog-10h-revision-del-registrador-de-datos\/#primaryimage","url":"https:\/\/abaa.mx\/tienda\/wp-content\/uploads\/2023\/10\/Elitech-tlog-10h.jpg","contentUrl":"https:\/\/abaa.mx\/tienda\/wp-content\/uploads\/2023\/10\/Elitech-tlog-10h.jpg","width":1000,"height":1000,"caption":"Elitech tlog 10h"},{"@type":"BreadcrumbList","@id":"https:\/\/abaa.mx\/tienda\/elitech-tlog-10h-revision-del-registrador-de-datos\/#breadcrumb","itemListElement":[{"@type":"ListItem","position":1,"name":"Inicio","item":"https:\/\/abaa.mx\/tienda\/"},{"@type":"ListItem","position":2,"name":"Tienda","item":"https:\/\/abaa.mx\/tienda\/"},{"@type":"ListItem","position":3,"name":"Elitech tlog 10h revisi\u00f3n del registrador de datos"}]},{"@type":"WebSite","@id":"https:\/\/abaa.mx\/tienda\/#website","url":"https:\/\/abaa.mx\/tienda\/","name":"Abaa tienda online","description":"Instrumentos de medici\u00f3n","publisher":{"@id":"https:\/\/abaa.mx\/tienda\/#organization"},"potentialAction":[{"@type":"SearchAction","target":{"@type":"EntryPoint","urlTemplate":"https:\/\/abaa.mx\/tienda\/?s={search_term_string}"},"query-input":{"@type":"PropertyValueSpecification","valueRequired":true,"valueName":"search_term_string"}}],"inLanguage":"es"},{"@type":"Organization","@id":"https:\/\/abaa.mx\/tienda\/#organization","name":"Abaa tienda online","url":"https:\/\/abaa.mx\/tienda\/","logo":{"@type":"ImageObject","inLanguage":"es","@id":"https:\/\/abaa.mx\/tienda\/#\/schema\/logo\/image\/","url":"https:\/\/abaa.mx\/tienda\/wp-content\/uploads\/2024\/01\/abaa-metrologia-tienda.png","contentUrl":"https:\/\/abaa.mx\/tienda\/wp-content\/uploads\/2024\/01\/abaa-metrologia-tienda.png","width":300,"height":141,"caption":"Abaa tienda online"},"image":{"@id":"https:\/\/abaa.mx\/tienda\/#\/schema\/logo\/image\/"}}]}},"_links":{"self":[{"href":"https:\/\/abaa.mx\/tienda\/wp-json\/wp\/v2\/product\/8297","targetHints":{"allow":["GET"]}}],"collection":[{"href":"https:\/\/abaa.mx\/tienda\/wp-json\/wp\/v2\/product"}],"about":[{"href":"https:\/\/abaa.mx\/tienda\/wp-json\/wp\/v2\/types\/product"}],"replies":[{"embeddable":true,"href":"https:\/\/abaa.mx\/tienda\/wp-json\/wp\/v2\/comments?post=8297"}],"wp:featuredmedia":[{"embeddable":true,"href":"https:\/\/abaa.mx\/tienda\/wp-json\/wp\/v2\/media\/8298"}],"wp:attachment":[{"href":"https:\/\/abaa.mx\/tienda\/wp-json\/wp\/v2\/media?parent=8297"}],"wp:term":[{"taxonomy":"product_brand","embeddable":true,"href":"https:\/\/abaa.mx\/tienda\/wp-json\/wp\/v2\/product_brand?post=8297"},{"taxonomy":"product_cat","embeddable":true,"href":"https:\/\/abaa.mx\/tienda\/wp-json\/wp\/v2\/product_cat?post=8297"},{"taxonomy":"product_tag","embeddable":true,"href":"https:\/\/abaa.mx\/tienda\/wp-json\/wp\/v2\/product_tag?post=8297"}],"curies":[{"name":"wp","href":"https:\/\/api.w.org\/{rel}","templated":true}]}}