{"id":8287,"date":"2023-10-31T16:45:41","date_gmt":"2023-10-31T16:45:41","guid":{"rendered":"https:\/\/abaa.mx\/tienda\/?post_type=product&#038;p=8287"},"modified":"2023-10-31T16:45:42","modified_gmt":"2023-10-31T16:45:42","slug":"durometro-leeb-digital-portatil-epx300","status":"publish","type":"product","link":"https:\/\/abaa.mx\/tienda\/durometro-leeb-digital-portatil-epx300\/","title":{"rendered":"Dur\u00f3metro Leeb Digital Port\u00e1til &#8211; EPX300"},"content":{"rendered":"<p>Dur\u00f3metro Leeb Digital Port\u00e1til &#8211; EPX300<\/p>\n","protected":false},"excerpt":{"rendered":"<ul>\n<li>Peque\u00f1o, ligero y port\u00e1til.<\/li>\n<li>M\u00e1s adecuado para probar piezas met\u00e1licas pesadas, grandes o al aire libre.<\/li>\n<li>Impresi\u00f3n inal\u00e1mbrica.<\/li>\n<\/ul>\n<p>Cumple con la norma ASTM A956, DIN 50156.<\/p>\n<p><strong>Par\u00e1metros T\u00e9cnicos:<\/strong><\/p>\n<div class=\"scrollable-wrapper\">\n<table>\n<tbody>\n<tr>\n<td>Precisi\u00f3n<\/td>\n<td>\u00b16 HL<\/td>\n<\/tr>\n<tr>\n<td>Escalas<\/td>\n<td>HRC, HRB, HB, HV, HSD, MPa<\/td>\n<\/tr>\n<tr>\n<td>Pantalla<\/td>\n<td>Pantalla LCD clara y n\u00edtida<\/td>\n<\/tr>\n<tr>\n<td>Direcci\u00f3n de prueba<\/td>\n<td>Cualquier direcci\u00f3n<\/td>\n<\/tr>\n<tr>\n<td>Ambiente de Operaci\u00f3n<\/td>\n<td>Temperatura: -10 &#8211; +40\u00b0C<br \/>\nHumedad: 20% &#8211; 85%<\/td>\n<\/tr>\n<tr>\n<td>Ambiente para Almacenaje<\/td>\n<td>Temperatura: -30~+80\u00b0C<br \/>\nHumedad: 5% &#8211; 95%<\/td>\n<\/tr>\n<tr>\n<td>Impresora<\/td>\n<td>Impresora t\u00e9rmica conexi\u00f3n por infrarrojos.<\/td>\n<\/tr>\n<tr>\n<td>Energ\u00eda:<\/td>\n<td>Pilas \u201cAAA\u201d de 1.5 Volt (3 pzas.)<\/td>\n<\/tr>\n<tr>\n<td>Dimensiones<\/td>\n<td>150mm x 80mm x 30mm<\/td>\n<\/tr>\n<tr>\n<td>Peso<\/td>\n<td>Peso Aprox. 200g<\/td>\n<\/tr>\n<tr>\n<td>Contenido del empaque:<\/td>\n<td>Unidad principal con Pantalla LCD,<br \/>\nDispositivo de impacto tipo \u201cD\u201d<\/p>\n<p>Bloque de Referencia de Dureza<br \/>\nCargador AC\/DC, Cepillo limpiador,<br \/>\nMini-impresora IR<br \/>\nSoporte peque\u00f1o tipo anillo<\/p>\n<p>Manual del usuario<\/td>\n<\/tr>\n<\/tbody>\n<\/table>\n<\/div>\n<p><strong>Escalas de dureza:<\/strong><\/p>\n<ul>\n<li>\n<div class=\"scrollable-wrapper\">\n<table border=\"1\">\n<tbody>\n<tr>\n<td>Materiales<\/td>\n<td>\u00a0 \u00a0 HV<\/td>\n<td>\u00a0 \u00a0 \u00a0 HB<\/td>\n<td>\u00a0 \u00a0 HRC<\/td>\n<td>\u00a0 \u00a0 HRB<\/td>\n<td>\u00a0 \u00a0HSD<\/td>\n<td>LIMITE DE RESISTENCIA (MPa)<\/td>\n<\/tr>\n<tr>\n<td>Acero &amp; acero fundido<\/td>\n<td>81 &#8211; 955<\/td>\n<td>81~ 654<\/td>\n<td>20.0 &#8211; 68.4<\/td>\n<td>38.4 &#8211; 99.5<\/td>\n<td>32.5 &#8211; 99.5<\/td>\n<td>375 &#8211; 2,639<\/td>\n<\/tr>\n<tr>\n<td>Herramienta de acero<\/td>\n<td>80 &#8211; 898<\/td>\n<td>&nbsp;<\/td>\n<td>20.4 &#8211; 67.1<\/td>\n<td>&nbsp;<\/td>\n<td>&nbsp;<\/td>\n<td>375 &#8211; 2,639<\/td>\n<\/tr>\n<tr>\n<td>Acero inoxidable<\/td>\n<td>85 &#8211; 802<\/td>\n<td>85 &#8211; 655<\/td>\n<td>19.6 &#8211; 62.4<\/td>\n<td>46.5 &#8211; 101.7<\/td>\n<td>&nbsp;<\/td>\n<td>740 &#8211; 1,725<\/td>\n<\/tr>\n<tr>\n<td>Fundici\u00f3n gris<\/td>\n<td>&nbsp;<\/td>\n<td>63 &#8211; 336<\/td>\n<td>&nbsp;<\/td>\n<td>&nbsp;<\/td>\n<td>&nbsp;<\/td>\n<td>&nbsp;<\/td>\n<\/tr>\n<tr>\n<td>Fusi\u00f3n d\u00factil<\/td>\n<td>&nbsp;<\/td>\n<td>140 &#8211; 387<\/td>\n<td>&nbsp;<\/td>\n<td>&nbsp;<\/td>\n<td>&nbsp;<\/td>\n<td>&nbsp;<\/td>\n<\/tr>\n<tr>\n<td>Aleaci\u00f3n colada<\/td>\n<td>&nbsp;<\/td>\n<td>19 &#8211; 164<\/td>\n<td>&nbsp;<\/td>\n<td>23.8 &#8211; 84.6<\/td>\n<td>&nbsp;<\/td>\n<td>&nbsp;<\/td>\n<\/tr>\n<tr>\n<td>Lat\u00f3n<\/td>\n<td>&nbsp;<\/td>\n<td>40 &#8211; 173<\/td>\n<td>&nbsp;<\/td>\n<td>13.5 &#8211; 95.3<\/td>\n<td>&nbsp;<\/td>\n<td>&nbsp;<\/td>\n<\/tr>\n<tr>\n<td>Bronce<\/td>\n<td>&nbsp;<\/td>\n<td>60 &#8211; 290<\/td>\n<td>&nbsp;<\/td>\n<td>&nbsp;<\/td>\n<td>&nbsp;<\/td>\n<td>&nbsp;<\/td>\n<\/tr>\n<tr>\n<td>Cobre<\/td>\n<td>&nbsp;<\/td>\n<td>45 &#8211; 315<\/td>\n<td>&nbsp;<\/td>\n<td>&nbsp;<\/td>\n<td>&nbsp;<\/td>\n<td>&nbsp;<\/td>\n<\/tr>\n<tr>\n<td>Acero forjado<\/td>\n<td>83 &#8211; 976<\/td>\n<td>142 &#8211; 651<\/td>\n<td>19.8 &#8211; 68.5<\/td>\n<td>59.6 &#8211; 99.6<\/td>\n<td>26.4 &#8211; 99.5<\/td>\n<td>&nbsp;<\/td>\n<\/tr>\n<\/tbody>\n<\/table>\n<\/div>\n<\/li>\n<\/ul>\n","protected":false},"featured_media":8290,"comment_status":"open","ping_status":"closed","template":"","meta":{"_joinchat":[]},"product_brand":[],"product_cat":[95],"product_tag":[],"class_list":{"0":"post-8287","1":"product","2":"type-product","3":"status-publish","4":"has-post-thumbnail","6":"product_cat-durometro","8":"first","9":"instock","10":"shipping-taxable","11":"product-type-simple"},"yoast_head":"<!-- This site is optimized with the Yoast SEO plugin v26.4 - https:\/\/yoast.com\/wordpress\/plugins\/seo\/ -->\n<title>Dur\u00f3metro Leeb Digital Port\u00e1til - EPX300 - Abaa tienda online<\/title>\n<meta name=\"robots\" content=\"index, follow, max-snippet:-1, max-image-preview:large, max-video-preview:-1\" \/>\n<link rel=\"canonical\" href=\"https:\/\/abaa.mx\/tienda\/durometro-leeb-digital-portatil-epx300\/\" \/>\n<meta property=\"og:locale\" content=\"es_MX\" \/>\n<meta property=\"og:type\" content=\"article\" \/>\n<meta property=\"og:title\" content=\"Dur\u00f3metro Leeb Digital Port\u00e1til - EPX300 - Abaa tienda online\" \/>\n<meta property=\"og:description\" content=\"Peque\u00f1o, ligero y port\u00e1til.  M\u00e1s adecuado para probar piezas met\u00e1licas pesadas, grandes o al aire libre.  Impresi\u00f3n inal\u00e1mbrica.  Cumple con la norma ASTM A956, DIN 50156.  Par\u00e1metros T\u00e9cnicos:     Precisi\u00f3n \u00b16 HL   Escalas HRC, HRB, HB, HV, HSD, MPa   Pantalla Pantalla LCD clara y n\u00edtida   Direcci\u00f3n de prueba Cualquier direcci\u00f3n   Ambiente de Operaci\u00f3n Temperatura: -10 - +40\u00b0C Humedad: 20% - 85%   Ambiente para Almacenaje Temperatura: -30~+80\u00b0C Humedad: 5% - 95%   Impresora Impresora t\u00e9rmica conexi\u00f3n por infrarrojos.   Energ\u00eda: Pilas \u201cAAA\u201d de 1.5 Volt (3 pzas.)   Dimensiones 150mm x 80mm x 30mm   Peso Peso Aprox. 200g   Contenido del empaque: Unidad principal con Pantalla LCD, Dispositivo de impacto tipo \u201cD\u201d  Bloque de Referencia de Dureza Cargador AC\/DC, Cepillo limpiador, Mini-impresora IR Soporte peque\u00f1o tipo anillo  Manual del usuario     Escalas de dureza:        Materiales \u00a0 \u00a0 HV \u00a0 \u00a0 \u00a0 HB \u00a0 \u00a0 HRC \u00a0 \u00a0 HRB \u00a0 \u00a0HSD LIMITE DE RESISTENCIA (MPa)   Acero &amp; acero fundido 81 - 955 81~ 654 20.0 - 68.4 38.4 - 99.5 32.5 - 99.5 375 - 2,639   Herramienta de acero 80 - 898 &nbsp; 20.4 - 67.1 &nbsp; &nbsp; 375 - 2,639   Acero inoxidable 85 - 802 85 - 655 19.6 - 62.4 46.5 - 101.7 &nbsp; 740 - 1,725   Fundici\u00f3n gris &nbsp; 63 - 336 &nbsp; &nbsp; &nbsp; &nbsp;   Fusi\u00f3n d\u00factil &nbsp; 140 - 387 &nbsp; &nbsp; &nbsp; &nbsp;   Aleaci\u00f3n colada &nbsp; 19 - 164 &nbsp; 23.8 - 84.6 &nbsp; &nbsp;   Lat\u00f3n &nbsp; 40 - 173 &nbsp; 13.5 - 95.3 &nbsp; &nbsp;   Bronce &nbsp; 60 - 290 &nbsp; &nbsp; &nbsp; &nbsp;   Cobre &nbsp; 45 - 315 &nbsp; &nbsp; &nbsp; &nbsp;   Acero forjado 83 - 976 142 - 651 19.8 - 68.5 59.6 - 99.6 26.4 - 99.5 &nbsp;\" \/>\n<meta property=\"og:url\" content=\"https:\/\/abaa.mx\/tienda\/durometro-leeb-digital-portatil-epx300\/\" \/>\n<meta property=\"og:site_name\" content=\"Abaa tienda online\" \/>\n<meta property=\"article:modified_time\" content=\"2023-10-31T16:45:42+00:00\" \/>\n<meta property=\"og:image\" content=\"https:\/\/abaa.mx\/tienda\/wp-content\/uploads\/2023\/10\/POLYGON-EPX300.jpg\" \/>\n\t<meta property=\"og:image:width\" content=\"1024\" \/>\n\t<meta property=\"og:image:height\" content=\"775\" \/>\n\t<meta property=\"og:image:type\" content=\"image\/jpeg\" \/>\n<meta name=\"twitter:card\" content=\"summary_large_image\" \/>\n<meta name=\"twitter:label1\" content=\"Tiempo de lectura\" \/>\n\t<meta name=\"twitter:data1\" content=\"1 minuto\" \/>\n<script type=\"application\/ld+json\" class=\"yoast-schema-graph\">{\"@context\":\"https:\/\/schema.org\",\"@graph\":[{\"@type\":\"WebPage\",\"@id\":\"https:\/\/abaa.mx\/tienda\/durometro-leeb-digital-portatil-epx300\/\",\"url\":\"https:\/\/abaa.mx\/tienda\/durometro-leeb-digital-portatil-epx300\/\",\"name\":\"Dur\u00f3metro Leeb Digital Port\u00e1til - EPX300 - Abaa tienda online\",\"isPartOf\":{\"@id\":\"https:\/\/abaa.mx\/tienda\/#website\"},\"primaryImageOfPage\":{\"@id\":\"https:\/\/abaa.mx\/tienda\/durometro-leeb-digital-portatil-epx300\/#primaryimage\"},\"image\":{\"@id\":\"https:\/\/abaa.mx\/tienda\/durometro-leeb-digital-portatil-epx300\/#primaryimage\"},\"thumbnailUrl\":\"https:\/\/abaa.mx\/tienda\/wp-content\/uploads\/2023\/10\/POLYGON-EPX300.jpg\",\"datePublished\":\"2023-10-31T16:45:41+00:00\",\"dateModified\":\"2023-10-31T16:45:42+00:00\",\"breadcrumb\":{\"@id\":\"https:\/\/abaa.mx\/tienda\/durometro-leeb-digital-portatil-epx300\/#breadcrumb\"},\"inLanguage\":\"es\",\"potentialAction\":[{\"@type\":\"ReadAction\",\"target\":[\"https:\/\/abaa.mx\/tienda\/durometro-leeb-digital-portatil-epx300\/\"]}]},{\"@type\":\"ImageObject\",\"inLanguage\":\"es\",\"@id\":\"https:\/\/abaa.mx\/tienda\/durometro-leeb-digital-portatil-epx300\/#primaryimage\",\"url\":\"https:\/\/abaa.mx\/tienda\/wp-content\/uploads\/2023\/10\/POLYGON-EPX300.jpg\",\"contentUrl\":\"https:\/\/abaa.mx\/tienda\/wp-content\/uploads\/2023\/10\/POLYGON-EPX300.jpg\",\"width\":1024,\"height\":775,\"caption\":\"POLYGON EPX300\"},{\"@type\":\"BreadcrumbList\",\"@id\":\"https:\/\/abaa.mx\/tienda\/durometro-leeb-digital-portatil-epx300\/#breadcrumb\",\"itemListElement\":[{\"@type\":\"ListItem\",\"position\":1,\"name\":\"Inicio\",\"item\":\"https:\/\/abaa.mx\/tienda\/\"},{\"@type\":\"ListItem\",\"position\":2,\"name\":\"Tienda\",\"item\":\"https:\/\/abaa.mx\/tienda\/\"},{\"@type\":\"ListItem\",\"position\":3,\"name\":\"Dur\u00f3metro Leeb Digital Port\u00e1til &#8211; EPX300\"}]},{\"@type\":\"WebSite\",\"@id\":\"https:\/\/abaa.mx\/tienda\/#website\",\"url\":\"https:\/\/abaa.mx\/tienda\/\",\"name\":\"Abaa tienda online\",\"description\":\"Instrumentos de medici\u00f3n\",\"publisher\":{\"@id\":\"https:\/\/abaa.mx\/tienda\/#organization\"},\"potentialAction\":[{\"@type\":\"SearchAction\",\"target\":{\"@type\":\"EntryPoint\",\"urlTemplate\":\"https:\/\/abaa.mx\/tienda\/?s={search_term_string}\"},\"query-input\":{\"@type\":\"PropertyValueSpecification\",\"valueRequired\":true,\"valueName\":\"search_term_string\"}}],\"inLanguage\":\"es\"},{\"@type\":\"Organization\",\"@id\":\"https:\/\/abaa.mx\/tienda\/#organization\",\"name\":\"Abaa tienda online\",\"url\":\"https:\/\/abaa.mx\/tienda\/\",\"logo\":{\"@type\":\"ImageObject\",\"inLanguage\":\"es\",\"@id\":\"https:\/\/abaa.mx\/tienda\/#\/schema\/logo\/image\/\",\"url\":\"https:\/\/abaa.mx\/tienda\/wp-content\/uploads\/2024\/01\/abaa-metrologia-tienda.png\",\"contentUrl\":\"https:\/\/abaa.mx\/tienda\/wp-content\/uploads\/2024\/01\/abaa-metrologia-tienda.png\",\"width\":300,\"height\":141,\"caption\":\"Abaa tienda online\"},\"image\":{\"@id\":\"https:\/\/abaa.mx\/tienda\/#\/schema\/logo\/image\/\"}}]}<\/script>\n<!-- \/ Yoast SEO plugin. -->","yoast_head_json":{"title":"Dur\u00f3metro Leeb Digital Port\u00e1til - EPX300 - Abaa tienda online","robots":{"index":"index","follow":"follow","max-snippet":"max-snippet:-1","max-image-preview":"max-image-preview:large","max-video-preview":"max-video-preview:-1"},"canonical":"https:\/\/abaa.mx\/tienda\/durometro-leeb-digital-portatil-epx300\/","og_locale":"es_MX","og_type":"article","og_title":"Dur\u00f3metro Leeb Digital Port\u00e1til - EPX300 - Abaa tienda online","og_description":"Peque\u00f1o, ligero y port\u00e1til.  M\u00e1s adecuado para probar piezas met\u00e1licas pesadas, grandes o al aire libre.  Impresi\u00f3n inal\u00e1mbrica.  Cumple con la norma ASTM A956, DIN 50156.  Par\u00e1metros T\u00e9cnicos:     Precisi\u00f3n \u00b16 HL   Escalas HRC, HRB, HB, HV, HSD, MPa   Pantalla Pantalla LCD clara y n\u00edtida   Direcci\u00f3n de prueba Cualquier direcci\u00f3n   Ambiente de Operaci\u00f3n Temperatura: -10 - +40\u00b0C Humedad: 20% - 85%   Ambiente para Almacenaje Temperatura: -30~+80\u00b0C Humedad: 5% - 95%   Impresora Impresora t\u00e9rmica conexi\u00f3n por infrarrojos.   Energ\u00eda: Pilas \u201cAAA\u201d de 1.5 Volt (3 pzas.)   Dimensiones 150mm x 80mm x 30mm   Peso Peso Aprox. 200g   Contenido del empaque: Unidad principal con Pantalla LCD, Dispositivo de impacto tipo \u201cD\u201d  Bloque de Referencia de Dureza Cargador AC\/DC, Cepillo limpiador, Mini-impresora IR Soporte peque\u00f1o tipo anillo  Manual del usuario     Escalas de dureza:        Materiales \u00a0 \u00a0 HV \u00a0 \u00a0 \u00a0 HB \u00a0 \u00a0 HRC \u00a0 \u00a0 HRB \u00a0 \u00a0HSD LIMITE DE RESISTENCIA (MPa)   Acero &amp; acero fundido 81 - 955 81~ 654 20.0 - 68.4 38.4 - 99.5 32.5 - 99.5 375 - 2,639   Herramienta de acero 80 - 898 &nbsp; 20.4 - 67.1 &nbsp; &nbsp; 375 - 2,639   Acero inoxidable 85 - 802 85 - 655 19.6 - 62.4 46.5 - 101.7 &nbsp; 740 - 1,725   Fundici\u00f3n gris &nbsp; 63 - 336 &nbsp; &nbsp; &nbsp; &nbsp;   Fusi\u00f3n d\u00factil &nbsp; 140 - 387 &nbsp; &nbsp; &nbsp; &nbsp;   Aleaci\u00f3n colada &nbsp; 19 - 164 &nbsp; 23.8 - 84.6 &nbsp; &nbsp;   Lat\u00f3n &nbsp; 40 - 173 &nbsp; 13.5 - 95.3 &nbsp; &nbsp;   Bronce &nbsp; 60 - 290 &nbsp; &nbsp; &nbsp; &nbsp;   Cobre &nbsp; 45 - 315 &nbsp; &nbsp; &nbsp; &nbsp;   Acero forjado 83 - 976 142 - 651 19.8 - 68.5 59.6 - 99.6 26.4 - 99.5 &nbsp;","og_url":"https:\/\/abaa.mx\/tienda\/durometro-leeb-digital-portatil-epx300\/","og_site_name":"Abaa tienda online","article_modified_time":"2023-10-31T16:45:42+00:00","og_image":[{"width":1024,"height":775,"url":"https:\/\/abaa.mx\/tienda\/wp-content\/uploads\/2023\/10\/POLYGON-EPX300.jpg","type":"image\/jpeg"}],"twitter_card":"summary_large_image","twitter_misc":{"Tiempo de lectura":"1 minuto"},"schema":{"@context":"https:\/\/schema.org","@graph":[{"@type":"WebPage","@id":"https:\/\/abaa.mx\/tienda\/durometro-leeb-digital-portatil-epx300\/","url":"https:\/\/abaa.mx\/tienda\/durometro-leeb-digital-portatil-epx300\/","name":"Dur\u00f3metro Leeb Digital Port\u00e1til - EPX300 - Abaa tienda online","isPartOf":{"@id":"https:\/\/abaa.mx\/tienda\/#website"},"primaryImageOfPage":{"@id":"https:\/\/abaa.mx\/tienda\/durometro-leeb-digital-portatil-epx300\/#primaryimage"},"image":{"@id":"https:\/\/abaa.mx\/tienda\/durometro-leeb-digital-portatil-epx300\/#primaryimage"},"thumbnailUrl":"https:\/\/abaa.mx\/tienda\/wp-content\/uploads\/2023\/10\/POLYGON-EPX300.jpg","datePublished":"2023-10-31T16:45:41+00:00","dateModified":"2023-10-31T16:45:42+00:00","breadcrumb":{"@id":"https:\/\/abaa.mx\/tienda\/durometro-leeb-digital-portatil-epx300\/#breadcrumb"},"inLanguage":"es","potentialAction":[{"@type":"ReadAction","target":["https:\/\/abaa.mx\/tienda\/durometro-leeb-digital-portatil-epx300\/"]}]},{"@type":"ImageObject","inLanguage":"es","@id":"https:\/\/abaa.mx\/tienda\/durometro-leeb-digital-portatil-epx300\/#primaryimage","url":"https:\/\/abaa.mx\/tienda\/wp-content\/uploads\/2023\/10\/POLYGON-EPX300.jpg","contentUrl":"https:\/\/abaa.mx\/tienda\/wp-content\/uploads\/2023\/10\/POLYGON-EPX300.jpg","width":1024,"height":775,"caption":"POLYGON EPX300"},{"@type":"BreadcrumbList","@id":"https:\/\/abaa.mx\/tienda\/durometro-leeb-digital-portatil-epx300\/#breadcrumb","itemListElement":[{"@type":"ListItem","position":1,"name":"Inicio","item":"https:\/\/abaa.mx\/tienda\/"},{"@type":"ListItem","position":2,"name":"Tienda","item":"https:\/\/abaa.mx\/tienda\/"},{"@type":"ListItem","position":3,"name":"Dur\u00f3metro Leeb Digital Port\u00e1til &#8211; EPX300"}]},{"@type":"WebSite","@id":"https:\/\/abaa.mx\/tienda\/#website","url":"https:\/\/abaa.mx\/tienda\/","name":"Abaa tienda online","description":"Instrumentos de medici\u00f3n","publisher":{"@id":"https:\/\/abaa.mx\/tienda\/#organization"},"potentialAction":[{"@type":"SearchAction","target":{"@type":"EntryPoint","urlTemplate":"https:\/\/abaa.mx\/tienda\/?s={search_term_string}"},"query-input":{"@type":"PropertyValueSpecification","valueRequired":true,"valueName":"search_term_string"}}],"inLanguage":"es"},{"@type":"Organization","@id":"https:\/\/abaa.mx\/tienda\/#organization","name":"Abaa tienda online","url":"https:\/\/abaa.mx\/tienda\/","logo":{"@type":"ImageObject","inLanguage":"es","@id":"https:\/\/abaa.mx\/tienda\/#\/schema\/logo\/image\/","url":"https:\/\/abaa.mx\/tienda\/wp-content\/uploads\/2024\/01\/abaa-metrologia-tienda.png","contentUrl":"https:\/\/abaa.mx\/tienda\/wp-content\/uploads\/2024\/01\/abaa-metrologia-tienda.png","width":300,"height":141,"caption":"Abaa tienda online"},"image":{"@id":"https:\/\/abaa.mx\/tienda\/#\/schema\/logo\/image\/"}}]}},"_links":{"self":[{"href":"https:\/\/abaa.mx\/tienda\/wp-json\/wp\/v2\/product\/8287","targetHints":{"allow":["GET"]}}],"collection":[{"href":"https:\/\/abaa.mx\/tienda\/wp-json\/wp\/v2\/product"}],"about":[{"href":"https:\/\/abaa.mx\/tienda\/wp-json\/wp\/v2\/types\/product"}],"replies":[{"embeddable":true,"href":"https:\/\/abaa.mx\/tienda\/wp-json\/wp\/v2\/comments?post=8287"}],"wp:featuredmedia":[{"embeddable":true,"href":"https:\/\/abaa.mx\/tienda\/wp-json\/wp\/v2\/media\/8290"}],"wp:attachment":[{"href":"https:\/\/abaa.mx\/tienda\/wp-json\/wp\/v2\/media?parent=8287"}],"wp:term":[{"taxonomy":"product_brand","embeddable":true,"href":"https:\/\/abaa.mx\/tienda\/wp-json\/wp\/v2\/product_brand?post=8287"},{"taxonomy":"product_cat","embeddable":true,"href":"https:\/\/abaa.mx\/tienda\/wp-json\/wp\/v2\/product_cat?post=8287"},{"taxonomy":"product_tag","embeddable":true,"href":"https:\/\/abaa.mx\/tienda\/wp-json\/wp\/v2\/product_tag?post=8287"}],"curies":[{"name":"wp","href":"https:\/\/api.w.org\/{rel}","templated":true}]}}