{"id":8277,"date":"2023-10-31T16:27:55","date_gmt":"2023-10-31T16:27:55","guid":{"rendered":"https:\/\/abaa.mx\/tienda\/?post_type=product&#038;p=8277"},"modified":"2023-10-31T16:27:56","modified_gmt":"2023-10-31T16:27:56","slug":"durometro-leeb-de-bolsillo-sonda-d-gh100d","status":"publish","type":"product","link":"https:\/\/abaa.mx\/tienda\/durometro-leeb-de-bolsillo-sonda-d-gh100d\/","title":{"rendered":"Dur\u00f3metro Leeb de Bolsillo, Sonda D &#8211; GH100D"},"content":{"rendered":"<p>Dur\u00f3metro Leeb de Bolsillo, Sonda D &#8211; GH100D<\/p>\n","protected":false},"excerpt":{"rendered":"<p>El medidor de dureza port\u00e1til tipo Leeb modelo GL-GH100 puede medir de forma directa en el campo de valores en dureza en una pluralidad de escalas de dureza como dureza Rockwell C y B (HRC, HRB); Leeb (HL), Brinell (HB), Vickers (HV) y dureza Shaw (HS). Estas mediciones se hacen dando cumplimiento a reglas de todo el mundo como por poner un ejemplo \u201cLas condiciones t\u00e9cnicas para la prueba de dureza Leeb\u201d ZBN7l 010-90&#8243; y el est\u00e1ndar brit\u00e1nico GB \/ T 17394-1998 sobre \u201cpruebas de dureza en metales\u201d y la norma de dureza Leeb JB\/ T9378-2001 que es emitida por el Ministerio de Maquinaria Industrial, Nacional de Calidad y Supervisi\u00f3n T\u00e9cnica. Su circuito de bajo consumo de energ\u00eda le deja un alto desempe\u00f1o de la bater\u00eda en las mediciones de campo requiriendo menos interrupciones para recarga. Al ser un aparato peque\u00f1o se vuelve una herramienta polivalente que se puede conducir en el bolsillo. Peculiaridades : Cuerpo y carcaza de metal. Pantalla LED Org\u00e1nico para una mejor lectura en cualquier \u00e1mbito. Tiene un puerto de comunicaci\u00f3n tipo micro USB. Memoria de capacidad puede guardar desde 48 hasta 350 conjuntos de informaci\u00f3n introduciendo tabulaci\u00f3n de lecturas individuales , media aritm\u00e9tica, fecha y hora de la prueba, direcci\u00f3n del impacto , material configurado y escala de dureza. Conversi\u00f3n de entidades de dureza a entidades de fuerza de tensi\u00f3n (UTS). Funci\u00f3n de medici\u00f3n del software. El software para computadora esta equipado para configurar , tomar mediciones y almacenar datos.<\/p>\n","protected":false},"featured_media":8283,"comment_status":"open","ping_status":"closed","template":"","meta":{"_joinchat":[]},"product_brand":[],"product_cat":[95],"product_tag":[],"class_list":{"0":"post-8277","1":"product","2":"type-product","3":"status-publish","4":"has-post-thumbnail","6":"product_cat-durometro","8":"first","9":"instock","10":"shipping-taxable","11":"product-type-simple"},"yoast_head":"<!-- This site is optimized with the Yoast SEO plugin v26.4 - https:\/\/yoast.com\/wordpress\/plugins\/seo\/ -->\n<title>Dur\u00f3metro Leeb de Bolsillo, Sonda D - GH100D - Abaa tienda online<\/title>\n<meta name=\"robots\" content=\"index, follow, max-snippet:-1, max-image-preview:large, max-video-preview:-1\" \/>\n<link rel=\"canonical\" href=\"https:\/\/abaa.mx\/tienda\/durometro-leeb-de-bolsillo-sonda-d-gh100d\/\" \/>\n<meta property=\"og:locale\" content=\"es_MX\" \/>\n<meta property=\"og:type\" content=\"article\" \/>\n<meta property=\"og:title\" content=\"Dur\u00f3metro Leeb de Bolsillo, Sonda D - GH100D - Abaa tienda online\" \/>\n<meta property=\"og:description\" content=\"El medidor de dureza port\u00e1til tipo Leeb modelo GL-GH100 puede medir de forma directa en el campo de valores en dureza en una pluralidad de escalas de dureza como dureza Rockwell C y B (HRC, HRB); Leeb (HL), Brinell (HB), Vickers (HV) y dureza Shaw (HS). Estas mediciones se hacen dando cumplimiento a reglas de todo el mundo como por poner un ejemplo \u201cLas condiciones t\u00e9cnicas para la prueba de dureza Leeb\u201d ZBN7l 010-90&quot; y el est\u00e1ndar brit\u00e1nico GB \/ T 17394-1998 sobre \u201cpruebas de dureza en metales\u201d y la norma de dureza Leeb JB\/ T9378-2001 que es emitida por el Ministerio de Maquinaria Industrial, Nacional de Calidad y Supervisi\u00f3n T\u00e9cnica. Su circuito de bajo consumo de energ\u00eda le deja un alto desempe\u00f1o de la bater\u00eda en las mediciones de campo requiriendo menos interrupciones para recarga. Al ser un aparato peque\u00f1o se vuelve una herramienta polivalente que se puede conducir en el bolsillo. Peculiaridades : Cuerpo y carcaza de metal. Pantalla LED Org\u00e1nico para una mejor lectura en cualquier \u00e1mbito. Tiene un puerto de comunicaci\u00f3n tipo micro USB. Memoria de capacidad puede guardar desde 48 hasta 350 conjuntos de informaci\u00f3n introduciendo tabulaci\u00f3n de lecturas individuales , media aritm\u00e9tica, fecha y hora de la prueba, direcci\u00f3n del impacto , material configurado y escala de dureza. Conversi\u00f3n de entidades de dureza a entidades de fuerza de tensi\u00f3n (UTS). Funci\u00f3n de medici\u00f3n del software. El software para computadora esta equipado para configurar , tomar mediciones y almacenar datos.\" \/>\n<meta property=\"og:url\" content=\"https:\/\/abaa.mx\/tienda\/durometro-leeb-de-bolsillo-sonda-d-gh100d\/\" \/>\n<meta property=\"og:site_name\" content=\"Abaa tienda online\" \/>\n<meta property=\"article:modified_time\" content=\"2023-10-31T16:27:56+00:00\" \/>\n<meta property=\"og:image\" content=\"https:\/\/abaa.mx\/tienda\/wp-content\/uploads\/2023\/10\/GALAXY-SONDA-D-GH100D-1.jpg\" \/>\n\t<meta property=\"og:image:width\" content=\"511\" \/>\n\t<meta property=\"og:image:height\" content=\"499\" \/>\n\t<meta property=\"og:image:type\" content=\"image\/jpeg\" \/>\n<meta name=\"twitter:card\" content=\"summary_large_image\" \/>\n<meta name=\"twitter:label1\" content=\"Tiempo de lectura\" \/>\n\t<meta name=\"twitter:data1\" content=\"1 minuto\" \/>\n<script type=\"application\/ld+json\" class=\"yoast-schema-graph\">{\"@context\":\"https:\/\/schema.org\",\"@graph\":[{\"@type\":\"WebPage\",\"@id\":\"https:\/\/abaa.mx\/tienda\/durometro-leeb-de-bolsillo-sonda-d-gh100d\/\",\"url\":\"https:\/\/abaa.mx\/tienda\/durometro-leeb-de-bolsillo-sonda-d-gh100d\/\",\"name\":\"Dur\u00f3metro Leeb de Bolsillo, Sonda D - GH100D - Abaa tienda online\",\"isPartOf\":{\"@id\":\"https:\/\/abaa.mx\/tienda\/#website\"},\"primaryImageOfPage\":{\"@id\":\"https:\/\/abaa.mx\/tienda\/durometro-leeb-de-bolsillo-sonda-d-gh100d\/#primaryimage\"},\"image\":{\"@id\":\"https:\/\/abaa.mx\/tienda\/durometro-leeb-de-bolsillo-sonda-d-gh100d\/#primaryimage\"},\"thumbnailUrl\":\"https:\/\/abaa.mx\/tienda\/wp-content\/uploads\/2023\/10\/GALAXY-SONDA-D-GH100D-1.jpg\",\"datePublished\":\"2023-10-31T16:27:55+00:00\",\"dateModified\":\"2023-10-31T16:27:56+00:00\",\"breadcrumb\":{\"@id\":\"https:\/\/abaa.mx\/tienda\/durometro-leeb-de-bolsillo-sonda-d-gh100d\/#breadcrumb\"},\"inLanguage\":\"es\",\"potentialAction\":[{\"@type\":\"ReadAction\",\"target\":[\"https:\/\/abaa.mx\/tienda\/durometro-leeb-de-bolsillo-sonda-d-gh100d\/\"]}]},{\"@type\":\"ImageObject\",\"inLanguage\":\"es\",\"@id\":\"https:\/\/abaa.mx\/tienda\/durometro-leeb-de-bolsillo-sonda-d-gh100d\/#primaryimage\",\"url\":\"https:\/\/abaa.mx\/tienda\/wp-content\/uploads\/2023\/10\/GALAXY-SONDA-D-GH100D-1.jpg\",\"contentUrl\":\"https:\/\/abaa.mx\/tienda\/wp-content\/uploads\/2023\/10\/GALAXY-SONDA-D-GH100D-1.jpg\",\"width\":511,\"height\":499,\"caption\":\"GALAXY SONDA D- GH100D\"},{\"@type\":\"BreadcrumbList\",\"@id\":\"https:\/\/abaa.mx\/tienda\/durometro-leeb-de-bolsillo-sonda-d-gh100d\/#breadcrumb\",\"itemListElement\":[{\"@type\":\"ListItem\",\"position\":1,\"name\":\"Inicio\",\"item\":\"https:\/\/abaa.mx\/tienda\/\"},{\"@type\":\"ListItem\",\"position\":2,\"name\":\"Tienda\",\"item\":\"https:\/\/abaa.mx\/tienda\/\"},{\"@type\":\"ListItem\",\"position\":3,\"name\":\"Dur\u00f3metro Leeb de Bolsillo, Sonda D &#8211; GH100D\"}]},{\"@type\":\"WebSite\",\"@id\":\"https:\/\/abaa.mx\/tienda\/#website\",\"url\":\"https:\/\/abaa.mx\/tienda\/\",\"name\":\"Abaa tienda online\",\"description\":\"Instrumentos de medici\u00f3n\",\"publisher\":{\"@id\":\"https:\/\/abaa.mx\/tienda\/#organization\"},\"potentialAction\":[{\"@type\":\"SearchAction\",\"target\":{\"@type\":\"EntryPoint\",\"urlTemplate\":\"https:\/\/abaa.mx\/tienda\/?s={search_term_string}\"},\"query-input\":{\"@type\":\"PropertyValueSpecification\",\"valueRequired\":true,\"valueName\":\"search_term_string\"}}],\"inLanguage\":\"es\"},{\"@type\":\"Organization\",\"@id\":\"https:\/\/abaa.mx\/tienda\/#organization\",\"name\":\"Abaa tienda online\",\"url\":\"https:\/\/abaa.mx\/tienda\/\",\"logo\":{\"@type\":\"ImageObject\",\"inLanguage\":\"es\",\"@id\":\"https:\/\/abaa.mx\/tienda\/#\/schema\/logo\/image\/\",\"url\":\"https:\/\/abaa.mx\/tienda\/wp-content\/uploads\/2024\/01\/abaa-metrologia-tienda.png\",\"contentUrl\":\"https:\/\/abaa.mx\/tienda\/wp-content\/uploads\/2024\/01\/abaa-metrologia-tienda.png\",\"width\":300,\"height\":141,\"caption\":\"Abaa tienda online\"},\"image\":{\"@id\":\"https:\/\/abaa.mx\/tienda\/#\/schema\/logo\/image\/\"}}]}<\/script>\n<!-- \/ Yoast SEO plugin. -->","yoast_head_json":{"title":"Dur\u00f3metro Leeb de Bolsillo, Sonda D - GH100D - Abaa tienda online","robots":{"index":"index","follow":"follow","max-snippet":"max-snippet:-1","max-image-preview":"max-image-preview:large","max-video-preview":"max-video-preview:-1"},"canonical":"https:\/\/abaa.mx\/tienda\/durometro-leeb-de-bolsillo-sonda-d-gh100d\/","og_locale":"es_MX","og_type":"article","og_title":"Dur\u00f3metro Leeb de Bolsillo, Sonda D - GH100D - Abaa tienda online","og_description":"El medidor de dureza port\u00e1til tipo Leeb modelo GL-GH100 puede medir de forma directa en el campo de valores en dureza en una pluralidad de escalas de dureza como dureza Rockwell C y B (HRC, HRB); Leeb (HL), Brinell (HB), Vickers (HV) y dureza Shaw (HS). Estas mediciones se hacen dando cumplimiento a reglas de todo el mundo como por poner un ejemplo \u201cLas condiciones t\u00e9cnicas para la prueba de dureza Leeb\u201d ZBN7l 010-90\" y el est\u00e1ndar brit\u00e1nico GB \/ T 17394-1998 sobre \u201cpruebas de dureza en metales\u201d y la norma de dureza Leeb JB\/ T9378-2001 que es emitida por el Ministerio de Maquinaria Industrial, Nacional de Calidad y Supervisi\u00f3n T\u00e9cnica. Su circuito de bajo consumo de energ\u00eda le deja un alto desempe\u00f1o de la bater\u00eda en las mediciones de campo requiriendo menos interrupciones para recarga. Al ser un aparato peque\u00f1o se vuelve una herramienta polivalente que se puede conducir en el bolsillo. Peculiaridades : Cuerpo y carcaza de metal. Pantalla LED Org\u00e1nico para una mejor lectura en cualquier \u00e1mbito. Tiene un puerto de comunicaci\u00f3n tipo micro USB. Memoria de capacidad puede guardar desde 48 hasta 350 conjuntos de informaci\u00f3n introduciendo tabulaci\u00f3n de lecturas individuales , media aritm\u00e9tica, fecha y hora de la prueba, direcci\u00f3n del impacto , material configurado y escala de dureza. Conversi\u00f3n de entidades de dureza a entidades de fuerza de tensi\u00f3n (UTS). Funci\u00f3n de medici\u00f3n del software. El software para computadora esta equipado para configurar , tomar mediciones y almacenar datos.","og_url":"https:\/\/abaa.mx\/tienda\/durometro-leeb-de-bolsillo-sonda-d-gh100d\/","og_site_name":"Abaa tienda online","article_modified_time":"2023-10-31T16:27:56+00:00","og_image":[{"width":511,"height":499,"url":"https:\/\/abaa.mx\/tienda\/wp-content\/uploads\/2023\/10\/GALAXY-SONDA-D-GH100D-1.jpg","type":"image\/jpeg"}],"twitter_card":"summary_large_image","twitter_misc":{"Tiempo de lectura":"1 minuto"},"schema":{"@context":"https:\/\/schema.org","@graph":[{"@type":"WebPage","@id":"https:\/\/abaa.mx\/tienda\/durometro-leeb-de-bolsillo-sonda-d-gh100d\/","url":"https:\/\/abaa.mx\/tienda\/durometro-leeb-de-bolsillo-sonda-d-gh100d\/","name":"Dur\u00f3metro Leeb de Bolsillo, Sonda D - GH100D - Abaa tienda online","isPartOf":{"@id":"https:\/\/abaa.mx\/tienda\/#website"},"primaryImageOfPage":{"@id":"https:\/\/abaa.mx\/tienda\/durometro-leeb-de-bolsillo-sonda-d-gh100d\/#primaryimage"},"image":{"@id":"https:\/\/abaa.mx\/tienda\/durometro-leeb-de-bolsillo-sonda-d-gh100d\/#primaryimage"},"thumbnailUrl":"https:\/\/abaa.mx\/tienda\/wp-content\/uploads\/2023\/10\/GALAXY-SONDA-D-GH100D-1.jpg","datePublished":"2023-10-31T16:27:55+00:00","dateModified":"2023-10-31T16:27:56+00:00","breadcrumb":{"@id":"https:\/\/abaa.mx\/tienda\/durometro-leeb-de-bolsillo-sonda-d-gh100d\/#breadcrumb"},"inLanguage":"es","potentialAction":[{"@type":"ReadAction","target":["https:\/\/abaa.mx\/tienda\/durometro-leeb-de-bolsillo-sonda-d-gh100d\/"]}]},{"@type":"ImageObject","inLanguage":"es","@id":"https:\/\/abaa.mx\/tienda\/durometro-leeb-de-bolsillo-sonda-d-gh100d\/#primaryimage","url":"https:\/\/abaa.mx\/tienda\/wp-content\/uploads\/2023\/10\/GALAXY-SONDA-D-GH100D-1.jpg","contentUrl":"https:\/\/abaa.mx\/tienda\/wp-content\/uploads\/2023\/10\/GALAXY-SONDA-D-GH100D-1.jpg","width":511,"height":499,"caption":"GALAXY SONDA D- GH100D"},{"@type":"BreadcrumbList","@id":"https:\/\/abaa.mx\/tienda\/durometro-leeb-de-bolsillo-sonda-d-gh100d\/#breadcrumb","itemListElement":[{"@type":"ListItem","position":1,"name":"Inicio","item":"https:\/\/abaa.mx\/tienda\/"},{"@type":"ListItem","position":2,"name":"Tienda","item":"https:\/\/abaa.mx\/tienda\/"},{"@type":"ListItem","position":3,"name":"Dur\u00f3metro Leeb de Bolsillo, Sonda D &#8211; GH100D"}]},{"@type":"WebSite","@id":"https:\/\/abaa.mx\/tienda\/#website","url":"https:\/\/abaa.mx\/tienda\/","name":"Abaa tienda online","description":"Instrumentos de medici\u00f3n","publisher":{"@id":"https:\/\/abaa.mx\/tienda\/#organization"},"potentialAction":[{"@type":"SearchAction","target":{"@type":"EntryPoint","urlTemplate":"https:\/\/abaa.mx\/tienda\/?s={search_term_string}"},"query-input":{"@type":"PropertyValueSpecification","valueRequired":true,"valueName":"search_term_string"}}],"inLanguage":"es"},{"@type":"Organization","@id":"https:\/\/abaa.mx\/tienda\/#organization","name":"Abaa tienda online","url":"https:\/\/abaa.mx\/tienda\/","logo":{"@type":"ImageObject","inLanguage":"es","@id":"https:\/\/abaa.mx\/tienda\/#\/schema\/logo\/image\/","url":"https:\/\/abaa.mx\/tienda\/wp-content\/uploads\/2024\/01\/abaa-metrologia-tienda.png","contentUrl":"https:\/\/abaa.mx\/tienda\/wp-content\/uploads\/2024\/01\/abaa-metrologia-tienda.png","width":300,"height":141,"caption":"Abaa tienda online"},"image":{"@id":"https:\/\/abaa.mx\/tienda\/#\/schema\/logo\/image\/"}}]}},"_links":{"self":[{"href":"https:\/\/abaa.mx\/tienda\/wp-json\/wp\/v2\/product\/8277","targetHints":{"allow":["GET"]}}],"collection":[{"href":"https:\/\/abaa.mx\/tienda\/wp-json\/wp\/v2\/product"}],"about":[{"href":"https:\/\/abaa.mx\/tienda\/wp-json\/wp\/v2\/types\/product"}],"replies":[{"embeddable":true,"href":"https:\/\/abaa.mx\/tienda\/wp-json\/wp\/v2\/comments?post=8277"}],"wp:featuredmedia":[{"embeddable":true,"href":"https:\/\/abaa.mx\/tienda\/wp-json\/wp\/v2\/media\/8283"}],"wp:attachment":[{"href":"https:\/\/abaa.mx\/tienda\/wp-json\/wp\/v2\/media?parent=8277"}],"wp:term":[{"taxonomy":"product_brand","embeddable":true,"href":"https:\/\/abaa.mx\/tienda\/wp-json\/wp\/v2\/product_brand?post=8277"},{"taxonomy":"product_cat","embeddable":true,"href":"https:\/\/abaa.mx\/tienda\/wp-json\/wp\/v2\/product_cat?post=8277"},{"taxonomy":"product_tag","embeddable":true,"href":"https:\/\/abaa.mx\/tienda\/wp-json\/wp\/v2\/product_tag?post=8277"}],"curies":[{"name":"wp","href":"https:\/\/api.w.org\/{rel}","templated":true}]}}