{"id":827,"date":"2020-10-06T23:38:44","date_gmt":"2020-10-06T23:38:44","guid":{"rendered":"https:\/\/abaa.mx\/tienda\/?post_type=product&#038;p=827"},"modified":"2021-04-08T18:22:14","modified_gmt":"2021-04-08T18:22:14","slug":"termometro-avaly-dt100s","status":"publish","type":"product","link":"https:\/\/abaa.mx\/tienda\/termometro-avaly-dt100s\/","title":{"rendered":"Term\u00f3metro Avaly DT100S"},"content":{"rendered":"<p>Caracter\u00edsticas de term\u00f3metro Avaly DT100S<\/p>\n<table>\n<tbody>\n<tr>\n<td width=\"599\">Funci\u00f3n.<\/td>\n<\/tr>\n<tr>\n<td width=\"599\">C\u00e1maras de refrigeraci\u00f3n.<\/td>\n<\/tr>\n<tr>\n<td width=\"599\">Registro.<\/td>\n<\/tr>\n<tr>\n<td width=\"599\">\u00b0C.<\/td>\n<\/tr>\n<tr>\n<td width=\"599\">Rango Celsius.<\/td>\n<\/tr>\n<tr>\n<td width=\"599\">-40\u00b0C a 70\u00b0C.<\/td>\n<\/tr>\n<tr>\n<td width=\"599\">Lectura.<\/td>\n<\/tr>\n<tr>\n<td width=\"599\">Digital.<\/td>\n<\/tr>\n<tr>\n<td width=\"599\">Pantalla.<\/td>\n<\/tr>\n<tr>\n<td width=\"599\">LCD.<\/td>\n<\/tr>\n<tr>\n<td width=\"599\">Bater\u00eda.<\/td>\n<\/tr>\n<tr>\n<td width=\"599\">Litio.<\/td>\n<\/tr>\n<tr>\n<td width=\"599\">Caratula.<\/td>\n<\/tr>\n<tr>\n<td width=\"599\">51mm.<\/td>\n<\/tr>\n<tr>\n<td width=\"599\">Material.<\/td>\n<\/tr>\n<tr>\n<td width=\"599\">Pl\u00e1stico.<\/td>\n<\/tr>\n<tr>\n<td width=\"599\">Uso.<\/td>\n<\/tr>\n<tr>\n<td width=\"599\">Industrial.<\/td>\n<\/tr>\n<\/tbody>\n<\/table>\n","protected":false},"excerpt":{"rendered":"<p>El term\u00f3metro digital DT100S funciona por medio de una bater\u00eda de litio que le permite registrar la temperatura. Recoge datos atmosf\u00e9ricos para registrar la temperatura, tambi\u00e9n registra la tendencia de los sucesivos d\u00edas y los valores m\u00ednimos y m\u00e1ximos de la temperatura. Contiene una escala de \u00baC y un sensor de acero inoxidable de 1.20 m que le permite registrar las temperaturas en cuartos de refrigeraci\u00f3n, es recomendable.<\/p>\n","protected":false},"featured_media":1151,"comment_status":"open","ping_status":"closed","template":"","meta":{"_joinchat":[]},"product_brand":[],"product_cat":[57],"product_tag":[],"class_list":{"0":"post-827","1":"product","2":"type-product","3":"status-publish","4":"has-post-thumbnail","6":"product_cat-termometros","8":"first","9":"instock","10":"shipping-taxable","11":"product-type-simple"},"yoast_head":"<!-- This site is optimized with the Yoast SEO plugin v26.4 - https:\/\/yoast.com\/wordpress\/plugins\/seo\/ -->\n<title>Term\u00f3metro Avaly DT100S - Abaa tienda online<\/title>\n<meta name=\"robots\" content=\"index, follow, max-snippet:-1, max-image-preview:large, max-video-preview:-1\" \/>\n<link rel=\"canonical\" href=\"https:\/\/abaa.mx\/tienda\/termometro-avaly-dt100s\/\" \/>\n<meta property=\"og:locale\" content=\"es_MX\" \/>\n<meta property=\"og:type\" content=\"article\" \/>\n<meta property=\"og:title\" content=\"Term\u00f3metro Avaly DT100S - Abaa tienda online\" \/>\n<meta property=\"og:description\" content=\"El term\u00f3metro digital DT100S funciona por medio de una bater\u00eda de litio que le permite registrar la temperatura. Recoge datos atmosf\u00e9ricos para registrar la temperatura, tambi\u00e9n registra la tendencia de los sucesivos d\u00edas y los valores m\u00ednimos y m\u00e1ximos de la temperatura. Contiene una escala de \u00baC y un sensor de acero inoxidable de 1.20 m que le permite registrar las temperaturas en cuartos de refrigeraci\u00f3n, es recomendable.\" \/>\n<meta property=\"og:url\" content=\"https:\/\/abaa.mx\/tienda\/termometro-avaly-dt100s\/\" \/>\n<meta property=\"og:site_name\" content=\"Abaa tienda online\" \/>\n<meta property=\"article:modified_time\" content=\"2021-04-08T18:22:14+00:00\" \/>\n<meta property=\"og:image\" content=\"https:\/\/abaa.mx\/tienda\/wp-content\/uploads\/2020\/10\/Termometro-Avaly-DT100S.jpg\" \/>\n\t<meta property=\"og:image:width\" content=\"800\" \/>\n\t<meta property=\"og:image:height\" content=\"800\" \/>\n\t<meta property=\"og:image:type\" content=\"image\/jpeg\" \/>\n<meta name=\"twitter:card\" content=\"summary_large_image\" \/>\n<script type=\"application\/ld+json\" class=\"yoast-schema-graph\">{\"@context\":\"https:\/\/schema.org\",\"@graph\":[{\"@type\":\"WebPage\",\"@id\":\"https:\/\/abaa.mx\/tienda\/termometro-avaly-dt100s\/\",\"url\":\"https:\/\/abaa.mx\/tienda\/termometro-avaly-dt100s\/\",\"name\":\"Term\u00f3metro Avaly DT100S - Abaa tienda online\",\"isPartOf\":{\"@id\":\"https:\/\/abaa.mx\/tienda\/#website\"},\"primaryImageOfPage\":{\"@id\":\"https:\/\/abaa.mx\/tienda\/termometro-avaly-dt100s\/#primaryimage\"},\"image\":{\"@id\":\"https:\/\/abaa.mx\/tienda\/termometro-avaly-dt100s\/#primaryimage\"},\"thumbnailUrl\":\"https:\/\/abaa.mx\/tienda\/wp-content\/uploads\/2020\/10\/Termometro-Avaly-DT100S.jpg\",\"datePublished\":\"2020-10-06T23:38:44+00:00\",\"dateModified\":\"2021-04-08T18:22:14+00:00\",\"breadcrumb\":{\"@id\":\"https:\/\/abaa.mx\/tienda\/termometro-avaly-dt100s\/#breadcrumb\"},\"inLanguage\":\"es\",\"potentialAction\":[{\"@type\":\"ReadAction\",\"target\":[\"https:\/\/abaa.mx\/tienda\/termometro-avaly-dt100s\/\"]}]},{\"@type\":\"ImageObject\",\"inLanguage\":\"es\",\"@id\":\"https:\/\/abaa.mx\/tienda\/termometro-avaly-dt100s\/#primaryimage\",\"url\":\"https:\/\/abaa.mx\/tienda\/wp-content\/uploads\/2020\/10\/Termometro-Avaly-DT100S.jpg\",\"contentUrl\":\"https:\/\/abaa.mx\/tienda\/wp-content\/uploads\/2020\/10\/Termometro-Avaly-DT100S.jpg\",\"width\":800,\"height\":800,\"caption\":\"Term\u00f3metro Avaly DT100S\"},{\"@type\":\"BreadcrumbList\",\"@id\":\"https:\/\/abaa.mx\/tienda\/termometro-avaly-dt100s\/#breadcrumb\",\"itemListElement\":[{\"@type\":\"ListItem\",\"position\":1,\"name\":\"Inicio\",\"item\":\"https:\/\/abaa.mx\/tienda\/\"},{\"@type\":\"ListItem\",\"position\":2,\"name\":\"Tienda\",\"item\":\"https:\/\/abaa.mx\/tienda\/\"},{\"@type\":\"ListItem\",\"position\":3,\"name\":\"Term\u00f3metro Avaly DT100S\"}]},{\"@type\":\"WebSite\",\"@id\":\"https:\/\/abaa.mx\/tienda\/#website\",\"url\":\"https:\/\/abaa.mx\/tienda\/\",\"name\":\"Abaa tienda online\",\"description\":\"Instrumentos de medici\u00f3n\",\"publisher\":{\"@id\":\"https:\/\/abaa.mx\/tienda\/#organization\"},\"potentialAction\":[{\"@type\":\"SearchAction\",\"target\":{\"@type\":\"EntryPoint\",\"urlTemplate\":\"https:\/\/abaa.mx\/tienda\/?s={search_term_string}\"},\"query-input\":{\"@type\":\"PropertyValueSpecification\",\"valueRequired\":true,\"valueName\":\"search_term_string\"}}],\"inLanguage\":\"es\"},{\"@type\":\"Organization\",\"@id\":\"https:\/\/abaa.mx\/tienda\/#organization\",\"name\":\"Abaa tienda online\",\"url\":\"https:\/\/abaa.mx\/tienda\/\",\"logo\":{\"@type\":\"ImageObject\",\"inLanguage\":\"es\",\"@id\":\"https:\/\/abaa.mx\/tienda\/#\/schema\/logo\/image\/\",\"url\":\"https:\/\/abaa.mx\/tienda\/wp-content\/uploads\/2024\/01\/abaa-metrologia-tienda.png\",\"contentUrl\":\"https:\/\/abaa.mx\/tienda\/wp-content\/uploads\/2024\/01\/abaa-metrologia-tienda.png\",\"width\":300,\"height\":141,\"caption\":\"Abaa tienda online\"},\"image\":{\"@id\":\"https:\/\/abaa.mx\/tienda\/#\/schema\/logo\/image\/\"}}]}<\/script>\n<!-- \/ Yoast SEO plugin. -->","yoast_head_json":{"title":"Term\u00f3metro Avaly DT100S - Abaa tienda online","robots":{"index":"index","follow":"follow","max-snippet":"max-snippet:-1","max-image-preview":"max-image-preview:large","max-video-preview":"max-video-preview:-1"},"canonical":"https:\/\/abaa.mx\/tienda\/termometro-avaly-dt100s\/","og_locale":"es_MX","og_type":"article","og_title":"Term\u00f3metro Avaly DT100S - Abaa tienda online","og_description":"El term\u00f3metro digital DT100S funciona por medio de una bater\u00eda de litio que le permite registrar la temperatura. Recoge datos atmosf\u00e9ricos para registrar la temperatura, tambi\u00e9n registra la tendencia de los sucesivos d\u00edas y los valores m\u00ednimos y m\u00e1ximos de la temperatura. Contiene una escala de \u00baC y un sensor de acero inoxidable de 1.20 m que le permite registrar las temperaturas en cuartos de refrigeraci\u00f3n, es recomendable.","og_url":"https:\/\/abaa.mx\/tienda\/termometro-avaly-dt100s\/","og_site_name":"Abaa tienda online","article_modified_time":"2021-04-08T18:22:14+00:00","og_image":[{"width":800,"height":800,"url":"https:\/\/abaa.mx\/tienda\/wp-content\/uploads\/2020\/10\/Termometro-Avaly-DT100S.jpg","type":"image\/jpeg"}],"twitter_card":"summary_large_image","schema":{"@context":"https:\/\/schema.org","@graph":[{"@type":"WebPage","@id":"https:\/\/abaa.mx\/tienda\/termometro-avaly-dt100s\/","url":"https:\/\/abaa.mx\/tienda\/termometro-avaly-dt100s\/","name":"Term\u00f3metro Avaly DT100S - Abaa tienda online","isPartOf":{"@id":"https:\/\/abaa.mx\/tienda\/#website"},"primaryImageOfPage":{"@id":"https:\/\/abaa.mx\/tienda\/termometro-avaly-dt100s\/#primaryimage"},"image":{"@id":"https:\/\/abaa.mx\/tienda\/termometro-avaly-dt100s\/#primaryimage"},"thumbnailUrl":"https:\/\/abaa.mx\/tienda\/wp-content\/uploads\/2020\/10\/Termometro-Avaly-DT100S.jpg","datePublished":"2020-10-06T23:38:44+00:00","dateModified":"2021-04-08T18:22:14+00:00","breadcrumb":{"@id":"https:\/\/abaa.mx\/tienda\/termometro-avaly-dt100s\/#breadcrumb"},"inLanguage":"es","potentialAction":[{"@type":"ReadAction","target":["https:\/\/abaa.mx\/tienda\/termometro-avaly-dt100s\/"]}]},{"@type":"ImageObject","inLanguage":"es","@id":"https:\/\/abaa.mx\/tienda\/termometro-avaly-dt100s\/#primaryimage","url":"https:\/\/abaa.mx\/tienda\/wp-content\/uploads\/2020\/10\/Termometro-Avaly-DT100S.jpg","contentUrl":"https:\/\/abaa.mx\/tienda\/wp-content\/uploads\/2020\/10\/Termometro-Avaly-DT100S.jpg","width":800,"height":800,"caption":"Term\u00f3metro Avaly DT100S"},{"@type":"BreadcrumbList","@id":"https:\/\/abaa.mx\/tienda\/termometro-avaly-dt100s\/#breadcrumb","itemListElement":[{"@type":"ListItem","position":1,"name":"Inicio","item":"https:\/\/abaa.mx\/tienda\/"},{"@type":"ListItem","position":2,"name":"Tienda","item":"https:\/\/abaa.mx\/tienda\/"},{"@type":"ListItem","position":3,"name":"Term\u00f3metro Avaly DT100S"}]},{"@type":"WebSite","@id":"https:\/\/abaa.mx\/tienda\/#website","url":"https:\/\/abaa.mx\/tienda\/","name":"Abaa tienda online","description":"Instrumentos de medici\u00f3n","publisher":{"@id":"https:\/\/abaa.mx\/tienda\/#organization"},"potentialAction":[{"@type":"SearchAction","target":{"@type":"EntryPoint","urlTemplate":"https:\/\/abaa.mx\/tienda\/?s={search_term_string}"},"query-input":{"@type":"PropertyValueSpecification","valueRequired":true,"valueName":"search_term_string"}}],"inLanguage":"es"},{"@type":"Organization","@id":"https:\/\/abaa.mx\/tienda\/#organization","name":"Abaa tienda online","url":"https:\/\/abaa.mx\/tienda\/","logo":{"@type":"ImageObject","inLanguage":"es","@id":"https:\/\/abaa.mx\/tienda\/#\/schema\/logo\/image\/","url":"https:\/\/abaa.mx\/tienda\/wp-content\/uploads\/2024\/01\/abaa-metrologia-tienda.png","contentUrl":"https:\/\/abaa.mx\/tienda\/wp-content\/uploads\/2024\/01\/abaa-metrologia-tienda.png","width":300,"height":141,"caption":"Abaa tienda online"},"image":{"@id":"https:\/\/abaa.mx\/tienda\/#\/schema\/logo\/image\/"}}]}},"_links":{"self":[{"href":"https:\/\/abaa.mx\/tienda\/wp-json\/wp\/v2\/product\/827","targetHints":{"allow":["GET"]}}],"collection":[{"href":"https:\/\/abaa.mx\/tienda\/wp-json\/wp\/v2\/product"}],"about":[{"href":"https:\/\/abaa.mx\/tienda\/wp-json\/wp\/v2\/types\/product"}],"replies":[{"embeddable":true,"href":"https:\/\/abaa.mx\/tienda\/wp-json\/wp\/v2\/comments?post=827"}],"wp:featuredmedia":[{"embeddable":true,"href":"https:\/\/abaa.mx\/tienda\/wp-json\/wp\/v2\/media\/1151"}],"wp:attachment":[{"href":"https:\/\/abaa.mx\/tienda\/wp-json\/wp\/v2\/media?parent=827"}],"wp:term":[{"taxonomy":"product_brand","embeddable":true,"href":"https:\/\/abaa.mx\/tienda\/wp-json\/wp\/v2\/product_brand?post=827"},{"taxonomy":"product_cat","embeddable":true,"href":"https:\/\/abaa.mx\/tienda\/wp-json\/wp\/v2\/product_cat?post=827"},{"taxonomy":"product_tag","embeddable":true,"href":"https:\/\/abaa.mx\/tienda\/wp-json\/wp\/v2\/product_tag?post=827"}],"curies":[{"name":"wp","href":"https:\/\/api.w.org\/{rel}","templated":true}]}}