{"id":8266,"date":"2023-10-31T16:13:09","date_gmt":"2023-10-31T16:13:09","guid":{"rendered":"https:\/\/abaa.mx\/tienda\/?post_type=product&#038;p=8266"},"modified":"2023-11-30T19:49:49","modified_gmt":"2023-11-30T19:49:49","slug":"base-de-prueba-p-uso-en-durometros-clasicos-tipo-c-d-do-475","status":"publish","type":"product","link":"https:\/\/abaa.mx\/tienda\/base-de-prueba-p-uso-en-durometros-clasicos-tipo-c-d-do-475\/","title":{"rendered":"Base de prueba p-uso en Dur\u00f3metros Clasicos Tipo C, D, DO &#8211; 475"},"content":{"rendered":"<p>Base de prueba p\/ uso en Dur\u00f3metros Clasicos Tipo C, D, DO &#8211; 475<\/p>\n","protected":false},"excerpt":{"rendered":"<p>Este base de pruebas se puede utilizar con la l\u00ednea de durometros de estilo cl\u00e1sico o ergo de PTC. El Modelo 475 tiene un peso de 5kg y es para uso con los dur\u00f3metros tipo C, D y DO de ASTM.\u00a0<b>ASTM D2240 Tipo 1.<\/b><\/p>\n<p><b>Especimen a Indentor:<\/b><\/p>\n<p>Tabla de alineaci\u00f3n autom\u00e1tica<br \/>\nSimplifica las Pruebas de Dureza<br \/>\nAumenta la repetibilidad<br \/>\nAltura m\u00e1xima para la muestra 5 pulgadas (12.7 cm).<br \/>\nSe monta a los dur\u00f3metros de estilo PTC Classic &amp; Ergo y otros dur\u00f3metros de montaje superior.<\/p>\n<p><b>Dimensiones:<\/b><\/p>\n<ul>\n<li type=\"circle\">Altura 17 in. (43.2 cm).<\/li>\n<li type=\"circle\">Ancho 6 in. (15.2 cm).<\/li>\n<li type=\"circle\">Profundidad 6-1 \/ 2 in. (16.5 cm ).<\/li>\n<\/ul>\n","protected":false},"featured_media":8274,"comment_status":"open","ping_status":"closed","template":"","meta":{"_joinchat":[]},"product_brand":[],"product_cat":[95],"product_tag":[],"class_list":{"0":"post-8266","1":"product","2":"type-product","3":"status-publish","4":"has-post-thumbnail","6":"product_cat-durometro","8":"first","9":"instock","10":"shipping-taxable","11":"product-type-simple"},"yoast_head":"<!-- This site is optimized with the Yoast SEO plugin v26.4 - https:\/\/yoast.com\/wordpress\/plugins\/seo\/ -->\n<title>Base de prueba p-uso en Dur\u00f3metros Clasicos Tipo C, D, DO - 475 - Abaa tienda online<\/title>\n<meta name=\"robots\" content=\"index, follow, max-snippet:-1, max-image-preview:large, max-video-preview:-1\" \/>\n<link rel=\"canonical\" href=\"https:\/\/abaa.mx\/tienda\/base-de-prueba-p-uso-en-durometros-clasicos-tipo-c-d-do-475\/\" \/>\n<meta property=\"og:locale\" content=\"es_MX\" \/>\n<meta property=\"og:type\" content=\"article\" \/>\n<meta property=\"og:title\" content=\"Base de prueba p-uso en Dur\u00f3metros Clasicos Tipo C, D, DO - 475 - Abaa tienda online\" \/>\n<meta property=\"og:description\" content=\"Este base de pruebas se puede utilizar con la l\u00ednea de durometros de estilo cl\u00e1sico o ergo de PTC. El Modelo 475 tiene un peso de 5kg y es para uso con los dur\u00f3metros tipo C, D y DO de ASTM.\u00a0ASTM D2240 Tipo 1.  Especimen a Indentor:  Tabla de alineaci\u00f3n autom\u00e1tica Simplifica las Pruebas de Dureza Aumenta la repetibilidad Altura m\u00e1xima para la muestra 5 pulgadas (12.7 cm). Se monta a los dur\u00f3metros de estilo PTC Classic &amp; Ergo y otros dur\u00f3metros de montaje superior.  Dimensiones:   Altura 17 in. (43.2 cm).  Ancho 6 in. (15.2 cm).  Profundidad 6-1 \/ 2 in. (16.5 cm ).\" \/>\n<meta property=\"og:url\" content=\"https:\/\/abaa.mx\/tienda\/base-de-prueba-p-uso-en-durometros-clasicos-tipo-c-d-do-475\/\" \/>\n<meta property=\"og:site_name\" content=\"Abaa tienda online\" \/>\n<meta property=\"article:modified_time\" content=\"2023-11-30T19:49:49+00:00\" \/>\n<meta property=\"og:image\" content=\"https:\/\/abaa.mx\/tienda\/wp-content\/uploads\/2023\/10\/PTC-475.jpg\" \/>\n\t<meta property=\"og:image:width\" content=\"976\" \/>\n\t<meta property=\"og:image:height\" content=\"651\" \/>\n\t<meta property=\"og:image:type\" content=\"image\/jpeg\" \/>\n<meta name=\"twitter:card\" content=\"summary_large_image\" \/>\n<meta name=\"twitter:label1\" content=\"Tiempo de lectura\" \/>\n\t<meta name=\"twitter:data1\" content=\"1 minuto\" \/>\n<script type=\"application\/ld+json\" class=\"yoast-schema-graph\">{\"@context\":\"https:\/\/schema.org\",\"@graph\":[{\"@type\":\"WebPage\",\"@id\":\"https:\/\/abaa.mx\/tienda\/base-de-prueba-p-uso-en-durometros-clasicos-tipo-c-d-do-475\/\",\"url\":\"https:\/\/abaa.mx\/tienda\/base-de-prueba-p-uso-en-durometros-clasicos-tipo-c-d-do-475\/\",\"name\":\"Base de prueba p-uso en Dur\u00f3metros Clasicos Tipo C, D, DO - 475 - Abaa tienda online\",\"isPartOf\":{\"@id\":\"https:\/\/abaa.mx\/tienda\/#website\"},\"primaryImageOfPage\":{\"@id\":\"https:\/\/abaa.mx\/tienda\/base-de-prueba-p-uso-en-durometros-clasicos-tipo-c-d-do-475\/#primaryimage\"},\"image\":{\"@id\":\"https:\/\/abaa.mx\/tienda\/base-de-prueba-p-uso-en-durometros-clasicos-tipo-c-d-do-475\/#primaryimage\"},\"thumbnailUrl\":\"https:\/\/abaa.mx\/tienda\/wp-content\/uploads\/2023\/10\/PTC-475.jpg\",\"datePublished\":\"2023-10-31T16:13:09+00:00\",\"dateModified\":\"2023-11-30T19:49:49+00:00\",\"breadcrumb\":{\"@id\":\"https:\/\/abaa.mx\/tienda\/base-de-prueba-p-uso-en-durometros-clasicos-tipo-c-d-do-475\/#breadcrumb\"},\"inLanguage\":\"es\",\"potentialAction\":[{\"@type\":\"ReadAction\",\"target\":[\"https:\/\/abaa.mx\/tienda\/base-de-prueba-p-uso-en-durometros-clasicos-tipo-c-d-do-475\/\"]}]},{\"@type\":\"ImageObject\",\"inLanguage\":\"es\",\"@id\":\"https:\/\/abaa.mx\/tienda\/base-de-prueba-p-uso-en-durometros-clasicos-tipo-c-d-do-475\/#primaryimage\",\"url\":\"https:\/\/abaa.mx\/tienda\/wp-content\/uploads\/2023\/10\/PTC-475.jpg\",\"contentUrl\":\"https:\/\/abaa.mx\/tienda\/wp-content\/uploads\/2023\/10\/PTC-475.jpg\",\"width\":976,\"height\":651,\"caption\":\"PTC 475\"},{\"@type\":\"BreadcrumbList\",\"@id\":\"https:\/\/abaa.mx\/tienda\/base-de-prueba-p-uso-en-durometros-clasicos-tipo-c-d-do-475\/#breadcrumb\",\"itemListElement\":[{\"@type\":\"ListItem\",\"position\":1,\"name\":\"Inicio\",\"item\":\"https:\/\/abaa.mx\/tienda\/\"},{\"@type\":\"ListItem\",\"position\":2,\"name\":\"Tienda\",\"item\":\"https:\/\/abaa.mx\/tienda\/\"},{\"@type\":\"ListItem\",\"position\":3,\"name\":\"Base de prueba p-uso en Dur\u00f3metros Clasicos Tipo C, D, DO &#8211; 475\"}]},{\"@type\":\"WebSite\",\"@id\":\"https:\/\/abaa.mx\/tienda\/#website\",\"url\":\"https:\/\/abaa.mx\/tienda\/\",\"name\":\"Abaa tienda online\",\"description\":\"Instrumentos de medici\u00f3n\",\"publisher\":{\"@id\":\"https:\/\/abaa.mx\/tienda\/#organization\"},\"potentialAction\":[{\"@type\":\"SearchAction\",\"target\":{\"@type\":\"EntryPoint\",\"urlTemplate\":\"https:\/\/abaa.mx\/tienda\/?s={search_term_string}\"},\"query-input\":{\"@type\":\"PropertyValueSpecification\",\"valueRequired\":true,\"valueName\":\"search_term_string\"}}],\"inLanguage\":\"es\"},{\"@type\":\"Organization\",\"@id\":\"https:\/\/abaa.mx\/tienda\/#organization\",\"name\":\"Abaa tienda online\",\"url\":\"https:\/\/abaa.mx\/tienda\/\",\"logo\":{\"@type\":\"ImageObject\",\"inLanguage\":\"es\",\"@id\":\"https:\/\/abaa.mx\/tienda\/#\/schema\/logo\/image\/\",\"url\":\"https:\/\/abaa.mx\/tienda\/wp-content\/uploads\/2024\/01\/abaa-metrologia-tienda.png\",\"contentUrl\":\"https:\/\/abaa.mx\/tienda\/wp-content\/uploads\/2024\/01\/abaa-metrologia-tienda.png\",\"width\":300,\"height\":141,\"caption\":\"Abaa tienda online\"},\"image\":{\"@id\":\"https:\/\/abaa.mx\/tienda\/#\/schema\/logo\/image\/\"}}]}<\/script>\n<!-- \/ Yoast SEO plugin. -->","yoast_head_json":{"title":"Base de prueba p-uso en Dur\u00f3metros Clasicos Tipo C, D, DO - 475 - Abaa tienda online","robots":{"index":"index","follow":"follow","max-snippet":"max-snippet:-1","max-image-preview":"max-image-preview:large","max-video-preview":"max-video-preview:-1"},"canonical":"https:\/\/abaa.mx\/tienda\/base-de-prueba-p-uso-en-durometros-clasicos-tipo-c-d-do-475\/","og_locale":"es_MX","og_type":"article","og_title":"Base de prueba p-uso en Dur\u00f3metros Clasicos Tipo C, D, DO - 475 - Abaa tienda online","og_description":"Este base de pruebas se puede utilizar con la l\u00ednea de durometros de estilo cl\u00e1sico o ergo de PTC. El Modelo 475 tiene un peso de 5kg y es para uso con los dur\u00f3metros tipo C, D y DO de ASTM.\u00a0ASTM D2240 Tipo 1.  Especimen a Indentor:  Tabla de alineaci\u00f3n autom\u00e1tica Simplifica las Pruebas de Dureza Aumenta la repetibilidad Altura m\u00e1xima para la muestra 5 pulgadas (12.7 cm). Se monta a los dur\u00f3metros de estilo PTC Classic &amp; Ergo y otros dur\u00f3metros de montaje superior.  Dimensiones:   Altura 17 in. (43.2 cm).  Ancho 6 in. (15.2 cm).  Profundidad 6-1 \/ 2 in. (16.5 cm ).","og_url":"https:\/\/abaa.mx\/tienda\/base-de-prueba-p-uso-en-durometros-clasicos-tipo-c-d-do-475\/","og_site_name":"Abaa tienda online","article_modified_time":"2023-11-30T19:49:49+00:00","og_image":[{"width":976,"height":651,"url":"https:\/\/abaa.mx\/tienda\/wp-content\/uploads\/2023\/10\/PTC-475.jpg","type":"image\/jpeg"}],"twitter_card":"summary_large_image","twitter_misc":{"Tiempo de lectura":"1 minuto"},"schema":{"@context":"https:\/\/schema.org","@graph":[{"@type":"WebPage","@id":"https:\/\/abaa.mx\/tienda\/base-de-prueba-p-uso-en-durometros-clasicos-tipo-c-d-do-475\/","url":"https:\/\/abaa.mx\/tienda\/base-de-prueba-p-uso-en-durometros-clasicos-tipo-c-d-do-475\/","name":"Base de prueba p-uso en Dur\u00f3metros Clasicos Tipo C, D, DO - 475 - Abaa tienda online","isPartOf":{"@id":"https:\/\/abaa.mx\/tienda\/#website"},"primaryImageOfPage":{"@id":"https:\/\/abaa.mx\/tienda\/base-de-prueba-p-uso-en-durometros-clasicos-tipo-c-d-do-475\/#primaryimage"},"image":{"@id":"https:\/\/abaa.mx\/tienda\/base-de-prueba-p-uso-en-durometros-clasicos-tipo-c-d-do-475\/#primaryimage"},"thumbnailUrl":"https:\/\/abaa.mx\/tienda\/wp-content\/uploads\/2023\/10\/PTC-475.jpg","datePublished":"2023-10-31T16:13:09+00:00","dateModified":"2023-11-30T19:49:49+00:00","breadcrumb":{"@id":"https:\/\/abaa.mx\/tienda\/base-de-prueba-p-uso-en-durometros-clasicos-tipo-c-d-do-475\/#breadcrumb"},"inLanguage":"es","potentialAction":[{"@type":"ReadAction","target":["https:\/\/abaa.mx\/tienda\/base-de-prueba-p-uso-en-durometros-clasicos-tipo-c-d-do-475\/"]}]},{"@type":"ImageObject","inLanguage":"es","@id":"https:\/\/abaa.mx\/tienda\/base-de-prueba-p-uso-en-durometros-clasicos-tipo-c-d-do-475\/#primaryimage","url":"https:\/\/abaa.mx\/tienda\/wp-content\/uploads\/2023\/10\/PTC-475.jpg","contentUrl":"https:\/\/abaa.mx\/tienda\/wp-content\/uploads\/2023\/10\/PTC-475.jpg","width":976,"height":651,"caption":"PTC 475"},{"@type":"BreadcrumbList","@id":"https:\/\/abaa.mx\/tienda\/base-de-prueba-p-uso-en-durometros-clasicos-tipo-c-d-do-475\/#breadcrumb","itemListElement":[{"@type":"ListItem","position":1,"name":"Inicio","item":"https:\/\/abaa.mx\/tienda\/"},{"@type":"ListItem","position":2,"name":"Tienda","item":"https:\/\/abaa.mx\/tienda\/"},{"@type":"ListItem","position":3,"name":"Base de prueba p-uso en Dur\u00f3metros Clasicos Tipo C, D, DO &#8211; 475"}]},{"@type":"WebSite","@id":"https:\/\/abaa.mx\/tienda\/#website","url":"https:\/\/abaa.mx\/tienda\/","name":"Abaa tienda online","description":"Instrumentos de medici\u00f3n","publisher":{"@id":"https:\/\/abaa.mx\/tienda\/#organization"},"potentialAction":[{"@type":"SearchAction","target":{"@type":"EntryPoint","urlTemplate":"https:\/\/abaa.mx\/tienda\/?s={search_term_string}"},"query-input":{"@type":"PropertyValueSpecification","valueRequired":true,"valueName":"search_term_string"}}],"inLanguage":"es"},{"@type":"Organization","@id":"https:\/\/abaa.mx\/tienda\/#organization","name":"Abaa tienda online","url":"https:\/\/abaa.mx\/tienda\/","logo":{"@type":"ImageObject","inLanguage":"es","@id":"https:\/\/abaa.mx\/tienda\/#\/schema\/logo\/image\/","url":"https:\/\/abaa.mx\/tienda\/wp-content\/uploads\/2024\/01\/abaa-metrologia-tienda.png","contentUrl":"https:\/\/abaa.mx\/tienda\/wp-content\/uploads\/2024\/01\/abaa-metrologia-tienda.png","width":300,"height":141,"caption":"Abaa tienda online"},"image":{"@id":"https:\/\/abaa.mx\/tienda\/#\/schema\/logo\/image\/"}}]}},"_links":{"self":[{"href":"https:\/\/abaa.mx\/tienda\/wp-json\/wp\/v2\/product\/8266","targetHints":{"allow":["GET"]}}],"collection":[{"href":"https:\/\/abaa.mx\/tienda\/wp-json\/wp\/v2\/product"}],"about":[{"href":"https:\/\/abaa.mx\/tienda\/wp-json\/wp\/v2\/types\/product"}],"replies":[{"embeddable":true,"href":"https:\/\/abaa.mx\/tienda\/wp-json\/wp\/v2\/comments?post=8266"}],"wp:featuredmedia":[{"embeddable":true,"href":"https:\/\/abaa.mx\/tienda\/wp-json\/wp\/v2\/media\/8274"}],"wp:attachment":[{"href":"https:\/\/abaa.mx\/tienda\/wp-json\/wp\/v2\/media?parent=8266"}],"wp:term":[{"taxonomy":"product_brand","embeddable":true,"href":"https:\/\/abaa.mx\/tienda\/wp-json\/wp\/v2\/product_brand?post=8266"},{"taxonomy":"product_cat","embeddable":true,"href":"https:\/\/abaa.mx\/tienda\/wp-json\/wp\/v2\/product_cat?post=8266"},{"taxonomy":"product_tag","embeddable":true,"href":"https:\/\/abaa.mx\/tienda\/wp-json\/wp\/v2\/product_tag?post=8266"}],"curies":[{"name":"wp","href":"https:\/\/api.w.org\/{rel}","templated":true}]}}