{"id":8264,"date":"2023-10-31T15:58:19","date_gmt":"2023-10-31T15:58:19","guid":{"rendered":"https:\/\/abaa.mx\/tienda\/?post_type=product&#038;p=8264"},"modified":"2023-10-31T15:58:20","modified_gmt":"2023-10-31T15:58:20","slug":"durometro-analogo-shore-marca-asker-modelo-im-e2p-a-c-y-d","status":"publish","type":"product","link":"https:\/\/abaa.mx\/tienda\/durometro-analogo-shore-marca-asker-modelo-im-e2p-a-c-y-d\/","title":{"rendered":"Dur\u00f3metro An\u00e1logo Shore Marca Asker Modelo IM-E2P A, C Y D"},"content":{"rendered":"<p>Dur\u00f3metro An\u00e1logo Shore Marca Asker Modelo IM-E2P A, C Y D<\/p>\n","protected":false},"excerpt":{"rendered":"<p>Conforme el dur\u00f3metro se presiona contra la exhibe , la fuerza de resistencia del material y el equilibrio de la carga del resorte del indentor. La hondura del penetrador se mide, lo que da una medida de la dureza del material. Los valores se fundamentan en una escala de 100 puntos (precisi\u00f3n \u00b1 1 punto). No obstante , a medida que pasa el tiempo, el indicio se &#8220;arrastrar\u00e1&#8221; hacia atr\u00e1s de modo que una lectura efectuada unos segundos despu\u00e9s de que el indentor lleve a cabo contacto con la muestra ser\u00e1 menor que la lectura m\u00e1xima. Los dur\u00f3metros Asker proponen un indicio de pico como una alternativa para monitorear m\u00e1s de cerca la diferencia entre el pico.<\/p>\n<p>Los dur\u00f3metros E2 ahora tienen una carcasa de aleaci\u00f3n de magnesio respetuosa con el medio ambiente y la mejor relaci\u00f3n precio-valor. Los dur\u00f3metros E2 son r\u00e1pidos y simples de operar con un alto nivel de repetibilidad. Indicadores de pico opcionales est\u00e1n libres en todos y cada modelo.<\/p>\n<p>La dureza es una caracter\u00edstica fundamental del caucho, los elast\u00f3meros y los art\u00edculos de pl\u00e1stico. Seleccione el g\u00e9nero de dur\u00f3metro \u00f3ptimo en funci\u00f3n de la dureza del material. Los modelos E2 est\u00e1n disponibles en tipos de dur\u00f3metro: dureza Shore A, D, Y tambi\u00e9n y Asker C.<\/p>\n","protected":false},"featured_media":8270,"comment_status":"open","ping_status":"closed","template":"","meta":{"_joinchat":[]},"product_brand":[],"product_cat":[95],"product_tag":[],"class_list":{"0":"post-8264","1":"product","2":"type-product","3":"status-publish","4":"has-post-thumbnail","6":"product_cat-durometro","8":"first","9":"instock","10":"shipping-taxable","11":"product-type-simple"},"yoast_head":"<!-- This site is optimized with the Yoast SEO plugin v26.4 - https:\/\/yoast.com\/wordpress\/plugins\/seo\/ -->\n<title>Dur\u00f3metro An\u00e1logo Shore Marca Asker Modelo IM-E2P A, C Y D - Abaa tienda online<\/title>\n<meta name=\"robots\" content=\"index, follow, max-snippet:-1, max-image-preview:large, max-video-preview:-1\" \/>\n<link rel=\"canonical\" href=\"https:\/\/abaa.mx\/tienda\/durometro-analogo-shore-marca-asker-modelo-im-e2p-a-c-y-d\/\" \/>\n<meta property=\"og:locale\" content=\"es_MX\" \/>\n<meta property=\"og:type\" content=\"article\" \/>\n<meta property=\"og:title\" content=\"Dur\u00f3metro An\u00e1logo Shore Marca Asker Modelo IM-E2P A, C Y D - Abaa tienda online\" \/>\n<meta property=\"og:description\" content=\"Conforme el dur\u00f3metro se presiona contra la exhibe , la fuerza de resistencia del material y el equilibrio de la carga del resorte del indentor. La hondura del penetrador se mide, lo que da una medida de la dureza del material. Los valores se fundamentan en una escala de 100 puntos (precisi\u00f3n \u00b1 1 punto). No obstante , a medida que pasa el tiempo, el indicio se &quot;arrastrar\u00e1&quot; hacia atr\u00e1s de modo que una lectura efectuada unos segundos despu\u00e9s de que el indentor lleve a cabo contacto con la muestra ser\u00e1 menor que la lectura m\u00e1xima. Los dur\u00f3metros Asker proponen un indicio de pico como una alternativa para monitorear m\u00e1s de cerca la diferencia entre el pico.  Los dur\u00f3metros E2 ahora tienen una carcasa de aleaci\u00f3n de magnesio respetuosa con el medio ambiente y la mejor relaci\u00f3n precio-valor. Los dur\u00f3metros E2 son r\u00e1pidos y simples de operar con un alto nivel de repetibilidad. Indicadores de pico opcionales est\u00e1n libres en todos y cada modelo.  La dureza es una caracter\u00edstica fundamental del caucho, los elast\u00f3meros y los art\u00edculos de pl\u00e1stico. Seleccione el g\u00e9nero de dur\u00f3metro \u00f3ptimo en funci\u00f3n de la dureza del material. Los modelos E2 est\u00e1n disponibles en tipos de dur\u00f3metro: dureza Shore A, D, Y tambi\u00e9n y Asker C.\" \/>\n<meta property=\"og:url\" content=\"https:\/\/abaa.mx\/tienda\/durometro-analogo-shore-marca-asker-modelo-im-e2p-a-c-y-d\/\" \/>\n<meta property=\"og:site_name\" content=\"Abaa tienda online\" \/>\n<meta property=\"article:modified_time\" content=\"2023-10-31T15:58:20+00:00\" \/>\n<meta property=\"og:image\" content=\"https:\/\/abaa.mx\/tienda\/wp-content\/uploads\/2023\/10\/ASKER-IM-EZPA.jpg\" \/>\n\t<meta property=\"og:image:width\" content=\"500\" \/>\n\t<meta property=\"og:image:height\" content=\"500\" \/>\n\t<meta property=\"og:image:type\" content=\"image\/jpeg\" \/>\n<meta name=\"twitter:card\" content=\"summary_large_image\" \/>\n<meta name=\"twitter:label1\" content=\"Tiempo de lectura\" \/>\n\t<meta name=\"twitter:data1\" content=\"1 minuto\" \/>\n<script type=\"application\/ld+json\" class=\"yoast-schema-graph\">{\"@context\":\"https:\/\/schema.org\",\"@graph\":[{\"@type\":\"WebPage\",\"@id\":\"https:\/\/abaa.mx\/tienda\/durometro-analogo-shore-marca-asker-modelo-im-e2p-a-c-y-d\/\",\"url\":\"https:\/\/abaa.mx\/tienda\/durometro-analogo-shore-marca-asker-modelo-im-e2p-a-c-y-d\/\",\"name\":\"Dur\u00f3metro An\u00e1logo Shore Marca Asker Modelo IM-E2P A, C Y D - Abaa tienda online\",\"isPartOf\":{\"@id\":\"https:\/\/abaa.mx\/tienda\/#website\"},\"primaryImageOfPage\":{\"@id\":\"https:\/\/abaa.mx\/tienda\/durometro-analogo-shore-marca-asker-modelo-im-e2p-a-c-y-d\/#primaryimage\"},\"image\":{\"@id\":\"https:\/\/abaa.mx\/tienda\/durometro-analogo-shore-marca-asker-modelo-im-e2p-a-c-y-d\/#primaryimage\"},\"thumbnailUrl\":\"https:\/\/abaa.mx\/tienda\/wp-content\/uploads\/2023\/10\/ASKER-IM-EZPA.jpg\",\"datePublished\":\"2023-10-31T15:58:19+00:00\",\"dateModified\":\"2023-10-31T15:58:20+00:00\",\"breadcrumb\":{\"@id\":\"https:\/\/abaa.mx\/tienda\/durometro-analogo-shore-marca-asker-modelo-im-e2p-a-c-y-d\/#breadcrumb\"},\"inLanguage\":\"es\",\"potentialAction\":[{\"@type\":\"ReadAction\",\"target\":[\"https:\/\/abaa.mx\/tienda\/durometro-analogo-shore-marca-asker-modelo-im-e2p-a-c-y-d\/\"]}]},{\"@type\":\"ImageObject\",\"inLanguage\":\"es\",\"@id\":\"https:\/\/abaa.mx\/tienda\/durometro-analogo-shore-marca-asker-modelo-im-e2p-a-c-y-d\/#primaryimage\",\"url\":\"https:\/\/abaa.mx\/tienda\/wp-content\/uploads\/2023\/10\/ASKER-IM-EZPA.jpg\",\"contentUrl\":\"https:\/\/abaa.mx\/tienda\/wp-content\/uploads\/2023\/10\/ASKER-IM-EZPA.jpg\",\"width\":500,\"height\":500,\"caption\":\"ASKER IM-EZPA\"},{\"@type\":\"BreadcrumbList\",\"@id\":\"https:\/\/abaa.mx\/tienda\/durometro-analogo-shore-marca-asker-modelo-im-e2p-a-c-y-d\/#breadcrumb\",\"itemListElement\":[{\"@type\":\"ListItem\",\"position\":1,\"name\":\"Inicio\",\"item\":\"https:\/\/abaa.mx\/tienda\/\"},{\"@type\":\"ListItem\",\"position\":2,\"name\":\"Tienda\",\"item\":\"https:\/\/abaa.mx\/tienda\/\"},{\"@type\":\"ListItem\",\"position\":3,\"name\":\"Dur\u00f3metro An\u00e1logo Shore Marca Asker Modelo IM-E2P A, C Y D\"}]},{\"@type\":\"WebSite\",\"@id\":\"https:\/\/abaa.mx\/tienda\/#website\",\"url\":\"https:\/\/abaa.mx\/tienda\/\",\"name\":\"Abaa tienda online\",\"description\":\"Instrumentos de medici\u00f3n\",\"publisher\":{\"@id\":\"https:\/\/abaa.mx\/tienda\/#organization\"},\"potentialAction\":[{\"@type\":\"SearchAction\",\"target\":{\"@type\":\"EntryPoint\",\"urlTemplate\":\"https:\/\/abaa.mx\/tienda\/?s={search_term_string}\"},\"query-input\":{\"@type\":\"PropertyValueSpecification\",\"valueRequired\":true,\"valueName\":\"search_term_string\"}}],\"inLanguage\":\"es\"},{\"@type\":\"Organization\",\"@id\":\"https:\/\/abaa.mx\/tienda\/#organization\",\"name\":\"Abaa tienda online\",\"url\":\"https:\/\/abaa.mx\/tienda\/\",\"logo\":{\"@type\":\"ImageObject\",\"inLanguage\":\"es\",\"@id\":\"https:\/\/abaa.mx\/tienda\/#\/schema\/logo\/image\/\",\"url\":\"https:\/\/abaa.mx\/tienda\/wp-content\/uploads\/2024\/01\/abaa-metrologia-tienda.png\",\"contentUrl\":\"https:\/\/abaa.mx\/tienda\/wp-content\/uploads\/2024\/01\/abaa-metrologia-tienda.png\",\"width\":300,\"height\":141,\"caption\":\"Abaa tienda online\"},\"image\":{\"@id\":\"https:\/\/abaa.mx\/tienda\/#\/schema\/logo\/image\/\"}}]}<\/script>\n<!-- \/ Yoast SEO plugin. -->","yoast_head_json":{"title":"Dur\u00f3metro An\u00e1logo Shore Marca Asker Modelo IM-E2P A, C Y D - Abaa tienda online","robots":{"index":"index","follow":"follow","max-snippet":"max-snippet:-1","max-image-preview":"max-image-preview:large","max-video-preview":"max-video-preview:-1"},"canonical":"https:\/\/abaa.mx\/tienda\/durometro-analogo-shore-marca-asker-modelo-im-e2p-a-c-y-d\/","og_locale":"es_MX","og_type":"article","og_title":"Dur\u00f3metro An\u00e1logo Shore Marca Asker Modelo IM-E2P A, C Y D - Abaa tienda online","og_description":"Conforme el dur\u00f3metro se presiona contra la exhibe , la fuerza de resistencia del material y el equilibrio de la carga del resorte del indentor. La hondura del penetrador se mide, lo que da una medida de la dureza del material. Los valores se fundamentan en una escala de 100 puntos (precisi\u00f3n \u00b1 1 punto). No obstante , a medida que pasa el tiempo, el indicio se \"arrastrar\u00e1\" hacia atr\u00e1s de modo que una lectura efectuada unos segundos despu\u00e9s de que el indentor lleve a cabo contacto con la muestra ser\u00e1 menor que la lectura m\u00e1xima. Los dur\u00f3metros Asker proponen un indicio de pico como una alternativa para monitorear m\u00e1s de cerca la diferencia entre el pico.  Los dur\u00f3metros E2 ahora tienen una carcasa de aleaci\u00f3n de magnesio respetuosa con el medio ambiente y la mejor relaci\u00f3n precio-valor. Los dur\u00f3metros E2 son r\u00e1pidos y simples de operar con un alto nivel de repetibilidad. Indicadores de pico opcionales est\u00e1n libres en todos y cada modelo.  La dureza es una caracter\u00edstica fundamental del caucho, los elast\u00f3meros y los art\u00edculos de pl\u00e1stico. Seleccione el g\u00e9nero de dur\u00f3metro \u00f3ptimo en funci\u00f3n de la dureza del material. Los modelos E2 est\u00e1n disponibles en tipos de dur\u00f3metro: dureza Shore A, D, Y tambi\u00e9n y Asker C.","og_url":"https:\/\/abaa.mx\/tienda\/durometro-analogo-shore-marca-asker-modelo-im-e2p-a-c-y-d\/","og_site_name":"Abaa tienda online","article_modified_time":"2023-10-31T15:58:20+00:00","og_image":[{"width":500,"height":500,"url":"https:\/\/abaa.mx\/tienda\/wp-content\/uploads\/2023\/10\/ASKER-IM-EZPA.jpg","type":"image\/jpeg"}],"twitter_card":"summary_large_image","twitter_misc":{"Tiempo de lectura":"1 minuto"},"schema":{"@context":"https:\/\/schema.org","@graph":[{"@type":"WebPage","@id":"https:\/\/abaa.mx\/tienda\/durometro-analogo-shore-marca-asker-modelo-im-e2p-a-c-y-d\/","url":"https:\/\/abaa.mx\/tienda\/durometro-analogo-shore-marca-asker-modelo-im-e2p-a-c-y-d\/","name":"Dur\u00f3metro An\u00e1logo Shore Marca Asker Modelo IM-E2P A, C Y D - Abaa tienda online","isPartOf":{"@id":"https:\/\/abaa.mx\/tienda\/#website"},"primaryImageOfPage":{"@id":"https:\/\/abaa.mx\/tienda\/durometro-analogo-shore-marca-asker-modelo-im-e2p-a-c-y-d\/#primaryimage"},"image":{"@id":"https:\/\/abaa.mx\/tienda\/durometro-analogo-shore-marca-asker-modelo-im-e2p-a-c-y-d\/#primaryimage"},"thumbnailUrl":"https:\/\/abaa.mx\/tienda\/wp-content\/uploads\/2023\/10\/ASKER-IM-EZPA.jpg","datePublished":"2023-10-31T15:58:19+00:00","dateModified":"2023-10-31T15:58:20+00:00","breadcrumb":{"@id":"https:\/\/abaa.mx\/tienda\/durometro-analogo-shore-marca-asker-modelo-im-e2p-a-c-y-d\/#breadcrumb"},"inLanguage":"es","potentialAction":[{"@type":"ReadAction","target":["https:\/\/abaa.mx\/tienda\/durometro-analogo-shore-marca-asker-modelo-im-e2p-a-c-y-d\/"]}]},{"@type":"ImageObject","inLanguage":"es","@id":"https:\/\/abaa.mx\/tienda\/durometro-analogo-shore-marca-asker-modelo-im-e2p-a-c-y-d\/#primaryimage","url":"https:\/\/abaa.mx\/tienda\/wp-content\/uploads\/2023\/10\/ASKER-IM-EZPA.jpg","contentUrl":"https:\/\/abaa.mx\/tienda\/wp-content\/uploads\/2023\/10\/ASKER-IM-EZPA.jpg","width":500,"height":500,"caption":"ASKER IM-EZPA"},{"@type":"BreadcrumbList","@id":"https:\/\/abaa.mx\/tienda\/durometro-analogo-shore-marca-asker-modelo-im-e2p-a-c-y-d\/#breadcrumb","itemListElement":[{"@type":"ListItem","position":1,"name":"Inicio","item":"https:\/\/abaa.mx\/tienda\/"},{"@type":"ListItem","position":2,"name":"Tienda","item":"https:\/\/abaa.mx\/tienda\/"},{"@type":"ListItem","position":3,"name":"Dur\u00f3metro An\u00e1logo Shore Marca Asker Modelo IM-E2P A, C Y D"}]},{"@type":"WebSite","@id":"https:\/\/abaa.mx\/tienda\/#website","url":"https:\/\/abaa.mx\/tienda\/","name":"Abaa tienda online","description":"Instrumentos de medici\u00f3n","publisher":{"@id":"https:\/\/abaa.mx\/tienda\/#organization"},"potentialAction":[{"@type":"SearchAction","target":{"@type":"EntryPoint","urlTemplate":"https:\/\/abaa.mx\/tienda\/?s={search_term_string}"},"query-input":{"@type":"PropertyValueSpecification","valueRequired":true,"valueName":"search_term_string"}}],"inLanguage":"es"},{"@type":"Organization","@id":"https:\/\/abaa.mx\/tienda\/#organization","name":"Abaa tienda online","url":"https:\/\/abaa.mx\/tienda\/","logo":{"@type":"ImageObject","inLanguage":"es","@id":"https:\/\/abaa.mx\/tienda\/#\/schema\/logo\/image\/","url":"https:\/\/abaa.mx\/tienda\/wp-content\/uploads\/2024\/01\/abaa-metrologia-tienda.png","contentUrl":"https:\/\/abaa.mx\/tienda\/wp-content\/uploads\/2024\/01\/abaa-metrologia-tienda.png","width":300,"height":141,"caption":"Abaa tienda online"},"image":{"@id":"https:\/\/abaa.mx\/tienda\/#\/schema\/logo\/image\/"}}]}},"_links":{"self":[{"href":"https:\/\/abaa.mx\/tienda\/wp-json\/wp\/v2\/product\/8264","targetHints":{"allow":["GET"]}}],"collection":[{"href":"https:\/\/abaa.mx\/tienda\/wp-json\/wp\/v2\/product"}],"about":[{"href":"https:\/\/abaa.mx\/tienda\/wp-json\/wp\/v2\/types\/product"}],"replies":[{"embeddable":true,"href":"https:\/\/abaa.mx\/tienda\/wp-json\/wp\/v2\/comments?post=8264"}],"wp:featuredmedia":[{"embeddable":true,"href":"https:\/\/abaa.mx\/tienda\/wp-json\/wp\/v2\/media\/8270"}],"wp:attachment":[{"href":"https:\/\/abaa.mx\/tienda\/wp-json\/wp\/v2\/media?parent=8264"}],"wp:term":[{"taxonomy":"product_brand","embeddable":true,"href":"https:\/\/abaa.mx\/tienda\/wp-json\/wp\/v2\/product_brand?post=8264"},{"taxonomy":"product_cat","embeddable":true,"href":"https:\/\/abaa.mx\/tienda\/wp-json\/wp\/v2\/product_cat?post=8264"},{"taxonomy":"product_tag","embeddable":true,"href":"https:\/\/abaa.mx\/tienda\/wp-json\/wp\/v2\/product_tag?post=8264"}],"curies":[{"name":"wp","href":"https:\/\/api.w.org\/{rel}","templated":true}]}}