{"id":8250,"date":"2023-10-31T15:35:25","date_gmt":"2023-10-31T15:35:25","guid":{"rendered":"https:\/\/abaa.mx\/tienda\/?post_type=product&#038;p=8250"},"modified":"2023-10-31T15:35:25","modified_gmt":"2023-10-31T15:35:25","slug":"durometro-digital-ehs-tipo-d-polygon-ehs5d","status":"publish","type":"product","link":"https:\/\/abaa.mx\/tienda\/durometro-digital-ehs-tipo-d-polygon-ehs5d\/","title":{"rendered":"Dur\u00f3metro Digital EHS Tipo D, Polygon &#8211; EHS5D"},"content":{"rendered":"<p>Dur\u00f3metro Digital EHS Tipo D, Polygon &#8211; EHS5D<\/p>\n","protected":false},"excerpt":{"rendered":"<p>El dur\u00f3metro digital de la serie de EHS es conveniente para medir el dureza del caucho, pl\u00e1stico y otros materiales no met\u00e1licos.<\/p>\n<p><b>Caracter\u00edsticas:<\/b><\/p>\n<ul>\n<li>Impresi\u00f3n: Mini-impresora inal\u00e1mbrica.<\/li>\n<li>Modo de medici\u00f3n: Modo de promedio, modo m\u00e1ximo, modo de promedio m\u00e1ximo.<\/li>\n<li>Pantalla LCD grande y f\u00e1cil de leer con retroiluminaci\u00f3n<\/li>\n<li>Los datos de medici\u00f3n se pueden almacenar, navegar e imprimir por lotes.<\/li>\n<li>Subir a la PC.<\/li>\n<li>Certificado de Calibraci\u00f3n Incluido<\/li>\n<li>Conforme a la norma ASTM D 2240, GB \/ T 531.1, ISO7619-1<\/li>\n<\/ul>\n","protected":false},"featured_media":8259,"comment_status":"open","ping_status":"closed","template":"","meta":{"_joinchat":[]},"product_brand":[],"product_cat":[95],"product_tag":[],"class_list":{"0":"post-8250","1":"product","2":"type-product","3":"status-publish","4":"has-post-thumbnail","6":"product_cat-durometro","8":"first","9":"instock","10":"shipping-taxable","11":"product-type-simple"},"yoast_head":"<!-- This site is optimized with the Yoast SEO plugin v26.4 - https:\/\/yoast.com\/wordpress\/plugins\/seo\/ -->\n<title>Dur\u00f3metro Digital EHS Tipo D, Polygon - EHS5D - Abaa tienda online<\/title>\n<meta name=\"robots\" content=\"index, follow, max-snippet:-1, max-image-preview:large, max-video-preview:-1\" \/>\n<link rel=\"canonical\" href=\"https:\/\/abaa.mx\/tienda\/durometro-digital-ehs-tipo-d-polygon-ehs5d\/\" \/>\n<meta property=\"og:locale\" content=\"es_MX\" \/>\n<meta property=\"og:type\" content=\"article\" \/>\n<meta property=\"og:title\" content=\"Dur\u00f3metro Digital EHS Tipo D, Polygon - EHS5D - Abaa tienda online\" \/>\n<meta property=\"og:description\" content=\"El dur\u00f3metro digital de la serie de EHS es conveniente para medir el dureza del caucho, pl\u00e1stico y otros materiales no met\u00e1licos.  Caracter\u00edsticas:   Impresi\u00f3n: Mini-impresora inal\u00e1mbrica.  Modo de medici\u00f3n: Modo de promedio, modo m\u00e1ximo, modo de promedio m\u00e1ximo.  Pantalla LCD grande y f\u00e1cil de leer con retroiluminaci\u00f3n  Los datos de medici\u00f3n se pueden almacenar, navegar e imprimir por lotes.  Subir a la PC.  Certificado de Calibraci\u00f3n Incluido  Conforme a la norma ASTM D 2240, GB \/ T 531.1, ISO7619-1\" \/>\n<meta property=\"og:url\" content=\"https:\/\/abaa.mx\/tienda\/durometro-digital-ehs-tipo-d-polygon-ehs5d\/\" \/>\n<meta property=\"og:site_name\" content=\"Abaa tienda online\" \/>\n<meta property=\"og:image\" content=\"https:\/\/abaa.mx\/tienda\/wp-content\/uploads\/2023\/10\/POLYGON-EHS5D-1.jpg\" \/>\n\t<meta property=\"og:image:width\" content=\"414\" \/>\n\t<meta property=\"og:image:height\" content=\"456\" \/>\n\t<meta property=\"og:image:type\" content=\"image\/jpeg\" \/>\n<meta name=\"twitter:card\" content=\"summary_large_image\" \/>\n<meta name=\"twitter:label1\" content=\"Tiempo de lectura\" \/>\n\t<meta name=\"twitter:data1\" content=\"1 minuto\" \/>\n<script type=\"application\/ld+json\" class=\"yoast-schema-graph\">{\"@context\":\"https:\/\/schema.org\",\"@graph\":[{\"@type\":\"WebPage\",\"@id\":\"https:\/\/abaa.mx\/tienda\/durometro-digital-ehs-tipo-d-polygon-ehs5d\/\",\"url\":\"https:\/\/abaa.mx\/tienda\/durometro-digital-ehs-tipo-d-polygon-ehs5d\/\",\"name\":\"Dur\u00f3metro Digital EHS Tipo D, Polygon - EHS5D - Abaa tienda online\",\"isPartOf\":{\"@id\":\"https:\/\/abaa.mx\/tienda\/#website\"},\"primaryImageOfPage\":{\"@id\":\"https:\/\/abaa.mx\/tienda\/durometro-digital-ehs-tipo-d-polygon-ehs5d\/#primaryimage\"},\"image\":{\"@id\":\"https:\/\/abaa.mx\/tienda\/durometro-digital-ehs-tipo-d-polygon-ehs5d\/#primaryimage\"},\"thumbnailUrl\":\"https:\/\/abaa.mx\/tienda\/wp-content\/uploads\/2023\/10\/POLYGON-EHS5D-1.jpg\",\"datePublished\":\"2023-10-31T15:35:25+00:00\",\"breadcrumb\":{\"@id\":\"https:\/\/abaa.mx\/tienda\/durometro-digital-ehs-tipo-d-polygon-ehs5d\/#breadcrumb\"},\"inLanguage\":\"es\",\"potentialAction\":[{\"@type\":\"ReadAction\",\"target\":[\"https:\/\/abaa.mx\/tienda\/durometro-digital-ehs-tipo-d-polygon-ehs5d\/\"]}]},{\"@type\":\"ImageObject\",\"inLanguage\":\"es\",\"@id\":\"https:\/\/abaa.mx\/tienda\/durometro-digital-ehs-tipo-d-polygon-ehs5d\/#primaryimage\",\"url\":\"https:\/\/abaa.mx\/tienda\/wp-content\/uploads\/2023\/10\/POLYGON-EHS5D-1.jpg\",\"contentUrl\":\"https:\/\/abaa.mx\/tienda\/wp-content\/uploads\/2023\/10\/POLYGON-EHS5D-1.jpg\",\"width\":414,\"height\":456,\"caption\":\"POLYGON EHS5D\"},{\"@type\":\"BreadcrumbList\",\"@id\":\"https:\/\/abaa.mx\/tienda\/durometro-digital-ehs-tipo-d-polygon-ehs5d\/#breadcrumb\",\"itemListElement\":[{\"@type\":\"ListItem\",\"position\":1,\"name\":\"Inicio\",\"item\":\"https:\/\/abaa.mx\/tienda\/\"},{\"@type\":\"ListItem\",\"position\":2,\"name\":\"Tienda\",\"item\":\"https:\/\/abaa.mx\/tienda\/\"},{\"@type\":\"ListItem\",\"position\":3,\"name\":\"Dur\u00f3metro Digital EHS Tipo D, Polygon &#8211; EHS5D\"}]},{\"@type\":\"WebSite\",\"@id\":\"https:\/\/abaa.mx\/tienda\/#website\",\"url\":\"https:\/\/abaa.mx\/tienda\/\",\"name\":\"Abaa tienda online\",\"description\":\"Instrumentos de medici\u00f3n\",\"publisher\":{\"@id\":\"https:\/\/abaa.mx\/tienda\/#organization\"},\"potentialAction\":[{\"@type\":\"SearchAction\",\"target\":{\"@type\":\"EntryPoint\",\"urlTemplate\":\"https:\/\/abaa.mx\/tienda\/?s={search_term_string}\"},\"query-input\":{\"@type\":\"PropertyValueSpecification\",\"valueRequired\":true,\"valueName\":\"search_term_string\"}}],\"inLanguage\":\"es\"},{\"@type\":\"Organization\",\"@id\":\"https:\/\/abaa.mx\/tienda\/#organization\",\"name\":\"Abaa tienda online\",\"url\":\"https:\/\/abaa.mx\/tienda\/\",\"logo\":{\"@type\":\"ImageObject\",\"inLanguage\":\"es\",\"@id\":\"https:\/\/abaa.mx\/tienda\/#\/schema\/logo\/image\/\",\"url\":\"https:\/\/abaa.mx\/tienda\/wp-content\/uploads\/2024\/01\/abaa-metrologia-tienda.png\",\"contentUrl\":\"https:\/\/abaa.mx\/tienda\/wp-content\/uploads\/2024\/01\/abaa-metrologia-tienda.png\",\"width\":300,\"height\":141,\"caption\":\"Abaa tienda online\"},\"image\":{\"@id\":\"https:\/\/abaa.mx\/tienda\/#\/schema\/logo\/image\/\"}}]}<\/script>\n<!-- \/ Yoast SEO plugin. -->","yoast_head_json":{"title":"Dur\u00f3metro Digital EHS Tipo D, Polygon - EHS5D - Abaa tienda online","robots":{"index":"index","follow":"follow","max-snippet":"max-snippet:-1","max-image-preview":"max-image-preview:large","max-video-preview":"max-video-preview:-1"},"canonical":"https:\/\/abaa.mx\/tienda\/durometro-digital-ehs-tipo-d-polygon-ehs5d\/","og_locale":"es_MX","og_type":"article","og_title":"Dur\u00f3metro Digital EHS Tipo D, Polygon - EHS5D - Abaa tienda online","og_description":"El dur\u00f3metro digital de la serie de EHS es conveniente para medir el dureza del caucho, pl\u00e1stico y otros materiales no met\u00e1licos.  Caracter\u00edsticas:   Impresi\u00f3n: Mini-impresora inal\u00e1mbrica.  Modo de medici\u00f3n: Modo de promedio, modo m\u00e1ximo, modo de promedio m\u00e1ximo.  Pantalla LCD grande y f\u00e1cil de leer con retroiluminaci\u00f3n  Los datos de medici\u00f3n se pueden almacenar, navegar e imprimir por lotes.  Subir a la PC.  Certificado de Calibraci\u00f3n Incluido  Conforme a la norma ASTM D 2240, GB \/ T 531.1, ISO7619-1","og_url":"https:\/\/abaa.mx\/tienda\/durometro-digital-ehs-tipo-d-polygon-ehs5d\/","og_site_name":"Abaa tienda online","og_image":[{"width":414,"height":456,"url":"https:\/\/abaa.mx\/tienda\/wp-content\/uploads\/2023\/10\/POLYGON-EHS5D-1.jpg","type":"image\/jpeg"}],"twitter_card":"summary_large_image","twitter_misc":{"Tiempo de lectura":"1 minuto"},"schema":{"@context":"https:\/\/schema.org","@graph":[{"@type":"WebPage","@id":"https:\/\/abaa.mx\/tienda\/durometro-digital-ehs-tipo-d-polygon-ehs5d\/","url":"https:\/\/abaa.mx\/tienda\/durometro-digital-ehs-tipo-d-polygon-ehs5d\/","name":"Dur\u00f3metro Digital EHS Tipo D, Polygon - EHS5D - Abaa tienda online","isPartOf":{"@id":"https:\/\/abaa.mx\/tienda\/#website"},"primaryImageOfPage":{"@id":"https:\/\/abaa.mx\/tienda\/durometro-digital-ehs-tipo-d-polygon-ehs5d\/#primaryimage"},"image":{"@id":"https:\/\/abaa.mx\/tienda\/durometro-digital-ehs-tipo-d-polygon-ehs5d\/#primaryimage"},"thumbnailUrl":"https:\/\/abaa.mx\/tienda\/wp-content\/uploads\/2023\/10\/POLYGON-EHS5D-1.jpg","datePublished":"2023-10-31T15:35:25+00:00","breadcrumb":{"@id":"https:\/\/abaa.mx\/tienda\/durometro-digital-ehs-tipo-d-polygon-ehs5d\/#breadcrumb"},"inLanguage":"es","potentialAction":[{"@type":"ReadAction","target":["https:\/\/abaa.mx\/tienda\/durometro-digital-ehs-tipo-d-polygon-ehs5d\/"]}]},{"@type":"ImageObject","inLanguage":"es","@id":"https:\/\/abaa.mx\/tienda\/durometro-digital-ehs-tipo-d-polygon-ehs5d\/#primaryimage","url":"https:\/\/abaa.mx\/tienda\/wp-content\/uploads\/2023\/10\/POLYGON-EHS5D-1.jpg","contentUrl":"https:\/\/abaa.mx\/tienda\/wp-content\/uploads\/2023\/10\/POLYGON-EHS5D-1.jpg","width":414,"height":456,"caption":"POLYGON EHS5D"},{"@type":"BreadcrumbList","@id":"https:\/\/abaa.mx\/tienda\/durometro-digital-ehs-tipo-d-polygon-ehs5d\/#breadcrumb","itemListElement":[{"@type":"ListItem","position":1,"name":"Inicio","item":"https:\/\/abaa.mx\/tienda\/"},{"@type":"ListItem","position":2,"name":"Tienda","item":"https:\/\/abaa.mx\/tienda\/"},{"@type":"ListItem","position":3,"name":"Dur\u00f3metro Digital EHS Tipo D, Polygon &#8211; EHS5D"}]},{"@type":"WebSite","@id":"https:\/\/abaa.mx\/tienda\/#website","url":"https:\/\/abaa.mx\/tienda\/","name":"Abaa tienda online","description":"Instrumentos de medici\u00f3n","publisher":{"@id":"https:\/\/abaa.mx\/tienda\/#organization"},"potentialAction":[{"@type":"SearchAction","target":{"@type":"EntryPoint","urlTemplate":"https:\/\/abaa.mx\/tienda\/?s={search_term_string}"},"query-input":{"@type":"PropertyValueSpecification","valueRequired":true,"valueName":"search_term_string"}}],"inLanguage":"es"},{"@type":"Organization","@id":"https:\/\/abaa.mx\/tienda\/#organization","name":"Abaa tienda online","url":"https:\/\/abaa.mx\/tienda\/","logo":{"@type":"ImageObject","inLanguage":"es","@id":"https:\/\/abaa.mx\/tienda\/#\/schema\/logo\/image\/","url":"https:\/\/abaa.mx\/tienda\/wp-content\/uploads\/2024\/01\/abaa-metrologia-tienda.png","contentUrl":"https:\/\/abaa.mx\/tienda\/wp-content\/uploads\/2024\/01\/abaa-metrologia-tienda.png","width":300,"height":141,"caption":"Abaa tienda online"},"image":{"@id":"https:\/\/abaa.mx\/tienda\/#\/schema\/logo\/image\/"}}]}},"_links":{"self":[{"href":"https:\/\/abaa.mx\/tienda\/wp-json\/wp\/v2\/product\/8250","targetHints":{"allow":["GET"]}}],"collection":[{"href":"https:\/\/abaa.mx\/tienda\/wp-json\/wp\/v2\/product"}],"about":[{"href":"https:\/\/abaa.mx\/tienda\/wp-json\/wp\/v2\/types\/product"}],"replies":[{"embeddable":true,"href":"https:\/\/abaa.mx\/tienda\/wp-json\/wp\/v2\/comments?post=8250"}],"wp:featuredmedia":[{"embeddable":true,"href":"https:\/\/abaa.mx\/tienda\/wp-json\/wp\/v2\/media\/8259"}],"wp:attachment":[{"href":"https:\/\/abaa.mx\/tienda\/wp-json\/wp\/v2\/media?parent=8250"}],"wp:term":[{"taxonomy":"product_brand","embeddable":true,"href":"https:\/\/abaa.mx\/tienda\/wp-json\/wp\/v2\/product_brand?post=8250"},{"taxonomy":"product_cat","embeddable":true,"href":"https:\/\/abaa.mx\/tienda\/wp-json\/wp\/v2\/product_cat?post=8250"},{"taxonomy":"product_tag","embeddable":true,"href":"https:\/\/abaa.mx\/tienda\/wp-json\/wp\/v2\/product_tag?post=8250"}],"curies":[{"name":"wp","href":"https:\/\/api.w.org\/{rel}","templated":true}]}}