{"id":8249,"date":"2023-10-31T15:27:54","date_gmt":"2023-10-31T15:27:54","guid":{"rendered":"https:\/\/abaa.mx\/tienda\/?post_type=product&#038;p=8249"},"modified":"2023-10-31T15:27:55","modified_gmt":"2023-10-31T15:27:55","slug":"positector-shd-shore-d-avanzado-defelsko-shda-y-shdd","status":"publish","type":"product","link":"https:\/\/abaa.mx\/tienda\/positector-shd-shore-d-avanzado-defelsko-shda-y-shdd\/","title":{"rendered":"PosiTector SHD, Shore D, Avanzado, DeFelsko &#8211; SHDA y SHDD"},"content":{"rendered":"<p>PosiTector SHD, Shore D, Avanzado, DeFelsko &#8211; SHDA y SHDD<\/p>\n","protected":false},"excerpt":{"rendered":"<p>El dur\u00f3metro de dureza Shore Shore de PosiTector es un instrumento electr\u00f3nico de mano que mide la dureza de indentaci\u00f3n de materiales no met\u00e1licos. Dos modelos de dur\u00f3metro est\u00e1n libres para diferentes rangos de dureza &#8211; Shore A y Shore D en la version est\u00e1ndar o adelantado.<\/p>\n<p><b>Durable:<\/b><\/p>\n<ul>\n<li>Resistente a solventes, \u00e1cidos, aceite, agua y polvo &#8211; resistente a la intemperie<\/li>\n<li>Funda de goma protectora antichoque con clip para cintur\u00f3n<\/li>\n<li>Dos a\u00f1os de garant\u00eda en el cuerpo y la sonda<\/li>\n<li>Dentador de acero endurecido<\/li>\n<\/ul>\n<p><b>Preciso:<\/b><\/p>\n<ul>\n<li>El modo Hi-RES aumenta la resoluci\u00f3n visualizada a 0,1.<\/li>\n<li>Certificado de Calibraci\u00f3n mostrando trazabilidad al NIST incluido (Long Form).<\/li>\n<li>Cumple con las normas nacionales e internacionales, incluyendo ISO y ASTM.<\/li>\n<li>Incluye bloque de prueba para verificar el funcionamiento.<\/li>\n<li>El modo Auto Ignorar ignora las lecturas de dureza por debajo de 20 y por encima de 90 por est\u00e1ndares internacionales.<\/li>\n<\/ul>\n","protected":false},"featured_media":8257,"comment_status":"open","ping_status":"closed","template":"","meta":{"_joinchat":[]},"product_brand":[],"product_cat":[95],"product_tag":[],"class_list":{"0":"post-8249","1":"product","2":"type-product","3":"status-publish","4":"has-post-thumbnail","6":"product_cat-durometro","8":"first","9":"instock","10":"shipping-taxable","11":"product-type-simple"},"yoast_head":"<!-- This site is optimized with the Yoast SEO plugin v26.4 - https:\/\/yoast.com\/wordpress\/plugins\/seo\/ -->\n<title>PosiTector SHD, Shore D, Avanzado, DeFelsko - SHDA y SHDD - Abaa tienda online<\/title>\n<meta name=\"robots\" content=\"index, follow, max-snippet:-1, max-image-preview:large, max-video-preview:-1\" \/>\n<link rel=\"canonical\" href=\"https:\/\/abaa.mx\/tienda\/positector-shd-shore-d-avanzado-defelsko-shda-y-shdd\/\" \/>\n<meta property=\"og:locale\" content=\"es_MX\" \/>\n<meta property=\"og:type\" content=\"article\" \/>\n<meta property=\"og:title\" content=\"PosiTector SHD, Shore D, Avanzado, DeFelsko - SHDA y SHDD - Abaa tienda online\" \/>\n<meta property=\"og:description\" content=\"El dur\u00f3metro de dureza Shore Shore de PosiTector es un instrumento electr\u00f3nico de mano que mide la dureza de indentaci\u00f3n de materiales no met\u00e1licos. Dos modelos de dur\u00f3metro est\u00e1n libres para diferentes rangos de dureza - Shore A y Shore D en la version est\u00e1ndar o adelantado.  Durable:   Resistente a solventes, \u00e1cidos, aceite, agua y polvo - resistente a la intemperie  Funda de goma protectora antichoque con clip para cintur\u00f3n  Dos a\u00f1os de garant\u00eda en el cuerpo y la sonda  Dentador de acero endurecido  Preciso:   El modo Hi-RES aumenta la resoluci\u00f3n visualizada a 0,1.  Certificado de Calibraci\u00f3n mostrando trazabilidad al NIST incluido (Long Form).  Cumple con las normas nacionales e internacionales, incluyendo ISO y ASTM.  Incluye bloque de prueba para verificar el funcionamiento.  El modo Auto Ignorar ignora las lecturas de dureza por debajo de 20 y por encima de 90 por est\u00e1ndares internacionales.\" \/>\n<meta property=\"og:url\" content=\"https:\/\/abaa.mx\/tienda\/positector-shd-shore-d-avanzado-defelsko-shda-y-shdd\/\" \/>\n<meta property=\"og:site_name\" content=\"Abaa tienda online\" \/>\n<meta property=\"article:modified_time\" content=\"2023-10-31T15:27:55+00:00\" \/>\n<meta property=\"og:image\" content=\"https:\/\/abaa.mx\/tienda\/wp-content\/uploads\/2023\/10\/DEFELSKO-SHDD-2.jpg\" \/>\n\t<meta property=\"og:image:width\" content=\"385\" \/>\n\t<meta property=\"og:image:height\" content=\"615\" \/>\n\t<meta property=\"og:image:type\" content=\"image\/jpeg\" \/>\n<meta name=\"twitter:card\" content=\"summary_large_image\" \/>\n<meta name=\"twitter:label1\" content=\"Tiempo de lectura\" \/>\n\t<meta name=\"twitter:data1\" content=\"1 minuto\" \/>\n<script type=\"application\/ld+json\" class=\"yoast-schema-graph\">{\"@context\":\"https:\/\/schema.org\",\"@graph\":[{\"@type\":\"WebPage\",\"@id\":\"https:\/\/abaa.mx\/tienda\/positector-shd-shore-d-avanzado-defelsko-shda-y-shdd\/\",\"url\":\"https:\/\/abaa.mx\/tienda\/positector-shd-shore-d-avanzado-defelsko-shda-y-shdd\/\",\"name\":\"PosiTector SHD, Shore D, Avanzado, DeFelsko - SHDA y SHDD - Abaa tienda online\",\"isPartOf\":{\"@id\":\"https:\/\/abaa.mx\/tienda\/#website\"},\"primaryImageOfPage\":{\"@id\":\"https:\/\/abaa.mx\/tienda\/positector-shd-shore-d-avanzado-defelsko-shda-y-shdd\/#primaryimage\"},\"image\":{\"@id\":\"https:\/\/abaa.mx\/tienda\/positector-shd-shore-d-avanzado-defelsko-shda-y-shdd\/#primaryimage\"},\"thumbnailUrl\":\"https:\/\/abaa.mx\/tienda\/wp-content\/uploads\/2023\/10\/DEFELSKO-SHDD-2.jpg\",\"datePublished\":\"2023-10-31T15:27:54+00:00\",\"dateModified\":\"2023-10-31T15:27:55+00:00\",\"breadcrumb\":{\"@id\":\"https:\/\/abaa.mx\/tienda\/positector-shd-shore-d-avanzado-defelsko-shda-y-shdd\/#breadcrumb\"},\"inLanguage\":\"es\",\"potentialAction\":[{\"@type\":\"ReadAction\",\"target\":[\"https:\/\/abaa.mx\/tienda\/positector-shd-shore-d-avanzado-defelsko-shda-y-shdd\/\"]}]},{\"@type\":\"ImageObject\",\"inLanguage\":\"es\",\"@id\":\"https:\/\/abaa.mx\/tienda\/positector-shd-shore-d-avanzado-defelsko-shda-y-shdd\/#primaryimage\",\"url\":\"https:\/\/abaa.mx\/tienda\/wp-content\/uploads\/2023\/10\/DEFELSKO-SHDD-2.jpg\",\"contentUrl\":\"https:\/\/abaa.mx\/tienda\/wp-content\/uploads\/2023\/10\/DEFELSKO-SHDD-2.jpg\",\"width\":385,\"height\":615,\"caption\":\"DEFELSKO SHDD\"},{\"@type\":\"BreadcrumbList\",\"@id\":\"https:\/\/abaa.mx\/tienda\/positector-shd-shore-d-avanzado-defelsko-shda-y-shdd\/#breadcrumb\",\"itemListElement\":[{\"@type\":\"ListItem\",\"position\":1,\"name\":\"Inicio\",\"item\":\"https:\/\/abaa.mx\/tienda\/\"},{\"@type\":\"ListItem\",\"position\":2,\"name\":\"Tienda\",\"item\":\"https:\/\/abaa.mx\/tienda\/\"},{\"@type\":\"ListItem\",\"position\":3,\"name\":\"PosiTector SHD, Shore D, Avanzado, DeFelsko &#8211; SHDA y SHDD\"}]},{\"@type\":\"WebSite\",\"@id\":\"https:\/\/abaa.mx\/tienda\/#website\",\"url\":\"https:\/\/abaa.mx\/tienda\/\",\"name\":\"Abaa tienda online\",\"description\":\"Instrumentos de medici\u00f3n\",\"publisher\":{\"@id\":\"https:\/\/abaa.mx\/tienda\/#organization\"},\"potentialAction\":[{\"@type\":\"SearchAction\",\"target\":{\"@type\":\"EntryPoint\",\"urlTemplate\":\"https:\/\/abaa.mx\/tienda\/?s={search_term_string}\"},\"query-input\":{\"@type\":\"PropertyValueSpecification\",\"valueRequired\":true,\"valueName\":\"search_term_string\"}}],\"inLanguage\":\"es\"},{\"@type\":\"Organization\",\"@id\":\"https:\/\/abaa.mx\/tienda\/#organization\",\"name\":\"Abaa tienda online\",\"url\":\"https:\/\/abaa.mx\/tienda\/\",\"logo\":{\"@type\":\"ImageObject\",\"inLanguage\":\"es\",\"@id\":\"https:\/\/abaa.mx\/tienda\/#\/schema\/logo\/image\/\",\"url\":\"https:\/\/abaa.mx\/tienda\/wp-content\/uploads\/2024\/01\/abaa-metrologia-tienda.png\",\"contentUrl\":\"https:\/\/abaa.mx\/tienda\/wp-content\/uploads\/2024\/01\/abaa-metrologia-tienda.png\",\"width\":300,\"height\":141,\"caption\":\"Abaa tienda online\"},\"image\":{\"@id\":\"https:\/\/abaa.mx\/tienda\/#\/schema\/logo\/image\/\"}}]}<\/script>\n<!-- \/ Yoast SEO plugin. -->","yoast_head_json":{"title":"PosiTector SHD, Shore D, Avanzado, DeFelsko - SHDA y SHDD - Abaa tienda online","robots":{"index":"index","follow":"follow","max-snippet":"max-snippet:-1","max-image-preview":"max-image-preview:large","max-video-preview":"max-video-preview:-1"},"canonical":"https:\/\/abaa.mx\/tienda\/positector-shd-shore-d-avanzado-defelsko-shda-y-shdd\/","og_locale":"es_MX","og_type":"article","og_title":"PosiTector SHD, Shore D, Avanzado, DeFelsko - SHDA y SHDD - Abaa tienda online","og_description":"El dur\u00f3metro de dureza Shore Shore de PosiTector es un instrumento electr\u00f3nico de mano que mide la dureza de indentaci\u00f3n de materiales no met\u00e1licos. Dos modelos de dur\u00f3metro est\u00e1n libres para diferentes rangos de dureza - Shore A y Shore D en la version est\u00e1ndar o adelantado.  Durable:   Resistente a solventes, \u00e1cidos, aceite, agua y polvo - resistente a la intemperie  Funda de goma protectora antichoque con clip para cintur\u00f3n  Dos a\u00f1os de garant\u00eda en el cuerpo y la sonda  Dentador de acero endurecido  Preciso:   El modo Hi-RES aumenta la resoluci\u00f3n visualizada a 0,1.  Certificado de Calibraci\u00f3n mostrando trazabilidad al NIST incluido (Long Form).  Cumple con las normas nacionales e internacionales, incluyendo ISO y ASTM.  Incluye bloque de prueba para verificar el funcionamiento.  El modo Auto Ignorar ignora las lecturas de dureza por debajo de 20 y por encima de 90 por est\u00e1ndares internacionales.","og_url":"https:\/\/abaa.mx\/tienda\/positector-shd-shore-d-avanzado-defelsko-shda-y-shdd\/","og_site_name":"Abaa tienda online","article_modified_time":"2023-10-31T15:27:55+00:00","og_image":[{"width":385,"height":615,"url":"https:\/\/abaa.mx\/tienda\/wp-content\/uploads\/2023\/10\/DEFELSKO-SHDD-2.jpg","type":"image\/jpeg"}],"twitter_card":"summary_large_image","twitter_misc":{"Tiempo de lectura":"1 minuto"},"schema":{"@context":"https:\/\/schema.org","@graph":[{"@type":"WebPage","@id":"https:\/\/abaa.mx\/tienda\/positector-shd-shore-d-avanzado-defelsko-shda-y-shdd\/","url":"https:\/\/abaa.mx\/tienda\/positector-shd-shore-d-avanzado-defelsko-shda-y-shdd\/","name":"PosiTector SHD, Shore D, Avanzado, DeFelsko - SHDA y SHDD - Abaa tienda online","isPartOf":{"@id":"https:\/\/abaa.mx\/tienda\/#website"},"primaryImageOfPage":{"@id":"https:\/\/abaa.mx\/tienda\/positector-shd-shore-d-avanzado-defelsko-shda-y-shdd\/#primaryimage"},"image":{"@id":"https:\/\/abaa.mx\/tienda\/positector-shd-shore-d-avanzado-defelsko-shda-y-shdd\/#primaryimage"},"thumbnailUrl":"https:\/\/abaa.mx\/tienda\/wp-content\/uploads\/2023\/10\/DEFELSKO-SHDD-2.jpg","datePublished":"2023-10-31T15:27:54+00:00","dateModified":"2023-10-31T15:27:55+00:00","breadcrumb":{"@id":"https:\/\/abaa.mx\/tienda\/positector-shd-shore-d-avanzado-defelsko-shda-y-shdd\/#breadcrumb"},"inLanguage":"es","potentialAction":[{"@type":"ReadAction","target":["https:\/\/abaa.mx\/tienda\/positector-shd-shore-d-avanzado-defelsko-shda-y-shdd\/"]}]},{"@type":"ImageObject","inLanguage":"es","@id":"https:\/\/abaa.mx\/tienda\/positector-shd-shore-d-avanzado-defelsko-shda-y-shdd\/#primaryimage","url":"https:\/\/abaa.mx\/tienda\/wp-content\/uploads\/2023\/10\/DEFELSKO-SHDD-2.jpg","contentUrl":"https:\/\/abaa.mx\/tienda\/wp-content\/uploads\/2023\/10\/DEFELSKO-SHDD-2.jpg","width":385,"height":615,"caption":"DEFELSKO SHDD"},{"@type":"BreadcrumbList","@id":"https:\/\/abaa.mx\/tienda\/positector-shd-shore-d-avanzado-defelsko-shda-y-shdd\/#breadcrumb","itemListElement":[{"@type":"ListItem","position":1,"name":"Inicio","item":"https:\/\/abaa.mx\/tienda\/"},{"@type":"ListItem","position":2,"name":"Tienda","item":"https:\/\/abaa.mx\/tienda\/"},{"@type":"ListItem","position":3,"name":"PosiTector SHD, Shore D, Avanzado, DeFelsko &#8211; SHDA y SHDD"}]},{"@type":"WebSite","@id":"https:\/\/abaa.mx\/tienda\/#website","url":"https:\/\/abaa.mx\/tienda\/","name":"Abaa tienda online","description":"Instrumentos de medici\u00f3n","publisher":{"@id":"https:\/\/abaa.mx\/tienda\/#organization"},"potentialAction":[{"@type":"SearchAction","target":{"@type":"EntryPoint","urlTemplate":"https:\/\/abaa.mx\/tienda\/?s={search_term_string}"},"query-input":{"@type":"PropertyValueSpecification","valueRequired":true,"valueName":"search_term_string"}}],"inLanguage":"es"},{"@type":"Organization","@id":"https:\/\/abaa.mx\/tienda\/#organization","name":"Abaa tienda online","url":"https:\/\/abaa.mx\/tienda\/","logo":{"@type":"ImageObject","inLanguage":"es","@id":"https:\/\/abaa.mx\/tienda\/#\/schema\/logo\/image\/","url":"https:\/\/abaa.mx\/tienda\/wp-content\/uploads\/2024\/01\/abaa-metrologia-tienda.png","contentUrl":"https:\/\/abaa.mx\/tienda\/wp-content\/uploads\/2024\/01\/abaa-metrologia-tienda.png","width":300,"height":141,"caption":"Abaa tienda online"},"image":{"@id":"https:\/\/abaa.mx\/tienda\/#\/schema\/logo\/image\/"}}]}},"_links":{"self":[{"href":"https:\/\/abaa.mx\/tienda\/wp-json\/wp\/v2\/product\/8249","targetHints":{"allow":["GET"]}}],"collection":[{"href":"https:\/\/abaa.mx\/tienda\/wp-json\/wp\/v2\/product"}],"about":[{"href":"https:\/\/abaa.mx\/tienda\/wp-json\/wp\/v2\/types\/product"}],"replies":[{"embeddable":true,"href":"https:\/\/abaa.mx\/tienda\/wp-json\/wp\/v2\/comments?post=8249"}],"wp:featuredmedia":[{"embeddable":true,"href":"https:\/\/abaa.mx\/tienda\/wp-json\/wp\/v2\/media\/8257"}],"wp:attachment":[{"href":"https:\/\/abaa.mx\/tienda\/wp-json\/wp\/v2\/media?parent=8249"}],"wp:term":[{"taxonomy":"product_brand","embeddable":true,"href":"https:\/\/abaa.mx\/tienda\/wp-json\/wp\/v2\/product_brand?post=8249"},{"taxonomy":"product_cat","embeddable":true,"href":"https:\/\/abaa.mx\/tienda\/wp-json\/wp\/v2\/product_cat?post=8249"},{"taxonomy":"product_tag","embeddable":true,"href":"https:\/\/abaa.mx\/tienda\/wp-json\/wp\/v2\/product_tag?post=8249"}],"curies":[{"name":"wp","href":"https:\/\/api.w.org\/{rel}","templated":true}]}}