{"id":8248,"date":"2023-10-31T15:09:12","date_gmt":"2023-10-31T15:09:12","guid":{"rendered":"https:\/\/abaa.mx\/tienda\/?post_type=product&#038;p=8248"},"modified":"2023-11-30T19:38:00","modified_gmt":"2023-11-30T19:38:00","slug":"durometro-digital-e2000-tipo-oo-511-00","status":"publish","type":"product","link":"https:\/\/abaa.mx\/tienda\/durometro-digital-e2000-tipo-oo-511-00\/","title":{"rendered":"Dur\u00f3metro digital e2000 tipo OO -511-00"},"content":{"rendered":"<p>Dur\u00f3metro digital e2000 tipo OO -511\/00<\/p>\n","protected":false},"excerpt":{"rendered":"<p>El dur\u00f3metro digital modelo PC-511\/OO es un equipo de la serie e2000 para evaluaci\u00f3n de dureza en hules suaves y esponjas con escala ASTM tipo OO. Siendo este un dur\u00f3metro de mano para efectuar mediciones de dureza precisas. El dur\u00f3metro es f\u00e1cil de sostener y tiene una amplia y extensa zona de contacto para aumentar la estabilidad y conseguir la m\u00e1xima repetibilidad. El instrumento usa un indicio de lectura digital de d\u00edgitos enormes para una simple lectura. La unidad tiene un puerto de datos RS232 para descarga de informaci\u00f3n a un PC o impresora. Las peculiaridades asimismo incluyen un auto temporizador de apagado para ahorro de energ\u00eda e indicio de observaci\u00f3n de bater\u00eda baja. Estos dur\u00f3metros cumplen o sobrepasan todos los aspectos de ASTM D2240.<\/p>\n<ul>\n<li>Di\u00e1metro de la base:1.25 pulg. (3.2 cm).<\/li>\n<li>Altura:6 pulg. (15.2 cm)<\/li>\n<li>Peso:13 oz (369 g).<\/li>\n<li>Profundidad (Indicator):1.5 pulg. (3.8 cm)<\/li>\n<li>Escala:ASTM tipo OO<\/li>\n<li>Ancho:2.25 pulg. (5.7 cm)<\/li>\n<li>Precisi\u00f3n:\u00b11 punto<\/li>\n<\/ul>\n","protected":false},"featured_media":8254,"comment_status":"open","ping_status":"closed","template":"","meta":{"_joinchat":[]},"product_brand":[],"product_cat":[95],"product_tag":[],"class_list":{"0":"post-8248","1":"product","2":"type-product","3":"status-publish","4":"has-post-thumbnail","6":"product_cat-durometro","8":"first","9":"instock","10":"shipping-taxable","11":"product-type-simple"},"yoast_head":"<!-- This site is optimized with the Yoast SEO plugin v26.4 - https:\/\/yoast.com\/wordpress\/plugins\/seo\/ -->\n<title>Dur\u00f3metro digital e2000 tipo OO -511-00 - Abaa tienda online<\/title>\n<meta name=\"robots\" content=\"index, follow, max-snippet:-1, max-image-preview:large, max-video-preview:-1\" \/>\n<link rel=\"canonical\" href=\"https:\/\/abaa.mx\/tienda\/durometro-digital-e2000-tipo-oo-511-00\/\" \/>\n<meta property=\"og:locale\" content=\"es_MX\" \/>\n<meta property=\"og:type\" content=\"article\" \/>\n<meta property=\"og:title\" content=\"Dur\u00f3metro digital e2000 tipo OO -511-00 - Abaa tienda online\" \/>\n<meta property=\"og:description\" content=\"El dur\u00f3metro digital modelo PC-511\/OO es un equipo de la serie e2000 para evaluaci\u00f3n de dureza en hules suaves y esponjas con escala ASTM tipo OO. Siendo este un dur\u00f3metro de mano para efectuar mediciones de dureza precisas. El dur\u00f3metro es f\u00e1cil de sostener y tiene una amplia y extensa zona de contacto para aumentar la estabilidad y conseguir la m\u00e1xima repetibilidad. El instrumento usa un indicio de lectura digital de d\u00edgitos enormes para una simple lectura. La unidad tiene un puerto de datos RS232 para descarga de informaci\u00f3n a un PC o impresora. Las peculiaridades asimismo incluyen un auto temporizador de apagado para ahorro de energ\u00eda e indicio de observaci\u00f3n de bater\u00eda baja. Estos dur\u00f3metros cumplen o sobrepasan todos los aspectos de ASTM D2240.   Di\u00e1metro de la base:1.25 pulg. (3.2 cm).  Altura:6 pulg. (15.2 cm)  Peso:13 oz (369 g).  Profundidad (Indicator):1.5 pulg. (3.8 cm)  Escala:ASTM tipo OO  Ancho:2.25 pulg. (5.7 cm)  Precisi\u00f3n:\u00b11 punto\" \/>\n<meta property=\"og:url\" content=\"https:\/\/abaa.mx\/tienda\/durometro-digital-e2000-tipo-oo-511-00\/\" \/>\n<meta property=\"og:site_name\" content=\"Abaa tienda online\" \/>\n<meta property=\"article:modified_time\" content=\"2023-11-30T19:38:00+00:00\" \/>\n<meta property=\"og:image\" content=\"https:\/\/abaa.mx\/tienda\/wp-content\/uploads\/2023\/10\/PTC-00-511-100-1.jpg\" \/>\n\t<meta property=\"og:image:width\" content=\"431\" \/>\n\t<meta property=\"og:image:height\" content=\"463\" \/>\n\t<meta property=\"og:image:type\" content=\"image\/jpeg\" \/>\n<meta name=\"twitter:card\" content=\"summary_large_image\" \/>\n<meta name=\"twitter:label1\" content=\"Tiempo de lectura\" \/>\n\t<meta name=\"twitter:data1\" content=\"1 minuto\" \/>\n<script type=\"application\/ld+json\" class=\"yoast-schema-graph\">{\"@context\":\"https:\/\/schema.org\",\"@graph\":[{\"@type\":\"WebPage\",\"@id\":\"https:\/\/abaa.mx\/tienda\/durometro-digital-e2000-tipo-oo-511-00\/\",\"url\":\"https:\/\/abaa.mx\/tienda\/durometro-digital-e2000-tipo-oo-511-00\/\",\"name\":\"Dur\u00f3metro digital e2000 tipo OO -511-00 - Abaa tienda online\",\"isPartOf\":{\"@id\":\"https:\/\/abaa.mx\/tienda\/#website\"},\"primaryImageOfPage\":{\"@id\":\"https:\/\/abaa.mx\/tienda\/durometro-digital-e2000-tipo-oo-511-00\/#primaryimage\"},\"image\":{\"@id\":\"https:\/\/abaa.mx\/tienda\/durometro-digital-e2000-tipo-oo-511-00\/#primaryimage\"},\"thumbnailUrl\":\"https:\/\/abaa.mx\/tienda\/wp-content\/uploads\/2023\/10\/PTC-00-511-100-1.jpg\",\"datePublished\":\"2023-10-31T15:09:12+00:00\",\"dateModified\":\"2023-11-30T19:38:00+00:00\",\"breadcrumb\":{\"@id\":\"https:\/\/abaa.mx\/tienda\/durometro-digital-e2000-tipo-oo-511-00\/#breadcrumb\"},\"inLanguage\":\"es\",\"potentialAction\":[{\"@type\":\"ReadAction\",\"target\":[\"https:\/\/abaa.mx\/tienda\/durometro-digital-e2000-tipo-oo-511-00\/\"]}]},{\"@type\":\"ImageObject\",\"inLanguage\":\"es\",\"@id\":\"https:\/\/abaa.mx\/tienda\/durometro-digital-e2000-tipo-oo-511-00\/#primaryimage\",\"url\":\"https:\/\/abaa.mx\/tienda\/wp-content\/uploads\/2023\/10\/PTC-00-511-100-1.jpg\",\"contentUrl\":\"https:\/\/abaa.mx\/tienda\/wp-content\/uploads\/2023\/10\/PTC-00-511-100-1.jpg\",\"width\":431,\"height\":463,\"caption\":\"PTC 00-511-100\"},{\"@type\":\"BreadcrumbList\",\"@id\":\"https:\/\/abaa.mx\/tienda\/durometro-digital-e2000-tipo-oo-511-00\/#breadcrumb\",\"itemListElement\":[{\"@type\":\"ListItem\",\"position\":1,\"name\":\"Inicio\",\"item\":\"https:\/\/abaa.mx\/tienda\/\"},{\"@type\":\"ListItem\",\"position\":2,\"name\":\"Tienda\",\"item\":\"https:\/\/abaa.mx\/tienda\/\"},{\"@type\":\"ListItem\",\"position\":3,\"name\":\"Dur\u00f3metro digital e2000 tipo OO -511-00\"}]},{\"@type\":\"WebSite\",\"@id\":\"https:\/\/abaa.mx\/tienda\/#website\",\"url\":\"https:\/\/abaa.mx\/tienda\/\",\"name\":\"Abaa tienda online\",\"description\":\"Instrumentos de medici\u00f3n\",\"publisher\":{\"@id\":\"https:\/\/abaa.mx\/tienda\/#organization\"},\"potentialAction\":[{\"@type\":\"SearchAction\",\"target\":{\"@type\":\"EntryPoint\",\"urlTemplate\":\"https:\/\/abaa.mx\/tienda\/?s={search_term_string}\"},\"query-input\":{\"@type\":\"PropertyValueSpecification\",\"valueRequired\":true,\"valueName\":\"search_term_string\"}}],\"inLanguage\":\"es\"},{\"@type\":\"Organization\",\"@id\":\"https:\/\/abaa.mx\/tienda\/#organization\",\"name\":\"Abaa tienda online\",\"url\":\"https:\/\/abaa.mx\/tienda\/\",\"logo\":{\"@type\":\"ImageObject\",\"inLanguage\":\"es\",\"@id\":\"https:\/\/abaa.mx\/tienda\/#\/schema\/logo\/image\/\",\"url\":\"https:\/\/abaa.mx\/tienda\/wp-content\/uploads\/2024\/01\/abaa-metrologia-tienda.png\",\"contentUrl\":\"https:\/\/abaa.mx\/tienda\/wp-content\/uploads\/2024\/01\/abaa-metrologia-tienda.png\",\"width\":300,\"height\":141,\"caption\":\"Abaa tienda online\"},\"image\":{\"@id\":\"https:\/\/abaa.mx\/tienda\/#\/schema\/logo\/image\/\"}}]}<\/script>\n<!-- \/ Yoast SEO plugin. -->","yoast_head_json":{"title":"Dur\u00f3metro digital e2000 tipo OO -511-00 - Abaa tienda online","robots":{"index":"index","follow":"follow","max-snippet":"max-snippet:-1","max-image-preview":"max-image-preview:large","max-video-preview":"max-video-preview:-1"},"canonical":"https:\/\/abaa.mx\/tienda\/durometro-digital-e2000-tipo-oo-511-00\/","og_locale":"es_MX","og_type":"article","og_title":"Dur\u00f3metro digital e2000 tipo OO -511-00 - Abaa tienda online","og_description":"El dur\u00f3metro digital modelo PC-511\/OO es un equipo de la serie e2000 para evaluaci\u00f3n de dureza en hules suaves y esponjas con escala ASTM tipo OO. Siendo este un dur\u00f3metro de mano para efectuar mediciones de dureza precisas. El dur\u00f3metro es f\u00e1cil de sostener y tiene una amplia y extensa zona de contacto para aumentar la estabilidad y conseguir la m\u00e1xima repetibilidad. El instrumento usa un indicio de lectura digital de d\u00edgitos enormes para una simple lectura. La unidad tiene un puerto de datos RS232 para descarga de informaci\u00f3n a un PC o impresora. Las peculiaridades asimismo incluyen un auto temporizador de apagado para ahorro de energ\u00eda e indicio de observaci\u00f3n de bater\u00eda baja. Estos dur\u00f3metros cumplen o sobrepasan todos los aspectos de ASTM D2240.   Di\u00e1metro de la base:1.25 pulg. (3.2 cm).  Altura:6 pulg. (15.2 cm)  Peso:13 oz (369 g).  Profundidad (Indicator):1.5 pulg. (3.8 cm)  Escala:ASTM tipo OO  Ancho:2.25 pulg. (5.7 cm)  Precisi\u00f3n:\u00b11 punto","og_url":"https:\/\/abaa.mx\/tienda\/durometro-digital-e2000-tipo-oo-511-00\/","og_site_name":"Abaa tienda online","article_modified_time":"2023-11-30T19:38:00+00:00","og_image":[{"width":431,"height":463,"url":"https:\/\/abaa.mx\/tienda\/wp-content\/uploads\/2023\/10\/PTC-00-511-100-1.jpg","type":"image\/jpeg"}],"twitter_card":"summary_large_image","twitter_misc":{"Tiempo de lectura":"1 minuto"},"schema":{"@context":"https:\/\/schema.org","@graph":[{"@type":"WebPage","@id":"https:\/\/abaa.mx\/tienda\/durometro-digital-e2000-tipo-oo-511-00\/","url":"https:\/\/abaa.mx\/tienda\/durometro-digital-e2000-tipo-oo-511-00\/","name":"Dur\u00f3metro digital e2000 tipo OO -511-00 - Abaa tienda online","isPartOf":{"@id":"https:\/\/abaa.mx\/tienda\/#website"},"primaryImageOfPage":{"@id":"https:\/\/abaa.mx\/tienda\/durometro-digital-e2000-tipo-oo-511-00\/#primaryimage"},"image":{"@id":"https:\/\/abaa.mx\/tienda\/durometro-digital-e2000-tipo-oo-511-00\/#primaryimage"},"thumbnailUrl":"https:\/\/abaa.mx\/tienda\/wp-content\/uploads\/2023\/10\/PTC-00-511-100-1.jpg","datePublished":"2023-10-31T15:09:12+00:00","dateModified":"2023-11-30T19:38:00+00:00","breadcrumb":{"@id":"https:\/\/abaa.mx\/tienda\/durometro-digital-e2000-tipo-oo-511-00\/#breadcrumb"},"inLanguage":"es","potentialAction":[{"@type":"ReadAction","target":["https:\/\/abaa.mx\/tienda\/durometro-digital-e2000-tipo-oo-511-00\/"]}]},{"@type":"ImageObject","inLanguage":"es","@id":"https:\/\/abaa.mx\/tienda\/durometro-digital-e2000-tipo-oo-511-00\/#primaryimage","url":"https:\/\/abaa.mx\/tienda\/wp-content\/uploads\/2023\/10\/PTC-00-511-100-1.jpg","contentUrl":"https:\/\/abaa.mx\/tienda\/wp-content\/uploads\/2023\/10\/PTC-00-511-100-1.jpg","width":431,"height":463,"caption":"PTC 00-511-100"},{"@type":"BreadcrumbList","@id":"https:\/\/abaa.mx\/tienda\/durometro-digital-e2000-tipo-oo-511-00\/#breadcrumb","itemListElement":[{"@type":"ListItem","position":1,"name":"Inicio","item":"https:\/\/abaa.mx\/tienda\/"},{"@type":"ListItem","position":2,"name":"Tienda","item":"https:\/\/abaa.mx\/tienda\/"},{"@type":"ListItem","position":3,"name":"Dur\u00f3metro digital e2000 tipo OO -511-00"}]},{"@type":"WebSite","@id":"https:\/\/abaa.mx\/tienda\/#website","url":"https:\/\/abaa.mx\/tienda\/","name":"Abaa tienda online","description":"Instrumentos de medici\u00f3n","publisher":{"@id":"https:\/\/abaa.mx\/tienda\/#organization"},"potentialAction":[{"@type":"SearchAction","target":{"@type":"EntryPoint","urlTemplate":"https:\/\/abaa.mx\/tienda\/?s={search_term_string}"},"query-input":{"@type":"PropertyValueSpecification","valueRequired":true,"valueName":"search_term_string"}}],"inLanguage":"es"},{"@type":"Organization","@id":"https:\/\/abaa.mx\/tienda\/#organization","name":"Abaa tienda online","url":"https:\/\/abaa.mx\/tienda\/","logo":{"@type":"ImageObject","inLanguage":"es","@id":"https:\/\/abaa.mx\/tienda\/#\/schema\/logo\/image\/","url":"https:\/\/abaa.mx\/tienda\/wp-content\/uploads\/2024\/01\/abaa-metrologia-tienda.png","contentUrl":"https:\/\/abaa.mx\/tienda\/wp-content\/uploads\/2024\/01\/abaa-metrologia-tienda.png","width":300,"height":141,"caption":"Abaa tienda online"},"image":{"@id":"https:\/\/abaa.mx\/tienda\/#\/schema\/logo\/image\/"}}]}},"_links":{"self":[{"href":"https:\/\/abaa.mx\/tienda\/wp-json\/wp\/v2\/product\/8248","targetHints":{"allow":["GET"]}}],"collection":[{"href":"https:\/\/abaa.mx\/tienda\/wp-json\/wp\/v2\/product"}],"about":[{"href":"https:\/\/abaa.mx\/tienda\/wp-json\/wp\/v2\/types\/product"}],"replies":[{"embeddable":true,"href":"https:\/\/abaa.mx\/tienda\/wp-json\/wp\/v2\/comments?post=8248"}],"wp:featuredmedia":[{"embeddable":true,"href":"https:\/\/abaa.mx\/tienda\/wp-json\/wp\/v2\/media\/8254"}],"wp:attachment":[{"href":"https:\/\/abaa.mx\/tienda\/wp-json\/wp\/v2\/media?parent=8248"}],"wp:term":[{"taxonomy":"product_brand","embeddable":true,"href":"https:\/\/abaa.mx\/tienda\/wp-json\/wp\/v2\/product_brand?post=8248"},{"taxonomy":"product_cat","embeddable":true,"href":"https:\/\/abaa.mx\/tienda\/wp-json\/wp\/v2\/product_cat?post=8248"},{"taxonomy":"product_tag","embeddable":true,"href":"https:\/\/abaa.mx\/tienda\/wp-json\/wp\/v2\/product_tag?post=8248"}],"curies":[{"name":"wp","href":"https:\/\/api.w.org\/{rel}","templated":true}]}}