{"id":8235,"date":"2023-10-31T14:45:36","date_gmt":"2023-10-31T14:45:36","guid":{"rendered":"https:\/\/abaa.mx\/tienda\/?post_type=product&#038;p=8235"},"modified":"2023-12-22T20:06:54","modified_gmt":"2023-12-22T20:06:54","slug":"durometro-astm-do-413","status":"publish","type":"product","link":"https:\/\/abaa.mx\/tienda\/durometro-astm-do-413\/","title":{"rendered":"Dur\u00f3metro ASTM DO &#8211; 413"},"content":{"rendered":"<p>Dur\u00f3metro ASTM DO &#8211; 413<\/p>\n","protected":false},"excerpt":{"rendered":"<p>El Dur\u00f3metro Modelo 413 ASTM Tipo DO de PTC mide la dureza de la indentaci\u00f3n del revestimiento ign\u00edfugo (Pyrocrete by Carboline) Caucho Equilibradamente Duro, Elast\u00f3meros y Bobinados Textiles Duros.<\/p>\n<p><b>Caracteristicas:<\/b><\/p>\n<ul>\n<li type=\"circle\">Tapers de base a 1 &#8220;x 1&#8221;<\/li>\n<li type=\"circle\">Puntero de retenci\u00f3n est\u00e1ndar est\u00e1ndar<\/li>\n<li type=\"circle\">F\u00e1cil de leer Dial de 0 a 100 puntos<\/li>\n<li type=\"circle\">Soportes de prueba de accesorios disponibles<\/li>\n<li type=\"circle\">Certificaci\u00f3n NIST \/ A2LA a ISO 17025 disponible<\/li>\n<li type=\"circle\">Incluye Bloque de Prueba de Aluminio de Precisi\u00f3n<\/li>\n<li type=\"circle\">Estuche de transporte<\/li>\n<\/ul>\n<p><b>Especificaciones:<\/b><\/p>\n<ul>\n<li type=\"circle\">Cumple o excede las especificaciones actuales de ASTM D2240<\/li>\n<li type=\"circle\">Rango (Tipo DO) 0-100 puntos<\/li>\n<li type=\"circle\">Precisi\u00f3n de \u00b1 1 punto<\/li>\n<li type=\"circle\">Altura 4 pulgadas (10.2 cm)<\/li>\n<li type=\"circle\">Ancho 2-1 \/ 4 pulg (5.7 cm)<\/li>\n<li type=\"circle\">Profundidad 1-3 \/ 4 pulgadas (4.4 cm)<\/li>\n<li type=\"circle\">Peso 6 oz. (170 g)<\/li>\n<li type=\"circle\">Peso de env\u00edo 3lb (1.4kg)<\/li>\n<\/ul>\n","protected":false},"featured_media":8244,"comment_status":"open","ping_status":"closed","template":"","meta":{"_joinchat":[]},"product_brand":[],"product_cat":[95],"product_tag":[],"class_list":{"0":"post-8235","1":"product","2":"type-product","3":"status-publish","4":"has-post-thumbnail","6":"product_cat-durometro","8":"first","9":"instock","10":"shipping-taxable","11":"product-type-simple"},"yoast_head":"<!-- This site is optimized with the Yoast SEO plugin v26.4 - https:\/\/yoast.com\/wordpress\/plugins\/seo\/ -->\n<title>Dur\u00f3metro ASTM DO - 413 - Abaa tienda online<\/title>\n<meta name=\"robots\" content=\"index, follow, max-snippet:-1, max-image-preview:large, max-video-preview:-1\" \/>\n<link rel=\"canonical\" href=\"https:\/\/abaa.mx\/tienda\/durometro-astm-do-413\/\" \/>\n<meta property=\"og:locale\" content=\"es_MX\" \/>\n<meta property=\"og:type\" content=\"article\" \/>\n<meta property=\"og:title\" content=\"Dur\u00f3metro ASTM DO - 413 - Abaa tienda online\" \/>\n<meta property=\"og:description\" content=\"El Dur\u00f3metro Modelo 413 ASTM Tipo DO de PTC mide la dureza de la indentaci\u00f3n del revestimiento ign\u00edfugo (Pyrocrete by Carboline) Caucho Equilibradamente Duro, Elast\u00f3meros y Bobinados Textiles Duros.  Caracteristicas:   Tapers de base a 1 &quot;x 1&quot;  Puntero de retenci\u00f3n est\u00e1ndar est\u00e1ndar  F\u00e1cil de leer Dial de 0 a 100 puntos  Soportes de prueba de accesorios disponibles  Certificaci\u00f3n NIST \/ A2LA a ISO 17025 disponible  Incluye Bloque de Prueba de Aluminio de Precisi\u00f3n  Estuche de transporte  Especificaciones:   Cumple o excede las especificaciones actuales de ASTM D2240  Rango (Tipo DO) 0-100 puntos  Precisi\u00f3n de \u00b1 1 punto  Altura 4 pulgadas (10.2 cm)  Ancho 2-1 \/ 4 pulg (5.7 cm)  Profundidad 1-3 \/ 4 pulgadas (4.4 cm)  Peso 6 oz. (170 g)  Peso de env\u00edo 3lb (1.4kg)\" \/>\n<meta property=\"og:url\" content=\"https:\/\/abaa.mx\/tienda\/durometro-astm-do-413\/\" \/>\n<meta property=\"og:site_name\" content=\"Abaa tienda online\" \/>\n<meta property=\"article:modified_time\" content=\"2023-12-22T20:06:54+00:00\" \/>\n<meta property=\"og:image\" content=\"https:\/\/abaa.mx\/tienda\/wp-content\/uploads\/2023\/10\/PTC-ASTM-DO-413-1.jpg\" \/>\n\t<meta property=\"og:image:width\" content=\"429\" \/>\n\t<meta property=\"og:image:height\" content=\"482\" \/>\n\t<meta property=\"og:image:type\" content=\"image\/jpeg\" \/>\n<meta name=\"twitter:card\" content=\"summary_large_image\" \/>\n<meta name=\"twitter:label1\" content=\"Tiempo de lectura\" \/>\n\t<meta name=\"twitter:data1\" content=\"1 minuto\" \/>\n<script type=\"application\/ld+json\" class=\"yoast-schema-graph\">{\"@context\":\"https:\/\/schema.org\",\"@graph\":[{\"@type\":\"WebPage\",\"@id\":\"https:\/\/abaa.mx\/tienda\/durometro-astm-do-413\/\",\"url\":\"https:\/\/abaa.mx\/tienda\/durometro-astm-do-413\/\",\"name\":\"Dur\u00f3metro ASTM DO - 413 - Abaa tienda online\",\"isPartOf\":{\"@id\":\"https:\/\/abaa.mx\/tienda\/#website\"},\"primaryImageOfPage\":{\"@id\":\"https:\/\/abaa.mx\/tienda\/durometro-astm-do-413\/#primaryimage\"},\"image\":{\"@id\":\"https:\/\/abaa.mx\/tienda\/durometro-astm-do-413\/#primaryimage\"},\"thumbnailUrl\":\"https:\/\/abaa.mx\/tienda\/wp-content\/uploads\/2023\/10\/PTC-ASTM-DO-413-1.jpg\",\"datePublished\":\"2023-10-31T14:45:36+00:00\",\"dateModified\":\"2023-12-22T20:06:54+00:00\",\"breadcrumb\":{\"@id\":\"https:\/\/abaa.mx\/tienda\/durometro-astm-do-413\/#breadcrumb\"},\"inLanguage\":\"es\",\"potentialAction\":[{\"@type\":\"ReadAction\",\"target\":[\"https:\/\/abaa.mx\/tienda\/durometro-astm-do-413\/\"]}]},{\"@type\":\"ImageObject\",\"inLanguage\":\"es\",\"@id\":\"https:\/\/abaa.mx\/tienda\/durometro-astm-do-413\/#primaryimage\",\"url\":\"https:\/\/abaa.mx\/tienda\/wp-content\/uploads\/2023\/10\/PTC-ASTM-DO-413-1.jpg\",\"contentUrl\":\"https:\/\/abaa.mx\/tienda\/wp-content\/uploads\/2023\/10\/PTC-ASTM-DO-413-1.jpg\",\"width\":429,\"height\":482,\"caption\":\"PTC ASTM DO-413\"},{\"@type\":\"BreadcrumbList\",\"@id\":\"https:\/\/abaa.mx\/tienda\/durometro-astm-do-413\/#breadcrumb\",\"itemListElement\":[{\"@type\":\"ListItem\",\"position\":1,\"name\":\"Inicio\",\"item\":\"https:\/\/abaa.mx\/tienda\/\"},{\"@type\":\"ListItem\",\"position\":2,\"name\":\"Tienda\",\"item\":\"https:\/\/abaa.mx\/tienda\/\"},{\"@type\":\"ListItem\",\"position\":3,\"name\":\"Dur\u00f3metro ASTM DO &#8211; 413\"}]},{\"@type\":\"WebSite\",\"@id\":\"https:\/\/abaa.mx\/tienda\/#website\",\"url\":\"https:\/\/abaa.mx\/tienda\/\",\"name\":\"Abaa tienda online\",\"description\":\"Instrumentos de medici\u00f3n\",\"publisher\":{\"@id\":\"https:\/\/abaa.mx\/tienda\/#organization\"},\"potentialAction\":[{\"@type\":\"SearchAction\",\"target\":{\"@type\":\"EntryPoint\",\"urlTemplate\":\"https:\/\/abaa.mx\/tienda\/?s={search_term_string}\"},\"query-input\":{\"@type\":\"PropertyValueSpecification\",\"valueRequired\":true,\"valueName\":\"search_term_string\"}}],\"inLanguage\":\"es\"},{\"@type\":\"Organization\",\"@id\":\"https:\/\/abaa.mx\/tienda\/#organization\",\"name\":\"Abaa tienda online\",\"url\":\"https:\/\/abaa.mx\/tienda\/\",\"logo\":{\"@type\":\"ImageObject\",\"inLanguage\":\"es\",\"@id\":\"https:\/\/abaa.mx\/tienda\/#\/schema\/logo\/image\/\",\"url\":\"https:\/\/abaa.mx\/tienda\/wp-content\/uploads\/2024\/01\/abaa-metrologia-tienda.png\",\"contentUrl\":\"https:\/\/abaa.mx\/tienda\/wp-content\/uploads\/2024\/01\/abaa-metrologia-tienda.png\",\"width\":300,\"height\":141,\"caption\":\"Abaa tienda online\"},\"image\":{\"@id\":\"https:\/\/abaa.mx\/tienda\/#\/schema\/logo\/image\/\"}}]}<\/script>\n<!-- \/ Yoast SEO plugin. -->","yoast_head_json":{"title":"Dur\u00f3metro ASTM DO - 413 - Abaa tienda online","robots":{"index":"index","follow":"follow","max-snippet":"max-snippet:-1","max-image-preview":"max-image-preview:large","max-video-preview":"max-video-preview:-1"},"canonical":"https:\/\/abaa.mx\/tienda\/durometro-astm-do-413\/","og_locale":"es_MX","og_type":"article","og_title":"Dur\u00f3metro ASTM DO - 413 - Abaa tienda online","og_description":"El Dur\u00f3metro Modelo 413 ASTM Tipo DO de PTC mide la dureza de la indentaci\u00f3n del revestimiento ign\u00edfugo (Pyrocrete by Carboline) Caucho Equilibradamente Duro, Elast\u00f3meros y Bobinados Textiles Duros.  Caracteristicas:   Tapers de base a 1 \"x 1\"  Puntero de retenci\u00f3n est\u00e1ndar est\u00e1ndar  F\u00e1cil de leer Dial de 0 a 100 puntos  Soportes de prueba de accesorios disponibles  Certificaci\u00f3n NIST \/ A2LA a ISO 17025 disponible  Incluye Bloque de Prueba de Aluminio de Precisi\u00f3n  Estuche de transporte  Especificaciones:   Cumple o excede las especificaciones actuales de ASTM D2240  Rango (Tipo DO) 0-100 puntos  Precisi\u00f3n de \u00b1 1 punto  Altura 4 pulgadas (10.2 cm)  Ancho 2-1 \/ 4 pulg (5.7 cm)  Profundidad 1-3 \/ 4 pulgadas (4.4 cm)  Peso 6 oz. (170 g)  Peso de env\u00edo 3lb (1.4kg)","og_url":"https:\/\/abaa.mx\/tienda\/durometro-astm-do-413\/","og_site_name":"Abaa tienda online","article_modified_time":"2023-12-22T20:06:54+00:00","og_image":[{"width":429,"height":482,"url":"https:\/\/abaa.mx\/tienda\/wp-content\/uploads\/2023\/10\/PTC-ASTM-DO-413-1.jpg","type":"image\/jpeg"}],"twitter_card":"summary_large_image","twitter_misc":{"Tiempo de lectura":"1 minuto"},"schema":{"@context":"https:\/\/schema.org","@graph":[{"@type":"WebPage","@id":"https:\/\/abaa.mx\/tienda\/durometro-astm-do-413\/","url":"https:\/\/abaa.mx\/tienda\/durometro-astm-do-413\/","name":"Dur\u00f3metro ASTM DO - 413 - Abaa tienda online","isPartOf":{"@id":"https:\/\/abaa.mx\/tienda\/#website"},"primaryImageOfPage":{"@id":"https:\/\/abaa.mx\/tienda\/durometro-astm-do-413\/#primaryimage"},"image":{"@id":"https:\/\/abaa.mx\/tienda\/durometro-astm-do-413\/#primaryimage"},"thumbnailUrl":"https:\/\/abaa.mx\/tienda\/wp-content\/uploads\/2023\/10\/PTC-ASTM-DO-413-1.jpg","datePublished":"2023-10-31T14:45:36+00:00","dateModified":"2023-12-22T20:06:54+00:00","breadcrumb":{"@id":"https:\/\/abaa.mx\/tienda\/durometro-astm-do-413\/#breadcrumb"},"inLanguage":"es","potentialAction":[{"@type":"ReadAction","target":["https:\/\/abaa.mx\/tienda\/durometro-astm-do-413\/"]}]},{"@type":"ImageObject","inLanguage":"es","@id":"https:\/\/abaa.mx\/tienda\/durometro-astm-do-413\/#primaryimage","url":"https:\/\/abaa.mx\/tienda\/wp-content\/uploads\/2023\/10\/PTC-ASTM-DO-413-1.jpg","contentUrl":"https:\/\/abaa.mx\/tienda\/wp-content\/uploads\/2023\/10\/PTC-ASTM-DO-413-1.jpg","width":429,"height":482,"caption":"PTC ASTM DO-413"},{"@type":"BreadcrumbList","@id":"https:\/\/abaa.mx\/tienda\/durometro-astm-do-413\/#breadcrumb","itemListElement":[{"@type":"ListItem","position":1,"name":"Inicio","item":"https:\/\/abaa.mx\/tienda\/"},{"@type":"ListItem","position":2,"name":"Tienda","item":"https:\/\/abaa.mx\/tienda\/"},{"@type":"ListItem","position":3,"name":"Dur\u00f3metro ASTM DO &#8211; 413"}]},{"@type":"WebSite","@id":"https:\/\/abaa.mx\/tienda\/#website","url":"https:\/\/abaa.mx\/tienda\/","name":"Abaa tienda online","description":"Instrumentos de medici\u00f3n","publisher":{"@id":"https:\/\/abaa.mx\/tienda\/#organization"},"potentialAction":[{"@type":"SearchAction","target":{"@type":"EntryPoint","urlTemplate":"https:\/\/abaa.mx\/tienda\/?s={search_term_string}"},"query-input":{"@type":"PropertyValueSpecification","valueRequired":true,"valueName":"search_term_string"}}],"inLanguage":"es"},{"@type":"Organization","@id":"https:\/\/abaa.mx\/tienda\/#organization","name":"Abaa tienda online","url":"https:\/\/abaa.mx\/tienda\/","logo":{"@type":"ImageObject","inLanguage":"es","@id":"https:\/\/abaa.mx\/tienda\/#\/schema\/logo\/image\/","url":"https:\/\/abaa.mx\/tienda\/wp-content\/uploads\/2024\/01\/abaa-metrologia-tienda.png","contentUrl":"https:\/\/abaa.mx\/tienda\/wp-content\/uploads\/2024\/01\/abaa-metrologia-tienda.png","width":300,"height":141,"caption":"Abaa tienda online"},"image":{"@id":"https:\/\/abaa.mx\/tienda\/#\/schema\/logo\/image\/"}}]}},"_links":{"self":[{"href":"https:\/\/abaa.mx\/tienda\/wp-json\/wp\/v2\/product\/8235","targetHints":{"allow":["GET"]}}],"collection":[{"href":"https:\/\/abaa.mx\/tienda\/wp-json\/wp\/v2\/product"}],"about":[{"href":"https:\/\/abaa.mx\/tienda\/wp-json\/wp\/v2\/types\/product"}],"replies":[{"embeddable":true,"href":"https:\/\/abaa.mx\/tienda\/wp-json\/wp\/v2\/comments?post=8235"}],"wp:featuredmedia":[{"embeddable":true,"href":"https:\/\/abaa.mx\/tienda\/wp-json\/wp\/v2\/media\/8244"}],"wp:attachment":[{"href":"https:\/\/abaa.mx\/tienda\/wp-json\/wp\/v2\/media?parent=8235"}],"wp:term":[{"taxonomy":"product_brand","embeddable":true,"href":"https:\/\/abaa.mx\/tienda\/wp-json\/wp\/v2\/product_brand?post=8235"},{"taxonomy":"product_cat","embeddable":true,"href":"https:\/\/abaa.mx\/tienda\/wp-json\/wp\/v2\/product_cat?post=8235"},{"taxonomy":"product_tag","embeddable":true,"href":"https:\/\/abaa.mx\/tienda\/wp-json\/wp\/v2\/product_tag?post=8235"}],"curies":[{"name":"wp","href":"https:\/\/api.w.org\/{rel}","templated":true}]}}