{"id":8231,"date":"2023-10-31T14:27:53","date_gmt":"2023-10-31T14:27:53","guid":{"rendered":"https:\/\/abaa.mx\/tienda\/?post_type=product&#038;p=8231"},"modified":"2023-11-14T14:58:11","modified_gmt":"2023-11-14T14:58:11","slug":"elitech-loget-8-pte-data-logger","status":"publish","type":"product","link":"https:\/\/abaa.mx\/tienda\/elitech-loget-8-pte-data-logger\/","title":{"rendered":"Elitech loget 8 pte data logger"},"content":{"rendered":"<p>El registrador de datos de temperatura es ideal para productos sensibles a la temperatura durante el almacenamiento y el transporte para la cadena de fr\u00edo. Este mini term\u00f3metro grabable en cadena de fr\u00edo cuenta con un puerto USB, conveniente para la configuraci\u00f3n de par\u00e1metros t\u00e9cnicos y la exportaci\u00f3n de datos a un informe PDF. El registrador de datos de la cadena de fr\u00edo tiene como objetivo proteger todo el proceso de almacenamiento y env\u00edo y proporciona una actividad de monitoreo de temperatura precisa y confiable.<\/p>\n<p>Puede guardar hasta 16 000 lecturas con el registrador de datos de temperatura ultrabaja Elitech LogEt 8 PTE de forma segura. Particularmente pr\u00e1ctico: el registrador de datos tiene protecci\u00f3n contra salpicaduras y chorros de agua seg\u00fan IP 65. Esto permite dejarlo en el lugar de medici\u00f3n incluso cuando se limpian los almacenes. El registrador de datos de temperatura tambi\u00e9n es adecuado para el control de temperatura en frigor\u00edficos o c\u00e1maras frigor\u00edficas, ya que puede utilizarse a temperaturas de hasta -85 \u00b0C.<\/p>\n<p>&nbsp;<\/p>\n<p><strong>Caracter\u00edsticas principales:<\/strong><\/p>\n<ul>\n<li>Sensor integrado: equipado con un sensor de temperatura de alta precisi\u00f3n fabricado en Suiza y un sensor externo que proporciona un rango de temperatura de -85\u00a0\u00b0C a 85\u00a0\u00b0C C, Precisi\u00f3n: \u00b10,3 \u00b0C<\/li>\n<li>Gran capacidad de datos: graba simult\u00e1neamente datos de temperatura de 16\u00a0000 puntos<\/li>\n<li>Conectar y leer: dise\u00f1o USB, no se necesita software ni cable<\/li>\n<li>PDF informes: tambi\u00e9n es compatible con la generaci\u00f3n autom\u00e1tica de informes de datos en PDF sin software, lo que facilita la visualizaci\u00f3n r\u00e1pida y la toma de decisiones.<\/li>\n<li>Pantalla LCD: ricas instrucciones en pantalla LCD, indica informaci\u00f3n estad\u00edstica importante, incluidos \u00b0C y \u00b0F unidad, datos de temperatura, informaci\u00f3n de alarma y fecha y hora, etc.<\/li>\n<li>Grado de impermeabilidad: impermeabilizaci\u00f3n IP65, apto para transporte en cadena de fr\u00edo, ciencias de la vida, farmacia, ciencias m\u00e9dicas, etc.<\/li>\n<\/ul>\n<p>&nbsp;<\/p>\n<p><strong>Caracter\u00edsticas t\u00e9cnicas:\u00a0<\/strong><\/p>\n<ul>\n<li>Rango de medici\u00f3n: -85 \u00b0 ~ 150 \u00b0 \/ -121 \u0308 H ~ 302 \u0308 H; Resoluci\u00f3n:0.1\u00a1\u00e6<\/li>\n<li>Precisi\u00f3n: Temperatura: \u00a1\u00c00.3\u00a1\u00e6(-20\u00a1\u00e6~+40\u00a1\u00e6);?<\/li>\n<li>\u00a1\u00c00.5\u00a1\u00e6(-50\u00a1\u00e6~+85\u00a1\u00e6); \u00a1\u00c01\u00a1\u00e6(otros)<\/li>\n<li>Tipo de sensor: Sensores de temperatura externos<\/li>\n<li>Memoria: 16000 puntos (MAX)<\/li>\n<li>Intervalo de registro: 10 segundos ~ 24 horas<\/li>\n<li>Modo de inicio: Bot\u00f3n o software<\/li>\n<li>Modo de parada: Bot\u00f3n, software o parada cuando est\u00e1 lleno<\/li>\n<li>Umbrales de alarma: Temperatura: hasta 3 l\u00edmites altos y 2 l\u00edmites bajos<\/li>\n<li>Dimensiones: 103 mm x 46 mm x 19 mm (largo x ancho x alto)<\/li>\n<li>Tipo de alarma: \u00danica\/Acumulativa<\/li>\n<li>Transmisi\u00f3n de datos: puerto USB<\/li>\n<li>Tipo de informe: Formato PDF<\/li>\n<\/ul>\n","protected":false},"excerpt":{"rendered":"<p>El registrador de datos de temperatura es ideal para productos sensibles a la temperatura durante el almacenamiento y el transporte para la cadena de fr\u00edo. Este mini term\u00f3metro grabable en cadena de fr\u00edo cuenta con un puerto USB, conveniente para la configuraci\u00f3n de par\u00e1metros t\u00e9cnicos y la exportaci\u00f3n de datos a un informe PDF. El registrador de datos de la cadena de fr\u00edo tiene como objetivo proteger todo el proceso de almacenamiento y env\u00edo y proporciona una actividad de monitoreo de temperatura precisa y confiable.<\/p>\n","protected":false},"featured_media":8239,"comment_status":"open","ping_status":"closed","template":"","meta":{"_joinchat":[]},"product_brand":[],"product_cat":[15],"product_tag":[],"class_list":{"0":"post-8231","1":"product","2":"type-product","3":"status-publish","4":"has-post-thumbnail","6":"product_cat-sin-categorizar","8":"first","9":"instock","10":"shipping-taxable","11":"product-type-simple"},"yoast_head":"<!-- This site is optimized with the Yoast SEO plugin v26.4 - https:\/\/yoast.com\/wordpress\/plugins\/seo\/ -->\n<title>Elitech loget 8 pte data logger - Abaa tienda online<\/title>\n<meta name=\"robots\" content=\"index, follow, max-snippet:-1, max-image-preview:large, max-video-preview:-1\" \/>\n<link rel=\"canonical\" href=\"https:\/\/abaa.mx\/tienda\/elitech-loget-8-pte-data-logger\/\" \/>\n<meta property=\"og:locale\" content=\"es_MX\" \/>\n<meta property=\"og:type\" content=\"article\" \/>\n<meta property=\"og:title\" content=\"Elitech loget 8 pte data logger - Abaa tienda online\" \/>\n<meta property=\"og:description\" content=\"El registrador de datos de temperatura es ideal para productos sensibles a la temperatura durante el almacenamiento y el transporte para la cadena de fr\u00edo. Este mini term\u00f3metro grabable en cadena de fr\u00edo cuenta con un puerto USB, conveniente para la configuraci\u00f3n de par\u00e1metros t\u00e9cnicos y la exportaci\u00f3n de datos a un informe PDF. El registrador de datos de la cadena de fr\u00edo tiene como objetivo proteger todo el proceso de almacenamiento y env\u00edo y proporciona una actividad de monitoreo de temperatura precisa y confiable.\" \/>\n<meta property=\"og:url\" content=\"https:\/\/abaa.mx\/tienda\/elitech-loget-8-pte-data-logger\/\" \/>\n<meta property=\"og:site_name\" content=\"Abaa tienda online\" \/>\n<meta property=\"article:modified_time\" content=\"2023-11-14T14:58:11+00:00\" \/>\n<meta property=\"og:image\" content=\"https:\/\/abaa.mx\/tienda\/wp-content\/uploads\/2023\/10\/Elitech-loget-8-pte.jpg\" \/>\n\t<meta property=\"og:image:width\" content=\"1000\" \/>\n\t<meta property=\"og:image:height\" content=\"1000\" \/>\n\t<meta property=\"og:image:type\" content=\"image\/jpeg\" \/>\n<meta name=\"twitter:card\" content=\"summary_large_image\" \/>\n<meta name=\"twitter:label1\" content=\"Tiempo de lectura\" \/>\n\t<meta name=\"twitter:data1\" content=\"2 minutos\" \/>\n<script type=\"application\/ld+json\" class=\"yoast-schema-graph\">{\"@context\":\"https:\/\/schema.org\",\"@graph\":[{\"@type\":\"WebPage\",\"@id\":\"https:\/\/abaa.mx\/tienda\/elitech-loget-8-pte-data-logger\/\",\"url\":\"https:\/\/abaa.mx\/tienda\/elitech-loget-8-pte-data-logger\/\",\"name\":\"Elitech loget 8 pte data logger - Abaa tienda online\",\"isPartOf\":{\"@id\":\"https:\/\/abaa.mx\/tienda\/#website\"},\"primaryImageOfPage\":{\"@id\":\"https:\/\/abaa.mx\/tienda\/elitech-loget-8-pte-data-logger\/#primaryimage\"},\"image\":{\"@id\":\"https:\/\/abaa.mx\/tienda\/elitech-loget-8-pte-data-logger\/#primaryimage\"},\"thumbnailUrl\":\"https:\/\/abaa.mx\/tienda\/wp-content\/uploads\/2023\/10\/Elitech-loget-8-pte.jpg\",\"datePublished\":\"2023-10-31T14:27:53+00:00\",\"dateModified\":\"2023-11-14T14:58:11+00:00\",\"breadcrumb\":{\"@id\":\"https:\/\/abaa.mx\/tienda\/elitech-loget-8-pte-data-logger\/#breadcrumb\"},\"inLanguage\":\"es\",\"potentialAction\":[{\"@type\":\"ReadAction\",\"target\":[\"https:\/\/abaa.mx\/tienda\/elitech-loget-8-pte-data-logger\/\"]}]},{\"@type\":\"ImageObject\",\"inLanguage\":\"es\",\"@id\":\"https:\/\/abaa.mx\/tienda\/elitech-loget-8-pte-data-logger\/#primaryimage\",\"url\":\"https:\/\/abaa.mx\/tienda\/wp-content\/uploads\/2023\/10\/Elitech-loget-8-pte.jpg\",\"contentUrl\":\"https:\/\/abaa.mx\/tienda\/wp-content\/uploads\/2023\/10\/Elitech-loget-8-pte.jpg\",\"width\":1000,\"height\":1000,\"caption\":\"Elitech loget 8 pte\"},{\"@type\":\"BreadcrumbList\",\"@id\":\"https:\/\/abaa.mx\/tienda\/elitech-loget-8-pte-data-logger\/#breadcrumb\",\"itemListElement\":[{\"@type\":\"ListItem\",\"position\":1,\"name\":\"Inicio\",\"item\":\"https:\/\/abaa.mx\/tienda\/\"},{\"@type\":\"ListItem\",\"position\":2,\"name\":\"Tienda\",\"item\":\"https:\/\/abaa.mx\/tienda\/\"},{\"@type\":\"ListItem\",\"position\":3,\"name\":\"Elitech loget 8 pte data logger\"}]},{\"@type\":\"WebSite\",\"@id\":\"https:\/\/abaa.mx\/tienda\/#website\",\"url\":\"https:\/\/abaa.mx\/tienda\/\",\"name\":\"Abaa tienda online\",\"description\":\"Instrumentos de medici\u00f3n\",\"publisher\":{\"@id\":\"https:\/\/abaa.mx\/tienda\/#organization\"},\"potentialAction\":[{\"@type\":\"SearchAction\",\"target\":{\"@type\":\"EntryPoint\",\"urlTemplate\":\"https:\/\/abaa.mx\/tienda\/?s={search_term_string}\"},\"query-input\":{\"@type\":\"PropertyValueSpecification\",\"valueRequired\":true,\"valueName\":\"search_term_string\"}}],\"inLanguage\":\"es\"},{\"@type\":\"Organization\",\"@id\":\"https:\/\/abaa.mx\/tienda\/#organization\",\"name\":\"Abaa tienda online\",\"url\":\"https:\/\/abaa.mx\/tienda\/\",\"logo\":{\"@type\":\"ImageObject\",\"inLanguage\":\"es\",\"@id\":\"https:\/\/abaa.mx\/tienda\/#\/schema\/logo\/image\/\",\"url\":\"https:\/\/abaa.mx\/tienda\/wp-content\/uploads\/2024\/01\/abaa-metrologia-tienda.png\",\"contentUrl\":\"https:\/\/abaa.mx\/tienda\/wp-content\/uploads\/2024\/01\/abaa-metrologia-tienda.png\",\"width\":300,\"height\":141,\"caption\":\"Abaa tienda online\"},\"image\":{\"@id\":\"https:\/\/abaa.mx\/tienda\/#\/schema\/logo\/image\/\"}}]}<\/script>\n<!-- \/ Yoast SEO plugin. -->","yoast_head_json":{"title":"Elitech loget 8 pte data logger - Abaa tienda online","robots":{"index":"index","follow":"follow","max-snippet":"max-snippet:-1","max-image-preview":"max-image-preview:large","max-video-preview":"max-video-preview:-1"},"canonical":"https:\/\/abaa.mx\/tienda\/elitech-loget-8-pte-data-logger\/","og_locale":"es_MX","og_type":"article","og_title":"Elitech loget 8 pte data logger - Abaa tienda online","og_description":"El registrador de datos de temperatura es ideal para productos sensibles a la temperatura durante el almacenamiento y el transporte para la cadena de fr\u00edo. Este mini term\u00f3metro grabable en cadena de fr\u00edo cuenta con un puerto USB, conveniente para la configuraci\u00f3n de par\u00e1metros t\u00e9cnicos y la exportaci\u00f3n de datos a un informe PDF. El registrador de datos de la cadena de fr\u00edo tiene como objetivo proteger todo el proceso de almacenamiento y env\u00edo y proporciona una actividad de monitoreo de temperatura precisa y confiable.","og_url":"https:\/\/abaa.mx\/tienda\/elitech-loget-8-pte-data-logger\/","og_site_name":"Abaa tienda online","article_modified_time":"2023-11-14T14:58:11+00:00","og_image":[{"width":1000,"height":1000,"url":"https:\/\/abaa.mx\/tienda\/wp-content\/uploads\/2023\/10\/Elitech-loget-8-pte.jpg","type":"image\/jpeg"}],"twitter_card":"summary_large_image","twitter_misc":{"Tiempo de lectura":"2 minutos"},"schema":{"@context":"https:\/\/schema.org","@graph":[{"@type":"WebPage","@id":"https:\/\/abaa.mx\/tienda\/elitech-loget-8-pte-data-logger\/","url":"https:\/\/abaa.mx\/tienda\/elitech-loget-8-pte-data-logger\/","name":"Elitech loget 8 pte data logger - Abaa tienda online","isPartOf":{"@id":"https:\/\/abaa.mx\/tienda\/#website"},"primaryImageOfPage":{"@id":"https:\/\/abaa.mx\/tienda\/elitech-loget-8-pte-data-logger\/#primaryimage"},"image":{"@id":"https:\/\/abaa.mx\/tienda\/elitech-loget-8-pte-data-logger\/#primaryimage"},"thumbnailUrl":"https:\/\/abaa.mx\/tienda\/wp-content\/uploads\/2023\/10\/Elitech-loget-8-pte.jpg","datePublished":"2023-10-31T14:27:53+00:00","dateModified":"2023-11-14T14:58:11+00:00","breadcrumb":{"@id":"https:\/\/abaa.mx\/tienda\/elitech-loget-8-pte-data-logger\/#breadcrumb"},"inLanguage":"es","potentialAction":[{"@type":"ReadAction","target":["https:\/\/abaa.mx\/tienda\/elitech-loget-8-pte-data-logger\/"]}]},{"@type":"ImageObject","inLanguage":"es","@id":"https:\/\/abaa.mx\/tienda\/elitech-loget-8-pte-data-logger\/#primaryimage","url":"https:\/\/abaa.mx\/tienda\/wp-content\/uploads\/2023\/10\/Elitech-loget-8-pte.jpg","contentUrl":"https:\/\/abaa.mx\/tienda\/wp-content\/uploads\/2023\/10\/Elitech-loget-8-pte.jpg","width":1000,"height":1000,"caption":"Elitech loget 8 pte"},{"@type":"BreadcrumbList","@id":"https:\/\/abaa.mx\/tienda\/elitech-loget-8-pte-data-logger\/#breadcrumb","itemListElement":[{"@type":"ListItem","position":1,"name":"Inicio","item":"https:\/\/abaa.mx\/tienda\/"},{"@type":"ListItem","position":2,"name":"Tienda","item":"https:\/\/abaa.mx\/tienda\/"},{"@type":"ListItem","position":3,"name":"Elitech loget 8 pte data logger"}]},{"@type":"WebSite","@id":"https:\/\/abaa.mx\/tienda\/#website","url":"https:\/\/abaa.mx\/tienda\/","name":"Abaa tienda online","description":"Instrumentos de medici\u00f3n","publisher":{"@id":"https:\/\/abaa.mx\/tienda\/#organization"},"potentialAction":[{"@type":"SearchAction","target":{"@type":"EntryPoint","urlTemplate":"https:\/\/abaa.mx\/tienda\/?s={search_term_string}"},"query-input":{"@type":"PropertyValueSpecification","valueRequired":true,"valueName":"search_term_string"}}],"inLanguage":"es"},{"@type":"Organization","@id":"https:\/\/abaa.mx\/tienda\/#organization","name":"Abaa tienda online","url":"https:\/\/abaa.mx\/tienda\/","logo":{"@type":"ImageObject","inLanguage":"es","@id":"https:\/\/abaa.mx\/tienda\/#\/schema\/logo\/image\/","url":"https:\/\/abaa.mx\/tienda\/wp-content\/uploads\/2024\/01\/abaa-metrologia-tienda.png","contentUrl":"https:\/\/abaa.mx\/tienda\/wp-content\/uploads\/2024\/01\/abaa-metrologia-tienda.png","width":300,"height":141,"caption":"Abaa tienda online"},"image":{"@id":"https:\/\/abaa.mx\/tienda\/#\/schema\/logo\/image\/"}}]}},"_links":{"self":[{"href":"https:\/\/abaa.mx\/tienda\/wp-json\/wp\/v2\/product\/8231","targetHints":{"allow":["GET"]}}],"collection":[{"href":"https:\/\/abaa.mx\/tienda\/wp-json\/wp\/v2\/product"}],"about":[{"href":"https:\/\/abaa.mx\/tienda\/wp-json\/wp\/v2\/types\/product"}],"replies":[{"embeddable":true,"href":"https:\/\/abaa.mx\/tienda\/wp-json\/wp\/v2\/comments?post=8231"}],"wp:featuredmedia":[{"embeddable":true,"href":"https:\/\/abaa.mx\/tienda\/wp-json\/wp\/v2\/media\/8239"}],"wp:attachment":[{"href":"https:\/\/abaa.mx\/tienda\/wp-json\/wp\/v2\/media?parent=8231"}],"wp:term":[{"taxonomy":"product_brand","embeddable":true,"href":"https:\/\/abaa.mx\/tienda\/wp-json\/wp\/v2\/product_brand?post=8231"},{"taxonomy":"product_cat","embeddable":true,"href":"https:\/\/abaa.mx\/tienda\/wp-json\/wp\/v2\/product_cat?post=8231"},{"taxonomy":"product_tag","embeddable":true,"href":"https:\/\/abaa.mx\/tienda\/wp-json\/wp\/v2\/product_tag?post=8231"}],"curies":[{"name":"wp","href":"https:\/\/api.w.org\/{rel}","templated":true}]}}