{"id":8230,"date":"2023-10-31T14:16:00","date_gmt":"2023-10-31T14:16:00","guid":{"rendered":"https:\/\/abaa.mx\/tienda\/?post_type=product&#038;p=8230"},"modified":"2023-10-31T14:16:00","modified_gmt":"2023-10-31T14:16:00","slug":"durometro-clasico-astm-ac-y-d","status":"publish","type":"product","link":"https:\/\/abaa.mx\/tienda\/durometro-clasico-astm-ac-y-d\/","title":{"rendered":"Dur\u00f3metro Cl\u00e1sico, ASTM A,C Y D"},"content":{"rendered":"<p>Dur\u00f3metro Cl\u00e1sico, ASTM A,C Y D<\/p>\n","protected":false},"excerpt":{"rendered":"<p>El modelo Dur\u00f3metro PC-306L es un dur\u00f3metro para pl\u00e1sticos, hules y compuestos de una gama de durezas que se conforman a los requisitos de la norma ASTM D2247. Hay modelos par diferentes escalas que van desde los pl\u00e1sticos mucho m\u00e1s duros hasta las espumas m\u00e1s suaves. Construido con el estilo tradicional de los medidores de dureza con una base amplia y extensa de 4\u201d x 1\u201d le otorga mucha estabilidad en la medici\u00f3n.<\/p>\n<p>El instrumento tiene un dial de aluminio de bajo brillo con negrita, f\u00e1cil de leer n\u00fameros. El dur\u00f3metro viene est\u00e1ndar con una mano Max Hold que mantiene el pico lectura, una perilla superior con rosca de 8-32 deja tanto f\u00e1cil uso y fijaci\u00f3n manual a los puestos de prueba o el accesorio.<br \/>\nCada instrumento es calibrado individualmente. Probador, estuche r\u00edgido y robusto est\u00e1n incluidos con el dur\u00f3metro.<\/p>\n<p>&nbsp;<\/p>\n","protected":false},"featured_media":8233,"comment_status":"open","ping_status":"closed","template":"","meta":{"_joinchat":[]},"product_brand":[],"product_cat":[95],"product_tag":[],"class_list":{"0":"post-8230","1":"product","2":"type-product","3":"status-publish","4":"has-post-thumbnail","6":"product_cat-durometro","8":"first","9":"instock","10":"shipping-taxable","11":"product-type-simple"},"yoast_head":"<!-- This site is optimized with the Yoast SEO plugin v26.4 - https:\/\/yoast.com\/wordpress\/plugins\/seo\/ -->\n<title>Dur\u00f3metro Cl\u00e1sico, ASTM A,C Y D - Abaa tienda online<\/title>\n<meta name=\"robots\" content=\"index, follow, max-snippet:-1, max-image-preview:large, max-video-preview:-1\" \/>\n<link rel=\"canonical\" href=\"https:\/\/abaa.mx\/tienda\/durometro-clasico-astm-ac-y-d\/\" \/>\n<meta property=\"og:locale\" content=\"es_MX\" \/>\n<meta property=\"og:type\" content=\"article\" \/>\n<meta property=\"og:title\" content=\"Dur\u00f3metro Cl\u00e1sico, ASTM A,C Y D - Abaa tienda online\" \/>\n<meta property=\"og:description\" content=\"El modelo Dur\u00f3metro PC-306L es un dur\u00f3metro para pl\u00e1sticos, hules y compuestos de una gama de durezas que se conforman a los requisitos de la norma ASTM D2247. Hay modelos par diferentes escalas que van desde los pl\u00e1sticos mucho m\u00e1s duros hasta las espumas m\u00e1s suaves. Construido con el estilo tradicional de los medidores de dureza con una base amplia y extensa de 4\u201d x 1\u201d le otorga mucha estabilidad en la medici\u00f3n.  El instrumento tiene un dial de aluminio de bajo brillo con negrita, f\u00e1cil de leer n\u00fameros. El dur\u00f3metro viene est\u00e1ndar con una mano Max Hold que mantiene el pico lectura, una perilla superior con rosca de 8-32 deja tanto f\u00e1cil uso y fijaci\u00f3n manual a los puestos de prueba o el accesorio. Cada instrumento es calibrado individualmente. Probador, estuche r\u00edgido y robusto est\u00e1n incluidos con el dur\u00f3metro.  &nbsp;\" \/>\n<meta property=\"og:url\" content=\"https:\/\/abaa.mx\/tienda\/durometro-clasico-astm-ac-y-d\/\" \/>\n<meta property=\"og:site_name\" content=\"Abaa tienda online\" \/>\n<meta property=\"og:image\" content=\"https:\/\/abaa.mx\/tienda\/wp-content\/uploads\/2023\/10\/PTC-AST-MAC-Y-D-1.jpg\" \/>\n\t<meta property=\"og:image:width\" content=\"512\" \/>\n\t<meta property=\"og:image:height\" content=\"493\" \/>\n\t<meta property=\"og:image:type\" content=\"image\/jpeg\" \/>\n<meta name=\"twitter:card\" content=\"summary_large_image\" \/>\n<meta name=\"twitter:label1\" content=\"Tiempo de lectura\" \/>\n\t<meta name=\"twitter:data1\" content=\"1 minuto\" \/>\n<script type=\"application\/ld+json\" class=\"yoast-schema-graph\">{\"@context\":\"https:\/\/schema.org\",\"@graph\":[{\"@type\":\"WebPage\",\"@id\":\"https:\/\/abaa.mx\/tienda\/durometro-clasico-astm-ac-y-d\/\",\"url\":\"https:\/\/abaa.mx\/tienda\/durometro-clasico-astm-ac-y-d\/\",\"name\":\"Dur\u00f3metro Cl\u00e1sico, ASTM A,C Y D - Abaa tienda online\",\"isPartOf\":{\"@id\":\"https:\/\/abaa.mx\/tienda\/#website\"},\"primaryImageOfPage\":{\"@id\":\"https:\/\/abaa.mx\/tienda\/durometro-clasico-astm-ac-y-d\/#primaryimage\"},\"image\":{\"@id\":\"https:\/\/abaa.mx\/tienda\/durometro-clasico-astm-ac-y-d\/#primaryimage\"},\"thumbnailUrl\":\"https:\/\/abaa.mx\/tienda\/wp-content\/uploads\/2023\/10\/PTC-AST-MAC-Y-D-1.jpg\",\"datePublished\":\"2023-10-31T14:16:00+00:00\",\"breadcrumb\":{\"@id\":\"https:\/\/abaa.mx\/tienda\/durometro-clasico-astm-ac-y-d\/#breadcrumb\"},\"inLanguage\":\"es\",\"potentialAction\":[{\"@type\":\"ReadAction\",\"target\":[\"https:\/\/abaa.mx\/tienda\/durometro-clasico-astm-ac-y-d\/\"]}]},{\"@type\":\"ImageObject\",\"inLanguage\":\"es\",\"@id\":\"https:\/\/abaa.mx\/tienda\/durometro-clasico-astm-ac-y-d\/#primaryimage\",\"url\":\"https:\/\/abaa.mx\/tienda\/wp-content\/uploads\/2023\/10\/PTC-AST-MAC-Y-D-1.jpg\",\"contentUrl\":\"https:\/\/abaa.mx\/tienda\/wp-content\/uploads\/2023\/10\/PTC-AST-MAC-Y-D-1.jpg\",\"width\":512,\"height\":493,\"caption\":\"PTC AST M,A,C Y D\"},{\"@type\":\"BreadcrumbList\",\"@id\":\"https:\/\/abaa.mx\/tienda\/durometro-clasico-astm-ac-y-d\/#breadcrumb\",\"itemListElement\":[{\"@type\":\"ListItem\",\"position\":1,\"name\":\"Inicio\",\"item\":\"https:\/\/abaa.mx\/tienda\/\"},{\"@type\":\"ListItem\",\"position\":2,\"name\":\"Tienda\",\"item\":\"https:\/\/abaa.mx\/tienda\/\"},{\"@type\":\"ListItem\",\"position\":3,\"name\":\"Dur\u00f3metro Cl\u00e1sico, ASTM A,C Y D\"}]},{\"@type\":\"WebSite\",\"@id\":\"https:\/\/abaa.mx\/tienda\/#website\",\"url\":\"https:\/\/abaa.mx\/tienda\/\",\"name\":\"Abaa tienda online\",\"description\":\"Instrumentos de medici\u00f3n\",\"publisher\":{\"@id\":\"https:\/\/abaa.mx\/tienda\/#organization\"},\"potentialAction\":[{\"@type\":\"SearchAction\",\"target\":{\"@type\":\"EntryPoint\",\"urlTemplate\":\"https:\/\/abaa.mx\/tienda\/?s={search_term_string}\"},\"query-input\":{\"@type\":\"PropertyValueSpecification\",\"valueRequired\":true,\"valueName\":\"search_term_string\"}}],\"inLanguage\":\"es\"},{\"@type\":\"Organization\",\"@id\":\"https:\/\/abaa.mx\/tienda\/#organization\",\"name\":\"Abaa tienda online\",\"url\":\"https:\/\/abaa.mx\/tienda\/\",\"logo\":{\"@type\":\"ImageObject\",\"inLanguage\":\"es\",\"@id\":\"https:\/\/abaa.mx\/tienda\/#\/schema\/logo\/image\/\",\"url\":\"https:\/\/abaa.mx\/tienda\/wp-content\/uploads\/2024\/01\/abaa-metrologia-tienda.png\",\"contentUrl\":\"https:\/\/abaa.mx\/tienda\/wp-content\/uploads\/2024\/01\/abaa-metrologia-tienda.png\",\"width\":300,\"height\":141,\"caption\":\"Abaa tienda online\"},\"image\":{\"@id\":\"https:\/\/abaa.mx\/tienda\/#\/schema\/logo\/image\/\"}}]}<\/script>\n<!-- \/ Yoast SEO plugin. -->","yoast_head_json":{"title":"Dur\u00f3metro Cl\u00e1sico, ASTM A,C Y D - Abaa tienda online","robots":{"index":"index","follow":"follow","max-snippet":"max-snippet:-1","max-image-preview":"max-image-preview:large","max-video-preview":"max-video-preview:-1"},"canonical":"https:\/\/abaa.mx\/tienda\/durometro-clasico-astm-ac-y-d\/","og_locale":"es_MX","og_type":"article","og_title":"Dur\u00f3metro Cl\u00e1sico, ASTM A,C Y D - Abaa tienda online","og_description":"El modelo Dur\u00f3metro PC-306L es un dur\u00f3metro para pl\u00e1sticos, hules y compuestos de una gama de durezas que se conforman a los requisitos de la norma ASTM D2247. Hay modelos par diferentes escalas que van desde los pl\u00e1sticos mucho m\u00e1s duros hasta las espumas m\u00e1s suaves. Construido con el estilo tradicional de los medidores de dureza con una base amplia y extensa de 4\u201d x 1\u201d le otorga mucha estabilidad en la medici\u00f3n.  El instrumento tiene un dial de aluminio de bajo brillo con negrita, f\u00e1cil de leer n\u00fameros. El dur\u00f3metro viene est\u00e1ndar con una mano Max Hold que mantiene el pico lectura, una perilla superior con rosca de 8-32 deja tanto f\u00e1cil uso y fijaci\u00f3n manual a los puestos de prueba o el accesorio. Cada instrumento es calibrado individualmente. Probador, estuche r\u00edgido y robusto est\u00e1n incluidos con el dur\u00f3metro.  &nbsp;","og_url":"https:\/\/abaa.mx\/tienda\/durometro-clasico-astm-ac-y-d\/","og_site_name":"Abaa tienda online","og_image":[{"width":512,"height":493,"url":"https:\/\/abaa.mx\/tienda\/wp-content\/uploads\/2023\/10\/PTC-AST-MAC-Y-D-1.jpg","type":"image\/jpeg"}],"twitter_card":"summary_large_image","twitter_misc":{"Tiempo de lectura":"1 minuto"},"schema":{"@context":"https:\/\/schema.org","@graph":[{"@type":"WebPage","@id":"https:\/\/abaa.mx\/tienda\/durometro-clasico-astm-ac-y-d\/","url":"https:\/\/abaa.mx\/tienda\/durometro-clasico-astm-ac-y-d\/","name":"Dur\u00f3metro Cl\u00e1sico, ASTM A,C Y D - Abaa tienda online","isPartOf":{"@id":"https:\/\/abaa.mx\/tienda\/#website"},"primaryImageOfPage":{"@id":"https:\/\/abaa.mx\/tienda\/durometro-clasico-astm-ac-y-d\/#primaryimage"},"image":{"@id":"https:\/\/abaa.mx\/tienda\/durometro-clasico-astm-ac-y-d\/#primaryimage"},"thumbnailUrl":"https:\/\/abaa.mx\/tienda\/wp-content\/uploads\/2023\/10\/PTC-AST-MAC-Y-D-1.jpg","datePublished":"2023-10-31T14:16:00+00:00","breadcrumb":{"@id":"https:\/\/abaa.mx\/tienda\/durometro-clasico-astm-ac-y-d\/#breadcrumb"},"inLanguage":"es","potentialAction":[{"@type":"ReadAction","target":["https:\/\/abaa.mx\/tienda\/durometro-clasico-astm-ac-y-d\/"]}]},{"@type":"ImageObject","inLanguage":"es","@id":"https:\/\/abaa.mx\/tienda\/durometro-clasico-astm-ac-y-d\/#primaryimage","url":"https:\/\/abaa.mx\/tienda\/wp-content\/uploads\/2023\/10\/PTC-AST-MAC-Y-D-1.jpg","contentUrl":"https:\/\/abaa.mx\/tienda\/wp-content\/uploads\/2023\/10\/PTC-AST-MAC-Y-D-1.jpg","width":512,"height":493,"caption":"PTC AST M,A,C Y D"},{"@type":"BreadcrumbList","@id":"https:\/\/abaa.mx\/tienda\/durometro-clasico-astm-ac-y-d\/#breadcrumb","itemListElement":[{"@type":"ListItem","position":1,"name":"Inicio","item":"https:\/\/abaa.mx\/tienda\/"},{"@type":"ListItem","position":2,"name":"Tienda","item":"https:\/\/abaa.mx\/tienda\/"},{"@type":"ListItem","position":3,"name":"Dur\u00f3metro Cl\u00e1sico, ASTM A,C Y D"}]},{"@type":"WebSite","@id":"https:\/\/abaa.mx\/tienda\/#website","url":"https:\/\/abaa.mx\/tienda\/","name":"Abaa tienda online","description":"Instrumentos de medici\u00f3n","publisher":{"@id":"https:\/\/abaa.mx\/tienda\/#organization"},"potentialAction":[{"@type":"SearchAction","target":{"@type":"EntryPoint","urlTemplate":"https:\/\/abaa.mx\/tienda\/?s={search_term_string}"},"query-input":{"@type":"PropertyValueSpecification","valueRequired":true,"valueName":"search_term_string"}}],"inLanguage":"es"},{"@type":"Organization","@id":"https:\/\/abaa.mx\/tienda\/#organization","name":"Abaa tienda online","url":"https:\/\/abaa.mx\/tienda\/","logo":{"@type":"ImageObject","inLanguage":"es","@id":"https:\/\/abaa.mx\/tienda\/#\/schema\/logo\/image\/","url":"https:\/\/abaa.mx\/tienda\/wp-content\/uploads\/2024\/01\/abaa-metrologia-tienda.png","contentUrl":"https:\/\/abaa.mx\/tienda\/wp-content\/uploads\/2024\/01\/abaa-metrologia-tienda.png","width":300,"height":141,"caption":"Abaa tienda online"},"image":{"@id":"https:\/\/abaa.mx\/tienda\/#\/schema\/logo\/image\/"}}]}},"_links":{"self":[{"href":"https:\/\/abaa.mx\/tienda\/wp-json\/wp\/v2\/product\/8230","targetHints":{"allow":["GET"]}}],"collection":[{"href":"https:\/\/abaa.mx\/tienda\/wp-json\/wp\/v2\/product"}],"about":[{"href":"https:\/\/abaa.mx\/tienda\/wp-json\/wp\/v2\/types\/product"}],"replies":[{"embeddable":true,"href":"https:\/\/abaa.mx\/tienda\/wp-json\/wp\/v2\/comments?post=8230"}],"wp:featuredmedia":[{"embeddable":true,"href":"https:\/\/abaa.mx\/tienda\/wp-json\/wp\/v2\/media\/8233"}],"wp:attachment":[{"href":"https:\/\/abaa.mx\/tienda\/wp-json\/wp\/v2\/media?parent=8230"}],"wp:term":[{"taxonomy":"product_brand","embeddable":true,"href":"https:\/\/abaa.mx\/tienda\/wp-json\/wp\/v2\/product_brand?post=8230"},{"taxonomy":"product_cat","embeddable":true,"href":"https:\/\/abaa.mx\/tienda\/wp-json\/wp\/v2\/product_cat?post=8230"},{"taxonomy":"product_tag","embeddable":true,"href":"https:\/\/abaa.mx\/tienda\/wp-json\/wp\/v2\/product_tag?post=8230"}],"curies":[{"name":"wp","href":"https:\/\/api.w.org\/{rel}","templated":true}]}}