{"id":8224,"date":"2023-10-30T21:03:57","date_gmt":"2023-10-30T21:03:57","guid":{"rendered":"https:\/\/abaa.mx\/tienda\/?post_type=product&#038;p=8224"},"modified":"2023-11-30T19:32:48","modified_gmt":"2023-11-30T19:32:48","slug":"durometro-digital-tipo-a-511-a","status":"publish","type":"product","link":"https:\/\/abaa.mx\/tienda\/durometro-digital-tipo-a-511-a\/","title":{"rendered":"Dur\u00f3metro Digital Tipo A &#8211; 511-A"},"content":{"rendered":"<p>Dur\u00f3metro Digital Tipo A &#8211; 511\/A<\/p>\n","protected":false},"excerpt":{"rendered":"<p><b>Caracter\u00edsticas:<\/b><\/p>\n<ul>\n<li>Puntero de retenci\u00f3n est\u00e1ndar.<\/li>\n<li>Pantalla LCD con resoluci\u00f3n de 0.1 puntos.<\/li>\n<li>Soportes de prueba de accesorios disponibles para todos los modelos.<\/li>\n<li>Incluye el bloque de prueba de aluminio de la precisi\u00f3n, bater\u00edas, adaptador de la CA 115V y estuche de transporte.<\/li>\n<li>Certificaci\u00f3n NIST \/ A2LA a ISO 17025 Incluida.<\/li>\n<li>Base de di\u00e1metro de 1,25 &#8220;- Tama\u00f1o y forma \u00f3ptimos para realizar mediciones.<\/li>\n<\/ul>\n<p><b>Especificaciones:<\/b><\/p>\n<ul>\n<li>Ancho 2-1 \/ 4 pulg (5.7 cm).<\/li>\n<li>Peso 13 oz. (170 g).<\/li>\n<li>Cumple o excede las especificaciones actuales de ASTM D2240.<\/li>\n<li>Profundidad 1-1 \/ 2 pulg (3.8 cm).<\/li>\n<li>Altura 6 pulgadas (15.2 cm).<\/li>\n<li>Precisi\u00f3n de \u00b1 1 punto.<\/li>\n<li>Peso de env\u00edo 4lb (1.4kg).<\/li>\n<li>Rango (Tipo A) 0-100 puntos.<\/li>\n<\/ul>\n","protected":false},"featured_media":8229,"comment_status":"open","ping_status":"closed","template":"","meta":{"_joinchat":[]},"product_brand":[],"product_cat":[95],"product_tag":[],"class_list":{"0":"post-8224","1":"product","2":"type-product","3":"status-publish","4":"has-post-thumbnail","6":"product_cat-durometro","8":"first","9":"instock","10":"shipping-taxable","11":"product-type-simple"},"yoast_head":"<!-- This site is optimized with the Yoast SEO plugin v26.4 - https:\/\/yoast.com\/wordpress\/plugins\/seo\/ -->\n<title>Dur\u00f3metro Digital Tipo A - 511-A - Abaa tienda online<\/title>\n<meta name=\"robots\" content=\"index, follow, max-snippet:-1, max-image-preview:large, max-video-preview:-1\" \/>\n<link rel=\"canonical\" href=\"https:\/\/abaa.mx\/tienda\/durometro-digital-tipo-a-511-a\/\" \/>\n<meta property=\"og:locale\" content=\"es_MX\" \/>\n<meta property=\"og:type\" content=\"article\" \/>\n<meta property=\"og:title\" content=\"Dur\u00f3metro Digital Tipo A - 511-A - Abaa tienda online\" \/>\n<meta property=\"og:description\" content=\"Caracter\u00edsticas:   Puntero de retenci\u00f3n est\u00e1ndar.  Pantalla LCD con resoluci\u00f3n de 0.1 puntos.  Soportes de prueba de accesorios disponibles para todos los modelos.  Incluye el bloque de prueba de aluminio de la precisi\u00f3n, bater\u00edas, adaptador de la CA 115V y estuche de transporte.  Certificaci\u00f3n NIST \/ A2LA a ISO 17025 Incluida.  Base de di\u00e1metro de 1,25 &quot;- Tama\u00f1o y forma \u00f3ptimos para realizar mediciones.  Especificaciones:   Ancho 2-1 \/ 4 pulg (5.7 cm).  Peso 13 oz. (170 g).  Cumple o excede las especificaciones actuales de ASTM D2240.  Profundidad 1-1 \/ 2 pulg (3.8 cm).  Altura 6 pulgadas (15.2 cm).  Precisi\u00f3n de \u00b1 1 punto.  Peso de env\u00edo 4lb (1.4kg).  Rango (Tipo A) 0-100 puntos.\" \/>\n<meta property=\"og:url\" content=\"https:\/\/abaa.mx\/tienda\/durometro-digital-tipo-a-511-a\/\" \/>\n<meta property=\"og:site_name\" content=\"Abaa tienda online\" \/>\n<meta property=\"article:modified_time\" content=\"2023-11-30T19:32:48+00:00\" \/>\n<meta property=\"og:image\" content=\"https:\/\/abaa.mx\/tienda\/wp-content\/uploads\/2023\/10\/PTC-TIPO-A-511-A.jpg\" \/>\n\t<meta property=\"og:image:width\" content=\"500\" \/>\n\t<meta property=\"og:image:height\" content=\"500\" \/>\n\t<meta property=\"og:image:type\" content=\"image\/jpeg\" \/>\n<meta name=\"twitter:card\" content=\"summary_large_image\" \/>\n<meta name=\"twitter:label1\" content=\"Tiempo de lectura\" \/>\n\t<meta name=\"twitter:data1\" content=\"1 minuto\" \/>\n<script type=\"application\/ld+json\" class=\"yoast-schema-graph\">{\"@context\":\"https:\/\/schema.org\",\"@graph\":[{\"@type\":\"WebPage\",\"@id\":\"https:\/\/abaa.mx\/tienda\/durometro-digital-tipo-a-511-a\/\",\"url\":\"https:\/\/abaa.mx\/tienda\/durometro-digital-tipo-a-511-a\/\",\"name\":\"Dur\u00f3metro Digital Tipo A - 511-A - Abaa tienda online\",\"isPartOf\":{\"@id\":\"https:\/\/abaa.mx\/tienda\/#website\"},\"primaryImageOfPage\":{\"@id\":\"https:\/\/abaa.mx\/tienda\/durometro-digital-tipo-a-511-a\/#primaryimage\"},\"image\":{\"@id\":\"https:\/\/abaa.mx\/tienda\/durometro-digital-tipo-a-511-a\/#primaryimage\"},\"thumbnailUrl\":\"https:\/\/abaa.mx\/tienda\/wp-content\/uploads\/2023\/10\/PTC-TIPO-A-511-A.jpg\",\"datePublished\":\"2023-10-30T21:03:57+00:00\",\"dateModified\":\"2023-11-30T19:32:48+00:00\",\"breadcrumb\":{\"@id\":\"https:\/\/abaa.mx\/tienda\/durometro-digital-tipo-a-511-a\/#breadcrumb\"},\"inLanguage\":\"es\",\"potentialAction\":[{\"@type\":\"ReadAction\",\"target\":[\"https:\/\/abaa.mx\/tienda\/durometro-digital-tipo-a-511-a\/\"]}]},{\"@type\":\"ImageObject\",\"inLanguage\":\"es\",\"@id\":\"https:\/\/abaa.mx\/tienda\/durometro-digital-tipo-a-511-a\/#primaryimage\",\"url\":\"https:\/\/abaa.mx\/tienda\/wp-content\/uploads\/2023\/10\/PTC-TIPO-A-511-A.jpg\",\"contentUrl\":\"https:\/\/abaa.mx\/tienda\/wp-content\/uploads\/2023\/10\/PTC-TIPO-A-511-A.jpg\",\"width\":500,\"height\":500,\"caption\":\"PTC TIPO A-511-A\"},{\"@type\":\"BreadcrumbList\",\"@id\":\"https:\/\/abaa.mx\/tienda\/durometro-digital-tipo-a-511-a\/#breadcrumb\",\"itemListElement\":[{\"@type\":\"ListItem\",\"position\":1,\"name\":\"Inicio\",\"item\":\"https:\/\/abaa.mx\/tienda\/\"},{\"@type\":\"ListItem\",\"position\":2,\"name\":\"Tienda\",\"item\":\"https:\/\/abaa.mx\/tienda\/\"},{\"@type\":\"ListItem\",\"position\":3,\"name\":\"Dur\u00f3metro Digital Tipo A &#8211; 511-A\"}]},{\"@type\":\"WebSite\",\"@id\":\"https:\/\/abaa.mx\/tienda\/#website\",\"url\":\"https:\/\/abaa.mx\/tienda\/\",\"name\":\"Abaa tienda online\",\"description\":\"Instrumentos de medici\u00f3n\",\"publisher\":{\"@id\":\"https:\/\/abaa.mx\/tienda\/#organization\"},\"potentialAction\":[{\"@type\":\"SearchAction\",\"target\":{\"@type\":\"EntryPoint\",\"urlTemplate\":\"https:\/\/abaa.mx\/tienda\/?s={search_term_string}\"},\"query-input\":{\"@type\":\"PropertyValueSpecification\",\"valueRequired\":true,\"valueName\":\"search_term_string\"}}],\"inLanguage\":\"es\"},{\"@type\":\"Organization\",\"@id\":\"https:\/\/abaa.mx\/tienda\/#organization\",\"name\":\"Abaa tienda online\",\"url\":\"https:\/\/abaa.mx\/tienda\/\",\"logo\":{\"@type\":\"ImageObject\",\"inLanguage\":\"es\",\"@id\":\"https:\/\/abaa.mx\/tienda\/#\/schema\/logo\/image\/\",\"url\":\"https:\/\/abaa.mx\/tienda\/wp-content\/uploads\/2024\/01\/abaa-metrologia-tienda.png\",\"contentUrl\":\"https:\/\/abaa.mx\/tienda\/wp-content\/uploads\/2024\/01\/abaa-metrologia-tienda.png\",\"width\":300,\"height\":141,\"caption\":\"Abaa tienda online\"},\"image\":{\"@id\":\"https:\/\/abaa.mx\/tienda\/#\/schema\/logo\/image\/\"}}]}<\/script>\n<!-- \/ Yoast SEO plugin. -->","yoast_head_json":{"title":"Dur\u00f3metro Digital Tipo A - 511-A - Abaa tienda online","robots":{"index":"index","follow":"follow","max-snippet":"max-snippet:-1","max-image-preview":"max-image-preview:large","max-video-preview":"max-video-preview:-1"},"canonical":"https:\/\/abaa.mx\/tienda\/durometro-digital-tipo-a-511-a\/","og_locale":"es_MX","og_type":"article","og_title":"Dur\u00f3metro Digital Tipo A - 511-A - Abaa tienda online","og_description":"Caracter\u00edsticas:   Puntero de retenci\u00f3n est\u00e1ndar.  Pantalla LCD con resoluci\u00f3n de 0.1 puntos.  Soportes de prueba de accesorios disponibles para todos los modelos.  Incluye el bloque de prueba de aluminio de la precisi\u00f3n, bater\u00edas, adaptador de la CA 115V y estuche de transporte.  Certificaci\u00f3n NIST \/ A2LA a ISO 17025 Incluida.  Base de di\u00e1metro de 1,25 \"- Tama\u00f1o y forma \u00f3ptimos para realizar mediciones.  Especificaciones:   Ancho 2-1 \/ 4 pulg (5.7 cm).  Peso 13 oz. (170 g).  Cumple o excede las especificaciones actuales de ASTM D2240.  Profundidad 1-1 \/ 2 pulg (3.8 cm).  Altura 6 pulgadas (15.2 cm).  Precisi\u00f3n de \u00b1 1 punto.  Peso de env\u00edo 4lb (1.4kg).  Rango (Tipo A) 0-100 puntos.","og_url":"https:\/\/abaa.mx\/tienda\/durometro-digital-tipo-a-511-a\/","og_site_name":"Abaa tienda online","article_modified_time":"2023-11-30T19:32:48+00:00","og_image":[{"width":500,"height":500,"url":"https:\/\/abaa.mx\/tienda\/wp-content\/uploads\/2023\/10\/PTC-TIPO-A-511-A.jpg","type":"image\/jpeg"}],"twitter_card":"summary_large_image","twitter_misc":{"Tiempo de lectura":"1 minuto"},"schema":{"@context":"https:\/\/schema.org","@graph":[{"@type":"WebPage","@id":"https:\/\/abaa.mx\/tienda\/durometro-digital-tipo-a-511-a\/","url":"https:\/\/abaa.mx\/tienda\/durometro-digital-tipo-a-511-a\/","name":"Dur\u00f3metro Digital Tipo A - 511-A - Abaa tienda online","isPartOf":{"@id":"https:\/\/abaa.mx\/tienda\/#website"},"primaryImageOfPage":{"@id":"https:\/\/abaa.mx\/tienda\/durometro-digital-tipo-a-511-a\/#primaryimage"},"image":{"@id":"https:\/\/abaa.mx\/tienda\/durometro-digital-tipo-a-511-a\/#primaryimage"},"thumbnailUrl":"https:\/\/abaa.mx\/tienda\/wp-content\/uploads\/2023\/10\/PTC-TIPO-A-511-A.jpg","datePublished":"2023-10-30T21:03:57+00:00","dateModified":"2023-11-30T19:32:48+00:00","breadcrumb":{"@id":"https:\/\/abaa.mx\/tienda\/durometro-digital-tipo-a-511-a\/#breadcrumb"},"inLanguage":"es","potentialAction":[{"@type":"ReadAction","target":["https:\/\/abaa.mx\/tienda\/durometro-digital-tipo-a-511-a\/"]}]},{"@type":"ImageObject","inLanguage":"es","@id":"https:\/\/abaa.mx\/tienda\/durometro-digital-tipo-a-511-a\/#primaryimage","url":"https:\/\/abaa.mx\/tienda\/wp-content\/uploads\/2023\/10\/PTC-TIPO-A-511-A.jpg","contentUrl":"https:\/\/abaa.mx\/tienda\/wp-content\/uploads\/2023\/10\/PTC-TIPO-A-511-A.jpg","width":500,"height":500,"caption":"PTC TIPO A-511-A"},{"@type":"BreadcrumbList","@id":"https:\/\/abaa.mx\/tienda\/durometro-digital-tipo-a-511-a\/#breadcrumb","itemListElement":[{"@type":"ListItem","position":1,"name":"Inicio","item":"https:\/\/abaa.mx\/tienda\/"},{"@type":"ListItem","position":2,"name":"Tienda","item":"https:\/\/abaa.mx\/tienda\/"},{"@type":"ListItem","position":3,"name":"Dur\u00f3metro Digital Tipo A &#8211; 511-A"}]},{"@type":"WebSite","@id":"https:\/\/abaa.mx\/tienda\/#website","url":"https:\/\/abaa.mx\/tienda\/","name":"Abaa tienda online","description":"Instrumentos de medici\u00f3n","publisher":{"@id":"https:\/\/abaa.mx\/tienda\/#organization"},"potentialAction":[{"@type":"SearchAction","target":{"@type":"EntryPoint","urlTemplate":"https:\/\/abaa.mx\/tienda\/?s={search_term_string}"},"query-input":{"@type":"PropertyValueSpecification","valueRequired":true,"valueName":"search_term_string"}}],"inLanguage":"es"},{"@type":"Organization","@id":"https:\/\/abaa.mx\/tienda\/#organization","name":"Abaa tienda online","url":"https:\/\/abaa.mx\/tienda\/","logo":{"@type":"ImageObject","inLanguage":"es","@id":"https:\/\/abaa.mx\/tienda\/#\/schema\/logo\/image\/","url":"https:\/\/abaa.mx\/tienda\/wp-content\/uploads\/2024\/01\/abaa-metrologia-tienda.png","contentUrl":"https:\/\/abaa.mx\/tienda\/wp-content\/uploads\/2024\/01\/abaa-metrologia-tienda.png","width":300,"height":141,"caption":"Abaa tienda online"},"image":{"@id":"https:\/\/abaa.mx\/tienda\/#\/schema\/logo\/image\/"}}]}},"_links":{"self":[{"href":"https:\/\/abaa.mx\/tienda\/wp-json\/wp\/v2\/product\/8224","targetHints":{"allow":["GET"]}}],"collection":[{"href":"https:\/\/abaa.mx\/tienda\/wp-json\/wp\/v2\/product"}],"about":[{"href":"https:\/\/abaa.mx\/tienda\/wp-json\/wp\/v2\/types\/product"}],"replies":[{"embeddable":true,"href":"https:\/\/abaa.mx\/tienda\/wp-json\/wp\/v2\/comments?post=8224"}],"wp:featuredmedia":[{"embeddable":true,"href":"https:\/\/abaa.mx\/tienda\/wp-json\/wp\/v2\/media\/8229"}],"wp:attachment":[{"href":"https:\/\/abaa.mx\/tienda\/wp-json\/wp\/v2\/media?parent=8224"}],"wp:term":[{"taxonomy":"product_brand","embeddable":true,"href":"https:\/\/abaa.mx\/tienda\/wp-json\/wp\/v2\/product_brand?post=8224"},{"taxonomy":"product_cat","embeddable":true,"href":"https:\/\/abaa.mx\/tienda\/wp-json\/wp\/v2\/product_cat?post=8224"},{"taxonomy":"product_tag","embeddable":true,"href":"https:\/\/abaa.mx\/tienda\/wp-json\/wp\/v2\/product_tag?post=8224"}],"curies":[{"name":"wp","href":"https:\/\/api.w.org\/{rel}","templated":true}]}}