{"id":8212,"date":"2023-10-30T20:34:00","date_gmt":"2023-10-30T20:34:00","guid":{"rendered":"https:\/\/abaa.mx\/tienda\/?post_type=product&#038;p=8212"},"modified":"2023-10-30T20:34:00","modified_gmt":"2023-10-30T20:34:00","slug":"durometro-tipo-lapiz-astm-oo-203","status":"publish","type":"product","link":"https:\/\/abaa.mx\/tienda\/durometro-tipo-lapiz-astm-oo-203\/","title":{"rendered":"Dur\u00f3metro Tipo L\u00e1piz, ASTM OO &#8211; 203"},"content":{"rendered":"<p>Dur\u00f3metro Tipo L\u00e1piz, ASTM OO &#8211; 203<\/p>\n","protected":false},"excerpt":{"rendered":"<p>El dur\u00f3metro PC-203 es un equipo con escala \u201cASTM OO\u201d para medir la dureza de hules y esponjas muy suaves as\u00ed como de materiales similares. Se fabrica para cumplir y exceder las especificaciones actuales ASTM D2240. Su forma de l\u00e1piz sirve para evaluar en espacios peque\u00f1as. Su base de 1\/2&#8243; di\u00e1metro (1,3 cm) es la m\u00e1s peque\u00f1a permitida por las especificaciones de la norma ASTM D2240. Esto permite que sea utilizado en \u00e1reas dif\u00edciles de alcanzar por otros dur\u00f3metros de mayor dimensi\u00f3n de base.<\/p>\n<p><b>Especificaciones:<\/b><\/p>\n<ul>\n<li>Anchura:2.25 in. (5,7cm).<\/li>\n<li>Profundidad:1-1 \/ 2 in. (3,8 cm).<\/li>\n<li>Precisi\u00f3n:+\/- (2 puntos)<\/li>\n<li>Di\u00e1metro base:0.5 inch. (13 mm)<\/li>\n<li>Altura:5.3 in. (135 mm).<\/li>\n<li>Contenido de la caja:Block de prueba, malet\u00edn<\/li>\n<li>Peso:6,5 oz (184g)<\/li>\n<li>Rango:0 a 100 puntos<\/li>\n<\/ul>\n","protected":false},"featured_media":8219,"comment_status":"open","ping_status":"closed","template":"","meta":{"_joinchat":[]},"product_brand":[],"product_cat":[95],"product_tag":[],"class_list":{"0":"post-8212","1":"product","2":"type-product","3":"status-publish","4":"has-post-thumbnail","6":"product_cat-durometro","8":"first","9":"instock","10":"shipping-taxable","11":"product-type-simple"},"yoast_head":"<!-- This site is optimized with the Yoast SEO plugin v26.4 - https:\/\/yoast.com\/wordpress\/plugins\/seo\/ -->\n<title>Dur\u00f3metro Tipo L\u00e1piz, ASTM OO - 203 - Abaa tienda online<\/title>\n<meta name=\"robots\" content=\"index, follow, max-snippet:-1, max-image-preview:large, max-video-preview:-1\" \/>\n<link rel=\"canonical\" href=\"https:\/\/abaa.mx\/tienda\/durometro-tipo-lapiz-astm-oo-203\/\" \/>\n<meta property=\"og:locale\" content=\"es_MX\" \/>\n<meta property=\"og:type\" content=\"article\" \/>\n<meta property=\"og:title\" content=\"Dur\u00f3metro Tipo L\u00e1piz, ASTM OO - 203 - Abaa tienda online\" \/>\n<meta property=\"og:description\" content=\"El dur\u00f3metro PC-203 es un equipo con escala \u201cASTM OO\u201d para medir la dureza de hules y esponjas muy suaves as\u00ed como de materiales similares. Se fabrica para cumplir y exceder las especificaciones actuales ASTM D2240. Su forma de l\u00e1piz sirve para evaluar en espacios peque\u00f1as. Su base de 1\/2&quot; di\u00e1metro (1,3 cm) es la m\u00e1s peque\u00f1a permitida por las especificaciones de la norma ASTM D2240. Esto permite que sea utilizado en \u00e1reas dif\u00edciles de alcanzar por otros dur\u00f3metros de mayor dimensi\u00f3n de base.  Especificaciones:   Anchura:2.25 in. (5,7cm).  Profundidad:1-1 \/ 2 in. (3,8 cm).  Precisi\u00f3n:+\/- (2 puntos)  Di\u00e1metro base:0.5 inch. (13 mm)  Altura:5.3 in. (135 mm).  Contenido de la caja:Block de prueba, malet\u00edn  Peso:6,5 oz (184g)  Rango:0 a 100 puntos\" \/>\n<meta property=\"og:url\" content=\"https:\/\/abaa.mx\/tienda\/durometro-tipo-lapiz-astm-oo-203\/\" \/>\n<meta property=\"og:site_name\" content=\"Abaa tienda online\" \/>\n<meta property=\"og:image\" content=\"https:\/\/abaa.mx\/tienda\/wp-content\/uploads\/2023\/10\/PTC-ASTMOO-203-1.jpg\" \/>\n\t<meta property=\"og:image:width\" content=\"396\" \/>\n\t<meta property=\"og:image:height\" content=\"476\" \/>\n\t<meta property=\"og:image:type\" content=\"image\/jpeg\" \/>\n<meta name=\"twitter:card\" content=\"summary_large_image\" \/>\n<meta name=\"twitter:label1\" content=\"Tiempo de lectura\" \/>\n\t<meta name=\"twitter:data1\" content=\"1 minuto\" \/>\n<script type=\"application\/ld+json\" class=\"yoast-schema-graph\">{\"@context\":\"https:\/\/schema.org\",\"@graph\":[{\"@type\":\"WebPage\",\"@id\":\"https:\/\/abaa.mx\/tienda\/durometro-tipo-lapiz-astm-oo-203\/\",\"url\":\"https:\/\/abaa.mx\/tienda\/durometro-tipo-lapiz-astm-oo-203\/\",\"name\":\"Dur\u00f3metro Tipo L\u00e1piz, ASTM OO - 203 - Abaa tienda online\",\"isPartOf\":{\"@id\":\"https:\/\/abaa.mx\/tienda\/#website\"},\"primaryImageOfPage\":{\"@id\":\"https:\/\/abaa.mx\/tienda\/durometro-tipo-lapiz-astm-oo-203\/#primaryimage\"},\"image\":{\"@id\":\"https:\/\/abaa.mx\/tienda\/durometro-tipo-lapiz-astm-oo-203\/#primaryimage\"},\"thumbnailUrl\":\"https:\/\/abaa.mx\/tienda\/wp-content\/uploads\/2023\/10\/PTC-ASTMOO-203-1.jpg\",\"datePublished\":\"2023-10-30T20:34:00+00:00\",\"breadcrumb\":{\"@id\":\"https:\/\/abaa.mx\/tienda\/durometro-tipo-lapiz-astm-oo-203\/#breadcrumb\"},\"inLanguage\":\"es\",\"potentialAction\":[{\"@type\":\"ReadAction\",\"target\":[\"https:\/\/abaa.mx\/tienda\/durometro-tipo-lapiz-astm-oo-203\/\"]}]},{\"@type\":\"ImageObject\",\"inLanguage\":\"es\",\"@id\":\"https:\/\/abaa.mx\/tienda\/durometro-tipo-lapiz-astm-oo-203\/#primaryimage\",\"url\":\"https:\/\/abaa.mx\/tienda\/wp-content\/uploads\/2023\/10\/PTC-ASTMOO-203-1.jpg\",\"contentUrl\":\"https:\/\/abaa.mx\/tienda\/wp-content\/uploads\/2023\/10\/PTC-ASTMOO-203-1.jpg\",\"width\":396,\"height\":476,\"caption\":\"PTC ASTMOO-203\"},{\"@type\":\"BreadcrumbList\",\"@id\":\"https:\/\/abaa.mx\/tienda\/durometro-tipo-lapiz-astm-oo-203\/#breadcrumb\",\"itemListElement\":[{\"@type\":\"ListItem\",\"position\":1,\"name\":\"Inicio\",\"item\":\"https:\/\/abaa.mx\/tienda\/\"},{\"@type\":\"ListItem\",\"position\":2,\"name\":\"Tienda\",\"item\":\"https:\/\/abaa.mx\/tienda\/\"},{\"@type\":\"ListItem\",\"position\":3,\"name\":\"Dur\u00f3metro Tipo L\u00e1piz, ASTM OO &#8211; 203\"}]},{\"@type\":\"WebSite\",\"@id\":\"https:\/\/abaa.mx\/tienda\/#website\",\"url\":\"https:\/\/abaa.mx\/tienda\/\",\"name\":\"Abaa tienda online\",\"description\":\"Instrumentos de medici\u00f3n\",\"publisher\":{\"@id\":\"https:\/\/abaa.mx\/tienda\/#organization\"},\"potentialAction\":[{\"@type\":\"SearchAction\",\"target\":{\"@type\":\"EntryPoint\",\"urlTemplate\":\"https:\/\/abaa.mx\/tienda\/?s={search_term_string}\"},\"query-input\":{\"@type\":\"PropertyValueSpecification\",\"valueRequired\":true,\"valueName\":\"search_term_string\"}}],\"inLanguage\":\"es\"},{\"@type\":\"Organization\",\"@id\":\"https:\/\/abaa.mx\/tienda\/#organization\",\"name\":\"Abaa tienda online\",\"url\":\"https:\/\/abaa.mx\/tienda\/\",\"logo\":{\"@type\":\"ImageObject\",\"inLanguage\":\"es\",\"@id\":\"https:\/\/abaa.mx\/tienda\/#\/schema\/logo\/image\/\",\"url\":\"https:\/\/abaa.mx\/tienda\/wp-content\/uploads\/2024\/01\/abaa-metrologia-tienda.png\",\"contentUrl\":\"https:\/\/abaa.mx\/tienda\/wp-content\/uploads\/2024\/01\/abaa-metrologia-tienda.png\",\"width\":300,\"height\":141,\"caption\":\"Abaa tienda online\"},\"image\":{\"@id\":\"https:\/\/abaa.mx\/tienda\/#\/schema\/logo\/image\/\"}}]}<\/script>\n<!-- \/ Yoast SEO plugin. -->","yoast_head_json":{"title":"Dur\u00f3metro Tipo L\u00e1piz, ASTM OO - 203 - Abaa tienda online","robots":{"index":"index","follow":"follow","max-snippet":"max-snippet:-1","max-image-preview":"max-image-preview:large","max-video-preview":"max-video-preview:-1"},"canonical":"https:\/\/abaa.mx\/tienda\/durometro-tipo-lapiz-astm-oo-203\/","og_locale":"es_MX","og_type":"article","og_title":"Dur\u00f3metro Tipo L\u00e1piz, ASTM OO - 203 - Abaa tienda online","og_description":"El dur\u00f3metro PC-203 es un equipo con escala \u201cASTM OO\u201d para medir la dureza de hules y esponjas muy suaves as\u00ed como de materiales similares. Se fabrica para cumplir y exceder las especificaciones actuales ASTM D2240. Su forma de l\u00e1piz sirve para evaluar en espacios peque\u00f1as. Su base de 1\/2\" di\u00e1metro (1,3 cm) es la m\u00e1s peque\u00f1a permitida por las especificaciones de la norma ASTM D2240. Esto permite que sea utilizado en \u00e1reas dif\u00edciles de alcanzar por otros dur\u00f3metros de mayor dimensi\u00f3n de base.  Especificaciones:   Anchura:2.25 in. (5,7cm).  Profundidad:1-1 \/ 2 in. (3,8 cm).  Precisi\u00f3n:+\/- (2 puntos)  Di\u00e1metro base:0.5 inch. (13 mm)  Altura:5.3 in. (135 mm).  Contenido de la caja:Block de prueba, malet\u00edn  Peso:6,5 oz (184g)  Rango:0 a 100 puntos","og_url":"https:\/\/abaa.mx\/tienda\/durometro-tipo-lapiz-astm-oo-203\/","og_site_name":"Abaa tienda online","og_image":[{"width":396,"height":476,"url":"https:\/\/abaa.mx\/tienda\/wp-content\/uploads\/2023\/10\/PTC-ASTMOO-203-1.jpg","type":"image\/jpeg"}],"twitter_card":"summary_large_image","twitter_misc":{"Tiempo de lectura":"1 minuto"},"schema":{"@context":"https:\/\/schema.org","@graph":[{"@type":"WebPage","@id":"https:\/\/abaa.mx\/tienda\/durometro-tipo-lapiz-astm-oo-203\/","url":"https:\/\/abaa.mx\/tienda\/durometro-tipo-lapiz-astm-oo-203\/","name":"Dur\u00f3metro Tipo L\u00e1piz, ASTM OO - 203 - Abaa tienda online","isPartOf":{"@id":"https:\/\/abaa.mx\/tienda\/#website"},"primaryImageOfPage":{"@id":"https:\/\/abaa.mx\/tienda\/durometro-tipo-lapiz-astm-oo-203\/#primaryimage"},"image":{"@id":"https:\/\/abaa.mx\/tienda\/durometro-tipo-lapiz-astm-oo-203\/#primaryimage"},"thumbnailUrl":"https:\/\/abaa.mx\/tienda\/wp-content\/uploads\/2023\/10\/PTC-ASTMOO-203-1.jpg","datePublished":"2023-10-30T20:34:00+00:00","breadcrumb":{"@id":"https:\/\/abaa.mx\/tienda\/durometro-tipo-lapiz-astm-oo-203\/#breadcrumb"},"inLanguage":"es","potentialAction":[{"@type":"ReadAction","target":["https:\/\/abaa.mx\/tienda\/durometro-tipo-lapiz-astm-oo-203\/"]}]},{"@type":"ImageObject","inLanguage":"es","@id":"https:\/\/abaa.mx\/tienda\/durometro-tipo-lapiz-astm-oo-203\/#primaryimage","url":"https:\/\/abaa.mx\/tienda\/wp-content\/uploads\/2023\/10\/PTC-ASTMOO-203-1.jpg","contentUrl":"https:\/\/abaa.mx\/tienda\/wp-content\/uploads\/2023\/10\/PTC-ASTMOO-203-1.jpg","width":396,"height":476,"caption":"PTC ASTMOO-203"},{"@type":"BreadcrumbList","@id":"https:\/\/abaa.mx\/tienda\/durometro-tipo-lapiz-astm-oo-203\/#breadcrumb","itemListElement":[{"@type":"ListItem","position":1,"name":"Inicio","item":"https:\/\/abaa.mx\/tienda\/"},{"@type":"ListItem","position":2,"name":"Tienda","item":"https:\/\/abaa.mx\/tienda\/"},{"@type":"ListItem","position":3,"name":"Dur\u00f3metro Tipo L\u00e1piz, ASTM OO &#8211; 203"}]},{"@type":"WebSite","@id":"https:\/\/abaa.mx\/tienda\/#website","url":"https:\/\/abaa.mx\/tienda\/","name":"Abaa tienda online","description":"Instrumentos de medici\u00f3n","publisher":{"@id":"https:\/\/abaa.mx\/tienda\/#organization"},"potentialAction":[{"@type":"SearchAction","target":{"@type":"EntryPoint","urlTemplate":"https:\/\/abaa.mx\/tienda\/?s={search_term_string}"},"query-input":{"@type":"PropertyValueSpecification","valueRequired":true,"valueName":"search_term_string"}}],"inLanguage":"es"},{"@type":"Organization","@id":"https:\/\/abaa.mx\/tienda\/#organization","name":"Abaa tienda online","url":"https:\/\/abaa.mx\/tienda\/","logo":{"@type":"ImageObject","inLanguage":"es","@id":"https:\/\/abaa.mx\/tienda\/#\/schema\/logo\/image\/","url":"https:\/\/abaa.mx\/tienda\/wp-content\/uploads\/2024\/01\/abaa-metrologia-tienda.png","contentUrl":"https:\/\/abaa.mx\/tienda\/wp-content\/uploads\/2024\/01\/abaa-metrologia-tienda.png","width":300,"height":141,"caption":"Abaa tienda online"},"image":{"@id":"https:\/\/abaa.mx\/tienda\/#\/schema\/logo\/image\/"}}]}},"_links":{"self":[{"href":"https:\/\/abaa.mx\/tienda\/wp-json\/wp\/v2\/product\/8212","targetHints":{"allow":["GET"]}}],"collection":[{"href":"https:\/\/abaa.mx\/tienda\/wp-json\/wp\/v2\/product"}],"about":[{"href":"https:\/\/abaa.mx\/tienda\/wp-json\/wp\/v2\/types\/product"}],"replies":[{"embeddable":true,"href":"https:\/\/abaa.mx\/tienda\/wp-json\/wp\/v2\/comments?post=8212"}],"wp:featuredmedia":[{"embeddable":true,"href":"https:\/\/abaa.mx\/tienda\/wp-json\/wp\/v2\/media\/8219"}],"wp:attachment":[{"href":"https:\/\/abaa.mx\/tienda\/wp-json\/wp\/v2\/media?parent=8212"}],"wp:term":[{"taxonomy":"product_brand","embeddable":true,"href":"https:\/\/abaa.mx\/tienda\/wp-json\/wp\/v2\/product_brand?post=8212"},{"taxonomy":"product_cat","embeddable":true,"href":"https:\/\/abaa.mx\/tienda\/wp-json\/wp\/v2\/product_cat?post=8212"},{"taxonomy":"product_tag","embeddable":true,"href":"https:\/\/abaa.mx\/tienda\/wp-json\/wp\/v2\/product_tag?post=8212"}],"curies":[{"name":"wp","href":"https:\/\/api.w.org\/{rel}","templated":true}]}}