{"id":8210,"date":"2023-10-30T20:44:27","date_gmt":"2023-10-30T20:44:27","guid":{"rendered":"https:\/\/abaa.mx\/tienda\/?post_type=product&#038;p=8210"},"modified":"2023-10-30T20:56:06","modified_gmt":"2023-10-30T20:56:06","slug":"durometro-analogo-tipo-o-ptc","status":"publish","type":"product","link":"https:\/\/abaa.mx\/tienda\/durometro-analogo-tipo-o-ptc\/","title":{"rendered":"Dur\u00f3metro Anal\u00f3go Tipo O, PTC"},"content":{"rendered":"<p>Dur\u00f3metro Anal\u00f3go Tipo O, PTC<\/p>\n","protected":false},"excerpt":{"rendered":"<p>El dur\u00f3metro an\u00e1logo de estilo ergon\u00f3mico 410 PC-410 mide la dureza del caucho suave , rodillos de impresi\u00f3n despacio , bobinas textiles y otros materiales afines. El modelo 410 cumple o sobrepasa las informaciones de la Sociedad Americana para pruebas y materiales (ASTM) D2240 escala \u201cO\u201d. Especificaciones : El instrumento tiene como caracter\u00edstica una pantalla de n\u00fameros grandes de alto contraste y anti reflejante. El dur\u00f3metro tiene una mano de m\u00e1x. retenci\u00f3n que mantiene la lectura pico hasta el reseteo. Cada dur\u00f3metro viene terminado con un bloque de prueba y estuche. Para la mayor precisi\u00f3n posible , se aconseja utilizar este dur\u00f3metro con uno de nuestros bancos de prueba accesorio. Modelos PC-320,PC-471,PC-472 y PC-473 son compatibles con este dur\u00f3metro.<\/p>\n<p><b>Especificaciones T\u00e9cnicas:<\/b><\/p>\n<ul>\n<li>Peso: 200 g<\/li>\n<li>Dimensiones:<\/li>\n<li>Ancho 5.7 cm<\/li>\n<li>Escala: ASTM \u201cO\u201d<\/li>\n<li>Profundidad 4.4 cm<\/li>\n<li>Precisi\u00f3n: \u00b11 punto<\/li>\n<li>Rango: 0 a 100 puntos<\/li>\n<li>Altura 10.2 cm<\/li>\n<li>Modelo: PC-410<\/li>\n<\/ul>\n","protected":false},"featured_media":8222,"comment_status":"open","ping_status":"closed","template":"","meta":{"_joinchat":[]},"product_brand":[],"product_cat":[95],"product_tag":[],"class_list":{"0":"post-8210","1":"product","2":"type-product","3":"status-publish","4":"has-post-thumbnail","6":"product_cat-durometro","8":"first","9":"instock","10":"shipping-taxable","11":"product-type-simple"},"yoast_head":"<!-- This site is optimized with the Yoast SEO plugin v26.4 - https:\/\/yoast.com\/wordpress\/plugins\/seo\/ -->\n<title>Dur\u00f3metro Anal\u00f3go Tipo O, PTC - Abaa tienda online<\/title>\n<meta name=\"robots\" content=\"index, follow, max-snippet:-1, max-image-preview:large, max-video-preview:-1\" \/>\n<link rel=\"canonical\" href=\"https:\/\/abaa.mx\/tienda\/durometro-analogo-tipo-o-ptc\/\" \/>\n<meta property=\"og:locale\" content=\"es_MX\" \/>\n<meta property=\"og:type\" content=\"article\" \/>\n<meta property=\"og:title\" content=\"Dur\u00f3metro Anal\u00f3go Tipo O, PTC - Abaa tienda online\" \/>\n<meta property=\"og:description\" content=\"El dur\u00f3metro an\u00e1logo de estilo ergon\u00f3mico 410 PC-410 mide la dureza del caucho suave , rodillos de impresi\u00f3n despacio , bobinas textiles y otros materiales afines. El modelo 410 cumple o sobrepasa las informaciones de la Sociedad Americana para pruebas y materiales (ASTM) D2240 escala \u201cO\u201d. Especificaciones : El instrumento tiene como caracter\u00edstica una pantalla de n\u00fameros grandes de alto contraste y anti reflejante. El dur\u00f3metro tiene una mano de m\u00e1x. retenci\u00f3n que mantiene la lectura pico hasta el reseteo. Cada dur\u00f3metro viene terminado con un bloque de prueba y estuche. Para la mayor precisi\u00f3n posible , se aconseja utilizar este dur\u00f3metro con uno de nuestros bancos de prueba accesorio. Modelos PC-320,PC-471,PC-472 y PC-473 son compatibles con este dur\u00f3metro.  Especificaciones T\u00e9cnicas:   Peso: 200 g  Dimensiones:  Ancho 5.7 cm  Escala: ASTM \u201cO\u201d  Profundidad 4.4 cm  Precisi\u00f3n: \u00b11 punto  Rango: 0 a 100 puntos  Altura 10.2 cm  Modelo: PC-410\" \/>\n<meta property=\"og:url\" content=\"https:\/\/abaa.mx\/tienda\/durometro-analogo-tipo-o-ptc\/\" \/>\n<meta property=\"og:site_name\" content=\"Abaa tienda online\" \/>\n<meta property=\"article:modified_time\" content=\"2023-10-30T20:56:06+00:00\" \/>\n<meta property=\"og:image\" content=\"https:\/\/abaa.mx\/tienda\/wp-content\/uploads\/2023\/10\/PTC-TIPO-O-PTC-2.jpg\" \/>\n\t<meta property=\"og:image:width\" content=\"460\" \/>\n\t<meta property=\"og:image:height\" content=\"476\" \/>\n\t<meta property=\"og:image:type\" content=\"image\/jpeg\" \/>\n<meta name=\"twitter:card\" content=\"summary_large_image\" \/>\n<meta name=\"twitter:label1\" content=\"Tiempo de lectura\" \/>\n\t<meta name=\"twitter:data1\" content=\"1 minuto\" \/>\n<script type=\"application\/ld+json\" class=\"yoast-schema-graph\">{\"@context\":\"https:\/\/schema.org\",\"@graph\":[{\"@type\":\"WebPage\",\"@id\":\"https:\/\/abaa.mx\/tienda\/durometro-analogo-tipo-o-ptc\/\",\"url\":\"https:\/\/abaa.mx\/tienda\/durometro-analogo-tipo-o-ptc\/\",\"name\":\"Dur\u00f3metro Anal\u00f3go Tipo O, PTC - Abaa tienda online\",\"isPartOf\":{\"@id\":\"https:\/\/abaa.mx\/tienda\/#website\"},\"primaryImageOfPage\":{\"@id\":\"https:\/\/abaa.mx\/tienda\/durometro-analogo-tipo-o-ptc\/#primaryimage\"},\"image\":{\"@id\":\"https:\/\/abaa.mx\/tienda\/durometro-analogo-tipo-o-ptc\/#primaryimage\"},\"thumbnailUrl\":\"https:\/\/abaa.mx\/tienda\/wp-content\/uploads\/2023\/10\/PTC-TIPO-O-PTC-2.jpg\",\"datePublished\":\"2023-10-30T20:44:27+00:00\",\"dateModified\":\"2023-10-30T20:56:06+00:00\",\"breadcrumb\":{\"@id\":\"https:\/\/abaa.mx\/tienda\/durometro-analogo-tipo-o-ptc\/#breadcrumb\"},\"inLanguage\":\"es\",\"potentialAction\":[{\"@type\":\"ReadAction\",\"target\":[\"https:\/\/abaa.mx\/tienda\/durometro-analogo-tipo-o-ptc\/\"]}]},{\"@type\":\"ImageObject\",\"inLanguage\":\"es\",\"@id\":\"https:\/\/abaa.mx\/tienda\/durometro-analogo-tipo-o-ptc\/#primaryimage\",\"url\":\"https:\/\/abaa.mx\/tienda\/wp-content\/uploads\/2023\/10\/PTC-TIPO-O-PTC-2.jpg\",\"contentUrl\":\"https:\/\/abaa.mx\/tienda\/wp-content\/uploads\/2023\/10\/PTC-TIPO-O-PTC-2.jpg\",\"width\":460,\"height\":476,\"caption\":\"PTC TIPO O-PTC\"},{\"@type\":\"BreadcrumbList\",\"@id\":\"https:\/\/abaa.mx\/tienda\/durometro-analogo-tipo-o-ptc\/#breadcrumb\",\"itemListElement\":[{\"@type\":\"ListItem\",\"position\":1,\"name\":\"Inicio\",\"item\":\"https:\/\/abaa.mx\/tienda\/\"},{\"@type\":\"ListItem\",\"position\":2,\"name\":\"Tienda\",\"item\":\"https:\/\/abaa.mx\/tienda\/\"},{\"@type\":\"ListItem\",\"position\":3,\"name\":\"Dur\u00f3metro Anal\u00f3go Tipo O, PTC\"}]},{\"@type\":\"WebSite\",\"@id\":\"https:\/\/abaa.mx\/tienda\/#website\",\"url\":\"https:\/\/abaa.mx\/tienda\/\",\"name\":\"Abaa tienda online\",\"description\":\"Instrumentos de medici\u00f3n\",\"publisher\":{\"@id\":\"https:\/\/abaa.mx\/tienda\/#organization\"},\"potentialAction\":[{\"@type\":\"SearchAction\",\"target\":{\"@type\":\"EntryPoint\",\"urlTemplate\":\"https:\/\/abaa.mx\/tienda\/?s={search_term_string}\"},\"query-input\":{\"@type\":\"PropertyValueSpecification\",\"valueRequired\":true,\"valueName\":\"search_term_string\"}}],\"inLanguage\":\"es\"},{\"@type\":\"Organization\",\"@id\":\"https:\/\/abaa.mx\/tienda\/#organization\",\"name\":\"Abaa tienda online\",\"url\":\"https:\/\/abaa.mx\/tienda\/\",\"logo\":{\"@type\":\"ImageObject\",\"inLanguage\":\"es\",\"@id\":\"https:\/\/abaa.mx\/tienda\/#\/schema\/logo\/image\/\",\"url\":\"https:\/\/abaa.mx\/tienda\/wp-content\/uploads\/2024\/01\/abaa-metrologia-tienda.png\",\"contentUrl\":\"https:\/\/abaa.mx\/tienda\/wp-content\/uploads\/2024\/01\/abaa-metrologia-tienda.png\",\"width\":300,\"height\":141,\"caption\":\"Abaa tienda online\"},\"image\":{\"@id\":\"https:\/\/abaa.mx\/tienda\/#\/schema\/logo\/image\/\"}}]}<\/script>\n<!-- \/ Yoast SEO plugin. -->","yoast_head_json":{"title":"Dur\u00f3metro Anal\u00f3go Tipo O, PTC - Abaa tienda online","robots":{"index":"index","follow":"follow","max-snippet":"max-snippet:-1","max-image-preview":"max-image-preview:large","max-video-preview":"max-video-preview:-1"},"canonical":"https:\/\/abaa.mx\/tienda\/durometro-analogo-tipo-o-ptc\/","og_locale":"es_MX","og_type":"article","og_title":"Dur\u00f3metro Anal\u00f3go Tipo O, PTC - Abaa tienda online","og_description":"El dur\u00f3metro an\u00e1logo de estilo ergon\u00f3mico 410 PC-410 mide la dureza del caucho suave , rodillos de impresi\u00f3n despacio , bobinas textiles y otros materiales afines. El modelo 410 cumple o sobrepasa las informaciones de la Sociedad Americana para pruebas y materiales (ASTM) D2240 escala \u201cO\u201d. Especificaciones : El instrumento tiene como caracter\u00edstica una pantalla de n\u00fameros grandes de alto contraste y anti reflejante. El dur\u00f3metro tiene una mano de m\u00e1x. retenci\u00f3n que mantiene la lectura pico hasta el reseteo. Cada dur\u00f3metro viene terminado con un bloque de prueba y estuche. Para la mayor precisi\u00f3n posible , se aconseja utilizar este dur\u00f3metro con uno de nuestros bancos de prueba accesorio. Modelos PC-320,PC-471,PC-472 y PC-473 son compatibles con este dur\u00f3metro.  Especificaciones T\u00e9cnicas:   Peso: 200 g  Dimensiones:  Ancho 5.7 cm  Escala: ASTM \u201cO\u201d  Profundidad 4.4 cm  Precisi\u00f3n: \u00b11 punto  Rango: 0 a 100 puntos  Altura 10.2 cm  Modelo: PC-410","og_url":"https:\/\/abaa.mx\/tienda\/durometro-analogo-tipo-o-ptc\/","og_site_name":"Abaa tienda online","article_modified_time":"2023-10-30T20:56:06+00:00","og_image":[{"width":460,"height":476,"url":"https:\/\/abaa.mx\/tienda\/wp-content\/uploads\/2023\/10\/PTC-TIPO-O-PTC-2.jpg","type":"image\/jpeg"}],"twitter_card":"summary_large_image","twitter_misc":{"Tiempo de lectura":"1 minuto"},"schema":{"@context":"https:\/\/schema.org","@graph":[{"@type":"WebPage","@id":"https:\/\/abaa.mx\/tienda\/durometro-analogo-tipo-o-ptc\/","url":"https:\/\/abaa.mx\/tienda\/durometro-analogo-tipo-o-ptc\/","name":"Dur\u00f3metro Anal\u00f3go Tipo O, PTC - Abaa tienda online","isPartOf":{"@id":"https:\/\/abaa.mx\/tienda\/#website"},"primaryImageOfPage":{"@id":"https:\/\/abaa.mx\/tienda\/durometro-analogo-tipo-o-ptc\/#primaryimage"},"image":{"@id":"https:\/\/abaa.mx\/tienda\/durometro-analogo-tipo-o-ptc\/#primaryimage"},"thumbnailUrl":"https:\/\/abaa.mx\/tienda\/wp-content\/uploads\/2023\/10\/PTC-TIPO-O-PTC-2.jpg","datePublished":"2023-10-30T20:44:27+00:00","dateModified":"2023-10-30T20:56:06+00:00","breadcrumb":{"@id":"https:\/\/abaa.mx\/tienda\/durometro-analogo-tipo-o-ptc\/#breadcrumb"},"inLanguage":"es","potentialAction":[{"@type":"ReadAction","target":["https:\/\/abaa.mx\/tienda\/durometro-analogo-tipo-o-ptc\/"]}]},{"@type":"ImageObject","inLanguage":"es","@id":"https:\/\/abaa.mx\/tienda\/durometro-analogo-tipo-o-ptc\/#primaryimage","url":"https:\/\/abaa.mx\/tienda\/wp-content\/uploads\/2023\/10\/PTC-TIPO-O-PTC-2.jpg","contentUrl":"https:\/\/abaa.mx\/tienda\/wp-content\/uploads\/2023\/10\/PTC-TIPO-O-PTC-2.jpg","width":460,"height":476,"caption":"PTC TIPO O-PTC"},{"@type":"BreadcrumbList","@id":"https:\/\/abaa.mx\/tienda\/durometro-analogo-tipo-o-ptc\/#breadcrumb","itemListElement":[{"@type":"ListItem","position":1,"name":"Inicio","item":"https:\/\/abaa.mx\/tienda\/"},{"@type":"ListItem","position":2,"name":"Tienda","item":"https:\/\/abaa.mx\/tienda\/"},{"@type":"ListItem","position":3,"name":"Dur\u00f3metro Anal\u00f3go Tipo O, PTC"}]},{"@type":"WebSite","@id":"https:\/\/abaa.mx\/tienda\/#website","url":"https:\/\/abaa.mx\/tienda\/","name":"Abaa tienda online","description":"Instrumentos de medici\u00f3n","publisher":{"@id":"https:\/\/abaa.mx\/tienda\/#organization"},"potentialAction":[{"@type":"SearchAction","target":{"@type":"EntryPoint","urlTemplate":"https:\/\/abaa.mx\/tienda\/?s={search_term_string}"},"query-input":{"@type":"PropertyValueSpecification","valueRequired":true,"valueName":"search_term_string"}}],"inLanguage":"es"},{"@type":"Organization","@id":"https:\/\/abaa.mx\/tienda\/#organization","name":"Abaa tienda online","url":"https:\/\/abaa.mx\/tienda\/","logo":{"@type":"ImageObject","inLanguage":"es","@id":"https:\/\/abaa.mx\/tienda\/#\/schema\/logo\/image\/","url":"https:\/\/abaa.mx\/tienda\/wp-content\/uploads\/2024\/01\/abaa-metrologia-tienda.png","contentUrl":"https:\/\/abaa.mx\/tienda\/wp-content\/uploads\/2024\/01\/abaa-metrologia-tienda.png","width":300,"height":141,"caption":"Abaa tienda online"},"image":{"@id":"https:\/\/abaa.mx\/tienda\/#\/schema\/logo\/image\/"}}]}},"_links":{"self":[{"href":"https:\/\/abaa.mx\/tienda\/wp-json\/wp\/v2\/product\/8210","targetHints":{"allow":["GET"]}}],"collection":[{"href":"https:\/\/abaa.mx\/tienda\/wp-json\/wp\/v2\/product"}],"about":[{"href":"https:\/\/abaa.mx\/tienda\/wp-json\/wp\/v2\/types\/product"}],"replies":[{"embeddable":true,"href":"https:\/\/abaa.mx\/tienda\/wp-json\/wp\/v2\/comments?post=8210"}],"wp:featuredmedia":[{"embeddable":true,"href":"https:\/\/abaa.mx\/tienda\/wp-json\/wp\/v2\/media\/8222"}],"wp:attachment":[{"href":"https:\/\/abaa.mx\/tienda\/wp-json\/wp\/v2\/media?parent=8210"}],"wp:term":[{"taxonomy":"product_brand","embeddable":true,"href":"https:\/\/abaa.mx\/tienda\/wp-json\/wp\/v2\/product_brand?post=8210"},{"taxonomy":"product_cat","embeddable":true,"href":"https:\/\/abaa.mx\/tienda\/wp-json\/wp\/v2\/product_cat?post=8210"},{"taxonomy":"product_tag","embeddable":true,"href":"https:\/\/abaa.mx\/tienda\/wp-json\/wp\/v2\/product_tag?post=8210"}],"curies":[{"name":"wp","href":"https:\/\/api.w.org\/{rel}","templated":true}]}}