{"id":8209,"date":"2023-10-30T20:29:34","date_gmt":"2023-10-30T20:29:34","guid":{"rendered":"https:\/\/abaa.mx\/tienda\/?post_type=product&#038;p=8209"},"modified":"2023-10-30T20:29:34","modified_gmt":"2023-10-30T20:29:34","slug":"lx-a-durometro-analogo-shore-a-0-100ha","status":"publish","type":"product","link":"https:\/\/abaa.mx\/tienda\/lx-a-durometro-analogo-shore-a-0-100ha\/","title":{"rendered":"LX-A Dur\u00f3metro An\u00e1logo SHORE A 0-100HA"},"content":{"rendered":"<p>LX-A Dur\u00f3metro An\u00e1logo SHORE A 0-100HA<\/p>\n","protected":false},"excerpt":{"rendered":"<ul>\n<li>La escala del dial es clara y el grado Es m\u00e1s intuitivo y conveniente.<\/li>\n<li>Hecho de material de aleaci\u00f3n, impermeable, no se oxida, mano de obra fina, duradera.<\/li>\n<li>El dispositivo de conexi\u00f3n es m\u00e1s c\u00f3modo de usar con el marco.<\/li>\n<li>Este probador de dureza de goma es una medida de caucho de azufre y productos. pl\u00e1sticos de dureza del instrumento.<\/li>\n<li>F\u00e1cil de usar, medici\u00f3n precisa, f\u00e1cil de llevar, duradero y estable, pr\u00e1ctico y fuerte.<\/li>\n<li>El tipo A es adecuado para caucho general, caucho sint\u00e9tico, caucho suave,cuero, cera.<\/li>\n<\/ul>\n<p><strong>ESPECIFICACIONES T\u00c9CNICAS:<\/strong><\/p>\n<p><span data-spm-anchor-id=\"a2g0o.detail.1000023.i2.19f415caWKRWfX\">Valor del Dial: 0-100 grados<br \/>\nDisparo de la aguja de presi\u00f3n: 0-2,5mm<br \/>\nPresi\u00f3n del extremo de la aguja:<\/span><\/p>\n<p>Tipo A: 0,55 N<br \/>\nPrecisi\u00f3n: 0,1mm<br \/>\nFuerza de prueba: 0,5 N.<\/p>\n<p>&nbsp;<\/p>\n","protected":false},"featured_media":8215,"comment_status":"open","ping_status":"closed","template":"","meta":{"_joinchat":[]},"product_brand":[],"product_cat":[95],"product_tag":[],"class_list":{"0":"post-8209","1":"product","2":"type-product","3":"status-publish","4":"has-post-thumbnail","6":"product_cat-durometro","8":"first","9":"instock","10":"shipping-taxable","11":"product-type-simple"},"yoast_head":"<!-- This site is optimized with the Yoast SEO plugin v26.4 - https:\/\/yoast.com\/wordpress\/plugins\/seo\/ -->\n<title>LX-A Dur\u00f3metro An\u00e1logo SHORE A 0-100HA - Abaa tienda online<\/title>\n<meta name=\"robots\" content=\"index, follow, max-snippet:-1, max-image-preview:large, max-video-preview:-1\" \/>\n<link rel=\"canonical\" href=\"https:\/\/abaa.mx\/tienda\/lx-a-durometro-analogo-shore-a-0-100ha\/\" \/>\n<meta property=\"og:locale\" content=\"es_MX\" \/>\n<meta property=\"og:type\" content=\"article\" \/>\n<meta property=\"og:title\" content=\"LX-A Dur\u00f3metro An\u00e1logo SHORE A 0-100HA - Abaa tienda online\" \/>\n<meta property=\"og:description\" content=\"La escala del dial es clara y el grado Es m\u00e1s intuitivo y conveniente.  Hecho de material de aleaci\u00f3n, impermeable, no se oxida, mano de obra fina, duradera.  El dispositivo de conexi\u00f3n es m\u00e1s c\u00f3modo de usar con el marco.  Este probador de dureza de goma es una medida de caucho de azufre y productos. pl\u00e1sticos de dureza del instrumento.  F\u00e1cil de usar, medici\u00f3n precisa, f\u00e1cil de llevar, duradero y estable, pr\u00e1ctico y fuerte.  El tipo A es adecuado para caucho general, caucho sint\u00e9tico, caucho suave,cuero, cera.  ESPECIFICACIONES T\u00c9CNICAS:  Valor del Dial: 0-100 grados Disparo de la aguja de presi\u00f3n: 0-2,5mm Presi\u00f3n del extremo de la aguja:  Tipo A: 0,55 N Precisi\u00f3n: 0,1mm Fuerza de prueba: 0,5 N.  &nbsp;\" \/>\n<meta property=\"og:url\" content=\"https:\/\/abaa.mx\/tienda\/lx-a-durometro-analogo-shore-a-0-100ha\/\" \/>\n<meta property=\"og:site_name\" content=\"Abaa tienda online\" \/>\n<meta property=\"og:image\" content=\"https:\/\/abaa.mx\/tienda\/wp-content\/uploads\/2023\/10\/ALFAMETRIC-0-100HA.jpg\" \/>\n\t<meta property=\"og:image:width\" content=\"420\" \/>\n\t<meta property=\"og:image:height\" content=\"600\" \/>\n\t<meta property=\"og:image:type\" content=\"image\/jpeg\" \/>\n<meta name=\"twitter:card\" content=\"summary_large_image\" \/>\n<meta name=\"twitter:label1\" content=\"Tiempo de lectura\" \/>\n\t<meta name=\"twitter:data1\" content=\"1 minuto\" \/>\n<script type=\"application\/ld+json\" class=\"yoast-schema-graph\">{\"@context\":\"https:\/\/schema.org\",\"@graph\":[{\"@type\":\"WebPage\",\"@id\":\"https:\/\/abaa.mx\/tienda\/lx-a-durometro-analogo-shore-a-0-100ha\/\",\"url\":\"https:\/\/abaa.mx\/tienda\/lx-a-durometro-analogo-shore-a-0-100ha\/\",\"name\":\"LX-A Dur\u00f3metro An\u00e1logo SHORE A 0-100HA - Abaa tienda online\",\"isPartOf\":{\"@id\":\"https:\/\/abaa.mx\/tienda\/#website\"},\"primaryImageOfPage\":{\"@id\":\"https:\/\/abaa.mx\/tienda\/lx-a-durometro-analogo-shore-a-0-100ha\/#primaryimage\"},\"image\":{\"@id\":\"https:\/\/abaa.mx\/tienda\/lx-a-durometro-analogo-shore-a-0-100ha\/#primaryimage\"},\"thumbnailUrl\":\"https:\/\/abaa.mx\/tienda\/wp-content\/uploads\/2023\/10\/ALFAMETRIC-0-100HA.jpg\",\"datePublished\":\"2023-10-30T20:29:34+00:00\",\"breadcrumb\":{\"@id\":\"https:\/\/abaa.mx\/tienda\/lx-a-durometro-analogo-shore-a-0-100ha\/#breadcrumb\"},\"inLanguage\":\"es\",\"potentialAction\":[{\"@type\":\"ReadAction\",\"target\":[\"https:\/\/abaa.mx\/tienda\/lx-a-durometro-analogo-shore-a-0-100ha\/\"]}]},{\"@type\":\"ImageObject\",\"inLanguage\":\"es\",\"@id\":\"https:\/\/abaa.mx\/tienda\/lx-a-durometro-analogo-shore-a-0-100ha\/#primaryimage\",\"url\":\"https:\/\/abaa.mx\/tienda\/wp-content\/uploads\/2023\/10\/ALFAMETRIC-0-100HA.jpg\",\"contentUrl\":\"https:\/\/abaa.mx\/tienda\/wp-content\/uploads\/2023\/10\/ALFAMETRIC-0-100HA.jpg\",\"width\":420,\"height\":600,\"caption\":\"ALFAMETRIC 0-100HA\"},{\"@type\":\"BreadcrumbList\",\"@id\":\"https:\/\/abaa.mx\/tienda\/lx-a-durometro-analogo-shore-a-0-100ha\/#breadcrumb\",\"itemListElement\":[{\"@type\":\"ListItem\",\"position\":1,\"name\":\"Inicio\",\"item\":\"https:\/\/abaa.mx\/tienda\/\"},{\"@type\":\"ListItem\",\"position\":2,\"name\":\"Tienda\",\"item\":\"https:\/\/abaa.mx\/tienda\/\"},{\"@type\":\"ListItem\",\"position\":3,\"name\":\"LX-A Dur\u00f3metro An\u00e1logo SHORE A 0-100HA\"}]},{\"@type\":\"WebSite\",\"@id\":\"https:\/\/abaa.mx\/tienda\/#website\",\"url\":\"https:\/\/abaa.mx\/tienda\/\",\"name\":\"Abaa tienda online\",\"description\":\"Instrumentos de medici\u00f3n\",\"publisher\":{\"@id\":\"https:\/\/abaa.mx\/tienda\/#organization\"},\"potentialAction\":[{\"@type\":\"SearchAction\",\"target\":{\"@type\":\"EntryPoint\",\"urlTemplate\":\"https:\/\/abaa.mx\/tienda\/?s={search_term_string}\"},\"query-input\":{\"@type\":\"PropertyValueSpecification\",\"valueRequired\":true,\"valueName\":\"search_term_string\"}}],\"inLanguage\":\"es\"},{\"@type\":\"Organization\",\"@id\":\"https:\/\/abaa.mx\/tienda\/#organization\",\"name\":\"Abaa tienda online\",\"url\":\"https:\/\/abaa.mx\/tienda\/\",\"logo\":{\"@type\":\"ImageObject\",\"inLanguage\":\"es\",\"@id\":\"https:\/\/abaa.mx\/tienda\/#\/schema\/logo\/image\/\",\"url\":\"https:\/\/abaa.mx\/tienda\/wp-content\/uploads\/2024\/01\/abaa-metrologia-tienda.png\",\"contentUrl\":\"https:\/\/abaa.mx\/tienda\/wp-content\/uploads\/2024\/01\/abaa-metrologia-tienda.png\",\"width\":300,\"height\":141,\"caption\":\"Abaa tienda online\"},\"image\":{\"@id\":\"https:\/\/abaa.mx\/tienda\/#\/schema\/logo\/image\/\"}}]}<\/script>\n<!-- \/ Yoast SEO plugin. -->","yoast_head_json":{"title":"LX-A Dur\u00f3metro An\u00e1logo SHORE A 0-100HA - Abaa tienda online","robots":{"index":"index","follow":"follow","max-snippet":"max-snippet:-1","max-image-preview":"max-image-preview:large","max-video-preview":"max-video-preview:-1"},"canonical":"https:\/\/abaa.mx\/tienda\/lx-a-durometro-analogo-shore-a-0-100ha\/","og_locale":"es_MX","og_type":"article","og_title":"LX-A Dur\u00f3metro An\u00e1logo SHORE A 0-100HA - Abaa tienda online","og_description":"La escala del dial es clara y el grado Es m\u00e1s intuitivo y conveniente.  Hecho de material de aleaci\u00f3n, impermeable, no se oxida, mano de obra fina, duradera.  El dispositivo de conexi\u00f3n es m\u00e1s c\u00f3modo de usar con el marco.  Este probador de dureza de goma es una medida de caucho de azufre y productos. pl\u00e1sticos de dureza del instrumento.  F\u00e1cil de usar, medici\u00f3n precisa, f\u00e1cil de llevar, duradero y estable, pr\u00e1ctico y fuerte.  El tipo A es adecuado para caucho general, caucho sint\u00e9tico, caucho suave,cuero, cera.  ESPECIFICACIONES T\u00c9CNICAS:  Valor del Dial: 0-100 grados Disparo de la aguja de presi\u00f3n: 0-2,5mm Presi\u00f3n del extremo de la aguja:  Tipo A: 0,55 N Precisi\u00f3n: 0,1mm Fuerza de prueba: 0,5 N.  &nbsp;","og_url":"https:\/\/abaa.mx\/tienda\/lx-a-durometro-analogo-shore-a-0-100ha\/","og_site_name":"Abaa tienda online","og_image":[{"width":420,"height":600,"url":"https:\/\/abaa.mx\/tienda\/wp-content\/uploads\/2023\/10\/ALFAMETRIC-0-100HA.jpg","type":"image\/jpeg"}],"twitter_card":"summary_large_image","twitter_misc":{"Tiempo de lectura":"1 minuto"},"schema":{"@context":"https:\/\/schema.org","@graph":[{"@type":"WebPage","@id":"https:\/\/abaa.mx\/tienda\/lx-a-durometro-analogo-shore-a-0-100ha\/","url":"https:\/\/abaa.mx\/tienda\/lx-a-durometro-analogo-shore-a-0-100ha\/","name":"LX-A Dur\u00f3metro An\u00e1logo SHORE A 0-100HA - Abaa tienda online","isPartOf":{"@id":"https:\/\/abaa.mx\/tienda\/#website"},"primaryImageOfPage":{"@id":"https:\/\/abaa.mx\/tienda\/lx-a-durometro-analogo-shore-a-0-100ha\/#primaryimage"},"image":{"@id":"https:\/\/abaa.mx\/tienda\/lx-a-durometro-analogo-shore-a-0-100ha\/#primaryimage"},"thumbnailUrl":"https:\/\/abaa.mx\/tienda\/wp-content\/uploads\/2023\/10\/ALFAMETRIC-0-100HA.jpg","datePublished":"2023-10-30T20:29:34+00:00","breadcrumb":{"@id":"https:\/\/abaa.mx\/tienda\/lx-a-durometro-analogo-shore-a-0-100ha\/#breadcrumb"},"inLanguage":"es","potentialAction":[{"@type":"ReadAction","target":["https:\/\/abaa.mx\/tienda\/lx-a-durometro-analogo-shore-a-0-100ha\/"]}]},{"@type":"ImageObject","inLanguage":"es","@id":"https:\/\/abaa.mx\/tienda\/lx-a-durometro-analogo-shore-a-0-100ha\/#primaryimage","url":"https:\/\/abaa.mx\/tienda\/wp-content\/uploads\/2023\/10\/ALFAMETRIC-0-100HA.jpg","contentUrl":"https:\/\/abaa.mx\/tienda\/wp-content\/uploads\/2023\/10\/ALFAMETRIC-0-100HA.jpg","width":420,"height":600,"caption":"ALFAMETRIC 0-100HA"},{"@type":"BreadcrumbList","@id":"https:\/\/abaa.mx\/tienda\/lx-a-durometro-analogo-shore-a-0-100ha\/#breadcrumb","itemListElement":[{"@type":"ListItem","position":1,"name":"Inicio","item":"https:\/\/abaa.mx\/tienda\/"},{"@type":"ListItem","position":2,"name":"Tienda","item":"https:\/\/abaa.mx\/tienda\/"},{"@type":"ListItem","position":3,"name":"LX-A Dur\u00f3metro An\u00e1logo SHORE A 0-100HA"}]},{"@type":"WebSite","@id":"https:\/\/abaa.mx\/tienda\/#website","url":"https:\/\/abaa.mx\/tienda\/","name":"Abaa tienda online","description":"Instrumentos de medici\u00f3n","publisher":{"@id":"https:\/\/abaa.mx\/tienda\/#organization"},"potentialAction":[{"@type":"SearchAction","target":{"@type":"EntryPoint","urlTemplate":"https:\/\/abaa.mx\/tienda\/?s={search_term_string}"},"query-input":{"@type":"PropertyValueSpecification","valueRequired":true,"valueName":"search_term_string"}}],"inLanguage":"es"},{"@type":"Organization","@id":"https:\/\/abaa.mx\/tienda\/#organization","name":"Abaa tienda online","url":"https:\/\/abaa.mx\/tienda\/","logo":{"@type":"ImageObject","inLanguage":"es","@id":"https:\/\/abaa.mx\/tienda\/#\/schema\/logo\/image\/","url":"https:\/\/abaa.mx\/tienda\/wp-content\/uploads\/2024\/01\/abaa-metrologia-tienda.png","contentUrl":"https:\/\/abaa.mx\/tienda\/wp-content\/uploads\/2024\/01\/abaa-metrologia-tienda.png","width":300,"height":141,"caption":"Abaa tienda online"},"image":{"@id":"https:\/\/abaa.mx\/tienda\/#\/schema\/logo\/image\/"}}]}},"_links":{"self":[{"href":"https:\/\/abaa.mx\/tienda\/wp-json\/wp\/v2\/product\/8209","targetHints":{"allow":["GET"]}}],"collection":[{"href":"https:\/\/abaa.mx\/tienda\/wp-json\/wp\/v2\/product"}],"about":[{"href":"https:\/\/abaa.mx\/tienda\/wp-json\/wp\/v2\/types\/product"}],"replies":[{"embeddable":true,"href":"https:\/\/abaa.mx\/tienda\/wp-json\/wp\/v2\/comments?post=8209"}],"wp:featuredmedia":[{"embeddable":true,"href":"https:\/\/abaa.mx\/tienda\/wp-json\/wp\/v2\/media\/8215"}],"wp:attachment":[{"href":"https:\/\/abaa.mx\/tienda\/wp-json\/wp\/v2\/media?parent=8209"}],"wp:term":[{"taxonomy":"product_brand","embeddable":true,"href":"https:\/\/abaa.mx\/tienda\/wp-json\/wp\/v2\/product_brand?post=8209"},{"taxonomy":"product_cat","embeddable":true,"href":"https:\/\/abaa.mx\/tienda\/wp-json\/wp\/v2\/product_cat?post=8209"},{"taxonomy":"product_tag","embeddable":true,"href":"https:\/\/abaa.mx\/tienda\/wp-json\/wp\/v2\/product_tag?post=8209"}],"curies":[{"name":"wp","href":"https:\/\/api.w.org\/{rel}","templated":true}]}}