{"id":8208,"date":"2023-10-30T20:26:04","date_gmt":"2023-10-30T20:26:04","guid":{"rendered":"https:\/\/abaa.mx\/tienda\/?post_type=product&#038;p=8208"},"modified":"2023-10-30T20:26:05","modified_gmt":"2023-10-30T20:26:05","slug":"durometro-analogo-para-arena-sys-b","status":"publish","type":"product","link":"https:\/\/abaa.mx\/tienda\/durometro-analogo-para-arena-sys-b\/","title":{"rendered":"Dur\u00f3metro Analogo para Arena SYS-B"},"content":{"rendered":"<p>Dur\u00f3metro Analogo para Arena SYS-B<\/p>\n","protected":false},"excerpt":{"rendered":"<h3>Caracter\u00edsticas del producto:<\/h3>\n<p>Tipo B: aplicable a la prueba de dureza superficial manual o mec\u00e1nica de moldeo a baja y media presi\u00f3n de arena fina y gruesa (n\u00facleo).<\/p>\n<p>Modelo C: se aplica a la prueba de dureza de la superficie de arena de moldeo a alta presi\u00f3n.<\/p>\n<p>Entre ellos, el modelo m\u00e1s empleado es B, y los otros 2 modelos deben solicitarse.<\/p>\n<p>Seg\u00fan con el principio de que la fuerza del resorte es lineal con la carrera, la distancia de la carrera se expresa por el puntero de \u00e1rea a trav\u00e9s de la transmisi\u00f3n de un grupo de engranajes y estantes.<\/p>\n<p>Se usa para saber la dureza de la \u00e1rea de la arena h\u00fameda del molde (n\u00facleo) y proporcionar factores t\u00e9cnicos para desarrollar el desarrollo de moldeo.<\/p>\n<p>Tipo A: se aplica A la prueba de dureza superficial manual o mec\u00e1nica de moldeo A baja y media presi\u00f3n de arena fina (n\u00facleo).<\/p>\n<p>A. Prueba de dureza de la \u00e1rea de la arena La unidad de tipo es (g\/mm2), pero por norma general no se expresa en entidades sino que se expresa en dureza. Gracias a que sus valores de cantidad est\u00e1n relacionados y son consistentes , los valores de dureza son grandes en el momento en que el valor unitario es grande (g\/mm2).<\/p>\n<p>La determinaci\u00f3n se hizo de 3 a 5 veces por ensayo, y luego se calcul\u00f3 el n\u00famero promedio, tal como la dureza de la parte.<\/p>\n<p>La dureza superficial del molde de arena se califica como: AB, C, tres modelos, de los que :<\/p>\n<p>Ajuste el bit 0, cuando el puntero no est\u00e9 en el bit 0, gire el anillo de ajuste a fin de que el puntero sea 0.<\/p>\n<p>En el momento en que se emplea , la dureza se presiona en la arena en el chato de prueba (dureza del eje de la \u00e1rea para ser perpendicular al plano de la arena),. Medidor de dureza de arena chato y contacto pr\u00f3ximo , el puntero se detiene a un cierto valor, presione el pin de bloqueo para bloquear ,. La lectura prueba un valor fijo y despu\u00e9s suelta el pin de bloqueo para que el puntero responda 0.<\/p>\n<p>Procedimiento de empleo<\/p>\n<h3 align=\"left\">Par\u00e1metro t\u00e9cnico:<\/h3>\n<div class=\"scrollable-wrapper\">\n<table border=\"1\" cellspacing=\"0\" cellpadding=\"0\" align=\"start\">\n<tbody>\n<tr>\n<td>\n<p align=\"left\">Modelo a escala<\/p>\n<\/td>\n<td>\n<p align=\"left\">Tipo A<\/p>\n<\/td>\n<td>\n<p align=\"left\">Tipo B<\/p>\n<\/td>\n<td>\n<p align=\"left\">Tipo C<\/p>\n<\/td>\n<\/tr>\n<tr>\n<td>\n<p align=\"left\">Carrera de compresi\u00f3n<\/p>\n<\/td>\n<td>\n<p align=\"left\">2,50mm<\/p>\n<\/td>\n<td>\n<p align=\"left\">2,50mm<\/p>\n<\/td>\n<td>\n<p align=\"left\">2,50mm<\/p>\n<\/td>\n<\/tr>\n<tr>\n<td>\n<p align=\"left\">Carga m\u00e1xima<\/p>\n<\/td>\n<td>\n<p align=\"left\">237g<\/p>\n<\/td>\n<td>\n<p align=\"left\">980G<\/p>\n<\/td>\n<td>\n<p align=\"left\">1500g<\/p>\n<\/td>\n<\/tr>\n<tr>\n<td>\n<p align=\"left\">Carga bajo presi\u00f3n<\/p>\n<\/td>\n<td>\n<p align=\"left\">90g<\/p>\n<\/td>\n<td>\n<p align=\"left\">50g<\/p>\n<\/td>\n<td>\n<p align=\"left\">180g<\/p>\n<\/td>\n<\/tr>\n<tr>\n<td>\n<p align=\"left\">Forma y tama\u00f1o de la cabeza<\/p>\n<\/td>\n<td>\n<p align=\"left\">Bola R2.50<\/p>\n<\/td>\n<td>\n<p align=\"left\">Bola R12.70<\/p>\n<\/td>\n<td>\n<p align=\"left\">Bola R1.20<\/p>\n<\/td>\n<\/tr>\n<tr>\n<td rowspan=\"2\">\n<p align=\"left\">Precisi\u00f3n del producto<\/p>\n<\/td>\n<td colspan=\"3\">\n<p align=\"left\">Cuando el puntero est\u00e1 en cualquier valor, la fuerza relativa del Cabezal de presi\u00f3n es igual a + 5%<\/p>\n<\/td>\n<\/tr>\n<tr>\n<td colspan=\"3\">\n<p align=\"left\">Cuando el puntero vuelve al bit 0, la tolerancia es de 1 grados.<\/p>\n<\/td>\n<\/tr>\n<\/tbody>\n<\/table>\n<\/div>\n","protected":false},"featured_media":8214,"comment_status":"open","ping_status":"closed","template":"","meta":{"_joinchat":[]},"product_brand":[],"product_cat":[95],"product_tag":[],"class_list":{"0":"post-8208","1":"product","2":"type-product","3":"status-publish","4":"has-post-thumbnail","6":"product_cat-durometro","8":"first","9":"instock","10":"shipping-taxable","11":"product-type-simple"},"yoast_head":"<!-- This site is optimized with the Yoast SEO plugin v26.4 - https:\/\/yoast.com\/wordpress\/plugins\/seo\/ -->\n<title>Dur\u00f3metro Analogo para Arena SYS-B - Abaa tienda online<\/title>\n<meta name=\"robots\" content=\"index, follow, max-snippet:-1, max-image-preview:large, max-video-preview:-1\" \/>\n<link rel=\"canonical\" href=\"https:\/\/abaa.mx\/tienda\/durometro-analogo-para-arena-sys-b\/\" \/>\n<meta property=\"og:locale\" content=\"es_MX\" \/>\n<meta property=\"og:type\" content=\"article\" \/>\n<meta property=\"og:title\" content=\"Dur\u00f3metro Analogo para Arena SYS-B - Abaa tienda online\" \/>\n<meta property=\"og:description\" content=\"Caracter\u00edsticas del producto: Tipo B: aplicable a la prueba de dureza superficial manual o mec\u00e1nica de moldeo a baja y media presi\u00f3n de arena fina y gruesa (n\u00facleo).  Modelo C: se aplica a la prueba de dureza de la superficie de arena de moldeo a alta presi\u00f3n.  Entre ellos, el modelo m\u00e1s empleado es B, y los otros 2 modelos deben solicitarse.  Seg\u00fan con el principio de que la fuerza del resorte es lineal con la carrera, la distancia de la carrera se expresa por el puntero de \u00e1rea a trav\u00e9s de la transmisi\u00f3n de un grupo de engranajes y estantes.  Se usa para saber la dureza de la \u00e1rea de la arena h\u00fameda del molde (n\u00facleo) y proporcionar factores t\u00e9cnicos para desarrollar el desarrollo de moldeo.  Tipo A: se aplica A la prueba de dureza superficial manual o mec\u00e1nica de moldeo A baja y media presi\u00f3n de arena fina (n\u00facleo).  A. Prueba de dureza de la \u00e1rea de la arena La unidad de tipo es (g\/mm2), pero por norma general no se expresa en entidades sino que se expresa en dureza. Gracias a que sus valores de cantidad est\u00e1n relacionados y son consistentes , los valores de dureza son grandes en el momento en que el valor unitario es grande (g\/mm2).  La determinaci\u00f3n se hizo de 3 a 5 veces por ensayo, y luego se calcul\u00f3 el n\u00famero promedio, tal como la dureza de la parte.  La dureza superficial del molde de arena se califica como: AB, C, tres modelos, de los que :  Ajuste el bit 0, cuando el puntero no est\u00e9 en el bit 0, gire el anillo de ajuste a fin de que el puntero sea 0.  En el momento en que se emplea , la dureza se presiona en la arena en el chato de prueba (dureza del eje de la \u00e1rea para ser perpendicular al plano de la arena),. Medidor de dureza de arena chato y contacto pr\u00f3ximo , el puntero se detiene a un cierto valor, presione el pin de bloqueo para bloquear ,. La lectura prueba un valor fijo y despu\u00e9s suelta el pin de bloqueo para que el puntero responda 0.  Procedimiento de empleo Par\u00e1metro t\u00e9cnico:      Modelo a escala   Tipo A   Tipo B   Tipo C     Carrera de compresi\u00f3n   2,50mm   2,50mm   2,50mm     Carga m\u00e1xima   237g   980G   1500g     Carga bajo presi\u00f3n   90g   50g   180g     Forma y tama\u00f1o de la cabeza   Bola R2.50   Bola R12.70   Bola R1.20     Precisi\u00f3n del producto   Cuando el puntero est\u00e1 en cualquier valor, la fuerza relativa del Cabezal de presi\u00f3n es igual a + 5%     Cuando el puntero vuelve al bit 0, la tolerancia es de 1 grados.\" \/>\n<meta property=\"og:url\" content=\"https:\/\/abaa.mx\/tienda\/durometro-analogo-para-arena-sys-b\/\" \/>\n<meta property=\"og:site_name\" content=\"Abaa tienda online\" \/>\n<meta property=\"article:modified_time\" content=\"2023-10-30T20:26:05+00:00\" \/>\n<meta property=\"og:image\" content=\"https:\/\/abaa.mx\/tienda\/wp-content\/uploads\/2023\/10\/ALFAMETRIC-SYS-B-1.jpg\" \/>\n\t<meta property=\"og:image:width\" content=\"411\" \/>\n\t<meta property=\"og:image:height\" content=\"603\" \/>\n\t<meta property=\"og:image:type\" content=\"image\/jpeg\" \/>\n<meta name=\"twitter:card\" content=\"summary_large_image\" \/>\n<meta name=\"twitter:label1\" content=\"Tiempo de lectura\" \/>\n\t<meta name=\"twitter:data1\" content=\"1 minuto\" \/>\n<script type=\"application\/ld+json\" class=\"yoast-schema-graph\">{\"@context\":\"https:\/\/schema.org\",\"@graph\":[{\"@type\":\"WebPage\",\"@id\":\"https:\/\/abaa.mx\/tienda\/durometro-analogo-para-arena-sys-b\/\",\"url\":\"https:\/\/abaa.mx\/tienda\/durometro-analogo-para-arena-sys-b\/\",\"name\":\"Dur\u00f3metro Analogo para Arena SYS-B - Abaa tienda online\",\"isPartOf\":{\"@id\":\"https:\/\/abaa.mx\/tienda\/#website\"},\"primaryImageOfPage\":{\"@id\":\"https:\/\/abaa.mx\/tienda\/durometro-analogo-para-arena-sys-b\/#primaryimage\"},\"image\":{\"@id\":\"https:\/\/abaa.mx\/tienda\/durometro-analogo-para-arena-sys-b\/#primaryimage\"},\"thumbnailUrl\":\"https:\/\/abaa.mx\/tienda\/wp-content\/uploads\/2023\/10\/ALFAMETRIC-SYS-B-1.jpg\",\"datePublished\":\"2023-10-30T20:26:04+00:00\",\"dateModified\":\"2023-10-30T20:26:05+00:00\",\"breadcrumb\":{\"@id\":\"https:\/\/abaa.mx\/tienda\/durometro-analogo-para-arena-sys-b\/#breadcrumb\"},\"inLanguage\":\"es\",\"potentialAction\":[{\"@type\":\"ReadAction\",\"target\":[\"https:\/\/abaa.mx\/tienda\/durometro-analogo-para-arena-sys-b\/\"]}]},{\"@type\":\"ImageObject\",\"inLanguage\":\"es\",\"@id\":\"https:\/\/abaa.mx\/tienda\/durometro-analogo-para-arena-sys-b\/#primaryimage\",\"url\":\"https:\/\/abaa.mx\/tienda\/wp-content\/uploads\/2023\/10\/ALFAMETRIC-SYS-B-1.jpg\",\"contentUrl\":\"https:\/\/abaa.mx\/tienda\/wp-content\/uploads\/2023\/10\/ALFAMETRIC-SYS-B-1.jpg\",\"width\":411,\"height\":603,\"caption\":\"ALFAMETRIC SYS-B\"},{\"@type\":\"BreadcrumbList\",\"@id\":\"https:\/\/abaa.mx\/tienda\/durometro-analogo-para-arena-sys-b\/#breadcrumb\",\"itemListElement\":[{\"@type\":\"ListItem\",\"position\":1,\"name\":\"Inicio\",\"item\":\"https:\/\/abaa.mx\/tienda\/\"},{\"@type\":\"ListItem\",\"position\":2,\"name\":\"Tienda\",\"item\":\"https:\/\/abaa.mx\/tienda\/\"},{\"@type\":\"ListItem\",\"position\":3,\"name\":\"Dur\u00f3metro Analogo para Arena SYS-B\"}]},{\"@type\":\"WebSite\",\"@id\":\"https:\/\/abaa.mx\/tienda\/#website\",\"url\":\"https:\/\/abaa.mx\/tienda\/\",\"name\":\"Abaa tienda online\",\"description\":\"Instrumentos de medici\u00f3n\",\"publisher\":{\"@id\":\"https:\/\/abaa.mx\/tienda\/#organization\"},\"potentialAction\":[{\"@type\":\"SearchAction\",\"target\":{\"@type\":\"EntryPoint\",\"urlTemplate\":\"https:\/\/abaa.mx\/tienda\/?s={search_term_string}\"},\"query-input\":{\"@type\":\"PropertyValueSpecification\",\"valueRequired\":true,\"valueName\":\"search_term_string\"}}],\"inLanguage\":\"es\"},{\"@type\":\"Organization\",\"@id\":\"https:\/\/abaa.mx\/tienda\/#organization\",\"name\":\"Abaa tienda online\",\"url\":\"https:\/\/abaa.mx\/tienda\/\",\"logo\":{\"@type\":\"ImageObject\",\"inLanguage\":\"es\",\"@id\":\"https:\/\/abaa.mx\/tienda\/#\/schema\/logo\/image\/\",\"url\":\"https:\/\/abaa.mx\/tienda\/wp-content\/uploads\/2024\/01\/abaa-metrologia-tienda.png\",\"contentUrl\":\"https:\/\/abaa.mx\/tienda\/wp-content\/uploads\/2024\/01\/abaa-metrologia-tienda.png\",\"width\":300,\"height\":141,\"caption\":\"Abaa tienda online\"},\"image\":{\"@id\":\"https:\/\/abaa.mx\/tienda\/#\/schema\/logo\/image\/\"}}]}<\/script>\n<!-- \/ Yoast SEO plugin. -->","yoast_head_json":{"title":"Dur\u00f3metro Analogo para Arena SYS-B - Abaa tienda online","robots":{"index":"index","follow":"follow","max-snippet":"max-snippet:-1","max-image-preview":"max-image-preview:large","max-video-preview":"max-video-preview:-1"},"canonical":"https:\/\/abaa.mx\/tienda\/durometro-analogo-para-arena-sys-b\/","og_locale":"es_MX","og_type":"article","og_title":"Dur\u00f3metro Analogo para Arena SYS-B - Abaa tienda online","og_description":"Caracter\u00edsticas del producto: Tipo B: aplicable a la prueba de dureza superficial manual o mec\u00e1nica de moldeo a baja y media presi\u00f3n de arena fina y gruesa (n\u00facleo).  Modelo C: se aplica a la prueba de dureza de la superficie de arena de moldeo a alta presi\u00f3n.  Entre ellos, el modelo m\u00e1s empleado es B, y los otros 2 modelos deben solicitarse.  Seg\u00fan con el principio de que la fuerza del resorte es lineal con la carrera, la distancia de la carrera se expresa por el puntero de \u00e1rea a trav\u00e9s de la transmisi\u00f3n de un grupo de engranajes y estantes.  Se usa para saber la dureza de la \u00e1rea de la arena h\u00fameda del molde (n\u00facleo) y proporcionar factores t\u00e9cnicos para desarrollar el desarrollo de moldeo.  Tipo A: se aplica A la prueba de dureza superficial manual o mec\u00e1nica de moldeo A baja y media presi\u00f3n de arena fina (n\u00facleo).  A. Prueba de dureza de la \u00e1rea de la arena La unidad de tipo es (g\/mm2), pero por norma general no se expresa en entidades sino que se expresa en dureza. Gracias a que sus valores de cantidad est\u00e1n relacionados y son consistentes , los valores de dureza son grandes en el momento en que el valor unitario es grande (g\/mm2).  La determinaci\u00f3n se hizo de 3 a 5 veces por ensayo, y luego se calcul\u00f3 el n\u00famero promedio, tal como la dureza de la parte.  La dureza superficial del molde de arena se califica como: AB, C, tres modelos, de los que :  Ajuste el bit 0, cuando el puntero no est\u00e9 en el bit 0, gire el anillo de ajuste a fin de que el puntero sea 0.  En el momento en que se emplea , la dureza se presiona en la arena en el chato de prueba (dureza del eje de la \u00e1rea para ser perpendicular al plano de la arena),. Medidor de dureza de arena chato y contacto pr\u00f3ximo , el puntero se detiene a un cierto valor, presione el pin de bloqueo para bloquear ,. La lectura prueba un valor fijo y despu\u00e9s suelta el pin de bloqueo para que el puntero responda 0.  Procedimiento de empleo Par\u00e1metro t\u00e9cnico:      Modelo a escala   Tipo A   Tipo B   Tipo C     Carrera de compresi\u00f3n   2,50mm   2,50mm   2,50mm     Carga m\u00e1xima   237g   980G   1500g     Carga bajo presi\u00f3n   90g   50g   180g     Forma y tama\u00f1o de la cabeza   Bola R2.50   Bola R12.70   Bola R1.20     Precisi\u00f3n del producto   Cuando el puntero est\u00e1 en cualquier valor, la fuerza relativa del Cabezal de presi\u00f3n es igual a + 5%     Cuando el puntero vuelve al bit 0, la tolerancia es de 1 grados.","og_url":"https:\/\/abaa.mx\/tienda\/durometro-analogo-para-arena-sys-b\/","og_site_name":"Abaa tienda online","article_modified_time":"2023-10-30T20:26:05+00:00","og_image":[{"width":411,"height":603,"url":"https:\/\/abaa.mx\/tienda\/wp-content\/uploads\/2023\/10\/ALFAMETRIC-SYS-B-1.jpg","type":"image\/jpeg"}],"twitter_card":"summary_large_image","twitter_misc":{"Tiempo de lectura":"1 minuto"},"schema":{"@context":"https:\/\/schema.org","@graph":[{"@type":"WebPage","@id":"https:\/\/abaa.mx\/tienda\/durometro-analogo-para-arena-sys-b\/","url":"https:\/\/abaa.mx\/tienda\/durometro-analogo-para-arena-sys-b\/","name":"Dur\u00f3metro Analogo para Arena SYS-B - Abaa tienda online","isPartOf":{"@id":"https:\/\/abaa.mx\/tienda\/#website"},"primaryImageOfPage":{"@id":"https:\/\/abaa.mx\/tienda\/durometro-analogo-para-arena-sys-b\/#primaryimage"},"image":{"@id":"https:\/\/abaa.mx\/tienda\/durometro-analogo-para-arena-sys-b\/#primaryimage"},"thumbnailUrl":"https:\/\/abaa.mx\/tienda\/wp-content\/uploads\/2023\/10\/ALFAMETRIC-SYS-B-1.jpg","datePublished":"2023-10-30T20:26:04+00:00","dateModified":"2023-10-30T20:26:05+00:00","breadcrumb":{"@id":"https:\/\/abaa.mx\/tienda\/durometro-analogo-para-arena-sys-b\/#breadcrumb"},"inLanguage":"es","potentialAction":[{"@type":"ReadAction","target":["https:\/\/abaa.mx\/tienda\/durometro-analogo-para-arena-sys-b\/"]}]},{"@type":"ImageObject","inLanguage":"es","@id":"https:\/\/abaa.mx\/tienda\/durometro-analogo-para-arena-sys-b\/#primaryimage","url":"https:\/\/abaa.mx\/tienda\/wp-content\/uploads\/2023\/10\/ALFAMETRIC-SYS-B-1.jpg","contentUrl":"https:\/\/abaa.mx\/tienda\/wp-content\/uploads\/2023\/10\/ALFAMETRIC-SYS-B-1.jpg","width":411,"height":603,"caption":"ALFAMETRIC SYS-B"},{"@type":"BreadcrumbList","@id":"https:\/\/abaa.mx\/tienda\/durometro-analogo-para-arena-sys-b\/#breadcrumb","itemListElement":[{"@type":"ListItem","position":1,"name":"Inicio","item":"https:\/\/abaa.mx\/tienda\/"},{"@type":"ListItem","position":2,"name":"Tienda","item":"https:\/\/abaa.mx\/tienda\/"},{"@type":"ListItem","position":3,"name":"Dur\u00f3metro Analogo para Arena SYS-B"}]},{"@type":"WebSite","@id":"https:\/\/abaa.mx\/tienda\/#website","url":"https:\/\/abaa.mx\/tienda\/","name":"Abaa tienda online","description":"Instrumentos de medici\u00f3n","publisher":{"@id":"https:\/\/abaa.mx\/tienda\/#organization"},"potentialAction":[{"@type":"SearchAction","target":{"@type":"EntryPoint","urlTemplate":"https:\/\/abaa.mx\/tienda\/?s={search_term_string}"},"query-input":{"@type":"PropertyValueSpecification","valueRequired":true,"valueName":"search_term_string"}}],"inLanguage":"es"},{"@type":"Organization","@id":"https:\/\/abaa.mx\/tienda\/#organization","name":"Abaa tienda online","url":"https:\/\/abaa.mx\/tienda\/","logo":{"@type":"ImageObject","inLanguage":"es","@id":"https:\/\/abaa.mx\/tienda\/#\/schema\/logo\/image\/","url":"https:\/\/abaa.mx\/tienda\/wp-content\/uploads\/2024\/01\/abaa-metrologia-tienda.png","contentUrl":"https:\/\/abaa.mx\/tienda\/wp-content\/uploads\/2024\/01\/abaa-metrologia-tienda.png","width":300,"height":141,"caption":"Abaa tienda online"},"image":{"@id":"https:\/\/abaa.mx\/tienda\/#\/schema\/logo\/image\/"}}]}},"_links":{"self":[{"href":"https:\/\/abaa.mx\/tienda\/wp-json\/wp\/v2\/product\/8208","targetHints":{"allow":["GET"]}}],"collection":[{"href":"https:\/\/abaa.mx\/tienda\/wp-json\/wp\/v2\/product"}],"about":[{"href":"https:\/\/abaa.mx\/tienda\/wp-json\/wp\/v2\/types\/product"}],"replies":[{"embeddable":true,"href":"https:\/\/abaa.mx\/tienda\/wp-json\/wp\/v2\/comments?post=8208"}],"wp:featuredmedia":[{"embeddable":true,"href":"https:\/\/abaa.mx\/tienda\/wp-json\/wp\/v2\/media\/8214"}],"wp:attachment":[{"href":"https:\/\/abaa.mx\/tienda\/wp-json\/wp\/v2\/media?parent=8208"}],"wp:term":[{"taxonomy":"product_brand","embeddable":true,"href":"https:\/\/abaa.mx\/tienda\/wp-json\/wp\/v2\/product_brand?post=8208"},{"taxonomy":"product_cat","embeddable":true,"href":"https:\/\/abaa.mx\/tienda\/wp-json\/wp\/v2\/product_cat?post=8208"},{"taxonomy":"product_tag","embeddable":true,"href":"https:\/\/abaa.mx\/tienda\/wp-json\/wp\/v2\/product_tag?post=8208"}],"curies":[{"name":"wp","href":"https:\/\/api.w.org\/{rel}","templated":true}]}}