{"id":8206,"date":"2023-10-30T20:18:02","date_gmt":"2023-10-30T20:18:02","guid":{"rendered":"https:\/\/abaa.mx\/tienda\/?post_type=product&#038;p=8206"},"modified":"2023-11-14T19:55:46","modified_gmt":"2023-11-14T19:55:46","slug":"elitech-loget-1-registrador-de-datos-de-temperatura","status":"publish","type":"product","link":"https:\/\/abaa.mx\/tienda\/elitech-loget-1-registrador-de-datos-de-temperatura\/","title":{"rendered":"Elitech loget 1 registrador de datos de temperatura"},"content":{"rendered":"<p>LogEt 1 es un registrador de datos de temperatura de un solo uso con un termistor NTC interno. El dise\u00f1o simple hace que LogEt 1 sea una opci\u00f3n perfecta para los procesos de gesti\u00f3n de la cadena de fr\u00edo. Es un registrador de datos LCD de baja potencia con un conector USB que tiene acceso r\u00e1pido al informe de datos PDF sin ning\u00fan software ni cable.<\/p>\n<p>&nbsp;<\/p>\n<p><strong>Caracter\u00edsticas<\/strong>:<\/p>\n<ul class=\"a-unordered-list a-vertical a-spacing-none\">\n<li><span class=\"a-list-item\">Registrador de datos de temperatura de un solo uso con pantalla LCD, f\u00e1cil de configurar a trav\u00e9s del software Elitechlog.<\/span><\/li>\n<li><span class=\"a-list-item\">Una gran capacidad de memoria de 16.000 lecturas, informe PDF generado autom\u00e1ticamente<\/span><\/li>\n<li><span class=\"a-list-item\">Alta sensibilidad con una resoluci\u00f3n de 0,1<\/span><\/li>\n<li><span class=\"a-list-item\">Un amplio rango de temperatura (-30\u00b0~70\u00b0\/-22 \u0308H~158 \u0308H), precisi\u00f3n \u00a1\u00c00.5\u00a1\u00e6\/\u00a1\u00c00.6 \u0308H<\/span><\/li>\n<li><span class=\"a-list-item\">F\u00e1cil de operar, resistente al agua IP67.<\/span><\/li>\n<\/ul>\n<p>&nbsp;<\/p>\n<p><strong>Funciones<\/strong>:<\/p>\n<ul class=\"a-unordered-list a-vertical a-spacing-none\">\n<li><span class=\"a-list-item\">Registrador de datos de un solo uso! Adopta un sensor de luz, temperatura y humedad con mayor precisi\u00f3n, hasta 3.<\/span><\/li>\n<li><span class=\"a-list-item\">Configuraci\u00f3n en l\u00ednea sin software: Registrador de datos s\u00faper r\u00e1pido y f\u00e1cil de configurar a trav\u00e9s del enlace del sitio web de Elitech, NO es necesario instalar ning\u00fan software.<\/span><\/li>\n<li><span class=\"a-list-item\">Potente indicaci\u00f3n LCD: Proporciona toda la informaci\u00f3n clave para las grabaciones, incluido el estado de la alarma, las estad\u00edsticas de temperatura, etc.<\/span><\/li>\n<li><span class=\"a-list-item\">Plug and Read: No se requiere cable ni lector, el conector USB permite una conexi\u00f3n r\u00e1pida a PC para descargar datos.<\/span><\/li>\n<li><span class=\"a-list-item\">Alta capacidad de grabaci\u00f3n: Hasta 16.000 puntos de temperatura y 2.24 puntos de humedad, se puede almacenar y utilizar en 7 a\u00f1os.<\/span><\/li>\n<\/ul>\n<p>&nbsp;<\/p>\n<p><strong>Detalles del producto:\u00a0<\/strong><\/p>\n<ul>\n<li>Rango de medici\u00f3n de temperatura: -30\u00a1\u00e6~+70\u00a1\u00e6.<\/li>\n<li>Resoluci\u00f3n: 0,1 \u00b0 \u00e6, 0,1 % de humedad relativa.<\/li>\n<li>Precisi\u00f3n de temperatura: \u00a1\u00c00.5\u00a1\u00e6 (-20~+40\u00a1\u00e6).<\/li>\n<li>Rango de medici\u00f3n de humedad: 0% ~ 100%.<\/li>\n<li>Precisi\u00f3n de la humedad: \u00a1\u00c03% (20%~80%), otros\u00a1\u00c05% (menos del 25%).<\/li>\n<li>Capacidad de memoria: 16000 lecturas (MAX).<\/li>\n<li>Intervalo logar\u00edtmico: 12min.<\/li>\n<li>Umbral de alarma: Opcional.<\/li>\n<li>Interfaz de datos: puerto USB.<\/li>\n<li>Bater\u00eda: \u00bfbater\u00eda de litio de un solo uso.<\/li>\n<li>Duraci\u00f3n de la bater\u00eda: 2 a\u00f1os (almacenada y utilizada en un entorno de temperatura normal).<\/li>\n<li>Dimensiones: 9.5 \u00a3 \u0308L) * 5.2 (W) * 0.8 (H) cm.<\/li>\n<\/ul>\n<p>&nbsp;<\/p>\n","protected":false},"excerpt":{"rendered":"<p>Es un registrador de datos LCD de baja potencia con un conector USB que tiene acceso r\u00e1pido al informe de datos PDF sin ning\u00fan software ni cable<\/p>\n","protected":false},"featured_media":8207,"comment_status":"open","ping_status":"closed","template":"","meta":{"_joinchat":[]},"product_brand":[],"product_cat":[15],"product_tag":[],"class_list":{"0":"post-8206","1":"product","2":"type-product","3":"status-publish","4":"has-post-thumbnail","6":"product_cat-sin-categorizar","8":"first","9":"instock","10":"shipping-taxable","11":"product-type-simple"},"yoast_head":"<!-- This site is optimized with the Yoast SEO plugin v26.4 - https:\/\/yoast.com\/wordpress\/plugins\/seo\/ -->\n<title>Elitech loget 1 registrador de datos de temperatura - Abaa tienda online<\/title>\n<meta name=\"robots\" content=\"index, follow, max-snippet:-1, max-image-preview:large, max-video-preview:-1\" \/>\n<link rel=\"canonical\" href=\"https:\/\/abaa.mx\/tienda\/elitech-loget-1-registrador-de-datos-de-temperatura\/\" \/>\n<meta property=\"og:locale\" content=\"es_MX\" \/>\n<meta property=\"og:type\" content=\"article\" \/>\n<meta property=\"og:title\" content=\"Elitech loget 1 registrador de datos de temperatura - Abaa tienda online\" \/>\n<meta property=\"og:description\" content=\"Es un registrador de datos LCD de baja potencia con un conector USB que tiene acceso r\u00e1pido al informe de datos PDF sin ning\u00fan software ni cable\" \/>\n<meta property=\"og:url\" content=\"https:\/\/abaa.mx\/tienda\/elitech-loget-1-registrador-de-datos-de-temperatura\/\" \/>\n<meta property=\"og:site_name\" content=\"Abaa tienda online\" \/>\n<meta property=\"article:modified_time\" content=\"2023-11-14T19:55:46+00:00\" \/>\n<meta property=\"og:image\" content=\"https:\/\/abaa.mx\/tienda\/wp-content\/uploads\/2023\/10\/Elitech-loget-1.jpg\" \/>\n\t<meta property=\"og:image:width\" content=\"800\" \/>\n\t<meta property=\"og:image:height\" content=\"800\" \/>\n\t<meta property=\"og:image:type\" content=\"image\/jpeg\" \/>\n<meta name=\"twitter:card\" content=\"summary_large_image\" \/>\n<meta name=\"twitter:label1\" content=\"Tiempo de lectura\" \/>\n\t<meta name=\"twitter:data1\" content=\"2 minutos\" \/>\n<script type=\"application\/ld+json\" class=\"yoast-schema-graph\">{\"@context\":\"https:\/\/schema.org\",\"@graph\":[{\"@type\":\"WebPage\",\"@id\":\"https:\/\/abaa.mx\/tienda\/elitech-loget-1-registrador-de-datos-de-temperatura\/\",\"url\":\"https:\/\/abaa.mx\/tienda\/elitech-loget-1-registrador-de-datos-de-temperatura\/\",\"name\":\"Elitech loget 1 registrador de datos de temperatura - Abaa tienda online\",\"isPartOf\":{\"@id\":\"https:\/\/abaa.mx\/tienda\/#website\"},\"primaryImageOfPage\":{\"@id\":\"https:\/\/abaa.mx\/tienda\/elitech-loget-1-registrador-de-datos-de-temperatura\/#primaryimage\"},\"image\":{\"@id\":\"https:\/\/abaa.mx\/tienda\/elitech-loget-1-registrador-de-datos-de-temperatura\/#primaryimage\"},\"thumbnailUrl\":\"https:\/\/abaa.mx\/tienda\/wp-content\/uploads\/2023\/10\/Elitech-loget-1.jpg\",\"datePublished\":\"2023-10-30T20:18:02+00:00\",\"dateModified\":\"2023-11-14T19:55:46+00:00\",\"breadcrumb\":{\"@id\":\"https:\/\/abaa.mx\/tienda\/elitech-loget-1-registrador-de-datos-de-temperatura\/#breadcrumb\"},\"inLanguage\":\"es\",\"potentialAction\":[{\"@type\":\"ReadAction\",\"target\":[\"https:\/\/abaa.mx\/tienda\/elitech-loget-1-registrador-de-datos-de-temperatura\/\"]}]},{\"@type\":\"ImageObject\",\"inLanguage\":\"es\",\"@id\":\"https:\/\/abaa.mx\/tienda\/elitech-loget-1-registrador-de-datos-de-temperatura\/#primaryimage\",\"url\":\"https:\/\/abaa.mx\/tienda\/wp-content\/uploads\/2023\/10\/Elitech-loget-1.jpg\",\"contentUrl\":\"https:\/\/abaa.mx\/tienda\/wp-content\/uploads\/2023\/10\/Elitech-loget-1.jpg\",\"width\":800,\"height\":800,\"caption\":\"Elitech loget 1\"},{\"@type\":\"BreadcrumbList\",\"@id\":\"https:\/\/abaa.mx\/tienda\/elitech-loget-1-registrador-de-datos-de-temperatura\/#breadcrumb\",\"itemListElement\":[{\"@type\":\"ListItem\",\"position\":1,\"name\":\"Inicio\",\"item\":\"https:\/\/abaa.mx\/tienda\/\"},{\"@type\":\"ListItem\",\"position\":2,\"name\":\"Tienda\",\"item\":\"https:\/\/abaa.mx\/tienda\/\"},{\"@type\":\"ListItem\",\"position\":3,\"name\":\"Elitech loget 1 registrador de datos de temperatura\"}]},{\"@type\":\"WebSite\",\"@id\":\"https:\/\/abaa.mx\/tienda\/#website\",\"url\":\"https:\/\/abaa.mx\/tienda\/\",\"name\":\"Abaa tienda online\",\"description\":\"Instrumentos de medici\u00f3n\",\"publisher\":{\"@id\":\"https:\/\/abaa.mx\/tienda\/#organization\"},\"potentialAction\":[{\"@type\":\"SearchAction\",\"target\":{\"@type\":\"EntryPoint\",\"urlTemplate\":\"https:\/\/abaa.mx\/tienda\/?s={search_term_string}\"},\"query-input\":{\"@type\":\"PropertyValueSpecification\",\"valueRequired\":true,\"valueName\":\"search_term_string\"}}],\"inLanguage\":\"es\"},{\"@type\":\"Organization\",\"@id\":\"https:\/\/abaa.mx\/tienda\/#organization\",\"name\":\"Abaa tienda online\",\"url\":\"https:\/\/abaa.mx\/tienda\/\",\"logo\":{\"@type\":\"ImageObject\",\"inLanguage\":\"es\",\"@id\":\"https:\/\/abaa.mx\/tienda\/#\/schema\/logo\/image\/\",\"url\":\"https:\/\/abaa.mx\/tienda\/wp-content\/uploads\/2024\/01\/abaa-metrologia-tienda.png\",\"contentUrl\":\"https:\/\/abaa.mx\/tienda\/wp-content\/uploads\/2024\/01\/abaa-metrologia-tienda.png\",\"width\":300,\"height\":141,\"caption\":\"Abaa tienda online\"},\"image\":{\"@id\":\"https:\/\/abaa.mx\/tienda\/#\/schema\/logo\/image\/\"}}]}<\/script>\n<!-- \/ Yoast SEO plugin. -->","yoast_head_json":{"title":"Elitech loget 1 registrador de datos de temperatura - Abaa tienda online","robots":{"index":"index","follow":"follow","max-snippet":"max-snippet:-1","max-image-preview":"max-image-preview:large","max-video-preview":"max-video-preview:-1"},"canonical":"https:\/\/abaa.mx\/tienda\/elitech-loget-1-registrador-de-datos-de-temperatura\/","og_locale":"es_MX","og_type":"article","og_title":"Elitech loget 1 registrador de datos de temperatura - Abaa tienda online","og_description":"Es un registrador de datos LCD de baja potencia con un conector USB que tiene acceso r\u00e1pido al informe de datos PDF sin ning\u00fan software ni cable","og_url":"https:\/\/abaa.mx\/tienda\/elitech-loget-1-registrador-de-datos-de-temperatura\/","og_site_name":"Abaa tienda online","article_modified_time":"2023-11-14T19:55:46+00:00","og_image":[{"width":800,"height":800,"url":"https:\/\/abaa.mx\/tienda\/wp-content\/uploads\/2023\/10\/Elitech-loget-1.jpg","type":"image\/jpeg"}],"twitter_card":"summary_large_image","twitter_misc":{"Tiempo de lectura":"2 minutos"},"schema":{"@context":"https:\/\/schema.org","@graph":[{"@type":"WebPage","@id":"https:\/\/abaa.mx\/tienda\/elitech-loget-1-registrador-de-datos-de-temperatura\/","url":"https:\/\/abaa.mx\/tienda\/elitech-loget-1-registrador-de-datos-de-temperatura\/","name":"Elitech loget 1 registrador de datos de temperatura - Abaa tienda online","isPartOf":{"@id":"https:\/\/abaa.mx\/tienda\/#website"},"primaryImageOfPage":{"@id":"https:\/\/abaa.mx\/tienda\/elitech-loget-1-registrador-de-datos-de-temperatura\/#primaryimage"},"image":{"@id":"https:\/\/abaa.mx\/tienda\/elitech-loget-1-registrador-de-datos-de-temperatura\/#primaryimage"},"thumbnailUrl":"https:\/\/abaa.mx\/tienda\/wp-content\/uploads\/2023\/10\/Elitech-loget-1.jpg","datePublished":"2023-10-30T20:18:02+00:00","dateModified":"2023-11-14T19:55:46+00:00","breadcrumb":{"@id":"https:\/\/abaa.mx\/tienda\/elitech-loget-1-registrador-de-datos-de-temperatura\/#breadcrumb"},"inLanguage":"es","potentialAction":[{"@type":"ReadAction","target":["https:\/\/abaa.mx\/tienda\/elitech-loget-1-registrador-de-datos-de-temperatura\/"]}]},{"@type":"ImageObject","inLanguage":"es","@id":"https:\/\/abaa.mx\/tienda\/elitech-loget-1-registrador-de-datos-de-temperatura\/#primaryimage","url":"https:\/\/abaa.mx\/tienda\/wp-content\/uploads\/2023\/10\/Elitech-loget-1.jpg","contentUrl":"https:\/\/abaa.mx\/tienda\/wp-content\/uploads\/2023\/10\/Elitech-loget-1.jpg","width":800,"height":800,"caption":"Elitech loget 1"},{"@type":"BreadcrumbList","@id":"https:\/\/abaa.mx\/tienda\/elitech-loget-1-registrador-de-datos-de-temperatura\/#breadcrumb","itemListElement":[{"@type":"ListItem","position":1,"name":"Inicio","item":"https:\/\/abaa.mx\/tienda\/"},{"@type":"ListItem","position":2,"name":"Tienda","item":"https:\/\/abaa.mx\/tienda\/"},{"@type":"ListItem","position":3,"name":"Elitech loget 1 registrador de datos de temperatura"}]},{"@type":"WebSite","@id":"https:\/\/abaa.mx\/tienda\/#website","url":"https:\/\/abaa.mx\/tienda\/","name":"Abaa tienda online","description":"Instrumentos de medici\u00f3n","publisher":{"@id":"https:\/\/abaa.mx\/tienda\/#organization"},"potentialAction":[{"@type":"SearchAction","target":{"@type":"EntryPoint","urlTemplate":"https:\/\/abaa.mx\/tienda\/?s={search_term_string}"},"query-input":{"@type":"PropertyValueSpecification","valueRequired":true,"valueName":"search_term_string"}}],"inLanguage":"es"},{"@type":"Organization","@id":"https:\/\/abaa.mx\/tienda\/#organization","name":"Abaa tienda online","url":"https:\/\/abaa.mx\/tienda\/","logo":{"@type":"ImageObject","inLanguage":"es","@id":"https:\/\/abaa.mx\/tienda\/#\/schema\/logo\/image\/","url":"https:\/\/abaa.mx\/tienda\/wp-content\/uploads\/2024\/01\/abaa-metrologia-tienda.png","contentUrl":"https:\/\/abaa.mx\/tienda\/wp-content\/uploads\/2024\/01\/abaa-metrologia-tienda.png","width":300,"height":141,"caption":"Abaa tienda online"},"image":{"@id":"https:\/\/abaa.mx\/tienda\/#\/schema\/logo\/image\/"}}]}},"_links":{"self":[{"href":"https:\/\/abaa.mx\/tienda\/wp-json\/wp\/v2\/product\/8206","targetHints":{"allow":["GET"]}}],"collection":[{"href":"https:\/\/abaa.mx\/tienda\/wp-json\/wp\/v2\/product"}],"about":[{"href":"https:\/\/abaa.mx\/tienda\/wp-json\/wp\/v2\/types\/product"}],"replies":[{"embeddable":true,"href":"https:\/\/abaa.mx\/tienda\/wp-json\/wp\/v2\/comments?post=8206"}],"wp:featuredmedia":[{"embeddable":true,"href":"https:\/\/abaa.mx\/tienda\/wp-json\/wp\/v2\/media\/8207"}],"wp:attachment":[{"href":"https:\/\/abaa.mx\/tienda\/wp-json\/wp\/v2\/media?parent=8206"}],"wp:term":[{"taxonomy":"product_brand","embeddable":true,"href":"https:\/\/abaa.mx\/tienda\/wp-json\/wp\/v2\/product_brand?post=8206"},{"taxonomy":"product_cat","embeddable":true,"href":"https:\/\/abaa.mx\/tienda\/wp-json\/wp\/v2\/product_cat?post=8206"},{"taxonomy":"product_tag","embeddable":true,"href":"https:\/\/abaa.mx\/tienda\/wp-json\/wp\/v2\/product_tag?post=8206"}],"curies":[{"name":"wp","href":"https:\/\/api.w.org\/{rel}","templated":true}]}}