{"id":8203,"date":"2023-10-30T19:41:20","date_gmt":"2023-10-30T19:41:20","guid":{"rendered":"https:\/\/abaa.mx\/tienda\/?post_type=product&#038;p=8203"},"modified":"2023-11-14T20:38:14","modified_gmt":"2023-11-14T20:38:14","slug":"elitech-rc-19-registrador-usb-de-temperatura-desechable","status":"publish","type":"product","link":"https:\/\/abaa.mx\/tienda\/elitech-rc-19-registrador-usb-de-temperatura-desechable\/","title":{"rendered":"Elitech rc-19 &#8211; registrador usb de temperatura, desechable"},"content":{"rendered":"<p>El registrador de datos de temperatura Elitech RC-19 es un registrador de datos de un solo uso \/ desechable, utilizado mayormente en los campos de la medicina, vacunas, sangre, alimentos, flores y plantas, laboratorio, etc.<\/p>\n<p>RC-19 es idealmente adecuado para el almacenamiento y transporte en cadena de fr\u00edo donde se requiera un alto grado de protecci\u00f3n. Con tecnolog\u00eda de moldeo por inyecci\u00f3n coloidal de grado alimenticio, el grado de protecci\u00f3n del producto es IP67. Cuenta con la funci\u00f3n plug-and-play sin necesidad de ning\u00fan software de gesti\u00f3n de datos. Incluso si se agota la bater\u00eda del registrador, se puede leer el informe de datos.<\/p>\n<p>&nbsp;<\/p>\n<h5><strong>Caracter\u00edsticas<\/strong>.<\/h5>\n<div class=\"easytabs-content-holder\" role=\"tabpanel\" aria-labelledby=\"easytabs-slide-label-6677083291757-1\" aria-expanded=\"true\" aria-hidden=\"false\">\n<ul>\n<li>El registrador de datos de temperatura se utiliza principalmente para el seguimiento y la temperatura de registro en el almacenamiento y el transporte de alimentos y productos farmac\u00e9uticos, tales como cajas fr\u00edas, camiones refrigerados, contenedores, etc.<\/li>\n<li>-Se conecta el registrador a un ordenador a trav\u00e9s del puerto USB para exportar un informe PDF.<\/li>\n<li>\u00a0Cuenta con un sensor interno y una bater\u00eda CR2450 de litio.<\/li>\n<li>Grado de protecci\u00f3n IP67 resistente al agua.<\/li>\n<li>Una sola vez la capacidad de uso, memoria: 16000 puntos.<\/li>\n<li>1 a\u00f1o de garant\u00eda.<\/li>\n<\/ul>\n<p>&nbsp;<\/p>\n<h5><strong>Especificaciones:<\/strong><\/h5>\n<div class=\"easytabs-content-holder\" role=\"tabpanel\" aria-labelledby=\"easytabs-slide-label-6677083291757-2\" aria-expanded=\"true\" aria-hidden=\"false\">\n<ul>\n<li>Rango de medici\u00f3n de temperatura: -30 \u2103 ~ 70 \u2103 \/ -22 \u2109 ~ 158 \u2109.<\/li>\n<li>Resoluci\u00f3n: 0,1 \u2103.<\/li>\n<li>Umbral de alarma: predeterminado (personalizable).<\/li>\n<li>Temperatura de almacenamiento: -30 \u2103 ~ 70 \u2103 \/ -22 \u2109 ~ 158 \u2109.<\/li>\n<li>Interfaz de datos: USB2.0.<\/li>\n<li>Precisi\u00f3n de temperatura: 0.5 \u2103 \/ 0.9\u00a8H (-20 \u2103 ~ 40 \u2103); 1 \u2103 \/ 1,8H (otros).<\/li>\n<li>Tipo de sensor: NTC interno.<\/li>\n<li>Bater\u00eda: bater\u00eda de litio de temperatura amplia CR2450 incorporada.<\/li>\n<li>Capacidad de memoria: 16000 puntos (MAX).<\/li>\n<li>Duraci\u00f3n de la bater\u00eda: 2 a\u00f1os (almacenada y utilizada en un entorno de temperatura normal).<\/li>\n<li>Log ciclo: 120 d\u00edas (adaptable).<\/li>\n<li>Grado de protecci\u00f3n: IP67.<\/li>\n<li>Tama\u00f1o: 80 mm (L) x 48 mm (W) x 5,8 mm (H).<\/li>\n<li>Tipo de alarma: individual o acumulativa.<\/li>\n<li>Peso aproximado. 15g.<\/li>\n<\/ul>\n<\/div>\n<\/div>\n","protected":false},"excerpt":{"rendered":"<p>El registrador de datos de temperatura Elitech RC-19 es un registrador de datos de un solo uso \/ desechable, utilizado mayormente en los campos de la medicina, vacunas, sangre, alimentos, flores y plantas, laboratorio, etc.<\/p>\n","protected":false},"featured_media":8204,"comment_status":"open","ping_status":"closed","template":"","meta":{"_joinchat":[]},"product_brand":[],"product_cat":[15],"product_tag":[],"class_list":{"0":"post-8203","1":"product","2":"type-product","3":"status-publish","4":"has-post-thumbnail","6":"product_cat-sin-categorizar","8":"first","9":"instock","10":"shipping-taxable","11":"product-type-simple"},"yoast_head":"<!-- This site is optimized with the Yoast SEO plugin v26.4 - https:\/\/yoast.com\/wordpress\/plugins\/seo\/ -->\n<title>Elitech rc-19 - registrador usb de temperatura, desechable - Abaa tienda online<\/title>\n<meta name=\"robots\" content=\"index, follow, max-snippet:-1, max-image-preview:large, max-video-preview:-1\" \/>\n<link rel=\"canonical\" href=\"https:\/\/abaa.mx\/tienda\/elitech-rc-19-registrador-usb-de-temperatura-desechable\/\" \/>\n<meta property=\"og:locale\" content=\"es_MX\" \/>\n<meta property=\"og:type\" content=\"article\" \/>\n<meta property=\"og:title\" content=\"Elitech rc-19 - registrador usb de temperatura, desechable - Abaa tienda online\" \/>\n<meta property=\"og:description\" content=\"El registrador de datos de temperatura Elitech RC-19 es un registrador de datos de un solo uso \/ desechable, utilizado mayormente en los campos de la medicina, vacunas, sangre, alimentos, flores y plantas, laboratorio, etc.\" \/>\n<meta property=\"og:url\" content=\"https:\/\/abaa.mx\/tienda\/elitech-rc-19-registrador-usb-de-temperatura-desechable\/\" \/>\n<meta property=\"og:site_name\" content=\"Abaa tienda online\" \/>\n<meta property=\"article:modified_time\" content=\"2023-11-14T20:38:14+00:00\" \/>\n<meta property=\"og:image\" content=\"https:\/\/abaa.mx\/tienda\/wp-content\/uploads\/2023\/10\/Elitech-RC-19.jpg\" \/>\n\t<meta property=\"og:image:width\" content=\"800\" \/>\n\t<meta property=\"og:image:height\" content=\"800\" \/>\n\t<meta property=\"og:image:type\" content=\"image\/jpeg\" \/>\n<meta name=\"twitter:card\" content=\"summary_large_image\" \/>\n<meta name=\"twitter:label1\" content=\"Tiempo de lectura\" \/>\n\t<meta name=\"twitter:data1\" content=\"2 minutos\" \/>\n<script type=\"application\/ld+json\" class=\"yoast-schema-graph\">{\"@context\":\"https:\/\/schema.org\",\"@graph\":[{\"@type\":\"WebPage\",\"@id\":\"https:\/\/abaa.mx\/tienda\/elitech-rc-19-registrador-usb-de-temperatura-desechable\/\",\"url\":\"https:\/\/abaa.mx\/tienda\/elitech-rc-19-registrador-usb-de-temperatura-desechable\/\",\"name\":\"Elitech rc-19 - registrador usb de temperatura, desechable - Abaa tienda online\",\"isPartOf\":{\"@id\":\"https:\/\/abaa.mx\/tienda\/#website\"},\"primaryImageOfPage\":{\"@id\":\"https:\/\/abaa.mx\/tienda\/elitech-rc-19-registrador-usb-de-temperatura-desechable\/#primaryimage\"},\"image\":{\"@id\":\"https:\/\/abaa.mx\/tienda\/elitech-rc-19-registrador-usb-de-temperatura-desechable\/#primaryimage\"},\"thumbnailUrl\":\"https:\/\/abaa.mx\/tienda\/wp-content\/uploads\/2023\/10\/Elitech-RC-19.jpg\",\"datePublished\":\"2023-10-30T19:41:20+00:00\",\"dateModified\":\"2023-11-14T20:38:14+00:00\",\"breadcrumb\":{\"@id\":\"https:\/\/abaa.mx\/tienda\/elitech-rc-19-registrador-usb-de-temperatura-desechable\/#breadcrumb\"},\"inLanguage\":\"es\",\"potentialAction\":[{\"@type\":\"ReadAction\",\"target\":[\"https:\/\/abaa.mx\/tienda\/elitech-rc-19-registrador-usb-de-temperatura-desechable\/\"]}]},{\"@type\":\"ImageObject\",\"inLanguage\":\"es\",\"@id\":\"https:\/\/abaa.mx\/tienda\/elitech-rc-19-registrador-usb-de-temperatura-desechable\/#primaryimage\",\"url\":\"https:\/\/abaa.mx\/tienda\/wp-content\/uploads\/2023\/10\/Elitech-RC-19.jpg\",\"contentUrl\":\"https:\/\/abaa.mx\/tienda\/wp-content\/uploads\/2023\/10\/Elitech-RC-19.jpg\",\"width\":800,\"height\":800,\"caption\":\"Elitech RC-19\"},{\"@type\":\"BreadcrumbList\",\"@id\":\"https:\/\/abaa.mx\/tienda\/elitech-rc-19-registrador-usb-de-temperatura-desechable\/#breadcrumb\",\"itemListElement\":[{\"@type\":\"ListItem\",\"position\":1,\"name\":\"Inicio\",\"item\":\"https:\/\/abaa.mx\/tienda\/\"},{\"@type\":\"ListItem\",\"position\":2,\"name\":\"Tienda\",\"item\":\"https:\/\/abaa.mx\/tienda\/\"},{\"@type\":\"ListItem\",\"position\":3,\"name\":\"Elitech rc-19 &#8211; registrador usb de temperatura, desechable\"}]},{\"@type\":\"WebSite\",\"@id\":\"https:\/\/abaa.mx\/tienda\/#website\",\"url\":\"https:\/\/abaa.mx\/tienda\/\",\"name\":\"Abaa tienda online\",\"description\":\"Instrumentos de medici\u00f3n\",\"publisher\":{\"@id\":\"https:\/\/abaa.mx\/tienda\/#organization\"},\"potentialAction\":[{\"@type\":\"SearchAction\",\"target\":{\"@type\":\"EntryPoint\",\"urlTemplate\":\"https:\/\/abaa.mx\/tienda\/?s={search_term_string}\"},\"query-input\":{\"@type\":\"PropertyValueSpecification\",\"valueRequired\":true,\"valueName\":\"search_term_string\"}}],\"inLanguage\":\"es\"},{\"@type\":\"Organization\",\"@id\":\"https:\/\/abaa.mx\/tienda\/#organization\",\"name\":\"Abaa tienda online\",\"url\":\"https:\/\/abaa.mx\/tienda\/\",\"logo\":{\"@type\":\"ImageObject\",\"inLanguage\":\"es\",\"@id\":\"https:\/\/abaa.mx\/tienda\/#\/schema\/logo\/image\/\",\"url\":\"https:\/\/abaa.mx\/tienda\/wp-content\/uploads\/2024\/01\/abaa-metrologia-tienda.png\",\"contentUrl\":\"https:\/\/abaa.mx\/tienda\/wp-content\/uploads\/2024\/01\/abaa-metrologia-tienda.png\",\"width\":300,\"height\":141,\"caption\":\"Abaa tienda online\"},\"image\":{\"@id\":\"https:\/\/abaa.mx\/tienda\/#\/schema\/logo\/image\/\"}}]}<\/script>\n<!-- \/ Yoast SEO plugin. -->","yoast_head_json":{"title":"Elitech rc-19 - registrador usb de temperatura, desechable - Abaa tienda online","robots":{"index":"index","follow":"follow","max-snippet":"max-snippet:-1","max-image-preview":"max-image-preview:large","max-video-preview":"max-video-preview:-1"},"canonical":"https:\/\/abaa.mx\/tienda\/elitech-rc-19-registrador-usb-de-temperatura-desechable\/","og_locale":"es_MX","og_type":"article","og_title":"Elitech rc-19 - registrador usb de temperatura, desechable - Abaa tienda online","og_description":"El registrador de datos de temperatura Elitech RC-19 es un registrador de datos de un solo uso \/ desechable, utilizado mayormente en los campos de la medicina, vacunas, sangre, alimentos, flores y plantas, laboratorio, etc.","og_url":"https:\/\/abaa.mx\/tienda\/elitech-rc-19-registrador-usb-de-temperatura-desechable\/","og_site_name":"Abaa tienda online","article_modified_time":"2023-11-14T20:38:14+00:00","og_image":[{"width":800,"height":800,"url":"https:\/\/abaa.mx\/tienda\/wp-content\/uploads\/2023\/10\/Elitech-RC-19.jpg","type":"image\/jpeg"}],"twitter_card":"summary_large_image","twitter_misc":{"Tiempo de lectura":"2 minutos"},"schema":{"@context":"https:\/\/schema.org","@graph":[{"@type":"WebPage","@id":"https:\/\/abaa.mx\/tienda\/elitech-rc-19-registrador-usb-de-temperatura-desechable\/","url":"https:\/\/abaa.mx\/tienda\/elitech-rc-19-registrador-usb-de-temperatura-desechable\/","name":"Elitech rc-19 - registrador usb de temperatura, desechable - Abaa tienda online","isPartOf":{"@id":"https:\/\/abaa.mx\/tienda\/#website"},"primaryImageOfPage":{"@id":"https:\/\/abaa.mx\/tienda\/elitech-rc-19-registrador-usb-de-temperatura-desechable\/#primaryimage"},"image":{"@id":"https:\/\/abaa.mx\/tienda\/elitech-rc-19-registrador-usb-de-temperatura-desechable\/#primaryimage"},"thumbnailUrl":"https:\/\/abaa.mx\/tienda\/wp-content\/uploads\/2023\/10\/Elitech-RC-19.jpg","datePublished":"2023-10-30T19:41:20+00:00","dateModified":"2023-11-14T20:38:14+00:00","breadcrumb":{"@id":"https:\/\/abaa.mx\/tienda\/elitech-rc-19-registrador-usb-de-temperatura-desechable\/#breadcrumb"},"inLanguage":"es","potentialAction":[{"@type":"ReadAction","target":["https:\/\/abaa.mx\/tienda\/elitech-rc-19-registrador-usb-de-temperatura-desechable\/"]}]},{"@type":"ImageObject","inLanguage":"es","@id":"https:\/\/abaa.mx\/tienda\/elitech-rc-19-registrador-usb-de-temperatura-desechable\/#primaryimage","url":"https:\/\/abaa.mx\/tienda\/wp-content\/uploads\/2023\/10\/Elitech-RC-19.jpg","contentUrl":"https:\/\/abaa.mx\/tienda\/wp-content\/uploads\/2023\/10\/Elitech-RC-19.jpg","width":800,"height":800,"caption":"Elitech RC-19"},{"@type":"BreadcrumbList","@id":"https:\/\/abaa.mx\/tienda\/elitech-rc-19-registrador-usb-de-temperatura-desechable\/#breadcrumb","itemListElement":[{"@type":"ListItem","position":1,"name":"Inicio","item":"https:\/\/abaa.mx\/tienda\/"},{"@type":"ListItem","position":2,"name":"Tienda","item":"https:\/\/abaa.mx\/tienda\/"},{"@type":"ListItem","position":3,"name":"Elitech rc-19 &#8211; registrador usb de temperatura, desechable"}]},{"@type":"WebSite","@id":"https:\/\/abaa.mx\/tienda\/#website","url":"https:\/\/abaa.mx\/tienda\/","name":"Abaa tienda online","description":"Instrumentos de medici\u00f3n","publisher":{"@id":"https:\/\/abaa.mx\/tienda\/#organization"},"potentialAction":[{"@type":"SearchAction","target":{"@type":"EntryPoint","urlTemplate":"https:\/\/abaa.mx\/tienda\/?s={search_term_string}"},"query-input":{"@type":"PropertyValueSpecification","valueRequired":true,"valueName":"search_term_string"}}],"inLanguage":"es"},{"@type":"Organization","@id":"https:\/\/abaa.mx\/tienda\/#organization","name":"Abaa tienda online","url":"https:\/\/abaa.mx\/tienda\/","logo":{"@type":"ImageObject","inLanguage":"es","@id":"https:\/\/abaa.mx\/tienda\/#\/schema\/logo\/image\/","url":"https:\/\/abaa.mx\/tienda\/wp-content\/uploads\/2024\/01\/abaa-metrologia-tienda.png","contentUrl":"https:\/\/abaa.mx\/tienda\/wp-content\/uploads\/2024\/01\/abaa-metrologia-tienda.png","width":300,"height":141,"caption":"Abaa tienda online"},"image":{"@id":"https:\/\/abaa.mx\/tienda\/#\/schema\/logo\/image\/"}}]}},"_links":{"self":[{"href":"https:\/\/abaa.mx\/tienda\/wp-json\/wp\/v2\/product\/8203","targetHints":{"allow":["GET"]}}],"collection":[{"href":"https:\/\/abaa.mx\/tienda\/wp-json\/wp\/v2\/product"}],"about":[{"href":"https:\/\/abaa.mx\/tienda\/wp-json\/wp\/v2\/types\/product"}],"replies":[{"embeddable":true,"href":"https:\/\/abaa.mx\/tienda\/wp-json\/wp\/v2\/comments?post=8203"}],"wp:featuredmedia":[{"embeddable":true,"href":"https:\/\/abaa.mx\/tienda\/wp-json\/wp\/v2\/media\/8204"}],"wp:attachment":[{"href":"https:\/\/abaa.mx\/tienda\/wp-json\/wp\/v2\/media?parent=8203"}],"wp:term":[{"taxonomy":"product_brand","embeddable":true,"href":"https:\/\/abaa.mx\/tienda\/wp-json\/wp\/v2\/product_brand?post=8203"},{"taxonomy":"product_cat","embeddable":true,"href":"https:\/\/abaa.mx\/tienda\/wp-json\/wp\/v2\/product_cat?post=8203"},{"taxonomy":"product_tag","embeddable":true,"href":"https:\/\/abaa.mx\/tienda\/wp-json\/wp\/v2\/product_tag?post=8203"}],"curies":[{"name":"wp","href":"https:\/\/api.w.org\/{rel}","templated":true}]}}