{"id":8201,"date":"2023-10-30T19:21:28","date_gmt":"2023-10-30T19:21:28","guid":{"rendered":"https:\/\/abaa.mx\/tienda\/?post_type=product&#038;p=8201"},"modified":"2023-11-14T20:48:50","modified_gmt":"2023-11-14T20:48:50","slug":"elitech-rc-17-registrador-de-temperatura-desechable","status":"publish","type":"product","link":"https:\/\/abaa.mx\/tienda\/elitech-rc-17-registrador-de-temperatura-desechable\/","title":{"rendered":"Elitech rc-17 registrador de temperatura desechable"},"content":{"rendered":"<p>Elitech RC-17 maneja el monitoreo de temperatura para su cadena de suministro de alimentos desde el procesamiento, el transporte hasta la distribuci\u00f3n. Almacene hasta 16,000 lecturas de temperatura con aviso de estado LED y dise\u00f1o s\u00faper peque\u00f1o y liviano. Este registrador de temperatura desechable est\u00e1 empaquetado en una bolsa impermeable, monitoreando los datos sin sacarlo de la bolsa.<\/p>\n<h5 class=\"easytabs-accordion-item\" tabindex=\"0\" role=\"tab\" aria-labelledby=\"easytabs-slide-label-6677061271661-1\" aria-selected=\"true\"><span id=\"easytabs-slide-label-6677061271661-1\" class=\"easytabs-header-text ui-tabs-anchor js-no-transition\">Caracter\u00edsticas<\/span><\/h5>\n<div class=\"easytabs-content-holder\" role=\"tabpanel\" aria-labelledby=\"easytabs-slide-label-6677061271661-1\" aria-expanded=\"true\" aria-hidden=\"false\">\n<ul>\n<li>Realice un seguimiento de toda la cadena de fr\u00edo en tiempo real y genere informes de datos PDF autom\u00e1ticamente.<\/li>\n<li>Carcasa delgada de 8 mm: se desliza f\u00e1cilmente en un paquete est\u00e1ndar.<\/li>\n<li>Informe de datos encriptados autom\u00e1ticamente generado tras la inserci\u00f3n directa de USB en una PC o Mac.<\/li>\n<li>IP67 resistente al agua cumple con los requisitos de HACCP para la seguridad alimentaria.<\/li>\n<li>Alimentado por bater\u00eda de bot\u00f3n CR2450, cumple con la certificaci\u00f3n de seguridad de la aviaci\u00f3n.<\/li>\n<li>1 a\u00f1o de garant\u00eda.<\/li>\n<\/ul>\n<h5 class=\"easytabs-accordion-item\" tabindex=\"0\" role=\"tab\" aria-labelledby=\"easytabs-slide-label-6677061271661-2\" aria-selected=\"true\"><span id=\"easytabs-slide-label-6677061271661-2\" class=\"easytabs-header-text ui-tabs-anchor js-no-transition\">Especificaciones<\/span><\/h5>\n<div class=\"easytabs-content-holder\" role=\"tabpanel\" aria-labelledby=\"easytabs-slide-label-6677061271661-2\" aria-expanded=\"true\" aria-hidden=\"false\">\n<ul>\n<li>Rango de medici\u00f3n de temperatura: -30 \u2103 ~ 70 \u2103 \/ -22 \u2109 ~ 158 \u2109<\/li>\n<li>Resoluci\u00f3n: 0,1 \u2103 \/ \u2109<\/li>\n<li>Capacidad de memoria: 16000 lecturas<\/li>\n<li>Per\u00edodo de grabaci\u00f3n: 6, 15, 30, 60, 90, 120, 180 d\u00edas (personalizable)<\/li>\n<li>Tipo de alarma: simple o acumulativa<\/li>\n<li>Tipo de informe: Formato PDF<\/li>\n<li>Interfaz de datos: USB2.0<\/li>\n<li>Tipo de sensor: NTC interno<\/li>\n<li>Fuente de alimentaci\u00f3n: Bater\u00eda de litio de temperatura amplia CR2450 incorporada<\/li>\n<li>Duraci\u00f3n de la bater\u00eda: 2 a\u00f1os (almacenada y utilizada en un entorno de temperatura normal)<\/li>\n<li>Grado de protecci\u00f3n: IP67<\/li>\n<li>Dimensi\u00f3n: 93 mm (L) x 58 mm (W) x 8 mm (H)<\/li>\n<li>Peso: 20g<\/li>\n<\/ul>\n<\/div>\n<\/div>\n","protected":false},"excerpt":{"rendered":"<p>Elitech RC-17 Registrador de temperatura desechable de un solo uso Registrador de datos USB Informe PDF Indicador de 2 colores.<\/p>\n","protected":false},"featured_media":8202,"comment_status":"open","ping_status":"closed","template":"","meta":{"_joinchat":[]},"product_brand":[],"product_cat":[15],"product_tag":[],"class_list":{"0":"post-8201","1":"product","2":"type-product","3":"status-publish","4":"has-post-thumbnail","6":"product_cat-sin-categorizar","8":"first","9":"instock","10":"shipping-taxable","11":"product-type-simple"},"yoast_head":"<!-- This site is optimized with the Yoast SEO plugin v26.4 - https:\/\/yoast.com\/wordpress\/plugins\/seo\/ -->\n<title>Elitech rc-17 registrador de temperatura desechable - Abaa tienda online<\/title>\n<meta name=\"robots\" content=\"index, follow, max-snippet:-1, max-image-preview:large, max-video-preview:-1\" \/>\n<link rel=\"canonical\" href=\"https:\/\/abaa.mx\/tienda\/elitech-rc-17-registrador-de-temperatura-desechable\/\" \/>\n<meta property=\"og:locale\" content=\"es_MX\" \/>\n<meta property=\"og:type\" content=\"article\" \/>\n<meta property=\"og:title\" content=\"Elitech rc-17 registrador de temperatura desechable - Abaa tienda online\" \/>\n<meta property=\"og:description\" content=\"Elitech RC-17 Registrador de temperatura desechable de un solo uso Registrador de datos USB Informe PDF Indicador de 2 colores.\" \/>\n<meta property=\"og:url\" content=\"https:\/\/abaa.mx\/tienda\/elitech-rc-17-registrador-de-temperatura-desechable\/\" \/>\n<meta property=\"og:site_name\" content=\"Abaa tienda online\" \/>\n<meta property=\"article:modified_time\" content=\"2023-11-14T20:48:50+00:00\" \/>\n<meta property=\"og:image\" content=\"https:\/\/abaa.mx\/tienda\/wp-content\/uploads\/2023\/10\/Elitech-RC-17.jpg\" \/>\n\t<meta property=\"og:image:width\" content=\"537\" \/>\n\t<meta property=\"og:image:height\" content=\"537\" \/>\n\t<meta property=\"og:image:type\" content=\"image\/jpeg\" \/>\n<meta name=\"twitter:card\" content=\"summary_large_image\" \/>\n<meta name=\"twitter:label1\" content=\"Tiempo de lectura\" \/>\n\t<meta name=\"twitter:data1\" content=\"2 minutos\" \/>\n<script type=\"application\/ld+json\" class=\"yoast-schema-graph\">{\"@context\":\"https:\/\/schema.org\",\"@graph\":[{\"@type\":\"WebPage\",\"@id\":\"https:\/\/abaa.mx\/tienda\/elitech-rc-17-registrador-de-temperatura-desechable\/\",\"url\":\"https:\/\/abaa.mx\/tienda\/elitech-rc-17-registrador-de-temperatura-desechable\/\",\"name\":\"Elitech rc-17 registrador de temperatura desechable - Abaa tienda online\",\"isPartOf\":{\"@id\":\"https:\/\/abaa.mx\/tienda\/#website\"},\"primaryImageOfPage\":{\"@id\":\"https:\/\/abaa.mx\/tienda\/elitech-rc-17-registrador-de-temperatura-desechable\/#primaryimage\"},\"image\":{\"@id\":\"https:\/\/abaa.mx\/tienda\/elitech-rc-17-registrador-de-temperatura-desechable\/#primaryimage\"},\"thumbnailUrl\":\"https:\/\/abaa.mx\/tienda\/wp-content\/uploads\/2023\/10\/Elitech-RC-17.jpg\",\"datePublished\":\"2023-10-30T19:21:28+00:00\",\"dateModified\":\"2023-11-14T20:48:50+00:00\",\"breadcrumb\":{\"@id\":\"https:\/\/abaa.mx\/tienda\/elitech-rc-17-registrador-de-temperatura-desechable\/#breadcrumb\"},\"inLanguage\":\"es\",\"potentialAction\":[{\"@type\":\"ReadAction\",\"target\":[\"https:\/\/abaa.mx\/tienda\/elitech-rc-17-registrador-de-temperatura-desechable\/\"]}]},{\"@type\":\"ImageObject\",\"inLanguage\":\"es\",\"@id\":\"https:\/\/abaa.mx\/tienda\/elitech-rc-17-registrador-de-temperatura-desechable\/#primaryimage\",\"url\":\"https:\/\/abaa.mx\/tienda\/wp-content\/uploads\/2023\/10\/Elitech-RC-17.jpg\",\"contentUrl\":\"https:\/\/abaa.mx\/tienda\/wp-content\/uploads\/2023\/10\/Elitech-RC-17.jpg\",\"width\":537,\"height\":537,\"caption\":\"Elitech RC-17\"},{\"@type\":\"BreadcrumbList\",\"@id\":\"https:\/\/abaa.mx\/tienda\/elitech-rc-17-registrador-de-temperatura-desechable\/#breadcrumb\",\"itemListElement\":[{\"@type\":\"ListItem\",\"position\":1,\"name\":\"Inicio\",\"item\":\"https:\/\/abaa.mx\/tienda\/\"},{\"@type\":\"ListItem\",\"position\":2,\"name\":\"Tienda\",\"item\":\"https:\/\/abaa.mx\/tienda\/\"},{\"@type\":\"ListItem\",\"position\":3,\"name\":\"Elitech rc-17 registrador de temperatura desechable\"}]},{\"@type\":\"WebSite\",\"@id\":\"https:\/\/abaa.mx\/tienda\/#website\",\"url\":\"https:\/\/abaa.mx\/tienda\/\",\"name\":\"Abaa tienda online\",\"description\":\"Instrumentos de medici\u00f3n\",\"publisher\":{\"@id\":\"https:\/\/abaa.mx\/tienda\/#organization\"},\"potentialAction\":[{\"@type\":\"SearchAction\",\"target\":{\"@type\":\"EntryPoint\",\"urlTemplate\":\"https:\/\/abaa.mx\/tienda\/?s={search_term_string}\"},\"query-input\":{\"@type\":\"PropertyValueSpecification\",\"valueRequired\":true,\"valueName\":\"search_term_string\"}}],\"inLanguage\":\"es\"},{\"@type\":\"Organization\",\"@id\":\"https:\/\/abaa.mx\/tienda\/#organization\",\"name\":\"Abaa tienda online\",\"url\":\"https:\/\/abaa.mx\/tienda\/\",\"logo\":{\"@type\":\"ImageObject\",\"inLanguage\":\"es\",\"@id\":\"https:\/\/abaa.mx\/tienda\/#\/schema\/logo\/image\/\",\"url\":\"https:\/\/abaa.mx\/tienda\/wp-content\/uploads\/2024\/01\/abaa-metrologia-tienda.png\",\"contentUrl\":\"https:\/\/abaa.mx\/tienda\/wp-content\/uploads\/2024\/01\/abaa-metrologia-tienda.png\",\"width\":300,\"height\":141,\"caption\":\"Abaa tienda online\"},\"image\":{\"@id\":\"https:\/\/abaa.mx\/tienda\/#\/schema\/logo\/image\/\"}}]}<\/script>\n<!-- \/ Yoast SEO plugin. -->","yoast_head_json":{"title":"Elitech rc-17 registrador de temperatura desechable - Abaa tienda online","robots":{"index":"index","follow":"follow","max-snippet":"max-snippet:-1","max-image-preview":"max-image-preview:large","max-video-preview":"max-video-preview:-1"},"canonical":"https:\/\/abaa.mx\/tienda\/elitech-rc-17-registrador-de-temperatura-desechable\/","og_locale":"es_MX","og_type":"article","og_title":"Elitech rc-17 registrador de temperatura desechable - Abaa tienda online","og_description":"Elitech RC-17 Registrador de temperatura desechable de un solo uso Registrador de datos USB Informe PDF Indicador de 2 colores.","og_url":"https:\/\/abaa.mx\/tienda\/elitech-rc-17-registrador-de-temperatura-desechable\/","og_site_name":"Abaa tienda online","article_modified_time":"2023-11-14T20:48:50+00:00","og_image":[{"width":537,"height":537,"url":"https:\/\/abaa.mx\/tienda\/wp-content\/uploads\/2023\/10\/Elitech-RC-17.jpg","type":"image\/jpeg"}],"twitter_card":"summary_large_image","twitter_misc":{"Tiempo de lectura":"2 minutos"},"schema":{"@context":"https:\/\/schema.org","@graph":[{"@type":"WebPage","@id":"https:\/\/abaa.mx\/tienda\/elitech-rc-17-registrador-de-temperatura-desechable\/","url":"https:\/\/abaa.mx\/tienda\/elitech-rc-17-registrador-de-temperatura-desechable\/","name":"Elitech rc-17 registrador de temperatura desechable - Abaa tienda online","isPartOf":{"@id":"https:\/\/abaa.mx\/tienda\/#website"},"primaryImageOfPage":{"@id":"https:\/\/abaa.mx\/tienda\/elitech-rc-17-registrador-de-temperatura-desechable\/#primaryimage"},"image":{"@id":"https:\/\/abaa.mx\/tienda\/elitech-rc-17-registrador-de-temperatura-desechable\/#primaryimage"},"thumbnailUrl":"https:\/\/abaa.mx\/tienda\/wp-content\/uploads\/2023\/10\/Elitech-RC-17.jpg","datePublished":"2023-10-30T19:21:28+00:00","dateModified":"2023-11-14T20:48:50+00:00","breadcrumb":{"@id":"https:\/\/abaa.mx\/tienda\/elitech-rc-17-registrador-de-temperatura-desechable\/#breadcrumb"},"inLanguage":"es","potentialAction":[{"@type":"ReadAction","target":["https:\/\/abaa.mx\/tienda\/elitech-rc-17-registrador-de-temperatura-desechable\/"]}]},{"@type":"ImageObject","inLanguage":"es","@id":"https:\/\/abaa.mx\/tienda\/elitech-rc-17-registrador-de-temperatura-desechable\/#primaryimage","url":"https:\/\/abaa.mx\/tienda\/wp-content\/uploads\/2023\/10\/Elitech-RC-17.jpg","contentUrl":"https:\/\/abaa.mx\/tienda\/wp-content\/uploads\/2023\/10\/Elitech-RC-17.jpg","width":537,"height":537,"caption":"Elitech RC-17"},{"@type":"BreadcrumbList","@id":"https:\/\/abaa.mx\/tienda\/elitech-rc-17-registrador-de-temperatura-desechable\/#breadcrumb","itemListElement":[{"@type":"ListItem","position":1,"name":"Inicio","item":"https:\/\/abaa.mx\/tienda\/"},{"@type":"ListItem","position":2,"name":"Tienda","item":"https:\/\/abaa.mx\/tienda\/"},{"@type":"ListItem","position":3,"name":"Elitech rc-17 registrador de temperatura desechable"}]},{"@type":"WebSite","@id":"https:\/\/abaa.mx\/tienda\/#website","url":"https:\/\/abaa.mx\/tienda\/","name":"Abaa tienda online","description":"Instrumentos de medici\u00f3n","publisher":{"@id":"https:\/\/abaa.mx\/tienda\/#organization"},"potentialAction":[{"@type":"SearchAction","target":{"@type":"EntryPoint","urlTemplate":"https:\/\/abaa.mx\/tienda\/?s={search_term_string}"},"query-input":{"@type":"PropertyValueSpecification","valueRequired":true,"valueName":"search_term_string"}}],"inLanguage":"es"},{"@type":"Organization","@id":"https:\/\/abaa.mx\/tienda\/#organization","name":"Abaa tienda online","url":"https:\/\/abaa.mx\/tienda\/","logo":{"@type":"ImageObject","inLanguage":"es","@id":"https:\/\/abaa.mx\/tienda\/#\/schema\/logo\/image\/","url":"https:\/\/abaa.mx\/tienda\/wp-content\/uploads\/2024\/01\/abaa-metrologia-tienda.png","contentUrl":"https:\/\/abaa.mx\/tienda\/wp-content\/uploads\/2024\/01\/abaa-metrologia-tienda.png","width":300,"height":141,"caption":"Abaa tienda online"},"image":{"@id":"https:\/\/abaa.mx\/tienda\/#\/schema\/logo\/image\/"}}]}},"_links":{"self":[{"href":"https:\/\/abaa.mx\/tienda\/wp-json\/wp\/v2\/product\/8201","targetHints":{"allow":["GET"]}}],"collection":[{"href":"https:\/\/abaa.mx\/tienda\/wp-json\/wp\/v2\/product"}],"about":[{"href":"https:\/\/abaa.mx\/tienda\/wp-json\/wp\/v2\/types\/product"}],"replies":[{"embeddable":true,"href":"https:\/\/abaa.mx\/tienda\/wp-json\/wp\/v2\/comments?post=8201"}],"wp:featuredmedia":[{"embeddable":true,"href":"https:\/\/abaa.mx\/tienda\/wp-json\/wp\/v2\/media\/8202"}],"wp:attachment":[{"href":"https:\/\/abaa.mx\/tienda\/wp-json\/wp\/v2\/media?parent=8201"}],"wp:term":[{"taxonomy":"product_brand","embeddable":true,"href":"https:\/\/abaa.mx\/tienda\/wp-json\/wp\/v2\/product_brand?post=8201"},{"taxonomy":"product_cat","embeddable":true,"href":"https:\/\/abaa.mx\/tienda\/wp-json\/wp\/v2\/product_cat?post=8201"},{"taxonomy":"product_tag","embeddable":true,"href":"https:\/\/abaa.mx\/tienda\/wp-json\/wp\/v2\/product_tag?post=8201"}],"curies":[{"name":"wp","href":"https:\/\/api.w.org\/{rel}","templated":true}]}}