{"id":8197,"date":"2023-10-30T17:39:18","date_gmt":"2023-10-30T17:39:18","guid":{"rendered":"https:\/\/abaa.mx\/tienda\/?post_type=product&#038;p=8197"},"modified":"2023-11-15T14:57:23","modified_gmt":"2023-11-15T14:57:23","slug":"elitech-tinyusb-10-data-logger","status":"publish","type":"product","link":"https:\/\/abaa.mx\/tienda\/elitech-tinyusb-10-data-logger\/","title":{"rendered":"Elitech tinyusb-10 data logger"},"content":{"rendered":"<p>Este registrador de temperatura se utiliza principalmente para monitorear y registrar la temperatura en entornos de almacenamiento y transporte de alimentos y medicamentos, como bolsas refrigeradas, camiones refrigerados, contenedores ,etc.<\/p>\n<p>Este producto est\u00e1 conectado a una computadora a trav\u00e9s de USB, y los datos registrados se env\u00edan directamente como un informe PDF, la sonda de temperatura est\u00e1 integrada, alimentada por una bater\u00eda de litio de temperatura amplia CR2032. El producto est\u00e1 equipado con un c\u00f3digo de barras.<\/p>\n<p>&nbsp;<\/p>\n<p><strong>Funciones:\u00a0<\/strong><\/p>\n<ul>\n<li>Exportaci\u00f3n r\u00e1pida de informes en 5 segundos: inserte la grabadora en el puerto USB del computadora para ver el informe de datos en PDF.<\/li>\n<li>A prueba de polvo y resistente al agua: con clasificaci\u00f3n IP67, incluso se puede sumergir en agua durante unos minutos.<\/li>\n<li>Pantalla LED dual: presione brevemente el bot\u00f3n, puede juzgar el estado de funcionamiento de la grabaci\u00f3n mediante el parpadeo de la luz indicadora roja (verde).<\/li>\n<li>Cuerpo peque\u00f1o pero gran uso: el peso unitario de este producto es de solo 11 g, m\u00e1s f\u00e1cil de transportar mientras satisface las necesidades.<\/li>\n<\/ul>\n<p>&nbsp;<\/p>\n<p><strong>Caracter\u00edsticas del producto:\u00a0<\/strong><\/p>\n<ul>\n<li>Ciclo de registro: 120 d\u00edas.<\/li>\n<li>Intervalo de registro: 12 minutos.<\/li>\n<li>Retraso de inicio: 30 minutos.<\/li>\n<li>Alarma alta: &gt;8C (30 minutos de retraso).<\/li>\n<li>Alarma baja: &lt;2C (30 minutos de retraso).<\/li>\n<li>Vida \u00fatil: 2 a\u00f1os.<\/li>\n<li>Bater\u00eda: Litio de 3,0 V.<\/li>\n<li>Memoria: 16.000 puntos de medici\u00f3n.<\/li>\n<li>Clase IP: IP67 (resistente al agua).<\/li>\n<li>Certificado: incluido.<\/li>\n<li>Funci\u00f3n autom\u00e1tica de PDF.<\/li>\n<li>Reprogramable en montos m\u00e1s grandes.<\/li>\n<li>Posibilidad de marca privada en montos m\u00e1s grandes.<\/li>\n<\/ul>\n","protected":false},"excerpt":{"rendered":"<p>Este registrador de temperatura se utiliza principalmente para monitorear y registrar la temperatura en entornos de almacenamiento y transporte de alimentos y medicamentos, como bolsas refrigeradas, camiones refrigerados, contenedores.<\/p>\n","protected":false},"featured_media":8198,"comment_status":"open","ping_status":"closed","template":"","meta":{"_joinchat":[]},"product_brand":[],"product_cat":[15],"product_tag":[],"class_list":{"0":"post-8197","1":"product","2":"type-product","3":"status-publish","4":"has-post-thumbnail","6":"product_cat-sin-categorizar","8":"first","9":"instock","10":"shipping-taxable","11":"product-type-simple"},"yoast_head":"<!-- This site is optimized with the Yoast SEO plugin v26.4 - https:\/\/yoast.com\/wordpress\/plugins\/seo\/ -->\n<title>Elitech tinyusb-10 data logger - Abaa tienda online<\/title>\n<meta name=\"robots\" content=\"index, follow, max-snippet:-1, max-image-preview:large, max-video-preview:-1\" \/>\n<link rel=\"canonical\" href=\"https:\/\/abaa.mx\/tienda\/elitech-tinyusb-10-data-logger\/\" \/>\n<meta property=\"og:locale\" content=\"es_MX\" \/>\n<meta property=\"og:type\" content=\"article\" \/>\n<meta property=\"og:title\" content=\"Elitech tinyusb-10 data logger - Abaa tienda online\" \/>\n<meta property=\"og:description\" content=\"Este registrador de temperatura se utiliza principalmente para monitorear y registrar la temperatura en entornos de almacenamiento y transporte de alimentos y medicamentos, como bolsas refrigeradas, camiones refrigerados, contenedores.\" \/>\n<meta property=\"og:url\" content=\"https:\/\/abaa.mx\/tienda\/elitech-tinyusb-10-data-logger\/\" \/>\n<meta property=\"og:site_name\" content=\"Abaa tienda online\" \/>\n<meta property=\"article:modified_time\" content=\"2023-11-15T14:57:23+00:00\" \/>\n<meta property=\"og:image\" content=\"https:\/\/abaa.mx\/tienda\/wp-content\/uploads\/2023\/10\/Elitech-tiny-usb-10.jpg\" \/>\n\t<meta property=\"og:image:width\" content=\"618\" \/>\n\t<meta property=\"og:image:height\" content=\"419\" \/>\n\t<meta property=\"og:image:type\" content=\"image\/jpeg\" \/>\n<meta name=\"twitter:card\" content=\"summary_large_image\" \/>\n<meta name=\"twitter:label1\" content=\"Tiempo de lectura\" \/>\n\t<meta name=\"twitter:data1\" content=\"2 minutos\" \/>\n<script type=\"application\/ld+json\" class=\"yoast-schema-graph\">{\"@context\":\"https:\/\/schema.org\",\"@graph\":[{\"@type\":\"WebPage\",\"@id\":\"https:\/\/abaa.mx\/tienda\/elitech-tinyusb-10-data-logger\/\",\"url\":\"https:\/\/abaa.mx\/tienda\/elitech-tinyusb-10-data-logger\/\",\"name\":\"Elitech tinyusb-10 data logger - Abaa tienda online\",\"isPartOf\":{\"@id\":\"https:\/\/abaa.mx\/tienda\/#website\"},\"primaryImageOfPage\":{\"@id\":\"https:\/\/abaa.mx\/tienda\/elitech-tinyusb-10-data-logger\/#primaryimage\"},\"image\":{\"@id\":\"https:\/\/abaa.mx\/tienda\/elitech-tinyusb-10-data-logger\/#primaryimage\"},\"thumbnailUrl\":\"https:\/\/abaa.mx\/tienda\/wp-content\/uploads\/2023\/10\/Elitech-tiny-usb-10.jpg\",\"datePublished\":\"2023-10-30T17:39:18+00:00\",\"dateModified\":\"2023-11-15T14:57:23+00:00\",\"breadcrumb\":{\"@id\":\"https:\/\/abaa.mx\/tienda\/elitech-tinyusb-10-data-logger\/#breadcrumb\"},\"inLanguage\":\"es\",\"potentialAction\":[{\"@type\":\"ReadAction\",\"target\":[\"https:\/\/abaa.mx\/tienda\/elitech-tinyusb-10-data-logger\/\"]}]},{\"@type\":\"ImageObject\",\"inLanguage\":\"es\",\"@id\":\"https:\/\/abaa.mx\/tienda\/elitech-tinyusb-10-data-logger\/#primaryimage\",\"url\":\"https:\/\/abaa.mx\/tienda\/wp-content\/uploads\/2023\/10\/Elitech-tiny-usb-10.jpg\",\"contentUrl\":\"https:\/\/abaa.mx\/tienda\/wp-content\/uploads\/2023\/10\/Elitech-tiny-usb-10.jpg\",\"width\":618,\"height\":419,\"caption\":\"Elitech tiny usb-10\"},{\"@type\":\"BreadcrumbList\",\"@id\":\"https:\/\/abaa.mx\/tienda\/elitech-tinyusb-10-data-logger\/#breadcrumb\",\"itemListElement\":[{\"@type\":\"ListItem\",\"position\":1,\"name\":\"Inicio\",\"item\":\"https:\/\/abaa.mx\/tienda\/\"},{\"@type\":\"ListItem\",\"position\":2,\"name\":\"Tienda\",\"item\":\"https:\/\/abaa.mx\/tienda\/\"},{\"@type\":\"ListItem\",\"position\":3,\"name\":\"Elitech tinyusb-10 data logger\"}]},{\"@type\":\"WebSite\",\"@id\":\"https:\/\/abaa.mx\/tienda\/#website\",\"url\":\"https:\/\/abaa.mx\/tienda\/\",\"name\":\"Abaa tienda online\",\"description\":\"Instrumentos de medici\u00f3n\",\"publisher\":{\"@id\":\"https:\/\/abaa.mx\/tienda\/#organization\"},\"potentialAction\":[{\"@type\":\"SearchAction\",\"target\":{\"@type\":\"EntryPoint\",\"urlTemplate\":\"https:\/\/abaa.mx\/tienda\/?s={search_term_string}\"},\"query-input\":{\"@type\":\"PropertyValueSpecification\",\"valueRequired\":true,\"valueName\":\"search_term_string\"}}],\"inLanguage\":\"es\"},{\"@type\":\"Organization\",\"@id\":\"https:\/\/abaa.mx\/tienda\/#organization\",\"name\":\"Abaa tienda online\",\"url\":\"https:\/\/abaa.mx\/tienda\/\",\"logo\":{\"@type\":\"ImageObject\",\"inLanguage\":\"es\",\"@id\":\"https:\/\/abaa.mx\/tienda\/#\/schema\/logo\/image\/\",\"url\":\"https:\/\/abaa.mx\/tienda\/wp-content\/uploads\/2024\/01\/abaa-metrologia-tienda.png\",\"contentUrl\":\"https:\/\/abaa.mx\/tienda\/wp-content\/uploads\/2024\/01\/abaa-metrologia-tienda.png\",\"width\":300,\"height\":141,\"caption\":\"Abaa tienda online\"},\"image\":{\"@id\":\"https:\/\/abaa.mx\/tienda\/#\/schema\/logo\/image\/\"}}]}<\/script>\n<!-- \/ Yoast SEO plugin. -->","yoast_head_json":{"title":"Elitech tinyusb-10 data logger - Abaa tienda online","robots":{"index":"index","follow":"follow","max-snippet":"max-snippet:-1","max-image-preview":"max-image-preview:large","max-video-preview":"max-video-preview:-1"},"canonical":"https:\/\/abaa.mx\/tienda\/elitech-tinyusb-10-data-logger\/","og_locale":"es_MX","og_type":"article","og_title":"Elitech tinyusb-10 data logger - Abaa tienda online","og_description":"Este registrador de temperatura se utiliza principalmente para monitorear y registrar la temperatura en entornos de almacenamiento y transporte de alimentos y medicamentos, como bolsas refrigeradas, camiones refrigerados, contenedores.","og_url":"https:\/\/abaa.mx\/tienda\/elitech-tinyusb-10-data-logger\/","og_site_name":"Abaa tienda online","article_modified_time":"2023-11-15T14:57:23+00:00","og_image":[{"width":618,"height":419,"url":"https:\/\/abaa.mx\/tienda\/wp-content\/uploads\/2023\/10\/Elitech-tiny-usb-10.jpg","type":"image\/jpeg"}],"twitter_card":"summary_large_image","twitter_misc":{"Tiempo de lectura":"2 minutos"},"schema":{"@context":"https:\/\/schema.org","@graph":[{"@type":"WebPage","@id":"https:\/\/abaa.mx\/tienda\/elitech-tinyusb-10-data-logger\/","url":"https:\/\/abaa.mx\/tienda\/elitech-tinyusb-10-data-logger\/","name":"Elitech tinyusb-10 data logger - Abaa tienda online","isPartOf":{"@id":"https:\/\/abaa.mx\/tienda\/#website"},"primaryImageOfPage":{"@id":"https:\/\/abaa.mx\/tienda\/elitech-tinyusb-10-data-logger\/#primaryimage"},"image":{"@id":"https:\/\/abaa.mx\/tienda\/elitech-tinyusb-10-data-logger\/#primaryimage"},"thumbnailUrl":"https:\/\/abaa.mx\/tienda\/wp-content\/uploads\/2023\/10\/Elitech-tiny-usb-10.jpg","datePublished":"2023-10-30T17:39:18+00:00","dateModified":"2023-11-15T14:57:23+00:00","breadcrumb":{"@id":"https:\/\/abaa.mx\/tienda\/elitech-tinyusb-10-data-logger\/#breadcrumb"},"inLanguage":"es","potentialAction":[{"@type":"ReadAction","target":["https:\/\/abaa.mx\/tienda\/elitech-tinyusb-10-data-logger\/"]}]},{"@type":"ImageObject","inLanguage":"es","@id":"https:\/\/abaa.mx\/tienda\/elitech-tinyusb-10-data-logger\/#primaryimage","url":"https:\/\/abaa.mx\/tienda\/wp-content\/uploads\/2023\/10\/Elitech-tiny-usb-10.jpg","contentUrl":"https:\/\/abaa.mx\/tienda\/wp-content\/uploads\/2023\/10\/Elitech-tiny-usb-10.jpg","width":618,"height":419,"caption":"Elitech tiny usb-10"},{"@type":"BreadcrumbList","@id":"https:\/\/abaa.mx\/tienda\/elitech-tinyusb-10-data-logger\/#breadcrumb","itemListElement":[{"@type":"ListItem","position":1,"name":"Inicio","item":"https:\/\/abaa.mx\/tienda\/"},{"@type":"ListItem","position":2,"name":"Tienda","item":"https:\/\/abaa.mx\/tienda\/"},{"@type":"ListItem","position":3,"name":"Elitech tinyusb-10 data logger"}]},{"@type":"WebSite","@id":"https:\/\/abaa.mx\/tienda\/#website","url":"https:\/\/abaa.mx\/tienda\/","name":"Abaa tienda online","description":"Instrumentos de medici\u00f3n","publisher":{"@id":"https:\/\/abaa.mx\/tienda\/#organization"},"potentialAction":[{"@type":"SearchAction","target":{"@type":"EntryPoint","urlTemplate":"https:\/\/abaa.mx\/tienda\/?s={search_term_string}"},"query-input":{"@type":"PropertyValueSpecification","valueRequired":true,"valueName":"search_term_string"}}],"inLanguage":"es"},{"@type":"Organization","@id":"https:\/\/abaa.mx\/tienda\/#organization","name":"Abaa tienda online","url":"https:\/\/abaa.mx\/tienda\/","logo":{"@type":"ImageObject","inLanguage":"es","@id":"https:\/\/abaa.mx\/tienda\/#\/schema\/logo\/image\/","url":"https:\/\/abaa.mx\/tienda\/wp-content\/uploads\/2024\/01\/abaa-metrologia-tienda.png","contentUrl":"https:\/\/abaa.mx\/tienda\/wp-content\/uploads\/2024\/01\/abaa-metrologia-tienda.png","width":300,"height":141,"caption":"Abaa tienda online"},"image":{"@id":"https:\/\/abaa.mx\/tienda\/#\/schema\/logo\/image\/"}}]}},"_links":{"self":[{"href":"https:\/\/abaa.mx\/tienda\/wp-json\/wp\/v2\/product\/8197","targetHints":{"allow":["GET"]}}],"collection":[{"href":"https:\/\/abaa.mx\/tienda\/wp-json\/wp\/v2\/product"}],"about":[{"href":"https:\/\/abaa.mx\/tienda\/wp-json\/wp\/v2\/types\/product"}],"replies":[{"embeddable":true,"href":"https:\/\/abaa.mx\/tienda\/wp-json\/wp\/v2\/comments?post=8197"}],"wp:featuredmedia":[{"embeddable":true,"href":"https:\/\/abaa.mx\/tienda\/wp-json\/wp\/v2\/media\/8198"}],"wp:attachment":[{"href":"https:\/\/abaa.mx\/tienda\/wp-json\/wp\/v2\/media?parent=8197"}],"wp:term":[{"taxonomy":"product_brand","embeddable":true,"href":"https:\/\/abaa.mx\/tienda\/wp-json\/wp\/v2\/product_brand?post=8197"},{"taxonomy":"product_cat","embeddable":true,"href":"https:\/\/abaa.mx\/tienda\/wp-json\/wp\/v2\/product_cat?post=8197"},{"taxonomy":"product_tag","embeddable":true,"href":"https:\/\/abaa.mx\/tienda\/wp-json\/wp\/v2\/product_tag?post=8197"}],"curies":[{"name":"wp","href":"https:\/\/api.w.org\/{rel}","templated":true}]}}