{"id":8185,"date":"2023-10-30T15:09:54","date_gmt":"2023-10-30T15:09:54","guid":{"rendered":"https:\/\/abaa.mx\/tienda\/?post_type=product&#038;p=8185"},"modified":"2023-12-04T15:29:36","modified_gmt":"2023-12-04T15:29:36","slug":"dosimetro-paradosimetro-para-radiacion-ionizante-0-200-mr-138","status":"publish","type":"product","link":"https:\/\/abaa.mx\/tienda\/dosimetro-paradosimetro-para-radiacion-ionizante-0-200-mr-138\/","title":{"rendered":"Dosimetro para Dos\u00edmetro para Radiaci\u00f3n Ionizante 0-200 mR -138"},"content":{"rendered":"<p>Dosimetro paraDos\u00edmetro para Radiaci\u00f3n Ionizante 0-200 mR -138.<\/p>\n","protected":false},"excerpt":{"rendered":"<p>Los dos\u00edmetros para radiaci\u00f3n ionizante 0-200 mR 138 le dejan a cualquier operador de equipos de Rayos X, fluoroscopios y equipos con radiaci\u00f3n de Rayos Gamma cuantificar la dosis de radiaci\u00f3n que ha recibido en un turno de trabajo. Esto con el objetivo de evitar problemas permanentes en la salud debido a una sobre exposici\u00f3n a una fuente de radiaci\u00f3n ionizante.<\/p>\n<p>Campo de app :<\/p>\n<p>Estos equipos son id\u00f3neas como equipos de protecci\u00f3n personal (EPP) para: Radi\u00f3logos de campo, radi\u00f3logos cl\u00ednicos y angi\u00f3grafos en el sector salud, operadores de radiograf\u00eda port\u00e1til y\/o fluoroscop\u00eda. Inspectores de soldadura y aconsejes que usan m\u00e1quinas de Rayos X diariamente o por temporada. En \u00e1reas donde las fuentes de radiaci\u00f3n est\u00e1n presentes diariamente en el transcurso de un turno de trabajo. A\u00f1ade seguridad a tu desempeno con el uso de el medidor de dosis de radiaci\u00f3n (dos\u00edmetro) AR-138. Fabricado en USA<\/p>\n<p>Se\u00fan la NOM-012-STPS:2012; en el inciso 6.2 es obligatorio &#8220;Portar y mantener en estupendas condiciones el equipo de protecci\u00f3n personal entregado por el patr\u00f3n, los dos\u00edmetros y el aparato de medici\u00f3n de radiaci\u00f3n ionizante, con base en las normas de uso y cuidado del fabricante .&#8221;<\/p>\n<p>Los dos\u00edmetros de lectura directa son instrumentos de precisi\u00f3n robustos. Est\u00e1n disenados para medir y leer de forma directa en cualquier tiempo de dosis acumulada en exposici\u00f3n a la radiaci\u00f3n Gamma y Rayos X. La lectura directa del dos\u00edmetro est\u00e1 disenada para agradar las informaciones militares y los requisitos de ANSI N13.5, N322 y IM-Series Radiac METER. El clip de metal resistente asegura el dos\u00edmetro a un bolsillo o cualquier objeto para monitorear la exposici\u00f3n total a la radiaci\u00f3n. Est\u00e1n herm\u00e9ticamente cerrados y son a prueba de inmersi\u00f3n.<\/p>\n<h4><b>Especificaciones:<\/b><\/h4>\n<ul>\n<li>Cubierta del detector:Pl\u00e1sticos de permeabilidad muy baja &#8211; cerrados herm\u00e9ticamente.<\/li>\n<li>Peso: 1.0 oz. (25 gramos).<\/li>\n<li>Rango de Temperatura:-20 \u00baC a +50 \u00baC.<\/li>\n<li>Vida \u00fatil: 20 A\u00f1os.<\/li>\n<li>Radiaci\u00f3n detectada:Gamma y Rayos X de 16 keV a 6 MeV.<\/li>\n<li>Especificaciones:ANSI N13.5 y ANSI N322-1997.<\/li>\n<li>Rango: 0-200mR.<\/li>\n<li>Dimensiones: 4.5\u201d (12.4 cm) Longitud X .6\u201c (1.5 cm) Di\u00e1metro.<\/li>\n<li>Tasa de respuesta:La tasa de dosis es independiente para Gamma y Rayos X.<\/li>\n<li>Humedad Relativa:HR &lt; 90%.<\/li>\n<li>Fuga el\u00e9ctrica: &lt; 1,0% de escala completa, por 24 hrs. a 50 \u00baC.<\/li>\n<li>Precisi\u00f3n: +\/\u2013 10% de exposici\u00f3n verdadera.<\/li>\n<li>Detector:Electr\u00f3metro de fibra montado en una c\u00e1mara de iones de pl\u00e1stico el\u00e9ctricamente conductivo.<\/li>\n<li>Garant\u00eda:Dos anos de garant\u00eda limitada.<\/li>\n<li>Acabado: Natural Negro mate con un clip de metal.<\/li>\n<\/ul>\n","protected":false},"featured_media":8188,"comment_status":"open","ping_status":"closed","template":"","meta":{"_joinchat":[]},"product_brand":[],"product_cat":[94],"product_tag":[],"class_list":{"0":"post-8185","1":"product","2":"type-product","3":"status-publish","4":"has-post-thumbnail","6":"product_cat-dosimetro","8":"first","9":"instock","10":"shipping-taxable","11":"product-type-simple"},"yoast_head":"<!-- This site is optimized with the Yoast SEO plugin v26.4 - https:\/\/yoast.com\/wordpress\/plugins\/seo\/ -->\n<title>Dosimetro para Dos\u00edmetro para Radiaci\u00f3n Ionizante 0-200 mR -138 - Abaa tienda online<\/title>\n<meta name=\"robots\" content=\"index, follow, max-snippet:-1, max-image-preview:large, max-video-preview:-1\" \/>\n<link rel=\"canonical\" href=\"https:\/\/abaa.mx\/tienda\/dosimetro-paradosimetro-para-radiacion-ionizante-0-200-mr-138\/\" \/>\n<meta property=\"og:locale\" content=\"es_MX\" \/>\n<meta property=\"og:type\" content=\"article\" \/>\n<meta property=\"og:title\" content=\"Dosimetro para Dos\u00edmetro para Radiaci\u00f3n Ionizante 0-200 mR -138 - Abaa tienda online\" \/>\n<meta property=\"og:description\" content=\"Los dos\u00edmetros para radiaci\u00f3n ionizante 0-200 mR 138 le dejan a cualquier operador de equipos de Rayos X, fluoroscopios y equipos con radiaci\u00f3n de Rayos Gamma cuantificar la dosis de radiaci\u00f3n que ha recibido en un turno de trabajo. Esto con el objetivo de evitar problemas permanentes en la salud debido a una sobre exposici\u00f3n a una fuente de radiaci\u00f3n ionizante.  Campo de app :  Estos equipos son id\u00f3neas como equipos de protecci\u00f3n personal (EPP) para: Radi\u00f3logos de campo, radi\u00f3logos cl\u00ednicos y angi\u00f3grafos en el sector salud, operadores de radiograf\u00eda port\u00e1til y\/o fluoroscop\u00eda. Inspectores de soldadura y aconsejes que usan m\u00e1quinas de Rayos X diariamente o por temporada. En \u00e1reas donde las fuentes de radiaci\u00f3n est\u00e1n presentes diariamente en el transcurso de un turno de trabajo. A\u00f1ade seguridad a tu desempeno con el uso de el medidor de dosis de radiaci\u00f3n (dos\u00edmetro) AR-138. Fabricado en USA  Se\u00fan la NOM-012-STPS:2012; en el inciso 6.2 es obligatorio &quot;Portar y mantener en estupendas condiciones el equipo de protecci\u00f3n personal entregado por el patr\u00f3n, los dos\u00edmetros y el aparato de medici\u00f3n de radiaci\u00f3n ionizante, con base en las normas de uso y cuidado del fabricante .&quot;  Los dos\u00edmetros de lectura directa son instrumentos de precisi\u00f3n robustos. Est\u00e1n disenados para medir y leer de forma directa en cualquier tiempo de dosis acumulada en exposici\u00f3n a la radiaci\u00f3n Gamma y Rayos X. La lectura directa del dos\u00edmetro est\u00e1 disenada para agradar las informaciones militares y los requisitos de ANSI N13.5, N322 y IM-Series Radiac METER. El clip de metal resistente asegura el dos\u00edmetro a un bolsillo o cualquier objeto para monitorear la exposici\u00f3n total a la radiaci\u00f3n. Est\u00e1n herm\u00e9ticamente cerrados y son a prueba de inmersi\u00f3n. Especificaciones:   Cubierta del detector:Pl\u00e1sticos de permeabilidad muy baja - cerrados herm\u00e9ticamente.  Peso: 1.0 oz. (25 gramos).  Rango de Temperatura:-20 \u00baC a +50 \u00baC.  Vida \u00fatil: 20 A\u00f1os.  Radiaci\u00f3n detectada:Gamma y Rayos X de 16 keV a 6 MeV.  Especificaciones:ANSI N13.5 y ANSI N322-1997.  Rango: 0-200mR.  Dimensiones: 4.5\u201d (12.4 cm) Longitud X .6\u201c (1.5 cm) Di\u00e1metro.  Tasa de respuesta:La tasa de dosis es independiente para Gamma y Rayos X.  Humedad Relativa:HR &lt; 90%.  Fuga el\u00e9ctrica: &lt; 1,0% de escala completa, por 24 hrs. a 50 \u00baC.  Precisi\u00f3n: +\/\u2013 10% de exposici\u00f3n verdadera.  Detector:Electr\u00f3metro de fibra montado en una c\u00e1mara de iones de pl\u00e1stico el\u00e9ctricamente conductivo.  Garant\u00eda:Dos anos de garant\u00eda limitada.  Acabado: Natural Negro mate con un clip de metal.\" \/>\n<meta property=\"og:url\" content=\"https:\/\/abaa.mx\/tienda\/dosimetro-paradosimetro-para-radiacion-ionizante-0-200-mr-138\/\" \/>\n<meta property=\"og:site_name\" content=\"Abaa tienda online\" \/>\n<meta property=\"article:modified_time\" content=\"2023-12-04T15:29:36+00:00\" \/>\n<meta property=\"og:image\" content=\"https:\/\/abaa.mx\/tienda\/wp-content\/uploads\/2023\/10\/ARROW-TECH-0-200-MR-138-1.jpg\" \/>\n\t<meta property=\"og:image:width\" content=\"476\" \/>\n\t<meta property=\"og:image:height\" content=\"434\" \/>\n\t<meta property=\"og:image:type\" content=\"image\/jpeg\" \/>\n<meta name=\"twitter:card\" content=\"summary_large_image\" \/>\n<meta name=\"twitter:label1\" content=\"Tiempo de lectura\" \/>\n\t<meta name=\"twitter:data1\" content=\"1 minuto\" \/>\n<script type=\"application\/ld+json\" class=\"yoast-schema-graph\">{\"@context\":\"https:\/\/schema.org\",\"@graph\":[{\"@type\":\"WebPage\",\"@id\":\"https:\/\/abaa.mx\/tienda\/dosimetro-paradosimetro-para-radiacion-ionizante-0-200-mr-138\/\",\"url\":\"https:\/\/abaa.mx\/tienda\/dosimetro-paradosimetro-para-radiacion-ionizante-0-200-mr-138\/\",\"name\":\"Dosimetro para Dos\u00edmetro para Radiaci\u00f3n Ionizante 0-200 mR -138 - Abaa tienda online\",\"isPartOf\":{\"@id\":\"https:\/\/abaa.mx\/tienda\/#website\"},\"primaryImageOfPage\":{\"@id\":\"https:\/\/abaa.mx\/tienda\/dosimetro-paradosimetro-para-radiacion-ionizante-0-200-mr-138\/#primaryimage\"},\"image\":{\"@id\":\"https:\/\/abaa.mx\/tienda\/dosimetro-paradosimetro-para-radiacion-ionizante-0-200-mr-138\/#primaryimage\"},\"thumbnailUrl\":\"https:\/\/abaa.mx\/tienda\/wp-content\/uploads\/2023\/10\/ARROW-TECH-0-200-MR-138-1.jpg\",\"datePublished\":\"2023-10-30T15:09:54+00:00\",\"dateModified\":\"2023-12-04T15:29:36+00:00\",\"breadcrumb\":{\"@id\":\"https:\/\/abaa.mx\/tienda\/dosimetro-paradosimetro-para-radiacion-ionizante-0-200-mr-138\/#breadcrumb\"},\"inLanguage\":\"es\",\"potentialAction\":[{\"@type\":\"ReadAction\",\"target\":[\"https:\/\/abaa.mx\/tienda\/dosimetro-paradosimetro-para-radiacion-ionizante-0-200-mr-138\/\"]}]},{\"@type\":\"ImageObject\",\"inLanguage\":\"es\",\"@id\":\"https:\/\/abaa.mx\/tienda\/dosimetro-paradosimetro-para-radiacion-ionizante-0-200-mr-138\/#primaryimage\",\"url\":\"https:\/\/abaa.mx\/tienda\/wp-content\/uploads\/2023\/10\/ARROW-TECH-0-200-MR-138-1.jpg\",\"contentUrl\":\"https:\/\/abaa.mx\/tienda\/wp-content\/uploads\/2023\/10\/ARROW-TECH-0-200-MR-138-1.jpg\",\"width\":476,\"height\":434,\"caption\":\"ARROW TECH-0-200 MR-138\"},{\"@type\":\"BreadcrumbList\",\"@id\":\"https:\/\/abaa.mx\/tienda\/dosimetro-paradosimetro-para-radiacion-ionizante-0-200-mr-138\/#breadcrumb\",\"itemListElement\":[{\"@type\":\"ListItem\",\"position\":1,\"name\":\"Inicio\",\"item\":\"https:\/\/abaa.mx\/tienda\/\"},{\"@type\":\"ListItem\",\"position\":2,\"name\":\"Tienda\",\"item\":\"https:\/\/abaa.mx\/tienda\/\"},{\"@type\":\"ListItem\",\"position\":3,\"name\":\"Dosimetro para Dos\u00edmetro para Radiaci\u00f3n Ionizante 0-200 mR -138\"}]},{\"@type\":\"WebSite\",\"@id\":\"https:\/\/abaa.mx\/tienda\/#website\",\"url\":\"https:\/\/abaa.mx\/tienda\/\",\"name\":\"Abaa tienda online\",\"description\":\"Instrumentos de medici\u00f3n\",\"publisher\":{\"@id\":\"https:\/\/abaa.mx\/tienda\/#organization\"},\"potentialAction\":[{\"@type\":\"SearchAction\",\"target\":{\"@type\":\"EntryPoint\",\"urlTemplate\":\"https:\/\/abaa.mx\/tienda\/?s={search_term_string}\"},\"query-input\":{\"@type\":\"PropertyValueSpecification\",\"valueRequired\":true,\"valueName\":\"search_term_string\"}}],\"inLanguage\":\"es\"},{\"@type\":\"Organization\",\"@id\":\"https:\/\/abaa.mx\/tienda\/#organization\",\"name\":\"Abaa tienda online\",\"url\":\"https:\/\/abaa.mx\/tienda\/\",\"logo\":{\"@type\":\"ImageObject\",\"inLanguage\":\"es\",\"@id\":\"https:\/\/abaa.mx\/tienda\/#\/schema\/logo\/image\/\",\"url\":\"https:\/\/abaa.mx\/tienda\/wp-content\/uploads\/2024\/01\/abaa-metrologia-tienda.png\",\"contentUrl\":\"https:\/\/abaa.mx\/tienda\/wp-content\/uploads\/2024\/01\/abaa-metrologia-tienda.png\",\"width\":300,\"height\":141,\"caption\":\"Abaa tienda online\"},\"image\":{\"@id\":\"https:\/\/abaa.mx\/tienda\/#\/schema\/logo\/image\/\"}}]}<\/script>\n<!-- \/ Yoast SEO plugin. -->","yoast_head_json":{"title":"Dosimetro para Dos\u00edmetro para Radiaci\u00f3n Ionizante 0-200 mR -138 - Abaa tienda online","robots":{"index":"index","follow":"follow","max-snippet":"max-snippet:-1","max-image-preview":"max-image-preview:large","max-video-preview":"max-video-preview:-1"},"canonical":"https:\/\/abaa.mx\/tienda\/dosimetro-paradosimetro-para-radiacion-ionizante-0-200-mr-138\/","og_locale":"es_MX","og_type":"article","og_title":"Dosimetro para Dos\u00edmetro para Radiaci\u00f3n Ionizante 0-200 mR -138 - Abaa tienda online","og_description":"Los dos\u00edmetros para radiaci\u00f3n ionizante 0-200 mR 138 le dejan a cualquier operador de equipos de Rayos X, fluoroscopios y equipos con radiaci\u00f3n de Rayos Gamma cuantificar la dosis de radiaci\u00f3n que ha recibido en un turno de trabajo. Esto con el objetivo de evitar problemas permanentes en la salud debido a una sobre exposici\u00f3n a una fuente de radiaci\u00f3n ionizante.  Campo de app :  Estos equipos son id\u00f3neas como equipos de protecci\u00f3n personal (EPP) para: Radi\u00f3logos de campo, radi\u00f3logos cl\u00ednicos y angi\u00f3grafos en el sector salud, operadores de radiograf\u00eda port\u00e1til y\/o fluoroscop\u00eda. Inspectores de soldadura y aconsejes que usan m\u00e1quinas de Rayos X diariamente o por temporada. En \u00e1reas donde las fuentes de radiaci\u00f3n est\u00e1n presentes diariamente en el transcurso de un turno de trabajo. A\u00f1ade seguridad a tu desempeno con el uso de el medidor de dosis de radiaci\u00f3n (dos\u00edmetro) AR-138. Fabricado en USA  Se\u00fan la NOM-012-STPS:2012; en el inciso 6.2 es obligatorio \"Portar y mantener en estupendas condiciones el equipo de protecci\u00f3n personal entregado por el patr\u00f3n, los dos\u00edmetros y el aparato de medici\u00f3n de radiaci\u00f3n ionizante, con base en las normas de uso y cuidado del fabricante .\"  Los dos\u00edmetros de lectura directa son instrumentos de precisi\u00f3n robustos. Est\u00e1n disenados para medir y leer de forma directa en cualquier tiempo de dosis acumulada en exposici\u00f3n a la radiaci\u00f3n Gamma y Rayos X. La lectura directa del dos\u00edmetro est\u00e1 disenada para agradar las informaciones militares y los requisitos de ANSI N13.5, N322 y IM-Series Radiac METER. El clip de metal resistente asegura el dos\u00edmetro a un bolsillo o cualquier objeto para monitorear la exposici\u00f3n total a la radiaci\u00f3n. Est\u00e1n herm\u00e9ticamente cerrados y son a prueba de inmersi\u00f3n. Especificaciones:   Cubierta del detector:Pl\u00e1sticos de permeabilidad muy baja - cerrados herm\u00e9ticamente.  Peso: 1.0 oz. (25 gramos).  Rango de Temperatura:-20 \u00baC a +50 \u00baC.  Vida \u00fatil: 20 A\u00f1os.  Radiaci\u00f3n detectada:Gamma y Rayos X de 16 keV a 6 MeV.  Especificaciones:ANSI N13.5 y ANSI N322-1997.  Rango: 0-200mR.  Dimensiones: 4.5\u201d (12.4 cm) Longitud X .6\u201c (1.5 cm) Di\u00e1metro.  Tasa de respuesta:La tasa de dosis es independiente para Gamma y Rayos X.  Humedad Relativa:HR &lt; 90%.  Fuga el\u00e9ctrica: &lt; 1,0% de escala completa, por 24 hrs. a 50 \u00baC.  Precisi\u00f3n: +\/\u2013 10% de exposici\u00f3n verdadera.  Detector:Electr\u00f3metro de fibra montado en una c\u00e1mara de iones de pl\u00e1stico el\u00e9ctricamente conductivo.  Garant\u00eda:Dos anos de garant\u00eda limitada.  Acabado: Natural Negro mate con un clip de metal.","og_url":"https:\/\/abaa.mx\/tienda\/dosimetro-paradosimetro-para-radiacion-ionizante-0-200-mr-138\/","og_site_name":"Abaa tienda online","article_modified_time":"2023-12-04T15:29:36+00:00","og_image":[{"width":476,"height":434,"url":"https:\/\/abaa.mx\/tienda\/wp-content\/uploads\/2023\/10\/ARROW-TECH-0-200-MR-138-1.jpg","type":"image\/jpeg"}],"twitter_card":"summary_large_image","twitter_misc":{"Tiempo de lectura":"1 minuto"},"schema":{"@context":"https:\/\/schema.org","@graph":[{"@type":"WebPage","@id":"https:\/\/abaa.mx\/tienda\/dosimetro-paradosimetro-para-radiacion-ionizante-0-200-mr-138\/","url":"https:\/\/abaa.mx\/tienda\/dosimetro-paradosimetro-para-radiacion-ionizante-0-200-mr-138\/","name":"Dosimetro para Dos\u00edmetro para Radiaci\u00f3n Ionizante 0-200 mR -138 - Abaa tienda online","isPartOf":{"@id":"https:\/\/abaa.mx\/tienda\/#website"},"primaryImageOfPage":{"@id":"https:\/\/abaa.mx\/tienda\/dosimetro-paradosimetro-para-radiacion-ionizante-0-200-mr-138\/#primaryimage"},"image":{"@id":"https:\/\/abaa.mx\/tienda\/dosimetro-paradosimetro-para-radiacion-ionizante-0-200-mr-138\/#primaryimage"},"thumbnailUrl":"https:\/\/abaa.mx\/tienda\/wp-content\/uploads\/2023\/10\/ARROW-TECH-0-200-MR-138-1.jpg","datePublished":"2023-10-30T15:09:54+00:00","dateModified":"2023-12-04T15:29:36+00:00","breadcrumb":{"@id":"https:\/\/abaa.mx\/tienda\/dosimetro-paradosimetro-para-radiacion-ionizante-0-200-mr-138\/#breadcrumb"},"inLanguage":"es","potentialAction":[{"@type":"ReadAction","target":["https:\/\/abaa.mx\/tienda\/dosimetro-paradosimetro-para-radiacion-ionizante-0-200-mr-138\/"]}]},{"@type":"ImageObject","inLanguage":"es","@id":"https:\/\/abaa.mx\/tienda\/dosimetro-paradosimetro-para-radiacion-ionizante-0-200-mr-138\/#primaryimage","url":"https:\/\/abaa.mx\/tienda\/wp-content\/uploads\/2023\/10\/ARROW-TECH-0-200-MR-138-1.jpg","contentUrl":"https:\/\/abaa.mx\/tienda\/wp-content\/uploads\/2023\/10\/ARROW-TECH-0-200-MR-138-1.jpg","width":476,"height":434,"caption":"ARROW TECH-0-200 MR-138"},{"@type":"BreadcrumbList","@id":"https:\/\/abaa.mx\/tienda\/dosimetro-paradosimetro-para-radiacion-ionizante-0-200-mr-138\/#breadcrumb","itemListElement":[{"@type":"ListItem","position":1,"name":"Inicio","item":"https:\/\/abaa.mx\/tienda\/"},{"@type":"ListItem","position":2,"name":"Tienda","item":"https:\/\/abaa.mx\/tienda\/"},{"@type":"ListItem","position":3,"name":"Dosimetro para Dos\u00edmetro para Radiaci\u00f3n Ionizante 0-200 mR -138"}]},{"@type":"WebSite","@id":"https:\/\/abaa.mx\/tienda\/#website","url":"https:\/\/abaa.mx\/tienda\/","name":"Abaa tienda online","description":"Instrumentos de medici\u00f3n","publisher":{"@id":"https:\/\/abaa.mx\/tienda\/#organization"},"potentialAction":[{"@type":"SearchAction","target":{"@type":"EntryPoint","urlTemplate":"https:\/\/abaa.mx\/tienda\/?s={search_term_string}"},"query-input":{"@type":"PropertyValueSpecification","valueRequired":true,"valueName":"search_term_string"}}],"inLanguage":"es"},{"@type":"Organization","@id":"https:\/\/abaa.mx\/tienda\/#organization","name":"Abaa tienda online","url":"https:\/\/abaa.mx\/tienda\/","logo":{"@type":"ImageObject","inLanguage":"es","@id":"https:\/\/abaa.mx\/tienda\/#\/schema\/logo\/image\/","url":"https:\/\/abaa.mx\/tienda\/wp-content\/uploads\/2024\/01\/abaa-metrologia-tienda.png","contentUrl":"https:\/\/abaa.mx\/tienda\/wp-content\/uploads\/2024\/01\/abaa-metrologia-tienda.png","width":300,"height":141,"caption":"Abaa tienda online"},"image":{"@id":"https:\/\/abaa.mx\/tienda\/#\/schema\/logo\/image\/"}}]}},"_links":{"self":[{"href":"https:\/\/abaa.mx\/tienda\/wp-json\/wp\/v2\/product\/8185","targetHints":{"allow":["GET"]}}],"collection":[{"href":"https:\/\/abaa.mx\/tienda\/wp-json\/wp\/v2\/product"}],"about":[{"href":"https:\/\/abaa.mx\/tienda\/wp-json\/wp\/v2\/types\/product"}],"replies":[{"embeddable":true,"href":"https:\/\/abaa.mx\/tienda\/wp-json\/wp\/v2\/comments?post=8185"}],"wp:featuredmedia":[{"embeddable":true,"href":"https:\/\/abaa.mx\/tienda\/wp-json\/wp\/v2\/media\/8188"}],"wp:attachment":[{"href":"https:\/\/abaa.mx\/tienda\/wp-json\/wp\/v2\/media?parent=8185"}],"wp:term":[{"taxonomy":"product_brand","embeddable":true,"href":"https:\/\/abaa.mx\/tienda\/wp-json\/wp\/v2\/product_brand?post=8185"},{"taxonomy":"product_cat","embeddable":true,"href":"https:\/\/abaa.mx\/tienda\/wp-json\/wp\/v2\/product_cat?post=8185"},{"taxonomy":"product_tag","embeddable":true,"href":"https:\/\/abaa.mx\/tienda\/wp-json\/wp\/v2\/product_tag?post=8185"}],"curies":[{"name":"wp","href":"https:\/\/api.w.org\/{rel}","templated":true}]}}