{"id":8178,"date":"2023-10-30T15:00:19","date_gmt":"2023-10-30T15:00:19","guid":{"rendered":"https:\/\/abaa.mx\/tienda\/?post_type=product&#038;p=8178"},"modified":"2023-10-30T15:00:20","modified_gmt":"2023-10-30T15:00:20","slug":"cargador-de-dosimetro-909b","status":"publish","type":"product","link":"https:\/\/abaa.mx\/tienda\/cargador-de-dosimetro-909b\/","title":{"rendered":"Cargador de dos\u00edmetro &#8211; 909B"},"content":{"rendered":"<p>Cargador de dos\u00edmetro &#8211; 909B<\/p>\n","protected":false},"excerpt":{"rendered":"<p>Cargador de dos\u00edmetro modelo 909B La luz de lectura LED del cargador modelo 909B reduce el tiempo y el ah\u00ednco de puesta a cero al eliminar la necesidad de quitar el dos\u00edmetro del cargador para leer. Sencillamente vea la escala mientras el dos\u00edmetro descansa ligeramente sobre el contacto del cargador despu\u00e9s de volver a poner a cero. Leer en la misma orientaci\u00f3n que la carga tambi\u00e9n minimiza el efecto que el movimiento de fibra inducido por la gravedad tiene en la precisi\u00f3n y precisi\u00f3n del dos\u00edmetro. El contacto de carga del cargador modelo 909B est\u00e1 accionado por resorte y tiene una parada mec\u00e1nica positiva. Esta caracter\u00edstica de dise\u00f1o hace que sea pr\u00e1cticamente irrealizable da\u00f1ar los dos\u00edmetros mediante una fuerza de carga excesiva. Con la capacidad de cargar cualquier dos\u00edmetro de lectura directa Cumple con ANSI N42.6-1980 Marcha con 2 bater\u00edas &#8220;AA&#8221; de 1.5 V Tiene la aptitud de &#8220;patear&#8221; o remover toda la carga residual de los dos\u00edmetros apropiadamente , lo que evita el movimiento espurio de fibra de gran lujo Luz de lectura LED para aceptar una carga f\u00e1cil Carga est\u00e1tica residual eliminada para prosperar la precisi\u00f3n.<\/p>\n","protected":false},"featured_media":8184,"comment_status":"open","ping_status":"closed","template":"","meta":{"_joinchat":[]},"product_brand":[],"product_cat":[94],"product_tag":[],"class_list":{"0":"post-8178","1":"product","2":"type-product","3":"status-publish","4":"has-post-thumbnail","6":"product_cat-dosimetro","8":"first","9":"instock","10":"shipping-taxable","11":"product-type-simple"},"yoast_head":"<!-- This site is optimized with the Yoast SEO plugin v26.4 - https:\/\/yoast.com\/wordpress\/plugins\/seo\/ -->\n<title>Cargador de dos\u00edmetro - 909B - Abaa tienda online<\/title>\n<meta name=\"robots\" content=\"index, follow, max-snippet:-1, max-image-preview:large, max-video-preview:-1\" \/>\n<link rel=\"canonical\" href=\"https:\/\/abaa.mx\/tienda\/cargador-de-dosimetro-909b\/\" \/>\n<meta property=\"og:locale\" content=\"es_MX\" \/>\n<meta property=\"og:type\" content=\"article\" \/>\n<meta property=\"og:title\" content=\"Cargador de dos\u00edmetro - 909B - Abaa tienda online\" \/>\n<meta property=\"og:description\" content=\"Cargador de dos\u00edmetro modelo 909B La luz de lectura LED del cargador modelo 909B reduce el tiempo y el ah\u00ednco de puesta a cero al eliminar la necesidad de quitar el dos\u00edmetro del cargador para leer. Sencillamente vea la escala mientras el dos\u00edmetro descansa ligeramente sobre el contacto del cargador despu\u00e9s de volver a poner a cero. Leer en la misma orientaci\u00f3n que la carga tambi\u00e9n minimiza el efecto que el movimiento de fibra inducido por la gravedad tiene en la precisi\u00f3n y precisi\u00f3n del dos\u00edmetro. El contacto de carga del cargador modelo 909B est\u00e1 accionado por resorte y tiene una parada mec\u00e1nica positiva. Esta caracter\u00edstica de dise\u00f1o hace que sea pr\u00e1cticamente irrealizable da\u00f1ar los dos\u00edmetros mediante una fuerza de carga excesiva. Con la capacidad de cargar cualquier dos\u00edmetro de lectura directa Cumple con ANSI N42.6-1980 Marcha con 2 bater\u00edas &quot;AA&quot; de 1.5 V Tiene la aptitud de &quot;patear&quot; o remover toda la carga residual de los dos\u00edmetros apropiadamente , lo que evita el movimiento espurio de fibra de gran lujo Luz de lectura LED para aceptar una carga f\u00e1cil Carga est\u00e1tica residual eliminada para prosperar la precisi\u00f3n.\" \/>\n<meta property=\"og:url\" content=\"https:\/\/abaa.mx\/tienda\/cargador-de-dosimetro-909b\/\" \/>\n<meta property=\"og:site_name\" content=\"Abaa tienda online\" \/>\n<meta property=\"article:modified_time\" content=\"2023-10-30T15:00:20+00:00\" \/>\n<meta property=\"og:image\" content=\"https:\/\/abaa.mx\/tienda\/wp-content\/uploads\/2023\/10\/ARROW-TECH-1909B.jpg\" \/>\n\t<meta property=\"og:image:width\" content=\"800\" \/>\n\t<meta property=\"og:image:height\" content=\"804\" \/>\n\t<meta property=\"og:image:type\" content=\"image\/jpeg\" \/>\n<meta name=\"twitter:card\" content=\"summary_large_image\" \/>\n<meta name=\"twitter:label1\" content=\"Tiempo de lectura\" \/>\n\t<meta name=\"twitter:data1\" content=\"1 minuto\" \/>\n<script type=\"application\/ld+json\" class=\"yoast-schema-graph\">{\"@context\":\"https:\/\/schema.org\",\"@graph\":[{\"@type\":\"WebPage\",\"@id\":\"https:\/\/abaa.mx\/tienda\/cargador-de-dosimetro-909b\/\",\"url\":\"https:\/\/abaa.mx\/tienda\/cargador-de-dosimetro-909b\/\",\"name\":\"Cargador de dos\u00edmetro - 909B - Abaa tienda online\",\"isPartOf\":{\"@id\":\"https:\/\/abaa.mx\/tienda\/#website\"},\"primaryImageOfPage\":{\"@id\":\"https:\/\/abaa.mx\/tienda\/cargador-de-dosimetro-909b\/#primaryimage\"},\"image\":{\"@id\":\"https:\/\/abaa.mx\/tienda\/cargador-de-dosimetro-909b\/#primaryimage\"},\"thumbnailUrl\":\"https:\/\/abaa.mx\/tienda\/wp-content\/uploads\/2023\/10\/ARROW-TECH-1909B.jpg\",\"datePublished\":\"2023-10-30T15:00:19+00:00\",\"dateModified\":\"2023-10-30T15:00:20+00:00\",\"breadcrumb\":{\"@id\":\"https:\/\/abaa.mx\/tienda\/cargador-de-dosimetro-909b\/#breadcrumb\"},\"inLanguage\":\"es\",\"potentialAction\":[{\"@type\":\"ReadAction\",\"target\":[\"https:\/\/abaa.mx\/tienda\/cargador-de-dosimetro-909b\/\"]}]},{\"@type\":\"ImageObject\",\"inLanguage\":\"es\",\"@id\":\"https:\/\/abaa.mx\/tienda\/cargador-de-dosimetro-909b\/#primaryimage\",\"url\":\"https:\/\/abaa.mx\/tienda\/wp-content\/uploads\/2023\/10\/ARROW-TECH-1909B.jpg\",\"contentUrl\":\"https:\/\/abaa.mx\/tienda\/wp-content\/uploads\/2023\/10\/ARROW-TECH-1909B.jpg\",\"width\":800,\"height\":804,\"caption\":\"ARROW TECH-1909B\"},{\"@type\":\"BreadcrumbList\",\"@id\":\"https:\/\/abaa.mx\/tienda\/cargador-de-dosimetro-909b\/#breadcrumb\",\"itemListElement\":[{\"@type\":\"ListItem\",\"position\":1,\"name\":\"Inicio\",\"item\":\"https:\/\/abaa.mx\/tienda\/\"},{\"@type\":\"ListItem\",\"position\":2,\"name\":\"Tienda\",\"item\":\"https:\/\/abaa.mx\/tienda\/\"},{\"@type\":\"ListItem\",\"position\":3,\"name\":\"Cargador de dos\u00edmetro &#8211; 909B\"}]},{\"@type\":\"WebSite\",\"@id\":\"https:\/\/abaa.mx\/tienda\/#website\",\"url\":\"https:\/\/abaa.mx\/tienda\/\",\"name\":\"Abaa tienda online\",\"description\":\"Instrumentos de medici\u00f3n\",\"publisher\":{\"@id\":\"https:\/\/abaa.mx\/tienda\/#organization\"},\"potentialAction\":[{\"@type\":\"SearchAction\",\"target\":{\"@type\":\"EntryPoint\",\"urlTemplate\":\"https:\/\/abaa.mx\/tienda\/?s={search_term_string}\"},\"query-input\":{\"@type\":\"PropertyValueSpecification\",\"valueRequired\":true,\"valueName\":\"search_term_string\"}}],\"inLanguage\":\"es\"},{\"@type\":\"Organization\",\"@id\":\"https:\/\/abaa.mx\/tienda\/#organization\",\"name\":\"Abaa tienda online\",\"url\":\"https:\/\/abaa.mx\/tienda\/\",\"logo\":{\"@type\":\"ImageObject\",\"inLanguage\":\"es\",\"@id\":\"https:\/\/abaa.mx\/tienda\/#\/schema\/logo\/image\/\",\"url\":\"https:\/\/abaa.mx\/tienda\/wp-content\/uploads\/2024\/01\/abaa-metrologia-tienda.png\",\"contentUrl\":\"https:\/\/abaa.mx\/tienda\/wp-content\/uploads\/2024\/01\/abaa-metrologia-tienda.png\",\"width\":300,\"height\":141,\"caption\":\"Abaa tienda online\"},\"image\":{\"@id\":\"https:\/\/abaa.mx\/tienda\/#\/schema\/logo\/image\/\"}}]}<\/script>\n<!-- \/ Yoast SEO plugin. -->","yoast_head_json":{"title":"Cargador de dos\u00edmetro - 909B - Abaa tienda online","robots":{"index":"index","follow":"follow","max-snippet":"max-snippet:-1","max-image-preview":"max-image-preview:large","max-video-preview":"max-video-preview:-1"},"canonical":"https:\/\/abaa.mx\/tienda\/cargador-de-dosimetro-909b\/","og_locale":"es_MX","og_type":"article","og_title":"Cargador de dos\u00edmetro - 909B - Abaa tienda online","og_description":"Cargador de dos\u00edmetro modelo 909B La luz de lectura LED del cargador modelo 909B reduce el tiempo y el ah\u00ednco de puesta a cero al eliminar la necesidad de quitar el dos\u00edmetro del cargador para leer. Sencillamente vea la escala mientras el dos\u00edmetro descansa ligeramente sobre el contacto del cargador despu\u00e9s de volver a poner a cero. Leer en la misma orientaci\u00f3n que la carga tambi\u00e9n minimiza el efecto que el movimiento de fibra inducido por la gravedad tiene en la precisi\u00f3n y precisi\u00f3n del dos\u00edmetro. El contacto de carga del cargador modelo 909B est\u00e1 accionado por resorte y tiene una parada mec\u00e1nica positiva. Esta caracter\u00edstica de dise\u00f1o hace que sea pr\u00e1cticamente irrealizable da\u00f1ar los dos\u00edmetros mediante una fuerza de carga excesiva. Con la capacidad de cargar cualquier dos\u00edmetro de lectura directa Cumple con ANSI N42.6-1980 Marcha con 2 bater\u00edas \"AA\" de 1.5 V Tiene la aptitud de \"patear\" o remover toda la carga residual de los dos\u00edmetros apropiadamente , lo que evita el movimiento espurio de fibra de gran lujo Luz de lectura LED para aceptar una carga f\u00e1cil Carga est\u00e1tica residual eliminada para prosperar la precisi\u00f3n.","og_url":"https:\/\/abaa.mx\/tienda\/cargador-de-dosimetro-909b\/","og_site_name":"Abaa tienda online","article_modified_time":"2023-10-30T15:00:20+00:00","og_image":[{"width":800,"height":804,"url":"https:\/\/abaa.mx\/tienda\/wp-content\/uploads\/2023\/10\/ARROW-TECH-1909B.jpg","type":"image\/jpeg"}],"twitter_card":"summary_large_image","twitter_misc":{"Tiempo de lectura":"1 minuto"},"schema":{"@context":"https:\/\/schema.org","@graph":[{"@type":"WebPage","@id":"https:\/\/abaa.mx\/tienda\/cargador-de-dosimetro-909b\/","url":"https:\/\/abaa.mx\/tienda\/cargador-de-dosimetro-909b\/","name":"Cargador de dos\u00edmetro - 909B - Abaa tienda online","isPartOf":{"@id":"https:\/\/abaa.mx\/tienda\/#website"},"primaryImageOfPage":{"@id":"https:\/\/abaa.mx\/tienda\/cargador-de-dosimetro-909b\/#primaryimage"},"image":{"@id":"https:\/\/abaa.mx\/tienda\/cargador-de-dosimetro-909b\/#primaryimage"},"thumbnailUrl":"https:\/\/abaa.mx\/tienda\/wp-content\/uploads\/2023\/10\/ARROW-TECH-1909B.jpg","datePublished":"2023-10-30T15:00:19+00:00","dateModified":"2023-10-30T15:00:20+00:00","breadcrumb":{"@id":"https:\/\/abaa.mx\/tienda\/cargador-de-dosimetro-909b\/#breadcrumb"},"inLanguage":"es","potentialAction":[{"@type":"ReadAction","target":["https:\/\/abaa.mx\/tienda\/cargador-de-dosimetro-909b\/"]}]},{"@type":"ImageObject","inLanguage":"es","@id":"https:\/\/abaa.mx\/tienda\/cargador-de-dosimetro-909b\/#primaryimage","url":"https:\/\/abaa.mx\/tienda\/wp-content\/uploads\/2023\/10\/ARROW-TECH-1909B.jpg","contentUrl":"https:\/\/abaa.mx\/tienda\/wp-content\/uploads\/2023\/10\/ARROW-TECH-1909B.jpg","width":800,"height":804,"caption":"ARROW TECH-1909B"},{"@type":"BreadcrumbList","@id":"https:\/\/abaa.mx\/tienda\/cargador-de-dosimetro-909b\/#breadcrumb","itemListElement":[{"@type":"ListItem","position":1,"name":"Inicio","item":"https:\/\/abaa.mx\/tienda\/"},{"@type":"ListItem","position":2,"name":"Tienda","item":"https:\/\/abaa.mx\/tienda\/"},{"@type":"ListItem","position":3,"name":"Cargador de dos\u00edmetro &#8211; 909B"}]},{"@type":"WebSite","@id":"https:\/\/abaa.mx\/tienda\/#website","url":"https:\/\/abaa.mx\/tienda\/","name":"Abaa tienda online","description":"Instrumentos de medici\u00f3n","publisher":{"@id":"https:\/\/abaa.mx\/tienda\/#organization"},"potentialAction":[{"@type":"SearchAction","target":{"@type":"EntryPoint","urlTemplate":"https:\/\/abaa.mx\/tienda\/?s={search_term_string}"},"query-input":{"@type":"PropertyValueSpecification","valueRequired":true,"valueName":"search_term_string"}}],"inLanguage":"es"},{"@type":"Organization","@id":"https:\/\/abaa.mx\/tienda\/#organization","name":"Abaa tienda online","url":"https:\/\/abaa.mx\/tienda\/","logo":{"@type":"ImageObject","inLanguage":"es","@id":"https:\/\/abaa.mx\/tienda\/#\/schema\/logo\/image\/","url":"https:\/\/abaa.mx\/tienda\/wp-content\/uploads\/2024\/01\/abaa-metrologia-tienda.png","contentUrl":"https:\/\/abaa.mx\/tienda\/wp-content\/uploads\/2024\/01\/abaa-metrologia-tienda.png","width":300,"height":141,"caption":"Abaa tienda online"},"image":{"@id":"https:\/\/abaa.mx\/tienda\/#\/schema\/logo\/image\/"}}]}},"_links":{"self":[{"href":"https:\/\/abaa.mx\/tienda\/wp-json\/wp\/v2\/product\/8178","targetHints":{"allow":["GET"]}}],"collection":[{"href":"https:\/\/abaa.mx\/tienda\/wp-json\/wp\/v2\/product"}],"about":[{"href":"https:\/\/abaa.mx\/tienda\/wp-json\/wp\/v2\/types\/product"}],"replies":[{"embeddable":true,"href":"https:\/\/abaa.mx\/tienda\/wp-json\/wp\/v2\/comments?post=8178"}],"wp:featuredmedia":[{"embeddable":true,"href":"https:\/\/abaa.mx\/tienda\/wp-json\/wp\/v2\/media\/8184"}],"wp:attachment":[{"href":"https:\/\/abaa.mx\/tienda\/wp-json\/wp\/v2\/media?parent=8178"}],"wp:term":[{"taxonomy":"product_brand","embeddable":true,"href":"https:\/\/abaa.mx\/tienda\/wp-json\/wp\/v2\/product_brand?post=8178"},{"taxonomy":"product_cat","embeddable":true,"href":"https:\/\/abaa.mx\/tienda\/wp-json\/wp\/v2\/product_cat?post=8178"},{"taxonomy":"product_tag","embeddable":true,"href":"https:\/\/abaa.mx\/tienda\/wp-json\/wp\/v2\/product_tag?post=8178"}],"curies":[{"name":"wp","href":"https:\/\/api.w.org\/{rel}","templated":true}]}}