{"id":8176,"date":"2023-10-30T15:09:20","date_gmt":"2023-10-30T15:09:20","guid":{"rendered":"https:\/\/abaa.mx\/tienda\/?post_type=product&#038;p=8176"},"modified":"2023-10-30T15:09:20","modified_gmt":"2023-10-30T15:09:20","slug":"ti-2s-registrador-de-datos-de-temperatura-nfc","status":"publish","type":"product","link":"https:\/\/abaa.mx\/tienda\/ti-2s-registrador-de-datos-de-temperatura-nfc\/","title":{"rendered":"Ti-2s registrador de datos de temperatura nfc"},"content":{"rendered":"<p>TI-2S es una etiqueta de temperatura con 3800 puntos de memoria, utilizada principalmente en ciencias de la vida, agentes biol\u00f3gicos, alimentos de cadena de fr\u00edo, instrumentos de precisi\u00f3n y otros escenarios de aplicaci\u00f3n. El producto es delgado y peque\u00f1o, simple, confiable y f\u00e1cil de iniciar y detener. Es especialmente adecuado para los productos envasados \u200b\u200bm\u00e1s peque\u00f1os.<\/p>\n<p>Admite la lectura de datos clave durante el monitoreo a trav\u00e9s de terminales port\u00e1tiles, como tel\u00e9fonos m\u00f3viles con funciones NFC, y una bater\u00eda de larga duraci\u00f3n para garantizar la grabaci\u00f3n de datos durante todo el proceso de uso.<\/p>\n<h4 class=\"wp-block-heading\">Caracter\u00edsticas<\/h4>\n<ul>\n<li><strong>F\u00e1cil<\/strong>: Empiece y pare rompiendo la pegatina<\/li>\n<li><strong>R\u00e1pido<\/strong>: Transfiera r\u00e1pidamente y genere un informe de datos que incluya hasta 3800 lecturas registradas en la aplicaci\u00f3n gratuita de su dispositivo IOS \/ Android (tel\u00e9fono o tableta) usando NFC.<\/li>\n<li><strong>Port\u00e1til<\/strong>: Peque\u00f1o y liviano, conveniente para colocar en cualquier paquete.<\/li>\n<li><strong>Confiable<\/strong>: Bater\u00eda de 3 a\u00f1os de duraci\u00f3n, viene con un certificado de calibraci\u00f3n, proporciona un informe de datos preciso. (Env\u00edenos un correo electr\u00f3nico o un mensaje para obtener el certificado de calibraci\u00f3n).<\/li>\n<li><strong>Ampliamente utilizado<\/strong>: Confiado en el almacenamiento y transporte de ciencias de la vida y otras cadenas de fr\u00edo, como vacunas y medicamentos, alimentos y bebidas, instrumentos de precisi\u00f3n, etc.<br \/>\n<h4 class=\"wp-block-heading\">Especificaciones<\/h4>\n<\/li>\n<li>Rango de medici\u00f3n: -30 \u2103 ~ 60 \u2103 \/ -22 \u2109 ~ 140 \u2109<\/li>\n<li>Precisi\u00f3n: \u00b1 0.5 \u2103 (-20 \u2103 ~ 40 \u2103), \u00b1 1 \u2103 (otros)<\/li>\n<li>Intervalo de registro predeterminado: 1 hora<\/li>\n<li>Sensor: NTC incorporado<\/li>\n<li>Retraso de inicio: 1 min ~ 24 h<\/li>\n<li>Modo de inicio: comience rompiendo la etiqueta superior<\/li>\n<li>Modo de parada: det\u00e9ngase rompiendo la pegatina inferior<\/li>\n<li>Umbral de alarma: 1 l\u00edmite alto y 1 l\u00edmite bajo<\/li>\n<li>Tipo de alarma: \u00fanica, acumulativa<\/li>\n<li>Interfaz de datos: NFC (solo Android)<\/li>\n<li>Duraci\u00f3n de la bater\u00eda: 3 a\u00f1os.<\/li>\n<li>Vida \u00fatil: 4 a\u00f1os \/ bater\u00eda de litio CR2032<\/li>\n<li>Protecci\u00f3n: IP54<\/li>\n<li>Peso: 11g<\/li>\n<li>Dimensiones: 40 mm * 57 mm * 5,5 mm<\/li>\n<\/ul>\n<p>&nbsp;<\/p>\n","protected":false},"excerpt":{"rendered":"<p>TI-2S es una etiqueta de temperatura con 3800 puntos de memoria, utilizada principalmente en ciencias de la vida, agentes biol\u00f3gicos, alimentos de cadena de fr\u00edo, instrumentos de precisi\u00f3n y otros escenarios de aplicaci\u00f3n.<\/p>\n","protected":false},"featured_media":8189,"comment_status":"open","ping_status":"closed","template":"","meta":{"_joinchat":[]},"product_brand":[],"product_cat":[15],"product_tag":[],"class_list":{"0":"post-8176","1":"product","2":"type-product","3":"status-publish","4":"has-post-thumbnail","6":"product_cat-sin-categorizar","8":"first","9":"instock","10":"shipping-taxable","11":"product-type-simple"},"yoast_head":"<!-- This site is optimized with the Yoast SEO plugin v26.4 - https:\/\/yoast.com\/wordpress\/plugins\/seo\/ -->\n<title>Ti-2s registrador de datos de temperatura nfc - Abaa tienda online<\/title>\n<meta name=\"robots\" content=\"index, follow, max-snippet:-1, max-image-preview:large, max-video-preview:-1\" \/>\n<link rel=\"canonical\" href=\"https:\/\/abaa.mx\/tienda\/ti-2s-registrador-de-datos-de-temperatura-nfc\/\" \/>\n<meta property=\"og:locale\" content=\"es_MX\" \/>\n<meta property=\"og:type\" content=\"article\" \/>\n<meta property=\"og:title\" content=\"Ti-2s registrador de datos de temperatura nfc - Abaa tienda online\" \/>\n<meta property=\"og:description\" content=\"TI-2S es una etiqueta de temperatura con 3800 puntos de memoria, utilizada principalmente en ciencias de la vida, agentes biol\u00f3gicos, alimentos de cadena de fr\u00edo, instrumentos de precisi\u00f3n y otros escenarios de aplicaci\u00f3n.\" \/>\n<meta property=\"og:url\" content=\"https:\/\/abaa.mx\/tienda\/ti-2s-registrador-de-datos-de-temperatura-nfc\/\" \/>\n<meta property=\"og:site_name\" content=\"Abaa tienda online\" \/>\n<meta property=\"og:image\" content=\"https:\/\/abaa.mx\/tienda\/wp-content\/uploads\/2023\/10\/Elitech-TI-2S.jpg\" \/>\n\t<meta property=\"og:image:width\" content=\"500\" \/>\n\t<meta property=\"og:image:height\" content=\"500\" \/>\n\t<meta property=\"og:image:type\" content=\"image\/jpeg\" \/>\n<meta name=\"twitter:card\" content=\"summary_large_image\" \/>\n<meta name=\"twitter:label1\" content=\"Tiempo de lectura\" \/>\n\t<meta name=\"twitter:data1\" content=\"2 minutos\" \/>\n<script type=\"application\/ld+json\" class=\"yoast-schema-graph\">{\"@context\":\"https:\/\/schema.org\",\"@graph\":[{\"@type\":\"WebPage\",\"@id\":\"https:\/\/abaa.mx\/tienda\/ti-2s-registrador-de-datos-de-temperatura-nfc\/\",\"url\":\"https:\/\/abaa.mx\/tienda\/ti-2s-registrador-de-datos-de-temperatura-nfc\/\",\"name\":\"Ti-2s registrador de datos de temperatura nfc - Abaa tienda online\",\"isPartOf\":{\"@id\":\"https:\/\/abaa.mx\/tienda\/#website\"},\"primaryImageOfPage\":{\"@id\":\"https:\/\/abaa.mx\/tienda\/ti-2s-registrador-de-datos-de-temperatura-nfc\/#primaryimage\"},\"image\":{\"@id\":\"https:\/\/abaa.mx\/tienda\/ti-2s-registrador-de-datos-de-temperatura-nfc\/#primaryimage\"},\"thumbnailUrl\":\"https:\/\/abaa.mx\/tienda\/wp-content\/uploads\/2023\/10\/Elitech-TI-2S.jpg\",\"datePublished\":\"2023-10-30T15:09:20+00:00\",\"breadcrumb\":{\"@id\":\"https:\/\/abaa.mx\/tienda\/ti-2s-registrador-de-datos-de-temperatura-nfc\/#breadcrumb\"},\"inLanguage\":\"es\",\"potentialAction\":[{\"@type\":\"ReadAction\",\"target\":[\"https:\/\/abaa.mx\/tienda\/ti-2s-registrador-de-datos-de-temperatura-nfc\/\"]}]},{\"@type\":\"ImageObject\",\"inLanguage\":\"es\",\"@id\":\"https:\/\/abaa.mx\/tienda\/ti-2s-registrador-de-datos-de-temperatura-nfc\/#primaryimage\",\"url\":\"https:\/\/abaa.mx\/tienda\/wp-content\/uploads\/2023\/10\/Elitech-TI-2S.jpg\",\"contentUrl\":\"https:\/\/abaa.mx\/tienda\/wp-content\/uploads\/2023\/10\/Elitech-TI-2S.jpg\",\"width\":500,\"height\":500,\"caption\":\"Elitech TI-2S\"},{\"@type\":\"BreadcrumbList\",\"@id\":\"https:\/\/abaa.mx\/tienda\/ti-2s-registrador-de-datos-de-temperatura-nfc\/#breadcrumb\",\"itemListElement\":[{\"@type\":\"ListItem\",\"position\":1,\"name\":\"Inicio\",\"item\":\"https:\/\/abaa.mx\/tienda\/\"},{\"@type\":\"ListItem\",\"position\":2,\"name\":\"Tienda\",\"item\":\"https:\/\/abaa.mx\/tienda\/\"},{\"@type\":\"ListItem\",\"position\":3,\"name\":\"Ti-2s registrador de datos de temperatura nfc\"}]},{\"@type\":\"WebSite\",\"@id\":\"https:\/\/abaa.mx\/tienda\/#website\",\"url\":\"https:\/\/abaa.mx\/tienda\/\",\"name\":\"Abaa tienda online\",\"description\":\"Instrumentos de medici\u00f3n\",\"publisher\":{\"@id\":\"https:\/\/abaa.mx\/tienda\/#organization\"},\"potentialAction\":[{\"@type\":\"SearchAction\",\"target\":{\"@type\":\"EntryPoint\",\"urlTemplate\":\"https:\/\/abaa.mx\/tienda\/?s={search_term_string}\"},\"query-input\":{\"@type\":\"PropertyValueSpecification\",\"valueRequired\":true,\"valueName\":\"search_term_string\"}}],\"inLanguage\":\"es\"},{\"@type\":\"Organization\",\"@id\":\"https:\/\/abaa.mx\/tienda\/#organization\",\"name\":\"Abaa tienda online\",\"url\":\"https:\/\/abaa.mx\/tienda\/\",\"logo\":{\"@type\":\"ImageObject\",\"inLanguage\":\"es\",\"@id\":\"https:\/\/abaa.mx\/tienda\/#\/schema\/logo\/image\/\",\"url\":\"https:\/\/abaa.mx\/tienda\/wp-content\/uploads\/2024\/01\/abaa-metrologia-tienda.png\",\"contentUrl\":\"https:\/\/abaa.mx\/tienda\/wp-content\/uploads\/2024\/01\/abaa-metrologia-tienda.png\",\"width\":300,\"height\":141,\"caption\":\"Abaa tienda online\"},\"image\":{\"@id\":\"https:\/\/abaa.mx\/tienda\/#\/schema\/logo\/image\/\"}}]}<\/script>\n<!-- \/ Yoast SEO plugin. -->","yoast_head_json":{"title":"Ti-2s registrador de datos de temperatura nfc - Abaa tienda online","robots":{"index":"index","follow":"follow","max-snippet":"max-snippet:-1","max-image-preview":"max-image-preview:large","max-video-preview":"max-video-preview:-1"},"canonical":"https:\/\/abaa.mx\/tienda\/ti-2s-registrador-de-datos-de-temperatura-nfc\/","og_locale":"es_MX","og_type":"article","og_title":"Ti-2s registrador de datos de temperatura nfc - Abaa tienda online","og_description":"TI-2S es una etiqueta de temperatura con 3800 puntos de memoria, utilizada principalmente en ciencias de la vida, agentes biol\u00f3gicos, alimentos de cadena de fr\u00edo, instrumentos de precisi\u00f3n y otros escenarios de aplicaci\u00f3n.","og_url":"https:\/\/abaa.mx\/tienda\/ti-2s-registrador-de-datos-de-temperatura-nfc\/","og_site_name":"Abaa tienda online","og_image":[{"width":500,"height":500,"url":"https:\/\/abaa.mx\/tienda\/wp-content\/uploads\/2023\/10\/Elitech-TI-2S.jpg","type":"image\/jpeg"}],"twitter_card":"summary_large_image","twitter_misc":{"Tiempo de lectura":"2 minutos"},"schema":{"@context":"https:\/\/schema.org","@graph":[{"@type":"WebPage","@id":"https:\/\/abaa.mx\/tienda\/ti-2s-registrador-de-datos-de-temperatura-nfc\/","url":"https:\/\/abaa.mx\/tienda\/ti-2s-registrador-de-datos-de-temperatura-nfc\/","name":"Ti-2s registrador de datos de temperatura nfc - Abaa tienda online","isPartOf":{"@id":"https:\/\/abaa.mx\/tienda\/#website"},"primaryImageOfPage":{"@id":"https:\/\/abaa.mx\/tienda\/ti-2s-registrador-de-datos-de-temperatura-nfc\/#primaryimage"},"image":{"@id":"https:\/\/abaa.mx\/tienda\/ti-2s-registrador-de-datos-de-temperatura-nfc\/#primaryimage"},"thumbnailUrl":"https:\/\/abaa.mx\/tienda\/wp-content\/uploads\/2023\/10\/Elitech-TI-2S.jpg","datePublished":"2023-10-30T15:09:20+00:00","breadcrumb":{"@id":"https:\/\/abaa.mx\/tienda\/ti-2s-registrador-de-datos-de-temperatura-nfc\/#breadcrumb"},"inLanguage":"es","potentialAction":[{"@type":"ReadAction","target":["https:\/\/abaa.mx\/tienda\/ti-2s-registrador-de-datos-de-temperatura-nfc\/"]}]},{"@type":"ImageObject","inLanguage":"es","@id":"https:\/\/abaa.mx\/tienda\/ti-2s-registrador-de-datos-de-temperatura-nfc\/#primaryimage","url":"https:\/\/abaa.mx\/tienda\/wp-content\/uploads\/2023\/10\/Elitech-TI-2S.jpg","contentUrl":"https:\/\/abaa.mx\/tienda\/wp-content\/uploads\/2023\/10\/Elitech-TI-2S.jpg","width":500,"height":500,"caption":"Elitech TI-2S"},{"@type":"BreadcrumbList","@id":"https:\/\/abaa.mx\/tienda\/ti-2s-registrador-de-datos-de-temperatura-nfc\/#breadcrumb","itemListElement":[{"@type":"ListItem","position":1,"name":"Inicio","item":"https:\/\/abaa.mx\/tienda\/"},{"@type":"ListItem","position":2,"name":"Tienda","item":"https:\/\/abaa.mx\/tienda\/"},{"@type":"ListItem","position":3,"name":"Ti-2s registrador de datos de temperatura nfc"}]},{"@type":"WebSite","@id":"https:\/\/abaa.mx\/tienda\/#website","url":"https:\/\/abaa.mx\/tienda\/","name":"Abaa tienda online","description":"Instrumentos de medici\u00f3n","publisher":{"@id":"https:\/\/abaa.mx\/tienda\/#organization"},"potentialAction":[{"@type":"SearchAction","target":{"@type":"EntryPoint","urlTemplate":"https:\/\/abaa.mx\/tienda\/?s={search_term_string}"},"query-input":{"@type":"PropertyValueSpecification","valueRequired":true,"valueName":"search_term_string"}}],"inLanguage":"es"},{"@type":"Organization","@id":"https:\/\/abaa.mx\/tienda\/#organization","name":"Abaa tienda online","url":"https:\/\/abaa.mx\/tienda\/","logo":{"@type":"ImageObject","inLanguage":"es","@id":"https:\/\/abaa.mx\/tienda\/#\/schema\/logo\/image\/","url":"https:\/\/abaa.mx\/tienda\/wp-content\/uploads\/2024\/01\/abaa-metrologia-tienda.png","contentUrl":"https:\/\/abaa.mx\/tienda\/wp-content\/uploads\/2024\/01\/abaa-metrologia-tienda.png","width":300,"height":141,"caption":"Abaa tienda online"},"image":{"@id":"https:\/\/abaa.mx\/tienda\/#\/schema\/logo\/image\/"}}]}},"_links":{"self":[{"href":"https:\/\/abaa.mx\/tienda\/wp-json\/wp\/v2\/product\/8176","targetHints":{"allow":["GET"]}}],"collection":[{"href":"https:\/\/abaa.mx\/tienda\/wp-json\/wp\/v2\/product"}],"about":[{"href":"https:\/\/abaa.mx\/tienda\/wp-json\/wp\/v2\/types\/product"}],"replies":[{"embeddable":true,"href":"https:\/\/abaa.mx\/tienda\/wp-json\/wp\/v2\/comments?post=8176"}],"wp:featuredmedia":[{"embeddable":true,"href":"https:\/\/abaa.mx\/tienda\/wp-json\/wp\/v2\/media\/8189"}],"wp:attachment":[{"href":"https:\/\/abaa.mx\/tienda\/wp-json\/wp\/v2\/media?parent=8176"}],"wp:term":[{"taxonomy":"product_brand","embeddable":true,"href":"https:\/\/abaa.mx\/tienda\/wp-json\/wp\/v2\/product_brand?post=8176"},{"taxonomy":"product_cat","embeddable":true,"href":"https:\/\/abaa.mx\/tienda\/wp-json\/wp\/v2\/product_cat?post=8176"},{"taxonomy":"product_tag","embeddable":true,"href":"https:\/\/abaa.mx\/tienda\/wp-json\/wp\/v2\/product_tag?post=8176"}],"curies":[{"name":"wp","href":"https:\/\/api.w.org\/{rel}","templated":true}]}}