{"id":8167,"date":"2023-10-30T14:47:13","date_gmt":"2023-10-30T14:47:13","guid":{"rendered":"https:\/\/abaa.mx\/tienda\/?post_type=product&#038;p=8167"},"modified":"2023-10-30T14:48:29","modified_gmt":"2023-10-30T14:48:29","slug":"distanciometro-disto-d-810","status":"publish","type":"product","link":"https:\/\/abaa.mx\/tienda\/distanciometro-disto-d-810\/","title":{"rendered":"Distanci\u00f3metro Disto D-810"},"content":{"rendered":"<p>Distanci\u00f3metro Disto D-810<\/p>\n","protected":false},"excerpt":{"rendered":"<p>El distanci\u00f3metro Leica modelo LE-D810N es el primer distanci\u00f3metro del mundo con pantalla t\u00e1ctil, para un manejo incre\u00edblemente simple e deducible. Otra revolucionaria caracter\u00edstica que proporciona es que deja medir sobre una imagen. Merced a su c\u00e1mara integrada es posible conseguir fotos y descargarlas en un ordenador a trav\u00e9s de una interfaz USB. Su alto nivel de funcionalidad es de manera perfecta coincidente con la capaz app gratis Leica DISTO sketch. Peculiaridades principales : Pantalla t\u00e1ctil, Visor digital con zoom 4x y c\u00e1mara de visi\u00f3n general, C\u00e1mara de fotograf\u00edas con plataforma de trabajo USB para descarga, Medici\u00f3n sobre fotograf\u00edas, Inclin\u00f3metro de 360\u00b0 de alta precisi\u00f3n, Smart Horizontal Mode, Rastreo de alturas, Bluetooth Smart.<\/p>\n","protected":false},"featured_media":8175,"comment_status":"open","ping_status":"closed","template":"","meta":{"_joinchat":[]},"product_brand":[],"product_cat":[93],"product_tag":[],"class_list":{"0":"post-8167","1":"product","2":"type-product","3":"status-publish","4":"has-post-thumbnail","6":"product_cat-distanciometros","8":"first","9":"instock","10":"shipping-taxable","11":"product-type-simple"},"yoast_head":"<!-- This site is optimized with the Yoast SEO plugin v26.4 - https:\/\/yoast.com\/wordpress\/plugins\/seo\/ -->\n<title>Distanci\u00f3metro Disto D-810 - Abaa tienda online<\/title>\n<meta name=\"robots\" content=\"index, follow, max-snippet:-1, max-image-preview:large, max-video-preview:-1\" \/>\n<link rel=\"canonical\" href=\"https:\/\/abaa.mx\/tienda\/distanciometro-disto-d-810\/\" \/>\n<meta property=\"og:locale\" content=\"es_MX\" \/>\n<meta property=\"og:type\" content=\"article\" \/>\n<meta property=\"og:title\" content=\"Distanci\u00f3metro Disto D-810 - Abaa tienda online\" \/>\n<meta property=\"og:description\" content=\"El distanci\u00f3metro Leica modelo LE-D810N es el primer distanci\u00f3metro del mundo con pantalla t\u00e1ctil, para un manejo incre\u00edblemente simple e deducible. Otra revolucionaria caracter\u00edstica que proporciona es que deja medir sobre una imagen. Merced a su c\u00e1mara integrada es posible conseguir fotos y descargarlas en un ordenador a trav\u00e9s de una interfaz USB. Su alto nivel de funcionalidad es de manera perfecta coincidente con la capaz app gratis Leica DISTO sketch. Peculiaridades principales : Pantalla t\u00e1ctil, Visor digital con zoom 4x y c\u00e1mara de visi\u00f3n general, C\u00e1mara de fotograf\u00edas con plataforma de trabajo USB para descarga, Medici\u00f3n sobre fotograf\u00edas, Inclin\u00f3metro de 360\u00b0 de alta precisi\u00f3n, Smart Horizontal Mode, Rastreo de alturas, Bluetooth Smart.\" \/>\n<meta property=\"og:url\" content=\"https:\/\/abaa.mx\/tienda\/distanciometro-disto-d-810\/\" \/>\n<meta property=\"og:site_name\" content=\"Abaa tienda online\" \/>\n<meta property=\"article:modified_time\" content=\"2023-10-30T14:48:29+00:00\" \/>\n<meta property=\"og:image\" content=\"https:\/\/abaa.mx\/tienda\/wp-content\/uploads\/2023\/10\/LEICA-D-810.jpg\" \/>\n\t<meta property=\"og:image:width\" content=\"1060\" \/>\n\t<meta property=\"og:image:height\" content=\"700\" \/>\n\t<meta property=\"og:image:type\" content=\"image\/jpeg\" \/>\n<meta name=\"twitter:card\" content=\"summary_large_image\" \/>\n<meta name=\"twitter:label1\" content=\"Tiempo de lectura\" \/>\n\t<meta name=\"twitter:data1\" content=\"1 minuto\" \/>\n<script type=\"application\/ld+json\" class=\"yoast-schema-graph\">{\"@context\":\"https:\/\/schema.org\",\"@graph\":[{\"@type\":\"WebPage\",\"@id\":\"https:\/\/abaa.mx\/tienda\/distanciometro-disto-d-810\/\",\"url\":\"https:\/\/abaa.mx\/tienda\/distanciometro-disto-d-810\/\",\"name\":\"Distanci\u00f3metro Disto D-810 - Abaa tienda online\",\"isPartOf\":{\"@id\":\"https:\/\/abaa.mx\/tienda\/#website\"},\"primaryImageOfPage\":{\"@id\":\"https:\/\/abaa.mx\/tienda\/distanciometro-disto-d-810\/#primaryimage\"},\"image\":{\"@id\":\"https:\/\/abaa.mx\/tienda\/distanciometro-disto-d-810\/#primaryimage\"},\"thumbnailUrl\":\"https:\/\/abaa.mx\/tienda\/wp-content\/uploads\/2023\/10\/LEICA-D-810.jpg\",\"datePublished\":\"2023-10-30T14:47:13+00:00\",\"dateModified\":\"2023-10-30T14:48:29+00:00\",\"breadcrumb\":{\"@id\":\"https:\/\/abaa.mx\/tienda\/distanciometro-disto-d-810\/#breadcrumb\"},\"inLanguage\":\"es\",\"potentialAction\":[{\"@type\":\"ReadAction\",\"target\":[\"https:\/\/abaa.mx\/tienda\/distanciometro-disto-d-810\/\"]}]},{\"@type\":\"ImageObject\",\"inLanguage\":\"es\",\"@id\":\"https:\/\/abaa.mx\/tienda\/distanciometro-disto-d-810\/#primaryimage\",\"url\":\"https:\/\/abaa.mx\/tienda\/wp-content\/uploads\/2023\/10\/LEICA-D-810.jpg\",\"contentUrl\":\"https:\/\/abaa.mx\/tienda\/wp-content\/uploads\/2023\/10\/LEICA-D-810.jpg\",\"width\":1060,\"height\":700,\"caption\":\"LEICA-D-810\"},{\"@type\":\"BreadcrumbList\",\"@id\":\"https:\/\/abaa.mx\/tienda\/distanciometro-disto-d-810\/#breadcrumb\",\"itemListElement\":[{\"@type\":\"ListItem\",\"position\":1,\"name\":\"Inicio\",\"item\":\"https:\/\/abaa.mx\/tienda\/\"},{\"@type\":\"ListItem\",\"position\":2,\"name\":\"Tienda\",\"item\":\"https:\/\/abaa.mx\/tienda\/\"},{\"@type\":\"ListItem\",\"position\":3,\"name\":\"Distanci\u00f3metro Disto D-810\"}]},{\"@type\":\"WebSite\",\"@id\":\"https:\/\/abaa.mx\/tienda\/#website\",\"url\":\"https:\/\/abaa.mx\/tienda\/\",\"name\":\"Abaa tienda online\",\"description\":\"Instrumentos de medici\u00f3n\",\"publisher\":{\"@id\":\"https:\/\/abaa.mx\/tienda\/#organization\"},\"potentialAction\":[{\"@type\":\"SearchAction\",\"target\":{\"@type\":\"EntryPoint\",\"urlTemplate\":\"https:\/\/abaa.mx\/tienda\/?s={search_term_string}\"},\"query-input\":{\"@type\":\"PropertyValueSpecification\",\"valueRequired\":true,\"valueName\":\"search_term_string\"}}],\"inLanguage\":\"es\"},{\"@type\":\"Organization\",\"@id\":\"https:\/\/abaa.mx\/tienda\/#organization\",\"name\":\"Abaa tienda online\",\"url\":\"https:\/\/abaa.mx\/tienda\/\",\"logo\":{\"@type\":\"ImageObject\",\"inLanguage\":\"es\",\"@id\":\"https:\/\/abaa.mx\/tienda\/#\/schema\/logo\/image\/\",\"url\":\"https:\/\/abaa.mx\/tienda\/wp-content\/uploads\/2024\/01\/abaa-metrologia-tienda.png\",\"contentUrl\":\"https:\/\/abaa.mx\/tienda\/wp-content\/uploads\/2024\/01\/abaa-metrologia-tienda.png\",\"width\":300,\"height\":141,\"caption\":\"Abaa tienda online\"},\"image\":{\"@id\":\"https:\/\/abaa.mx\/tienda\/#\/schema\/logo\/image\/\"}}]}<\/script>\n<!-- \/ Yoast SEO plugin. -->","yoast_head_json":{"title":"Distanci\u00f3metro Disto D-810 - Abaa tienda online","robots":{"index":"index","follow":"follow","max-snippet":"max-snippet:-1","max-image-preview":"max-image-preview:large","max-video-preview":"max-video-preview:-1"},"canonical":"https:\/\/abaa.mx\/tienda\/distanciometro-disto-d-810\/","og_locale":"es_MX","og_type":"article","og_title":"Distanci\u00f3metro Disto D-810 - Abaa tienda online","og_description":"El distanci\u00f3metro Leica modelo LE-D810N es el primer distanci\u00f3metro del mundo con pantalla t\u00e1ctil, para un manejo incre\u00edblemente simple e deducible. Otra revolucionaria caracter\u00edstica que proporciona es que deja medir sobre una imagen. Merced a su c\u00e1mara integrada es posible conseguir fotos y descargarlas en un ordenador a trav\u00e9s de una interfaz USB. Su alto nivel de funcionalidad es de manera perfecta coincidente con la capaz app gratis Leica DISTO sketch. Peculiaridades principales : Pantalla t\u00e1ctil, Visor digital con zoom 4x y c\u00e1mara de visi\u00f3n general, C\u00e1mara de fotograf\u00edas con plataforma de trabajo USB para descarga, Medici\u00f3n sobre fotograf\u00edas, Inclin\u00f3metro de 360\u00b0 de alta precisi\u00f3n, Smart Horizontal Mode, Rastreo de alturas, Bluetooth Smart.","og_url":"https:\/\/abaa.mx\/tienda\/distanciometro-disto-d-810\/","og_site_name":"Abaa tienda online","article_modified_time":"2023-10-30T14:48:29+00:00","og_image":[{"width":1060,"height":700,"url":"https:\/\/abaa.mx\/tienda\/wp-content\/uploads\/2023\/10\/LEICA-D-810.jpg","type":"image\/jpeg"}],"twitter_card":"summary_large_image","twitter_misc":{"Tiempo de lectura":"1 minuto"},"schema":{"@context":"https:\/\/schema.org","@graph":[{"@type":"WebPage","@id":"https:\/\/abaa.mx\/tienda\/distanciometro-disto-d-810\/","url":"https:\/\/abaa.mx\/tienda\/distanciometro-disto-d-810\/","name":"Distanci\u00f3metro Disto D-810 - Abaa tienda online","isPartOf":{"@id":"https:\/\/abaa.mx\/tienda\/#website"},"primaryImageOfPage":{"@id":"https:\/\/abaa.mx\/tienda\/distanciometro-disto-d-810\/#primaryimage"},"image":{"@id":"https:\/\/abaa.mx\/tienda\/distanciometro-disto-d-810\/#primaryimage"},"thumbnailUrl":"https:\/\/abaa.mx\/tienda\/wp-content\/uploads\/2023\/10\/LEICA-D-810.jpg","datePublished":"2023-10-30T14:47:13+00:00","dateModified":"2023-10-30T14:48:29+00:00","breadcrumb":{"@id":"https:\/\/abaa.mx\/tienda\/distanciometro-disto-d-810\/#breadcrumb"},"inLanguage":"es","potentialAction":[{"@type":"ReadAction","target":["https:\/\/abaa.mx\/tienda\/distanciometro-disto-d-810\/"]}]},{"@type":"ImageObject","inLanguage":"es","@id":"https:\/\/abaa.mx\/tienda\/distanciometro-disto-d-810\/#primaryimage","url":"https:\/\/abaa.mx\/tienda\/wp-content\/uploads\/2023\/10\/LEICA-D-810.jpg","contentUrl":"https:\/\/abaa.mx\/tienda\/wp-content\/uploads\/2023\/10\/LEICA-D-810.jpg","width":1060,"height":700,"caption":"LEICA-D-810"},{"@type":"BreadcrumbList","@id":"https:\/\/abaa.mx\/tienda\/distanciometro-disto-d-810\/#breadcrumb","itemListElement":[{"@type":"ListItem","position":1,"name":"Inicio","item":"https:\/\/abaa.mx\/tienda\/"},{"@type":"ListItem","position":2,"name":"Tienda","item":"https:\/\/abaa.mx\/tienda\/"},{"@type":"ListItem","position":3,"name":"Distanci\u00f3metro Disto D-810"}]},{"@type":"WebSite","@id":"https:\/\/abaa.mx\/tienda\/#website","url":"https:\/\/abaa.mx\/tienda\/","name":"Abaa tienda online","description":"Instrumentos de medici\u00f3n","publisher":{"@id":"https:\/\/abaa.mx\/tienda\/#organization"},"potentialAction":[{"@type":"SearchAction","target":{"@type":"EntryPoint","urlTemplate":"https:\/\/abaa.mx\/tienda\/?s={search_term_string}"},"query-input":{"@type":"PropertyValueSpecification","valueRequired":true,"valueName":"search_term_string"}}],"inLanguage":"es"},{"@type":"Organization","@id":"https:\/\/abaa.mx\/tienda\/#organization","name":"Abaa tienda online","url":"https:\/\/abaa.mx\/tienda\/","logo":{"@type":"ImageObject","inLanguage":"es","@id":"https:\/\/abaa.mx\/tienda\/#\/schema\/logo\/image\/","url":"https:\/\/abaa.mx\/tienda\/wp-content\/uploads\/2024\/01\/abaa-metrologia-tienda.png","contentUrl":"https:\/\/abaa.mx\/tienda\/wp-content\/uploads\/2024\/01\/abaa-metrologia-tienda.png","width":300,"height":141,"caption":"Abaa tienda online"},"image":{"@id":"https:\/\/abaa.mx\/tienda\/#\/schema\/logo\/image\/"}}]}},"_links":{"self":[{"href":"https:\/\/abaa.mx\/tienda\/wp-json\/wp\/v2\/product\/8167","targetHints":{"allow":["GET"]}}],"collection":[{"href":"https:\/\/abaa.mx\/tienda\/wp-json\/wp\/v2\/product"}],"about":[{"href":"https:\/\/abaa.mx\/tienda\/wp-json\/wp\/v2\/types\/product"}],"replies":[{"embeddable":true,"href":"https:\/\/abaa.mx\/tienda\/wp-json\/wp\/v2\/comments?post=8167"}],"wp:featuredmedia":[{"embeddable":true,"href":"https:\/\/abaa.mx\/tienda\/wp-json\/wp\/v2\/media\/8175"}],"wp:attachment":[{"href":"https:\/\/abaa.mx\/tienda\/wp-json\/wp\/v2\/media?parent=8167"}],"wp:term":[{"taxonomy":"product_brand","embeddable":true,"href":"https:\/\/abaa.mx\/tienda\/wp-json\/wp\/v2\/product_brand?post=8167"},{"taxonomy":"product_cat","embeddable":true,"href":"https:\/\/abaa.mx\/tienda\/wp-json\/wp\/v2\/product_cat?post=8167"},{"taxonomy":"product_tag","embeddable":true,"href":"https:\/\/abaa.mx\/tienda\/wp-json\/wp\/v2\/product_tag?post=8167"}],"curies":[{"name":"wp","href":"https:\/\/api.w.org\/{rel}","templated":true}]}}